{"id":10823,"date":"2024-09-10T20:47:35","date_gmt":"2024-09-10T23:47:35","guid":{"rendered":"https:\/\/humanas.unsl.edu.ar\/?page_id=10823"},"modified":"2024-09-16T20:50:51","modified_gmt":"2024-09-16T23:50:51","slug":"redestrado-programa","status":"publish","type":"page","link":"https:\/\/humanas.unsl.edu.ar\/index.php\/inicio\/redestrado\/redestrado-programa\/","title":{"rendered":"redestrado-programa"},"content":{"rendered":"\n<figure class=\"wp-block-image size-full\"><img decoding=\"async\" loading=\"lazy\" width=\"1343\" height=\"400\" src=\"https:\/\/humanas.unsl.edu.ar\/wp-content\/uploads\/2024\/06\/banner_estrado_web.png\" alt=\"\" class=\"wp-image-9819\" srcset=\"https:\/\/humanas.unsl.edu.ar\/wp-content\/uploads\/2024\/06\/banner_estrado_web.png 1343w, https:\/\/humanas.unsl.edu.ar\/wp-content\/uploads\/2024\/06\/banner_estrado_web-300x89.png 300w, https:\/\/humanas.unsl.edu.ar\/wp-content\/uploads\/2024\/06\/banner_estrado_web-1024x305.png 1024w, https:\/\/humanas.unsl.edu.ar\/wp-content\/uploads\/2024\/06\/banner_estrado_web-768x229.png 768w\" sizes=\"(max-width: 1343px) 100vw, 1343px\" \/><\/figure>\n\n\n\n<hr class=\"wp-block-separator has-text-color has-luminous-vivid-orange-color has-alpha-channel-opacity has-luminous-vivid-orange-background-color has-background is-style-wide\"\/>\n\n\n\n<h4 class=\"has-white-color has-luminous-vivid-orange-background-color has-text-color has-background\"><strong>Programa<\/strong><\/h4>\n\n\n\n<div class=\"is-layout-flex wp-container-5 wp-block-columns alignwide\" style=\"border-style:none;border-width:0px;padding-top:var(--wp--preset--spacing--20);padding-right:var(--wp--preset--spacing--20);padding-bottom:var(--wp--preset--spacing--20);padding-left:var(--wp--preset--spacing--20)\">\n<div class=\"is-content-justification-center is-layout-constrained wp-container-1 wp-block-column has-ast-global-color-5-background-color has-background\" style=\"border-style:none;border-width:0px;flex-basis:90%\">\n<div style=\"height:47px\" aria-hidden=\"true\" class=\"wp-block-spacer\"><\/div>\n\n\n\n<h2 class=\"wp-elements-a8ca5b63f29429c82f5dd06c3726988e has-white-color has-luminous-vivid-amber-background-color has-text-color has-background has-link-color\" style=\"font-size:18px\"><strong>Programa sint\u00e9tico.<\/strong>    <strong><a href=\"https:\/\/humanas.unsl.edu.ar\/wp-content\/uploads\/2024\/09\/programa_redestrado_2024.pdf\" data-type=\"attachment\" data-id=\"10821\">Ver\/Descargar en formato pdf.<\/a><\/strong><\/h2>\n\n\n\n<p><\/p>\n\n\n\n<h2 class=\"has-text-align-center has-luminous-vivid-orange-background-color has-background has-medium-font-size\"><strong><strong>D\u00eda 1 &#8211; Jueves 26<\/strong><\/strong><\/h2>\n\n\n\n<p><\/p>\n\n\n\n<figure class=\"wp-block-table\" style=\"font-size:15px\"><table><tbody><tr><td class=\"has-text-align-center\" data-align=\"center\"><strong>8.00 a<\/strong> <strong>8.30 hs<\/strong><\/td><td><strong>Acreditaciones<\/strong><\/td><\/tr><tr><td class=\"has-text-align-center\" data-align=\"center\"><strong>8.30 a<\/strong> <strong>9.00 hs<\/strong><\/td><td><strong>Palabras de apertura: <\/strong>Autoridades de la UNSL y del IFDC-SL<br><strong>Saludo de bienvenida: <\/strong>Coordinaci\u00f3n Nacional de Red Estrado-Argentina.<br><strong>Lugar: <\/strong>Auditorio Mauricio Am\u00edlcar L\u00f3pez (UNSL)<\/td><\/tr><tr><td class=\"has-text-align-center\" data-align=\"center\"><strong>9.00 a<\/strong> <strong>11.00 hs<\/strong><\/td><td><strong>Panel de apertura:<\/strong> <strong><em>Pol\u00edticas educativas, financiamiento y privatizaci\u00f3n de la educaci\u00f3n p\u00fablica <\/em><\/strong>Beatriz Gentile (UNComa)\/ Viviana Reta (UNSL) \/ Myriam Feldfeber (UBA)\/ Alejandra Birgin (UNIPE-UBA)<br><strong>Coordina: <\/strong>Marcela Dom\u00ednguez (UNLPam)<br><strong>Lugar: <\/strong>Auditorio Mauricio Am\u00edlcar L\u00f3pez (UNSL)<\/td><\/tr><tr><td class=\"has-text-align-center\" data-align=\"center\"><strong>11.00 a<\/strong> <strong>13.00 hs<\/strong><\/td><td><strong>Presentaci\u00f3n: <\/strong>Coordinaci\u00f3n Nacional de la Red Estrado-Argentina <br>Ma. E. Mart\u00ednez (UNLP) \/ Ma. Gracia Benedetti (UADER) <br><strong>Proyecci\u00f3n de videos: <\/strong>Historia de Red ESTRADO y Acerca del Puntanazo y la lucha docente. Deolidia Mart\u00ednez; Sofia Thisted (Coordinadora Red Estrado Am\u00e9rica Latina) y Clotilde De Pauw (UNSL)<br><strong>Presentaci\u00f3n art\u00edstica <\/strong>a cargo de Ensamble de Voces- UNSL y IFDC.<br><strong>Lugar: <\/strong>Auditorio Mauricio Am\u00edlcar L\u00f3pez (UNSL)<\/td><\/tr><tr><td class=\"has-text-align-center\" data-align=\"center\"><strong>13.00 a<\/strong> <strong>14.00 hs<\/strong><\/td><td>&nbsp; <strong>Al<\/strong><strong>m<\/strong><strong>ue<\/strong><strong>rz<\/strong><strong>o<\/strong><\/td><\/tr><\/tbody><\/table><\/figure>\n\n\n\n<figure class=\"wp-block-table\" style=\"font-size:15px\"><table><tbody><tr><td class=\"has-text-align-center\" data-align=\"center\">&nbsp;<\/td><td class=\"has-text-align-left\" data-align=\"left\"><strong>Muestra fotogr\u00e1fica permanente<\/strong>: <em>\u201cA veinte a\u00f1os de la lucha docente en San Luis:<\/em> <em>dignidad y resistencia\u201d<\/em> Lissy &nbsp;Rodr\u00edguez &nbsp;Vargas\/ &nbsp;Daniel &nbsp;Zanetti (Curadores) &nbsp;Dar\u00edo &nbsp;Ar\u00edstides &nbsp;Molina (Optimizaci\u00f3n fotogr\u00e1fica) Itati Arce \/ Ana Laura Cesar (Trabajo de archivo)<br><strong>Lugar: <\/strong>IV BLOQUE FCH-UNSL<\/td><\/tr><tr><td class=\"has-text-align-center\" data-align=\"center\"><strong>14.00 a<\/strong> <strong>16.00 hs<\/strong><\/td><td class=\"has-text-align-left\" data-align=\"left\"><strong>Mesas de trabajo simult\u00e1neas. <a href=\"https:\/\/humanas.unsl.edu.ar\/wp-content\/uploads\/2024\/09\/programa_mesas_trabajo_2024.pdf\" data-type=\"attachment\" data-id=\"10841\">Ver programaci\u00f3n&#8230; <\/a><br>Lugar: Aulas del IV Bloque UNSL<br>Foros de debate simult\u00e1neos<\/strong><\/td><\/tr><tr><td class=\"has-text-align-center\" data-align=\"center\"><\/td><td class=\"has-text-align-left\" data-align=\"left\"><em><strong>El trabajo y la formaci\u00f3n docente ante el avance de la extrema derecha en Argentina<\/strong><\/em><br><strong>Coordinan: <\/strong>Fernanda Saforcada (UBA\/UNO) \/ Mara Campanella (UNSL) \/ Ana Laura C\u00e9sar (IFDC) <strong>Lugar: <\/strong>Aula 41 &#8211; 1\u00b0B UNSL<\/td><\/tr><tr><td class=\"has-text-align-center\" data-align=\"center\"><\/td><td class=\"has-text-align-left\" data-align=\"left\"><em><strong>Interculturalidad y perspectiva de g\u00e9nero en la formaci\u00f3n y trabajo docente<\/strong><\/em><br><strong>Coordinan<\/strong>: Guadalupe Molina (UNC) \/ Itati Arce (UNSL)\/ Fabiana Barroso (IFDC) <strong>Lugar: <\/strong>Aula 1 &#8211; IV Bloque UNSL<\/td><\/tr><tr><td class=\"has-text-align-center\" data-align=\"center\"><\/td><td class=\"has-text-align-left\" data-align=\"left\"><em>T<strong>rabajo docente en contextos y modalidades diversas: ruralidad, encierro, personas con discapacidad, j\u00f3venes y adultas.<\/strong><\/em> <br><strong>Coordinan<\/strong>: Alicia Villa (UNLP) \/Marcelo Romero (UNSL) \/Alicia Mattus (Directora de Esc. N\u00b0 277 Crucero General Belgrano) \/ M\u00f3nica Quiroga (Directora de Esc. N\u00b0 165 Min. Juli\u00e1n Barroso Rodr\u00edguez)<br><strong>Lugar: <\/strong>Aula 29 &#8211; IV Bloque UNSL<\/td><\/tr><tr><td class=\"has-text-align-center\" data-align=\"center\">1<strong>6.00 a<\/strong> <strong>18.00 hs<\/strong><\/td><td class=\"has-text-align-left\" data-align=\"left\"><strong>Panel<\/strong>: <strong><em>Reconfiguraciones de la formaci\u00f3n y el trabajo docente entre pandemia y postpandemia<\/em><\/strong><br>Silvia Barco (UNComa)\/ Sofia Thisted (UBA-UNLP) \/ Alejandro Vassiliades (UBA) \/ Claudia Bracchi (UNLP)<br><strong>Coordina<\/strong>: Vanesa L\u00f3pez (UNC)<br><strong>Lugar: <\/strong>Auditorio Mauricio Am\u00edlcar L\u00f3pez (UNSL)<\/td><\/tr><\/tbody><\/table><\/figure>\n\n\n\n<figure class=\"wp-block-table\" style=\"font-size:15px\"><table><tbody><tr><td class=\"has-text-align-center\" data-align=\"center\">1<strong>6.00 a<\/strong> <strong>18.00 hs<\/strong><\/td><td><strong>Presentaci\u00f3n de libros<\/strong><br><br><strong><em>\u00a1No dejamos de ense\u00f1ar, ense\u00f1amos a luchar! Historia de la CTERA II (1973- 1988)<\/em> <\/strong><br>Juan Balduzzi (coord.); Mar\u00eda D. Abal Medina (co-coord.) y Susana Ludmer &nbsp;<br><br><em><strong>Desigualdades, derechos y educaci\u00f3n superior. Saberes, experiencias y luchas en tiempos de capitalismo pand\u00e9mico<\/strong><\/em> <br>Ma. del Rosario Badano;  Elba V. Cruz y Guadalupe Godoy (comp.)<br><br><em><strong>\u00a1AFUERA! El lugar de la educaci\u00f3n y la ciencia en el anarcocapitalismo<\/strong><\/em><br>Daniel Filmus (coord.)<br><br><strong>Coordina<\/strong>: H\u00e9ctor Gonz\u00e1lez <br><br><strong>Lugar: <\/strong>Aula 34- IV Bloque UNSL<\/td><\/tr><tr><td class=\"has-text-align-center\" data-align=\"center\"><\/td><td><strong>Arte y educaci\u00f3n<\/strong> <br><em>\u201cProducci\u00f3n de un Mural colectivo por la educaci\u00f3n p\u00fablica\u201d<\/em> <br><strong>Lugar: <\/strong>IV Bloque FCH. UNSL<\/td><\/tr><tr><td class=\"has-text-align-center\" data-align=\"center\"><strong>18.00 a<\/strong> <strong>18.30 hs<\/strong><\/td><td><strong>Pausa caf\u00e9 (Hall del Auditorio Mauricio L\u00f3pez)<\/strong><\/td><\/tr><tr><td class=\"has-text-align-center\" data-align=\"center\"><strong>18.30 a<\/strong> <strong>20.30 hs<\/strong><\/td><td><strong>Panel<\/strong> <strong><em>La educaci\u00f3n como derecho: historias de lucha y contexto actual<\/em><\/strong> <br>Dora Mougthi (Docente Jubilada San Luis) \/ Miguel Duhalde (CTERA) \/ Yamile Socolovsky (CONADU) \/ Francisca Staiti (CONADUH)<br><strong>Coordina<\/strong>: Ma. E. Mart\u00ednez (UNLP)<br><strong>Lugar: <\/strong>Auditorio Mauricio Am\u00edlcar L\u00f3pez (UNSL)<\/td><\/tr><tr><td class=\"has-text-align-center\" data-align=\"center\">2<strong>1.00 hs<\/strong><\/td><td><strong>Noche cultural<\/strong><br>Entrada: un alimento no perecedero<br><strong>Lugar: <\/strong>Comedor Universitario (Rivadavia 1029)<\/td><\/tr><\/tbody><\/table><\/figure>\n\n\n\n<p><\/p>\n\n\n\n<h2 class=\"has-text-align-center has-luminous-vivid-orange-background-color has-background has-medium-font-size\"><strong><strong>D\u00eda 2 &#8211; Viernes 27<\/strong><\/strong><\/h2>\n\n\n\n<p><\/p>\n\n\n\n<figure class=\"wp-block-table\" style=\"font-size:15px\"><table><tbody><tr><td class=\"has-text-align-center\" data-align=\"center\"><strong>8.00 a<\/strong> <strong>8.30 hs<\/strong><\/td><td><strong>Acreditaciones<\/strong><\/td><\/tr><tr><td class=\"has-text-align-center\" data-align=\"center\"><strong>8.30 a<\/strong> <strong>10.30 hs<\/strong><\/td><td><strong>Panel<\/strong>: <strong><em>Los procesos de construcci\u00f3n del conocimiento y transmisi\u00f3n de las memorias en la educaci\u00f3n<\/em><\/strong> <br>Teresa Artieda (UNNE) \/ Virginia Pisarello (UADER) \/ Mirta Castedo (UNLP) \/ Deborah Saienz (UNT)<br><strong>Coordina: <\/strong>Rosario Badano (UADER)<br><strong>Lugar: <\/strong>SUM del IFDC<\/td><\/tr><tr><td class=\"has-text-align-center\" data-align=\"center\">&nbsp;<\/td><td><strong>Muestra de arte<\/strong> <em>\u201cEcos de las aulas\u201d<\/em> <br><strong>Exponen: <\/strong>Ana Retamar, Juan Manuel Talia, Andrea Imberti, Julio Melto, Ariadna Greulach, Federico Abrile, Clara Bennardis, Chelco Rezzano, Mariela Saun, Alejandro Alvari\u00f1o <br><strong>Lugar: <\/strong>Hall del IFDC<\/td><\/tr><tr><td class=\"has-text-align-center\" data-align=\"center\"><strong>10.30 a<\/strong> <strong>11.00 hs<\/strong><\/td><td><strong>Pausa caf\u00e9<\/strong><\/td><\/tr><tr><td class=\"has-text-align-center\" data-align=\"center\"><strong>11.00 a<\/strong> <strong>13.00 hs<\/strong><\/td><td><strong>Mesas de trabajo simult\u00e1neas<\/strong>. <strong><a href=\"https:\/\/humanas.unsl.edu.ar\/wp-content\/uploads\/2024\/09\/programa_mesas_trabajo_2024.pdf\" data-type=\"attachment\" data-id=\"10841\">Ver programaci\u00f3n&#8230;<\/a><\/strong><br><strong>Lugar: <\/strong>Aulas IFDC\/UNSL<br><strong>Foros de debate simult\u00e1neos<\/strong><\/td><\/tr><tr><td class=\"has-text-align-center\" data-align=\"center\"><\/td><td><em><strong>El mal-estar y el bien-estar en el trabajo y la formaci\u00f3n docente en contextos transpand\u00e9micos.<\/strong><\/em> <br><strong>Coordinan<\/strong>: Deolidia Mart\u00ednez \/ Carina Fraca (UNSJ) \/ Norma Figueroa \/ Natali Carranza (IFDC) <strong>Lugar: <\/strong>Aula 2 del IFDC<\/td><\/tr><tr><td class=\"has-text-align-center\" data-align=\"center\"><\/td><td><em><strong>Precarizaci\u00f3n y control del trabajo docente desde las alternativas pedag\u00f3gicas y la educaci\u00f3n emocional<\/strong><\/em>.<br><strong>Coordinan<\/strong>: Luc\u00eda Caride (UBA) \/ Viviana Seoane (UNLP) \/ Cristina Guirao (IFDC)<br><strong>Lugar: <\/strong>Aula 8 del IFDC<\/td><\/tr><\/tbody><\/table><\/figure>\n\n\n\n<p><\/p>\n\n\n\n<figure class=\"wp-block-table\" style=\"font-size:15px\"><table><tbody><tr><td class=\"has-text-align-center\" data-align=\"center\"><strong>11.00 a<\/strong><br><strong>13.00 hs<\/strong><\/td><td><strong>Presentaci\u00f3n&nbsp;de&nbsp;libros<\/strong><br><br><em>CLACSO\/IEC-CONADU <\/em><br><strong>Biblioteca <em>Que se Pinte de Pueblo<\/em><\/strong><br><strong>Coordinan: <\/strong>Yamile Socolovsky (CONADU) y Esther Levy (UBA\/FEDUBA)<br><strong>Lugar: <\/strong>Aula 5 del IFDC<\/td><\/tr><tr><td class=\"has-text-align-center\" data-align=\"center\"><\/td><td><em><strong>Debates sociopol\u00edticos sobre la formaci\u00f3n y el trabajo docente<\/strong><\/em> <br>Silvia V\u00e1zquez y Karina Barrera <br><br><em><strong>El trabajo docente en creaci\u00f3n<\/strong><\/em><br> Valeria Meirovich y Andrea Pujol (Coord.) &nbsp;<br><br><em><strong>Pedagog\u00edas feministas. Propuestas para imaginar y sentir las aulas<\/strong><\/em> <br>Jesica Baez y Valeria Sardi &nbsp;<br><br><strong>Coordina: <\/strong>Ana Piretro (UNSL) <br><strong>Lugar: <\/strong>Aula 7 del IFDC<\/td><\/tr><tr><td class=\"has-text-align-center\" data-align=\"center\"><\/td><td><strong>Taller de producci\u00f3n de Fanzine<\/strong> <em>\u201cArmando un relato con im\u00e1genes\u201d <\/em><br><strong>Responsable: <\/strong>Chelco Rezzano (UNSL)<br><strong>Lugar: <\/strong>Aula 10 del IFDC<\/td><\/tr><tr><td class=\"has-text-align-center\" data-align=\"center\"><strong>13.00 a<\/strong><br><strong>14.00 hs<\/strong><\/td><td><strong>Almuerzo<\/strong><\/td><\/tr><tr><td class=\"has-text-align-center\" data-align=\"center\"><strong>14.00 a<\/strong><br><strong>16.00 hs<\/strong><\/td><td><strong>Asamblea de la Red ESTRADO<\/strong><br><strong>Lugar: <\/strong>SUM del IFDC<\/td><\/tr><tr><td class=\"has-text-align-center\" data-align=\"center\"><\/td><td><strong>Asamblea de estudiantes de carreras de formaci\u00f3n docente<\/strong> <br><strong>Lugar: <\/strong>Patio Norte del IFDC<\/td><\/tr><tr><td class=\"has-text-align-center\" data-align=\"center\"><strong>16.00 a<\/strong><br><strong>18.00 hs<\/strong><\/td><td><strong>Panel de cierre<\/strong> <strong><em>Trabajo y formaci\u00f3n docente en la defensa de la democracia, la soberan\u00eda y la territorialidad<\/em><\/strong> <br>Flavia Terigi (UNGS) \/ Silvia Almaz\u00e1n (SUTEBA-CTERA) \/ Nora Llaver (UNCuyo)\/ Patricia Redondo (UNLP)<br><strong>Coordina: <\/strong>Gabriela Luciano (UNSL)<br><strong>Lugar: <\/strong>SUM del IFDC<\/td><\/tr><tr><td class=\"has-text-align-center\" data-align=\"center\"><strong>18.00 a<\/strong><br><strong>18.30 hs<\/strong><\/td><td><strong>Pausa caf\u00e9<\/strong><\/td><\/tr><tr><td class=\"has-text-align-center\" data-align=\"center\"><strong>18.30 hs<\/strong><\/td><td><strong>Lectura de documento: S\u00edntesis del VI Seminario de Red Estrado<\/strong> &nbsp; <br><br><strong>Marcha docente \u201cEn defensa de la educaci\u00f3n p\u00fablica\u201d<\/strong> (recorrido desde el IFDC hasta la Plaza Pringles)<\/td><\/tr><\/tbody><\/table><\/figure>\n\n\n\n<p><\/p>\n<\/div>\n\n\n\n<div class=\"is-layout-flow wp-block-column has-ast-global-color-6-background-color has-background\" style=\"flex-basis:30%\">\n<div style=\"height:45px\" aria-hidden=\"true\" class=\"wp-block-spacer\"><\/div>\n\n\n\n<div class=\"is-content-justification-center is-layout-flex wp-container-2 wp-block-buttons\">\n<div class=\"wp-block-button has-custom-width wp-block-button__width-75 has-custom-font-size has-large-font-size\"><a class=\"wp-block-button__link has-ast-global-color-5-color has-vivid-red-background-color has-text-color has-background wp-element-button\" href=\"https:\/\/drive.google.com\/drive\/folders\/1_7sYjv8FCkM14TsBat29frqPoNHEgWhk\" style=\"border-radius:6px\" target=\"_blank\" rel=\"noreferrer noopener\"><strong>Certificados<\/strong><\/a><\/div>\n\n\n\n<div class=\"wp-block-button has-custom-width wp-block-button__width-75\"><a class=\"wp-block-button__link has-ast-global-color-5-color has-luminous-vivid-orange-background-color has-text-color has-background wp-element-button\" href=\"https:\/\/humanas.unsl.edu.ar\/index.php\/inicio\/educo\/\" style=\"border-radius:6px\"><strong>Inicio<\/strong><\/a><\/div>\n\n\n\n<div class=\"wp-block-button has-custom-width wp-block-button__width-75\"><a class=\"wp-block-button__link has-ast-global-color-5-color has-luminous-vivid-orange-background-color has-text-color has-background wp-element-button\" href=\"https:\/\/humanas.unsl.edu.ar\/index.php\/inicio\/educo\/educo-objetivos\/\" style=\"border-radius:6px\"><strong>Objetivos<\/strong><\/a><\/div>\n\n\n\n<div class=\"wp-block-button has-custom-width wp-block-button__width-75\"><a class=\"wp-block-button__link has-ast-global-color-5-color has-luminous-vivid-orange-background-color has-text-color has-background wp-element-button\" href=\"https:\/\/humanas.unsl.edu.ar\/index.php\/inicio\/educo\/educo-ejes-tematicos\/\" style=\"border-radius:6px\"><strong>Ejes Tem\u00e1ticos<\/strong><\/a><\/div>\n\n\n\n<div class=\"wp-block-button has-custom-width wp-block-button__width-75\"><a class=\"wp-block-button__link has-ast-global-color-5-color has-luminous-vivid-orange-background-color has-text-color has-background wp-element-button\" href=\"https:\/\/humanas.unsl.edu.ar\/index.php\/inicio\/educo\/educo-circulares\/\" style=\"border-radius:6px\"><strong>Circulares<\/strong><\/a><\/div>\n\n\n\n<div class=\"wp-block-button has-custom-width wp-block-button__width-75\"><a class=\"wp-block-button__link has-ast-global-color-5-color has-luminous-vivid-orange-background-color has-text-color has-background wp-element-button\" href=\"https:\/\/humanas.unsl.edu.ar\/index.php\/inicio\/educo\/educo-programa\/\" style=\"border-radius:6px\"><strong>Programa<\/strong><\/a><\/div>\n\n\n\n<div class=\"wp-block-button has-custom-width wp-block-button__width-75\"><a class=\"wp-block-button__link has-ast-global-color-5-color has-luminous-vivid-orange-background-color has-text-color has-background wp-element-button\" href=\"https:\/\/humanas.unsl.edu.ar\/index.php\/inicio\/educo\/educo-inscripcion\/\" style=\"border-radius:6px\"><strong>Inscripci\u00f3n<\/strong><\/a><\/div>\n\n\n\n<div class=\"wp-block-button has-custom-width wp-block-button__width-75\"><a class=\"wp-block-button__link has-ast-global-color-5-color has-luminous-vivid-orange-background-color has-text-color has-background wp-element-button\" href=\"https:\/\/humanas.unsl.edu.ar\/index.php\/inicio\/educo\/educo-aranceles\/\" style=\"border-radius:6px\"><strong>Aranceles<\/strong><\/a><\/div>\n<\/div>\n\n\n\n<div style=\"height:90px\" aria-hidden=\"true\" class=\"wp-block-spacer\"><\/div>\n\n\n\n<figure class=\"wp-block-image aligncenter size-full is-resized\"><img decoding=\"async\" loading=\"lazy\" src=\"https:\/\/humanas.unsl.edu.ar\/wp-content\/uploads\/2024\/06\/logo_red_estrado_2023.jpg\" alt=\"\" class=\"wp-image-9844\" width=\"137\" height=\"123\"\/><\/figure>\n\n\n\n<div style=\"height:20px\" aria-hidden=\"true\" class=\"wp-block-spacer\"><\/div>\n\n\n<form role=\"search\" method=\"get\" action=\"https:\/\/humanas.unsl.edu.ar\/\" class=\"wp-block-search__button-outside wp-block-search__text-button aligncenter wp-block-search\"><label for=\"wp-block-search__input-3\" class=\"wp-block-search__label\" >                             Buscar<\/label><div class=\"wp-block-search__inside-wrapper \"  style=\"width: 225px\"><input type=\"search\" id=\"wp-block-search__input-3\" class=\"wp-block-search__input wp-block-search__input\" name=\"s\" value=\"\" placeholder=\"ingreso\"  style=\"border-width: 0px;border-style: none;border-radius: 7px\" required \/><button type=\"submit\" class=\"wp-block-search__button has-background has-vivid-red-background-color wp-element-button\"  style=\"border-width: 0px;border-style: none;border-radius: 7px\" >Buscar<\/button><\/div><\/form>\n\n\n<div style=\"height:20px\" aria-hidden=\"true\" class=\"wp-block-spacer\"><\/div>\n<\/div>\n<\/div>\n\n\n\n<div style=\"height:20px\" aria-hidden=\"true\" class=\"wp-block-spacer\"><\/div>\n","protected":false},"excerpt":{"rendered":"<p>Programa Programa sint\u00e9tico. Ver\/Descargar en formato pdf. D\u00eda 1 &#8211; Jueves 26 8.00 a 8.30 hs Acreditaciones 8.30 a 9.00 hs Palabras de apertura: Autoridades de la UNSL y del IFDC-SLSaludo de bienvenida: Coordinaci\u00f3n Nacional de Red Estrado-Argentina.Lugar: Auditorio Mauricio Am\u00edlcar L\u00f3pez (UNSL) 9.00 a 11.00 hs Panel de apertura: Pol\u00edticas educativas, financiamiento y privatizaci\u00f3n &hellip;<\/p>\n<p class=\"read-more\"> <a class=\"\" href=\"https:\/\/humanas.unsl.edu.ar\/index.php\/inicio\/redestrado\/redestrado-programa\/\"> <span class=\"screen-reader-text\">redestrado-programa<\/span> Leer m\u00e1s &raquo;<\/a><\/p>\n","protected":false},"author":1,"featured_media":0,"parent":9818,"menu_order":7,"comment_status":"closed","ping_status":"closed","template":"","meta":{"site-sidebar-layout":"default","site-content-layout":"","ast-site-content-layout":"default","site-content-style":"default","site-sidebar-style":"default","ast-global-header-display":"","ast-banner-title-visibility":"","ast-main-header-display":"","ast-hfb-above-header-display":"","ast-hfb-below-header-display":"","ast-hfb-mobile-header-display":"","site-post-title":"","ast-breadcrumbs-content":"","ast-featured-img":"","footer-sml-layout":"","theme-transparent-header-meta":"","adv-header-id-meta":"","stick-header-meta":"","header-above-stick-meta":"","header-main-stick-meta":"","header-below-stick-meta":"","astra-migrate-meta-layouts":"set","ast-page-background-enabled":"default","ast-page-background-meta":{"desktop":{"background-color":"var(--ast-global-color-4)","background-image":"","background-repeat":"repeat","background-position":"center center","background-size":"auto","background-attachment":"scroll","background-type":"","background-media":"","overlay-type":"","overlay-color":"","overlay-gradient":""},"tablet":{"background-color":"","background-image":"","background-repeat":"repeat","background-position":"center center","background-size":"auto","background-attachment":"scroll","background-type":"","background-media":"","overlay-type":"","overlay-color":"","overlay-gradient":""},"mobile":{"background-color":"","background-image":"","background-repeat":"repeat","background-position":"center center","background-size":"auto","background-attachment":"scroll","background-type":"","background-media":"","overlay-type":"","overlay-color":"","overlay-gradient":""}},"ast-content-background-meta":{"desktop":{"background-color":"var(--ast-global-color-5)","background-image":"","background-repeat":"repeat","background-position":"center center","background-size":"auto","background-attachment":"scroll","background-type":"","background-media":"","overlay-type":"","overlay-color":"","overlay-gradient":""},"tablet":{"background-color":"var(--ast-global-color-5)","background-image":"","background-repeat":"repeat","background-position":"center center","background-size":"auto","background-attachment":"scroll","background-type":"","background-media":"","overlay-type":"","overlay-color":"","overlay-gradient":""},"mobile":{"background-color":"var(--ast-global-color-5)","background-image":"","background-repeat":"repeat","background-position":"center center","background-size":"auto","background-attachment":"scroll","background-type":"","background-media":"","overlay-type":"","overlay-color":"","overlay-gradient":""}}},"_links":{"self":[{"href":"https:\/\/humanas.unsl.edu.ar\/index.php\/wp-json\/wp\/v2\/pages\/10823"}],"collection":[{"href":"https:\/\/humanas.unsl.edu.ar\/index.php\/wp-json\/wp\/v2\/pages"}],"about":[{"href":"https:\/\/humanas.unsl.edu.ar\/index.php\/wp-json\/wp\/v2\/types\/page"}],"author":[{"embeddable":true,"href":"https:\/\/humanas.unsl.edu.ar\/index.php\/wp-json\/wp\/v2\/users\/1"}],"replies":[{"embeddable":true,"href":"https:\/\/humanas.unsl.edu.ar\/index.php\/wp-json\/wp\/v2\/comments?post=10823"}],"version-history":[{"count":13,"href":"https:\/\/humanas.unsl.edu.ar\/index.php\/wp-json\/wp\/v2\/pages\/10823\/revisions"}],"predecessor-version":[{"id":10843,"href":"https:\/\/humanas.unsl.edu.ar\/index.php\/wp-json\/wp\/v2\/pages\/10823\/revisions\/10843"}],"up":[{"embeddable":true,"href":"https:\/\/humanas.unsl.edu.ar\/index.php\/wp-json\/wp\/v2\/pages\/9818"}],"wp:attachment":[{"href":"https:\/\/humanas.unsl.edu.ar\/index.php\/wp-json\/wp\/v2\/media?parent=10823"}],"curies":[{"name":"wp","href":"https:\/\/api.w.org\/{rel}","templated":true}]}}