{"id":11505,"date":"2024-12-03T20:04:55","date_gmt":"2024-12-03T23:04:55","guid":{"rendered":"https:\/\/humanas.unsl.edu.ar\/?page_id=11505"},"modified":"2024-12-12T17:41:57","modified_gmt":"2024-12-12T20:41:57","slug":"generos-consejo","status":"publish","type":"page","link":"https:\/\/humanas.unsl.edu.ar\/index.php\/inicio\/generos\/generos-consejo\/","title":{"rendered":"generos-consejo"},"content":{"rendered":"\n<h6 class=\"wp-elements-8b8a6771b5059534436f42fec6c19cc1 alignwide has-ast-global-color-3-color has-text-color has-background has-link-color\" style=\"background-color:#fde2cb;line-height:1.5\"><a href=\"https:\/\/humanas.unsl.edu.ar\/\" data-type=\"page\" data-id=\"264\">Inicio<\/a> \/ <a href=\"https:\/\/humanas.unsl.edu.ar\/index.php\/inicio\/generos\/\" data-type=\"page\" data-id=\"11317\">G\u00e9neros<\/a> \/ Consejo de G\u00e9nero y Diversidad \/<\/h6>\n\n\n\n<div style=\"height:27px\" aria-hidden=\"true\" class=\"wp-block-spacer\"><\/div>\n\n\n\n<h4 class=\"alignwide has-text-align-center has-ast-global-color-5-color has-text-color has-background\" style=\"background-color:#63297d;font-size:30px;line-height:1\">Consejo de G\u00e9nero y Diversidad<\/h4>\n\n\n\n<div style=\"margin-top:0;margin-bottom:0;height:41px\" aria-hidden=\"true\" class=\"wp-block-spacer\"><\/div>\n\n\n\n<div class=\"wp-block-jetpack-layout-grid alignfull column1-desktop-grid__span-5 column1-desktop-grid__start-2 column1-desktop-grid__row-1 column2-desktop-grid__span-5 column2-desktop-grid__start-7 column2-desktop-grid__row-1 column1-tablet-grid__span-4 column1-tablet-grid__row-1 column2-tablet-grid__span-4 column2-tablet-grid__start-5 column2-tablet-grid__row-1 column1-mobile-grid__span-4 column1-mobile-grid__row-1 column2-mobile-grid__span-4 column2-mobile-grid__row-2\">\n<div class=\"wp-block-jetpack-layout-grid-column wp-block-jetpack-layout-grid__padding-none is-vertically-aligned-top\">\n<p>El Consejo Universitario de g\u00e9nero y diversidad, creado en el a\u00f1o 2020 por Resoluci\u00f3n RCS-1-150\/20, desempe\u00f1a un papel fundamental en la adopci\u00f3n de medidas de acci\u00f3n positivas. El prop\u00f3sito principal de este Consejo es establecer pol\u00edticas transversales que garanticen la igualdad de oportunidades para todas y todos los integrantes de la comunidad universitaria, con un enfoque especial en los sectores que han sido hist\u00f3ricamente vulnerados. Esta iniciativa demuestra el compromiso de la universidad con la inclusi\u00f3n y la equidad, promoviendo un entorno donde cada individuo pueda desarrollarse plenamente, independientemente de su origen o circunstancias personales.<\/p>\n\n\n\n<p>En relaci\u00f3n a los prop\u00f3sitos que gu\u00edan al Consejo, se encuentran el desarrollo de programas de formaci\u00f3n desde la perspectiva de g\u00e9nero, dirigidos a toda la comunidad universitaria, la coordinaci\u00f3n permanente con las unidades acad\u00e9micas, impulsar espacios de extensi\u00f3n e investigaci\u00f3n para lograr la incorporaci\u00f3n de la tem\u00e1tica y la articulaci\u00f3n con el ETI. Estos objetivos fundamentales reflejan el compromiso del Consejo con la promoci\u00f3n de la igualdad de g\u00e9nero y el fomento de la participaci\u00f3n activa de quienes integran la comunidad universitaria, en la construcci\u00f3n de entornos m\u00e1s inclusivos y equitativos.<\/p>\n\n\n\n<p>La implementaci\u00f3n de programas de formaci\u00f3n centrados en la perspectiva de g\u00e9nero representa un avance significativo hacia la consecuci\u00f3n de estos objetivos, ya que proporciona a las y los participantes las herramientas y el conocimiento necesarios para comprender, cuestionar y transformar las din\u00e1micas de g\u00e9nero presentes en la sociedad y en el \u00e1mbito acad\u00e9mico.<\/p>\n\n\n\n<p>La estructura del Consejo cuenta con representaci\u00f3n del rectorado, las Unidades Acad\u00e9micas, las y los estudiantes y los gremios. Por lo que, resulta importante destacar que la diversidad de voces y perspectivas en el Consejo contribuye a un enfoque m\u00e1s integral y representativo en la toma de decisiones.<\/p>\n\n\n\n<p><\/p>\n\n\n\n<div class=\"is-layout-flex wp-container-2 wp-block-columns\">\n<div class=\"is-layout-flow wp-block-column\">\n<figure class=\"wp-block-audio\"><audio controls src=\"https:\/\/humanas.unsl.edu.ar\/wp-content\/uploads\/2024\/12\/audio_consejo.mp3\"><\/audio><\/figure>\n<\/div>\n<\/div>\n<\/div>\n\n\n\n<div class=\"wp-block-jetpack-layout-grid-column wp-block-jetpack-layout-grid__padding-none is-vertically-aligned-top\">\n<div style=\"height:74px\" aria-hidden=\"true\" class=\"wp-block-spacer\"><\/div>\n\n\n\n<figure class=\"wp-block-image size-full\"><img decoding=\"async\" loading=\"lazy\" width=\"480\" height=\"281\" src=\"https:\/\/humanas.unsl.edu.ar\/wp-content\/uploads\/2024\/12\/flyer-consejo-gyd-480X280.jpg\" alt=\"\" class=\"wp-image-11506\" srcset=\"https:\/\/humanas.unsl.edu.ar\/wp-content\/uploads\/2024\/12\/flyer-consejo-gyd-480X280.jpg 480w, https:\/\/humanas.unsl.edu.ar\/wp-content\/uploads\/2024\/12\/flyer-consejo-gyd-480X280-300x176.jpg 300w\" sizes=\"(max-width: 480px) 100vw, 480px\" \/><\/figure>\n\n\n\n<div style=\"height:73px\" aria-hidden=\"true\" class=\"wp-block-spacer\"><\/div>\n\n\n\n<div class=\"is-content-justification-center is-layout-flex wp-container-3 wp-block-buttons\">\n<div class=\"wp-block-button has-custom-width wp-block-button__width-75 has-custom-font-size has-small-font-size\"><a class=\"wp-block-button__link has-white-color has-text-color has-background wp-element-button\" href=\"chrome-extension:\/\/efaidnbmnnnibpcajpcglclefindmkaj\/http:\/\/digesto.unsl.edu.ar\/docs\/202011\/20201120121609_918.pdf\" style=\"border-radius:11px;background-color:#ed6f03\"><strong>RESOLUCI\u00d3N DE CREACI\u00d3N<\/strong><\/a><\/div>\n<\/div>\n<\/div>\n<\/div>\n\n\n\n<div style=\"height:26px\" aria-hidden=\"true\" class=\"wp-block-spacer\"><\/div>\n\n\n\n<div class=\"inherit-container-width is-layout-constrained wp-block-group alignfull\"><div class=\"wp-block-group__inner-container\">\n<div class=\"wp-block-cover alignfull is-light\" style=\"min-height:267px\"><span aria-hidden=\"true\" class=\"wp-block-cover__background has-background-dim-100 has-background-dim\" style=\"background-color:#d9d9d9\"><\/span><div class=\"wp-block-cover__inner-container\">\n<p class=\"has-text-align-center has-ast-global-color-8-color has-text-color has-medium-font-size\" style=\"font-style:normal;font-weight:700;line-height:1\"><strong>Pol\u00edticas de inclusi\u00f3n, g\u00e9nero y cuidado integral<\/strong><\/p>\n\n\n\n<div class=\"is-layout-flex wp-container-8 wp-block-columns alignfull\">\n<div class=\"is-layout-flow wp-block-column\">\n<figure class=\"wp-block-image size-full\"><a href=\"https:\/\/www.unsl.edu.ar\/index.php\/menu\/eti\"><img decoding=\"async\" loading=\"lazy\" width=\"480\" height=\"120\" src=\"https:\/\/humanas.unsl.edu.ar\/wp-content\/uploads\/2026\/02\/banner_protocolo_violencia_500x120-480x120-1.png\" alt=\"\" class=\"wp-image-14467\" srcset=\"https:\/\/humanas.unsl.edu.ar\/wp-content\/uploads\/2026\/02\/banner_protocolo_violencia_500x120-480x120-1.png 480w, https:\/\/humanas.unsl.edu.ar\/wp-content\/uploads\/2026\/02\/banner_protocolo_violencia_500x120-480x120-1-300x75.png 300w\" sizes=\"(max-width: 480px) 100vw, 480px\" \/><\/a><\/figure>\n<\/div>\n\n\n\n<div class=\"is-layout-flow wp-block-column\">\n<figure class=\"wp-block-image aligncenter size-full\"><a href=\"http:\/\/www.prevencionenadicciones.unsl.edu.ar\/\"><img decoding=\"async\" loading=\"lazy\" width=\"500\" height=\"120\" src=\"https:\/\/humanas.unsl.edu.ar\/wp-content\/uploads\/2026\/02\/banner_programa_adicciones_500x120.png\" alt=\"\" class=\"wp-image-14461\" srcset=\"https:\/\/humanas.unsl.edu.ar\/wp-content\/uploads\/2026\/02\/banner_programa_adicciones_500x120.png 500w, https:\/\/humanas.unsl.edu.ar\/wp-content\/uploads\/2026\/02\/banner_programa_adicciones_500x120-300x72.png 300w\" sizes=\"(max-width: 500px) 100vw, 500px\" \/><\/a><\/figure>\n<\/div>\n\n\n\n<div class=\"is-layout-flow wp-block-column has-ast-global-color-3-color has-text-color\">\n<figure class=\"wp-block-image aligncenter size-full is-style-default\"><a href=\"https:\/\/universidadydiscapacidad.unsl.edu.ar\/\"><img decoding=\"async\" loading=\"lazy\" width=\"500\" height=\"120\" src=\"https:\/\/humanas.unsl.edu.ar\/wp-content\/uploads\/2026\/02\/banner_programa_discapacidad_500x120.png\" alt=\"\" class=\"wp-image-14462\" srcset=\"https:\/\/humanas.unsl.edu.ar\/wp-content\/uploads\/2026\/02\/banner_programa_discapacidad_500x120.png 500w, https:\/\/humanas.unsl.edu.ar\/wp-content\/uploads\/2026\/02\/banner_programa_discapacidad_500x120-300x72.png 300w\" sizes=\"(max-width: 500px) 100vw, 500px\" \/><\/a><\/figure>\n<\/div>\n\n\n\n<div class=\"is-layout-flow wp-block-column has-ast-global-color-3-color has-text-color\">\n<figure class=\"wp-block-image aligncenter size-full is-style-default\"><a href=\"https:\/\/humanas.unsl.edu.ar\/index.php\/inicio\/accesibilidad\/\"><img decoding=\"async\" loading=\"lazy\" width=\"500\" height=\"120\" src=\"https:\/\/humanas.unsl.edu.ar\/wp-content\/uploads\/2026\/02\/banner_programa_accesibilidad_fch_500x120.png\" alt=\"\" class=\"wp-image-14460\" srcset=\"https:\/\/humanas.unsl.edu.ar\/wp-content\/uploads\/2026\/02\/banner_programa_accesibilidad_fch_500x120.png 500w, https:\/\/humanas.unsl.edu.ar\/wp-content\/uploads\/2026\/02\/banner_programa_accesibilidad_fch_500x120-300x72.png 300w\" sizes=\"(max-width: 500px) 100vw, 500px\" \/><\/a><\/figure>\n<\/div>\n<\/div>\n<\/div><\/div>\n<\/div><\/div>\n\n\n\n<div style=\"height:29px\" aria-hidden=\"true\" class=\"wp-block-spacer\"><\/div>\n\n\n\n<div class=\"inherit-container-width is-layout-constrained wp-block-group alignwide\"><div class=\"wp-block-group__inner-container\">\n<div class=\"wp-block-jetpack-layout-grid alignfull column1-desktop-grid__span-3 column1-desktop-grid__row-1 column2-desktop-grid__span-3 column2-desktop-grid__start-4 column2-desktop-grid__row-1 column3-desktop-grid__span-3 column3-desktop-grid__start-7 column3-desktop-grid__row-1 column4-desktop-grid__span-3 column4-desktop-grid__start-10 column4-desktop-grid__row-1 column1-tablet-grid__span-4 column1-tablet-grid__row-1 column2-tablet-grid__span-4 column2-tablet-grid__start-5 column2-tablet-grid__row-1 column3-tablet-grid__span-4 column3-tablet-grid__row-2 column4-tablet-grid__span-4 column4-tablet-grid__start-5 column4-tablet-grid__row-2 column1-mobile-grid__span-4 column1-mobile-grid__row-1 column2-mobile-grid__span-4 column2-mobile-grid__row-2 column3-mobile-grid__span-4 column3-mobile-grid__row-3 column4-mobile-grid__span-4 column4-mobile-grid__row-4 wp-block-jetpack-layout-gutter__medium\">\n<div class=\"wp-block-jetpack-layout-grid-column wp-block-jetpack-layout-grid__padding-none is-vertically-aligned-top\">\n<h6 class=\"has-text-align-center\" id=\"informacion-institucional\"><strong>INFORMACI\u00d3N INSTITUCIONAL<\/strong><\/h6>\n\n\n\n<p><strong>Tel\u00e9fono:<\/strong>&nbsp;+54 (0266) 4520300<\/p>\n\n\n\n<p class=\"wp-elements-e6ca50e8000ea0ddd7ca28e37e89d93a has-link-color\" style=\"font-size:15px\"><strong>Direcci\u00f3n:<\/strong>&nbsp;Ej\u00e9rcito de Los Andes 950, D5700HHW.<br>San Luis, Argentina <br><strong>\u00bfC\u00f3mo llegar?<\/strong><br><a href=\"https:\/\/goo.gl\/maps\/JfpaQGqv7zH2\" target=\"_blank\" rel=\"noopener\">Ver ubicaci\u00f3n en Google Maps<\/a><\/p>\n<\/div>\n\n\n\n<div class=\"wp-block-jetpack-layout-grid-column wp-block-jetpack-layout-grid__padding-none is-vertically-aligned-top\">\n<h6 class=\"has-text-align-center\" id=\"contactos-frecuentes\"><strong>CONTACTOS FRECUENTES<\/strong><\/h6>\n\n\n\n<p class=\"wp-elements-b1aa7a71407969e91e35537b3b790954 has-link-color\" style=\"font-size:15px\"><strong>Consultas Acad\u00e9micas:<\/strong><br><a href=\"mailto:secretar\u00eda.academica.fchumanas@gmail.com\">secretar\u00eda.academica.fchumanas@gmail.com<\/a><\/p>\n\n\n\n<p class=\"wp-elements-c03ba341c07bfc69611de1a9f7cb7103 has-link-color\"><strong><span style=\"font-size: 1em; font-family: var(--font-base, 'Noto Sans', -apple-system, BlinkMacSystemFont, 'Segoe UI', 'Roboto', 'Oxygen', 'Ubuntu', 'Cantarell', 'Fira Sans', 'Droid Sans', 'Helvetica Neue', sans-serif);\">\u00c1rea de Prensa FCH:<\/span><\/strong> <br>Mail: <a href=\"mailto:prensahumanas@gmail.com\" target=\"_blank\" rel=\"noopener\">prensahumanas@gmail.com<\/a><\/p>\n<\/div>\n\n\n\n<div class=\"wp-block-jetpack-layout-grid-column wp-block-jetpack-layout-grid__padding-none is-vertically-aligned-top\">\n<h6 class=\"has-text-align-center\"><strong>REDES SOCIALES<\/strong><\/h6>\n\n\n\n<div style=\"height:39px\" aria-hidden=\"true\" class=\"wp-block-spacer\"><\/div>\n\n\n\n<figure class=\"wp-block-image aligncenter size-large is-resized\"><a href=\"https:\/\/www.facebook.com\/FacultaddeCienciasHumanasUNSL\"><img decoding=\"async\" loading=\"lazy\" src=\"https:\/\/humanas.unsl.edu.ar\/wp-content\/uploads\/2025\/04\/2.png\" alt=\"\" width=\"50\" height=\"50\"\/><\/a><\/figure>\n\n\n\n<figure class=\"wp-block-image aligncenter size-large is-resized\"><a href=\"https:\/\/www.instagram.com\/fchunsl\/\"><img decoding=\"async\" loading=\"lazy\" src=\"https:\/\/humanas.unsl.edu.ar\/wp-content\/uploads\/2025\/04\/3.png\" alt=\"\" width=\"50\" height=\"50\"\/><\/a><\/figure>\n\n\n\n<figure class=\"wp-block-image aligncenter size-large is-resized\"><a href=\"https:\/\/www.youtube.com\/user\/FCHumanas\/featured\"><img decoding=\"async\" loading=\"lazy\" src=\"https:\/\/humanas.unsl.edu.ar\/wp-content\/uploads\/2025\/04\/4.png\" alt=\"\" width=\"50\" height=\"50\"\/><\/a><\/figure>\n<\/div>\n\n\n\n<div class=\"wp-block-jetpack-layout-grid-column wp-block-jetpack-layout-grid__padding-none is-vertically-aligned-top\">\n<h6 class=\"has-text-align-center\" id=\"mapa-del-sitio\"><strong>MAPA DEL SITIO<\/strong><\/h6>\n\n\n\n<p class=\"wp-elements-1397c35b9e2e918621157f30b7193635 has-link-color has-small-font-size\"><a href=\"https:\/\/humanas.unsl.edu.ar\/index.php\/institucional\/\"><strong>INSTITUCIONAL<\/strong><\/a><\/p>\n\n\n\n<p class=\"wp-elements-0bd3ffa8a883f0b13e6f56164c78a984 has-link-color has-small-font-size\"><strong><a href=\"https:\/\/humanas.unsl.edu.ar\/index.php\/inicio\/carreras\/\" data-type=\"page\" data-id=\"43\">CARRERAS<\/a><\/strong><\/p>\n\n\n\n<p class=\"wp-elements-e08edd761a82e37945c35feca7f941e7 has-link-color has-small-font-size\"><a href=\"https:\/\/humanas.unsl.edu.ar\/index.php\/ingreso\/\"><strong>INGRESO<\/strong><\/a><\/p>\n\n\n\n<p class=\"wp-elements-0f48f5cfddf8f1cb3cc2fc334698f944 has-link-color has-small-font-size\"><strong><a href=\"https:\/\/humanas.unsl.edu.ar\/index.php\/docentes-2\/\">DOCENTES<\/a><\/strong><\/p>\n\n\n\n<p class=\"wp-elements-798f5ae66e960f6a3984ba7e89bbb54f has-link-color has-small-font-size\"><a href=\"https:\/\/humanas.unsl.edu.ar\/index.php\/estudiantes\/\"><strong>ESTUDIANTES<\/strong><\/a><\/p>\n\n\n\n<p class=\"wp-elements-59cdf5b53d24ae7687d9ce067dc9ebd6 has-link-color has-small-font-size\"><a href=\"http:\/\/www.unsl.edu.ar\/\" target=\"_blank\" rel=\"noreferrer noopener\"><strong>UNSL<\/strong><\/a><\/p>\n\n\n\n<p class=\"wp-elements-fb03084c20f509df7c9c2962bde465ce has-link-color has-small-font-size\"><strong><a href=\"https:\/\/humanas.unsl.edu.ar\/index.php\/noticias\/\" data-type=\"page\" data-id=\"186\">NOTICIAS<\/a><\/strong><\/p>\n<\/div>\n<\/div>\n<\/div><\/div>\n","protected":false},"excerpt":{"rendered":"<p>Inicio \/ G\u00e9neros \/ Consejo de G\u00e9nero y Diversidad \/ Consejo de G\u00e9nero y Diversidad El Consejo Universitario de g\u00e9nero y diversidad, creado en el a\u00f1o 2020 por Resoluci\u00f3n RCS-1-150\/20, desempe\u00f1a un papel fundamental en la adopci\u00f3n de medidas de acci\u00f3n positivas. El prop\u00f3sito principal de este Consejo es establecer pol\u00edticas transversales que garanticen la &hellip;<\/p>\n<p class=\"read-more\"> <a class=\"\" href=\"https:\/\/humanas.unsl.edu.ar\/index.php\/inicio\/generos\/generos-consejo\/\"> <span class=\"screen-reader-text\">generos-consejo<\/span> Leer m\u00e1s &raquo;<\/a><\/p>\n","protected":false},"author":1,"featured_media":0,"parent":11317,"menu_order":13,"comment_status":"closed","ping_status":"closed","template":"","meta":{"site-sidebar-layout":"default","site-content-layout":"","ast-site-content-layout":"default","site-content-style":"default","site-sidebar-style":"default","ast-global-header-display":"","ast-banner-title-visibility":"","ast-main-header-display":"","ast-hfb-above-header-display":"","ast-hfb-below-header-display":"","ast-hfb-mobile-header-display":"","site-post-title":"","ast-breadcrumbs-content":"","ast-featured-img":"","footer-sml-layout":"","theme-transparent-header-meta":"","adv-header-id-meta":"","stick-header-meta":"","header-above-stick-meta":"","header-main-stick-meta":"","header-below-stick-meta":"","astra-migrate-meta-layouts":"set","ast-page-background-enabled":"default","ast-page-background-meta":{"desktop":{"background-color":"var(--ast-global-color-4)","background-image":"","background-repeat":"repeat","background-position":"center center","background-size":"auto","background-attachment":"scroll","background-type":"","background-media":"","overlay-type":"","overlay-color":"","overlay-gradient":""},"tablet":{"background-color":"","background-image":"","background-repeat":"repeat","background-position":"center center","background-size":"auto","background-attachment":"scroll","background-type":"","background-media":"","overlay-type":"","overlay-color":"","overlay-gradient":""},"mobile":{"background-color":"","background-image":"","background-repeat":"repeat","background-position":"center center","background-size":"auto","background-attachment":"scroll","background-type":"","background-media":"","overlay-type":"","overlay-color":"","overlay-gradient":""}},"ast-content-background-meta":{"desktop":{"background-color":"var(--ast-global-color-5)","background-image":"","background-repeat":"repeat","background-position":"center center","background-size":"auto","background-attachment":"scroll","background-type":"","background-media":"","overlay-type":"","overlay-color":"","overlay-gradient":""},"tablet":{"background-color":"var(--ast-global-color-5)","background-image":"","background-repeat":"repeat","background-position":"center center","background-size":"auto","background-attachment":"scroll","background-type":"","background-media":"","overlay-type":"","overlay-color":"","overlay-gradient":""},"mobile":{"background-color":"var(--ast-global-color-5)","background-image":"","background-repeat":"repeat","background-position":"center center","background-size":"auto","background-attachment":"scroll","background-type":"","background-media":"","overlay-type":"","overlay-color":"","overlay-gradient":""}}},"_links":{"self":[{"href":"https:\/\/humanas.unsl.edu.ar\/index.php\/wp-json\/wp\/v2\/pages\/11505"}],"collection":[{"href":"https:\/\/humanas.unsl.edu.ar\/index.php\/wp-json\/wp\/v2\/pages"}],"about":[{"href":"https:\/\/humanas.unsl.edu.ar\/index.php\/wp-json\/wp\/v2\/types\/page"}],"author":[{"embeddable":true,"href":"https:\/\/humanas.unsl.edu.ar\/index.php\/wp-json\/wp\/v2\/users\/1"}],"replies":[{"embeddable":true,"href":"https:\/\/humanas.unsl.edu.ar\/index.php\/wp-json\/wp\/v2\/comments?post=11505"}],"version-history":[{"count":3,"href":"https:\/\/humanas.unsl.edu.ar\/index.php\/wp-json\/wp\/v2\/pages\/11505\/revisions"}],"predecessor-version":[{"id":11605,"href":"https:\/\/humanas.unsl.edu.ar\/index.php\/wp-json\/wp\/v2\/pages\/11505\/revisions\/11605"}],"up":[{"embeddable":true,"href":"https:\/\/humanas.unsl.edu.ar\/index.php\/wp-json\/wp\/v2\/pages\/11317"}],"wp:attachment":[{"href":"https:\/\/humanas.unsl.edu.ar\/index.php\/wp-json\/wp\/v2\/media?parent=11505"}],"curies":[{"name":"wp","href":"https:\/\/api.w.org\/{rel}","templated":true}]}}