{"id":11660,"date":"2024-12-18T19:44:05","date_gmt":"2024-12-18T22:44:05","guid":{"rendered":"https:\/\/humanas.unsl.edu.ar\/?page_id=11660"},"modified":"2025-05-05T19:15:02","modified_gmt":"2025-05-05T22:15:02","slug":"elecciones-graduados","status":"publish","type":"page","link":"https:\/\/humanas.unsl.edu.ar\/index.php\/inicio\/elecciones\/elecciones-graduados\/","title":{"rendered":"elecciones-graduados"},"content":{"rendered":"\n<div style=\"height:25px\" aria-hidden=\"true\" class=\"wp-block-spacer\"><\/div>\n\n\n\n<h6 class=\"wp-elements-dba87b2f469b52bbe8063c651169b57f alignwide has-ast-global-color-3-color has-text-color has-background has-link-color\" style=\"background-color:#fde2cb;line-height:1.5\"><a href=\"https:\/\/humanas.unsl.edu.ar\/\" data-type=\"page\" data-id=\"264\">Inicio<\/a> \/ <a href=\"https:\/\/humanas.unsl.edu.ar\/index.php\/inicio\/elecciones\/\" data-type=\"page\" data-id=\"11608\">Elecciones Universitarias 2025<\/a> \/ Graduados<\/h6>\n\n\n\n<div style=\"height:25px\" aria-hidden=\"true\" class=\"wp-block-spacer\"><\/div>\n\n\n\n<div class=\"is-layout-flex wp-container-10 wp-block-columns alignwide\">\n<div class=\"is-layout-flow wp-block-column\" style=\"flex-basis:100%\">\n<div class=\"is-layout-flex wp-container-8 wp-block-columns\">\n<div class=\"is-layout-flow wp-block-column\" style=\"flex-basis:66.66%\">\n<h3 class=\"alignfull has-text-color has-background\" id=\"bienvenidx-a-la-facultad-de-ciencias-humanas\" style=\"color:#ffffff;background-color:#ed6f03;letter-spacing:0px;line-height:1.5\">Elecciones Universitarias 2025<\/h3>\n\n\n\n<div style=\"height:50px\" aria-hidden=\"true\" class=\"wp-block-spacer\"><\/div>\n\n\n\n<p class=\"has-white-color has-luminous-vivid-amber-background-color has-text-color has-background has-medium-font-size\"><strong>INSCRIPCIONES DE GRADUADOS<\/strong><\/p>\n\n\n\n<div style=\"height:50px\" aria-hidden=\"true\" class=\"wp-block-spacer\"><\/div>\n\n\n\n<blockquote class=\"wp-block-quote\">\n<p class=\"has-text-align-justify\">La Resoluci\u00f3n de Consejo Directivo <strong><a href=\"https:\/\/humanas.unsl.edu.ar\/wp-content\/uploads\/2024\/12\/RCD04-323-2024.pdf\">RCD04-323\/2024<\/a><\/strong> &#8211; Declara <strong>abierta la inscripci\u00f3n al Padr\u00f3n de Graduados<\/strong> desde las 00:00 horas del d\u00eda lunes 16 de diciembre de 2024 hasta las 23:59:59 horas del d\u00eda jueves 27 de febrero de 2025, de acuerdo a lo establecido en el Art\u00edculo 55\u00ba del Estatuto Universitario de la Universidad Nacional de San Luis.<\/p>\n\n\n\n<p><a href=\"https:\/\/humanas.unsl.edu.ar\/wp-content\/uploads\/2024\/12\/inscripcion_graduados.pdf\"><img decoding=\"async\" loading=\"lazy\" width=\"20\" height=\"22\" class=\"wp-image-6056\" style=\"width: 20px;\" src=\"https:\/\/humanas.unsl.edu.ar\/wp-content\/uploads\/2023\/04\/gif_pdf-e1682429369964.jpg\" alt=\"\"><\/a> &#8211; <a href=\"https:\/\/humanas.unsl.edu.ar\/wp-content\/uploads\/2024\/12\/inscripcion_graduados.docx\"><img decoding=\"async\" loading=\"lazy\" width=\"20\" height=\"19\" class=\"wp-image-6064\" style=\"width: 20px;\" src=\"https:\/\/humanas.unsl.edu.ar\/wp-content\/uploads\/2023\/04\/gif_word4-gif-e1682429452897.jpg\" alt=\"\"><\/a>  Formulario para <strong>inscripci\u00f3n padr\u00f3n de graduados<\/strong><\/p>\n<\/blockquote>\n\n\n\n<p><\/p>\n<\/div>\n\n\n\n<div class=\"is-layout-flow wp-block-column\" style=\"flex-basis:20px\"><\/div>\n\n\n\n<div class=\"is-layout-flow wp-block-column\" style=\"flex-basis:33.33%\">\n<h3 class=\"has-text-align-center has-white-color has-luminous-vivid-orange-background-color has-text-color has-background\">Accesos<\/h3>\n\n\n\n<div style=\"height:30px\" aria-hidden=\"true\" class=\"wp-block-spacer\"><\/div>\n\n\n\n<div class=\"is-content-justification-center is-layout-flex wp-container-3 wp-block-buttons\"><\/div>\n\n\n\n<div class=\"is-content-justification-center is-layout-flex wp-container-4 wp-block-buttons\">\n<div class=\"wp-block-button has-custom-width wp-block-button__width-75 has-custom-font-size is-style-fill has-medium-font-size\"><a class=\"wp-block-button__link has-white-color has-luminous-vivid-orange-background-color has-text-color has-background wp-element-button\" href=\"https:\/\/humanas.unsl.edu.ar\/index.php\/inicio\/elecciones\/\" style=\"border-radius:10px\"><strong>Convocatoria<\/strong><\/a><\/div>\n\n\n\n<div class=\"wp-block-button has-custom-width wp-block-button__width-75 has-custom-font-size is-style-fill has-medium-font-size\"><a class=\"wp-block-button__link has-white-color has-luminous-vivid-orange-background-color has-text-color has-background wp-element-button\" href=\"https:\/\/humanas.unsl.edu.ar\/index.php\/2025\/03\/10\/elecciones-junta-electoral\/\" style=\"border-radius:10px\"><strong>Junta Electoral<\/strong><\/a><\/div>\n\n\n\n<div class=\"wp-block-button has-custom-width wp-block-button__width-75 has-custom-font-size is-style-fill has-medium-font-size\"><a class=\"wp-block-button__link has-white-color has-luminous-vivid-orange-background-color has-text-color has-background wp-element-button\" href=\"https:\/\/humanas.unsl.edu.ar\/index.php\/inicio\/elecciones\/elecciones-padrones\/\" style=\"border-radius:10px\"><strong>Padrones<\/strong><\/a><\/div>\n\n\n\n<div class=\"wp-block-button has-custom-width wp-block-button__width-75 has-custom-font-size is-style-fill has-medium-font-size\"><a class=\"wp-block-button__link has-white-color has-luminous-vivid-orange-background-color has-text-color has-background wp-element-button\" href=\"http:\/\/www.secgral.unsl.edu.ar\/?page_id=45\" style=\"border-radius:10px\"><strong>Listas<\/strong><\/a><\/div>\n\n\n\n<div class=\"wp-block-button has-custom-width wp-block-button__width-75 has-custom-font-size is-style-fill has-medium-font-size\"><a class=\"wp-block-button__link has-white-color has-luminous-vivid-orange-background-color has-text-color has-background wp-element-button\" href=\"http:\/\/www.secgral.unsl.edu.ar\/?page_id=45\" style=\"border-radius:10px\"><strong>Reglamentaci\u00f3n UNSL<\/strong><\/a><\/div>\n<\/div>\n\n\n\n<div style=\"height:134px\" aria-hidden=\"true\" class=\"wp-block-spacer\"><\/div>\n\n\n\n<p class=\"has-text-align-center\"><strong>Secretar\u00eda General<\/strong><br>Edificio Rectorado. 1\u00ba Piso \u2013 Sector \u201cB\u201d<br>Tel\u00e9fonos: 2664-520300 int. 5248<br>Mail:&nbsp;<\/p>\n\n\n\n<div style=\"height:30px\" aria-hidden=\"true\" class=\"wp-block-spacer\"><\/div>\n\n\n\n<div class=\"is-layout-flex wp-container-6 wp-block-columns\">\n<div class=\"is-layout-flow wp-block-column\">\n<figure class=\"wp-block-image aligncenter size-full is-resized\"><a href=\"https:\/\/humanas.unsl.edu.ar\/index.php\/noticias-fch\/\"><img decoding=\"async\" loading=\"lazy\" src=\"https:\/\/humanas.unsl.edu.ar\/wp-content\/uploads\/2022\/06\/1.png\" alt=\"\" class=\"wp-image-2994\" width=\"85\" height=\"85\"\/><\/a><\/figure>\n<\/div>\n<\/div>\n<\/div>\n<\/div>\n<\/div>\n<\/div>\n\n\n\n<div style=\"height:26px\" aria-hidden=\"true\" class=\"wp-block-spacer\"><\/div>\n\n\n\n<div class=\"inherit-container-width is-layout-constrained wp-block-group alignfull\"><div class=\"wp-block-group__inner-container\">\n<div class=\"wp-block-cover alignfull is-light\" style=\"min-height:267px\"><span aria-hidden=\"true\" class=\"wp-block-cover__background has-background-dim-100 has-background-dim\" style=\"background-color:#d9d9d9\"><\/span><div class=\"wp-block-cover__inner-container\">\n<p class=\"has-text-align-center has-ast-global-color-8-color has-text-color has-medium-font-size\" style=\"font-style:normal;font-weight:700;line-height:1\"><strong>Pol\u00edticas de inclusi\u00f3n, g\u00e9nero y cuidado integral<\/strong><\/p>\n\n\n\n<div class=\"is-layout-flex wp-container-15 wp-block-columns alignfull\">\n<div class=\"is-layout-flow wp-block-column\">\n<figure class=\"wp-block-image size-full\"><a href=\"https:\/\/www.unsl.edu.ar\/index.php\/menu\/eti\"><img decoding=\"async\" loading=\"lazy\" width=\"480\" height=\"120\" src=\"https:\/\/humanas.unsl.edu.ar\/wp-content\/uploads\/2026\/02\/banner_protocolo_violencia_500x120-480x120-1.png\" alt=\"\" class=\"wp-image-14467\" srcset=\"https:\/\/humanas.unsl.edu.ar\/wp-content\/uploads\/2026\/02\/banner_protocolo_violencia_500x120-480x120-1.png 480w, https:\/\/humanas.unsl.edu.ar\/wp-content\/uploads\/2026\/02\/banner_protocolo_violencia_500x120-480x120-1-300x75.png 300w\" sizes=\"(max-width: 480px) 100vw, 480px\" \/><\/a><\/figure>\n<\/div>\n\n\n\n<div class=\"is-layout-flow wp-block-column\">\n<figure class=\"wp-block-image aligncenter size-full\"><a href=\"http:\/\/www.prevencionenadicciones.unsl.edu.ar\/\"><img decoding=\"async\" loading=\"lazy\" width=\"500\" height=\"120\" src=\"https:\/\/humanas.unsl.edu.ar\/wp-content\/uploads\/2026\/02\/banner_programa_adicciones_500x120.png\" alt=\"\" class=\"wp-image-14461\" srcset=\"https:\/\/humanas.unsl.edu.ar\/wp-content\/uploads\/2026\/02\/banner_programa_adicciones_500x120.png 500w, https:\/\/humanas.unsl.edu.ar\/wp-content\/uploads\/2026\/02\/banner_programa_adicciones_500x120-300x72.png 300w\" sizes=\"(max-width: 500px) 100vw, 500px\" \/><\/a><\/figure>\n<\/div>\n\n\n\n<div class=\"is-layout-flow wp-block-column has-ast-global-color-3-color has-text-color\">\n<figure class=\"wp-block-image aligncenter size-full is-style-default\"><a href=\"https:\/\/universidadydiscapacidad.unsl.edu.ar\/\"><img decoding=\"async\" loading=\"lazy\" width=\"500\" height=\"120\" src=\"https:\/\/humanas.unsl.edu.ar\/wp-content\/uploads\/2026\/02\/banner_programa_discapacidad_500x120.png\" alt=\"\" class=\"wp-image-14462\" srcset=\"https:\/\/humanas.unsl.edu.ar\/wp-content\/uploads\/2026\/02\/banner_programa_discapacidad_500x120.png 500w, https:\/\/humanas.unsl.edu.ar\/wp-content\/uploads\/2026\/02\/banner_programa_discapacidad_500x120-300x72.png 300w\" sizes=\"(max-width: 500px) 100vw, 500px\" \/><\/a><\/figure>\n<\/div>\n\n\n\n<div class=\"is-layout-flow wp-block-column has-ast-global-color-3-color has-text-color\">\n<figure class=\"wp-block-image aligncenter size-full is-style-default\"><a href=\"https:\/\/humanas.unsl.edu.ar\/index.php\/inicio\/accesibilidad\/\"><img decoding=\"async\" loading=\"lazy\" width=\"500\" height=\"120\" src=\"https:\/\/humanas.unsl.edu.ar\/wp-content\/uploads\/2026\/02\/banner_programa_accesibilidad_fch_500x120.png\" alt=\"\" class=\"wp-image-14460\" srcset=\"https:\/\/humanas.unsl.edu.ar\/wp-content\/uploads\/2026\/02\/banner_programa_accesibilidad_fch_500x120.png 500w, https:\/\/humanas.unsl.edu.ar\/wp-content\/uploads\/2026\/02\/banner_programa_accesibilidad_fch_500x120-300x72.png 300w\" sizes=\"(max-width: 500px) 100vw, 500px\" \/><\/a><\/figure>\n<\/div>\n<\/div>\n<\/div><\/div>\n<\/div><\/div>\n\n\n\n<div class=\"wp-block-jetpack-layout-grid alignfull column1-desktop-grid__span-3 column1-desktop-grid__row-1 column2-desktop-grid__span-3 column2-desktop-grid__start-4 column2-desktop-grid__row-1 column3-desktop-grid__span-3 column3-desktop-grid__start-7 column3-desktop-grid__row-1 column4-desktop-grid__span-3 column4-desktop-grid__start-10 column4-desktop-grid__row-1 column1-tablet-grid__span-4 column1-tablet-grid__row-1 column2-tablet-grid__span-4 column2-tablet-grid__start-5 column2-tablet-grid__row-1 column3-tablet-grid__span-4 column3-tablet-grid__row-2 column4-tablet-grid__span-4 column4-tablet-grid__start-5 column4-tablet-grid__row-2 column1-mobile-grid__span-4 column1-mobile-grid__row-1 column2-mobile-grid__span-4 column2-mobile-grid__row-2 column3-mobile-grid__span-4 column3-mobile-grid__row-3 column4-mobile-grid__span-4 column4-mobile-grid__row-4 wp-block-jetpack-layout-gutter__medium\">\n<div class=\"wp-block-jetpack-layout-grid-column wp-block-jetpack-layout-grid__padding-none is-vertically-aligned-top\">\n<h6 id=\"informacion-institucional\"><strong>INFORMACI\u00d3N INSTITUCIONAL<\/strong><\/h6>\n\n\n\n<p><strong>Tel\u00e9fono:<\/strong>&nbsp;+54 (0266) 4520300<\/p>\n\n\n\n<p><strong>Direcci\u00f3n:<\/strong>&nbsp;Ej\u00e9rcito de Los Andes 950, D5700HHW.<br>San Luis, Argentina <br><strong>\u00bfC\u00f3mo llegar?<\/strong><br><a href=\"https:\/\/goo.gl\/maps\/JfpaQGqv7zH2\" target=\"_blank\" rel=\"noopener\">Ver ubicaci\u00f3n en Google Maps<\/a><\/p>\n<\/div>\n\n\n\n<div class=\"wp-block-jetpack-layout-grid-column wp-block-jetpack-layout-grid__padding-none is-vertically-aligned-top\">\n<h6 id=\"contactos-frecuentes\"><strong>CONTACTOS FRECUENTES<\/strong><\/h6>\n\n\n\n<p><strong>Consultas Acad\u00e9micas:<\/strong><br><a href=\"http:\/\/secretar\u00eda.academica.fchumanas@gmail.com\">secretar\u00eda.academica.fchumanas@gmail.com<\/a><\/p>\n\n\n\n<p><strong><span style=\"font-size: 1em; font-family: var(--font-base, 'Noto Sans', -apple-system, BlinkMacSystemFont, 'Segoe UI', 'Roboto', 'Oxygen', 'Ubuntu', 'Cantarell', 'Fira Sans', 'Droid Sans', 'Helvetica Neue', sans-serif);\">\u00c1rea de Prensa FCH:<\/span><\/strong> <br>Mail: <a href=\"mailto:prensahumanas@gmail.com\" target=\"_blank\" rel=\"noopener\">prensahumanas@gmail.com<\/a><\/p>\n<\/div>\n\n\n\n<div class=\"wp-block-jetpack-layout-grid-column wp-block-jetpack-layout-grid__padding-none is-vertically-aligned-top\">\n<h6><strong>REDES SOCIALES<\/strong><\/h6>\n\n\n\n<figure class=\"wp-block-image size-full is-resized\"><a href=\"https:\/\/www.facebook.com\/FacultaddeCienciasHumanasUNSL\"><img decoding=\"async\" loading=\"lazy\" src=\"https:\/\/humanas.unsl.edu.ar\/wp-content\/uploads\/2022\/05\/2.png\" alt=\"\" class=\"wp-image-2234\" width=\"54\" height=\"54\"\/><\/a><\/figure>\n\n\n\n<figure class=\"wp-block-image size-full is-resized\"><a href=\"https:\/\/www.instagram.com\/fchunsl\/\"><img decoding=\"async\" loading=\"lazy\" src=\"https:\/\/humanas.unsl.edu.ar\/wp-content\/uploads\/2022\/05\/3.png\" alt=\"\" class=\"wp-image-2235\" width=\"60\" height=\"60\"\/><\/a><\/figure>\n\n\n\n<figure class=\"wp-block-image size-full is-resized\"><a href=\"https:\/\/www.youtube.com\/user\/FCHumanas\/featured\"><img decoding=\"async\" loading=\"lazy\" src=\"https:\/\/humanas.unsl.edu.ar\/wp-content\/uploads\/2022\/05\/4.png\" alt=\"\" class=\"wp-image-2236\" width=\"65\" height=\"65\"\/><\/a><\/figure>\n<\/div>\n\n\n\n<div class=\"wp-block-jetpack-layout-grid-column wp-block-jetpack-layout-grid__padding-none is-vertically-aligned-top\">\n<h6 id=\"mapa-del-sitio\"><strong>MAPA DEL SITIO<\/strong><\/h6>\n\n\n\n<p class=\"has-small-font-size\"><a href=\"https:\/\/humanas.unsl.edu.ar\/index.php\/institucional\/\"><strong>INSTITUCIONAL<\/strong><\/a><\/p>\n\n\n\n<p class=\"has-small-font-size\"><a href=\"https:\/\/humanasunsl.wordpress.com\/carreras\/\"><strong>CARRERAS<\/strong><\/a><\/p>\n\n\n\n<p class=\"has-small-font-size\"><a href=\"https:\/\/humanas.unsl.edu.ar\/index.php\/ingreso\/\"><strong>INGRESO<\/strong><\/a><\/p>\n\n\n\n<p class=\"has-small-font-size\"><a href=\"https:\/\/humanas.unsl.edu.ar\/index.php\/docentes-2\/\"><strong>DOCENTES<\/strong><\/a><\/p>\n\n\n\n<p class=\"has-small-font-size\"><a href=\"https:\/\/humanas.unsl.edu.ar\/index.php\/estudiantes\/\"><strong>ESTUDIANTES<\/strong><\/a><\/p>\n\n\n\n<p class=\"has-small-font-size\"><a href=\"http:\/\/www.unsl.edu.ar\/\" target=\"_blank\" rel=\"noreferrer noopener\"><strong>UNSL<\/strong><\/a><\/p>\n\n\n\n<p class=\"has-small-font-size\"><strong><a href=\"https:\/\/humanas.unsl.edu.ar\/index.php\/noticias\/\" data-type=\"page\" data-id=\"186\">NOTICIAS<\/a><\/strong><\/p>\n<\/div>\n<\/div>\n","protected":false},"excerpt":{"rendered":"<p>Inicio \/ Elecciones Universitarias 2025 \/ Graduados Elecciones Universitarias 2025 INSCRIPCIONES DE GRADUADOS La Resoluci\u00f3n de Consejo Directivo RCD04-323\/2024 &#8211; Declara abierta la inscripci\u00f3n al Padr\u00f3n de Graduados desde las 00:00 horas del d\u00eda lunes 16 de diciembre de 2024 hasta las 23:59:59 horas del d\u00eda jueves 27 de febrero de 2025, de acuerdo a &hellip;<\/p>\n<p class=\"read-more\"> <a class=\"\" href=\"https:\/\/humanas.unsl.edu.ar\/index.php\/inicio\/elecciones\/elecciones-graduados\/\"> <span class=\"screen-reader-text\">elecciones-graduados<\/span> Leer m\u00e1s &raquo;<\/a><\/p>\n","protected":false},"author":1,"featured_media":0,"parent":11608,"menu_order":5,"comment_status":"closed","ping_status":"closed","template":"","meta":{"site-sidebar-layout":"default","site-content-layout":"","ast-site-content-layout":"default","site-content-style":"default","site-sidebar-style":"default","ast-global-header-display":"","ast-banner-title-visibility":"","ast-main-header-display":"","ast-hfb-above-header-display":"","ast-hfb-below-header-display":"","ast-hfb-mobile-header-display":"","site-post-title":"","ast-breadcrumbs-content":"","ast-featured-img":"","footer-sml-layout":"","theme-transparent-header-meta":"","adv-header-id-meta":"","stick-header-meta":"","header-above-stick-meta":"","header-main-stick-meta":"","header-below-stick-meta":"","astra-migrate-meta-layouts":"set","ast-page-background-enabled":"default","ast-page-background-meta":{"desktop":{"background-color":"var(--ast-global-color-4)","background-image":"","background-repeat":"repeat","background-position":"center center","background-size":"auto","background-attachment":"scroll","background-type":"","background-media":"","overlay-type":"","overlay-color":"","overlay-gradient":""},"tablet":{"background-color":"","background-image":"","background-repeat":"repeat","background-position":"center center","background-size":"auto","background-attachment":"scroll","background-type":"","background-media":"","overlay-type":"","overlay-color":"","overlay-gradient":""},"mobile":{"background-color":"","background-image":"","background-repeat":"repeat","background-position":"center center","background-size":"auto","background-attachment":"scroll","background-type":"","background-media":"","overlay-type":"","overlay-color":"","overlay-gradient":""}},"ast-content-background-meta":{"desktop":{"background-color":"var(--ast-global-color-5)","background-image":"","background-repeat":"repeat","background-position":"center center","background-size":"auto","background-attachment":"scroll","background-type":"","background-media":"","overlay-type":"","overlay-color":"","overlay-gradient":""},"tablet":{"background-color":"var(--ast-global-color-5)","background-image":"","background-repeat":"repeat","background-position":"center center","background-size":"auto","background-attachment":"scroll","background-type":"","background-media":"","overlay-type":"","overlay-color":"","overlay-gradient":""},"mobile":{"background-color":"var(--ast-global-color-5)","background-image":"","background-repeat":"repeat","background-position":"center center","background-size":"auto","background-attachment":"scroll","background-type":"","background-media":"","overlay-type":"","overlay-color":"","overlay-gradient":""}}},"_links":{"self":[{"href":"https:\/\/humanas.unsl.edu.ar\/index.php\/wp-json\/wp\/v2\/pages\/11660"}],"collection":[{"href":"https:\/\/humanas.unsl.edu.ar\/index.php\/wp-json\/wp\/v2\/pages"}],"about":[{"href":"https:\/\/humanas.unsl.edu.ar\/index.php\/wp-json\/wp\/v2\/types\/page"}],"author":[{"embeddable":true,"href":"https:\/\/humanas.unsl.edu.ar\/index.php\/wp-json\/wp\/v2\/users\/1"}],"replies":[{"embeddable":true,"href":"https:\/\/humanas.unsl.edu.ar\/index.php\/wp-json\/wp\/v2\/comments?post=11660"}],"version-history":[{"count":9,"href":"https:\/\/humanas.unsl.edu.ar\/index.php\/wp-json\/wp\/v2\/pages\/11660\/revisions"}],"predecessor-version":[{"id":12608,"href":"https:\/\/humanas.unsl.edu.ar\/index.php\/wp-json\/wp\/v2\/pages\/11660\/revisions\/12608"}],"up":[{"embeddable":true,"href":"https:\/\/humanas.unsl.edu.ar\/index.php\/wp-json\/wp\/v2\/pages\/11608"}],"wp:attachment":[{"href":"https:\/\/humanas.unsl.edu.ar\/index.php\/wp-json\/wp\/v2\/media?parent=11660"}],"curies":[{"name":"wp","href":"https:\/\/api.w.org\/{rel}","templated":true}]}}