{"id":11699,"date":"2024-12-20T18:19:10","date_gmt":"2024-12-20T21:19:10","guid":{"rendered":"https:\/\/humanas.unsl.edu.ar\/?page_id=11699"},"modified":"2025-10-15T18:09:23","modified_gmt":"2025-10-15T21:09:23","slug":"doctorado-en-ciencias-sociales","status":"publish","type":"page","link":"https:\/\/humanas.unsl.edu.ar\/index.php\/inicio\/carreras\/carreras-de-posgrado\/doctorado-en-ciencias-sociales\/","title":{"rendered":"Doctorado en Ciencias Sociales"},"content":{"rendered":"\n<div style=\"height:14px\" aria-hidden=\"true\" class=\"wp-block-spacer\"><\/div>\n\n\n\n<h6 class=\"wp-elements-04f690f534bdcf1436f275265879ee97 alignwide has-background has-link-color\" id=\"inicio\" style=\"background-color:#fde2cb;line-height:1.5\"><a href=\"https:\/\/humanas.unsl.edu.ar\/\" data-type=\"page\" data-id=\"264\">Inicio<\/a> \/ <a href=\"https:\/\/humanas.unsl.edu.ar\/index.php\/carreras\/carreras-de-posgrado\/\" data-type=\"page\" data-id=\"799\">Carreras de Posgrado<\/a> \/ Doctorado en Ciencias Sociales<\/h6>\n\n\n\n<div style=\"height:22px\" aria-hidden=\"true\" class=\"wp-block-spacer\"><\/div>\n\n\n\n<div class=\"is-content-justification-center is-layout-flex wp-container-1 wp-block-buttons\">\n<div class=\"wp-block-button has-custom-width wp-block-button__width-50\"><a class=\"wp-block-button__link has-ast-global-color-5-color has-text-color has-background wp-element-button\" href=\"http:\/\/posgrado.unsl.edu.ar\/\" style=\"border-radius:7px;background-color:#ed6f03\">Posgrado UNSL<\/a><\/div>\n<\/div>\n\n\n\n<div style=\"height:27px\" aria-hidden=\"true\" class=\"wp-block-spacer\"><\/div>\n\n\n\n<div class=\"is-layout-flex wp-container-4 wp-block-columns alignwide are-vertically-aligned-top\">\n<div class=\"is-layout-flow wp-block-column is-vertically-aligned-top\" style=\"flex-basis:66.66%\">\n<h4 class=\"alignfull has-text-color has-background\" id=\"bienvenidx-a-la-facultad-de-ciencias-humanas\" style=\"color:#ffffff;background-color:#ed6f03;letter-spacing:0px;line-height:1.5\"><strong>Doctorado en Ciencias Sociales<\/strong><\/h4>\n\n\n\n<figure class=\"wp-block-image aligncenter size-full\"><img decoding=\"async\" loading=\"lazy\" width=\"672\" height=\"140\" src=\"https:\/\/humanas.unsl.edu.ar\/wp-content\/uploads\/2025\/05\/logo_cabecera_ddo_cs_sociales-670x140-1.jpg\" alt=\"\" class=\"wp-image-12648\" srcset=\"https:\/\/humanas.unsl.edu.ar\/wp-content\/uploads\/2025\/05\/logo_cabecera_ddo_cs_sociales-670x140-1.jpg 672w, https:\/\/humanas.unsl.edu.ar\/wp-content\/uploads\/2025\/05\/logo_cabecera_ddo_cs_sociales-670x140-1-300x63.jpg 300w\" sizes=\"(max-width: 672px) 100vw, 672px\" \/><\/figure>\n\n\n\n<p class=\"has-text-align-center has-medium-font-size\">El <strong>Doctorado en Ciencias Sociales<\/strong> es una carrera coordinada por la Facultad de Ciencias Humanas y la Facultad de Ciencias Econ\u00f3micas, Jur\u00eddicas y Sociales de la Universdidad Nacional de San Luis<\/p>\n\n\n\n<blockquote class=\"wp-block-quote is-style-plain\" style=\"font-size:16px\">\n<p class=\"has-text-align-justify\">El Doctorado propone aportar claves de lectura e interpretaci\u00f3n que habiliten tanto a la descripci\u00f3n de los procesos y los fen\u00f3menos sociales -su estructuraci\u00f3n, din\u00e1micas y transformaciones-, cuanto a la puesta en discusi\u00f3n de los \u00f3rdenes y tendencias que atraviesan a la totalidad social en sus m\u00faltiples dimensiones. En este sentido, consideramos necesario propiciar procesos de pensamiento e investigaci\u00f3n capaces de recuperar discusiones centrales dentro del campo de las Ciencias Sociales, particularmente en el contexto de la actual crisis civilizatoria.<\/p>\n\n\n\n<p class=\"has-text-align-justify\">Como parte de ello el Doctorado busca contribuir a la convergencia entre propuestas epistemol\u00f3gicas, te\u00f3ricas y metodol\u00f3gicas que permitan potenciar la formaci\u00f3n para la investigaci\u00f3n desde las instancias de posgrado. En esta l\u00ednea, promueve&nbsp;posicionamientos acad\u00e9micos-pol\u00edticos frente a las tendencias contempor\u00e1neas, con base en los fundamentos disciplinares de las Ciencias Sociales para el abordaje de aspectos coyunturales, transformaciones epocales y condicionantes estructurales.<\/p>\n\n\n\n<p><\/p>\n<\/blockquote>\n\n\n\n<p><\/p>\n\n\n\n<h5 class=\"alignfull has-luminous-vivid-amber-background-color has-text-color has-background\" id=\"bienvenidx-a-la-facultad-de-ciencias-humanas\" style=\"color:#ffffff;letter-spacing:0px;line-height:1.5\">Plan de Estudios y reglamentaciones<\/h5>\n\n\n\n<blockquote class=\"wp-block-quote\">\n<p class=\"wp-elements-94fd0eb7e756e210a159f9726b364b57 has-link-color\"><strong><a href=\"https:\/\/humanas.unsl.edu.ar\/wp-content\/uploads\/2024\/12\/OCD04-11-2024.pdf\">OCD04 &#8211; 11\/2024<\/a><\/strong><a href=\"http:\/\/OCD4-11-2024.PDF\"> <\/a>&#8211; FCH. Creaci\u00f3n y Plan de Estudios. Carrera: <strong>Doctorado en Ciencias Sociales<\/strong>.<br><strong><a href=\"https:\/\/humanas.unsl.edu.ar\/wp-content\/uploads\/2025\/05\/OCD-4-2024-FCEJS.pdf\">OCD15 &#8211; 04\/2024<\/a><\/strong><a href=\"http:\/\/OCD4-11-2024.PDF\"> <\/a>&#8211; FCEJS. Creaci\u00f3n y Plan de Estudios. Carrera: <strong>Doctorado en Ciencias Sociales<\/strong>.<br><strong><a href=\"https:\/\/humanas.unsl.edu.ar\/wp-content\/uploads\/2024\/12\/OCD04-12-2024.pdf\">OCD4 &#8211; 12\/2024<\/a><\/strong> &#8211; FCH. Reglamento interno de la carrera.<br><strong><a href=\"https:\/\/humanas.unsl.edu.ar\/wp-content\/uploads\/2024\/12\/RCD15-33-2024.pdf\">RCD4 &#8211; 33\/2024<\/a><\/strong> &#8211; FCH. Designaci\u00f3n de Directora, Co-Director e Integrantes del Comit\u00e9 Acad\u00e9mico.<br><strong><a href=\"https:\/\/humanas.unsl.edu.ar\/wp-content\/uploads\/2025\/05\/RCD-33-2024-FCEJS.pdf\">RCD15 &#8211; 33\/2024<\/a><\/strong> &#8211; FCEJS. Designaci\u00f3n de Directora, Co-Director e Integrantes del Comit\u00e9 Acad\u00e9mico.<br><strong><a href=\"https:\/\/humanas.unsl.edu.ar\/wp-content\/uploads\/2024\/12\/CONEAU-IF2024-108906111.pdf\">CONEAU-IF2024-108906111<\/a> &#8211; <\/strong>Reconocimiento provisorio  de Coneau.<br><\/p>\n<\/blockquote>\n\n\n\n<h5 class=\"alignfull has-text-color has-background\" id=\"documentacion-requerida-para-el-ingreso-a-la-fch\" style=\"color:#ffffff;background-color:#f18c12;letter-spacing:0px;line-height:1.5\">Documentaci\u00f3n requerida para la inscripci\u00f3n<\/h5>\n\n\n\n<blockquote class=\"wp-block-quote\">\n<p class=\"has-text-align-center\"><strong>COHORTE 2025 &#8211; INSCRIPCIONES<\/strong><\/p>\n\n\n\n<p> <a href=\"https:\/\/humanas.unsl.edu.ar\/wp-content\/uploads\/2025\/08\/dcs-anexo-ii-inscripcion.pdf\"><img decoding=\"async\" loading=\"lazy\" width=\"20\" height=\"22\" class=\"wp-image-6056\" style=\"width: 20px;\" src=\"https:\/\/humanas.unsl.edu.ar\/wp-content\/uploads\/2023\/04\/gif_pdf-e1682429369964.jpg\" alt=\"\"><\/a>  <a href=\"https:\/\/humanas.unsl.edu.ar\/wp-content\/uploads\/2025\/08\/dcs-anexo-ii-inscripcion.docx\"><img decoding=\"async\" loading=\"lazy\" width=\"20\" height=\"19\" class=\"wp-image-6064\" style=\"width: 20px;\" src=\"https:\/\/humanas.unsl.edu.ar\/wp-content\/uploads\/2023\/04\/gif_word4-gif-e1682429452897.jpg\" alt=\"\"><\/a>  Formulario de inscripci\u00f3n. Anexo II.<\/p>\n\n\n\n<p> <a href=\"https:\/\/humanas.unsl.edu.ar\/wp-content\/uploads\/2025\/08\/dcs-anexo-iii-plan-tesis.pdf\"><img decoding=\"async\" loading=\"lazy\" width=\"20\" height=\"22\" class=\"wp-image-6056\" style=\"width: 20px;\" src=\"https:\/\/humanas.unsl.edu.ar\/wp-content\/uploads\/2023\/04\/gif_pdf-e1682429369964.jpg\" alt=\"\"><\/a>  <a href=\"https:\/\/humanas.unsl.edu.ar\/wp-content\/uploads\/2025\/08\/dcs-anexo-iii-plan-tesis.docx\"><img decoding=\"async\" loading=\"lazy\" width=\"20\" height=\"19\" class=\"wp-image-6064\" style=\"width: 20px;\" src=\"https:\/\/humanas.unsl.edu.ar\/wp-content\/uploads\/2023\/04\/gif_word4-gif-e1682429452897.jpg\" alt=\"\"><\/a>  Formulario Plan de tesis y formaci\u00f3n. Anexo III.<\/p>\n<\/blockquote>\n\n\n\n<h4 class=\"alignfull has-white-color has-text-color has-background\" id=\"documentacion-requerida-para-el-ingreso-a-la-fch\" style=\"background-color:#f8b719;letter-spacing:0px;line-height:1\">Aranceles. Cohorte 2025<\/h4>\n\n\n\n<p class=\"has-text-align-center\"><strong>Doctorado en Ciencias Sociales (UNSL).<\/strong><br><strong> Aranceles anuales.<\/strong><\/p>\n\n\n\n<blockquote class=\"wp-block-quote\">\n<p>*Docentes de la FCH y FCEJS: sin costo.<\/p>\n\n\n\n<p>*Egresados de la FCH y FCEJS: $80.000.-<\/p>\n\n\n\n<p>*Docentes de la UNSL no pertenecientes a la FCH y FCEJS: $100.000.-<\/p>\n\n\n\n<p>*Docentes de instituciones educativas p\u00fablicas de Nivel Superior de la Provincia de San Luis $120.000.-<\/p>\n\n\n\n<p>*Egresados, docentes y\/o profesionales de universidades p\u00fablicas y\/o instituciones educativas p\u00fablicas de Nivel Superior: $160.000.-<\/p>\n\n\n\n<p>*Egresados, docentes y\/o profesionales de universidades privadas y\/o instituciones educativas privadas de Nivel Superior: $ 280.000.-<\/p>\n\n\n\n<p>*Egresados y profesionales de universidades extranjeras U$S1.500<\/p>\n<\/blockquote>\n<\/div>\n\n\n\n<div class=\"is-layout-flow wp-block-column is-vertically-aligned-top\" style=\"flex-basis:33.33%\">\n<h4 class=\"has-text-align-center has-white-color has-luminous-vivid-orange-background-color has-text-color has-background\" style=\"line-height:1.5\">Contactos<\/h4>\n\n\n\n<p><\/p>\n\n\n\n<p class=\"has-text-align-center\"><strong>Doctorado en Ciencias Sociales<\/strong><br>E-mail: <a rel=\"noreferrer noopener\" href=\"mailto:doctoradocs@gmail.com\" target=\"_blank\"><\/a><a rel=\"noreferrer noopener\" href=\"mailto:doctoradocs.unsl@gmail.com\" target=\"_blank\">doctoradocs.unsl@gmail.com<\/a><\/p>\n\n\n\n<div style=\"height:26px\" aria-hidden=\"true\" class=\"wp-block-spacer\"><\/div>\n\n\n\n<p class=\"has-text-align-center\">Directora de la Carrera:<br><strong>Dra. Mar\u00eda Gabriela GASQUEZ (UNSL)<\/strong><br>Co-Director:<br><strong>Dr. Daniel Gustavo GORRA (UNSL)<\/strong><\/p>\n\n\n\n<div style=\"height:26px\" aria-hidden=\"true\" class=\"wp-block-spacer\"><\/div>\n\n\n\n<div style=\"height:67px\" aria-hidden=\"true\" class=\"wp-block-spacer\"><\/div>\n\n\n\n<p class=\"has-text-align-center\" style=\"font-size:16px\"><strong>Comit\u00e9 acad\u00e9mico:<\/strong><br>Dra. Mar\u00eda Eugenia BOITO (UNC)<br>Dr. Enrique ELORZA, (UNSL)<br>Dr. Julio GAMBINA (UNSL)<br>Dr. Emmanuel GINESTRA (UNSL)<br>Dra. Mar\u00eda Carla RODR\u00cdGUEZ (UBA)<br>Dra. Mar\u00eda Bel\u00e9n ROLFI (UNSL)<br>Dr. Emilio Jos\u00e9 SEVESO (UNSL)<br><\/p>\n\n\n\n<div style=\"height:26px\" aria-hidden=\"true\" class=\"wp-block-spacer\"><\/div>\n\n\n\n<p class=\"has-text-align-center\"><strong>SECRETAR\u00cdA DE POSGRADO<br>Dra. Mar\u00eda Celeste Rom\u00e1<\/strong> <br>Sede: Secretar\u00eda de Posgrado<br>Facultad de Ciencias Humanas<br>Edificio Rectorado. 1\u00ba Piso &#8211; Sector &#8220;B&#8221;<br>Tel\u00e9fonos: 2664 520300 Int. 5328<br>Mail:\u00a0<a href=\"mailto:posgradoch@gmail.com\">posgradoch@gmail.com<\/a><\/p>\n\n\n\n<div style=\"height:26px\" aria-hidden=\"true\" class=\"wp-block-spacer\"><\/div>\n\n\n\n<p><\/p>\n\n\n\n<figure class=\"wp-block-image aligncenter size-full is-resized\"><a href=\"https:\/\/fchportaldigital.unsl.edu.ar\/\"><img decoding=\"async\" loading=\"lazy\" src=\"https:\/\/humanas.unsl.edu.ar\/wp-content\/uploads\/2022\/10\/icono-portal-digital.png\" alt=\"\" class=\"wp-image-3997\" width=\"80\" height=\"80\" srcset=\"https:\/\/humanas.unsl.edu.ar\/wp-content\/uploads\/2022\/10\/icono-portal-digital.png 278w, https:\/\/humanas.unsl.edu.ar\/wp-content\/uploads\/2022\/10\/icono-portal-digital-150x150.png 150w, https:\/\/humanas.unsl.edu.ar\/wp-content\/uploads\/2022\/10\/icono-portal-digital-250x250.png 250w\" sizes=\"(max-width: 80px) 100vw, 80px\" \/><\/a><\/figure>\n<\/div>\n<\/div>\n\n\n\n<div style=\"height:20px\" aria-hidden=\"true\" class=\"wp-block-spacer\"><\/div>\n\n\n\n<div class=\"inherit-container-width is-layout-constrained wp-block-group alignfull\"><div class=\"wp-block-group__inner-container\">\n<div class=\"wp-block-cover alignfull is-light\" style=\"min-height:267px\"><span aria-hidden=\"true\" class=\"wp-block-cover__background has-background-dim-100 has-background-dim\" style=\"background-color:#d9d9d9\"><\/span><div class=\"wp-block-cover__inner-container\">\n<p class=\"has-text-align-center has-ast-global-color-8-color has-text-color has-medium-font-size\" style=\"font-style:normal;font-weight:700;line-height:1\"><strong>Pol\u00edticas de inclusi\u00f3n, g\u00e9nero y cuidado integral<\/strong><\/p>\n\n\n\n<div class=\"is-layout-flex wp-container-9 wp-block-columns alignfull\">\n<div class=\"is-layout-flow wp-block-column\">\n<figure class=\"wp-block-image size-full\"><a href=\"https:\/\/www.unsl.edu.ar\/index.php\/menu\/eti\"><img decoding=\"async\" loading=\"lazy\" width=\"480\" height=\"120\" src=\"https:\/\/humanas.unsl.edu.ar\/wp-content\/uploads\/2026\/02\/banner_protocolo_violencia_500x120-480x120-1.png\" alt=\"\" class=\"wp-image-14467\" srcset=\"https:\/\/humanas.unsl.edu.ar\/wp-content\/uploads\/2026\/02\/banner_protocolo_violencia_500x120-480x120-1.png 480w, https:\/\/humanas.unsl.edu.ar\/wp-content\/uploads\/2026\/02\/banner_protocolo_violencia_500x120-480x120-1-300x75.png 300w\" sizes=\"(max-width: 480px) 100vw, 480px\" \/><\/a><\/figure>\n<\/div>\n\n\n\n<div class=\"is-layout-flow wp-block-column\">\n<figure class=\"wp-block-image aligncenter size-full\"><a href=\"http:\/\/www.prevencionenadicciones.unsl.edu.ar\/\"><img decoding=\"async\" loading=\"lazy\" width=\"500\" height=\"120\" src=\"https:\/\/humanas.unsl.edu.ar\/wp-content\/uploads\/2026\/02\/banner_programa_adicciones_500x120.png\" alt=\"\" class=\"wp-image-14461\" srcset=\"https:\/\/humanas.unsl.edu.ar\/wp-content\/uploads\/2026\/02\/banner_programa_adicciones_500x120.png 500w, https:\/\/humanas.unsl.edu.ar\/wp-content\/uploads\/2026\/02\/banner_programa_adicciones_500x120-300x72.png 300w\" sizes=\"(max-width: 500px) 100vw, 500px\" \/><\/a><\/figure>\n<\/div>\n\n\n\n<div class=\"is-layout-flow wp-block-column has-ast-global-color-3-color has-text-color\">\n<figure class=\"wp-block-image aligncenter size-full is-style-default\"><a href=\"https:\/\/universidadydiscapacidad.unsl.edu.ar\/\"><img decoding=\"async\" loading=\"lazy\" width=\"500\" height=\"120\" src=\"https:\/\/humanas.unsl.edu.ar\/wp-content\/uploads\/2026\/02\/banner_programa_discapacidad_500x120.png\" alt=\"\" class=\"wp-image-14462\" srcset=\"https:\/\/humanas.unsl.edu.ar\/wp-content\/uploads\/2026\/02\/banner_programa_discapacidad_500x120.png 500w, https:\/\/humanas.unsl.edu.ar\/wp-content\/uploads\/2026\/02\/banner_programa_discapacidad_500x120-300x72.png 300w\" sizes=\"(max-width: 500px) 100vw, 500px\" \/><\/a><\/figure>\n<\/div>\n\n\n\n<div class=\"is-layout-flow wp-block-column has-ast-global-color-3-color has-text-color\">\n<figure class=\"wp-block-image aligncenter size-full is-style-default\"><a href=\"https:\/\/humanas.unsl.edu.ar\/index.php\/inicio\/accesibilidad\/\"><img decoding=\"async\" loading=\"lazy\" width=\"500\" height=\"120\" src=\"https:\/\/humanas.unsl.edu.ar\/wp-content\/uploads\/2026\/02\/banner_programa_accesibilidad_fch_500x120.png\" alt=\"\" class=\"wp-image-14460\" srcset=\"https:\/\/humanas.unsl.edu.ar\/wp-content\/uploads\/2026\/02\/banner_programa_accesibilidad_fch_500x120.png 500w, https:\/\/humanas.unsl.edu.ar\/wp-content\/uploads\/2026\/02\/banner_programa_accesibilidad_fch_500x120-300x72.png 300w\" sizes=\"(max-width: 500px) 100vw, 500px\" \/><\/a><\/figure>\n<\/div>\n<\/div>\n<\/div><\/div>\n<\/div><\/div>\n\n\n\n<div style=\"height:20px\" aria-hidden=\"true\" class=\"wp-block-spacer\"><\/div>\n\n\n\n<div class=\"inherit-container-width is-layout-constrained wp-block-group alignwide\"><div class=\"wp-block-group__inner-container\">\n<div class=\"wp-block-jetpack-layout-grid alignfull column1-desktop-grid__span-3 column1-desktop-grid__row-1 column2-desktop-grid__span-3 column2-desktop-grid__start-4 column2-desktop-grid__row-1 column3-desktop-grid__span-3 column3-desktop-grid__start-7 column3-desktop-grid__row-1 column4-desktop-grid__span-3 column4-desktop-grid__start-10 column4-desktop-grid__row-1 column1-tablet-grid__span-4 column1-tablet-grid__row-1 column2-tablet-grid__span-4 column2-tablet-grid__start-5 column2-tablet-grid__row-1 column3-tablet-grid__span-4 column3-tablet-grid__row-2 column4-tablet-grid__span-4 column4-tablet-grid__start-5 column4-tablet-grid__row-2 column1-mobile-grid__span-4 column1-mobile-grid__row-1 column2-mobile-grid__span-4 column2-mobile-grid__row-2 column3-mobile-grid__span-4 column3-mobile-grid__row-3 column4-mobile-grid__span-4 column4-mobile-grid__row-4 wp-block-jetpack-layout-gutter__medium\">\n<div class=\"wp-block-jetpack-layout-grid-column wp-block-jetpack-layout-grid__padding-none is-vertically-aligned-top\">\n<h6 class=\"has-text-align-center\" id=\"informacion-institucional\"><strong>INFORMACI\u00d3N INSTITUCIONAL<\/strong><\/h6>\n\n\n\n<p><strong>Tel\u00e9fono:<\/strong>&nbsp;+54 (0266) 4520300<\/p>\n\n\n\n<p class=\"wp-elements-e6ca50e8000ea0ddd7ca28e37e89d93a has-link-color\" style=\"font-size:15px\"><strong>Direcci\u00f3n:<\/strong>&nbsp;Ej\u00e9rcito de Los Andes 950, D5700HHW.<br>San Luis, Argentina <br><strong>\u00bfC\u00f3mo llegar?<\/strong><br><a href=\"https:\/\/goo.gl\/maps\/JfpaQGqv7zH2\" target=\"_blank\" rel=\"noopener\">Ver ubicaci\u00f3n en Google Maps<\/a><\/p>\n<\/div>\n\n\n\n<div class=\"wp-block-jetpack-layout-grid-column wp-block-jetpack-layout-grid__padding-none is-vertically-aligned-top\">\n<h6 class=\"has-text-align-center\" id=\"contactos-frecuentes\"><strong>CONTACTOS FRECUENTES<\/strong><\/h6>\n\n\n\n<p class=\"wp-elements-b1aa7a71407969e91e35537b3b790954 has-link-color\" style=\"font-size:15px\"><strong>Consultas Acad\u00e9micas:<\/strong><br><a href=\"mailto:secretar\u00eda.academica.fchumanas@gmail.com\">secretar\u00eda.academica.fchumanas@gmail.com<\/a><\/p>\n\n\n\n<p class=\"wp-elements-c03ba341c07bfc69611de1a9f7cb7103 has-link-color\"><strong><span style=\"font-size: 1em; font-family: var(--font-base, 'Noto Sans', -apple-system, BlinkMacSystemFont, 'Segoe UI', 'Roboto', 'Oxygen', 'Ubuntu', 'Cantarell', 'Fira Sans', 'Droid Sans', 'Helvetica Neue', sans-serif);\">\u00c1rea de Prensa FCH:<\/span><\/strong> <br>Mail: <a href=\"mailto:prensahumanas@gmail.com\" target=\"_blank\" rel=\"noopener\">prensahumanas@gmail.com<\/a><\/p>\n<\/div>\n\n\n\n<div class=\"wp-block-jetpack-layout-grid-column wp-block-jetpack-layout-grid__padding-none is-vertically-aligned-top\">\n<h6 class=\"has-text-align-center\"><strong>REDES SOCIALES<\/strong><\/h6>\n\n\n\n<div style=\"height:39px\" aria-hidden=\"true\" class=\"wp-block-spacer\"><\/div>\n\n\n\n<figure class=\"wp-block-image aligncenter size-large is-resized\"><a href=\"https:\/\/www.facebook.com\/FacultaddeCienciasHumanasUNSL\"><img decoding=\"async\" loading=\"lazy\" src=\"https:\/\/humanas.unsl.edu.ar\/wp-content\/uploads\/2025\/04\/2.png\" alt=\"\" width=\"50\" height=\"50\"\/><\/a><\/figure>\n\n\n\n<figure class=\"wp-block-image aligncenter size-large is-resized\"><a href=\"https:\/\/www.instagram.com\/dptoeducacionfch_unsl\/  \"><img decoding=\"async\" loading=\"lazy\" src=\"https:\/\/humanas.unsl.edu.ar\/wp-content\/uploads\/2025\/04\/3.png\" alt=\"\" width=\"50\" height=\"50\"\/><\/a><\/figure>\n\n\n\n<figure class=\"wp-block-image aligncenter size-large is-resized\"><a href=\"https:\/\/www.youtube.com\/user\/FCHumanas\/featured\"><img decoding=\"async\" loading=\"lazy\" src=\"https:\/\/humanas.unsl.edu.ar\/wp-content\/uploads\/2025\/04\/4.png\" alt=\"\" width=\"50\" height=\"50\"\/><\/a><\/figure>\n<\/div>\n\n\n\n<div class=\"wp-block-jetpack-layout-grid-column wp-block-jetpack-layout-grid__padding-none is-vertically-aligned-top\">\n<h6 class=\"has-text-align-center\" id=\"mapa-del-sitio\"><strong>MAPA DEL SITIO<\/strong><\/h6>\n\n\n\n<p class=\"wp-elements-1397c35b9e2e918621157f30b7193635 has-link-color has-small-font-size\"><a href=\"https:\/\/humanas.unsl.edu.ar\/index.php\/institucional\/\"><strong>INSTITUCIONAL<\/strong><\/a><\/p>\n\n\n\n<p class=\"wp-elements-0bd3ffa8a883f0b13e6f56164c78a984 has-link-color has-small-font-size\"><strong><a href=\"https:\/\/humanas.unsl.edu.ar\/index.php\/inicio\/carreras\/\" data-type=\"page\" data-id=\"43\">CARRERAS<\/a><\/strong><\/p>\n\n\n\n<p class=\"wp-elements-e08edd761a82e37945c35feca7f941e7 has-link-color has-small-font-size\"><a href=\"https:\/\/humanas.unsl.edu.ar\/index.php\/ingreso\/\"><strong>INGRESO<\/strong><\/a><\/p>\n\n\n\n<p class=\"wp-elements-0f48f5cfddf8f1cb3cc2fc334698f944 has-link-color has-small-font-size\"><strong><a href=\"https:\/\/humanas.unsl.edu.ar\/index.php\/docentes-2\/\">DOCENTES<\/a><\/strong><\/p>\n\n\n\n<p class=\"wp-elements-798f5ae66e960f6a3984ba7e89bbb54f has-link-color has-small-font-size\"><a href=\"https:\/\/humanas.unsl.edu.ar\/index.php\/estudiantes\/\"><strong>ESTUDIANTES<\/strong><\/a><\/p>\n\n\n\n<p class=\"wp-elements-59cdf5b53d24ae7687d9ce067dc9ebd6 has-link-color has-small-font-size\"><a href=\"http:\/\/www.unsl.edu.ar\/\" target=\"_blank\" rel=\"noreferrer noopener\"><strong>UNSL<\/strong><\/a><\/p>\n\n\n\n<p class=\"wp-elements-fb03084c20f509df7c9c2962bde465ce has-link-color has-small-font-size\"><strong><a href=\"https:\/\/humanas.unsl.edu.ar\/index.php\/noticias\/\" data-type=\"page\" data-id=\"186\">NOTICIAS<\/a><\/strong><\/p>\n<\/div>\n<\/div>\n<\/div><\/div>\n","protected":false},"excerpt":{"rendered":"<p>Inicio \/ Carreras de Posgrado \/ Doctorado en Ciencias Sociales Doctorado en Ciencias Sociales El Doctorado en Ciencias Sociales es una carrera coordinada por la Facultad de Ciencias Humanas y la Facultad de Ciencias Econ\u00f3micas, Jur\u00eddicas y Sociales de la Universdidad Nacional de San Luis El Doctorado propone aportar claves de lectura e interpretaci\u00f3n que &hellip;<\/p>\n<p class=\"read-more\"> <a class=\"\" href=\"https:\/\/humanas.unsl.edu.ar\/index.php\/inicio\/carreras\/carreras-de-posgrado\/doctorado-en-ciencias-sociales\/\"> <span class=\"screen-reader-text\">Doctorado en Ciencias Sociales<\/span> Leer m\u00e1s &raquo;<\/a><\/p>\n","protected":false},"author":1,"featured_media":0,"parent":799,"menu_order":11,"comment_status":"closed","ping_status":"closed","template":"","meta":{"site-sidebar-layout":"default","site-content-layout":"","ast-site-content-layout":"default","site-content-style":"default","site-sidebar-style":"default","ast-global-header-display":"","ast-banner-title-visibility":"","ast-main-header-display":"","ast-hfb-above-header-display":"","ast-hfb-below-header-display":"","ast-hfb-mobile-header-display":"","site-post-title":"","ast-breadcrumbs-content":"","ast-featured-img":"","footer-sml-layout":"","theme-transparent-header-meta":"","adv-header-id-meta":"","stick-header-meta":"","header-above-stick-meta":"","header-main-stick-meta":"","header-below-stick-meta":"","astra-migrate-meta-layouts":"set","ast-page-background-enabled":"default","ast-page-background-meta":{"desktop":{"background-color":"var(--ast-global-color-4)","background-image":"","background-repeat":"repeat","background-position":"center center","background-size":"auto","background-attachment":"scroll","background-type":"","background-media":"","overlay-type":"","overlay-color":"","overlay-gradient":""},"tablet":{"background-color":"","background-image":"","background-repeat":"repeat","background-position":"center center","background-size":"auto","background-attachment":"scroll","background-type":"","background-media":"","overlay-type":"","overlay-color":"","overlay-gradient":""},"mobile":{"background-color":"","background-image":"","background-repeat":"repeat","background-position":"center center","background-size":"auto","background-attachment":"scroll","background-type":"","background-media":"","overlay-type":"","overlay-color":"","overlay-gradient":""}},"ast-content-background-meta":{"desktop":{"background-color":"var(--ast-global-color-5)","background-image":"","background-repeat":"repeat","background-position":"center center","background-size":"auto","background-attachment":"scroll","background-type":"","background-media":"","overlay-type":"","overlay-color":"","overlay-gradient":""},"tablet":{"background-color":"var(--ast-global-color-5)","background-image":"","background-repeat":"repeat","background-position":"center center","background-size":"auto","background-attachment":"scroll","background-type":"","background-media":"","overlay-type":"","overlay-color":"","overlay-gradient":""},"mobile":{"background-color":"var(--ast-global-color-5)","background-image":"","background-repeat":"repeat","background-position":"center center","background-size":"auto","background-attachment":"scroll","background-type":"","background-media":"","overlay-type":"","overlay-color":"","overlay-gradient":""}}},"_links":{"self":[{"href":"https:\/\/humanas.unsl.edu.ar\/index.php\/wp-json\/wp\/v2\/pages\/11699"}],"collection":[{"href":"https:\/\/humanas.unsl.edu.ar\/index.php\/wp-json\/wp\/v2\/pages"}],"about":[{"href":"https:\/\/humanas.unsl.edu.ar\/index.php\/wp-json\/wp\/v2\/types\/page"}],"author":[{"embeddable":true,"href":"https:\/\/humanas.unsl.edu.ar\/index.php\/wp-json\/wp\/v2\/users\/1"}],"replies":[{"embeddable":true,"href":"https:\/\/humanas.unsl.edu.ar\/index.php\/wp-json\/wp\/v2\/comments?post=11699"}],"version-history":[{"count":36,"href":"https:\/\/humanas.unsl.edu.ar\/index.php\/wp-json\/wp\/v2\/pages\/11699\/revisions"}],"predecessor-version":[{"id":13784,"href":"https:\/\/humanas.unsl.edu.ar\/index.php\/wp-json\/wp\/v2\/pages\/11699\/revisions\/13784"}],"up":[{"embeddable":true,"href":"https:\/\/humanas.unsl.edu.ar\/index.php\/wp-json\/wp\/v2\/pages\/799"}],"wp:attachment":[{"href":"https:\/\/humanas.unsl.edu.ar\/index.php\/wp-json\/wp\/v2\/media?parent=11699"}],"curies":[{"name":"wp","href":"https:\/\/api.w.org\/{rel}","templated":true}]}}