{"id":11800,"date":"2025-02-20T20:23:13","date_gmt":"2025-02-20T23:23:13","guid":{"rendered":"https:\/\/humanas.unsl.edu.ar\/?page_id=11800"},"modified":"2025-04-15T19:29:03","modified_gmt":"2025-04-15T22:29:03","slug":"enacom-objetivos","status":"publish","type":"page","link":"https:\/\/humanas.unsl.edu.ar\/index.php\/inicio\/enacom\/enacom-objetivos\/","title":{"rendered":"enacom-objetivos"},"content":{"rendered":"\n<div class=\"is-layout-flex wp-container-6 wp-block-columns alignfull are-vertically-aligned-center\">\n<div class=\"is-layout-flow wp-block-column is-vertically-aligned-center\" style=\"border-style:none;border-width:0px;padding-top:0;padding-right:0;padding-bottom:0;padding-left:0;flex-basis:100%\">\n<figure class=\"wp-block-image aligncenter size-full is-resized has-custom-border\"><a href=\"https:\/\/humanas.unsl.edu.ar\/index.php\/inicio\/enacom\/\" target=\"_blank\" rel=\"noreferrer noopener\"><img decoding=\"async\" loading=\"lazy\" src=\"https:\/\/humanas.unsl.edu.ar\/wp-content\/uploads\/2025\/04\/banner-enacom-100x59-1.jpeg\" alt=\"\" class=\"wp-image-12111\" style=\"border-style:none;border-width:0px\" width=\"100\" height=\"59\"\/><\/a><\/figure>\n<\/div>\n\n\n\n<div class=\"is-layout-flow wp-block-column is-vertically-aligned-center\" style=\"border-style:none;border-width:0px;padding-top:0;padding-right:0;padding-bottom:0;padding-left:0;flex-basis:100%\">\n<div class=\"is-content-justification-center is-layout-flex wp-container-2 wp-block-buttons\">\n<div class=\"wp-block-button has-custom-width wp-block-button__width-50 has-custom-font-size is-style-fill has-medium-font-size\"><a class=\"wp-block-button__link has-white-color has-luminous-vivid-orange-background-color has-text-color has-background wp-element-button\" href=\"https:\/\/humanas.unsl.edu.ar\/wp-content\/uploads\/2025\/10\/mapa-enacom-2025.pdf\" style=\"border-radius:6px\" target=\"_blank\" rel=\"noreferrer noopener\"><strong>Mapa<\/strong><\/a><\/div>\n<\/div>\n<\/div>\n\n\n\n<div class=\"is-layout-flow wp-block-column is-vertically-aligned-center\" style=\"border-style:none;border-width:0px;padding-top:0;padding-right:0;padding-bottom:0;padding-left:0;flex-basis:100%\">\n<div class=\"is-content-justification-center is-layout-flex wp-container-4 wp-block-buttons\">\n<div class=\"wp-block-button has-custom-width wp-block-button__width-50 has-custom-font-size is-style-fill has-medium-font-size\"><a class=\"wp-block-button__link has-white-color has-luminous-vivid-orange-background-color has-text-color has-background wp-element-button\" href=\"https:\/\/humanas.unsl.edu.ar\/wp-content\/uploads\/2025\/11\/programa-enacom-2025-final.pdf\" style=\"border-radius:6px\" target=\"_blank\" rel=\"noreferrer noopener\"><strong>Programa<\/strong><\/a><\/div>\n<\/div>\n<\/div>\n<\/div>\n\n\n\n<hr class=\"wp-block-separator alignfull has-text-color has-pale-pink-color has-alpha-channel-opacity has-pale-pink-background-color has-background is-style-wide\"\/>\n\n\n\n<div class=\"is-layout-flex wp-container-23 wp-block-columns alignwide\" style=\"border-style:none;border-width:0px;padding-top:var(--wp--preset--spacing--20);padding-right:var(--wp--preset--spacing--20);padding-bottom:var(--wp--preset--spacing--20);padding-left:var(--wp--preset--spacing--20)\">\n<div class=\"is-content-justification-center is-layout-constrained wp-container-15 wp-block-column has-ast-global-color-5-background-color has-background\" style=\"border-style:none;border-width:0px;flex-basis:90%\">\n<h5 class=\"has-white-color has-text-color has-background\" style=\"background-color:#ef4137\"><strong>Objetivos<\/strong><\/h5>\n\n\n\n<div class=\"is-layout-flex wp-container-14 wp-block-columns\">\n<div class=\"is-layout-flow wp-block-column\" style=\"flex-basis:10%\"><\/div>\n\n\n\n<div class=\"is-layout-flow wp-block-column\" style=\"flex-basis:80%\">\n<p><\/p>\n\n\n\n<div style=\"height:15px\" aria-hidden=\"true\" class=\"wp-block-spacer\"><\/div>\n\n\n\n<blockquote class=\"wp-block-quote\">\n<p class=\"has-text-align-justify\">&#8211; Poner &nbsp;en &nbsp;valor,&nbsp;&nbsp; jerarquizar &nbsp;y&nbsp; &nbsp;visibilizar &nbsp;los &nbsp;aportes propios de los estudios de Comunicaci\u00f3n y su incidencia en el campo de las Ciencias Sociales y las Humanidades.<\/p>\n\n\n\n<p><\/p>\n\n\n\n<p class=\"has-text-align-justify\">&#8211; Sostener y fortalecer los v\u00ednculos entre docentes &nbsp;&#8211; investigadores,&nbsp; comunicadores,&nbsp; extensionistas &nbsp;y estudiantes de instituciones de nivel superior dedicadas al estudio de la Comunicaci\u00f3n.<\/p>\n\n\n\n<p><\/p>\n\n\n\n<p class=\"has-text-align-justify\">&#8211; Generar espacios&nbsp; de intercambio&nbsp; para avanzar,&nbsp; como Federaci\u00f3n,&nbsp;&nbsp; en &nbsp;la &nbsp;construcci\u00f3n&nbsp;&nbsp; de &nbsp;una &nbsp;agenda &nbsp;de trabajo&nbsp;&nbsp; com\u00fan &nbsp;que &nbsp;nos &nbsp;permita&nbsp;&nbsp; pensar &nbsp;e &nbsp;imaginar maneras de asumir &nbsp;este tiempo &nbsp;y &nbsp;los a\u00f1os &nbsp;por&nbsp; venir, siempre &nbsp;en &nbsp;discusi\u00f3n con &nbsp;toda &nbsp;forma&nbsp; que &nbsp;restrinja o limite el potencial dial\u00f3gico de la comunicaci\u00f3n.<\/p>\n\n\n\n<div style=\"height:29px\" aria-hidden=\"true\" class=\"wp-block-spacer\"><\/div>\n\n\n\n<div class=\"is-layout-flex wp-container-9 wp-block-columns\">\n<div class=\"is-layout-flow wp-block-column\" style=\"flex-basis:100%\">\n<figure class=\"wp-block-image alignright size-full is-resized\"><img decoding=\"async\" loading=\"lazy\" src=\"https:\/\/humanas.unsl.edu.ar\/wp-content\/uploads\/2025\/04\/banner-enacom-800x469-2.jpeg\" alt=\"\" class=\"wp-image-12254\" width=\"201\" height=\"117\" srcset=\"https:\/\/humanas.unsl.edu.ar\/wp-content\/uploads\/2025\/04\/banner-enacom-800x469-2.jpeg 800w, https:\/\/humanas.unsl.edu.ar\/wp-content\/uploads\/2025\/04\/banner-enacom-800x469-2-300x176.jpeg 300w, https:\/\/humanas.unsl.edu.ar\/wp-content\/uploads\/2025\/04\/banner-enacom-800x469-2-768x450.jpeg 768w\" sizes=\"(max-width: 201px) 100vw, 201px\" \/><\/figure>\n<\/div>\n<\/div>\n\n\n\n<div class=\"is-layout-flex wp-container-11 wp-block-columns\">\n<div class=\"is-layout-flow wp-block-column\" style=\"flex-basis:100%\">\n<p class=\"has-text-align-center has-text-color has-medium-font-size\" style=\"color:#be202e\">San Luis te espera<\/p>\n<\/div>\n<\/div>\n<\/blockquote>\n<\/div>\n\n\n\n<div class=\"is-layout-flow wp-block-column\" style=\"flex-basis:10%\"><\/div>\n<\/div>\n\n\n\n<p><\/p>\n<\/div>\n\n\n\n<div class=\"is-layout-flow wp-block-column has-ast-global-color-6-background-color has-background\" style=\"flex-basis:30%\">\n<div style=\"height:17px\" aria-hidden=\"true\" class=\"wp-block-spacer\"><\/div>\n\n\n\n<div class=\"is-content-justification-center is-layout-flex wp-container-16 wp-block-buttons\">\n<div class=\"wp-block-button has-custom-width wp-block-button__width-75\"><a class=\"wp-block-button__link has-ast-global-color-5-color has-text-color has-background wp-element-button\" href=\"https:\/\/humanas.unsl.edu.ar\/index.php\/inicio\/enacom\/\" style=\"border-radius:6px;background-color:#f15b2a\"><strong>Inicio<\/strong><\/a><\/div>\n\n\n\n<div class=\"wp-block-button has-custom-width wp-block-button__width-75\"><a class=\"wp-block-button__link has-ast-global-color-5-color has-text-color has-background wp-element-button\" href=\"https:\/\/humanas.unsl.edu.ar\/index.php\/inicio\/enacom\/enacom-fundamentacion\/\" style=\"border-radius:6px;background-color:#f15b2a\"><strong>Fundamentaci\u00f3n<\/strong><\/a><\/div>\n\n\n\n<div class=\"wp-block-button has-custom-width wp-block-button__width-75\"><a class=\"wp-block-button__link has-ast-global-color-5-color has-text-color has-background wp-element-button\" href=\"https:\/\/humanas.unsl.edu.ar\/index.php\/inicio\/enacom\/enacom-objetivos\/\" style=\"border-radius:6px;background-color:#f15b2a\"><strong>Objetivos<\/strong><\/a><\/div>\n\n\n\n<div class=\"wp-block-button has-custom-width wp-block-button__width-75\"><a class=\"wp-block-button__link has-ast-global-color-5-color has-text-color has-background wp-element-button\" href=\"https:\/\/humanas.unsl.edu.ar\/index.php\/inicio\/enacom\/enacom-ejes-tematicos\/\" style=\"border-radius:6px;background-color:#f15b2a\"><strong>Ejes Tem\u00e1ticos<\/strong><\/a><\/div>\n\n\n\n<div class=\"wp-block-button has-custom-width wp-block-button__width-75\"><a class=\"wp-block-button__link has-ast-global-color-5-color has-text-color has-background wp-element-button\" href=\"https:\/\/humanas.unsl.edu.ar\/index.php\/inicio\/enacom\/enacom-circulares\/\" style=\"border-radius:6px;background-color:#f15b2a\"><strong>Circulares<\/strong><\/a><\/div>\n\n\n\n<div class=\"wp-block-button has-custom-width wp-block-button__width-75\"><a class=\"wp-block-button__link has-ast-global-color-5-color has-text-color has-background wp-element-button\" href=\"https:\/\/humanas.unsl.edu.ar\/index.php\/inicio\/enacom\/enacom-organizadores\/\" style=\"border-radius:6px;background-color:#f15b2a\"><strong>Organizadores<\/strong><\/a><\/div>\n\n\n\n<div class=\"wp-block-button has-custom-width wp-block-button__width-75\"><a class=\"wp-block-button__link has-ast-global-color-5-color has-text-color has-background wp-element-button\" href=\"https:\/\/humanas.unsl.edu.ar\/index.php\/enacom-resumenes\/\" style=\"border-radius:6px;background-color:#f15b2a\" target=\"_blank\" rel=\"noreferrer noopener\"><strong>Res\u00famenes<\/strong><\/a><\/div>\n\n\n\n<div class=\"wp-block-button has-custom-width wp-block-button__width-75\"><a class=\"wp-block-button__link has-ast-global-color-5-color has-text-color has-background wp-element-button\" href=\"https:\/\/humanas.unsl.edu.ar\/index.php\/inicio\/enacom\/enacom-libros\/\" style=\"border-radius:6px;background-color:#f15b2a\" target=\"_blank\" rel=\"noreferrer noopener\"><strong>Presentaci\u00f3n de libros, dossiers y podcast<\/strong><\/a><\/div>\n\n\n\n<div class=\"wp-block-button has-custom-width wp-block-button__width-75\"><a class=\"wp-block-button__link has-ast-global-color-5-color has-text-color has-background wp-element-button\" href=\"https:\/\/humanas.unsl.edu.ar\/index.php\/inicio\/enacom\/enacom-expocom\/\" style=\"border-radius:6px;background-color:#f15b2a\"><strong>Expocom<\/strong><\/a><\/div>\n\n\n\n<div class=\"wp-block-button has-custom-width wp-block-button__width-75 has-custom-font-size has-medium-font-size\"><a class=\"wp-block-button__link has-ast-global-color-5-color has-text-color has-background wp-element-button\" href=\"https:\/\/humanas.unsl.edu.ar\/wp-content\/uploads\/2025\/11\/programa-enacom-2025-final.pdf\" style=\"border-radius:6px;background-color:#f15b2a\" target=\"_blank\" rel=\"noreferrer noopener\"><strong>Programa<\/strong><\/a><\/div>\n\n\n\n<div class=\"wp-block-button has-custom-width wp-block-button__width-75\"><a class=\"wp-block-button__link has-ast-global-color-5-color has-text-color has-background wp-element-button\" href=\"https:\/\/humanas.unsl.edu.ar\/index.php\/inicio\/enacom\/enacom-aranceles\/\" style=\"border-radius:6px;background-color:#f15b2a\"><strong>Aranceles<\/strong><\/a><\/div>\n\n\n\n<div class=\"wp-block-button has-custom-width wp-block-button__width-75\"><a class=\"wp-block-button__link has-ast-global-color-5-color has-text-color has-background wp-element-button\" href=\"https:\/\/humanas.unsl.edu.ar\/index.php\/inicio\/enacom\/enacom-alojamiento\/\" style=\"border-radius:6px;background-color:#f15b2a\"><strong>Alojamiento<\/strong><\/a><\/div>\n<\/div>\n\n\n\n<div style=\"height:33px\" aria-hidden=\"true\" class=\"wp-block-spacer\"><\/div>\n\n\n\n<p class=\"has-text-align-center\">Contacto:<\/p>\n\n\n\n<p class=\"wp-elements-3bbbafff0349d832458d1eb84fb12c30 has-text-align-center has-link-color\"><a href=\"mailto:enacom2025@gmail.com\"><strong>enacom2025@gmail.com<\/strong><\/a><\/p>\n\n\n\n<div class=\"is-layout-flex wp-container-21 wp-block-columns\">\n<div class=\"is-layout-flow wp-block-column\">\n<div class=\"is-layout-flex wp-container-19 wp-block-columns\">\n<div class=\"is-layout-flow wp-block-column\">\n<figure class=\"wp-block-image aligncenter size-full is-resized\"><a href=\"https:\/\/www.facebook.com\/enacom.fadeccos?locale=es_LA\" target=\"_blank\" rel=\"noreferrer noopener\"><img decoding=\"async\" loading=\"lazy\" src=\"https:\/\/humanas.unsl.edu.ar\/wp-content\/uploads\/2025\/04\/facebook-240x240-1.jpg\" alt=\"\" class=\"wp-image-12142\" width=\"60\" height=\"60\" srcset=\"https:\/\/humanas.unsl.edu.ar\/wp-content\/uploads\/2025\/04\/facebook-240x240-1.jpg 240w, https:\/\/humanas.unsl.edu.ar\/wp-content\/uploads\/2025\/04\/facebook-240x240-1-150x150.jpg 150w\" sizes=\"(max-width: 60px) 100vw, 60px\" \/><\/a><\/figure>\n<\/div>\n\n\n\n<div class=\"is-layout-flow wp-block-column\">\n<figure class=\"wp-block-image aligncenter size-full is-resized\"><a href=\"https:\/\/www.instagram.com\/enacom.fadeccos\/?h\" target=\"_blank\" rel=\"noreferrer noopener\"><img decoding=\"async\" loading=\"lazy\" src=\"https:\/\/humanas.unsl.edu.ar\/wp-content\/uploads\/2025\/04\/Instagram-Logo-384x216-1.png\" alt=\"\" class=\"wp-image-12144\" width=\"111\" height=\"62\" srcset=\"https:\/\/humanas.unsl.edu.ar\/wp-content\/uploads\/2025\/04\/Instagram-Logo-384x216-1.png 384w, https:\/\/humanas.unsl.edu.ar\/wp-content\/uploads\/2025\/04\/Instagram-Logo-384x216-1-300x169.png 300w\" sizes=\"(max-width: 111px) 100vw, 111px\" \/><\/a><\/figure>\n<\/div>\n<\/div>\n<\/div>\n<\/div>\n\n\n\n<div style=\"height:20px\" aria-hidden=\"true\" class=\"wp-block-spacer\"><\/div>\n<\/div>\n<\/div>\n\n\n\n<div style=\"height:28px\" aria-hidden=\"true\" class=\"wp-block-spacer\"><\/div>\n","protected":false},"excerpt":{"rendered":"<p>Objetivos &#8211; Poner &nbsp;en &nbsp;valor,&nbsp;&nbsp; jerarquizar &nbsp;y&nbsp; &nbsp;visibilizar &nbsp;los &nbsp;aportes propios de los estudios de Comunicaci\u00f3n y su incidencia en el campo de las Ciencias Sociales y las Humanidades. &#8211; Sostener y fortalecer los v\u00ednculos entre docentes &nbsp;&#8211; investigadores,&nbsp; comunicadores,&nbsp; extensionistas &nbsp;y estudiantes de instituciones de nivel superior dedicadas al estudio de la Comunicaci\u00f3n. &#8211; &hellip;<\/p>\n<p class=\"read-more\"> <a class=\"\" href=\"https:\/\/humanas.unsl.edu.ar\/index.php\/inicio\/enacom\/enacom-objetivos\/\"> <span class=\"screen-reader-text\">enacom-objetivos<\/span> Leer m\u00e1s &raquo;<\/a><\/p>\n","protected":false},"author":1,"featured_media":0,"parent":11789,"menu_order":2,"comment_status":"closed","ping_status":"closed","template":"","meta":{"site-sidebar-layout":"default","site-content-layout":"","ast-site-content-layout":"default","site-content-style":"default","site-sidebar-style":"default","ast-global-header-display":"","ast-banner-title-visibility":"","ast-main-header-display":"","ast-hfb-above-header-display":"","ast-hfb-below-header-display":"","ast-hfb-mobile-header-display":"","site-post-title":"","ast-breadcrumbs-content":"","ast-featured-img":"","footer-sml-layout":"","theme-transparent-header-meta":"","adv-header-id-meta":"","stick-header-meta":"","header-above-stick-meta":"","header-main-stick-meta":"","header-below-stick-meta":"","astra-migrate-meta-layouts":"set","ast-page-background-enabled":"default","ast-page-background-meta":{"desktop":{"background-color":"var(--ast-global-color-4)","background-image":"","background-repeat":"repeat","background-position":"center center","background-size":"auto","background-attachment":"scroll","background-type":"","background-media":"","overlay-type":"","overlay-color":"","overlay-gradient":""},"tablet":{"background-color":"","background-image":"","background-repeat":"repeat","background-position":"center center","background-size":"auto","background-attachment":"scroll","background-type":"","background-media":"","overlay-type":"","overlay-color":"","overlay-gradient":""},"mobile":{"background-color":"","background-image":"","background-repeat":"repeat","background-position":"center center","background-size":"auto","background-attachment":"scroll","background-type":"","background-media":"","overlay-type":"","overlay-color":"","overlay-gradient":""}},"ast-content-background-meta":{"desktop":{"background-color":"var(--ast-global-color-5)","background-image":"","background-repeat":"repeat","background-position":"center center","background-size":"auto","background-attachment":"scroll","background-type":"","background-media":"","overlay-type":"","overlay-color":"","overlay-gradient":""},"tablet":{"background-color":"var(--ast-global-color-5)","background-image":"","background-repeat":"repeat","background-position":"center center","background-size":"auto","background-attachment":"scroll","background-type":"","background-media":"","overlay-type":"","overlay-color":"","overlay-gradient":""},"mobile":{"background-color":"var(--ast-global-color-5)","background-image":"","background-repeat":"repeat","background-position":"center center","background-size":"auto","background-attachment":"scroll","background-type":"","background-media":"","overlay-type":"","overlay-color":"","overlay-gradient":""}}},"_links":{"self":[{"href":"https:\/\/humanas.unsl.edu.ar\/index.php\/wp-json\/wp\/v2\/pages\/11800"}],"collection":[{"href":"https:\/\/humanas.unsl.edu.ar\/index.php\/wp-json\/wp\/v2\/pages"}],"about":[{"href":"https:\/\/humanas.unsl.edu.ar\/index.php\/wp-json\/wp\/v2\/types\/page"}],"author":[{"embeddable":true,"href":"https:\/\/humanas.unsl.edu.ar\/index.php\/wp-json\/wp\/v2\/users\/1"}],"replies":[{"embeddable":true,"href":"https:\/\/humanas.unsl.edu.ar\/index.php\/wp-json\/wp\/v2\/comments?post=11800"}],"version-history":[{"count":37,"href":"https:\/\/humanas.unsl.edu.ar\/index.php\/wp-json\/wp\/v2\/pages\/11800\/revisions"}],"predecessor-version":[{"id":12451,"href":"https:\/\/humanas.unsl.edu.ar\/index.php\/wp-json\/wp\/v2\/pages\/11800\/revisions\/12451"}],"up":[{"embeddable":true,"href":"https:\/\/humanas.unsl.edu.ar\/index.php\/wp-json\/wp\/v2\/pages\/11789"}],"wp:attachment":[{"href":"https:\/\/humanas.unsl.edu.ar\/index.php\/wp-json\/wp\/v2\/media?parent=11800"}],"curies":[{"name":"wp","href":"https:\/\/api.w.org\/{rel}","templated":true}]}}