{"id":11810,"date":"2025-02-24T15:18:46","date_gmt":"2025-02-24T18:18:46","guid":{"rendered":"https:\/\/humanas.unsl.edu.ar\/?page_id=11810"},"modified":"2025-04-15T19:29:49","modified_gmt":"2025-04-15T22:29:49","slug":"enacom-fundamentacion","status":"publish","type":"page","link":"https:\/\/humanas.unsl.edu.ar\/index.php\/inicio\/enacom\/enacom-fundamentacion\/","title":{"rendered":"enacom-fundamentacion"},"content":{"rendered":"\n<div class=\"is-layout-flex wp-container-6 wp-block-columns alignfull are-vertically-aligned-center\">\n<div class=\"is-layout-flow wp-block-column is-vertically-aligned-center\" style=\"border-style:none;border-width:0px;padding-top:0;padding-right:0;padding-bottom:0;padding-left:0;flex-basis:100%\">\n<figure class=\"wp-block-image aligncenter size-full is-resized has-custom-border\"><a href=\"https:\/\/humanas.unsl.edu.ar\/index.php\/inicio\/enacom\/\" target=\"_blank\" rel=\"noreferrer noopener\"><img decoding=\"async\" loading=\"lazy\" src=\"https:\/\/humanas.unsl.edu.ar\/wp-content\/uploads\/2025\/04\/banner-enacom-100x59-1.jpeg\" alt=\"\" class=\"wp-image-12111\" style=\"border-style:none;border-width:0px\" width=\"100\" height=\"59\"\/><\/a><\/figure>\n<\/div>\n\n\n\n<div class=\"is-layout-flow wp-block-column is-vertically-aligned-center\" style=\"border-style:none;border-width:0px;padding-top:0;padding-right:0;padding-bottom:0;padding-left:0;flex-basis:100%\">\n<div class=\"is-content-justification-center is-layout-flex wp-container-2 wp-block-buttons\">\n<div class=\"wp-block-button has-custom-width wp-block-button__width-50 has-custom-font-size is-style-fill has-medium-font-size\"><a class=\"wp-block-button__link has-white-color has-luminous-vivid-orange-background-color has-text-color has-background wp-element-button\" href=\"https:\/\/humanas.unsl.edu.ar\/wp-content\/uploads\/2025\/10\/mapa-enacom-2025.pdf\" style=\"border-radius:6px\" target=\"_blank\" rel=\"noreferrer noopener\"><strong>Mapa<\/strong><\/a><\/div>\n<\/div>\n<\/div>\n\n\n\n<div class=\"is-layout-flow wp-block-column is-vertically-aligned-center\" style=\"border-style:none;border-width:0px;padding-top:0;padding-right:0;padding-bottom:0;padding-left:0;flex-basis:100%\">\n<div class=\"is-content-justification-center is-layout-flex wp-container-4 wp-block-buttons\">\n<div class=\"wp-block-button has-custom-width wp-block-button__width-50 has-custom-font-size is-style-fill has-medium-font-size\"><a class=\"wp-block-button__link has-white-color has-luminous-vivid-orange-background-color has-text-color has-background wp-element-button\" href=\"https:\/\/humanas.unsl.edu.ar\/wp-content\/uploads\/2025\/11\/programa-enacom-2025-final.pdf\" style=\"border-radius:6px\" target=\"_blank\" rel=\"noreferrer noopener\"><strong>Programa<\/strong><\/a><\/div>\n<\/div>\n<\/div>\n<\/div>\n\n\n\n<hr class=\"wp-block-separator alignfull has-text-color has-pale-pink-color has-alpha-channel-opacity has-pale-pink-background-color has-background is-style-wide\"\/>\n\n\n\n<div class=\"is-layout-flex wp-container-15 wp-block-columns alignwide\" style=\"border-style:none;border-width:0px;border-radius:0px;padding-top:0;padding-right:0;padding-bottom:0;padding-left:0\">\n<div class=\"is-content-justification-center is-layout-constrained wp-container-7 wp-block-column has-ast-global-color-5-background-color has-background\" style=\"border-style:none;border-width:0px;flex-basis:90%\">\n<h5 class=\"has-white-color has-text-color has-background\" style=\"background-color:#ef4137\"><strong>Fundamentaci\u00f3n<\/strong><\/h5>\n\n\n\n<blockquote class=\"wp-block-quote\">\n<p class=\"has-text-align-justify\">El &nbsp;campo de estudios &nbsp;de la Comunicaci\u00f3n lleva m\u00e1s de un siglo de aportes. El di\u00e1logo de saberes, su vinculaci\u00f3n con las Ciencias Sociales y las Humanidades est\u00e1 en la base de su constituci\u00f3n, as\u00ed como&nbsp; el conjunto &nbsp;de paradigmas y &nbsp;tradiciones &nbsp;que han dado lugar a diferentes &nbsp;l\u00edneas de pensamiento &nbsp;y acci\u00f3n &nbsp;que nos llevan a reconocer la diversidad de \u00e1reas y temas de inter\u00e9s que, acorde a &nbsp;sesgos y&nbsp;&nbsp; determinantes &nbsp;epocales, &nbsp;han &nbsp;definido &nbsp;trayectos&nbsp;&nbsp; y disputas en el campo.<\/p>\n\n\n\n<p class=\"has-text-align-justify\">No &nbsp;sin contradicciones, &nbsp;tanto &nbsp;la investigaci\u00f3n como la formaci\u00f3n en comunicaci\u00f3n &nbsp;han&nbsp; estado tensionadas, &nbsp;desde siempre, &nbsp;por intereses &nbsp;de &nbsp;diversa&nbsp; \u00edndole. &nbsp;Algunas, &nbsp;traducidas &nbsp;en &nbsp;debates&nbsp; &nbsp;y cr\u00edticas de \u00e9poca fueron configurando el campo y sugiriendo las claves&nbsp;&nbsp; de&nbsp; &nbsp;problematizaci\u00f3n&nbsp;&nbsp; &nbsp;para&nbsp; &nbsp;pensar&nbsp; &nbsp;el&nbsp; &nbsp;lugar&nbsp; &nbsp;de&nbsp; &nbsp;la comunicaci\u00f3n en&nbsp; procesos medi\u00e1ticos, &nbsp;sociales, &nbsp;pol\u00edticos, culturales, comunitarios, educativos, art\u00edsticos.<\/p>\n\n\n\n<p class=\"has-text-align-justify\">Como parte de ese devenir algunos temas y sentidos &nbsp;adquirieron un car\u00e1cter particular en la regi\u00f3n. Desde la comunicaci\u00f3n alternativa y popular a los &nbsp;estudios sobre audiencias y consumos culturales, &nbsp;pasando &nbsp;por &nbsp;la&nbsp; pregunta sobre &nbsp;la&nbsp; t\u00e9cnica, &nbsp;por &nbsp;los an\u00e1lisis de &nbsp;los&nbsp; &nbsp;medios &nbsp;y &nbsp;las &nbsp;industrias &nbsp;culturales&nbsp; en &nbsp;clave de cr\u00edtica ideol\u00f3gica y&nbsp; discursiva hasta &nbsp;sus v\u00ednculos con lo &nbsp;p\u00fablico, con los &nbsp;poderes y sus estrategias en cada nivel de la trama social, desde lo&nbsp; micro a la macro social. Asimismo, demandas hist\u00f3ricas afines&nbsp; a &nbsp;la &nbsp;comunicaci\u00f3n, &nbsp;algunas de &nbsp;larga data y &nbsp;otras &nbsp;m\u00e1s ancladas&nbsp; en &nbsp;lo&nbsp; &nbsp;coyuntural, &nbsp;fueron &nbsp;haci\u00e9ndose &nbsp;un &nbsp;lugar en &nbsp;la agenda acad\u00e9mica.<\/p>\n\n\n\n<p class=\"has-text-align-justify\">Las posibilidades que nos otorga los &nbsp;estudios de la comunicaci\u00f3n para&nbsp; &nbsp;pensar&nbsp; &nbsp;y&nbsp;&nbsp; &nbsp;decir&nbsp;&nbsp;&nbsp; nuestro&nbsp; &nbsp;tiempo&nbsp;&nbsp;&nbsp; son&nbsp; importantes&nbsp;&nbsp;&nbsp; y significativas. &nbsp;Pero precisamos &nbsp;reconocer, &nbsp;sobre todo, &nbsp;que se trata de una responsabilidad. El&nbsp; estado actual de las cosas, esto es, la matriz socio-cultural operante, las formas que adquiere la comunicaci\u00f3n, los determinantes t\u00e9cnicos y tecnol\u00f3gicos, las din\u00e1micas &nbsp;de las industrias &nbsp;culturales que emergen y propician, &nbsp;y la incidencia de todo ello en el campo acad\u00e9mico, en el campo profesional &nbsp;y &nbsp;en &nbsp;la &nbsp;vida &nbsp;cotidiana &nbsp;de&nbsp; los&nbsp; &nbsp;sujetos, &nbsp;as\u00ed  como &nbsp;el contexto &nbsp;hist\u00f3rico-pol\u00edtico,&nbsp; &nbsp;las &nbsp;tendencias&nbsp; &nbsp;y&nbsp; &nbsp;doxas&nbsp; de &nbsp;\u00e9poca requieren&nbsp; que pongamos a la comunicaci\u00f3n&nbsp; en el centro de la escena, &nbsp;no como modelo de&nbsp; comprensi\u00f3n &nbsp;universal &nbsp;sino &nbsp;como actor &nbsp;involucrado en&nbsp; el proceso &nbsp;hist\u00f3rico-cultural que &nbsp;nos trajo hasta ac\u00e1.<\/p>\n\n\n\n<p class=\"has-text-align-justify\">Por ello, ante un mundo acelerado invocamos un tiempo de comunicaci\u00f3n&nbsp;&nbsp; como &nbsp;llamado &nbsp;a &nbsp;un &nbsp;detenimiento&nbsp;&nbsp; reflexivo&nbsp; &nbsp;y necesario &nbsp;en torno a los &nbsp;procesos que han ido &nbsp;construyendo unas preguntas por lo comunicacional.<\/p>\n\n\n\n<p class=\"has-text-align-center has-luminous-vivid-orange-color has-ast-global-color-5-background-color has-text-color has-background has-medium-font-size\">San Luis&nbsp;te espera<\/p>\n<\/blockquote>\n\n\n\n<div style=\"height:51px\" aria-hidden=\"true\" class=\"wp-block-spacer\"><\/div>\n\n\n\n<p><\/p>\n<\/div>\n\n\n\n<div class=\"is-layout-flow wp-block-column has-ast-global-color-6-background-color has-background\" style=\"flex-basis:30%\">\n<div style=\"height:17px\" aria-hidden=\"true\" class=\"wp-block-spacer\"><\/div>\n\n\n\n<div class=\"is-content-justification-center is-layout-flex wp-container-8 wp-block-buttons\">\n<div class=\"wp-block-button has-custom-width wp-block-button__width-75\"><a class=\"wp-block-button__link has-ast-global-color-5-color has-text-color has-background wp-element-button\" href=\"https:\/\/humanas.unsl.edu.ar\/index.php\/inicio\/enacom\/\" style=\"border-radius:6px;background-color:#f15b2a\"><strong>Inicio<\/strong><\/a><\/div>\n\n\n\n<div class=\"wp-block-button has-custom-width wp-block-button__width-75\"><a class=\"wp-block-button__link has-ast-global-color-5-color has-text-color has-background wp-element-button\" href=\"https:\/\/humanas.unsl.edu.ar\/index.php\/inicio\/enacom\/enacom-fundamentacion\/\" style=\"border-radius:6px;background-color:#f15b2a\"><strong>Fundamentaci\u00f3n<\/strong><\/a><\/div>\n\n\n\n<div class=\"wp-block-button has-custom-width wp-block-button__width-75\"><a class=\"wp-block-button__link has-ast-global-color-5-color has-text-color has-background wp-element-button\" href=\"https:\/\/humanas.unsl.edu.ar\/index.php\/inicio\/enacom\/enacom-objetivos\/\" style=\"border-radius:6px;background-color:#f15b2a\"><strong>Objetivos<\/strong><\/a><\/div>\n\n\n\n<div class=\"wp-block-button has-custom-width wp-block-button__width-75\"><a class=\"wp-block-button__link has-ast-global-color-5-color has-text-color has-background wp-element-button\" href=\"https:\/\/humanas.unsl.edu.ar\/index.php\/inicio\/enacom\/enacom-ejes-tematicos\/\" style=\"border-radius:6px;background-color:#f15b2a\"><strong>Ejes Tem\u00e1ticos<\/strong><\/a><\/div>\n\n\n\n<div class=\"wp-block-button has-custom-width wp-block-button__width-75\"><a class=\"wp-block-button__link has-ast-global-color-5-color has-text-color has-background wp-element-button\" href=\"https:\/\/humanas.unsl.edu.ar\/index.php\/inicio\/enacom\/enacom-circulares\/\" style=\"border-radius:6px;background-color:#f15b2a\"><strong>Circulares<\/strong><\/a><\/div>\n\n\n\n<div class=\"wp-block-button has-custom-width wp-block-button__width-75\"><a class=\"wp-block-button__link has-ast-global-color-5-color has-text-color has-background wp-element-button\" href=\"https:\/\/humanas.unsl.edu.ar\/index.php\/inicio\/enacom\/enacom-organizadores\/\" style=\"border-radius:6px;background-color:#f15b2a\"><strong>Organizadores<\/strong><\/a><\/div>\n\n\n\n<div class=\"wp-block-button has-custom-width wp-block-button__width-75\"><a class=\"wp-block-button__link has-ast-global-color-5-color has-text-color has-background wp-element-button\" href=\"https:\/\/humanas.unsl.edu.ar\/index.php\/enacom-resumenes\/\" style=\"border-radius:6px;background-color:#f15b2a\" target=\"_blank\" rel=\"noreferrer noopener\"><strong>Res\u00famenes<\/strong><\/a><\/div>\n\n\n\n<div class=\"wp-block-button has-custom-width wp-block-button__width-75\"><a class=\"wp-block-button__link has-ast-global-color-5-color has-text-color has-background wp-element-button\" href=\"https:\/\/humanas.unsl.edu.ar\/index.php\/inicio\/enacom\/enacom-libros\/\" style=\"border-radius:6px;background-color:#f15b2a\" target=\"_blank\" rel=\"noreferrer noopener\"><strong>Presentaci\u00f3n de libros, dossiers y podcast<\/strong><\/a><\/div>\n\n\n\n<div class=\"wp-block-button has-custom-width wp-block-button__width-75\"><a class=\"wp-block-button__link has-ast-global-color-5-color has-text-color has-background wp-element-button\" href=\"https:\/\/humanas.unsl.edu.ar\/index.php\/inicio\/enacom\/enacom-expocom\/\" style=\"border-radius:6px;background-color:#f15b2a\"><strong>Expocom<\/strong><\/a><\/div>\n\n\n\n<div class=\"wp-block-button has-custom-width wp-block-button__width-75 has-custom-font-size has-medium-font-size\"><a class=\"wp-block-button__link has-ast-global-color-5-color has-text-color has-background wp-element-button\" href=\"https:\/\/humanas.unsl.edu.ar\/wp-content\/uploads\/2025\/11\/programa-enacom-2025-final.pdf\" style=\"border-radius:6px;background-color:#f15b2a\" target=\"_blank\" rel=\"noreferrer noopener\"><strong>Programa<\/strong><\/a><\/div>\n\n\n\n<div class=\"wp-block-button has-custom-width wp-block-button__width-75\"><a class=\"wp-block-button__link has-ast-global-color-5-color has-text-color has-background wp-element-button\" href=\"https:\/\/humanas.unsl.edu.ar\/index.php\/inicio\/enacom\/enacom-aranceles\/\" style=\"border-radius:6px;background-color:#f15b2a\"><strong>Aranceles<\/strong><\/a><\/div>\n\n\n\n<div class=\"wp-block-button has-custom-width wp-block-button__width-75\"><a class=\"wp-block-button__link has-ast-global-color-5-color has-text-color has-background wp-element-button\" href=\"https:\/\/humanas.unsl.edu.ar\/index.php\/inicio\/enacom\/enacom-alojamiento\/\" style=\"border-radius:6px;background-color:#f15b2a\"><strong>Alojamiento<\/strong><\/a><\/div>\n<\/div>\n\n\n\n<div style=\"height:33px\" aria-hidden=\"true\" class=\"wp-block-spacer\"><\/div>\n\n\n\n<p class=\"has-text-align-center\">Contacto:<\/p>\n\n\n\n<p class=\"wp-elements-3bbbafff0349d832458d1eb84fb12c30 has-text-align-center has-link-color\"><a href=\"mailto:enacom2025@gmail.com\"><strong>enacom2025@gmail.com<\/strong><\/a><\/p>\n\n\n\n<div class=\"is-layout-flex wp-container-13 wp-block-columns\">\n<div class=\"is-layout-flow wp-block-column\">\n<div class=\"is-layout-flex wp-container-11 wp-block-columns\">\n<div class=\"is-layout-flow wp-block-column\">\n<figure class=\"wp-block-image aligncenter size-full is-resized\"><a href=\"https:\/\/www.facebook.com\/enacom.fadeccos?locale=es_LA\" target=\"_blank\" rel=\"noreferrer noopener\"><img decoding=\"async\" loading=\"lazy\" src=\"https:\/\/humanas.unsl.edu.ar\/wp-content\/uploads\/2025\/04\/facebook-240x240-1.jpg\" alt=\"\" class=\"wp-image-12142\" width=\"60\" height=\"60\" srcset=\"https:\/\/humanas.unsl.edu.ar\/wp-content\/uploads\/2025\/04\/facebook-240x240-1.jpg 240w, https:\/\/humanas.unsl.edu.ar\/wp-content\/uploads\/2025\/04\/facebook-240x240-1-150x150.jpg 150w\" sizes=\"(max-width: 60px) 100vw, 60px\" \/><\/a><\/figure>\n<\/div>\n\n\n\n<div class=\"is-layout-flow wp-block-column\">\n<figure class=\"wp-block-image aligncenter size-full is-resized\"><a href=\"https:\/\/www.instagram.com\/enacom.fadeccos\/?h\" target=\"_blank\" rel=\"noreferrer noopener\"><img decoding=\"async\" loading=\"lazy\" src=\"https:\/\/humanas.unsl.edu.ar\/wp-content\/uploads\/2025\/04\/Instagram-Logo-384x216-1.png\" alt=\"\" class=\"wp-image-12144\" width=\"111\" height=\"62\" srcset=\"https:\/\/humanas.unsl.edu.ar\/wp-content\/uploads\/2025\/04\/Instagram-Logo-384x216-1.png 384w, https:\/\/humanas.unsl.edu.ar\/wp-content\/uploads\/2025\/04\/Instagram-Logo-384x216-1-300x169.png 300w\" sizes=\"(max-width: 111px) 100vw, 111px\" \/><\/a><\/figure>\n<\/div>\n<\/div>\n<\/div>\n<\/div>\n\n\n\n<div style=\"height:20px\" aria-hidden=\"true\" class=\"wp-block-spacer\"><\/div>\n<\/div>\n<\/div>\n\n\n\n<div style=\"height:28px\" aria-hidden=\"true\" class=\"wp-block-spacer\"><\/div>\n","protected":false},"excerpt":{"rendered":"<p>Fundamentaci\u00f3n El &nbsp;campo de estudios &nbsp;de la Comunicaci\u00f3n lleva m\u00e1s de un siglo de aportes. El di\u00e1logo de saberes, su vinculaci\u00f3n con las Ciencias Sociales y las Humanidades est\u00e1 en la base de su constituci\u00f3n, as\u00ed como&nbsp; el conjunto &nbsp;de paradigmas y &nbsp;tradiciones &nbsp;que han dado lugar a diferentes &nbsp;l\u00edneas de pensamiento &nbsp;y acci\u00f3n &nbsp;que &hellip;<\/p>\n<p class=\"read-more\"> <a class=\"\" href=\"https:\/\/humanas.unsl.edu.ar\/index.php\/inicio\/enacom\/enacom-fundamentacion\/\"> <span class=\"screen-reader-text\">enacom-fundamentacion<\/span> Leer m\u00e1s &raquo;<\/a><\/p>\n","protected":false},"author":1,"featured_media":0,"parent":11789,"menu_order":3,"comment_status":"closed","ping_status":"closed","template":"","meta":{"site-sidebar-layout":"default","site-content-layout":"","ast-site-content-layout":"default","site-content-style":"default","site-sidebar-style":"default","ast-global-header-display":"","ast-banner-title-visibility":"","ast-main-header-display":"","ast-hfb-above-header-display":"","ast-hfb-below-header-display":"","ast-hfb-mobile-header-display":"","site-post-title":"","ast-breadcrumbs-content":"","ast-featured-img":"","footer-sml-layout":"","theme-transparent-header-meta":"","adv-header-id-meta":"","stick-header-meta":"","header-above-stick-meta":"","header-main-stick-meta":"","header-below-stick-meta":"","astra-migrate-meta-layouts":"set","ast-page-background-enabled":"default","ast-page-background-meta":{"desktop":{"background-color":"var(--ast-global-color-4)","background-image":"","background-repeat":"repeat","background-position":"center center","background-size":"auto","background-attachment":"scroll","background-type":"","background-media":"","overlay-type":"","overlay-color":"","overlay-gradient":""},"tablet":{"background-color":"","background-image":"","background-repeat":"repeat","background-position":"center center","background-size":"auto","background-attachment":"scroll","background-type":"","background-media":"","overlay-type":"","overlay-color":"","overlay-gradient":""},"mobile":{"background-color":"","background-image":"","background-repeat":"repeat","background-position":"center center","background-size":"auto","background-attachment":"scroll","background-type":"","background-media":"","overlay-type":"","overlay-color":"","overlay-gradient":""}},"ast-content-background-meta":{"desktop":{"background-color":"var(--ast-global-color-5)","background-image":"","background-repeat":"repeat","background-position":"center center","background-size":"auto","background-attachment":"scroll","background-type":"","background-media":"","overlay-type":"","overlay-color":"","overlay-gradient":""},"tablet":{"background-color":"var(--ast-global-color-5)","background-image":"","background-repeat":"repeat","background-position":"center center","background-size":"auto","background-attachment":"scroll","background-type":"","background-media":"","overlay-type":"","overlay-color":"","overlay-gradient":""},"mobile":{"background-color":"var(--ast-global-color-5)","background-image":"","background-repeat":"repeat","background-position":"center center","background-size":"auto","background-attachment":"scroll","background-type":"","background-media":"","overlay-type":"","overlay-color":"","overlay-gradient":""}}},"_links":{"self":[{"href":"https:\/\/humanas.unsl.edu.ar\/index.php\/wp-json\/wp\/v2\/pages\/11810"}],"collection":[{"href":"https:\/\/humanas.unsl.edu.ar\/index.php\/wp-json\/wp\/v2\/pages"}],"about":[{"href":"https:\/\/humanas.unsl.edu.ar\/index.php\/wp-json\/wp\/v2\/types\/page"}],"author":[{"embeddable":true,"href":"https:\/\/humanas.unsl.edu.ar\/index.php\/wp-json\/wp\/v2\/users\/1"}],"replies":[{"embeddable":true,"href":"https:\/\/humanas.unsl.edu.ar\/index.php\/wp-json\/wp\/v2\/comments?post=11810"}],"version-history":[{"count":21,"href":"https:\/\/humanas.unsl.edu.ar\/index.php\/wp-json\/wp\/v2\/pages\/11810\/revisions"}],"predecessor-version":[{"id":12452,"href":"https:\/\/humanas.unsl.edu.ar\/index.php\/wp-json\/wp\/v2\/pages\/11810\/revisions\/12452"}],"up":[{"embeddable":true,"href":"https:\/\/humanas.unsl.edu.ar\/index.php\/wp-json\/wp\/v2\/pages\/11789"}],"wp:attachment":[{"href":"https:\/\/humanas.unsl.edu.ar\/index.php\/wp-json\/wp\/v2\/media?parent=11810"}],"curies":[{"name":"wp","href":"https:\/\/api.w.org\/{rel}","templated":true}]}}