{"id":11864,"date":"2025-02-27T17:49:42","date_gmt":"2025-02-27T20:49:42","guid":{"rendered":"https:\/\/humanas.unsl.edu.ar\/?page_id=11864"},"modified":"2025-12-29T19:59:47","modified_gmt":"2025-12-29T22:59:47","slug":"carrera-posgrado-epgelse","status":"publish","type":"page","link":"https:\/\/humanas.unsl.edu.ar\/index.php\/inicio\/carreras\/carreras-de-posgrado\/carrera-posgrado-epgelse\/","title":{"rendered":"Especializaci\u00f3n en Planificaci\u00f3n y Gesti\u00f3n del ESLE"},"content":{"rendered":"\n<div style=\"height:25px\" aria-hidden=\"true\" class=\"wp-block-spacer\"><\/div>\n\n\n\n<h6 class=\"wp-elements-91c8117fcd4f5b957637e537be031e11 alignwide has-ast-global-color-3-color has-text-color has-background has-link-color\" id=\"inicio\" style=\"background-color:#fde2cb;line-height:1.5\"><a href=\"https:\/\/humanas.unsl.edu.ar\/\" data-type=\"page\" data-id=\"264\">Inicio<\/a> \/ <a href=\"https:\/\/humanas.unsl.edu.ar\/index.php\/inicio\/carreras\/carreras-de-posgrado\/\" data-type=\"page\" data-id=\"799\">Carreras de Posgrado<\/a> \/ Especializaci\u00f3n en Planificaci\u00f3n y Gesti\u00f3n del ESLE <\/h6>\n\n\n\n<div style=\"height:25px\" aria-hidden=\"true\" class=\"wp-block-spacer\"><\/div>\n\n\n\n<div class=\"is-content-justification-center is-layout-flex wp-container-1 wp-block-buttons\">\n<div class=\"wp-block-button has-custom-width wp-block-button__width-50\"><a class=\"wp-block-button__link has-ast-global-color-5-color has-text-color has-background wp-element-button\" href=\"http:\/\/posgrado.unsl.edu.ar\/\" style=\"background-color:#ed6f03\">Posgrado UNSL<\/a><\/div>\n<\/div>\n\n\n\n<div style=\"height:17px\" aria-hidden=\"true\" class=\"wp-block-spacer\"><\/div>\n\n\n\n<div class=\"is-layout-flex wp-container-4 wp-block-columns alignwide\">\n<div class=\"is-layout-flow wp-block-column is-vertically-aligned-center\" style=\"flex-basis:66.66%\">\n<h4 class=\"alignfull has-text-color has-background\" id=\"bienvenidx-a-la-facultad-de-ciencias-humanas\" style=\"color:#ffffff;background-color:#ed6f03;letter-spacing:0px;line-height:1.5\">Especializaci\u00f3n en Planificaci\u00f3n y Gesti\u00f3n de la Ense\u00f1anza del Espa\u00f1ol como Lengua Segunda y Extranjera<\/h4>\n\n\n\n<blockquote class=\"wp-block-quote has-text-align-center\">\n<figure class=\"wp-block-image aligncenter size-full is-resized\"><a href=\"https:\/\/humanas.unsl.edu.ar\/wp-content\/uploads\/2025\/10\/afiche-epgelse-cohorte-2026.jpeg\"><img decoding=\"async\" loading=\"lazy\" src=\"https:\/\/humanas.unsl.edu.ar\/wp-content\/uploads\/2025\/10\/afiche-epgelse-cohorte-2026-502x620-1.jpeg\" alt=\"\" class=\"wp-image-13792\" width=\"377\" height=\"470\" srcset=\"https:\/\/humanas.unsl.edu.ar\/wp-content\/uploads\/2025\/10\/afiche-epgelse-cohorte-2026-502x620-1.jpeg 502w, https:\/\/humanas.unsl.edu.ar\/wp-content\/uploads\/2025\/10\/afiche-epgelse-cohorte-2026-502x620-1-240x300.jpeg 240w\" sizes=\"(max-width: 377px) 100vw, 377px\" \/><\/a><\/figure>\n\n\n\n<p><\/p>\n\n\n\n<p class=\"has-text-align-left\"><strong>Modalidad a distancia<\/strong>.<\/p>\n\n\n\n<p class=\"has-text-align-justify\">La profesionalizaci\u00f3n del Espa\u00f1ol como Lengua Extranjera (ELSE) en el \u00e1mbito de la Facultad de Ciencias Humanas de la Universidad Nacional de San Luis, ha permitido la creaci\u00f3n (acreditada por CONEAU) de la&nbsp;<strong>Especializaci\u00f3n en Planificaci\u00f3n y Gesti\u00f3n del ELSE&nbsp;<\/strong>a distancia. Su objetivo principal es propiciar un posicionamiento activo, comprometido y responsable frente al conocimiento espec\u00edfico del ELSE con vistas a impulsar, asesorar y evaluar propuestas de planificaci\u00f3n y de gesti\u00f3n institucional, acad\u00e9mica y \u00e1ulica en la disciplina.<\/p>\n\n\n\n<p class=\"has-text-align-justify\">Los ocho m\u00f3dulos de aprendizaje de la carrera se distribuyen en tres ejes: el primero abarca contenidos provenientes de la psicoling\u00fc\u00edstica, la socioling\u00fc\u00edstica y el an\u00e1lisis del discurso; el segundo profundiza la vinculaci\u00f3n del ELSE con herramientas digitales para la producci\u00f3n de materiales; y el tercero incluye la realizaci\u00f3n de dise\u00f1os de planificaci\u00f3n y gesti\u00f3n para la organizaci\u00f3n de proyectos institucionales en \u00e1mbitos de biling\u00fcismo o de inmersi\u00f3n en ELSE. En coherencia con la modalidad, se despliega un espacio virtual que brinda asesoramiento tecnol\u00f3gico a los equipos docentes y a los estudiantes para&nbsp;elaborar e implementar diversas actividades destinadas a la formaci\u00f3n de recursos humanos que planifiquen y gestionen el ELSE en diversos contextos.<\/p>\n\n\n\n<p><\/p>\n<\/blockquote>\n\n\n\n<h5 class=\"alignfull has-luminous-vivid-amber-background-color has-text-color has-background\" id=\"bienvenidx-a-la-facultad-de-ciencias-humanas\" style=\"color:#ffffff;letter-spacing:0px;line-height:1.5\">Plan de Estudio y reglamentaciones<\/h5>\n\n\n\n<blockquote class=\"wp-block-quote\">\n<p class=\"wp-elements-0d9d09196a7f4e72efa78c7813447d8c has-text-align-justify has-ast-global-color-3-color has-text-color has-link-color\"><strong><a href=\"https:\/\/humanas.unsl.edu.ar\/wp-content\/uploads\/2025\/02\/OCD-9-24.pdf\">OCD &#8211; 009\/24<\/a><\/strong>. Creaci\u00f3n de la Carrera: Especializaci\u00f3n en Planificaci\u00f3n y Gesti\u00f3n del Espa\u00f1ol como Lengua Segunda y Extranjera (ESLE).<br><strong><a href=\"https:\/\/humanas.unsl.edu.ar\/wp-content\/uploads\/2025\/02\/OCD-10-24.pdf\">OCD \u2013 010\/24<\/a><\/strong>&nbsp;\u2013&nbsp;Reglamentaci\u00f3n&nbsp;y funcionamiento de la&nbsp;Carrera.<br><strong><a href=\"https:\/\/humanas.unsl.edu.ar\/wp-content\/uploads\/2025\/02\/RCD-49-24.pdf\">RCD &#8211; 049\/24<\/a><\/strong>. Designaci\u00f3n Autoridades y  Comit\u00e9 Acad\u00e9mico de la carrera.<br><strong><a href=\"https:\/\/humanas.unsl.edu.ar\/wp-content\/uploads\/2025\/02\/RCD-50-24.pdf\">RCD &#8211; 050\/24<\/a><\/strong>. Designaci\u00f3n del cuerpo docente de la carrera.<br><a href=\"https:\/\/humanas.unsl.edu.ar\/wp-content\/uploads\/2025\/02\/IF-2024-137180949-APN-CONEAUMCH.pdf\"><strong>IF-2024-137180949-APN-CONEAU#MCH<\/strong><\/a>. Reconocimiento Oficial Provisorio de CONEAU.<br>Modalidad: a distancia.<br>La <strong>carrera tiene una duraci\u00f3n total de 360 horas<\/strong>, distribuidas en nueve m\u00f3dulos que se dictar\u00e1n a lo largo de nueve meses, m\u00e1s un <strong>trabajo final integrador<\/strong>.<\/p>\n<\/blockquote>\n\n\n\n<h5 class=\"alignfull has-text-color has-background\" id=\"documentacion-requerida-para-el-ingreso-a-la-fch\" style=\"color:#ffffff;background-color:#f18c12;letter-spacing:0px;line-height:1.5\"><strong>Preinscripci\u00f3n COHORTE 2026<\/strong><\/h5>\n\n\n\n<blockquote class=\"wp-block-quote\">\n<p><a href=\"https:\/\/humanas.unsl.edu.ar\/wp-content\/uploads\/2025\/10\/Ficha-de-Inscripcion-EE.pdf\"><img decoding=\"async\" loading=\"lazy\" width=\"20\" height=\"22\" class=\"wp-image-10277\" style=\"width: 20px;\" src=\"https:\/\/humanas.unsl.edu.ar\/wp-content\/uploads\/2024\/07\/gif_pdf-e1682429369964.jpg\" alt=\"\"><\/a>  <a href=\"https:\/\/humanas.unsl.edu.ar\/wp-content\/uploads\/2025\/10\/Ficha-de-Inscripcion-EE.doc\"><img decoding=\"async\" loading=\"lazy\" width=\"32\" height=\"31\" class=\"wp-image-12469\" style=\"width: 30px;\" src=\"https:\/\/humanas.unsl.edu.ar\/wp-content\/uploads\/2025\/04\/gif_word4-gif.jpg\" alt=\"\"><\/a>  &#8211;  Ficha de Inscripci\u00f3n a la especializaci\u00f3n Cohorte 2026<\/p>\n<\/blockquote>\n\n\n\n<p><\/p>\n\n\n\n<h5 class=\"alignfull has-white-color has-text-color has-background\" id=\"documentacion-requerida-para-el-ingreso-a-la-fch\" style=\"background-color:#f8b719;letter-spacing:0px;line-height:1.5\">Aranceles<\/h5>\n\n\n\n<blockquote class=\"wp-block-quote\">\n<p class=\"has-text-align-center\"><strong>Cohorte 2026<\/strong><\/p>\n\n\n\n<p class=\"has-text-align-left\"><br>* Matricula anual: $ 60000.-<\/p>\n\n\n\n<p>* Costo de cada m\u00f3dulo: $ 60000.-<\/p>\n\n\n\n<p>* Estudiantes extranjeros: U$$ 200  (doscientos dolares)<\/p>\n<\/blockquote>\n<\/div>\n\n\n\n<div class=\"is-layout-flow wp-block-column is-vertically-aligned-top\" style=\"flex-basis:33.33%\">\n<h4 class=\"has-text-align-center has-white-color has-luminous-vivid-orange-background-color has-text-color has-background\" style=\"line-height:1.5\">Contactos<\/h4>\n\n\n\n<p class=\"wp-elements-cd5094e8004893017677fb9c15d8f142 has-text-align-center has-link-color\"><strong>Especializaci\u00f3n en Planificaci\u00f3n y Gesti\u00f3n del ESLE<\/strong><br>Mail: <a rel=\"noreferrer noopener\" href=\"mailto:especializacionelse.unsl@gmail.com\" target=\"_blank\">especializacionelse.unsl@gmail.com<\/a><\/p>\n\n\n\n<div style=\"height:15px\" aria-hidden=\"true\" class=\"wp-block-spacer\"><\/div>\n\n\n\n<p class=\"has-text-align-center\"><strong>Autoridades:<\/strong><br>Directora:<br><strong>Esp. Brinia GUAYCOCHEA (UNSL)<\/strong><br><br>Co-Directora:<br><strong>Dra. Beatriz SURIANI (UNSL)<\/strong><br><br>Co-Directora de Educacion a Distancia:<br><strong>Mgtr. Mariela Genoveva&nbsp;MONTHELIER<\/strong><\/p>\n\n\n\n<p><\/p>\n\n\n\n<div style=\"height:23px\" aria-hidden=\"true\" class=\"wp-block-spacer\"><\/div>\n\n\n\n<p class=\"has-text-align-center has-small-font-size\"><strong>Integrantes Comit\u00e9 Acad\u00e9mico:<\/strong><br>Esp. Brinia&nbsp;GUAYCOCHEA<br>Dra. Beatriz SURIANI<br>Mgtr. Mariela Genoveva MONTHELIER<br>Dra. Elbia Hayde\u00e9 DIFABIO<br> Mgtr. Silvina Beatriz BARROSO<br>Esp. Lidia del Carmen UNGER<br>Dra. Dora Diana LUENGO<br> <\/p>\n\n\n\n<div style=\"height:44px\" aria-hidden=\"true\" class=\"wp-block-spacer\"><\/div>\n\n\n\n<p class=\"has-text-align-center\"><strong>SECRETAR\u00cdA DE POSGRADO<br>Dra. Mar\u00eda Celeste Rom\u00e1<\/strong><br>Sede: Secretar\u00eda de Posgrado FCH<br>Edificio Rectorado. 1\u00ba Piso &#8211; Sector &#8220;B&#8221;<br>Tel\u00e9fonos: 2664 520300 Int. 5328<br>Mail:&nbsp;<a href=\"mailto:posgradoch@gmail.com\">posgradoch@gmail.com<\/a><\/p>\n\n\n\n<p><\/p>\n\n\n\n<figure class=\"wp-block-image aligncenter size-full is-resized\"><a href=\"https:\/\/fchportaldigital.unsl.edu.ar\/\"><img decoding=\"async\" loading=\"lazy\" src=\"https:\/\/humanas.unsl.edu.ar\/wp-content\/uploads\/2022\/10\/icono-portal-digital.png\" alt=\"\" class=\"wp-image-3997\" width=\"80\" height=\"80\" srcset=\"https:\/\/humanas.unsl.edu.ar\/wp-content\/uploads\/2022\/10\/icono-portal-digital.png 278w, https:\/\/humanas.unsl.edu.ar\/wp-content\/uploads\/2022\/10\/icono-portal-digital-150x150.png 150w, https:\/\/humanas.unsl.edu.ar\/wp-content\/uploads\/2022\/10\/icono-portal-digital-250x250.png 250w\" sizes=\"(max-width: 80px) 100vw, 80px\" \/><\/a><\/figure>\n<\/div>\n<\/div>\n\n\n\n<div style=\"height:21px\" aria-hidden=\"true\" class=\"wp-block-spacer\"><\/div>\n\n\n\n<div class=\"inherit-container-width is-layout-constrained wp-block-group alignfull\"><div class=\"wp-block-group__inner-container\">\n<div class=\"wp-block-cover alignfull is-light\" style=\"min-height:267px\"><span aria-hidden=\"true\" class=\"wp-block-cover__background has-background-dim-100 has-background-dim\" style=\"background-color:#d9d9d9\"><\/span><div class=\"wp-block-cover__inner-container\">\n<p class=\"has-text-align-center has-ast-global-color-8-color has-text-color has-medium-font-size\" style=\"font-style:normal;font-weight:700;line-height:1\"><strong>Pol\u00edticas de inclusi\u00f3n, g\u00e9nero y cuidado integral<\/strong><\/p>\n\n\n\n<div class=\"is-layout-flex wp-container-9 wp-block-columns alignfull\">\n<div class=\"is-layout-flow wp-block-column\">\n<figure class=\"wp-block-image size-full\"><a href=\"https:\/\/www.unsl.edu.ar\/index.php\/menu\/eti\"><img decoding=\"async\" loading=\"lazy\" width=\"480\" height=\"120\" src=\"https:\/\/humanas.unsl.edu.ar\/wp-content\/uploads\/2026\/02\/banner_protocolo_violencia_500x120-480x120-1.png\" alt=\"\" class=\"wp-image-14467\" srcset=\"https:\/\/humanas.unsl.edu.ar\/wp-content\/uploads\/2026\/02\/banner_protocolo_violencia_500x120-480x120-1.png 480w, https:\/\/humanas.unsl.edu.ar\/wp-content\/uploads\/2026\/02\/banner_protocolo_violencia_500x120-480x120-1-300x75.png 300w\" sizes=\"(max-width: 480px) 100vw, 480px\" \/><\/a><\/figure>\n<\/div>\n\n\n\n<div class=\"is-layout-flow wp-block-column\">\n<figure class=\"wp-block-image aligncenter size-full\"><a href=\"http:\/\/www.prevencionenadicciones.unsl.edu.ar\/\"><img decoding=\"async\" loading=\"lazy\" width=\"500\" height=\"120\" src=\"https:\/\/humanas.unsl.edu.ar\/wp-content\/uploads\/2026\/02\/banner_programa_adicciones_500x120.png\" alt=\"\" class=\"wp-image-14461\" srcset=\"https:\/\/humanas.unsl.edu.ar\/wp-content\/uploads\/2026\/02\/banner_programa_adicciones_500x120.png 500w, https:\/\/humanas.unsl.edu.ar\/wp-content\/uploads\/2026\/02\/banner_programa_adicciones_500x120-300x72.png 300w\" sizes=\"(max-width: 500px) 100vw, 500px\" \/><\/a><\/figure>\n<\/div>\n\n\n\n<div class=\"is-layout-flow wp-block-column has-ast-global-color-3-color has-text-color\">\n<figure class=\"wp-block-image aligncenter size-full is-style-default\"><a href=\"https:\/\/universidadydiscapacidad.unsl.edu.ar\/\"><img decoding=\"async\" loading=\"lazy\" width=\"500\" height=\"120\" src=\"https:\/\/humanas.unsl.edu.ar\/wp-content\/uploads\/2026\/02\/banner_programa_discapacidad_500x120.png\" alt=\"\" class=\"wp-image-14462\" srcset=\"https:\/\/humanas.unsl.edu.ar\/wp-content\/uploads\/2026\/02\/banner_programa_discapacidad_500x120.png 500w, https:\/\/humanas.unsl.edu.ar\/wp-content\/uploads\/2026\/02\/banner_programa_discapacidad_500x120-300x72.png 300w\" sizes=\"(max-width: 500px) 100vw, 500px\" \/><\/a><\/figure>\n<\/div>\n\n\n\n<div class=\"is-layout-flow wp-block-column has-ast-global-color-3-color has-text-color\">\n<figure class=\"wp-block-image aligncenter size-full is-style-default\"><a href=\"https:\/\/humanas.unsl.edu.ar\/index.php\/inicio\/accesibilidad\/\"><img decoding=\"async\" loading=\"lazy\" width=\"500\" height=\"120\" src=\"https:\/\/humanas.unsl.edu.ar\/wp-content\/uploads\/2026\/02\/banner_programa_accesibilidad_fch_500x120.png\" alt=\"\" class=\"wp-image-14460\" srcset=\"https:\/\/humanas.unsl.edu.ar\/wp-content\/uploads\/2026\/02\/banner_programa_accesibilidad_fch_500x120.png 500w, https:\/\/humanas.unsl.edu.ar\/wp-content\/uploads\/2026\/02\/banner_programa_accesibilidad_fch_500x120-300x72.png 300w\" sizes=\"(max-width: 500px) 100vw, 500px\" \/><\/a><\/figure>\n<\/div>\n<\/div>\n<\/div><\/div>\n<\/div><\/div>\n\n\n\n<div style=\"height:21px\" aria-hidden=\"true\" class=\"wp-block-spacer\"><\/div>\n\n\n\n<div class=\"inherit-container-width is-layout-constrained wp-block-group alignwide\"><div class=\"wp-block-group__inner-container\">\n<div class=\"wp-block-jetpack-layout-grid alignfull column1-desktop-grid__span-3 column1-desktop-grid__row-1 column2-desktop-grid__span-3 column2-desktop-grid__start-4 column2-desktop-grid__row-1 column3-desktop-grid__span-3 column3-desktop-grid__start-7 column3-desktop-grid__row-1 column4-desktop-grid__span-3 column4-desktop-grid__start-10 column4-desktop-grid__row-1 column1-tablet-grid__span-4 column1-tablet-grid__row-1 column2-tablet-grid__span-4 column2-tablet-grid__start-5 column2-tablet-grid__row-1 column3-tablet-grid__span-4 column3-tablet-grid__row-2 column4-tablet-grid__span-4 column4-tablet-grid__start-5 column4-tablet-grid__row-2 column1-mobile-grid__span-4 column1-mobile-grid__row-1 column2-mobile-grid__span-4 column2-mobile-grid__row-2 column3-mobile-grid__span-4 column3-mobile-grid__row-3 column4-mobile-grid__span-4 column4-mobile-grid__row-4 wp-block-jetpack-layout-gutter__medium\">\n<div class=\"wp-block-jetpack-layout-grid-column wp-block-jetpack-layout-grid__padding-none is-vertically-aligned-top\">\n<h6 class=\"has-text-align-center\" id=\"informacion-institucional\"><strong>INFORMACI\u00d3N INSTITUCIONAL<\/strong><\/h6>\n\n\n\n<p><strong>Tel\u00e9fono:<\/strong>&nbsp;+54 (0266) 4520300<\/p>\n\n\n\n<p class=\"wp-elements-e6ca50e8000ea0ddd7ca28e37e89d93a has-link-color\" style=\"font-size:15px\"><strong>Direcci\u00f3n:<\/strong>&nbsp;Ej\u00e9rcito de Los Andes 950, D5700HHW.<br>San Luis, Argentina <br><strong>\u00bfC\u00f3mo llegar?<\/strong><br><a href=\"https:\/\/goo.gl\/maps\/JfpaQGqv7zH2\" target=\"_blank\" rel=\"noopener\">Ver ubicaci\u00f3n en Google Maps<\/a><\/p>\n<\/div>\n\n\n\n<div class=\"wp-block-jetpack-layout-grid-column wp-block-jetpack-layout-grid__padding-none is-vertically-aligned-top\">\n<h6 class=\"has-text-align-center\" id=\"contactos-frecuentes\"><strong>CONTACTOS FRECUENTES<\/strong><\/h6>\n\n\n\n<p class=\"wp-elements-b1aa7a71407969e91e35537b3b790954 has-link-color\" style=\"font-size:15px\"><strong>Consultas Acad\u00e9micas:<\/strong><br><a href=\"mailto:secretar\u00eda.academica.fchumanas@gmail.com\">secretar\u00eda.academica.fchumanas@gmail.com<\/a><\/p>\n\n\n\n<p class=\"wp-elements-c03ba341c07bfc69611de1a9f7cb7103 has-link-color\"><strong><span style=\"font-size: 1em; font-family: var(--font-base, 'Noto Sans', -apple-system, BlinkMacSystemFont, 'Segoe UI', 'Roboto', 'Oxygen', 'Ubuntu', 'Cantarell', 'Fira Sans', 'Droid Sans', 'Helvetica Neue', sans-serif);\">\u00c1rea de Prensa FCH:<\/span><\/strong> <br>Mail: <a href=\"mailto:prensahumanas@gmail.com\" target=\"_blank\" rel=\"noopener\">prensahumanas@gmail.com<\/a><\/p>\n<\/div>\n\n\n\n<div class=\"wp-block-jetpack-layout-grid-column wp-block-jetpack-layout-grid__padding-none is-vertically-aligned-top\">\n<h6 class=\"has-text-align-center\"><strong>REDES SOCIALES<\/strong><\/h6>\n\n\n\n<div style=\"height:39px\" aria-hidden=\"true\" class=\"wp-block-spacer\"><\/div>\n\n\n\n<figure class=\"wp-block-image aligncenter size-large is-resized\"><a href=\"https:\/\/www.facebook.com\/FacultaddeCienciasHumanasUNSL\"><img decoding=\"async\" loading=\"lazy\" src=\"https:\/\/humanas.unsl.edu.ar\/wp-content\/uploads\/2025\/04\/2.png\" alt=\"\" width=\"50\" height=\"50\"\/><\/a><\/figure>\n\n\n\n<figure class=\"wp-block-image aligncenter size-large is-resized\"><a href=\"https:\/\/www.instagram.com\/fchunsl\/\"><img decoding=\"async\" loading=\"lazy\" src=\"https:\/\/humanas.unsl.edu.ar\/wp-content\/uploads\/2025\/04\/3.png\" alt=\"\" width=\"50\" height=\"50\"\/><\/a><\/figure>\n\n\n\n<figure class=\"wp-block-image aligncenter size-large is-resized\"><a href=\"https:\/\/www.youtube.com\/user\/FCHumanas\/featured\"><img decoding=\"async\" loading=\"lazy\" src=\"https:\/\/humanas.unsl.edu.ar\/wp-content\/uploads\/2025\/04\/4.png\" alt=\"\" width=\"50\" height=\"50\"\/><\/a><\/figure>\n<\/div>\n\n\n\n<div class=\"wp-block-jetpack-layout-grid-column wp-block-jetpack-layout-grid__padding-none is-vertically-aligned-top\">\n<h6 class=\"has-text-align-center\" id=\"mapa-del-sitio\"><strong>MAPA DEL SITIO<\/strong><\/h6>\n\n\n\n<p class=\"wp-elements-1397c35b9e2e918621157f30b7193635 has-link-color has-small-font-size\"><a href=\"https:\/\/humanas.unsl.edu.ar\/index.php\/institucional\/\"><strong>INSTITUCIONAL<\/strong><\/a><\/p>\n\n\n\n<p class=\"wp-elements-0bd3ffa8a883f0b13e6f56164c78a984 has-link-color has-small-font-size\"><strong><a href=\"https:\/\/humanas.unsl.edu.ar\/index.php\/inicio\/carreras\/\" data-type=\"page\" data-id=\"43\">CARRERAS<\/a><\/strong><\/p>\n\n\n\n<p class=\"wp-elements-e08edd761a82e37945c35feca7f941e7 has-link-color has-small-font-size\"><a href=\"https:\/\/humanas.unsl.edu.ar\/index.php\/ingreso\/\"><strong>INGRESO<\/strong><\/a><\/p>\n\n\n\n<p class=\"wp-elements-0f48f5cfddf8f1cb3cc2fc334698f944 has-link-color has-small-font-size\"><strong><a href=\"https:\/\/humanas.unsl.edu.ar\/index.php\/docentes-2\/\">DOCENTES<\/a><\/strong><\/p>\n\n\n\n<p class=\"wp-elements-798f5ae66e960f6a3984ba7e89bbb54f has-link-color has-small-font-size\"><a href=\"https:\/\/humanas.unsl.edu.ar\/index.php\/estudiantes\/\"><strong>ESTUDIANTES<\/strong><\/a><\/p>\n\n\n\n<p class=\"wp-elements-59cdf5b53d24ae7687d9ce067dc9ebd6 has-link-color has-small-font-size\"><a href=\"http:\/\/www.unsl.edu.ar\/\" target=\"_blank\" rel=\"noreferrer noopener\"><strong>UNSL<\/strong><\/a><\/p>\n\n\n\n<p class=\"wp-elements-fb03084c20f509df7c9c2962bde465ce has-link-color has-small-font-size\"><strong><a href=\"https:\/\/humanas.unsl.edu.ar\/index.php\/noticias\/\" data-type=\"page\" data-id=\"186\">NOTICIAS<\/a><\/strong><\/p>\n<\/div>\n<\/div>\n<\/div><\/div>\n","protected":false},"excerpt":{"rendered":"<p>Inicio \/ Carreras de Posgrado \/ Especializaci\u00f3n en Planificaci\u00f3n y Gesti\u00f3n del ESLE Especializaci\u00f3n en Planificaci\u00f3n y Gesti\u00f3n de la Ense\u00f1anza del Espa\u00f1ol como Lengua Segunda y Extranjera Modalidad a distancia. La profesionalizaci\u00f3n del Espa\u00f1ol como Lengua Extranjera (ELSE) en el \u00e1mbito de la Facultad de Ciencias Humanas de la Universidad Nacional de San Luis, &hellip;<\/p>\n<p class=\"read-more\"> <a class=\"\" href=\"https:\/\/humanas.unsl.edu.ar\/index.php\/inicio\/carreras\/carreras-de-posgrado\/carrera-posgrado-epgelse\/\"> <span class=\"screen-reader-text\">Especializaci\u00f3n en Planificaci\u00f3n y Gesti\u00f3n del ESLE<\/span> Leer m\u00e1s &raquo;<\/a><\/p>\n","protected":false},"author":1,"featured_media":0,"parent":799,"menu_order":10,"comment_status":"closed","ping_status":"closed","template":"","meta":{"site-sidebar-layout":"default","site-content-layout":"","ast-site-content-layout":"default","site-content-style":"default","site-sidebar-style":"default","ast-global-header-display":"","ast-banner-title-visibility":"","ast-main-header-display":"","ast-hfb-above-header-display":"","ast-hfb-below-header-display":"","ast-hfb-mobile-header-display":"","site-post-title":"","ast-breadcrumbs-content":"","ast-featured-img":"","footer-sml-layout":"","theme-transparent-header-meta":"","adv-header-id-meta":"","stick-header-meta":"","header-above-stick-meta":"","header-main-stick-meta":"","header-below-stick-meta":"","astra-migrate-meta-layouts":"set","ast-page-background-enabled":"default","ast-page-background-meta":{"desktop":{"background-color":"var(--ast-global-color-4)","background-image":"","background-repeat":"repeat","background-position":"center center","background-size":"auto","background-attachment":"scroll","background-type":"","background-media":"","overlay-type":"","overlay-color":"","overlay-gradient":""},"tablet":{"background-color":"","background-image":"","background-repeat":"repeat","background-position":"center center","background-size":"auto","background-attachment":"scroll","background-type":"","background-media":"","overlay-type":"","overlay-color":"","overlay-gradient":""},"mobile":{"background-color":"","background-image":"","background-repeat":"repeat","background-position":"center center","background-size":"auto","background-attachment":"scroll","background-type":"","background-media":"","overlay-type":"","overlay-color":"","overlay-gradient":""}},"ast-content-background-meta":{"desktop":{"background-color":"var(--ast-global-color-5)","background-image":"","background-repeat":"repeat","background-position":"center center","background-size":"auto","background-attachment":"scroll","background-type":"","background-media":"","overlay-type":"","overlay-color":"","overlay-gradient":""},"tablet":{"background-color":"var(--ast-global-color-5)","background-image":"","background-repeat":"repeat","background-position":"center center","background-size":"auto","background-attachment":"scroll","background-type":"","background-media":"","overlay-type":"","overlay-color":"","overlay-gradient":""},"mobile":{"background-color":"var(--ast-global-color-5)","background-image":"","background-repeat":"repeat","background-position":"center center","background-size":"auto","background-attachment":"scroll","background-type":"","background-media":"","overlay-type":"","overlay-color":"","overlay-gradient":""}}},"_links":{"self":[{"href":"https:\/\/humanas.unsl.edu.ar\/index.php\/wp-json\/wp\/v2\/pages\/11864"}],"collection":[{"href":"https:\/\/humanas.unsl.edu.ar\/index.php\/wp-json\/wp\/v2\/pages"}],"about":[{"href":"https:\/\/humanas.unsl.edu.ar\/index.php\/wp-json\/wp\/v2\/types\/page"}],"author":[{"embeddable":true,"href":"https:\/\/humanas.unsl.edu.ar\/index.php\/wp-json\/wp\/v2\/users\/1"}],"replies":[{"embeddable":true,"href":"https:\/\/humanas.unsl.edu.ar\/index.php\/wp-json\/wp\/v2\/comments?post=11864"}],"version-history":[{"count":23,"href":"https:\/\/humanas.unsl.edu.ar\/index.php\/wp-json\/wp\/v2\/pages\/11864\/revisions"}],"predecessor-version":[{"id":14441,"href":"https:\/\/humanas.unsl.edu.ar\/index.php\/wp-json\/wp\/v2\/pages\/11864\/revisions\/14441"}],"up":[{"embeddable":true,"href":"https:\/\/humanas.unsl.edu.ar\/index.php\/wp-json\/wp\/v2\/pages\/799"}],"wp:attachment":[{"href":"https:\/\/humanas.unsl.edu.ar\/index.php\/wp-json\/wp\/v2\/media?parent=11864"}],"curies":[{"name":"wp","href":"https:\/\/api.w.org\/{rel}","templated":true}]}}