{"id":12257,"date":"2025-04-09T18:51:23","date_gmt":"2025-04-09T21:51:23","guid":{"rendered":"https:\/\/humanas.unsl.edu.ar\/?page_id=12257"},"modified":"2025-09-19T20:39:31","modified_gmt":"2025-09-19T23:39:31","slug":"enacom-aranceles","status":"publish","type":"page","link":"https:\/\/humanas.unsl.edu.ar\/index.php\/inicio\/enacom\/enacom-aranceles\/","title":{"rendered":"enacom-aranceles"},"content":{"rendered":"\n<div class=\"is-layout-flex wp-container-6 wp-block-columns alignfull are-vertically-aligned-center\">\n<div class=\"is-layout-flow wp-block-column is-vertically-aligned-center\" style=\"border-style:none;border-width:0px;padding-top:0;padding-right:0;padding-bottom:0;padding-left:0;flex-basis:100%\">\n<figure class=\"wp-block-image aligncenter size-full is-resized has-custom-border\"><a href=\"https:\/\/humanas.unsl.edu.ar\/index.php\/inicio\/enacom\/\" target=\"_blank\" rel=\"noreferrer noopener\"><img decoding=\"async\" loading=\"lazy\" src=\"https:\/\/humanas.unsl.edu.ar\/wp-content\/uploads\/2025\/04\/banner-enacom-100x59-1.jpeg\" alt=\"\" class=\"wp-image-12111\" style=\"border-style:none;border-width:0px\" width=\"100\" height=\"59\"\/><\/a><\/figure>\n<\/div>\n\n\n\n<div class=\"is-layout-flow wp-block-column is-vertically-aligned-center\" style=\"border-style:none;border-width:0px;padding-top:0;padding-right:0;padding-bottom:0;padding-left:0;flex-basis:100%\">\n<div class=\"is-content-justification-center is-layout-flex wp-container-2 wp-block-buttons\">\n<div class=\"wp-block-button has-custom-width wp-block-button__width-50 has-custom-font-size is-style-fill has-medium-font-size\"><a class=\"wp-block-button__link has-white-color has-luminous-vivid-orange-background-color has-text-color has-background wp-element-button\" href=\"https:\/\/humanas.unsl.edu.ar\/wp-content\/uploads\/2025\/10\/mapa-enacom-2025.pdf\" style=\"border-radius:6px\" target=\"_blank\" rel=\"noreferrer noopener\"><strong>Mapa<\/strong><\/a><\/div>\n<\/div>\n<\/div>\n\n\n\n<div class=\"is-layout-flow wp-block-column is-vertically-aligned-center\" style=\"border-style:none;border-width:0px;padding-top:0;padding-right:0;padding-bottom:0;padding-left:0;flex-basis:100%\">\n<div class=\"is-content-justification-center is-layout-flex wp-container-4 wp-block-buttons\">\n<div class=\"wp-block-button has-custom-width wp-block-button__width-50 has-custom-font-size is-style-fill has-medium-font-size\"><a class=\"wp-block-button__link has-white-color has-luminous-vivid-orange-background-color has-text-color has-background wp-element-button\" href=\"https:\/\/humanas.unsl.edu.ar\/wp-content\/uploads\/2025\/11\/programa-enacom-2025-final.pdf\" style=\"border-radius:6px\" target=\"_blank\" rel=\"noreferrer noopener\"><strong>Programa<\/strong><\/a><\/div>\n<\/div>\n<\/div>\n<\/div>\n\n\n\n<hr class=\"wp-block-separator alignfull has-text-color has-pale-pink-color has-alpha-channel-opacity has-pale-pink-background-color has-background is-style-wide\"\/>\n\n\n\n<div class=\"is-layout-flex wp-container-17 wp-block-columns alignwide\" style=\"border-style:none;border-width:0px;padding-top:var(--wp--preset--spacing--20);padding-right:var(--wp--preset--spacing--20);padding-bottom:var(--wp--preset--spacing--20);padding-left:var(--wp--preset--spacing--20)\">\n<div class=\"is-content-justification-center is-layout-constrained wp-container-9 wp-block-column has-ast-global-color-5-background-color has-background\" style=\"border-style:none;border-width:0px;flex-basis:90%\">\n<h5 class=\"has-white-color has-text-color has-background\" style=\"background-color:#ef4137\"><strong>Aranceles<\/strong><\/h5>\n\n\n\n<p><\/p>\n\n\n\n<blockquote class=\"wp-block-quote\">\n<p class=\"has-white-color has-text-color has-background\" style=\"background-color:#be202e\"><strong>EXPOSITORES<\/strong><\/p>\n\n\n\n<p class=\"wp-elements-763dbd1e9f99ceb2494074bffb0b0668 has-text-align-justify has-link-color\" style=\"line-height:1.5\">En el siguiente enlace se recepcionan las inscripciones y comprobantes de pago. En este<a rel=\"noreferrer noopener\" href=\"https:\/\/forms.gle\/HDqpEj9PTBNQUcpHA\" target=\"_blank\"> <strong>formulario<\/strong><\/a> se podr\u00e1 solicitar la facturaci\u00f3n, para ello debe cargar los datos necesarios:<\/p>\n\n\n\n<p><\/p>\n\n\n\n<ul>\n<li>Informaci\u00f3n para la confecci\u00f3n de Factura: Raz\u00f3n social y CUIT (en caso de Proyectos u otro) o Apellido\/s, Nombre\/s y DNI (en caso de particular).<\/li>\n\n\n\n<li>Direcci\u00f3n<\/li>\n\n\n\n<li>Referencia de pago (aparece en el comprobante)<\/li>\n<\/ul>\n\n\n\n<p class=\"has-text-align-justify\">Expositores\/as\/docentes, Investigadores\/as, graduados\/as y extensionistas de Universidades pertenecientes a FADECCOS, <strong>pago anticipado entre el 1 de mayo y el 19 de septiembre: $20.000<\/strong><\/p>\n\n\n\n<p class=\"has-text-align-justify\">Expositores\/as\/docentes, Investigadores\/as, graduados\/as y extensionistas de Universidades que no pertenecen a FADECCOS, <strong>pago anticipado entre el 1 de mayo y el 19 de septiembre: $25.000<\/strong><\/p>\n\n\n\n<p class=\"has-text-align-justify\">Expositores\/as\/docentes, Investigadores\/as, graduados\/as y extensionistas de Universidades pertenecientes a FADECCOS, <strong>pago anticipado entre el 20 de setiembre y el 30 de octubre de 2025: 30.000$<\/strong><\/p>\n\n\n\n<p class=\"has-text-align-justify\">Expositores\/as\/docentes, Investigadores\/as, graduados\/as y extensionistas de Universidades que no pertenecen a FADECCOS, <strong>pago anticipado entre el 20 de setiembre y el 30 de octubre de 2025: 35.000$<\/strong><\/p>\n\n\n\n<p class=\"has-text-align-justify\">Expositores\/as\/docentes, Investigadores\/as, graduados\/as y extensionistas de Universidades pertenecientes a FADECCOS:<strong> pago entre el 1 y el 7 de noviembre de 2025: 40.000$<\/strong><\/p>\n\n\n\n<p class=\"has-text-align-justify\">Expositores\/as\/docentes, Investigadores\/as, graduados\/as y extensionistas de Universidades que no pertenecen a FADECCOS,<strong> pago entre el 1 y el 7 de noviembre de 2025: 45.000$<\/strong><\/p>\n\n\n\n<div style=\"height:40px\" aria-hidden=\"true\" class=\"wp-block-spacer\"><\/div>\n\n\n\n<p class=\"has-white-color has-text-color has-background\" style=\"background-color:#be202e\"><strong>ASISTENTES (con certificaci\u00f3n)<\/strong><\/p>\n\n\n\n<p class=\"has-text-align-justify\">Asistentes docentes, Investigadores\/as, graduados\/as y extensionistas de Universidades pertenecientes a FADECCOS: $12.000<\/p>\n\n\n\n<p class=\"has-text-align-justify\">Otros: Asistente docentes, Investigadores\/as, graduados\/as y extensionistas de Universidades no perteneciente a FADECCOS: $17.000<\/p>\n\n\n\n<div style=\"height:40px\" aria-hidden=\"true\" class=\"wp-block-spacer\"><\/div>\n\n\n\n<p class=\"has-white-color has-text-color has-background\" style=\"background-color:#be202e\"><strong>ESTUDIANTES<\/strong><\/p>\n\n\n\n<p class=\"has-text-align-justify\">Estudiante universitario\/a expositor\/a perteneciente a FADECCOS: $12.000<\/p>\n\n\n\n<p class=\"has-text-align-justify\">Estudiante universitario\/a expositor\/a no perteneciente a FADECCOS: $17.000<\/p>\n\n\n\n<p class=\"has-text-align-justify\">Estudiante asistente (sin certificaci\u00f3n): sin arancel.<\/p>\n\n\n\n<p><\/p>\n\n\n\n<p><\/p>\n\n\n\n<ul>\n<li><\/li>\n<\/ul>\n<\/blockquote>\n\n\n\n<p><\/p>\n\n\n\n<blockquote class=\"wp-block-quote\">\n<p class=\"has-white-color has-luminous-vivid-orange-background-color has-text-color has-background\"><strong>DATOS PARA EL PAGO Y FACTURACI\u00d3N<\/strong><\/p>\n\n\n\n<p class=\"has-text-align-center\"><strong>Fundaci\u00f3n Universidad Nacional de San Luis<\/strong><br>Ej\u00e9rcito de los Andes 950, PB. CP 5700 &#8211; San Luis<br>CUIT: 30-64873112-0<br>IVA: Exento<br>IIBB: 12-30-64873112-0<\/p>\n\n\n\n<p><\/p>\n\n\n\n<p class=\"has-text-align-left\"><strong>Datos bancarios:<\/strong><\/p>\n\n\n\n<p class=\"has-text-align-left\">CBU N\u00ba 0110478720047820172072<br>Cta. Cte. en Pesos N\u00b0 478-20172-07<br>Banco de la Naci\u00f3n Argentina (Sucursal N\u00b0 3240 \u2013 San Luis)<br>Alias: CIPRES.PALOMA.PATIN<br>C\u00f3digo SWIFT: NACNARBASRA<\/p>\n\n\n\n<p><\/p>\n\n\n\n<div style=\"height:40px\" aria-hidden=\"true\" class=\"wp-block-spacer\"><\/div>\n\n\n\n<div style=\"height:29px\" aria-hidden=\"true\" class=\"wp-block-spacer\"><\/div>\n\n\n\n<div class=\"is-layout-flex wp-container-8 wp-block-columns\">\n<div class=\"is-layout-flow wp-block-column\" style=\"flex-basis:100%\">\n<p class=\"has-text-align-center has-vivid-red-color has-text-color has-medium-font-size\">San Luis te espera<\/p>\n<\/div>\n<\/div>\n<\/blockquote>\n<\/div>\n\n\n\n<div class=\"is-layout-flow wp-block-column has-ast-global-color-6-background-color has-background\" style=\"flex-basis:30%\">\n<div style=\"height:17px\" aria-hidden=\"true\" class=\"wp-block-spacer\"><\/div>\n\n\n\n<div class=\"is-content-justification-center is-layout-flex wp-container-10 wp-block-buttons\">\n<div class=\"wp-block-button has-custom-width wp-block-button__width-75\"><a class=\"wp-block-button__link has-ast-global-color-5-color has-text-color has-background wp-element-button\" href=\"https:\/\/humanas.unsl.edu.ar\/index.php\/inicio\/enacom\/\" style=\"border-radius:6px;background-color:#f15b2a\"><strong>Inicio<\/strong><\/a><\/div>\n\n\n\n<div class=\"wp-block-button has-custom-width wp-block-button__width-75\"><a class=\"wp-block-button__link has-ast-global-color-5-color has-text-color has-background wp-element-button\" href=\"https:\/\/humanas.unsl.edu.ar\/index.php\/inicio\/enacom\/enacom-fundamentacion\/\" style=\"border-radius:6px;background-color:#f15b2a\"><strong>Fundamentaci\u00f3n<\/strong><\/a><\/div>\n\n\n\n<div class=\"wp-block-button has-custom-width wp-block-button__width-75\"><a class=\"wp-block-button__link has-ast-global-color-5-color has-text-color has-background wp-element-button\" href=\"https:\/\/humanas.unsl.edu.ar\/index.php\/inicio\/enacom\/enacom-objetivos\/\" style=\"border-radius:6px;background-color:#f15b2a\"><strong>Objetivos<\/strong><\/a><\/div>\n\n\n\n<div class=\"wp-block-button has-custom-width wp-block-button__width-75\"><a class=\"wp-block-button__link has-ast-global-color-5-color has-text-color has-background wp-element-button\" href=\"https:\/\/humanas.unsl.edu.ar\/index.php\/inicio\/enacom\/enacom-ejes-tematicos\/\" style=\"border-radius:6px;background-color:#f15b2a\"><strong>Ejes Tem\u00e1ticos<\/strong><\/a><\/div>\n\n\n\n<div class=\"wp-block-button has-custom-width wp-block-button__width-75\"><a class=\"wp-block-button__link has-ast-global-color-5-color has-text-color has-background wp-element-button\" href=\"https:\/\/humanas.unsl.edu.ar\/index.php\/inicio\/enacom\/enacom-circulares\/\" style=\"border-radius:6px;background-color:#f15b2a\"><strong>Circulares<\/strong><\/a><\/div>\n\n\n\n<div class=\"wp-block-button has-custom-width wp-block-button__width-75\"><a class=\"wp-block-button__link has-ast-global-color-5-color has-text-color has-background wp-element-button\" href=\"https:\/\/humanas.unsl.edu.ar\/index.php\/inicio\/enacom\/enacom-organizadores\/\" style=\"border-radius:6px;background-color:#f15b2a\"><strong>Organizadores<\/strong><\/a><\/div>\n\n\n\n<div class=\"wp-block-button has-custom-width wp-block-button__width-75\"><a class=\"wp-block-button__link has-ast-global-color-5-color has-text-color has-background wp-element-button\" href=\"https:\/\/humanas.unsl.edu.ar\/index.php\/enacom-resumenes\/\" style=\"border-radius:6px;background-color:#f15b2a\" target=\"_blank\" rel=\"noreferrer noopener\"><strong>Res\u00famenes<\/strong><\/a><\/div>\n\n\n\n<div class=\"wp-block-button has-custom-width wp-block-button__width-75\"><a class=\"wp-block-button__link has-ast-global-color-5-color has-text-color has-background wp-element-button\" href=\"https:\/\/humanas.unsl.edu.ar\/index.php\/inicio\/enacom\/enacom-libros\/\" style=\"border-radius:6px;background-color:#f15b2a\" target=\"_blank\" rel=\"noreferrer noopener\"><strong>Presentaci\u00f3n de libros, dossiers y podcast<\/strong><\/a><\/div>\n\n\n\n<div class=\"wp-block-button has-custom-width wp-block-button__width-75\"><a class=\"wp-block-button__link has-ast-global-color-5-color has-text-color has-background wp-element-button\" href=\"https:\/\/humanas.unsl.edu.ar\/index.php\/inicio\/enacom\/enacom-expocom\/\" style=\"border-radius:6px;background-color:#f15b2a\"><strong>Expocom<\/strong><\/a><\/div>\n\n\n\n<div class=\"wp-block-button has-custom-width wp-block-button__width-75 has-custom-font-size has-medium-font-size\"><a class=\"wp-block-button__link has-ast-global-color-5-color has-text-color has-background wp-element-button\" href=\"https:\/\/humanas.unsl.edu.ar\/wp-content\/uploads\/2025\/11\/programa-enacom-2025-final.pdf\" style=\"border-radius:6px;background-color:#f15b2a\" target=\"_blank\" rel=\"noreferrer noopener\"><strong>Programa<\/strong><\/a><\/div>\n\n\n\n<div class=\"wp-block-button has-custom-width wp-block-button__width-75\"><a class=\"wp-block-button__link has-ast-global-color-5-color has-text-color has-background wp-element-button\" href=\"https:\/\/humanas.unsl.edu.ar\/index.php\/inicio\/enacom\/enacom-aranceles\/\" style=\"border-radius:6px;background-color:#f15b2a\"><strong>Aranceles<\/strong><\/a><\/div>\n\n\n\n<div class=\"wp-block-button has-custom-width wp-block-button__width-75\"><a class=\"wp-block-button__link has-ast-global-color-5-color has-text-color has-background wp-element-button\" href=\"https:\/\/humanas.unsl.edu.ar\/index.php\/inicio\/enacom\/enacom-alojamiento\/\" style=\"border-radius:6px;background-color:#f15b2a\"><strong>Alojamiento<\/strong><\/a><\/div>\n<\/div>\n\n\n\n<div style=\"height:33px\" aria-hidden=\"true\" class=\"wp-block-spacer\"><\/div>\n\n\n\n<p class=\"has-text-align-center\">Contacto:<\/p>\n\n\n\n<p class=\"wp-elements-3bbbafff0349d832458d1eb84fb12c30 has-text-align-center has-link-color\"><a href=\"mailto:enacom2025@gmail.com\"><strong>enacom2025@gmail.com<\/strong><\/a><\/p>\n\n\n\n<div class=\"is-layout-flex wp-container-15 wp-block-columns\">\n<div class=\"is-layout-flow wp-block-column\">\n<div class=\"is-layout-flex wp-container-13 wp-block-columns\">\n<div class=\"is-layout-flow wp-block-column\">\n<figure class=\"wp-block-image aligncenter size-full is-resized\"><a href=\"https:\/\/www.facebook.com\/enacom.fadeccos?locale=es_LA\" target=\"_blank\" rel=\"noreferrer noopener\"><img decoding=\"async\" loading=\"lazy\" src=\"https:\/\/humanas.unsl.edu.ar\/wp-content\/uploads\/2025\/04\/facebook-240x240-1.jpg\" alt=\"\" class=\"wp-image-12142\" width=\"60\" height=\"60\" srcset=\"https:\/\/humanas.unsl.edu.ar\/wp-content\/uploads\/2025\/04\/facebook-240x240-1.jpg 240w, https:\/\/humanas.unsl.edu.ar\/wp-content\/uploads\/2025\/04\/facebook-240x240-1-150x150.jpg 150w\" sizes=\"(max-width: 60px) 100vw, 60px\" \/><\/a><\/figure>\n<\/div>\n\n\n\n<div class=\"is-layout-flow wp-block-column\">\n<figure class=\"wp-block-image aligncenter size-full is-resized\"><a href=\"https:\/\/www.instagram.com\/enacom.fadeccos\/?h\" target=\"_blank\" rel=\"noreferrer noopener\"><img decoding=\"async\" loading=\"lazy\" src=\"https:\/\/humanas.unsl.edu.ar\/wp-content\/uploads\/2025\/04\/Instagram-Logo-384x216-1.png\" alt=\"\" class=\"wp-image-12144\" width=\"111\" height=\"62\" srcset=\"https:\/\/humanas.unsl.edu.ar\/wp-content\/uploads\/2025\/04\/Instagram-Logo-384x216-1.png 384w, https:\/\/humanas.unsl.edu.ar\/wp-content\/uploads\/2025\/04\/Instagram-Logo-384x216-1-300x169.png 300w\" sizes=\"(max-width: 111px) 100vw, 111px\" \/><\/a><\/figure>\n<\/div>\n<\/div>\n<\/div>\n<\/div>\n\n\n\n<div style=\"height:20px\" aria-hidden=\"true\" class=\"wp-block-spacer\"><\/div>\n<\/div>\n<\/div>\n\n\n\n<div style=\"height:28px\" aria-hidden=\"true\" class=\"wp-block-spacer\"><\/div>\n","protected":false},"excerpt":{"rendered":"<p>Aranceles EXPOSITORES En el siguiente enlace se recepcionan las inscripciones y comprobantes de pago. En este formulario se podr\u00e1 solicitar la facturaci\u00f3n, para ello debe cargar los datos necesarios: Expositores\/as\/docentes, Investigadores\/as, graduados\/as y extensionistas de Universidades pertenecientes a FADECCOS, pago anticipado entre el 1 de mayo y el 19 de septiembre: $20.000 Expositores\/as\/docentes, Investigadores\/as, graduados\/as &hellip;<\/p>\n<p class=\"read-more\"> <a class=\"\" href=\"https:\/\/humanas.unsl.edu.ar\/index.php\/inicio\/enacom\/enacom-aranceles\/\"> <span class=\"screen-reader-text\">enacom-aranceles<\/span> Leer m\u00e1s &raquo;<\/a><\/p>\n","protected":false},"author":1,"featured_media":0,"parent":11789,"menu_order":7,"comment_status":"closed","ping_status":"closed","template":"","meta":{"site-sidebar-layout":"default","site-content-layout":"","ast-site-content-layout":"default","site-content-style":"default","site-sidebar-style":"default","ast-global-header-display":"","ast-banner-title-visibility":"","ast-main-header-display":"","ast-hfb-above-header-display":"","ast-hfb-below-header-display":"","ast-hfb-mobile-header-display":"","site-post-title":"","ast-breadcrumbs-content":"","ast-featured-img":"","footer-sml-layout":"","theme-transparent-header-meta":"","adv-header-id-meta":"","stick-header-meta":"","header-above-stick-meta":"","header-main-stick-meta":"","header-below-stick-meta":"","astra-migrate-meta-layouts":"set","ast-page-background-enabled":"default","ast-page-background-meta":{"desktop":{"background-color":"var(--ast-global-color-4)","background-image":"","background-repeat":"repeat","background-position":"center center","background-size":"auto","background-attachment":"scroll","background-type":"","background-media":"","overlay-type":"","overlay-color":"","overlay-gradient":""},"tablet":{"background-color":"","background-image":"","background-repeat":"repeat","background-position":"center center","background-size":"auto","background-attachment":"scroll","background-type":"","background-media":"","overlay-type":"","overlay-color":"","overlay-gradient":""},"mobile":{"background-color":"","background-image":"","background-repeat":"repeat","background-position":"center center","background-size":"auto","background-attachment":"scroll","background-type":"","background-media":"","overlay-type":"","overlay-color":"","overlay-gradient":""}},"ast-content-background-meta":{"desktop":{"background-color":"var(--ast-global-color-5)","background-image":"","background-repeat":"repeat","background-position":"center center","background-size":"auto","background-attachment":"scroll","background-type":"","background-media":"","overlay-type":"","overlay-color":"","overlay-gradient":""},"tablet":{"background-color":"var(--ast-global-color-5)","background-image":"","background-repeat":"repeat","background-position":"center center","background-size":"auto","background-attachment":"scroll","background-type":"","background-media":"","overlay-type":"","overlay-color":"","overlay-gradient":""},"mobile":{"background-color":"var(--ast-global-color-5)","background-image":"","background-repeat":"repeat","background-position":"center center","background-size":"auto","background-attachment":"scroll","background-type":"","background-media":"","overlay-type":"","overlay-color":"","overlay-gradient":""}}},"_links":{"self":[{"href":"https:\/\/humanas.unsl.edu.ar\/index.php\/wp-json\/wp\/v2\/pages\/12257"}],"collection":[{"href":"https:\/\/humanas.unsl.edu.ar\/index.php\/wp-json\/wp\/v2\/pages"}],"about":[{"href":"https:\/\/humanas.unsl.edu.ar\/index.php\/wp-json\/wp\/v2\/types\/page"}],"author":[{"embeddable":true,"href":"https:\/\/humanas.unsl.edu.ar\/index.php\/wp-json\/wp\/v2\/users\/1"}],"replies":[{"embeddable":true,"href":"https:\/\/humanas.unsl.edu.ar\/index.php\/wp-json\/wp\/v2\/comments?post=12257"}],"version-history":[{"count":23,"href":"https:\/\/humanas.unsl.edu.ar\/index.php\/wp-json\/wp\/v2\/pages\/12257\/revisions"}],"predecessor-version":[{"id":13484,"href":"https:\/\/humanas.unsl.edu.ar\/index.php\/wp-json\/wp\/v2\/pages\/12257\/revisions\/13484"}],"up":[{"embeddable":true,"href":"https:\/\/humanas.unsl.edu.ar\/index.php\/wp-json\/wp\/v2\/pages\/11789"}],"wp:attachment":[{"href":"https:\/\/humanas.unsl.edu.ar\/index.php\/wp-json\/wp\/v2\/media?parent=12257"}],"curies":[{"name":"wp","href":"https:\/\/api.w.org\/{rel}","templated":true}]}}