{"id":12312,"date":"2025-04-10T10:58:15","date_gmt":"2025-04-10T13:58:15","guid":{"rendered":"https:\/\/humanas.unsl.edu.ar\/?page_id=12312"},"modified":"2025-07-01T21:05:15","modified_gmt":"2025-07-02T00:05:15","slug":"enacom-resumenes","status":"publish","type":"page","link":"https:\/\/humanas.unsl.edu.ar\/index.php\/inicio\/enacom\/enacom-resumenes\/","title":{"rendered":"enacom-resumenes"},"content":{"rendered":"\n<div class=\"is-layout-flex wp-container-6 wp-block-columns alignfull are-vertically-aligned-center\">\n<div class=\"is-layout-flow wp-block-column is-vertically-aligned-center\" style=\"border-style:none;border-width:0px;padding-top:0;padding-right:0;padding-bottom:0;padding-left:0;flex-basis:100%\">\n<figure class=\"wp-block-image aligncenter size-full is-resized has-custom-border\"><a href=\"https:\/\/humanas.unsl.edu.ar\/index.php\/inicio\/enacom\/\" target=\"_blank\" rel=\"noreferrer noopener\"><img decoding=\"async\" loading=\"lazy\" src=\"https:\/\/humanas.unsl.edu.ar\/wp-content\/uploads\/2025\/04\/banner-enacom-100x59-1.jpeg\" alt=\"\" class=\"wp-image-12111\" style=\"border-style:none;border-width:0px\" width=\"100\" height=\"59\"\/><\/a><\/figure>\n<\/div>\n\n\n\n<div class=\"is-layout-flow wp-block-column is-vertically-aligned-center\" style=\"border-style:none;border-width:0px;padding-top:0;padding-right:0;padding-bottom:0;padding-left:0;flex-basis:100%\">\n<div class=\"is-content-justification-center is-layout-flex wp-container-2 wp-block-buttons\">\n<div class=\"wp-block-button has-custom-width wp-block-button__width-50 has-custom-font-size is-style-fill has-medium-font-size\"><a class=\"wp-block-button__link has-white-color has-luminous-vivid-orange-background-color has-text-color has-background wp-element-button\" href=\"https:\/\/humanas.unsl.edu.ar\/wp-content\/uploads\/2025\/10\/mapa-enacom-2025.pdf\" style=\"border-radius:6px\" target=\"_blank\" rel=\"noreferrer noopener\"><strong>Mapa<\/strong><\/a><\/div>\n<\/div>\n<\/div>\n\n\n\n<div class=\"is-layout-flow wp-block-column is-vertically-aligned-center\" style=\"border-style:none;border-width:0px;padding-top:0;padding-right:0;padding-bottom:0;padding-left:0;flex-basis:100%\">\n<div class=\"is-content-justification-center is-layout-flex wp-container-4 wp-block-buttons\">\n<div class=\"wp-block-button has-custom-width wp-block-button__width-50 has-custom-font-size is-style-fill has-medium-font-size\"><a class=\"wp-block-button__link has-white-color has-luminous-vivid-orange-background-color has-text-color has-background wp-element-button\" href=\"https:\/\/humanas.unsl.edu.ar\/wp-content\/uploads\/2025\/11\/programa-enacom-2025-final.pdf\" style=\"border-radius:6px\" target=\"_blank\" rel=\"noreferrer noopener\"><strong>Programa<\/strong><\/a><\/div>\n<\/div>\n<\/div>\n<\/div>\n\n\n\n<hr class=\"wp-block-separator alignfull has-text-color has-pale-pink-color has-alpha-channel-opacity has-pale-pink-background-color has-background is-style-wide\"\/>\n\n\n\n<div class=\"is-layout-flex wp-container-15 wp-block-columns alignwide\" style=\"border-style:none;border-width:0px;padding-top:var(--wp--preset--spacing--20);padding-right:var(--wp--preset--spacing--20);padding-bottom:var(--wp--preset--spacing--20);padding-left:var(--wp--preset--spacing--20)\">\n<div class=\"is-content-justification-center is-layout-constrained wp-container-7 wp-block-column has-ast-global-color-5-background-color has-background\" style=\"border-style:none;border-width:0px;flex-basis:90%\">\n<h5 class=\"has-white-color has-text-color has-background\" style=\"background-color:#ef4137\"><strong>Res\u00famenes<\/strong><\/h5>\n\n\n\n<div style=\"height:20px\" aria-hidden=\"true\" class=\"wp-block-spacer\"><\/div>\n\n\n\n<p class=\"has-medium-font-size\"><strong>23-junio-2025. Pr\u00f3rroga para entrega de res\u00famenes:<\/strong><\/p>\n\n\n\n<p><\/p>\n\n\n\n<figure class=\"wp-block-image aligncenter size-large is-resized\"><a href=\"https:\/\/docs.google.com\/forms\/d\/e\/1FAIpQLSefhp5cU0zBbKfN25PaFjLQnIxJew6sizAgDQZjOxsZxr5uNg\/viewform\"><img decoding=\"async\" loading=\"lazy\" src=\"https:\/\/humanas.unsl.edu.ar\/wp-content\/uploads\/2025\/07\/prorroga-resumen-recortado-1-1024x495.png\" alt=\"\" class=\"wp-image-12886\" width=\"597\" height=\"288\" srcset=\"https:\/\/humanas.unsl.edu.ar\/wp-content\/uploads\/2025\/07\/prorroga-resumen-recortado-1-1024x495.png 1024w, https:\/\/humanas.unsl.edu.ar\/wp-content\/uploads\/2025\/07\/prorroga-resumen-recortado-1-300x145.png 300w, https:\/\/humanas.unsl.edu.ar\/wp-content\/uploads\/2025\/07\/prorroga-resumen-recortado-1-768x372.png 768w, https:\/\/humanas.unsl.edu.ar\/wp-content\/uploads\/2025\/07\/prorroga-resumen-recortado-1.png 1077w\" sizes=\"(max-width: 597px) 100vw, 597px\" \/><\/a><\/figure>\n\n\n\n<div style=\"height:50px\" aria-hidden=\"true\" class=\"wp-block-spacer\"><\/div>\n\n\n\n<p class=\"wp-elements-f154a20f6cbdf127e3097a183f8729cd has-text-align-justify has-link-color has-medium-font-size\"><strong><a href=\"https:\/\/docs.google.com\/forms\/d\/e\/1FAIpQLSefhp5cU0zBbKfN25PaFjLQnIxJew6sizAgDQZjOxsZxr5uNg\/viewform\">Formulario<\/a> para ingresar el resumen a Enacom 2025<\/strong><\/p>\n\n\n\n<div style=\"height:5px\" aria-hidden=\"true\" class=\"wp-block-spacer\"><\/div>\n\n\n\n<figure class=\"wp-block-image aligncenter size-full\"><a href=\"https:\/\/docs.google.com\/forms\/d\/e\/1FAIpQLSefhp5cU0zBbKfN25PaFjLQnIxJew6sizAgDQZjOxsZxr5uNg\/viewform\" target=\"_blank\" rel=\"noreferrer noopener\"><img decoding=\"async\" loading=\"lazy\" width=\"865\" height=\"335\" src=\"https:\/\/humanas.unsl.edu.ar\/wp-content\/uploads\/2025\/04\/formulario-resumenes-enacom.png\" alt=\"\" class=\"wp-image-12317\" srcset=\"https:\/\/humanas.unsl.edu.ar\/wp-content\/uploads\/2025\/04\/formulario-resumenes-enacom.png 865w, https:\/\/humanas.unsl.edu.ar\/wp-content\/uploads\/2025\/04\/formulario-resumenes-enacom-300x116.png 300w, https:\/\/humanas.unsl.edu.ar\/wp-content\/uploads\/2025\/04\/formulario-resumenes-enacom-768x297.png 768w\" sizes=\"(max-width: 865px) 100vw, 865px\" \/><\/a><figcaption class=\"wp-element-caption\">(click en la imagen para ir al formulario)<\/figcaption><\/figure>\n\n\n\n<div style=\"height:18px\" aria-hidden=\"true\" class=\"wp-block-spacer\"><\/div>\n\n\n\n<p class=\"has-text-align-center has-text-color has-medium-font-size\" style=\"color:#be202e\"><strong>San Luis te espera<\/strong><\/p>\n<\/div>\n\n\n\n<div class=\"is-layout-flow wp-block-column has-ast-global-color-6-background-color has-background\" style=\"flex-basis:30%\">\n<div style=\"height:17px\" aria-hidden=\"true\" class=\"wp-block-spacer\"><\/div>\n\n\n\n<div class=\"is-content-justification-center is-layout-flex wp-container-8 wp-block-buttons\">\n<div class=\"wp-block-button has-custom-width wp-block-button__width-75\"><a class=\"wp-block-button__link has-ast-global-color-5-color has-text-color has-background wp-element-button\" href=\"https:\/\/humanas.unsl.edu.ar\/index.php\/inicio\/enacom\/\" style=\"border-radius:6px;background-color:#f15b2a\"><strong>Inicio<\/strong><\/a><\/div>\n\n\n\n<div class=\"wp-block-button has-custom-width wp-block-button__width-75\"><a class=\"wp-block-button__link has-ast-global-color-5-color has-text-color has-background wp-element-button\" href=\"https:\/\/humanas.unsl.edu.ar\/index.php\/inicio\/enacom\/enacom-fundamentacion\/\" style=\"border-radius:6px;background-color:#f15b2a\"><strong>Fundamentaci\u00f3n<\/strong><\/a><\/div>\n\n\n\n<div class=\"wp-block-button has-custom-width wp-block-button__width-75\"><a class=\"wp-block-button__link has-ast-global-color-5-color has-text-color has-background wp-element-button\" href=\"https:\/\/humanas.unsl.edu.ar\/index.php\/inicio\/enacom\/enacom-objetivos\/\" style=\"border-radius:6px;background-color:#f15b2a\"><strong>Objetivos<\/strong><\/a><\/div>\n\n\n\n<div class=\"wp-block-button has-custom-width wp-block-button__width-75\"><a class=\"wp-block-button__link has-ast-global-color-5-color has-text-color has-background wp-element-button\" href=\"https:\/\/humanas.unsl.edu.ar\/index.php\/inicio\/enacom\/enacom-ejes-tematicos\/\" style=\"border-radius:6px;background-color:#f15b2a\"><strong>Ejes Tem\u00e1ticos<\/strong><\/a><\/div>\n\n\n\n<div class=\"wp-block-button has-custom-width wp-block-button__width-75\"><a class=\"wp-block-button__link has-ast-global-color-5-color has-text-color has-background wp-element-button\" href=\"https:\/\/humanas.unsl.edu.ar\/index.php\/inicio\/enacom\/enacom-circulares\/\" style=\"border-radius:6px;background-color:#f15b2a\"><strong>Circulares<\/strong><\/a><\/div>\n\n\n\n<div class=\"wp-block-button has-custom-width wp-block-button__width-75\"><a class=\"wp-block-button__link has-ast-global-color-5-color has-text-color has-background wp-element-button\" href=\"https:\/\/humanas.unsl.edu.ar\/index.php\/inicio\/enacom\/enacom-organizadores\/\" style=\"border-radius:6px;background-color:#f15b2a\"><strong>Organizadores<\/strong><\/a><\/div>\n\n\n\n<div class=\"wp-block-button has-custom-width wp-block-button__width-75\"><a class=\"wp-block-button__link has-ast-global-color-5-color has-text-color has-background wp-element-button\" href=\"https:\/\/humanas.unsl.edu.ar\/index.php\/enacom-resumenes\/\" style=\"border-radius:6px;background-color:#f15b2a\" target=\"_blank\" rel=\"noreferrer noopener\"><strong>Res\u00famenes<\/strong><\/a><\/div>\n\n\n\n<div class=\"wp-block-button has-custom-width wp-block-button__width-75\"><a class=\"wp-block-button__link has-ast-global-color-5-color has-text-color has-background wp-element-button\" href=\"https:\/\/humanas.unsl.edu.ar\/index.php\/inicio\/enacom\/enacom-libros\/\" style=\"border-radius:6px;background-color:#f15b2a\" target=\"_blank\" rel=\"noreferrer noopener\"><strong>Presentaci\u00f3n de libros, dossiers y podcast<\/strong><\/a><\/div>\n\n\n\n<div class=\"wp-block-button has-custom-width wp-block-button__width-75\"><a class=\"wp-block-button__link has-ast-global-color-5-color has-text-color has-background wp-element-button\" href=\"https:\/\/humanas.unsl.edu.ar\/index.php\/inicio\/enacom\/enacom-expocom\/\" style=\"border-radius:6px;background-color:#f15b2a\"><strong>Expocom<\/strong><\/a><\/div>\n\n\n\n<div class=\"wp-block-button has-custom-width wp-block-button__width-75 has-custom-font-size has-medium-font-size\"><a class=\"wp-block-button__link has-ast-global-color-5-color has-text-color has-background wp-element-button\" href=\"https:\/\/humanas.unsl.edu.ar\/wp-content\/uploads\/2025\/11\/programa-enacom-2025-final.pdf\" style=\"border-radius:6px;background-color:#f15b2a\" target=\"_blank\" rel=\"noreferrer noopener\"><strong>Programa<\/strong><\/a><\/div>\n\n\n\n<div class=\"wp-block-button has-custom-width wp-block-button__width-75\"><a class=\"wp-block-button__link has-ast-global-color-5-color has-text-color has-background wp-element-button\" href=\"https:\/\/humanas.unsl.edu.ar\/index.php\/inicio\/enacom\/enacom-aranceles\/\" style=\"border-radius:6px;background-color:#f15b2a\"><strong>Aranceles<\/strong><\/a><\/div>\n\n\n\n<div class=\"wp-block-button has-custom-width wp-block-button__width-75\"><a class=\"wp-block-button__link has-ast-global-color-5-color has-text-color has-background wp-element-button\" href=\"https:\/\/humanas.unsl.edu.ar\/index.php\/inicio\/enacom\/enacom-alojamiento\/\" style=\"border-radius:6px;background-color:#f15b2a\"><strong>Alojamiento<\/strong><\/a><\/div>\n<\/div>\n\n\n\n<div style=\"height:33px\" aria-hidden=\"true\" class=\"wp-block-spacer\"><\/div>\n\n\n\n<p class=\"has-text-align-center\">Contacto:<\/p>\n\n\n\n<p class=\"wp-elements-3bbbafff0349d832458d1eb84fb12c30 has-text-align-center has-link-color\"><a href=\"mailto:enacom2025@gmail.com\"><strong>enacom2025@gmail.com<\/strong><\/a><\/p>\n\n\n\n<div class=\"is-layout-flex wp-container-13 wp-block-columns\">\n<div class=\"is-layout-flow wp-block-column\">\n<div class=\"is-layout-flex wp-container-11 wp-block-columns\">\n<div class=\"is-layout-flow wp-block-column\">\n<figure class=\"wp-block-image aligncenter size-full is-resized\"><a href=\"https:\/\/www.facebook.com\/enacom.fadeccos?locale=es_LA\" target=\"_blank\" rel=\"noreferrer noopener\"><img decoding=\"async\" loading=\"lazy\" src=\"https:\/\/humanas.unsl.edu.ar\/wp-content\/uploads\/2025\/04\/facebook-240x240-1.jpg\" alt=\"\" class=\"wp-image-12142\" width=\"60\" height=\"60\" srcset=\"https:\/\/humanas.unsl.edu.ar\/wp-content\/uploads\/2025\/04\/facebook-240x240-1.jpg 240w, https:\/\/humanas.unsl.edu.ar\/wp-content\/uploads\/2025\/04\/facebook-240x240-1-150x150.jpg 150w\" sizes=\"(max-width: 60px) 100vw, 60px\" \/><\/a><\/figure>\n<\/div>\n\n\n\n<div class=\"is-layout-flow wp-block-column\">\n<figure class=\"wp-block-image aligncenter size-full is-resized\"><a href=\"https:\/\/www.instagram.com\/enacom.fadeccos\/?h\" target=\"_blank\" rel=\"noreferrer noopener\"><img decoding=\"async\" loading=\"lazy\" src=\"https:\/\/humanas.unsl.edu.ar\/wp-content\/uploads\/2025\/04\/Instagram-Logo-384x216-1.png\" alt=\"\" class=\"wp-image-12144\" width=\"111\" height=\"62\" srcset=\"https:\/\/humanas.unsl.edu.ar\/wp-content\/uploads\/2025\/04\/Instagram-Logo-384x216-1.png 384w, https:\/\/humanas.unsl.edu.ar\/wp-content\/uploads\/2025\/04\/Instagram-Logo-384x216-1-300x169.png 300w\" sizes=\"(max-width: 111px) 100vw, 111px\" \/><\/a><\/figure>\n<\/div>\n<\/div>\n<\/div>\n<\/div>\n\n\n\n<div style=\"height:20px\" aria-hidden=\"true\" class=\"wp-block-spacer\"><\/div>\n<\/div>\n<\/div>\n\n\n\n<div style=\"height:28px\" aria-hidden=\"true\" class=\"wp-block-spacer\"><\/div>\n","protected":false},"excerpt":{"rendered":"<p>Res\u00famenes 23-junio-2025. Pr\u00f3rroga para entrega de res\u00famenes: Formulario para ingresar el resumen a Enacom 2025 San Luis te espera<\/p>\n","protected":false},"author":1,"featured_media":0,"parent":11789,"menu_order":10,"comment_status":"closed","ping_status":"closed","template":"","meta":{"site-sidebar-layout":"default","site-content-layout":"","ast-site-content-layout":"default","site-content-style":"default","site-sidebar-style":"default","ast-global-header-display":"","ast-banner-title-visibility":"","ast-main-header-display":"","ast-hfb-above-header-display":"","ast-hfb-below-header-display":"","ast-hfb-mobile-header-display":"","site-post-title":"","ast-breadcrumbs-content":"","ast-featured-img":"","footer-sml-layout":"","theme-transparent-header-meta":"","adv-header-id-meta":"","stick-header-meta":"","header-above-stick-meta":"","header-main-stick-meta":"","header-below-stick-meta":"","astra-migrate-meta-layouts":"set","ast-page-background-enabled":"default","ast-page-background-meta":{"desktop":{"background-color":"var(--ast-global-color-4)","background-image":"","background-repeat":"repeat","background-position":"center center","background-size":"auto","background-attachment":"scroll","background-type":"","background-media":"","overlay-type":"","overlay-color":"","overlay-gradient":""},"tablet":{"background-color":"","background-image":"","background-repeat":"repeat","background-position":"center center","background-size":"auto","background-attachment":"scroll","background-type":"","background-media":"","overlay-type":"","overlay-color":"","overlay-gradient":""},"mobile":{"background-color":"","background-image":"","background-repeat":"repeat","background-position":"center center","background-size":"auto","background-attachment":"scroll","background-type":"","background-media":"","overlay-type":"","overlay-color":"","overlay-gradient":""}},"ast-content-background-meta":{"desktop":{"background-color":"var(--ast-global-color-5)","background-image":"","background-repeat":"repeat","background-position":"center center","background-size":"auto","background-attachment":"scroll","background-type":"","background-media":"","overlay-type":"","overlay-color":"","overlay-gradient":""},"tablet":{"background-color":"var(--ast-global-color-5)","background-image":"","background-repeat":"repeat","background-position":"center center","background-size":"auto","background-attachment":"scroll","background-type":"","background-media":"","overlay-type":"","overlay-color":"","overlay-gradient":""},"mobile":{"background-color":"var(--ast-global-color-5)","background-image":"","background-repeat":"repeat","background-position":"center center","background-size":"auto","background-attachment":"scroll","background-type":"","background-media":"","overlay-type":"","overlay-color":"","overlay-gradient":""}}},"_links":{"self":[{"href":"https:\/\/humanas.unsl.edu.ar\/index.php\/wp-json\/wp\/v2\/pages\/12312"}],"collection":[{"href":"https:\/\/humanas.unsl.edu.ar\/index.php\/wp-json\/wp\/v2\/pages"}],"about":[{"href":"https:\/\/humanas.unsl.edu.ar\/index.php\/wp-json\/wp\/v2\/types\/page"}],"author":[{"embeddable":true,"href":"https:\/\/humanas.unsl.edu.ar\/index.php\/wp-json\/wp\/v2\/users\/1"}],"replies":[{"embeddable":true,"href":"https:\/\/humanas.unsl.edu.ar\/index.php\/wp-json\/wp\/v2\/comments?post=12312"}],"version-history":[{"count":18,"href":"https:\/\/humanas.unsl.edu.ar\/index.php\/wp-json\/wp\/v2\/pages\/12312\/revisions"}],"predecessor-version":[{"id":12891,"href":"https:\/\/humanas.unsl.edu.ar\/index.php\/wp-json\/wp\/v2\/pages\/12312\/revisions\/12891"}],"up":[{"embeddable":true,"href":"https:\/\/humanas.unsl.edu.ar\/index.php\/wp-json\/wp\/v2\/pages\/11789"}],"wp:attachment":[{"href":"https:\/\/humanas.unsl.edu.ar\/index.php\/wp-json\/wp\/v2\/media?parent=12312"}],"curies":[{"name":"wp","href":"https:\/\/api.w.org\/{rel}","templated":true}]}}