{"id":13004,"date":"2025-07-23T19:22:13","date_gmt":"2025-07-23T22:22:13","guid":{"rendered":"https:\/\/humanas.unsl.edu.ar\/?page_id=13004"},"modified":"2025-12-19T14:08:56","modified_gmt":"2025-12-19T17:08:56","slug":"educo","status":"publish","type":"page","link":"https:\/\/humanas.unsl.edu.ar\/index.php\/inicio\/educo\/","title":{"rendered":"educo"},"content":{"rendered":"\n<div style=\"height:78px\" aria-hidden=\"true\" class=\"wp-block-spacer\"><\/div>\n\n\n\n<figure class=\"wp-block-image aligncenter size-full\"><img decoding=\"async\" loading=\"lazy\" width=\"1200\" height=\"166\" src=\"https:\/\/humanas.unsl.edu.ar\/wp-content\/uploads\/2025\/07\/banner_tres_logos.png\" alt=\"\" class=\"wp-image-13013\" srcset=\"https:\/\/humanas.unsl.edu.ar\/wp-content\/uploads\/2025\/07\/banner_tres_logos.png 1200w, https:\/\/humanas.unsl.edu.ar\/wp-content\/uploads\/2025\/07\/banner_tres_logos-300x42.png 300w, https:\/\/humanas.unsl.edu.ar\/wp-content\/uploads\/2025\/07\/banner_tres_logos-1024x142.png 1024w, https:\/\/humanas.unsl.edu.ar\/wp-content\/uploads\/2025\/07\/banner_tres_logos-768x106.png 768w\" sizes=\"(max-width: 1200px) 100vw, 1200px\" \/><\/figure>\n\n\n\n<div style=\"height:34px\" aria-hidden=\"true\" class=\"wp-block-spacer\"><\/div>\n\n\n\n<hr class=\"wp-block-separator has-text-color has-luminous-vivid-orange-color has-alpha-channel-opacity has-luminous-vivid-orange-background-color has-background is-style-wide\"\/>\n\n\n\n<h4 class=\"has-white-color has-luminous-vivid-orange-background-color has-text-color has-background\"><strong>Presentaci\u00f3n<\/strong><\/h4>\n\n\n\n<div class=\"is-layout-flex wp-container-7 wp-block-columns alignwide\" style=\"border-style:none;border-width:0px;padding-top:var(--wp--preset--spacing--20);padding-right:var(--wp--preset--spacing--20);padding-bottom:var(--wp--preset--spacing--20);padding-left:var(--wp--preset--spacing--20)\">\n<div class=\"is-content-justification-center is-layout-constrained wp-container-3 wp-block-column has-ast-global-color-5-background-color has-background\" style=\"border-style:none;border-width:0px;flex-basis:90%\">\n<figure class=\"wp-block-image aligncenter size-full has-custom-border\"><img decoding=\"async\" loading=\"lazy\" width=\"723\" height=\"352\" src=\"https:\/\/humanas.unsl.edu.ar\/wp-content\/uploads\/2025\/07\/logo-inicio-educo-723x352-1.png\" alt=\"\" class=\"wp-image-13009\" style=\"border-style:none;border-width:0px;border-radius:0px\" srcset=\"https:\/\/humanas.unsl.edu.ar\/wp-content\/uploads\/2025\/07\/logo-inicio-educo-723x352-1.png 723w, https:\/\/humanas.unsl.edu.ar\/wp-content\/uploads\/2025\/07\/logo-inicio-educo-723x352-1-300x146.png 300w\" sizes=\"(max-width: 723px) 100vw, 723px\" \/><\/figure>\n\n\n\n<p><\/p>\n\n\n\n<p class=\"has-text-align-center\" style=\"font-size:12px\"><strong>ASIGNATURA: GOBIERNO ORGANIZACI\u00d3N Y GESTI\u00d3N INSTITUCIONAL.<\/strong><br><strong>PROICO 04-0120: LAS INSTITUCIONES EDUCATIVAS. LA MICROPOL\u00cdTICA Y LA IGUALDAD.<\/strong><\/p>\n\n\n\n<p class=\"has-text-align-center\" style=\"font-size:12px\"><strong>\u00c1REA N\u00b0 2 PEDAG\u00d3GICA<\/strong><br><strong> DEPARTAMENTO DE EDUCACI\u00d3N Y FORMACI\u00d3N DOCENTE<\/strong><br><strong> FACULTAD DE CIENCIAS HUMANAS<\/strong><br><strong>UNIVERSIDAD NACIONAL DE SAN LUIS<\/strong><\/p>\n\n\n\n<div style=\"height:75px\" aria-hidden=\"true\" class=\"wp-block-spacer\"><\/div>\n\n\n\n<div class=\"is-layout-flex wp-container-2 wp-block-columns\">\n<div class=\"is-layout-flow wp-block-column\"><\/div>\n<\/div>\n\n\n\n<div style=\"height:75px\" aria-hidden=\"true\" class=\"wp-block-spacer\"><\/div>\n<\/div>\n\n\n\n<div class=\"is-layout-flow wp-block-column has-ast-global-color-6-background-color has-background\" style=\"flex-basis:30%\">\n<div style=\"height:22px\" aria-hidden=\"true\" class=\"wp-block-spacer\"><\/div>\n\n\n\n<div class=\"is-content-justification-center is-layout-flex wp-container-4 wp-block-buttons\">\n<div class=\"wp-block-button has-custom-width wp-block-button__width-75 has-custom-font-size has-large-font-size\"><a class=\"wp-block-button__link has-ast-global-color-5-color has-vivid-red-background-color has-text-color has-background wp-element-button\" href=\"https:\/\/drive.google.com\/drive\/folders\/1_7sYjv8FCkM14TsBat29frqPoNHEgWhk\" style=\"border-radius:6px\" target=\"_blank\" rel=\"noreferrer noopener\"><strong>Certificados<\/strong><\/a><\/div>\n\n\n\n<div class=\"wp-block-button has-custom-width wp-block-button__width-75\"><a class=\"wp-block-button__link has-ast-global-color-5-color has-luminous-vivid-orange-background-color has-text-color has-background wp-element-button\" href=\"https:\/\/humanas.unsl.edu.ar\/index.php\/inicio\/educo\/\" style=\"border-radius:6px\"><strong>Inicio<\/strong><\/a><\/div>\n\n\n\n<div class=\"wp-block-button has-custom-width wp-block-button__width-75\"><a class=\"wp-block-button__link has-ast-global-color-5-color has-luminous-vivid-orange-background-color has-text-color has-background wp-element-button\" href=\"https:\/\/humanas.unsl.edu.ar\/index.php\/inicio\/educo\/educo-objetivos\/\" style=\"border-radius:6px\"><strong>Objetivos<\/strong><\/a><\/div>\n\n\n\n<div class=\"wp-block-button has-custom-width wp-block-button__width-75\"><a class=\"wp-block-button__link has-ast-global-color-5-color has-luminous-vivid-orange-background-color has-text-color has-background wp-element-button\" href=\"https:\/\/humanas.unsl.edu.ar\/index.php\/inicio\/educo\/educo-ejes-tematicos\/\" style=\"border-radius:6px\"><strong>Ejes Tem\u00e1ticos<\/strong><\/a><\/div>\n\n\n\n<div class=\"wp-block-button has-custom-width wp-block-button__width-75\"><a class=\"wp-block-button__link has-ast-global-color-5-color has-luminous-vivid-orange-background-color has-text-color has-background wp-element-button\" href=\"https:\/\/humanas.unsl.edu.ar\/index.php\/inicio\/educo\/educo-circulares\/\" style=\"border-radius:6px\"><strong>Circulares<\/strong><\/a><\/div>\n\n\n\n<div class=\"wp-block-button has-custom-width wp-block-button__width-75\"><a class=\"wp-block-button__link has-ast-global-color-5-color has-luminous-vivid-orange-background-color has-text-color has-background wp-element-button\" href=\"https:\/\/humanas.unsl.edu.ar\/index.php\/inicio\/educo\/educo-programa\/\" style=\"border-radius:6px\"><strong>Programa<\/strong><\/a><\/div>\n\n\n\n<div class=\"wp-block-button has-custom-width wp-block-button__width-75\"><a class=\"wp-block-button__link has-ast-global-color-5-color has-luminous-vivid-orange-background-color has-text-color has-background wp-element-button\" href=\"https:\/\/humanas.unsl.edu.ar\/index.php\/inicio\/educo\/educo-inscripcion\/\" style=\"border-radius:6px\"><strong>Inscripci\u00f3n<\/strong><\/a><\/div>\n\n\n\n<div class=\"wp-block-button has-custom-width wp-block-button__width-75\"><a class=\"wp-block-button__link has-ast-global-color-5-color has-luminous-vivid-orange-background-color has-text-color has-background wp-element-button\" href=\"https:\/\/humanas.unsl.edu.ar\/index.php\/inicio\/educo\/educo-aranceles\/\" style=\"border-radius:6px\"><strong>Aranceles<\/strong><\/a><\/div>\n<\/div>\n\n\n\n<p><\/p>\n\n\n<form role=\"search\" method=\"get\" action=\"https:\/\/humanas.unsl.edu.ar\/\" class=\"wp-block-search__button-outside wp-block-search__text-button aligncenter wp-block-search\"><label for=\"wp-block-search__input-5\" class=\"wp-block-search__label\" >                             Buscar<\/label><div class=\"wp-block-search__inside-wrapper \"  style=\"width: 225px\"><input type=\"search\" id=\"wp-block-search__input-5\" class=\"wp-block-search__input wp-block-search__input\" name=\"s\" value=\"\" placeholder=\"ingreso\"  style=\"border-width: 0px;border-style: none;border-radius: 7px\" required \/><button type=\"submit\" class=\"wp-block-search__button has-background has-vivid-red-background-color wp-element-button\"  style=\"border-width: 0px;border-style: none;border-radius: 7px\" >Buscar<\/button><\/div><\/form>\n\n\n<div style=\"height:20px\" aria-hidden=\"true\" class=\"wp-block-spacer\"><\/div>\n<\/div>\n<\/div>\n\n\n\n<div style=\"height:28px\" aria-hidden=\"true\" class=\"wp-block-spacer\"><\/div>\n","protected":false},"excerpt":{"rendered":"<p>Presentaci\u00f3n ASIGNATURA: GOBIERNO ORGANIZACI\u00d3N Y GESTI\u00d3N INSTITUCIONAL.PROICO 04-0120: LAS INSTITUCIONES EDUCATIVAS. LA MICROPOL\u00cdTICA Y LA IGUALDAD. \u00c1REA N\u00b0 2 PEDAG\u00d3GICA DEPARTAMENTO DE EDUCACI\u00d3N Y FORMACI\u00d3N DOCENTE FACULTAD DE CIENCIAS HUMANASUNIVERSIDAD NACIONAL DE SAN LUIS<\/p>\n","protected":false},"author":1,"featured_media":0,"parent":264,"menu_order":25,"comment_status":"closed","ping_status":"closed","template":"","meta":{"site-sidebar-layout":"default","site-content-layout":"","ast-site-content-layout":"default","site-content-style":"default","site-sidebar-style":"default","ast-global-header-display":"","ast-banner-title-visibility":"","ast-main-header-display":"","ast-hfb-above-header-display":"","ast-hfb-below-header-display":"","ast-hfb-mobile-header-display":"","site-post-title":"","ast-breadcrumbs-content":"","ast-featured-img":"","footer-sml-layout":"","theme-transparent-header-meta":"","adv-header-id-meta":"","stick-header-meta":"","header-above-stick-meta":"","header-main-stick-meta":"","header-below-stick-meta":"","astra-migrate-meta-layouts":"set","ast-page-background-enabled":"default","ast-page-background-meta":{"desktop":{"background-color":"var(--ast-global-color-4)","background-image":"","background-repeat":"repeat","background-position":"center center","background-size":"auto","background-attachment":"scroll","background-type":"","background-media":"","overlay-type":"","overlay-color":"","overlay-gradient":""},"tablet":{"background-color":"","background-image":"","background-repeat":"repeat","background-position":"center center","background-size":"auto","background-attachment":"scroll","background-type":"","background-media":"","overlay-type":"","overlay-color":"","overlay-gradient":""},"mobile":{"background-color":"","background-image":"","background-repeat":"repeat","background-position":"center center","background-size":"auto","background-attachment":"scroll","background-type":"","background-media":"","overlay-type":"","overlay-color":"","overlay-gradient":""}},"ast-content-background-meta":{"desktop":{"background-color":"var(--ast-global-color-5)","background-image":"","background-repeat":"repeat","background-position":"center center","background-size":"auto","background-attachment":"scroll","background-type":"","background-media":"","overlay-type":"","overlay-color":"","overlay-gradient":""},"tablet":{"background-color":"var(--ast-global-color-5)","background-image":"","background-repeat":"repeat","background-position":"center center","background-size":"auto","background-attachment":"scroll","background-type":"","background-media":"","overlay-type":"","overlay-color":"","overlay-gradient":""},"mobile":{"background-color":"var(--ast-global-color-5)","background-image":"","background-repeat":"repeat","background-position":"center center","background-size":"auto","background-attachment":"scroll","background-type":"","background-media":"","overlay-type":"","overlay-color":"","overlay-gradient":""}}},"_links":{"self":[{"href":"https:\/\/humanas.unsl.edu.ar\/index.php\/wp-json\/wp\/v2\/pages\/13004"}],"collection":[{"href":"https:\/\/humanas.unsl.edu.ar\/index.php\/wp-json\/wp\/v2\/pages"}],"about":[{"href":"https:\/\/humanas.unsl.edu.ar\/index.php\/wp-json\/wp\/v2\/types\/page"}],"author":[{"embeddable":true,"href":"https:\/\/humanas.unsl.edu.ar\/index.php\/wp-json\/wp\/v2\/users\/1"}],"replies":[{"embeddable":true,"href":"https:\/\/humanas.unsl.edu.ar\/index.php\/wp-json\/wp\/v2\/comments?post=13004"}],"version-history":[{"count":22,"href":"https:\/\/humanas.unsl.edu.ar\/index.php\/wp-json\/wp\/v2\/pages\/13004\/revisions"}],"predecessor-version":[{"id":14317,"href":"https:\/\/humanas.unsl.edu.ar\/index.php\/wp-json\/wp\/v2\/pages\/13004\/revisions\/14317"}],"up":[{"embeddable":true,"href":"https:\/\/humanas.unsl.edu.ar\/index.php\/wp-json\/wp\/v2\/pages\/264"}],"wp:attachment":[{"href":"https:\/\/humanas.unsl.edu.ar\/index.php\/wp-json\/wp\/v2\/media?parent=13004"}],"curies":[{"name":"wp","href":"https:\/\/api.w.org\/{rel}","templated":true}]}}