{"id":13893,"date":"2025-10-28T17:44:29","date_gmt":"2025-10-28T20:44:29","guid":{"rendered":"https:\/\/humanas.unsl.edu.ar\/?page_id=13893"},"modified":"2025-10-28T18:12:17","modified_gmt":"2025-10-28T21:12:17","slug":"13893-2","status":"publish","type":"page","link":"https:\/\/humanas.unsl.edu.ar\/index.php\/inicio\/carreras\/carreras-de-posgrado\/especializacion-en-comunicacion-politica\/13893-2\/","title":{"rendered":"ecp-plan-estudios"},"content":{"rendered":"\n<div style=\"height:25px\" aria-hidden=\"true\" class=\"wp-block-spacer\"><\/div>\n\n\n\n<h6 class=\"wp-elements-e7d6bfc5249392f4f7422e67c487b82a alignwide has-ast-global-color-3-color has-text-color has-background has-link-color\" id=\"inicio\" style=\"background-color:#fde2cb;line-height:1.5\"><a href=\"https:\/\/humanas.unsl.edu.ar\/\" data-type=\"page\" data-id=\"264\">Inicio<\/a> \/ <a href=\"https:\/\/humanas.unsl.edu.ar\/index.php\/carreras\/carreras-de-posgrado\/\" data-type=\"page\" data-id=\"799\">Carreras de Posgrado<\/a> \/ Especializaci\u00f3n en Comunicaci\u00f3n Pol\u00edtica<\/h6>\n\n\n\n<div style=\"height:25px\" aria-hidden=\"true\" class=\"wp-block-spacer\"><\/div>\n\n\n\n<div class=\"is-content-justification-center is-layout-flex wp-container-1 wp-block-buttons\">\n<div class=\"wp-block-button has-custom-width wp-block-button__width-50\"><a class=\"wp-block-button__link has-ast-global-color-5-color has-text-color has-background wp-element-button\" href=\"http:\/\/posgrado.unsl.edu.ar\/\" style=\"border-radius:7px;background-color:#ed6f03\">Posgrado UNSL<\/a><\/div>\n<\/div>\n\n\n\n<div style=\"height:17px\" aria-hidden=\"true\" class=\"wp-block-spacer\"><\/div>\n\n\n\n<div class=\"is-layout-flex wp-container-11 wp-block-columns alignwide are-vertically-aligned-top\">\n<div class=\"is-layout-flow wp-block-column is-vertically-aligned-top\" style=\"flex-basis:66.66%\">\n<h4 class=\"alignfull has-text-color has-background\" id=\"bienvenidx-a-la-facultad-de-ciencias-humanas\" style=\"color:#ffffff;background-color:#ed6f03;line-height:1.5\">Especializaci\u00f3n en Comunicaci\u00f3n Pol\u00edtica<\/h4>\n\n\n\n<div style=\"height:1px\" aria-hidden=\"true\" class=\"wp-block-spacer\"><\/div>\n\n\n\n<div class=\"is-layout-flex wp-container-8 wp-block-columns\">\n<div class=\"is-layout-flow wp-block-column\">\n<div class=\"is-content-justification-center is-layout-flex wp-container-2 wp-block-buttons\">\n<div class=\"wp-block-button has-custom-width wp-block-button__width-100\"><a class=\"wp-block-button__link has-white-color has-luminous-vivid-amber-background-color has-text-color has-background wp-element-button\" href=\"https:\/\/humanas.unsl.edu.ar\/index.php\/inicio\/carreras\/carreras-de-posgrado\/especializacion-en-comunicacion-politica\/13893-2\/\" style=\"border-radius:5px\"><strong>Plan de Estudios<\/strong><\/a><\/div>\n<\/div>\n<\/div>\n\n\n\n<div class=\"is-layout-flow wp-block-column\">\n<div class=\"is-content-justification-center is-layout-flex wp-container-4 wp-block-buttons\">\n<div class=\"wp-block-button has-custom-width wp-block-button__width-100\"><a class=\"wp-block-button__link has-white-color has-luminous-vivid-amber-background-color has-text-color has-background wp-element-button\" href=\"https:\/\/humanas.unsl.edu.ar\/index.php\/inicio\/carreras\/carreras-de-posgrado\/especializacion-en-comunicacion-politica\/ecp-plantel-docente\/\" style=\"border-radius:5px\"><strong>Plantel Docente<\/strong><\/a><\/div>\n<\/div>\n<\/div>\n\n\n\n<div class=\"is-layout-flow wp-block-column\">\n<div class=\"is-layout-flex wp-block-buttons\">\n<div class=\"wp-block-button aligncenter has-custom-width wp-block-button__width-100\"><a class=\"wp-block-button__link has-white-color has-luminous-vivid-amber-background-color has-text-color has-background wp-element-button\" href=\"https:\/\/humanas.unsl.edu.ar\/index.php\/ecp-form-prei\/\" style=\"border-radius:5px\" target=\"_blank\" rel=\"noreferrer noopener\"><strong>Ficha Inscripci\u00f3n<\/strong><\/a><\/div>\n<\/div>\n<\/div>\n<\/div>\n\n\n\n<div style=\"height:1px\" aria-hidden=\"true\" class=\"wp-block-spacer\"><\/div>\n\n\n\n<blockquote class=\"wp-block-quote\">\n<p class=\"has-text-align-center has-medium-font-size\">Cursos y equipos docentes de la carrera<\/p>\n\n\n\n<p><strong>Introducci\u00f3n a las problem\u00e1ticas de la comunicaci\u00f3n pol\u00edtica contempor\u00e1neas<\/strong><br>Cr\u00e9dito Horario: 50 Hs.<br>Equipo:<br>Profesora responsable: Dra. Liliana C\u00f3rdoba (UNC)<br>Profesor colaborador: Dr. Juan Mart\u00edn Zanotti (UNSL)<\/p>\n\n\n\n<p><strong>Escenarios y actores de la pol\u00edtica y la comunicaci\u00f3n<\/strong><br>Cr\u00e9dito Horario: 50 Hs.<br>Equipo:<br>Profesora Responsable: Mag. Elsa Alvarado (UNSJ)<br>Profesora colaboradora: Mag. Ma. M\u00f3nica Veramendi Pont (UNSJ)<\/p>\n\n\n\n<p><strong>Taller de Trabajo Final 1<\/strong><br>Cr\u00e9dito Horario: 50 Hs.<br>Equipo:<br>Profesora Responsable: Dra. Gabriela Luciano (UNSL)<br>Profesora Colaboradora: Dra. Lorena Di Lorenzo (UNSL)<\/p>\n\n\n\n<p><strong>Tradiciones y perspectivas en la formaci\u00f3n de la Opini\u00f3n P\u00fablica<\/strong><br>Cr\u00e9dito Horario: 50 Hs.<br>Equipo:<br>Profesor responsable: Mg. Maximiliano Aguiar (UNSJ)<br>Profesor colaborador: Mg. Bernardo S\u00e1nchez Bataller (UNSJ)<\/p>\n\n\n\n<p><strong>Tecnolog\u00edas y formas de participaci\u00f3n pol\u00edtica<\/strong><br>Cr\u00e9dito Horario: 50 Hs.<br>Equipo:<br>Profesora responsable: Dra. Natalia Aruguete (UNQ)<br>Profesora colaboradora: Dra. Paola Ingrassia (UNSJ)<\/p>\n\n\n\n<p><strong>Dise\u00f1o y Planificaci\u00f3n de la comunicaci\u00f3n pol\u00edtica<\/strong><br>Cr\u00e9dito Horario: 50 Hs.<br>Equipo:<br>Profesora Responsable: Mag. Mariela Miranda (UNSJ)<br>Prof. colaborador: Mag. Bernardo S\u00e1nchez Bataller (UNSJ)<\/p>\n\n\n\n<p><strong>Taller de Trabajo Final 2<\/strong><br>Cr\u00e9dito Horario: 50 Hs.<br>Equipo:<br>Profesora Responsable: Dra. Lorena Di Lorenzo (UNSL)<br>Profesora Colaboradora: Dra. Gabriela Luciano (UNSL)<\/p>\n\n\n\n<p class=\"has-text-align-center\"><strong>Optativos<\/strong><\/p>\n\n\n\n<p class=\"has-text-align-left\"><strong>An\u00e1lisis del Discurso<\/strong><br>Equipo:<br>Profesora Responsable: Dra. Gabriela Sim\u00f3n (UNSJ)<br>Profesora Colaboradora: Dra. Adriana Collado (UNSJ)<\/p>\n\n\n\n<p class=\"has-text-align-left\"><strong>Tecnopol\u00edtica, comunicaci\u00f3n y ciudadan\u00eda. Problemas y debates contempor\u00e1neos<\/strong><br>Equipo:<br>Profesora Responsable: Dra. Daniela In\u00e9s Monje (Universidad de Sevilla)<br>Profesora Colaboradora: Dr. Ezequiel Rivero (UNQ)<\/p>\n\n\n\n<p class=\"has-text-align-left\"><strong>El derecho a la informaci\u00f3n en la era digital<\/strong><br>Equipo:<br>Profesora Responsable: Ab. Luz Mar\u00eda Vi\u00f1als (UNSL)<br>Profesora Colaboradora: Ab. Alejandra Nocheli (UNSL)<\/p>\n<\/blockquote>\n<\/div>\n\n\n\n<div class=\"is-layout-flow wp-block-column is-vertically-aligned-top\" style=\"flex-basis:33.33%\">\n<h4 class=\"has-text-align-center has-white-color has-luminous-vivid-orange-background-color has-text-color has-background\" style=\"line-height:1.4\">Contactos<\/h4>\n\n\n\n<p class=\"wp-elements-33f5bb08611d91ee2bef845d294657b6 has-text-align-center has-link-color\"><strong>Especializaci\u00f3n en Comunicaci\u00f3n Pol\u00edtica<\/strong><br>Mail: <a href=\"mailto:esp.comunicacionpolitica@gmail.com\">esp.comunicacionpolitica@gmail.com<\/a><\/p>\n\n\n\n<div style=\"height:40px\" aria-hidden=\"true\" class=\"wp-block-spacer\"><\/div>\n\n\n\n<p class=\"has-text-align-center\">Director:<br><strong>Dr. Juan Mart\u00edn ZANOTTI (UNSL)<\/strong><\/p>\n\n\n\n<p class=\"has-text-align-center\">Co-Director:<br><strong>Dr. Daniel GIMENO (UNSJ)<\/strong><\/p>\n\n\n\n<div style=\"height:40px\" aria-hidden=\"true\" class=\"wp-block-spacer\"><\/div>\n\n\n\n<p class=\"has-text-align-center\">Coordinaci\u00f3n Acad\u00e9mica:<br><strong>Esp. Ernesto Elorza (UNSL)<br>Esp. Ana Laura Bustos<\/strong> <strong>(UNSJ)<\/strong><\/p>\n\n\n\n<div style=\"height:40px\" aria-hidden=\"true\" class=\"wp-block-spacer\"><\/div>\n\n\n\n<p class=\"has-text-align-center\">Comit\u00e9 Acad\u00e9mico:<br>Esp. Ana Laura BUSTOS (UNSJ)<br>Esp. Ernesto ELORZA (UNSL)<br>Dr. Gonzalo CASTILLO (UNSJ)<br>Dra. Paola INGRASSIA (UNSJ)<br>Dra. Natalia ARUGUETE (UNQ)<br>Dra. Liliana C\u00d3RDOBA (UNC)<br>Mgtr. Mario RIORDA (UAustral)<\/p>\n\n\n\n<div style=\"height:40px\" aria-hidden=\"true\" class=\"wp-block-spacer\"><\/div>\n\n\n\n<p class=\"has-text-align-center\"><strong>SECRETAR\u00cdA DE POSGRADO<br>Dra. Mar\u00eda Celeste Rom\u00e1<\/strong> <br>Sede: Secretar\u00eda de Posgrado FCH<br>Edificio Rectorado. 1\u00ba Piso &#8211; Sector &#8220;B&#8221;<br>Tel\u00e9fonos: 2664 520300 Int. 5328<br>Mail:&nbsp;<a href=\"mailto:posgradoch@gmail.com\">posgradoch@gmail.com<\/a><\/p>\n\n\n\n<div style=\"height:40px\" aria-hidden=\"true\" class=\"wp-block-spacer\"><\/div>\n\n\n\n<p><\/p>\n\n\n\n<figure class=\"wp-block-image aligncenter size-full is-resized\"><a href=\"https:\/\/humanas.unsl.edu.ar\/index.php\/inicio\/carreras\/carreras-de-posgrado\/especializacion-en-comunicacion-politica\/\"><img decoding=\"async\" loading=\"lazy\" src=\"https:\/\/humanas.unsl.edu.ar\/wp-content\/uploads\/2025\/09\/banner_ecp_425x268.jpeg\" alt=\"\" class=\"wp-image-13486\" width=\"213\" height=\"134\" srcset=\"https:\/\/humanas.unsl.edu.ar\/wp-content\/uploads\/2025\/09\/banner_ecp_425x268.jpeg 425w, https:\/\/humanas.unsl.edu.ar\/wp-content\/uploads\/2025\/09\/banner_ecp_425x268-300x189.jpeg 300w\" sizes=\"(max-width: 213px) 100vw, 213px\" \/><\/a><\/figure>\n<\/div>\n<\/div>\n\n\n\n<div style=\"height:24px\" aria-hidden=\"true\" class=\"wp-block-spacer\"><\/div>\n\n\n\n<div class=\"inherit-container-width is-layout-constrained wp-block-group alignfull\"><div class=\"wp-block-group__inner-container\">\n<div class=\"wp-block-cover alignfull is-light\" style=\"min-height:267px\"><span aria-hidden=\"true\" class=\"wp-block-cover__background has-background-dim-100 has-background-dim\" style=\"background-color:#d9d9d9\"><\/span><div class=\"wp-block-cover__inner-container\">\n<p class=\"has-text-align-center has-ast-global-color-8-color has-text-color has-medium-font-size\" style=\"font-style:normal;font-weight:700;line-height:1\"><strong>Pol\u00edticas de inclusi\u00f3n, g\u00e9nero y cuidado integral<\/strong><\/p>\n\n\n\n<div class=\"is-layout-flex wp-container-16 wp-block-columns alignfull\">\n<div class=\"is-layout-flow wp-block-column\">\n<figure class=\"wp-block-image size-full\"><a href=\"https:\/\/www.unsl.edu.ar\/index.php\/menu\/eti\"><img decoding=\"async\" loading=\"lazy\" width=\"480\" height=\"120\" src=\"https:\/\/humanas.unsl.edu.ar\/wp-content\/uploads\/2026\/02\/banner_protocolo_violencia_500x120-480x120-1.png\" alt=\"\" class=\"wp-image-14467\" srcset=\"https:\/\/humanas.unsl.edu.ar\/wp-content\/uploads\/2026\/02\/banner_protocolo_violencia_500x120-480x120-1.png 480w, https:\/\/humanas.unsl.edu.ar\/wp-content\/uploads\/2026\/02\/banner_protocolo_violencia_500x120-480x120-1-300x75.png 300w\" sizes=\"(max-width: 480px) 100vw, 480px\" \/><\/a><\/figure>\n<\/div>\n\n\n\n<div class=\"is-layout-flow wp-block-column\">\n<figure class=\"wp-block-image aligncenter size-full\"><a href=\"http:\/\/www.prevencionenadicciones.unsl.edu.ar\/\"><img decoding=\"async\" loading=\"lazy\" width=\"500\" height=\"120\" src=\"https:\/\/humanas.unsl.edu.ar\/wp-content\/uploads\/2026\/02\/banner_programa_adicciones_500x120.png\" alt=\"\" class=\"wp-image-14461\" srcset=\"https:\/\/humanas.unsl.edu.ar\/wp-content\/uploads\/2026\/02\/banner_programa_adicciones_500x120.png 500w, https:\/\/humanas.unsl.edu.ar\/wp-content\/uploads\/2026\/02\/banner_programa_adicciones_500x120-300x72.png 300w\" sizes=\"(max-width: 500px) 100vw, 500px\" \/><\/a><\/figure>\n<\/div>\n\n\n\n<div class=\"is-layout-flow wp-block-column has-ast-global-color-3-color has-text-color\">\n<figure class=\"wp-block-image aligncenter size-full is-style-default\"><a href=\"https:\/\/universidadydiscapacidad.unsl.edu.ar\/\"><img decoding=\"async\" loading=\"lazy\" width=\"500\" height=\"120\" src=\"https:\/\/humanas.unsl.edu.ar\/wp-content\/uploads\/2026\/02\/banner_programa_discapacidad_500x120.png\" alt=\"\" class=\"wp-image-14462\" srcset=\"https:\/\/humanas.unsl.edu.ar\/wp-content\/uploads\/2026\/02\/banner_programa_discapacidad_500x120.png 500w, https:\/\/humanas.unsl.edu.ar\/wp-content\/uploads\/2026\/02\/banner_programa_discapacidad_500x120-300x72.png 300w\" sizes=\"(max-width: 500px) 100vw, 500px\" \/><\/a><\/figure>\n<\/div>\n\n\n\n<div class=\"is-layout-flow wp-block-column has-ast-global-color-3-color has-text-color\">\n<figure class=\"wp-block-image aligncenter size-full is-style-default\"><a href=\"https:\/\/humanas.unsl.edu.ar\/index.php\/inicio\/accesibilidad\/\"><img decoding=\"async\" loading=\"lazy\" width=\"500\" height=\"120\" src=\"https:\/\/humanas.unsl.edu.ar\/wp-content\/uploads\/2026\/02\/banner_programa_accesibilidad_fch_500x120.png\" alt=\"\" class=\"wp-image-14460\" srcset=\"https:\/\/humanas.unsl.edu.ar\/wp-content\/uploads\/2026\/02\/banner_programa_accesibilidad_fch_500x120.png 500w, https:\/\/humanas.unsl.edu.ar\/wp-content\/uploads\/2026\/02\/banner_programa_accesibilidad_fch_500x120-300x72.png 300w\" sizes=\"(max-width: 500px) 100vw, 500px\" \/><\/a><\/figure>\n<\/div>\n<\/div>\n<\/div><\/div>\n<\/div><\/div>\n\n\n\n<div style=\"height:21px\" aria-hidden=\"true\" class=\"wp-block-spacer\"><\/div>\n","protected":false},"excerpt":{"rendered":"<p>Inicio \/ Carreras de Posgrado \/ Especializaci\u00f3n en Comunicaci\u00f3n Pol\u00edtica Especializaci\u00f3n en Comunicaci\u00f3n Pol\u00edtica Cursos y equipos docentes de la carrera Introducci\u00f3n a las problem\u00e1ticas de la comunicaci\u00f3n pol\u00edtica contempor\u00e1neasCr\u00e9dito Horario: 50 Hs.Equipo:Profesora responsable: Dra. Liliana C\u00f3rdoba (UNC)Profesor colaborador: Dr. Juan Mart\u00edn Zanotti (UNSL) Escenarios y actores de la pol\u00edtica y la comunicaci\u00f3nCr\u00e9dito Horario: 50 &hellip;<\/p>\n<p class=\"read-more\"> <a class=\"\" href=\"https:\/\/humanas.unsl.edu.ar\/index.php\/inicio\/carreras\/carreras-de-posgrado\/especializacion-en-comunicacion-politica\/13893-2\/\"> <span class=\"screen-reader-text\">ecp-plan-estudios<\/span> Leer m\u00e1s &raquo;<\/a><\/p>\n","protected":false},"author":1,"featured_media":0,"parent":13331,"menu_order":5,"comment_status":"closed","ping_status":"closed","template":"","meta":{"site-sidebar-layout":"default","site-content-layout":"","ast-site-content-layout":"default","site-content-style":"default","site-sidebar-style":"default","ast-global-header-display":"","ast-banner-title-visibility":"","ast-main-header-display":"","ast-hfb-above-header-display":"","ast-hfb-below-header-display":"","ast-hfb-mobile-header-display":"","site-post-title":"","ast-breadcrumbs-content":"","ast-featured-img":"","footer-sml-layout":"","theme-transparent-header-meta":"","adv-header-id-meta":"","stick-header-meta":"","header-above-stick-meta":"","header-main-stick-meta":"","header-below-stick-meta":"","astra-migrate-meta-layouts":"set","ast-page-background-enabled":"default","ast-page-background-meta":{"desktop":{"background-color":"var(--ast-global-color-4)","background-image":"","background-repeat":"repeat","background-position":"center center","background-size":"auto","background-attachment":"scroll","background-type":"","background-media":"","overlay-type":"","overlay-color":"","overlay-gradient":""},"tablet":{"background-color":"","background-image":"","background-repeat":"repeat","background-position":"center center","background-size":"auto","background-attachment":"scroll","background-type":"","background-media":"","overlay-type":"","overlay-color":"","overlay-gradient":""},"mobile":{"background-color":"","background-image":"","background-repeat":"repeat","background-position":"center center","background-size":"auto","background-attachment":"scroll","background-type":"","background-media":"","overlay-type":"","overlay-color":"","overlay-gradient":""}},"ast-content-background-meta":{"desktop":{"background-color":"var(--ast-global-color-5)","background-image":"","background-repeat":"repeat","background-position":"center center","background-size":"auto","background-attachment":"scroll","background-type":"","background-media":"","overlay-type":"","overlay-color":"","overlay-gradient":""},"tablet":{"background-color":"var(--ast-global-color-5)","background-image":"","background-repeat":"repeat","background-position":"center center","background-size":"auto","background-attachment":"scroll","background-type":"","background-media":"","overlay-type":"","overlay-color":"","overlay-gradient":""},"mobile":{"background-color":"var(--ast-global-color-5)","background-image":"","background-repeat":"repeat","background-position":"center center","background-size":"auto","background-attachment":"scroll","background-type":"","background-media":"","overlay-type":"","overlay-color":"","overlay-gradient":""}}},"_links":{"self":[{"href":"https:\/\/humanas.unsl.edu.ar\/index.php\/wp-json\/wp\/v2\/pages\/13893"}],"collection":[{"href":"https:\/\/humanas.unsl.edu.ar\/index.php\/wp-json\/wp\/v2\/pages"}],"about":[{"href":"https:\/\/humanas.unsl.edu.ar\/index.php\/wp-json\/wp\/v2\/types\/page"}],"author":[{"embeddable":true,"href":"https:\/\/humanas.unsl.edu.ar\/index.php\/wp-json\/wp\/v2\/users\/1"}],"replies":[{"embeddable":true,"href":"https:\/\/humanas.unsl.edu.ar\/index.php\/wp-json\/wp\/v2\/comments?post=13893"}],"version-history":[{"count":5,"href":"https:\/\/humanas.unsl.edu.ar\/index.php\/wp-json\/wp\/v2\/pages\/13893\/revisions"}],"predecessor-version":[{"id":13899,"href":"https:\/\/humanas.unsl.edu.ar\/index.php\/wp-json\/wp\/v2\/pages\/13893\/revisions\/13899"}],"up":[{"embeddable":true,"href":"https:\/\/humanas.unsl.edu.ar\/index.php\/wp-json\/wp\/v2\/pages\/13331"}],"wp:attachment":[{"href":"https:\/\/humanas.unsl.edu.ar\/index.php\/wp-json\/wp\/v2\/media?parent=13893"}],"curies":[{"name":"wp","href":"https:\/\/api.w.org\/{rel}","templated":true}]}}