{"id":14217,"date":"2025-12-12T18:18:07","date_gmt":"2025-12-12T21:18:07","guid":{"rendered":"https:\/\/humanas.unsl.edu.ar\/?page_id=14217"},"modified":"2026-02-26T16:57:22","modified_gmt":"2026-02-26T19:57:22","slug":"accesibilidad-galeria","status":"publish","type":"page","link":"https:\/\/humanas.unsl.edu.ar\/index.php\/inicio\/accesibilidad\/accesibilidad-galeria\/","title":{"rendered":"accesibilidad-galeria"},"content":{"rendered":"\n<hr class=\"wp-block-separator has-text-color has-luminous-vivid-orange-color has-alpha-channel-opacity has-luminous-vivid-orange-background-color has-background is-style-wide\"\/>\n\n\n\n<h4 class=\"has-white-color has-text-color has-background\" style=\"background-color:#aa5cab\"><strong>Galer\u00eda<\/strong><\/h4>\n\n\n\n<div class=\"is-layout-flex wp-container-7 wp-block-columns alignwide\" style=\"border-style:none;border-width:0px;padding-top:var(--wp--preset--spacing--20);padding-right:var(--wp--preset--spacing--20);padding-bottom:var(--wp--preset--spacing--20);padding-left:var(--wp--preset--spacing--20)\">\n<div class=\"is-content-justification-center is-layout-constrained wp-container-3 wp-block-column has-ast-global-color-5-background-color has-background\" style=\"border-style:none;border-width:0px;flex-basis:90%\">\n<figure class=\"is-layout-flex wp-block-gallery-1 wp-block-gallery has-nested-images columns-default is-cropped\">\n<figure class=\"wp-block-image size-full\"><img decoding=\"async\" loading=\"lazy\" width=\"800\" height=\"431\" src=\"https:\/\/humanas.unsl.edu.ar\/wp-content\/uploads\/2025\/12\/2.jpg\" alt=\"\" class=\"wp-image-14218\" srcset=\"https:\/\/humanas.unsl.edu.ar\/wp-content\/uploads\/2025\/12\/2.jpg 800w, https:\/\/humanas.unsl.edu.ar\/wp-content\/uploads\/2025\/12\/2-300x162.jpg 300w, https:\/\/humanas.unsl.edu.ar\/wp-content\/uploads\/2025\/12\/2-768x414.jpg 768w\" sizes=\"(max-width: 800px) 100vw, 800px\" \/><\/figure>\n\n\n\n<figure class=\"wp-block-image size-large\"><img decoding=\"async\" loading=\"lazy\" width=\"768\" height=\"432\" src=\"https:\/\/humanas.unsl.edu.ar\/wp-content\/uploads\/2025\/12\/3.jpg\" alt=\"\" class=\"wp-image-14219\" srcset=\"https:\/\/humanas.unsl.edu.ar\/wp-content\/uploads\/2025\/12\/3.jpg 768w, https:\/\/humanas.unsl.edu.ar\/wp-content\/uploads\/2025\/12\/3-300x169.jpg 300w\" sizes=\"(max-width: 768px) 100vw, 768px\" \/><\/figure>\n\n\n\n<figure class=\"wp-block-image size-full\"><img decoding=\"async\" loading=\"lazy\" width=\"681\" height=\"438\" src=\"https:\/\/humanas.unsl.edu.ar\/wp-content\/uploads\/2025\/12\/4.jpg\" alt=\"\" class=\"wp-image-14293\" srcset=\"https:\/\/humanas.unsl.edu.ar\/wp-content\/uploads\/2025\/12\/4.jpg 681w, https:\/\/humanas.unsl.edu.ar\/wp-content\/uploads\/2025\/12\/4-300x193.jpg 300w\" sizes=\"(max-width: 681px) 100vw, 681px\" \/><\/figure>\n<\/figure>\n<\/div>\n\n\n\n<div class=\"is-layout-flow wp-block-column has-ast-global-color-6-background-color has-background\" style=\"flex-basis:30%\">\n<div style=\"height:17px\" aria-hidden=\"true\" class=\"wp-block-spacer\"><\/div>\n\n\n\n<div class=\"is-content-justification-center is-layout-flex wp-container-4 wp-block-buttons\">\n<div class=\"wp-block-button has-custom-width wp-block-button__width-75\"><a class=\"wp-block-button__link has-ast-global-color-5-color has-text-color has-background wp-element-button\" href=\"https:\/\/humanas.unsl.edu.ar\/index.php\/inicio\/accesibilidad\/\" style=\"border-radius:6px;background-color:#acaac9\"><strong>Inicio<\/strong><\/a><\/div>\n\n\n\n<div class=\"wp-block-button has-custom-width wp-block-button__width-75\"><a class=\"wp-block-button__link has-ast-global-color-5-color has-text-color has-background wp-element-button\" href=\"https:\/\/humanas.unsl.edu.ar\/index.php\/inicio\/accesibilidad\/accesibilidad-presentacion\/\" style=\"border-radius:6px;background-color:#acaac9\"><strong>Presentaci\u00f3n<\/strong><\/a><\/div>\n\n\n\n<div class=\"wp-block-button has-custom-width wp-block-button__width-75\"><a class=\"wp-block-button__link has-ast-global-color-5-color has-text-color has-background wp-element-button\" href=\"https:\/\/humanas.unsl.edu.ar\/index.php\/inicio\/accesibilidad\/accesibilidad-legislacion\/\" style=\"border-radius:6px;background-color:#acaac9\"><strong>Legislaci\u00f3n<\/strong><\/a><\/div>\n\n\n\n<div class=\"wp-block-button has-custom-width wp-block-button__width-75\"><a class=\"wp-block-button__link has-ast-global-color-5-color has-text-color has-background wp-element-button\" href=\"https:\/\/humanas.unsl.edu.ar\/index.php\/inicio\/accesibilidad\/accesibilidad-recursos\/\" style=\"border-radius:6px;background-color:#acaac9\"><strong>Recursos<\/strong><\/a><\/div>\n\n\n\n<div class=\"wp-block-button has-custom-width wp-block-button__width-75\"><a class=\"wp-block-button__link has-ast-global-color-5-color has-text-color has-background wp-element-button\" href=\"https:\/\/humanas.unsl.edu.ar\/index.php\/inicio\/accesibilidad\/accesibilidad-publicaciones\/\" style=\"border-radius:6px;background-color:#acaac9\"><strong>Publicaciones<\/strong><\/a><\/div>\n\n\n\n<div class=\"wp-block-button has-custom-width wp-block-button__width-75\"><a class=\"wp-block-button__link has-ast-global-color-5-color has-text-color has-background wp-element-button\" href=\"https:\/\/humanas.unsl.edu.ar\/index.php\/inicio\/ccesibilidad\/accesibilidad-galeria\/\" style=\"border-radius:6px;background-color:#acaac9\"><strong>Galer\u00eda<\/strong><\/a><\/div>\n\n\n\n<div class=\"wp-block-button has-custom-width wp-block-button__width-75\"><a class=\"wp-block-button__link has-ast-global-color-5-color has-text-color has-background wp-element-button\" style=\"border-radius:6px;background-color:#acaac9\"><strong>Contactos<\/strong><\/a><\/div>\n<\/div>\n\n\n\n<div style=\"height:90px\" aria-hidden=\"true\" class=\"wp-block-spacer\"><\/div>\n\n\n\n<div style=\"height:20px\" aria-hidden=\"true\" class=\"wp-block-spacer\"><\/div>\n\n\n<form role=\"search\" method=\"get\" action=\"https:\/\/humanas.unsl.edu.ar\/\" class=\"wp-block-search__button-outside wp-block-search__text-button aligncenter wp-block-search\"><label for=\"wp-block-search__input-5\" class=\"wp-block-search__label\" >                             Buscar<\/label><div class=\"wp-block-search__inside-wrapper \"  style=\"width: 225px\"><input type=\"search\" id=\"wp-block-search__input-5\" class=\"wp-block-search__input wp-block-search__input\" name=\"s\" value=\"\" placeholder=\"ingreso\"  style=\"border-width: 0px;border-style: none;border-radius: 7px\" required \/><button type=\"submit\" class=\"wp-block-search__button has-background has-vivid-red-background-color wp-element-button\"  style=\"border-width: 0px;border-style: none;border-radius: 7px\" >Buscar<\/button><\/div><\/form>\n\n\n<div style=\"height:20px\" aria-hidden=\"true\" class=\"wp-block-spacer\"><\/div>\n<\/div>\n<\/div>\n\n\n\n<div style=\"height:28px\" aria-hidden=\"true\" class=\"wp-block-spacer\"><\/div>\n\n\n\n<div class=\"inherit-container-width is-layout-constrained wp-block-group alignfull\"><div class=\"wp-block-group__inner-container\">\n<div class=\"wp-block-cover alignfull is-light\" style=\"min-height:267px\"><span aria-hidden=\"true\" class=\"wp-block-cover__background has-background-dim-100 has-background-dim\" style=\"background-color:#d9d9d9\"><\/span><div class=\"wp-block-cover__inner-container\">\n<p class=\"has-text-align-center has-ast-global-color-8-color has-text-color has-medium-font-size\" style=\"font-style:normal;font-weight:700;line-height:1\"><strong>Pol\u00edticas de inclusi\u00f3n, g\u00e9nero y cuidado integral<\/strong><\/p>\n\n\n\n<div class=\"is-layout-flex wp-container-12 wp-block-columns alignfull\">\n<div class=\"is-layout-flow wp-block-column\">\n<figure class=\"wp-block-image size-full\"><a href=\"https:\/\/www.unsl.edu.ar\/index.php\/menu\/eti\"><img decoding=\"async\" loading=\"lazy\" width=\"480\" height=\"120\" src=\"https:\/\/humanas.unsl.edu.ar\/wp-content\/uploads\/2026\/02\/banner_protocolo_violencia_500x120-480x120-1.png\" alt=\"\" class=\"wp-image-14467\" srcset=\"https:\/\/humanas.unsl.edu.ar\/wp-content\/uploads\/2026\/02\/banner_protocolo_violencia_500x120-480x120-1.png 480w, https:\/\/humanas.unsl.edu.ar\/wp-content\/uploads\/2026\/02\/banner_protocolo_violencia_500x120-480x120-1-300x75.png 300w\" sizes=\"(max-width: 480px) 100vw, 480px\" \/><\/a><\/figure>\n<\/div>\n\n\n\n<div class=\"is-layout-flow wp-block-column\">\n<figure class=\"wp-block-image aligncenter size-full\"><a href=\"http:\/\/www.prevencionenadicciones.unsl.edu.ar\/\"><img decoding=\"async\" loading=\"lazy\" width=\"500\" height=\"120\" src=\"https:\/\/humanas.unsl.edu.ar\/wp-content\/uploads\/2026\/02\/banner_programa_adicciones_500x120.png\" alt=\"\" class=\"wp-image-14461\" srcset=\"https:\/\/humanas.unsl.edu.ar\/wp-content\/uploads\/2026\/02\/banner_programa_adicciones_500x120.png 500w, https:\/\/humanas.unsl.edu.ar\/wp-content\/uploads\/2026\/02\/banner_programa_adicciones_500x120-300x72.png 300w\" sizes=\"(max-width: 500px) 100vw, 500px\" \/><\/a><\/figure>\n<\/div>\n\n\n\n<div class=\"is-layout-flow wp-block-column has-ast-global-color-3-color has-text-color\">\n<figure class=\"wp-block-image aligncenter size-full is-style-default\"><a href=\"https:\/\/universidadydiscapacidad.unsl.edu.ar\/\"><img decoding=\"async\" loading=\"lazy\" width=\"500\" height=\"120\" src=\"https:\/\/humanas.unsl.edu.ar\/wp-content\/uploads\/2026\/02\/banner_programa_discapacidad_500x120.png\" alt=\"\" class=\"wp-image-14462\" srcset=\"https:\/\/humanas.unsl.edu.ar\/wp-content\/uploads\/2026\/02\/banner_programa_discapacidad_500x120.png 500w, https:\/\/humanas.unsl.edu.ar\/wp-content\/uploads\/2026\/02\/banner_programa_discapacidad_500x120-300x72.png 300w\" sizes=\"(max-width: 500px) 100vw, 500px\" \/><\/a><\/figure>\n<\/div>\n\n\n\n<div class=\"is-layout-flow wp-block-column has-ast-global-color-3-color has-text-color\">\n<figure class=\"wp-block-image aligncenter size-full is-style-default\"><a href=\"https:\/\/humanas.unsl.edu.ar\/index.php\/inicio\/accesibilidad\/\"><img decoding=\"async\" loading=\"lazy\" width=\"500\" height=\"120\" src=\"https:\/\/humanas.unsl.edu.ar\/wp-content\/uploads\/2026\/02\/banner_programa_accesibilidad_fch_500x120.png\" alt=\"\" class=\"wp-image-14460\" srcset=\"https:\/\/humanas.unsl.edu.ar\/wp-content\/uploads\/2026\/02\/banner_programa_accesibilidad_fch_500x120.png 500w, https:\/\/humanas.unsl.edu.ar\/wp-content\/uploads\/2026\/02\/banner_programa_accesibilidad_fch_500x120-300x72.png 300w\" sizes=\"(max-width: 500px) 100vw, 500px\" \/><\/a><\/figure>\n<\/div>\n<\/div>\n<\/div><\/div>\n<\/div><\/div>\n","protected":false},"excerpt":{"rendered":"<p>Galer\u00eda<\/p>\n","protected":false},"author":1,"featured_media":0,"parent":14203,"menu_order":6,"comment_status":"closed","ping_status":"closed","template":"","meta":{"site-sidebar-layout":"default","site-content-layout":"","ast-site-content-layout":"default","site-content-style":"default","site-sidebar-style":"default","ast-global-header-display":"","ast-banner-title-visibility":"","ast-main-header-display":"","ast-hfb-above-header-display":"","ast-hfb-below-header-display":"","ast-hfb-mobile-header-display":"","site-post-title":"","ast-breadcrumbs-content":"","ast-featured-img":"","footer-sml-layout":"","theme-transparent-header-meta":"","adv-header-id-meta":"","stick-header-meta":"","header-above-stick-meta":"","header-main-stick-meta":"","header-below-stick-meta":"","astra-migrate-meta-layouts":"set","ast-page-background-enabled":"default","ast-page-background-meta":{"desktop":{"background-color":"var(--ast-global-color-4)","background-image":"","background-repeat":"repeat","background-position":"center center","background-size":"auto","background-attachment":"scroll","background-type":"","background-media":"","overlay-type":"","overlay-color":"","overlay-gradient":""},"tablet":{"background-color":"","background-image":"","background-repeat":"repeat","background-position":"center center","background-size":"auto","background-attachment":"scroll","background-type":"","background-media":"","overlay-type":"","overlay-color":"","overlay-gradient":""},"mobile":{"background-color":"","background-image":"","background-repeat":"repeat","background-position":"center center","background-size":"auto","background-attachment":"scroll","background-type":"","background-media":"","overlay-type":"","overlay-color":"","overlay-gradient":""}},"ast-content-background-meta":{"desktop":{"background-color":"var(--ast-global-color-5)","background-image":"","background-repeat":"repeat","background-position":"center center","background-size":"auto","background-attachment":"scroll","background-type":"","background-media":"","overlay-type":"","overlay-color":"","overlay-gradient":""},"tablet":{"background-color":"var(--ast-global-color-5)","background-image":"","background-repeat":"repeat","background-position":"center center","background-size":"auto","background-attachment":"scroll","background-type":"","background-media":"","overlay-type":"","overlay-color":"","overlay-gradient":""},"mobile":{"background-color":"var(--ast-global-color-5)","background-image":"","background-repeat":"repeat","background-position":"center center","background-size":"auto","background-attachment":"scroll","background-type":"","background-media":"","overlay-type":"","overlay-color":"","overlay-gradient":""}}},"_links":{"self":[{"href":"https:\/\/humanas.unsl.edu.ar\/index.php\/wp-json\/wp\/v2\/pages\/14217"}],"collection":[{"href":"https:\/\/humanas.unsl.edu.ar\/index.php\/wp-json\/wp\/v2\/pages"}],"about":[{"href":"https:\/\/humanas.unsl.edu.ar\/index.php\/wp-json\/wp\/v2\/types\/page"}],"author":[{"embeddable":true,"href":"https:\/\/humanas.unsl.edu.ar\/index.php\/wp-json\/wp\/v2\/users\/1"}],"replies":[{"embeddable":true,"href":"https:\/\/humanas.unsl.edu.ar\/index.php\/wp-json\/wp\/v2\/comments?post=14217"}],"version-history":[{"count":5,"href":"https:\/\/humanas.unsl.edu.ar\/index.php\/wp-json\/wp\/v2\/pages\/14217\/revisions"}],"predecessor-version":[{"id":14579,"href":"https:\/\/humanas.unsl.edu.ar\/index.php\/wp-json\/wp\/v2\/pages\/14217\/revisions\/14579"}],"up":[{"embeddable":true,"href":"https:\/\/humanas.unsl.edu.ar\/index.php\/wp-json\/wp\/v2\/pages\/14203"}],"wp:attachment":[{"href":"https:\/\/humanas.unsl.edu.ar\/index.php\/wp-json\/wp\/v2\/media?parent=14217"}],"curies":[{"name":"wp","href":"https:\/\/api.w.org\/{rel}","templated":true}]}}