{"id":14279,"date":"2025-12-16T16:41:12","date_gmt":"2025-12-16T19:41:12","guid":{"rendered":"https:\/\/humanas.unsl.edu.ar\/?page_id=14279"},"modified":"2026-02-26T16:54:27","modified_gmt":"2026-02-26T19:54:27","slug":"accesibilidad-recursos","status":"publish","type":"page","link":"https:\/\/humanas.unsl.edu.ar\/index.php\/inicio\/accesibilidad\/accesibilidad-recursos\/","title":{"rendered":"accesibilidad-recursos"},"content":{"rendered":"\n<hr class=\"wp-block-separator has-text-color has-luminous-vivid-orange-color has-alpha-channel-opacity has-luminous-vivid-orange-background-color has-background is-style-wide\"\/>\n\n\n\n<h4 class=\"has-white-color has-text-color has-background\" style=\"background-color:#64449c\"><strong>Recursos<\/strong><\/h4>\n\n\n\n<div class=\"is-layout-flex wp-container-5 wp-block-columns alignwide\" style=\"border-style:none;border-width:0px;padding-top:var(--wp--preset--spacing--20);padding-right:var(--wp--preset--spacing--20);padding-bottom:var(--wp--preset--spacing--20);padding-left:var(--wp--preset--spacing--20)\">\n<div class=\"is-content-justification-center is-layout-constrained wp-container-1 wp-block-column has-ast-global-color-5-background-color has-background\" style=\"border-style:none;border-width:0px;flex-basis:90%\">\n<h4>Recursos y aplicaciones \u00fatiles para personas con discapacidad<\/h4>\n\n\n\n<p><\/p>\n\n\n\n<figure class=\"wp-block-table\"><table class=\"has-ast-global-color-4-background-color has-background\"><tbody><tr><td class=\"has-text-align-center\" data-align=\"center\"><strong>Nombre<\/strong><\/td><td class=\"has-text-align-center\" data-align=\"center\"><strong>Enlace<\/strong><\/td><td class=\"has-text-align-center\" data-align=\"center\"><strong>Descripci\u00f3n\/uso pedag\u00f3gico<\/strong><\/td><td class=\"has-text-align-center\" data-align=\"center\"><strong>Im\u00e1gen<\/strong><\/td><\/tr><tr><td class=\"has-text-align-center\" data-align=\"center\"><strong>Hablalo<\/strong><\/td><td class=\"has-text-align-center\" data-align=\"center\"><a href=\"https:\/\/hablaloapp.com\/web\/\">https:\/\/hablaloapp.com\/web\/<\/a><\/td><td class=\"has-text-align-center\" data-align=\"center\">Aplicaci\u00f3n gratuita para ayudar a personas con dificultades para comunicarse verbalmente y con problemas auditivos a incluirse en la sociedad y manejarse cotidianamente con mayor facilidad.<\/td><td class=\"has-text-align-center\" data-align=\"center\"><img decoding=\"async\" loading=\"lazy\" width=\"275\" height=\"183\" class=\"wp-image-14284\" style=\"width: 150px;\" src=\"https:\/\/humanas.unsl.edu.ar\/wp-content\/uploads\/2025\/12\/imagen_hablalo.jpg\" alt=\"\"><\/td><\/tr><tr><td class=\"has-text-align-center\" data-align=\"center\"><strong>Transcriber para WhatsApp<\/strong><\/td><td class=\"has-text-align-center\" data-align=\"center\"><a href=\"https:\/\/play.google.com\/store\/apps\/details?id=it. mirko.transcriber&amp;hl=es\">https:\/\/play.google.com\/store\/apps\/details?id=it. mirko.transcriber&amp;hl=es<\/a><\/td><td class=\"has-text-align-center\" data-align=\"center\">Aplicaci\u00f3n gratuita de celular para WhatsApp: Transforma mensaje de voz (audio) en texto.<\/td><td class=\"has-text-align-center\" data-align=\"center\"><img decoding=\"async\" loading=\"lazy\" width=\"180\" height=\"180\" class=\"wp-image-14286\" style=\"width: 150px;\" src=\"https:\/\/humanas.unsl.edu.ar\/wp-content\/uploads\/2025\/12\/imagen_mirko_trancriber.png\" alt=\"\" srcset=\"https:\/\/humanas.unsl.edu.ar\/wp-content\/uploads\/2025\/12\/imagen_mirko_trancriber.png 180w, https:\/\/humanas.unsl.edu.ar\/wp-content\/uploads\/2025\/12\/imagen_mirko_trancriber-150x150.png 150w\" sizes=\"(max-width: 180px) 100vw, 180px\" \/><\/td><\/tr><tr><td class=\"has-text-align-center\" data-align=\"center\"><strong>Robobraille<\/strong><\/td><td class=\"has-text-align-center\" data-align=\"center\"><a href=\"http:\/\/www.robobraille.org\/es\">http:\/\/www.robobraille.org\/es<\/a><\/td><td class=\"has-text-align-center\" data-align=\"center\">Servicio que permite a personas ciegas o de baja visi\u00f3n acceder a la informaci\u00f3n escrita, convirtiendo textos en formatos de audio.<\/td><td class=\"has-text-align-center\" data-align=\"center\"><img decoding=\"async\" loading=\"lazy\" width=\"200\" height=\"200\" class=\"wp-image-14288\" style=\"width: 150px;\" src=\"https:\/\/humanas.unsl.edu.ar\/wp-content\/uploads\/2025\/12\/imagen_robobraile.png\" alt=\"\" srcset=\"https:\/\/humanas.unsl.edu.ar\/wp-content\/uploads\/2025\/12\/imagen_robobraile.png 200w, https:\/\/humanas.unsl.edu.ar\/wp-content\/uploads\/2025\/12\/imagen_robobraile-150x150.png 150w\" sizes=\"(max-width: 200px) 100vw, 200px\" \/><\/td><\/tr><tr><td class=\"has-text-align-center\" data-align=\"center\"><strong>NVDA<\/strong><\/td><td class=\"has-text-align-center\" data-align=\"center\"><a href=\"https:\/\/nvda.es\/descargas\/descarga-de-nvda\/\">https:\/\/nvda.es\/descargas\/descarga-de-nvda\/<\/a><\/td><td class=\"has-text-align-center\" data-align=\"center\">NVDA es un lector de pantallas para Microsoft Windows gratuito que proporciona retroalimentaci\u00f3n a trav\u00e9s de voz sint\u00e9tica y Braille. Posibilita a las personas con discapacidad visual acceder a ordenadores ejecutando W indows.<\/td><td class=\"has-text-align-center\" data-align=\"center\"><img decoding=\"async\" loading=\"lazy\" width=\"126\" height=\"94\" class=\"wp-image-14285\" style=\"width: 126px;\" src=\"https:\/\/humanas.unsl.edu.ar\/wp-content\/uploads\/2025\/12\/imagen_lector_nvidia_espaniol.png\" alt=\"\"><\/td><\/tr><tr><td class=\"has-text-align-center\" data-align=\"center\"><strong>Software educativo &#8211; CEDETI<\/strong><\/td><td class=\"has-text-align-center\" data-align=\"center\"><a href=\"http:\/\/www.cedeti.cl\/tecnologias- inclusivas\/software-educativo\/\">http:\/\/www.cedeti.cl\/tecnologias- inclusivas\/software-educativo\/<\/a><\/td><td class=\"has-text-align-center\" data-align=\"center\">Softwares educativos gratuitos y accesibles<br>pensados para atender las necesidades de personas con discapacidad auditiva y visual, orientados al proceso de lectura y escritura inicial y apoyo a la comunicaci\u00f3n.<\/td><td class=\"has-text-align-center\" data-align=\"center\"><img decoding=\"async\" loading=\"lazy\" width=\"118\" height=\"108\" class=\"wp-image-14287\" style=\"width: 118px;\" src=\"https:\/\/humanas.unsl.edu.ar\/wp-content\/uploads\/2025\/12\/imagen_otro_recurso.png\" alt=\"\"><\/td><\/tr><tr><td class=\"has-text-align-center\" data-align=\"center\"><strong>Libros inclusivos CEDETI<\/strong><\/td><td class=\"has-text-align-center\" data-align=\"center\"><a href=\"http:\/\/www.cedeti.cl\/tecnologias-inclusivas\/libros- inclusivos\/\">http:\/\/www.cedeti.cl\/tecnologias-inclusivas\/libros- inclusivos\/<\/a><\/td><td class=\"has-text-align-center\" data-align=\"center\">Adaptaciones de libros para ni\u00f1os con discapacidad auditiva y visual, los cuales est\u00e1n publicados en versiones digitales y accesibles, con apoyo de Lengua de Se\u00f1as Chilena (LSCh) y audio.<\/td><td class=\"has-text-align-center\" data-align=\"center\"><img decoding=\"async\" loading=\"lazy\" width=\"149\" height=\"98\" class=\"wp-image-14283\" style=\"width: 149px;\" src=\"https:\/\/humanas.unsl.edu.ar\/wp-content\/uploads\/2025\/12\/imagen_cedeti_libros.gif\" alt=\"\"><\/td><\/tr><tr><td class=\"has-text-align-center\" data-align=\"center\"><strong>Tiflolibros<\/strong><\/td><td class=\"has-text-align-center\" data-align=\"center\"><a href=\"https:\/\/tiflolibros.tiflonexos.org\">https:\/\/tiflolibros.tiflonexos.org<\/a><\/td><td class=\"has-text-align-center\" data-align=\"center\">BIBLIOTECA DIGITAL para ciegos de habla hispana<\/td><td class=\"has-text-align-center\" data-align=\"center\"><img decoding=\"async\" loading=\"lazy\" width=\"271\" height=\"84\" class=\"wp-image-14282\" style=\"width: 150px;\" src=\"https:\/\/humanas.unsl.edu.ar\/wp-content\/uploads\/2025\/12\/icono_tiflonexos.png\" alt=\"\"><\/td><\/tr><\/tbody><\/table><\/figure>\n\n\n\n<p><\/p>\n\n\n\n<p><\/p>\n<\/div>\n\n\n\n<div class=\"is-layout-flow wp-block-column has-ast-global-color-6-background-color has-background\" style=\"flex-basis:30%\">\n<div style=\"height:17px\" aria-hidden=\"true\" class=\"wp-block-spacer\"><\/div>\n\n\n\n<div class=\"is-content-justification-center is-layout-flex wp-container-2 wp-block-buttons\">\n<div class=\"wp-block-button has-custom-width wp-block-button__width-75\"><a class=\"wp-block-button__link has-ast-global-color-5-color has-text-color has-background wp-element-button\" href=\"https:\/\/humanas.unsl.edu.ar\/index.php\/inicio\/accesibilidad\/\" style=\"border-radius:6px;background-color:#acaac9\"><strong>Inicio<\/strong><\/a><\/div>\n\n\n\n<div class=\"wp-block-button has-custom-width wp-block-button__width-75\"><a class=\"wp-block-button__link has-ast-global-color-5-color has-text-color has-background wp-element-button\" href=\"https:\/\/humanas.unsl.edu.ar\/index.php\/inicio\/accesibilidad\/accesibilidad-presentacion\/\" style=\"border-radius:6px;background-color:#acaac9\"><strong>Presentaci\u00f3n<\/strong><\/a><\/div>\n\n\n\n<div class=\"wp-block-button has-custom-width wp-block-button__width-75\"><a class=\"wp-block-button__link has-ast-global-color-5-color has-text-color has-background wp-element-button\" href=\"https:\/\/humanas.unsl.edu.ar\/index.php\/inicio\/accesibilidad\/accesibilidad-legislacion\/\" style=\"border-radius:6px;background-color:#acaac9\"><strong>Legislaci\u00f3n<\/strong><\/a><\/div>\n\n\n\n<div class=\"wp-block-button has-custom-width wp-block-button__width-75\"><a class=\"wp-block-button__link has-ast-global-color-5-color has-text-color has-background wp-element-button\" href=\"https:\/\/humanas.unsl.edu.ar\/index.php\/inicio\/accesibilidad\/accesibilidad-recursos\/\" style=\"border-radius:6px;background-color:#acaac9\"><strong>Recursos<\/strong><\/a><\/div>\n\n\n\n<div class=\"wp-block-button has-custom-width wp-block-button__width-75\"><a class=\"wp-block-button__link has-ast-global-color-5-color has-text-color has-background wp-element-button\" href=\"https:\/\/humanas.unsl.edu.ar\/index.php\/inicio\/accesibilidad\/accesibilidad-publicaciones\/\" style=\"border-radius:6px;background-color:#acaac9\"><strong>Publicaciones<\/strong><\/a><\/div>\n\n\n\n<div class=\"wp-block-button has-custom-width wp-block-button__width-75\"><a class=\"wp-block-button__link has-ast-global-color-5-color has-text-color has-background wp-element-button\" href=\"https:\/\/humanas.unsl.edu.ar\/index.php\/inicio\/ccesibilidad\/accesibilidad-galeria\/\" style=\"border-radius:6px;background-color:#acaac9\"><strong>Galer\u00eda<\/strong><\/a><\/div>\n\n\n\n<div class=\"wp-block-button has-custom-width wp-block-button__width-75\"><a class=\"wp-block-button__link has-ast-global-color-5-color has-text-color has-background wp-element-button\" style=\"border-radius:6px;background-color:#acaac9\"><strong>Contactos<\/strong><\/a><\/div>\n<\/div>\n\n\n\n<div style=\"height:90px\" aria-hidden=\"true\" class=\"wp-block-spacer\"><\/div>\n\n\n\n<div style=\"height:20px\" aria-hidden=\"true\" class=\"wp-block-spacer\"><\/div>\n\n\n<form role=\"search\" method=\"get\" action=\"https:\/\/humanas.unsl.edu.ar\/\" class=\"wp-block-search__button-outside wp-block-search__text-button aligncenter wp-block-search\"><label for=\"wp-block-search__input-3\" class=\"wp-block-search__label\" >                             Buscar<\/label><div class=\"wp-block-search__inside-wrapper \"  style=\"width: 225px\"><input type=\"search\" id=\"wp-block-search__input-3\" class=\"wp-block-search__input wp-block-search__input\" name=\"s\" value=\"\" placeholder=\"ingreso\"  style=\"border-width: 0px;border-style: none;border-radius: 7px\" required \/><button type=\"submit\" class=\"wp-block-search__button has-background has-vivid-red-background-color wp-element-button\"  style=\"border-width: 0px;border-style: none;border-radius: 7px\" >Buscar<\/button><\/div><\/form>\n\n\n<div style=\"height:20px\" aria-hidden=\"true\" class=\"wp-block-spacer\"><\/div>\n<\/div>\n<\/div>\n\n\n\n<div style=\"height:28px\" aria-hidden=\"true\" class=\"wp-block-spacer\"><\/div>\n\n\n\n<div class=\"inherit-container-width is-layout-constrained wp-block-group alignfull\"><div class=\"wp-block-group__inner-container\">\n<div class=\"wp-block-cover alignfull is-light\" style=\"min-height:267px\"><span aria-hidden=\"true\" class=\"wp-block-cover__background has-background-dim-100 has-background-dim\" style=\"background-color:#d9d9d9\"><\/span><div class=\"wp-block-cover__inner-container\">\n<p class=\"has-text-align-center has-ast-global-color-8-color has-text-color has-medium-font-size\" style=\"font-style:normal;font-weight:700;line-height:1\"><strong>Pol\u00edticas de inclusi\u00f3n, g\u00e9nero y cuidado integral<\/strong><\/p>\n\n\n\n<div class=\"is-layout-flex wp-container-10 wp-block-columns alignfull\">\n<div class=\"is-layout-flow wp-block-column\">\n<figure class=\"wp-block-image size-full\"><a href=\"https:\/\/www.unsl.edu.ar\/index.php\/menu\/eti\"><img decoding=\"async\" loading=\"lazy\" width=\"480\" height=\"120\" src=\"https:\/\/humanas.unsl.edu.ar\/wp-content\/uploads\/2026\/02\/banner_protocolo_violencia_500x120-480x120-1.png\" alt=\"\" class=\"wp-image-14467\" srcset=\"https:\/\/humanas.unsl.edu.ar\/wp-content\/uploads\/2026\/02\/banner_protocolo_violencia_500x120-480x120-1.png 480w, https:\/\/humanas.unsl.edu.ar\/wp-content\/uploads\/2026\/02\/banner_protocolo_violencia_500x120-480x120-1-300x75.png 300w\" sizes=\"(max-width: 480px) 100vw, 480px\" \/><\/a><\/figure>\n<\/div>\n\n\n\n<div class=\"is-layout-flow wp-block-column\">\n<figure class=\"wp-block-image aligncenter size-full\"><a href=\"http:\/\/www.prevencionenadicciones.unsl.edu.ar\/\"><img decoding=\"async\" loading=\"lazy\" width=\"500\" height=\"120\" src=\"https:\/\/humanas.unsl.edu.ar\/wp-content\/uploads\/2026\/02\/banner_programa_adicciones_500x120.png\" alt=\"\" class=\"wp-image-14461\" srcset=\"https:\/\/humanas.unsl.edu.ar\/wp-content\/uploads\/2026\/02\/banner_programa_adicciones_500x120.png 500w, https:\/\/humanas.unsl.edu.ar\/wp-content\/uploads\/2026\/02\/banner_programa_adicciones_500x120-300x72.png 300w\" sizes=\"(max-width: 500px) 100vw, 500px\" \/><\/a><\/figure>\n<\/div>\n\n\n\n<div class=\"is-layout-flow wp-block-column has-ast-global-color-3-color has-text-color\">\n<figure class=\"wp-block-image aligncenter size-full is-style-default\"><a href=\"https:\/\/universidadydiscapacidad.unsl.edu.ar\/\"><img decoding=\"async\" loading=\"lazy\" width=\"500\" height=\"120\" src=\"https:\/\/humanas.unsl.edu.ar\/wp-content\/uploads\/2026\/02\/banner_programa_discapacidad_500x120.png\" alt=\"\" class=\"wp-image-14462\" srcset=\"https:\/\/humanas.unsl.edu.ar\/wp-content\/uploads\/2026\/02\/banner_programa_discapacidad_500x120.png 500w, https:\/\/humanas.unsl.edu.ar\/wp-content\/uploads\/2026\/02\/banner_programa_discapacidad_500x120-300x72.png 300w\" sizes=\"(max-width: 500px) 100vw, 500px\" \/><\/a><\/figure>\n<\/div>\n\n\n\n<div class=\"is-layout-flow wp-block-column has-ast-global-color-3-color has-text-color\">\n<figure class=\"wp-block-image aligncenter size-full is-style-default\"><a href=\"https:\/\/humanas.unsl.edu.ar\/index.php\/inicio\/accesibilidad\/\"><img decoding=\"async\" loading=\"lazy\" width=\"500\" height=\"120\" src=\"https:\/\/humanas.unsl.edu.ar\/wp-content\/uploads\/2026\/02\/banner_programa_accesibilidad_fch_500x120.png\" alt=\"\" class=\"wp-image-14460\" srcset=\"https:\/\/humanas.unsl.edu.ar\/wp-content\/uploads\/2026\/02\/banner_programa_accesibilidad_fch_500x120.png 500w, https:\/\/humanas.unsl.edu.ar\/wp-content\/uploads\/2026\/02\/banner_programa_accesibilidad_fch_500x120-300x72.png 300w\" sizes=\"(max-width: 500px) 100vw, 500px\" \/><\/a><\/figure>\n<\/div>\n<\/div>\n<\/div><\/div>\n<\/div><\/div>\n","protected":false},"excerpt":{"rendered":"<p>Recursos Recursos y aplicaciones \u00fatiles para personas con discapacidad Nombre Enlace Descripci\u00f3n\/uso pedag\u00f3gico Im\u00e1gen Hablalo https:\/\/hablaloapp.com\/web\/ Aplicaci\u00f3n gratuita para ayudar a personas con dificultades para comunicarse verbalmente y con problemas auditivos a incluirse en la sociedad y manejarse cotidianamente con mayor facilidad. Transcriber para WhatsApp https:\/\/play.google.com\/store\/apps\/details?id=it. mirko.transcriber&amp;hl=es Aplicaci\u00f3n gratuita de celular para WhatsApp: Transforma mensaje &hellip;<\/p>\n<p class=\"read-more\"> <a class=\"\" href=\"https:\/\/humanas.unsl.edu.ar\/index.php\/inicio\/accesibilidad\/accesibilidad-recursos\/\"> <span class=\"screen-reader-text\">accesibilidad-recursos<\/span> Leer m\u00e1s &raquo;<\/a><\/p>\n","protected":false},"author":1,"featured_media":0,"parent":14203,"menu_order":5,"comment_status":"closed","ping_status":"closed","template":"","meta":{"site-sidebar-layout":"default","site-content-layout":"","ast-site-content-layout":"default","site-content-style":"default","site-sidebar-style":"default","ast-global-header-display":"","ast-banner-title-visibility":"","ast-main-header-display":"","ast-hfb-above-header-display":"","ast-hfb-below-header-display":"","ast-hfb-mobile-header-display":"","site-post-title":"","ast-breadcrumbs-content":"","ast-featured-img":"","footer-sml-layout":"","theme-transparent-header-meta":"","adv-header-id-meta":"","stick-header-meta":"","header-above-stick-meta":"","header-main-stick-meta":"","header-below-stick-meta":"","astra-migrate-meta-layouts":"set","ast-page-background-enabled":"default","ast-page-background-meta":{"desktop":{"background-color":"var(--ast-global-color-4)","background-image":"","background-repeat":"repeat","background-position":"center center","background-size":"auto","background-attachment":"scroll","background-type":"","background-media":"","overlay-type":"","overlay-color":"","overlay-gradient":""},"tablet":{"background-color":"","background-image":"","background-repeat":"repeat","background-position":"center center","background-size":"auto","background-attachment":"scroll","background-type":"","background-media":"","overlay-type":"","overlay-color":"","overlay-gradient":""},"mobile":{"background-color":"","background-image":"","background-repeat":"repeat","background-position":"center center","background-size":"auto","background-attachment":"scroll","background-type":"","background-media":"","overlay-type":"","overlay-color":"","overlay-gradient":""}},"ast-content-background-meta":{"desktop":{"background-color":"var(--ast-global-color-5)","background-image":"","background-repeat":"repeat","background-position":"center center","background-size":"auto","background-attachment":"scroll","background-type":"","background-media":"","overlay-type":"","overlay-color":"","overlay-gradient":""},"tablet":{"background-color":"var(--ast-global-color-5)","background-image":"","background-repeat":"repeat","background-position":"center center","background-size":"auto","background-attachment":"scroll","background-type":"","background-media":"","overlay-type":"","overlay-color":"","overlay-gradient":""},"mobile":{"background-color":"var(--ast-global-color-5)","background-image":"","background-repeat":"repeat","background-position":"center center","background-size":"auto","background-attachment":"scroll","background-type":"","background-media":"","overlay-type":"","overlay-color":"","overlay-gradient":""}}},"_links":{"self":[{"href":"https:\/\/humanas.unsl.edu.ar\/index.php\/wp-json\/wp\/v2\/pages\/14279"}],"collection":[{"href":"https:\/\/humanas.unsl.edu.ar\/index.php\/wp-json\/wp\/v2\/pages"}],"about":[{"href":"https:\/\/humanas.unsl.edu.ar\/index.php\/wp-json\/wp\/v2\/types\/page"}],"author":[{"embeddable":true,"href":"https:\/\/humanas.unsl.edu.ar\/index.php\/wp-json\/wp\/v2\/users\/1"}],"replies":[{"embeddable":true,"href":"https:\/\/humanas.unsl.edu.ar\/index.php\/wp-json\/wp\/v2\/comments?post=14279"}],"version-history":[{"count":5,"href":"https:\/\/humanas.unsl.edu.ar\/index.php\/wp-json\/wp\/v2\/pages\/14279\/revisions"}],"predecessor-version":[{"id":14577,"href":"https:\/\/humanas.unsl.edu.ar\/index.php\/wp-json\/wp\/v2\/pages\/14279\/revisions\/14577"}],"up":[{"embeddable":true,"href":"https:\/\/humanas.unsl.edu.ar\/index.php\/wp-json\/wp\/v2\/pages\/14203"}],"wp:attachment":[{"href":"https:\/\/humanas.unsl.edu.ar\/index.php\/wp-json\/wp\/v2\/media?parent=14279"}],"curies":[{"name":"wp","href":"https:\/\/api.w.org\/{rel}","templated":true}]}}