{"id":2863,"date":"2022-06-20T20:50:20","date_gmt":"2022-06-20T23:50:20","guid":{"rendered":"https:\/\/humanas.unsl.edu.ar\/?page_id=2863"},"modified":"2024-02-15T20:54:59","modified_gmt":"2024-02-15T23:54:59","slug":"administrativa","status":"publish","type":"page","link":"https:\/\/humanas.unsl.edu.ar\/index.php\/inicio\/institucional\/decanato\/secretarias\/administrativa\/","title":{"rendered":"Secretar\u00eda Administrativa"},"content":{"rendered":"\n<div style=\"height:25px\" aria-hidden=\"true\" class=\"wp-block-spacer\"><\/div>\n\n\n\n<h6 class=\"wp-elements-ebeb2be9af85e24fad29dad9bfcba2ff alignwide has-ast-global-color-3-color has-text-color has-background has-link-color\" id=\"inicio\" style=\"background-color:#fde2cb;line-height:1.5\"><a href=\"https:\/\/humanas.unsl.edu.ar\/\" data-type=\"page\" data-id=\"264\">Inicio<\/a> \/ Secretar\u00eda Administrativa<\/h6>\n\n\n\n<div style=\"height:25px\" aria-hidden=\"true\" class=\"wp-block-spacer\"><\/div>\n\n\n\n<div class=\"is-horizontal is-content-justification-center is-layout-flex wp-container-1 wp-block-buttons alignwide\">\n<div class=\"wp-block-button has-custom-width wp-block-button__width-25 has-custom-font-size is-style-fill has-small-font-size\"><a class=\"wp-block-button__link has-white-color has-luminous-vivid-orange-background-color has-text-color has-background wp-element-button\" href=\"https:\/\/humanas.unsl.edu.ar\/index.php\/institucional\/informacion-institucional\/\" style=\"border-radius:7px\">Reglamentaciones<\/a><\/div>\n\n\n\n<div class=\"wp-block-button has-custom-width wp-block-button__width-25 has-custom-font-size is-style-fill has-small-font-size\"><a class=\"wp-block-button__link has-white-color has-text-color has-background wp-element-button\" href=\"https:\/\/humanas.unsl.edu.ar\/index.php\/pagina-de-inicio\/consultas-y-tramites\/\" style=\"border-radius:7px;background-color:#ed6f03\">Consultas y tr\u00e1mites<\/a><\/div>\n\n\n\n<div class=\"wp-block-button has-custom-width wp-block-button__width-25 has-custom-font-size is-style-fill has-small-font-size\"><a class=\"wp-block-button__link has-white-color has-text-color has-background wp-element-button\" href=\"http:\/\/digesto.unsl.edu.ar\/\" style=\"border-radius:7px;background-color:#ed6f03\">Digesto<\/a><\/div>\n<\/div>\n\n\n\n<div style=\"height:17px\" aria-hidden=\"true\" class=\"wp-block-spacer\"><\/div>\n\n\n\n<div class=\"is-layout-flex wp-container-6 wp-block-columns alignwide\">\n<div class=\"is-layout-flow wp-block-column\" style=\"flex-basis:66.66%\">\n<h4 class=\"has-white-color has-text-color has-background\" style=\"background-color:#ed6f03;line-height:1.5\">Secretar\u00eda Administrativa <\/h4>\n\n\n\n<blockquote class=\"wp-block-quote\">\n<p><strong>Misi\u00f3n<\/strong>:<br><em>Asistir y asesorar al Decano en la elaboraci\u00f3n y aplicaci\u00f3n de la pol\u00edtica financiero-contable de la Facultad.<\/em><\/p>\n<\/blockquote>\n\n\n\n<blockquote class=\"wp-block-quote is-style-default\" style=\"font-style:italic;font-weight:400\">\n<p><em><strong>Funciones:<\/strong><br>* Licitaciones para la compra de todo el material que la Facultad requiere: muebles, \u00fatiles, computadoras y material de computaci\u00f3n, instrumental cient\u00edfico, libros, etc. <br>* Lleva adelante la administraci\u00f3n contable del presupuesto asignado a la facultad. <br>*Realiza la liquidaci\u00f3n de: vi\u00e1ticos, \u00f3rdenes de pasajes, becas, subsidios, etc. <br>* Se encarga de tramitaci\u00f3n de los contratos al personal que desempe\u00f1a funciones en la Facultad. <br>* Se encarga de la recepci\u00f3n de los insumos, materiales, y bienes que son adquiridos por la facultad y posteriormente se encarga de la administraci\u00f3n de los mismos.<\/em><\/p>\n<\/blockquote>\n<\/div>\n\n\n\n<div class=\"is-layout-flow wp-block-column\" style=\"flex-basis:33.33%\">\n<h4 class=\"has-white-color has-luminous-vivid-orange-background-color has-text-color has-background\">Presupuesto   <\/h4>\n\n\n\n<ul>\n<li><a href=\"http:\/\/humanas.unsl.edu.ar\/flexphp\/news.php?newsid=5295\">Presupuesto 2023<\/a><\/li>\n\n\n\n<li><a href=\"http:\/\/digesto.unsl.edu.ar\/docs\/202205\/20220506111841_10253.pdf\">Presupuesto 2022<\/a><\/li>\n\n\n\n<li><a href=\"http:\/\/digesto.unsl.edu.ar\/docs\/202107\/20210706110922_23080.pdf\">Presupuesto 2021<\/a><\/li>\n<\/ul>\n\n\n\n<p class=\"has-black-color has-text-color has-background\" style=\"background-color:#d9d9d9;font-size:18px;line-height:1\">   Compras y Licitaciones<\/p>\n\n\n\n<ul>\n<li><a href=\"https:\/\/compras.unsl.edu.ar\/aplicacion.php?ah=st5daf1d11542679.74301175&amp;ai=diaguita%7C%7C110000003\">Portal de Compras P\u00fablicas<\/a><\/li>\n<\/ul>\n\n\n\n<div style=\"height:25px\" aria-hidden=\"true\" class=\"wp-block-spacer\"><\/div>\n\n\n\n<p class=\"has-text-align-center\"><strong>Secretar\u00eda Administrativa<br>Facultad de Ciencias Humanas<\/strong><br>Edificio Rectorado. 1\u00ba Piso &#8211; Sector &#8220;B&#8221;<br>Tel\u00e9fonos: 2664-520300 int. 5235<br><a href=\"mailto:horus@unsl.edu.ar\">horus@unsl.edu.ar<\/a> &#8211; <a href=\"mailto:hodandel@gmail.com\">hodandel@gmail.com<\/a> <\/p>\n\n\n\n<div style=\"height:22px\" aria-hidden=\"true\" class=\"wp-block-spacer\"><\/div>\n\n\n\n<div class=\"is-layout-flex wp-container-4 wp-block-columns\">\n<div class=\"is-layout-flow wp-block-column\">\n<figure class=\"wp-block-image aligncenter size-full is-resized\"><a href=\"https:\/\/humanas.unsl.edu.ar\/index.php\/noticias-fch\/\"><img decoding=\"async\" loading=\"lazy\" src=\"https:\/\/humanas.unsl.edu.ar\/wp-content\/uploads\/2022\/06\/1.png\" alt=\"\" class=\"wp-image-2994\" width=\"85\" height=\"85\"\/><\/a><\/figure>\n<\/div>\n<\/div>\n<\/div>\n<\/div>\n\n\n\n<div style=\"height:27px\" aria-hidden=\"true\" class=\"wp-block-spacer\"><\/div>\n\n\n\n<div class=\"is-layout-flex wp-container-12 wp-block-columns are-vertically-aligned-top\">\n<div class=\"is-layout-flow wp-block-column is-vertically-aligned-top\">\n<figure class=\"wp-block-image aligncenter size-full\"><a href=\"http:\/\/www.unsl.edu.ar\/P\/web%20guia%20ubicacion\/guia.html\"><img decoding=\"async\" loading=\"lazy\" width=\"80\" height=\"80\" src=\"https:\/\/humanas.unsl.edu.ar\/wp-content\/uploads\/2022\/04\/1-4-2.png\" alt=\"\" class=\"wp-image-1928\"\/><\/a><figcaption class=\"wp-element-caption\"><a href=\"http:\/\/www.unsl.edu.ar\/P\/web%20guia%20ubicacion\/guia.html\" target=\"_blank\" rel=\"noreferrer noopener\">Ubicaci\u00f3n de personas<\/a><\/figcaption><\/figure>\n<\/div>\n\n\n\n<div class=\"is-layout-flow wp-block-column is-vertically-aligned-top\">\n<figure class=\"wp-block-image aligncenter size-full\"><a href=\"http:\/\/www.unsl.edu.ar\/P\/web%20guia%20ubicacion\/guia01.html\"><img decoding=\"async\" loading=\"lazy\" width=\"80\" height=\"80\" src=\"https:\/\/humanas.unsl.edu.ar\/wp-content\/uploads\/2022\/04\/2-4-1.png\" alt=\"\" class=\"wp-image-1944\"\/><\/a><figcaption class=\"wp-element-caption\"><a href=\"http:\/\/www.unsl.edu.ar\/P\/web%20guia%20ubicacion\/guia01.html\" target=\"_blank\" rel=\"noreferrer noopener\">Ubicaci\u00f3n de oficinas <\/a><\/figcaption><\/figure>\n<\/div>\n\n\n\n<div class=\"is-layout-flow wp-block-column is-vertically-aligned-top\">\n<figure class=\"wp-block-image aligncenter size-full is-resized is-style-rounded\"><a href=\"https:\/\/humanas.unsl.edu.ar\/index.php\/inicio\/institucional\/informacion-institucional\/contactos-fch\/\"><img decoding=\"async\" loading=\"lazy\" src=\"https:\/\/humanas.unsl.edu.ar\/wp-content\/uploads\/2022\/04\/3-1-2.png\" alt=\"\" class=\"wp-image-1957\" width=\"90\" height=\"90\"\/><\/a><figcaption class=\"wp-element-caption\"><a href=\"https:\/\/humanas.unsl.edu.ar\/index.php\/inicio\/institucional\/informacion-institucional\/contactos-fch\/\" data-type=\"page\" data-id=\"9171\">Contactos FCH<\/a><\/figcaption><\/figure>\n<\/div>\n\n\n\n<div class=\"is-layout-flow wp-block-column is-vertically-aligned-top\">\n<figure class=\"wp-block-image aligncenter size-full\"><img decoding=\"async\" loading=\"lazy\" width=\"80\" height=\"80\" src=\"https:\/\/humanas.unsl.edu.ar\/wp-content\/uploads\/2022\/04\/4-1-1.png\" alt=\"\" class=\"wp-image-1967\"\/><figcaption class=\"wp-element-caption\"><a href=\"http:\/\/dgti.unsl.edu.ar\/guia-telefono\/\" target=\"_blank\" rel=\"noreferrer noopener\">Gu\u00eda telef\u00f3nica UNSL<\/a><\/figcaption><\/figure>\n<\/div>\n\n\n\n<div class=\"is-layout-flow wp-block-column is-vertically-aligned-top\">\n<figure class=\"wp-block-image aligncenter size-full\"><a href=\"http:\/\/www.unsl.edu.ar\/assets\/doc\/mapa-sede-san-luis.pdf\"><img decoding=\"async\" loading=\"lazy\" width=\"80\" height=\"80\" src=\"https:\/\/humanas.unsl.edu.ar\/wp-content\/uploads\/2022\/04\/5-1.png\" alt=\"\" class=\"wp-image-1973\"\/><\/a><figcaption class=\"wp-element-caption\"><a href=\"http:\/\/www.unsl.edu.ar\/assets\/doc\/mapa-sede-san-luis.pdf\" target=\"_blank\" rel=\"noreferrer noopener\">Mapa de la UNSL<\/a><\/figcaption><\/figure>\n<\/div>\n<\/div>\n\n\n\n<div style=\"height:27px\" aria-hidden=\"true\" class=\"wp-block-spacer\"><\/div>\n\n\n\n<div class=\"inherit-container-width is-layout-constrained wp-block-group alignfull\"><div class=\"wp-block-group__inner-container\">\n<div class=\"wp-block-cover alignfull is-light\" style=\"min-height:267px\"><span aria-hidden=\"true\" class=\"wp-block-cover__background has-background-dim-100 has-background-dim\" style=\"background-color:#d9d9d9\"><\/span><div class=\"wp-block-cover__inner-container\">\n<p class=\"has-text-align-center has-ast-global-color-8-color has-text-color has-medium-font-size\" style=\"font-style:normal;font-weight:700;line-height:1\"><strong>Pol\u00edticas de inclusi\u00f3n, g\u00e9nero y cuidado integral<\/strong><\/p>\n\n\n\n<div class=\"is-layout-flex wp-container-17 wp-block-columns alignfull\">\n<div class=\"is-layout-flow wp-block-column\">\n<figure class=\"wp-block-image size-full\"><a href=\"https:\/\/www.unsl.edu.ar\/index.php\/menu\/eti\"><img decoding=\"async\" loading=\"lazy\" width=\"480\" height=\"120\" src=\"https:\/\/humanas.unsl.edu.ar\/wp-content\/uploads\/2026\/02\/banner_protocolo_violencia_500x120-480x120-1.png\" alt=\"\" class=\"wp-image-14467\" srcset=\"https:\/\/humanas.unsl.edu.ar\/wp-content\/uploads\/2026\/02\/banner_protocolo_violencia_500x120-480x120-1.png 480w, https:\/\/humanas.unsl.edu.ar\/wp-content\/uploads\/2026\/02\/banner_protocolo_violencia_500x120-480x120-1-300x75.png 300w\" sizes=\"(max-width: 480px) 100vw, 480px\" \/><\/a><\/figure>\n<\/div>\n\n\n\n<div class=\"is-layout-flow wp-block-column\">\n<figure class=\"wp-block-image aligncenter size-full\"><a href=\"http:\/\/www.prevencionenadicciones.unsl.edu.ar\/\"><img decoding=\"async\" loading=\"lazy\" width=\"500\" height=\"120\" src=\"https:\/\/humanas.unsl.edu.ar\/wp-content\/uploads\/2026\/02\/banner_programa_adicciones_500x120.png\" alt=\"\" class=\"wp-image-14461\" srcset=\"https:\/\/humanas.unsl.edu.ar\/wp-content\/uploads\/2026\/02\/banner_programa_adicciones_500x120.png 500w, https:\/\/humanas.unsl.edu.ar\/wp-content\/uploads\/2026\/02\/banner_programa_adicciones_500x120-300x72.png 300w\" sizes=\"(max-width: 500px) 100vw, 500px\" \/><\/a><\/figure>\n<\/div>\n\n\n\n<div class=\"is-layout-flow wp-block-column has-ast-global-color-3-color has-text-color\">\n<figure class=\"wp-block-image aligncenter size-full is-style-default\"><a href=\"https:\/\/universidadydiscapacidad.unsl.edu.ar\/\"><img decoding=\"async\" loading=\"lazy\" width=\"500\" height=\"120\" src=\"https:\/\/humanas.unsl.edu.ar\/wp-content\/uploads\/2026\/02\/banner_programa_discapacidad_500x120.png\" alt=\"\" class=\"wp-image-14462\" srcset=\"https:\/\/humanas.unsl.edu.ar\/wp-content\/uploads\/2026\/02\/banner_programa_discapacidad_500x120.png 500w, https:\/\/humanas.unsl.edu.ar\/wp-content\/uploads\/2026\/02\/banner_programa_discapacidad_500x120-300x72.png 300w\" sizes=\"(max-width: 500px) 100vw, 500px\" \/><\/a><\/figure>\n<\/div>\n\n\n\n<div class=\"is-layout-flow wp-block-column has-ast-global-color-3-color has-text-color\">\n<figure class=\"wp-block-image aligncenter size-full is-style-default\"><a href=\"https:\/\/humanas.unsl.edu.ar\/index.php\/inicio\/accesibilidad\/\"><img decoding=\"async\" loading=\"lazy\" width=\"500\" height=\"120\" src=\"https:\/\/humanas.unsl.edu.ar\/wp-content\/uploads\/2026\/02\/banner_programa_accesibilidad_fch_500x120.png\" alt=\"\" class=\"wp-image-14460\" srcset=\"https:\/\/humanas.unsl.edu.ar\/wp-content\/uploads\/2026\/02\/banner_programa_accesibilidad_fch_500x120.png 500w, https:\/\/humanas.unsl.edu.ar\/wp-content\/uploads\/2026\/02\/banner_programa_accesibilidad_fch_500x120-300x72.png 300w\" sizes=\"(max-width: 500px) 100vw, 500px\" \/><\/a><\/figure>\n<\/div>\n<\/div>\n<\/div><\/div>\n<\/div><\/div>\n\n\n\n<div style=\"height:27px\" aria-hidden=\"true\" class=\"wp-block-spacer\"><\/div>\n\n\n\n<div class=\"wp-block-jetpack-layout-grid alignfull column1-desktop-grid__span-3 column1-desktop-grid__row-1 column2-desktop-grid__span-3 column2-desktop-grid__start-4 column2-desktop-grid__row-1 column3-desktop-grid__span-3 column3-desktop-grid__start-7 column3-desktop-grid__row-1 column4-desktop-grid__span-3 column4-desktop-grid__start-10 column4-desktop-grid__row-1 column1-tablet-grid__span-4 column1-tablet-grid__row-1 column2-tablet-grid__span-4 column2-tablet-grid__start-5 column2-tablet-grid__row-1 column3-tablet-grid__span-4 column3-tablet-grid__row-2 column4-tablet-grid__span-4 column4-tablet-grid__start-5 column4-tablet-grid__row-2 column1-mobile-grid__span-4 column1-mobile-grid__row-1 column2-mobile-grid__span-4 column2-mobile-grid__row-2 column3-mobile-grid__span-4 column3-mobile-grid__row-3 column4-mobile-grid__span-4 column4-mobile-grid__row-4 wp-block-jetpack-layout-gutter__medium\">\n<div class=\"wp-block-jetpack-layout-grid-column wp-block-jetpack-layout-grid__padding-none is-vertically-aligned-top\">\n<h6 id=\"informacion-institucional\"><strong>INFORMACI\u00d3N INSTITUCIONAL<\/strong><\/h6>\n\n\n\n<p><strong>Tel\u00e9fono:<\/strong>&nbsp;+54 (0266) 4520300<\/p>\n\n\n\n<p><strong>Direcci\u00f3n:<\/strong>&nbsp;Ej\u00e9rcito de Los Andes 950, D5700HHW.<br>San Luis, Argentina <br><strong>\u00bfC\u00f3mo llegar?<\/strong><br><a href=\"https:\/\/goo.gl\/maps\/JfpaQGqv7zH2\" target=\"_blank\" rel=\"noopener\">Ver ubicaci\u00f3n en Google Maps<\/a><\/p>\n<\/div>\n\n\n\n<div class=\"wp-block-jetpack-layout-grid-column wp-block-jetpack-layout-grid__padding-none is-vertically-aligned-top\">\n<h6 id=\"contactos-frecuentes\"><strong>CONTACTOS FRECUENTES<\/strong><\/h6>\n\n\n\n<p><strong>Consultas Acad\u00e9micas:<\/strong><br><a href=\"http:\/\/secretar\u00eda.academica.fchumanas@gmail.com\">secretar\u00eda.academica.fchumanas@gmail.com<\/a><\/p>\n\n\n\n<p><strong><span style=\"font-size: 1em; font-family: var(--font-base, 'Noto Sans', -apple-system, BlinkMacSystemFont, 'Segoe UI', 'Roboto', 'Oxygen', 'Ubuntu', 'Cantarell', 'Fira Sans', 'Droid Sans', 'Helvetica Neue', sans-serif);\">\u00c1rea de Prensa FCH:<\/span><\/strong> <br>Mail: <a href=\"mailto:prensahumanas@gmail.com\" target=\"_blank\" rel=\"noopener\">prensahumanas@gmail.com<\/a><\/p>\n<\/div>\n\n\n\n<div class=\"wp-block-jetpack-layout-grid-column wp-block-jetpack-layout-grid__padding-none is-vertically-aligned-top\">\n<h6><strong>REDES SOCIALES<\/strong><\/h6>\n\n\n\n<figure class=\"wp-block-image size-full is-resized\"><a href=\"https:\/\/www.facebook.com\/FacultaddeCienciasHumanasUNSL\"><img decoding=\"async\" loading=\"lazy\" src=\"https:\/\/humanas.unsl.edu.ar\/wp-content\/uploads\/2022\/05\/2.png\" alt=\"\" class=\"wp-image-2234\" width=\"54\" height=\"54\"\/><\/a><\/figure>\n\n\n\n<figure class=\"wp-block-image size-full is-resized\"><a href=\"https:\/\/www.instagram.com\/fchunsl\/\"><img decoding=\"async\" loading=\"lazy\" src=\"https:\/\/humanas.unsl.edu.ar\/wp-content\/uploads\/2022\/05\/3.png\" alt=\"\" class=\"wp-image-2235\" width=\"60\" height=\"60\"\/><\/a><\/figure>\n\n\n\n<figure class=\"wp-block-image size-full is-resized\"><a href=\"https:\/\/www.youtube.com\/user\/FCHumanas\/featured\"><img decoding=\"async\" loading=\"lazy\" src=\"https:\/\/humanas.unsl.edu.ar\/wp-content\/uploads\/2022\/05\/4.png\" alt=\"\" class=\"wp-image-2236\" width=\"65\" height=\"65\"\/><\/a><\/figure>\n<\/div>\n\n\n\n<div class=\"wp-block-jetpack-layout-grid-column wp-block-jetpack-layout-grid__padding-none is-vertically-aligned-top\">\n<h6 id=\"mapa-del-sitio\"><strong>MAPA DEL SITIO<\/strong><\/h6>\n\n\n\n<p class=\"has-small-font-size\"><a href=\"https:\/\/humanas.unsl.edu.ar\/index.php\/institucional\/\"><strong>INSTITUCIONAL<\/strong><\/a><\/p>\n\n\n\n<p class=\"has-small-font-size\"><a href=\"https:\/\/humanasunsl.wordpress.com\/carreras\/\"><strong>CARRERAS<\/strong><\/a><\/p>\n\n\n\n<p class=\"has-small-font-size\"><a href=\"https:\/\/humanas.unsl.edu.ar\/index.php\/ingreso\/\"><strong>INGRESO<\/strong><\/a><\/p>\n\n\n\n<p class=\"has-small-font-size\"><a href=\"https:\/\/humanas.unsl.edu.ar\/index.php\/docentes-2\/\"><strong>DOCENTES<\/strong><\/a><\/p>\n\n\n\n<p class=\"has-small-font-size\"><a href=\"https:\/\/humanas.unsl.edu.ar\/index.php\/estudiantes\/\"><strong>ESTUDIANTES<\/strong><\/a><\/p>\n\n\n\n<p class=\"has-small-font-size\"><a href=\"http:\/\/www.unsl.edu.ar\/\" target=\"_blank\" rel=\"noreferrer noopener\"><strong>UNSL<\/strong><\/a><\/p>\n\n\n\n<p class=\"has-small-font-size\"><strong><a href=\"https:\/\/humanas.unsl.edu.ar\/index.php\/noticias\/\" data-type=\"page\" data-id=\"186\">NOTICIAS<\/a><\/strong><\/p>\n<\/div>\n<\/div>\n\n\n\n<div style=\"height:27px\" aria-hidden=\"true\" class=\"wp-block-spacer\"><\/div>\n","protected":false},"excerpt":{"rendered":"<p>Inicio \/ Secretar\u00eda Administrativa Secretar\u00eda Administrativa Misi\u00f3n:Asistir y asesorar al Decano en la elaboraci\u00f3n y aplicaci\u00f3n de la pol\u00edtica financiero-contable de la Facultad. Funciones:* Licitaciones para la compra de todo el material que la Facultad requiere: muebles, \u00fatiles, computadoras y material de computaci\u00f3n, instrumental cient\u00edfico, libros, etc. * Lleva adelante la administraci\u00f3n contable del presupuesto &hellip;<\/p>\n<p class=\"read-more\"> <a class=\"\" href=\"https:\/\/humanas.unsl.edu.ar\/index.php\/inicio\/institucional\/decanato\/secretarias\/administrativa\/\"> <span class=\"screen-reader-text\">Secretar\u00eda Administrativa<\/span> Leer m\u00e1s &raquo;<\/a><\/p>\n","protected":false},"author":2,"featured_media":0,"parent":483,"menu_order":3,"comment_status":"closed","ping_status":"closed","template":"","meta":{"site-sidebar-layout":"default","site-content-layout":"","ast-site-content-layout":"default","site-content-style":"default","site-sidebar-style":"default","ast-global-header-display":"","ast-banner-title-visibility":"","ast-main-header-display":"","ast-hfb-above-header-display":"","ast-hfb-below-header-display":"","ast-hfb-mobile-header-display":"","site-post-title":"disabled","ast-breadcrumbs-content":"","ast-featured-img":"","footer-sml-layout":"","theme-transparent-header-meta":"","adv-header-id-meta":"","stick-header-meta":"","header-above-stick-meta":"","header-main-stick-meta":"","header-below-stick-meta":"","astra-migrate-meta-layouts":"set","ast-page-background-enabled":"default","ast-page-background-meta":{"desktop":{"background-color":"var(--ast-global-color-4)","background-image":"","background-repeat":"repeat","background-position":"center center","background-size":"auto","background-attachment":"scroll","background-type":"","background-media":"","overlay-type":"","overlay-color":"","overlay-gradient":""},"tablet":{"background-color":"","background-image":"","background-repeat":"repeat","background-position":"center center","background-size":"auto","background-attachment":"scroll","background-type":"","background-media":"","overlay-type":"","overlay-color":"","overlay-gradient":""},"mobile":{"background-color":"","background-image":"","background-repeat":"repeat","background-position":"center center","background-size":"auto","background-attachment":"scroll","background-type":"","background-media":"","overlay-type":"","overlay-color":"","overlay-gradient":""}},"ast-content-background-meta":{"desktop":{"background-color":"var(--ast-global-color-5)","background-image":"","background-repeat":"repeat","background-position":"center center","background-size":"auto","background-attachment":"scroll","background-type":"","background-media":"","overlay-type":"","overlay-color":"","overlay-gradient":""},"tablet":{"background-color":"var(--ast-global-color-5)","background-image":"","background-repeat":"repeat","background-position":"center center","background-size":"auto","background-attachment":"scroll","background-type":"","background-media":"","overlay-type":"","overlay-color":"","overlay-gradient":""},"mobile":{"background-color":"var(--ast-global-color-5)","background-image":"","background-repeat":"repeat","background-position":"center center","background-size":"auto","background-attachment":"scroll","background-type":"","background-media":"","overlay-type":"","overlay-color":"","overlay-gradient":""}}},"_links":{"self":[{"href":"https:\/\/humanas.unsl.edu.ar\/index.php\/wp-json\/wp\/v2\/pages\/2863"}],"collection":[{"href":"https:\/\/humanas.unsl.edu.ar\/index.php\/wp-json\/wp\/v2\/pages"}],"about":[{"href":"https:\/\/humanas.unsl.edu.ar\/index.php\/wp-json\/wp\/v2\/types\/page"}],"author":[{"embeddable":true,"href":"https:\/\/humanas.unsl.edu.ar\/index.php\/wp-json\/wp\/v2\/users\/2"}],"replies":[{"embeddable":true,"href":"https:\/\/humanas.unsl.edu.ar\/index.php\/wp-json\/wp\/v2\/comments?post=2863"}],"version-history":[{"count":32,"href":"https:\/\/humanas.unsl.edu.ar\/index.php\/wp-json\/wp\/v2\/pages\/2863\/revisions"}],"predecessor-version":[{"id":8439,"href":"https:\/\/humanas.unsl.edu.ar\/index.php\/wp-json\/wp\/v2\/pages\/2863\/revisions\/8439"}],"up":[{"embeddable":true,"href":"https:\/\/humanas.unsl.edu.ar\/index.php\/wp-json\/wp\/v2\/pages\/483"}],"wp:attachment":[{"href":"https:\/\/humanas.unsl.edu.ar\/index.php\/wp-json\/wp\/v2\/media?parent=2863"}],"curies":[{"name":"wp","href":"https:\/\/api.w.org\/{rel}","templated":true}]}}