{"id":3076,"date":"2022-07-02T16:48:49","date_gmt":"2022-07-02T19:48:49","guid":{"rendered":"https:\/\/humanas.unsl.edu.ar\/?page_id=3076"},"modified":"2025-10-22T18:39:45","modified_gmt":"2025-10-22T21:39:45","slug":"maestria-en-educacion-superior","status":"publish","type":"page","link":"https:\/\/humanas.unsl.edu.ar\/index.php\/inicio\/carreras\/carreras-de-posgrado\/maestria-en-educacion-superior\/","title":{"rendered":"Maestr\u00eda en Educaci\u00f3n Superior"},"content":{"rendered":"\n<div style=\"height:14px\" aria-hidden=\"true\" class=\"wp-block-spacer\"><\/div>\n\n\n\n<h6 class=\"wp-elements-91e5962caaddb36944e1794082165e43 alignwide has-ast-global-color-3-color has-text-color has-background has-link-color\" id=\"inicio\" style=\"background-color:#fde2cb;line-height:1.5\"><a href=\"https:\/\/humanas.unsl.edu.ar\/\" data-type=\"page\" data-id=\"264\">Inicio<\/a> \/ <a href=\"https:\/\/humanas.unsl.edu.ar\/index.php\/carreras\/carreras-de-posgrado\/\" data-type=\"page\" data-id=\"799\">Carreras de Posgrado<\/a> \/ Maestr\u00eda en Educaci\u00f3n Superior<\/h6>\n\n\n\n<div style=\"height:22px\" aria-hidden=\"true\" class=\"wp-block-spacer\"><\/div>\n\n\n\n<div class=\"is-content-justification-center is-layout-flex wp-container-1 wp-block-buttons\">\n<div class=\"wp-block-button has-custom-width wp-block-button__width-50\"><a class=\"wp-block-button__link has-ast-global-color-5-color has-text-color has-background wp-element-button\" href=\"http:\/\/posgrado.unsl.edu.ar\/\" style=\"border-radius:7px;background-color:#ed6f03\">Posgrado UNSL<\/a><\/div>\n<\/div>\n\n\n\n<div style=\"height:33px\" aria-hidden=\"true\" class=\"wp-block-spacer\"><\/div>\n\n\n\n<div class=\"is-layout-flex wp-container-4 wp-block-columns alignwide are-vertically-aligned-top\">\n<div class=\"is-layout-flow wp-block-column is-vertically-aligned-top\" style=\"flex-basis:66.66%\">\n<h4 class=\"alignfull has-text-color has-background\" id=\"bienvenidx-a-la-facultad-de-ciencias-humanas\" style=\"color:#ffffff;background-color:#ed6f03;letter-spacing:0px;line-height:1.5\">Maestr\u00eda en Educaci\u00f3n Superior<\/h4>\n\n\n\n<figure class=\"wp-block-image aligncenter size-large is-resized\"><a href=\"https:\/\/humanas.unsl.edu.ar\/wp-content\/uploads\/2025\/10\/afiche_cohorte_2026_mes.jpeg\"><img decoding=\"async\" loading=\"lazy\" src=\"https:\/\/humanas.unsl.edu.ar\/wp-content\/uploads\/2025\/10\/afiche_cohorte_2026_mes-1024x1024.jpeg\" alt=\"\" class=\"wp-image-13814\" width=\"256\" height=\"256\" srcset=\"https:\/\/humanas.unsl.edu.ar\/wp-content\/uploads\/2025\/10\/afiche_cohorte_2026_mes-1024x1024.jpeg 1024w, https:\/\/humanas.unsl.edu.ar\/wp-content\/uploads\/2025\/10\/afiche_cohorte_2026_mes-300x300.jpeg 300w, https:\/\/humanas.unsl.edu.ar\/wp-content\/uploads\/2025\/10\/afiche_cohorte_2026_mes-150x150.jpeg 150w, https:\/\/humanas.unsl.edu.ar\/wp-content\/uploads\/2025\/10\/afiche_cohorte_2026_mes-768x768.jpeg 768w, https:\/\/humanas.unsl.edu.ar\/wp-content\/uploads\/2025\/10\/afiche_cohorte_2026_mes-250x250.jpeg 250w, https:\/\/humanas.unsl.edu.ar\/wp-content\/uploads\/2025\/10\/afiche_cohorte_2026_mes.jpeg 1080w\" sizes=\"(max-width: 256px) 100vw, 256px\" \/><\/a><\/figure>\n\n\n\n<blockquote class=\"wp-block-quote\">\n<p class=\"has-text-align-justify\">La Carrera <strong>Maestr\u00eda en Educaci\u00f3n Superior<\/strong> apunta a la formaci\u00f3n de actores acad\u00e9micos de este Nivel, que posean s\u00f3lidos marcos te\u00f3ricos en el campo de estudio a partir de los cuales responder a las necesidades y demandas que se generan desde la sociedad y al interior de las propias instituciones. Se trata de conformar un espacio de reflexi\u00f3n sobre el Nivel Superior que, en tanto eje de an\u00e1lisis cient\u00edfico, aporte a la investigaci\u00f3n y la generaci\u00f3n de conocimientos sobre esta compleja problem\u00e1tica.<\/p>\n\n\n\n<p class=\"has-text-align-justify\">El objetivo de la carrera es contribuir a formar una masa cr\u00edtica de docentes e investigadores, que posibilite la investigaci\u00f3n en el campo de la Educaci\u00f3n Superior, la formulaci\u00f3n de proyectos pedag\u00f3gicos, curriculares e institucionales desde fundamentos, as\u00ed como tambi\u00e9n asumir una actitud de compromiso con la docencia, la investigaci\u00f3n, la gesti\u00f3n y extensi\u00f3n.<\/p>\n\n\n\n<p class=\"has-text-align-justify\">La Carrera de Maestr\u00eda en Educaci\u00f3n Superior se desarrolla con una modalidad presencial.<\/p>\n\n\n\n<p class=\"has-text-align-justify\">Esta propuesta formativa est\u00e1 dirigida a graduados de carreras de cuatro a\u00f1os o m\u00e1s, que tengan pr\u00e1ctica docente en instituciones de Educaci\u00f3n Superior.<\/p>\n\n\n\n<p class=\"has-text-align-justify\">El Plan de Estudio consta de doce m\u00f3dulos y una etapa de preparaci\u00f3n del trabajo final -incluye taller de tesis, tutor\u00eda y pasant\u00eda en investigaci\u00f3n-. La carrera culmina con la presentaci\u00f3n y defensa de una Tesis de Maestr\u00eda.<\/p>\n\n\n\n<p class=\"has-text-align-justify\">Los contenidos se organizan en torno al eje de la Pr\u00e1ctica Docente, abordada desde distintos n\u00facleos:<\/p>\n\n\n\n<p>1. Fundamentos Interdisciplinarios de la Educaci\u00f3n Superior<\/p>\n\n\n\n<p>2. Epistemolog\u00eda e Investigaci\u00f3n en Educaci\u00f3n Superior<\/p>\n\n\n\n<p>3. La problem\u00e1tica de la did\u00e1ctica y del curr\u00edculum en la Educaci\u00f3n Superior.<\/p>\n\n\n\n<p>4. El marco institucional de la Educaci\u00f3n Superior<\/p>\n<\/blockquote>\n\n\n\n<h5 class=\"alignfull has-luminous-vivid-amber-background-color has-text-color has-background\" id=\"bienvenidx-a-la-facultad-de-ciencias-humanas\" style=\"color:#ffffff;letter-spacing:0px;line-height:1.5\">Plan de Estudio y reglamentaciones<\/h5>\n\n\n\n<blockquote class=\"wp-block-quote\">\n<p class=\"wp-elements-d92b645370fd86e48f11419bc13aa101 has-ast-global-color-3-color has-text-color has-link-color\"><strong><a href=\"https:\/\/humanas.unsl.edu.ar\/wp-content\/uploads\/2024\/07\/OCD-001-2002.pdf\">OCD \u2013 001\/02<\/a><\/strong>\u00a0\u2013 Creaci\u00f3n de la Carrera de <strong>Maestr\u00eda en Educaci\u00f3n Superior<\/strong>. Plan de Estudios.<br><strong><a href=\"http:\/\/digesto.unsl.edu.ar\/docs\/html\/200205\/20020516184627_31983.html\">OCD &#8211; 010\/02<\/a><\/strong>\u00a0\u2013 Ratificaci\u00f3n OCD &#8211; 001\/02. Creaci\u00f3n Plan de Estudios Carrera de Maestr\u00eda en Educaci\u00f3n Superior.<br><strong><a href=\"http:\/\/digesto.unsl.edu.ar\/wrapper.php?op=201208\/20120824183239_25393.pdf\">RCD \u2013 104\/12<\/a><\/strong>\u00a0\u2013 Designar Cuerpo Docente de la Carrera de Posgrado Maestr\u00eda en Educaci\u00f3n Superior.<br><a href=\"http:\/\/digesto.unsl.edu.ar\/wrapper.php?op=201206\/20120627104952_26641.pdf\"><strong>RCS \u2013 81\/12<\/strong><\/a>\u00a0\u2013 Homologa Resol.104\/12-CD FCH.\u00a0Designa Cuerpo Docente Carrera de Posgrado Maestr\u00eda en Educaci\u00f3n Superior.<br><a href=\"http:\/\/digesto.unsl.edu.ar\/docs\/201808\/20180809110838_15805.pdf\"><strong>OCD &#8211; 006\/18<\/strong><\/a>. Reglamentaci\u00f3n interna.<br><a href=\"http:\/\/digesto.unsl.edu.ar\/docs\/201808\/20180806130308_15743.pdf\"><strong>OCS -25\/18<\/strong><\/a>. Homologada por Consejo Superior.<br>T\u00edtulo: Mag\u00edster en Educaci\u00f3n Superior<br>Duraci\u00f3n: Dos (2) a\u00f1os y seis (6) meses calendario. (710 horas)<br>Dictado: presencial.<br><strong><a href=\"https:\/\/humanas.unsl.edu.ar\/wp-content\/uploads\/2025\/08\/RS-2022-117000174-APN-CONEAUME.pdf\">Res. CONEAU 2022-117<\/a><\/strong>. Carrera acreditada por CONEAU. Categor\u00eda: &#8220;<strong>A<\/strong>&#8220;<br><strong><a href=\"http:\/\/digesto.unsl.edu.ar\/docs\/202309\/20230905131824_18289.pdf\">RCD \u2013 218\/23<\/a><\/strong>\u00a0\u2013 Comit\u00e9 Acad\u00e9mico. Nuevos integrantes. <br><strong><a href=\"https:\/\/humanas.unsl.edu.ar\/wp-content\/uploads\/2025\/08\/RCD-274-25.pdf\">RCD \u2013 274\/2025<\/a><\/strong>\u00a0\u2013 Designar Autoridades y Comit\u00e9 Acad\u00e9mico.<\/p>\n<\/blockquote>\n\n\n\n<p><\/p>\n\n\n\n<h5 class=\"alignfull has-text-color has-background\" id=\"documentacion-requerida-para-el-ingreso-a-la-fch\" style=\"color:#ffffff;background-color:#f18c12;letter-spacing:0px;line-height:1.5\">Documentaci\u00f3n requerida para la inscripci\u00f3n<\/h5>\n\n\n\n<blockquote class=\"wp-block-quote\">\n<p class=\"has-text-align-center has-medium-font-size\"><strong>Cohorte 2026<\/strong><\/p>\n\n\n\n<p class=\"wp-elements-a7491687cdf40ce10a22ef84bc8f9663 has-link-color\"><strong><a href=\"https:\/\/forms.gle\/nPR4jihWRrp9222Y7\">Formulario de pre-inscripci\u00f3n Cohorte 2026<\/a><\/strong><\/p>\n<\/blockquote>\n\n\n\n<h5 class=\"alignfull has-white-color has-text-color has-background\" id=\"documentacion-requerida-para-el-ingreso-a-la-fch\" style=\"background-color:#f8b719;letter-spacing:0px;line-height:1.5\">Aranceles<\/h5>\n\n\n\n<blockquote class=\"wp-block-quote\">\n<p>Pr\u00f3ximamente disponibles.<\/p>\n<\/blockquote>\n<\/div>\n\n\n\n<div class=\"is-layout-flow wp-block-column is-vertically-aligned-top\" style=\"flex-basis:33.33%\">\n<h4 class=\"has-text-align-center has-white-color has-luminous-vivid-orange-background-color has-text-color has-background\" style=\"line-height:1.5\">Contactos<\/h4>\n\n\n\n<ul>\n<li><\/li>\n<\/ul>\n\n\n\n<p class=\"has-text-align-center\"><strong>Maestr\u00eda en Educaci\u00f3n Superior<\/strong><br>Mail:&nbsp;<a href=\"mailto:mesyesposgrado@gmail.com\">mesyesposgrado@gmail.com<\/a><\/p>\n\n\n\n<div style=\"height:27px\" aria-hidden=\"true\" class=\"wp-block-spacer\"><\/div>\n\n\n\n<p class=\"has-text-align-center\">Director:<br><strong>Dr. Nicol\u00e1s Alejandro Pereira (UNSL)<\/strong><br>Co-Director:<br><strong>Dr. Walter Eduardo Olgu\u00edn (UNSL)<\/strong><\/p>\n\n\n\n<div style=\"height:27px\" aria-hidden=\"true\" class=\"wp-block-spacer\"><\/div>\n\n\n\n<p class=\"has-text-align-center\" style=\"font-size:14px\"><strong>Comit\u00e9 acad\u00e9mico:<\/strong><br>Dr. Nicol\u00e1s Alejandro Pereira (UNSL)<br>Dr. Walter Eduardo Olgu\u00edn (UNSL)<br>Mg. M\u00f3nica Clavijo (FCH-UNSL)<br>Mg. Viviana Macchiarola&nbsp;(FCH-UNSL) <br>Dra. Cecilia Montiel (FCH-UNSL) <br>Mg. Liliana Marisol Mart\u00edn (FCH-UNSL)<br><\/p>\n\n\n\n<div style=\"height:27px\" aria-hidden=\"true\" class=\"wp-block-spacer\"><\/div>\n\n\n\n<p class=\"has-text-align-center\"><strong>SECRETAR\u00cdA DE POSGRADO<br>Dra. Mar\u00eda Celeste Rom\u00e1<\/strong> <br>Sede: Secretar\u00eda de Posgrado Facultad de Ciencias Humanas<br>Edificio Rectorado. 1\u00ba Piso &#8211; Sector &#8220;B&#8221;<br>Tel\u00e9fonos: 2664 520300 Int. 5328<br>Mail:&nbsp;<a href=\"mailto:posgradoch@gmail.com\">posgradoch@gmail.com<\/a><\/p>\n\n\n\n<div style=\"height:27px\" aria-hidden=\"true\" class=\"wp-block-spacer\"><\/div>\n\n\n\n<p><\/p>\n\n\n\n<figure class=\"wp-block-image aligncenter size-full is-resized\"><a href=\"https:\/\/fchportaldigital.unsl.edu.ar\/\"><img decoding=\"async\" loading=\"lazy\" src=\"https:\/\/humanas.unsl.edu.ar\/wp-content\/uploads\/2022\/10\/icono-portal-digital.png\" alt=\"\" class=\"wp-image-3997\" width=\"80\" height=\"80\" srcset=\"https:\/\/humanas.unsl.edu.ar\/wp-content\/uploads\/2022\/10\/icono-portal-digital.png 278w, https:\/\/humanas.unsl.edu.ar\/wp-content\/uploads\/2022\/10\/icono-portal-digital-150x150.png 150w, https:\/\/humanas.unsl.edu.ar\/wp-content\/uploads\/2022\/10\/icono-portal-digital-250x250.png 250w\" sizes=\"(max-width: 80px) 100vw, 80px\" \/><\/a><\/figure>\n<\/div>\n<\/div>\n\n\n\n<div style=\"height:22px\" aria-hidden=\"true\" class=\"wp-block-spacer\"><\/div>\n\n\n\n<div class=\"inherit-container-width is-layout-constrained wp-block-group alignfull\"><div class=\"wp-block-group__inner-container\">\n<div class=\"inherit-container-width is-layout-constrained wp-block-group alignfull\"><div class=\"wp-block-group__inner-container\">\n<div class=\"wp-block-cover alignfull is-light\" style=\"min-height:267px\"><span aria-hidden=\"true\" class=\"wp-block-cover__background has-background-dim-100 has-background-dim\" style=\"background-color:#d9d9d9\"><\/span><div class=\"wp-block-cover__inner-container\">\n<p class=\"has-text-align-center has-ast-global-color-8-color has-text-color has-medium-font-size\" style=\"font-style:normal;font-weight:700;line-height:1\"><strong>Pol\u00edticas de inclusi\u00f3n, g\u00e9nero y cuidado integral<\/strong><\/p>\n\n\n\n<div class=\"is-layout-flex wp-container-9 wp-block-columns alignfull\">\n<div class=\"is-layout-flow wp-block-column\">\n<figure class=\"wp-block-image size-full\"><a href=\"https:\/\/www.unsl.edu.ar\/index.php\/menu\/eti\"><img decoding=\"async\" loading=\"lazy\" width=\"480\" height=\"120\" src=\"https:\/\/humanas.unsl.edu.ar\/wp-content\/uploads\/2026\/02\/banner_protocolo_violencia_500x120-480x120-1.png\" alt=\"\" class=\"wp-image-14467\" srcset=\"https:\/\/humanas.unsl.edu.ar\/wp-content\/uploads\/2026\/02\/banner_protocolo_violencia_500x120-480x120-1.png 480w, https:\/\/humanas.unsl.edu.ar\/wp-content\/uploads\/2026\/02\/banner_protocolo_violencia_500x120-480x120-1-300x75.png 300w\" sizes=\"(max-width: 480px) 100vw, 480px\" \/><\/a><\/figure>\n<\/div>\n\n\n\n<div class=\"is-layout-flow wp-block-column\">\n<figure class=\"wp-block-image aligncenter size-full\"><a href=\"http:\/\/www.prevencionenadicciones.unsl.edu.ar\/\"><img decoding=\"async\" loading=\"lazy\" width=\"500\" height=\"120\" src=\"https:\/\/humanas.unsl.edu.ar\/wp-content\/uploads\/2026\/02\/banner_programa_adicciones_500x120.png\" alt=\"\" class=\"wp-image-14461\" srcset=\"https:\/\/humanas.unsl.edu.ar\/wp-content\/uploads\/2026\/02\/banner_programa_adicciones_500x120.png 500w, https:\/\/humanas.unsl.edu.ar\/wp-content\/uploads\/2026\/02\/banner_programa_adicciones_500x120-300x72.png 300w\" sizes=\"(max-width: 500px) 100vw, 500px\" \/><\/a><\/figure>\n<\/div>\n\n\n\n<div class=\"is-layout-flow wp-block-column has-ast-global-color-3-color has-text-color\">\n<figure class=\"wp-block-image aligncenter size-full is-style-default\"><a href=\"https:\/\/universidadydiscapacidad.unsl.edu.ar\/\"><img decoding=\"async\" loading=\"lazy\" width=\"500\" height=\"120\" src=\"https:\/\/humanas.unsl.edu.ar\/wp-content\/uploads\/2026\/02\/banner_programa_discapacidad_500x120.png\" alt=\"\" class=\"wp-image-14462\" srcset=\"https:\/\/humanas.unsl.edu.ar\/wp-content\/uploads\/2026\/02\/banner_programa_discapacidad_500x120.png 500w, https:\/\/humanas.unsl.edu.ar\/wp-content\/uploads\/2026\/02\/banner_programa_discapacidad_500x120-300x72.png 300w\" sizes=\"(max-width: 500px) 100vw, 500px\" \/><\/a><\/figure>\n<\/div>\n\n\n\n<div class=\"is-layout-flow wp-block-column has-ast-global-color-3-color has-text-color\">\n<figure class=\"wp-block-image aligncenter size-full is-style-default\"><a href=\"https:\/\/humanas.unsl.edu.ar\/index.php\/inicio\/accesibilidad\/\"><img decoding=\"async\" loading=\"lazy\" width=\"500\" height=\"120\" src=\"https:\/\/humanas.unsl.edu.ar\/wp-content\/uploads\/2026\/02\/banner_programa_accesibilidad_fch_500x120.png\" alt=\"\" class=\"wp-image-14460\" srcset=\"https:\/\/humanas.unsl.edu.ar\/wp-content\/uploads\/2026\/02\/banner_programa_accesibilidad_fch_500x120.png 500w, https:\/\/humanas.unsl.edu.ar\/wp-content\/uploads\/2026\/02\/banner_programa_accesibilidad_fch_500x120-300x72.png 300w\" sizes=\"(max-width: 500px) 100vw, 500px\" \/><\/a><\/figure>\n<\/div>\n<\/div>\n<\/div><\/div>\n<\/div><\/div>\n<\/div><\/div>\n\n\n\n<div style=\"height:22px\" aria-hidden=\"true\" class=\"wp-block-spacer\"><\/div>\n\n\n\n<div class=\"inherit-container-width is-layout-constrained wp-block-group alignfull\"><div class=\"wp-block-group__inner-container\">\n<div class=\"inherit-container-width is-layout-constrained wp-block-group alignwide\"><div class=\"wp-block-group__inner-container\">\n<div class=\"wp-block-jetpack-layout-grid alignfull column1-desktop-grid__span-3 column1-desktop-grid__row-1 column2-desktop-grid__span-3 column2-desktop-grid__start-4 column2-desktop-grid__row-1 column3-desktop-grid__span-3 column3-desktop-grid__start-7 column3-desktop-grid__row-1 column4-desktop-grid__span-3 column4-desktop-grid__start-10 column4-desktop-grid__row-1 column1-tablet-grid__span-4 column1-tablet-grid__row-1 column2-tablet-grid__span-4 column2-tablet-grid__start-5 column2-tablet-grid__row-1 column3-tablet-grid__span-4 column3-tablet-grid__row-2 column4-tablet-grid__span-4 column4-tablet-grid__start-5 column4-tablet-grid__row-2 column1-mobile-grid__span-4 column1-mobile-grid__row-1 column2-mobile-grid__span-4 column2-mobile-grid__row-2 column3-mobile-grid__span-4 column3-mobile-grid__row-3 column4-mobile-grid__span-4 column4-mobile-grid__row-4 wp-block-jetpack-layout-gutter__medium\">\n<div class=\"wp-block-jetpack-layout-grid-column wp-block-jetpack-layout-grid__padding-none is-vertically-aligned-top\">\n<h6 class=\"has-text-align-center\" id=\"informacion-institucional\"><strong>INFORMACI\u00d3N INSTITUCIONAL<\/strong><\/h6>\n\n\n\n<p><strong>Tel\u00e9fono:<\/strong>&nbsp;+54 (0266) 4520300<\/p>\n\n\n\n<p class=\"wp-elements-e6ca50e8000ea0ddd7ca28e37e89d93a has-link-color\" style=\"font-size:15px\"><strong>Direcci\u00f3n:<\/strong>&nbsp;Ej\u00e9rcito de Los Andes 950, D5700HHW.<br>San Luis, Argentina <br><strong>\u00bfC\u00f3mo llegar?<\/strong><br><a href=\"https:\/\/goo.gl\/maps\/JfpaQGqv7zH2\" target=\"_blank\" rel=\"noopener\">Ver ubicaci\u00f3n en Google Maps<\/a><\/p>\n<\/div>\n\n\n\n<div class=\"wp-block-jetpack-layout-grid-column wp-block-jetpack-layout-grid__padding-none is-vertically-aligned-top\">\n<h6 class=\"has-text-align-center\" id=\"contactos-frecuentes\"><strong>CONTACTOS FRECUENTES<\/strong><\/h6>\n\n\n\n<p class=\"wp-elements-b1aa7a71407969e91e35537b3b790954 has-link-color\" style=\"font-size:15px\"><strong>Consultas Acad\u00e9micas:<\/strong><br><a href=\"mailto:secretar\u00eda.academica.fchumanas@gmail.com\">secretar\u00eda.academica.fchumanas@gmail.com<\/a><\/p>\n\n\n\n<p class=\"wp-elements-c03ba341c07bfc69611de1a9f7cb7103 has-link-color\"><strong><span style=\"font-size: 1em; font-family: var(--font-base, 'Noto Sans', -apple-system, BlinkMacSystemFont, 'Segoe UI', 'Roboto', 'Oxygen', 'Ubuntu', 'Cantarell', 'Fira Sans', 'Droid Sans', 'Helvetica Neue', sans-serif);\">\u00c1rea de Prensa FCH:<\/span><\/strong> <br>Mail: <a href=\"mailto:prensahumanas@gmail.com\" target=\"_blank\" rel=\"noopener\">prensahumanas@gmail.com<\/a><\/p>\n<\/div>\n\n\n\n<div class=\"wp-block-jetpack-layout-grid-column wp-block-jetpack-layout-grid__padding-none is-vertically-aligned-top\">\n<h6 class=\"has-text-align-center\"><strong>REDES SOCIALES<\/strong><\/h6>\n\n\n\n<div style=\"height:39px\" aria-hidden=\"true\" class=\"wp-block-spacer\"><\/div>\n\n\n\n<figure class=\"wp-block-image aligncenter size-large is-resized\"><a href=\"https:\/\/www.facebook.com\/FacultaddeCienciasHumanasUNSL\"><img decoding=\"async\" loading=\"lazy\" src=\"https:\/\/humanas.unsl.edu.ar\/wp-content\/uploads\/2025\/04\/2.png\" alt=\"\" width=\"50\" height=\"50\"\/><\/a><\/figure>\n\n\n\n<figure class=\"wp-block-image aligncenter size-large is-resized\"><a href=\"https:\/\/www.instagram.com\/fchunsl\/\"><img decoding=\"async\" loading=\"lazy\" src=\"https:\/\/humanas.unsl.edu.ar\/wp-content\/uploads\/2025\/04\/3.png\" alt=\"\" width=\"50\" height=\"50\"\/><\/a><\/figure>\n\n\n\n<figure class=\"wp-block-image aligncenter size-large is-resized\"><a href=\"https:\/\/www.youtube.com\/user\/FCHumanas\/featured\"><img decoding=\"async\" loading=\"lazy\" src=\"https:\/\/humanas.unsl.edu.ar\/wp-content\/uploads\/2025\/04\/4.png\" alt=\"\" width=\"50\" height=\"50\"\/><\/a><\/figure>\n<\/div>\n\n\n\n<div class=\"wp-block-jetpack-layout-grid-column wp-block-jetpack-layout-grid__padding-none is-vertically-aligned-top\">\n<h6 class=\"has-text-align-center\" id=\"mapa-del-sitio\"><strong>MAPA DEL SITIO<\/strong><\/h6>\n\n\n\n<p class=\"wp-elements-1397c35b9e2e918621157f30b7193635 has-link-color has-small-font-size\"><a href=\"https:\/\/humanas.unsl.edu.ar\/index.php\/institucional\/\"><strong>INSTITUCIONAL<\/strong><\/a><\/p>\n\n\n\n<p class=\"wp-elements-0bd3ffa8a883f0b13e6f56164c78a984 has-link-color has-small-font-size\"><strong><a href=\"https:\/\/humanas.unsl.edu.ar\/index.php\/inicio\/carreras\/\" data-type=\"page\" data-id=\"43\">CARRERAS<\/a><\/strong><\/p>\n\n\n\n<p class=\"wp-elements-e08edd761a82e37945c35feca7f941e7 has-link-color has-small-font-size\"><a href=\"https:\/\/humanas.unsl.edu.ar\/index.php\/ingreso\/\"><strong>INGRESO<\/strong><\/a><\/p>\n\n\n\n<p class=\"wp-elements-0f48f5cfddf8f1cb3cc2fc334698f944 has-link-color has-small-font-size\"><strong><a href=\"https:\/\/humanas.unsl.edu.ar\/index.php\/docentes-2\/\">DOCENTES<\/a><\/strong><\/p>\n\n\n\n<p class=\"wp-elements-798f5ae66e960f6a3984ba7e89bbb54f has-link-color has-small-font-size\"><a href=\"https:\/\/humanas.unsl.edu.ar\/index.php\/estudiantes\/\"><strong>ESTUDIANTES<\/strong><\/a><\/p>\n\n\n\n<p class=\"wp-elements-59cdf5b53d24ae7687d9ce067dc9ebd6 has-link-color has-small-font-size\"><a href=\"http:\/\/www.unsl.edu.ar\/\" target=\"_blank\" rel=\"noreferrer noopener\"><strong>UNSL<\/strong><\/a><\/p>\n\n\n\n<p class=\"wp-elements-fb03084c20f509df7c9c2962bde465ce has-link-color has-small-font-size\"><strong><a href=\"https:\/\/humanas.unsl.edu.ar\/index.php\/noticias\/\" data-type=\"page\" data-id=\"186\">NOTICIAS<\/a><\/strong><\/p>\n<\/div>\n<\/div>\n<\/div><\/div>\n<\/div><\/div>\n","protected":false},"excerpt":{"rendered":"<p>Inicio \/ Carreras de Posgrado \/ Maestr\u00eda en Educaci\u00f3n Superior Maestr\u00eda en Educaci\u00f3n Superior La Carrera Maestr\u00eda en Educaci\u00f3n Superior apunta a la formaci\u00f3n de actores acad\u00e9micos de este Nivel, que posean s\u00f3lidos marcos te\u00f3ricos en el campo de estudio a partir de los cuales responder a las necesidades y demandas que se generan desde &hellip;<\/p>\n<p class=\"read-more\"> <a class=\"\" href=\"https:\/\/humanas.unsl.edu.ar\/index.php\/inicio\/carreras\/carreras-de-posgrado\/maestria-en-educacion-superior\/\"> <span class=\"screen-reader-text\">Maestr\u00eda en Educaci\u00f3n Superior<\/span> Leer m\u00e1s &raquo;<\/a><\/p>\n","protected":false},"author":2,"featured_media":0,"parent":799,"menu_order":6,"comment_status":"closed","ping_status":"closed","template":"","meta":{"site-sidebar-layout":"default","site-content-layout":"","ast-site-content-layout":"default","site-content-style":"default","site-sidebar-style":"default","ast-global-header-display":"","ast-banner-title-visibility":"","ast-main-header-display":"","ast-hfb-above-header-display":"","ast-hfb-below-header-display":"","ast-hfb-mobile-header-display":"","site-post-title":"disabled","ast-breadcrumbs-content":"","ast-featured-img":"","footer-sml-layout":"","theme-transparent-header-meta":"","adv-header-id-meta":"","stick-header-meta":"","header-above-stick-meta":"","header-main-stick-meta":"","header-below-stick-meta":"","astra-migrate-meta-layouts":"set","ast-page-background-enabled":"default","ast-page-background-meta":{"desktop":{"background-color":"var(--ast-global-color-4)","background-image":"","background-repeat":"repeat","background-position":"center center","background-size":"auto","background-attachment":"scroll","background-type":"","background-media":"","overlay-type":"","overlay-color":"","overlay-gradient":""},"tablet":{"background-color":"","background-image":"","background-repeat":"repeat","background-position":"center center","background-size":"auto","background-attachment":"scroll","background-type":"","background-media":"","overlay-type":"","overlay-color":"","overlay-gradient":""},"mobile":{"background-color":"","background-image":"","background-repeat":"repeat","background-position":"center center","background-size":"auto","background-attachment":"scroll","background-type":"","background-media":"","overlay-type":"","overlay-color":"","overlay-gradient":""}},"ast-content-background-meta":{"desktop":{"background-color":"var(--ast-global-color-5)","background-image":"","background-repeat":"repeat","background-position":"center center","background-size":"auto","background-attachment":"scroll","background-type":"","background-media":"","overlay-type":"","overlay-color":"","overlay-gradient":""},"tablet":{"background-color":"var(--ast-global-color-5)","background-image":"","background-repeat":"repeat","background-position":"center center","background-size":"auto","background-attachment":"scroll","background-type":"","background-media":"","overlay-type":"","overlay-color":"","overlay-gradient":""},"mobile":{"background-color":"var(--ast-global-color-5)","background-image":"","background-repeat":"repeat","background-position":"center center","background-size":"auto","background-attachment":"scroll","background-type":"","background-media":"","overlay-type":"","overlay-color":"","overlay-gradient":""}}},"_links":{"self":[{"href":"https:\/\/humanas.unsl.edu.ar\/index.php\/wp-json\/wp\/v2\/pages\/3076"}],"collection":[{"href":"https:\/\/humanas.unsl.edu.ar\/index.php\/wp-json\/wp\/v2\/pages"}],"about":[{"href":"https:\/\/humanas.unsl.edu.ar\/index.php\/wp-json\/wp\/v2\/types\/page"}],"author":[{"embeddable":true,"href":"https:\/\/humanas.unsl.edu.ar\/index.php\/wp-json\/wp\/v2\/users\/2"}],"replies":[{"embeddable":true,"href":"https:\/\/humanas.unsl.edu.ar\/index.php\/wp-json\/wp\/v2\/comments?post=3076"}],"version-history":[{"count":45,"href":"https:\/\/humanas.unsl.edu.ar\/index.php\/wp-json\/wp\/v2\/pages\/3076\/revisions"}],"predecessor-version":[{"id":13821,"href":"https:\/\/humanas.unsl.edu.ar\/index.php\/wp-json\/wp\/v2\/pages\/3076\/revisions\/13821"}],"up":[{"embeddable":true,"href":"https:\/\/humanas.unsl.edu.ar\/index.php\/wp-json\/wp\/v2\/pages\/799"}],"wp:attachment":[{"href":"https:\/\/humanas.unsl.edu.ar\/index.php\/wp-json\/wp\/v2\/media?parent=3076"}],"curies":[{"name":"wp","href":"https:\/\/api.w.org\/{rel}","templated":true}]}}