{"id":3080,"date":"2022-07-02T17:02:02","date_gmt":"2022-07-02T20:02:02","guid":{"rendered":"https:\/\/humanas.unsl.edu.ar\/?page_id=3080"},"modified":"2025-10-06T15:11:52","modified_gmt":"2025-10-06T18:11:52","slug":"maestria-en-comunicacion-institucional","status":"publish","type":"page","link":"https:\/\/humanas.unsl.edu.ar\/index.php\/inicio\/carreras\/carreras-de-posgrado\/maestria-en-comunicacion-institucional\/","title":{"rendered":"Maestr\u00eda en Comunicaci\u00f3n Institucional"},"content":{"rendered":"\n<div style=\"height:14px\" aria-hidden=\"true\" class=\"wp-block-spacer\"><\/div>\n\n\n\n<h6 class=\"wp-elements-e46208a000e2551a325ec1a89a91267a alignwide has-ast-global-color-3-color has-text-color has-background has-link-color\" id=\"inicio\" style=\"background-color:#fde2cb;line-height:1.5\"><a href=\"https:\/\/humanas.unsl.edu.ar\/\" data-type=\"page\" data-id=\"264\">Inicio<\/a> \/ <a href=\"https:\/\/humanas.unsl.edu.ar\/index.php\/carreras\/carreras-de-posgrado\/\" data-type=\"page\" data-id=\"799\">Carreras de Posgrado<\/a> \/ Maestr\u00eda en Comunicaci\u00f3n Institucional<\/h6>\n\n\n\n<div style=\"height:22px\" aria-hidden=\"true\" class=\"wp-block-spacer\"><\/div>\n\n\n\n<div class=\"is-content-justification-center is-layout-flex wp-container-1 wp-block-buttons\">\n<div class=\"wp-block-button has-custom-width wp-block-button__width-50\"><a class=\"wp-block-button__link has-ast-global-color-5-color has-text-color has-background wp-element-button\" href=\"http:\/\/posgrado.unsl.edu.ar\/\" style=\"border-radius:7px;background-color:#ed6f03\">Posgrado UNSL<\/a><\/div>\n<\/div>\n\n\n\n<div style=\"height:33px\" aria-hidden=\"true\" class=\"wp-block-spacer\"><\/div>\n\n\n\n<div class=\"is-layout-flex wp-container-4 wp-block-columns alignwide are-vertically-aligned-top\">\n<div class=\"is-layout-flow wp-block-column is-vertically-aligned-top\" style=\"flex-basis:66.66%\">\n<h4 class=\"alignfull has-text-color has-background\" id=\"bienvenidx-a-la-facultad-de-ciencias-humanas\" style=\"color:#ffffff;background-color:#ed6f03;letter-spacing:0px;line-height:1.5\">Maestr\u00eda en Comunicaci\u00f3n Institucional<\/h4>\n\n\n\n<blockquote class=\"wp-block-quote\">\n<p class=\"has-text-align-justify\">La <strong>Maestr\u00eda Profesional en Comunicaci\u00f3n Institucional<\/strong> brinda herramientas te\u00f3rico-metodol\u00f3gicas para intervenir desde la comunicaci\u00f3n en las organizaciones.<\/p>\n\n\n\n<p>La carrera es de dictado presencial y su duraci\u00f3n es de 4 cuatrimestres, m\u00e1s trabajo final.&nbsp;<\/p>\n\n\n\n<p><strong>Tiene como objetivos:&nbsp;<\/strong><\/p>\n\n\n\n<p>&#8211; lograr una adecuada interrelaci\u00f3n entre teor\u00eda y pr\u00e1ctica para alcanzar un conocimiento integral del contexto social y organizacional en que se desarrolla la comunicaci\u00f3n<\/p>\n\n\n\n<p>&#8211; interpretar la din\u00e1mica social que opera en las instituciones, para reconocer y proponer dispositivos que promuevan la participaci\u00f3n de los grupos y sectores involucrados en las diferentes situaciones comunicacionales<\/p>\n\n\n\n<p>&#8211; realizar y supervisar investigaciones para la planificaci\u00f3n y el dise\u00f1o de las estrategias comunicacionales y su seguimiento y desarrollar capacidades de gesti\u00f3n desde la comunicaci\u00f3n que, en el marco de equipos inter y transdiciplinares, habiliten para tomar decisiones derivadas de la problem\u00e1tica diaria y de los nuevos desaf\u00edos que se plantean en entornos cambiantes y complejos.<\/p>\n<\/blockquote>\n\n\n\n<h5 class=\"alignfull has-luminous-vivid-amber-background-color has-text-color has-background\" id=\"documentacion-requerida-para-el-ingreso-a-la-fch\" style=\"color:#ffffff;letter-spacing:0px;line-height:1.5\">Plan de Estudios y reglamentaciones<\/h5>\n\n\n\n<blockquote class=\"wp-block-quote\">\n<p class=\"wp-elements-699e6515167e77adc79f3032b7dab620 has-link-color\"><strong><a href=\"https:\/\/humanas.unsl.edu.ar\/wp-content\/uploads\/2024\/07\/OCD-003-2013.pdf\">OCD &#8211; 003\/13<\/a><\/strong> &#8211; Creaci\u00f3n de la Carrera: <strong>Maestr\u00eda en Comunicaci\u00f3n Institucional<\/strong>. Plan de Estudios.<br><strong><a href=\"https:\/\/humanas.unsl.edu.ar\/wp-content\/uploads\/2024\/07\/RCD-193-2013.pdf\">RCD &#8211; 193\/13<\/a><\/strong>&nbsp;\u2013 Designar el Cuerpo Docente.<br><strong><a href=\"https:\/\/humanas.unsl.edu.ar\/wp-content\/uploads\/2024\/07\/RCD-224-2013.pdf\">RCS &#8211; 224\/13<\/a><\/strong>&nbsp;\u2013 Homologar&nbsp;en todos sus t\u00e9rminos la Resoluci\u00f3n N\u00ba 193\/13.<br><strong><a href=\"https:\/\/humanas.unsl.edu.ar\/wp-content\/uploads\/2024\/07\/RCD-225-2013.pdf\">RCS &#8211; 225\/13<\/a><\/strong>&nbsp;\u2013 Homologar&nbsp;en todos sus t\u00e9rminos la Resoluci\u00f3n N\u00ba 185\/13. Designaci\u00f3n de Director y Comisi\u00f3n Acad\u00e9mica.<br><strong><a href=\"http:\/\/digesto.unsl.edu.ar\/docs\/201310\/20131021094911_13151.pdf\">OCS &#8211; 048\/13<\/a><\/strong>&nbsp;\u2013 Ratificar&nbsp;en todos sus t\u00e9rminos la Ordenanza N\u00ba 003\/13.&nbsp;<br><strong><a href=\"https:\/\/humanas.unsl.edu.ar\/wp-content\/uploads\/2024\/07\/dictamen_coneau_11497_13.pdf\">D &#8211; 11497\/13<\/a><\/strong> &#8211; Dict\u00e1men Provisorio de reconocimiento por CONEAU.&nbsp;&nbsp;<br><strong><a href=\"https:\/\/humanas.unsl.edu.ar\/wp-content\/uploads\/2024\/07\/RCONEAU-MCI-634-2019.pdf\">RESFC-2018-15-APN-CONEAU#ME<\/a><\/strong> &#8211; Acreditaci\u00f3n.<br><strong><a href=\"https:\/\/humanas.unsl.edu.ar\/wp-content\/uploads\/2024\/07\/RCONEAU-MCI-634-2019-ANEXO.pdf\">IF-2019-112848151-APN<\/a><\/strong> &#8211;  Anexo acreditaci\u00f3n.<br><a href=\"http:\/\/digesto.unsl.edu.ar\/docs\/201406\/20140630132526_32084.pdf\"><strong>OCD &#8211; 002\/14<\/strong> &#8211;<\/a> Reglamentaci\u00f3n de la carrera. <br><strong><a href=\"http:\/\/digesto.unsl.edu.ar\/docs\/202308\/20230804135522_3682.pdf\">RCD04 &#8211; 165\/2023<\/a> <\/strong>&#8211; Director\/a de la Carrera. Designaci\u00f3n.<br><a href=\"http:\/\/digesto.unsl.edu.ar\/docs\/202309\/20230918093936_19450.pdf\"><strong>RCD04 &#8211; 231\/2023<\/strong><\/a>. Conformar el Comit\u00e9 Acad\u00e9mico.<br>Categor\u00eda: &#8220;B&#8221;<br>T\u00edtulo:&nbsp;Mag\u00edster en Comunicaci\u00f3n Institucional.<br>Duraci\u00f3n:&nbsp;745 horas. M\u00e1s trabajo final.<br>Dictado:&nbsp;presencial<\/p>\n<\/blockquote>\n\n\n\n<p><\/p>\n\n\n\n<p><\/p>\n\n\n\n<h5 class=\"alignfull has-text-color has-background\" id=\"documentacion-requerida-para-el-ingreso-a-la-fch\" style=\"color:#ffffff;background-color:#f18c12;letter-spacing:0px;line-height:1.5\">Documentaci\u00f3n requerida para la inscripci\u00f3n<\/h5>\n\n\n\n<blockquote class=\"wp-block-quote\">\n<p class=\"wp-elements-b8456ad2d36127e64542afdcdbe41679 has-text-align-justify has-link-color\"><strong><a href=\"https:\/\/humanas.unsl.edu.ar\/wp-content\/uploads\/2024\/07\/mci_ficha_inscripcion_2020.pdf\">Formulario de inscripci\u00f3n<\/a><\/strong> completado e impreso. Deber\u00e1 constar el \u00faltimo domicilio vigente. <br>Fotocopia del DNI. Anverso y reverso.  <br>Partida o acta de nacimiento (legalizada). No ser\u00e1n admitidos los certificados de nacimiento. <br>Dos fotos 4 x 4.  <br>Certificado de Salud. Puede ser emitido por el Centro de Salud Estudiantil Universitario o por entidad p\u00fablica, en cuyo caso debe ser visado administrativamente por el Centro de Salud Estudiantil. (<a rel=\"noreferrer noopener\" href=\"http:\/\/www.ceseu.unsl.edu.ar\/\" target=\"_blank\">www.ceseu.unsl.edu.ar<\/a>)  <\/p>\n<\/blockquote>\n\n\n\n<h5 class=\"alignfull has-white-color has-luminous-vivid-amber-background-color has-text-color has-background\" id=\"documentacion-requerida-para-el-ingreso-a-la-fch\" style=\"letter-spacing:0px;line-height:1.5\">Aranceles<\/h5>\n\n\n\n<blockquote class=\"wp-block-quote\">\n<p class=\"has-text-align-center\"><strong>Para mayor informaci\u00f3n consultar al correo de la carrera de Maestr\u00eda en Comunicaci\u00f3n Institucional: <a href=\"mailto:unsl.mci@gmail.com\">unsl.mci@gmail.com<\/a><\/strong><\/p>\n<\/blockquote>\n<\/div>\n\n\n\n<div class=\"is-layout-flow wp-block-column is-vertically-aligned-top\" style=\"flex-basis:33.33%\">\n<h4 class=\"has-text-align-center has-white-color has-luminous-vivid-orange-background-color has-text-color has-background\" style=\"line-height:1.5\">Contactos<\/h4>\n\n\n\n<p class=\"has-text-align-center has-background has-small-font-size\" style=\"background-color:#ff6a0000\">Maestr\u00eda en Comunicaci\u00f3n Institucional<br>Mail:&nbsp;<a href=\"mailto:unsl.mci@gmail.com\">unsl.mci@gmail.com<\/a><br>Facebook:&nbsp;<a rel=\"noreferrer noopener\" href=\"https:\/\/www.facebook.com\/mciUNSL\" target=\"_blank\">https:\/\/www.facebook.com\/mciUNSL<\/a><br>Twitter:&nbsp;<a rel=\"noreferrer noopener\" href=\"https:\/\/twitter.com\/mciUNSL\" target=\"_blank\">https:\/\/twitter.com\/mciUNSL<\/a><\/p>\n\n\n\n<div style=\"height:25px\" aria-hidden=\"true\" class=\"wp-block-spacer\"><\/div>\n\n\n\n<p class=\"has-text-align-center\" style=\"font-size:14px\"><strong>Autoridades:<\/strong><br>Directora:<br><strong>Mgter. Ver\u00f3nica Beatriz Longo <\/strong>(FCH-UNSL) <\/p>\n\n\n\n<div style=\"height:12px\" aria-hidden=\"true\" class=\"wp-block-spacer\"><\/div>\n\n\n\n<p class=\"has-text-align-center has-small-font-size\"><strong>Comit\u00e9 acad\u00e9mico:<\/strong><br>&nbsp;&#8211; Mgtr. Ver\u00f3nica Beatriz Longo (UNSL).<br>&#8211; Prof. Washington Uranga De Simone (UNLP)<br>&#8211; Mgtr. Ana Mar\u00eda Corti. (UNSL)<br>&#8211; Dr. Gabriel Kapl\u00fan Hirsz (U.Republica-Montevideo, Uruguay)<br>&#8211; Dr. Dami\u00e1n Miguel Loreti (UBA)<br>&#8211; Dra. Sandra Massoni (UNR)<br>&#8211; Dr. Guillermo Mastrini (UNQ)<\/p>\n\n\n\n<div style=\"height:36px\" aria-hidden=\"true\" class=\"wp-block-spacer\"><\/div>\n\n\n\n<p class=\"has-text-align-center\"><strong>SECRETAR\u00cdA DE POSGRADO<br><strong>Dra. Mar\u00eda Celeste Rom\u00e1<\/strong><\/strong><br>Sede: Secretar\u00eda de Posgrado Facultad de Ciencias Humanas<br>Edificio Rectorado. 1\u00ba Piso &#8211; Sector &#8220;B&#8221;<br>Tel\u00e9fonos: 2664 520300 Int. 5328<br>Mail:\u00a0<a href=\"mailto:posgradoch@gmail.com\">posgradoch@gmail.com<\/a><\/p>\n\n\n\n<div style=\"height:25px\" aria-hidden=\"true\" class=\"wp-block-spacer\"><\/div>\n\n\n\n<p class=\"has-text-align-center\"><\/p>\n\n\n\n<p><\/p>\n\n\n\n<figure class=\"wp-block-image aligncenter size-full is-resized\"><a href=\"https:\/\/fchportaldigital.unsl.edu.ar\/\"><img decoding=\"async\" loading=\"lazy\" src=\"https:\/\/humanas.unsl.edu.ar\/wp-content\/uploads\/2022\/10\/icono-portal-digital.png\" alt=\"\" class=\"wp-image-3997\" width=\"80\" height=\"80\" srcset=\"https:\/\/humanas.unsl.edu.ar\/wp-content\/uploads\/2022\/10\/icono-portal-digital.png 278w, https:\/\/humanas.unsl.edu.ar\/wp-content\/uploads\/2022\/10\/icono-portal-digital-150x150.png 150w, https:\/\/humanas.unsl.edu.ar\/wp-content\/uploads\/2022\/10\/icono-portal-digital-250x250.png 250w\" sizes=\"(max-width: 80px) 100vw, 80px\" \/><\/a><\/figure>\n<\/div>\n<\/div>\n\n\n\n<div class=\"inherit-container-width is-layout-constrained wp-block-group alignfull\"><div class=\"wp-block-group__inner-container\">\n<div class=\"inherit-container-width is-layout-constrained wp-block-group alignfull\"><div class=\"wp-block-group__inner-container\">\n<div class=\"wp-block-cover alignfull is-light\" style=\"min-height:267px\"><span aria-hidden=\"true\" class=\"wp-block-cover__background has-background-dim-100 has-background-dim\" style=\"background-color:#d9d9d9\"><\/span><div class=\"wp-block-cover__inner-container\">\n<p class=\"has-text-align-center has-ast-global-color-8-color has-text-color has-medium-font-size\" style=\"font-style:normal;font-weight:700;line-height:1\"><strong>Pol\u00edticas de inclusi\u00f3n, g\u00e9nero y cuidado integral<\/strong><\/p>\n\n\n\n<div class=\"is-layout-flex wp-container-9 wp-block-columns alignfull\">\n<div class=\"is-layout-flow wp-block-column\">\n<figure class=\"wp-block-image size-full\"><a href=\"https:\/\/www.unsl.edu.ar\/index.php\/menu\/eti\"><img decoding=\"async\" loading=\"lazy\" width=\"480\" height=\"120\" src=\"https:\/\/humanas.unsl.edu.ar\/wp-content\/uploads\/2026\/02\/banner_protocolo_violencia_500x120-480x120-1.png\" alt=\"\" class=\"wp-image-14467\" srcset=\"https:\/\/humanas.unsl.edu.ar\/wp-content\/uploads\/2026\/02\/banner_protocolo_violencia_500x120-480x120-1.png 480w, https:\/\/humanas.unsl.edu.ar\/wp-content\/uploads\/2026\/02\/banner_protocolo_violencia_500x120-480x120-1-300x75.png 300w\" sizes=\"(max-width: 480px) 100vw, 480px\" \/><\/a><\/figure>\n<\/div>\n\n\n\n<div class=\"is-layout-flow wp-block-column\">\n<figure class=\"wp-block-image aligncenter size-full\"><a href=\"http:\/\/www.prevencionenadicciones.unsl.edu.ar\/\"><img decoding=\"async\" loading=\"lazy\" width=\"500\" height=\"120\" src=\"https:\/\/humanas.unsl.edu.ar\/wp-content\/uploads\/2026\/02\/banner_programa_adicciones_500x120.png\" alt=\"\" class=\"wp-image-14461\" srcset=\"https:\/\/humanas.unsl.edu.ar\/wp-content\/uploads\/2026\/02\/banner_programa_adicciones_500x120.png 500w, https:\/\/humanas.unsl.edu.ar\/wp-content\/uploads\/2026\/02\/banner_programa_adicciones_500x120-300x72.png 300w\" sizes=\"(max-width: 500px) 100vw, 500px\" \/><\/a><\/figure>\n<\/div>\n\n\n\n<div class=\"is-layout-flow wp-block-column has-ast-global-color-3-color has-text-color\">\n<figure class=\"wp-block-image aligncenter size-full is-style-default\"><a href=\"https:\/\/universidadydiscapacidad.unsl.edu.ar\/\"><img decoding=\"async\" loading=\"lazy\" width=\"500\" height=\"120\" src=\"https:\/\/humanas.unsl.edu.ar\/wp-content\/uploads\/2026\/02\/banner_programa_discapacidad_500x120.png\" alt=\"\" class=\"wp-image-14462\" srcset=\"https:\/\/humanas.unsl.edu.ar\/wp-content\/uploads\/2026\/02\/banner_programa_discapacidad_500x120.png 500w, https:\/\/humanas.unsl.edu.ar\/wp-content\/uploads\/2026\/02\/banner_programa_discapacidad_500x120-300x72.png 300w\" sizes=\"(max-width: 500px) 100vw, 500px\" \/><\/a><\/figure>\n<\/div>\n\n\n\n<div class=\"is-layout-flow wp-block-column has-ast-global-color-3-color has-text-color\">\n<figure class=\"wp-block-image aligncenter size-full is-style-default\"><a href=\"https:\/\/humanas.unsl.edu.ar\/index.php\/inicio\/accesibilidad\/\"><img decoding=\"async\" loading=\"lazy\" width=\"500\" height=\"120\" src=\"https:\/\/humanas.unsl.edu.ar\/wp-content\/uploads\/2026\/02\/banner_programa_accesibilidad_fch_500x120.png\" alt=\"\" class=\"wp-image-14460\" srcset=\"https:\/\/humanas.unsl.edu.ar\/wp-content\/uploads\/2026\/02\/banner_programa_accesibilidad_fch_500x120.png 500w, https:\/\/humanas.unsl.edu.ar\/wp-content\/uploads\/2026\/02\/banner_programa_accesibilidad_fch_500x120-300x72.png 300w\" sizes=\"(max-width: 500px) 100vw, 500px\" \/><\/a><\/figure>\n<\/div>\n<\/div>\n<\/div><\/div>\n<\/div><\/div>\n<\/div><\/div>\n\n\n\n<div style=\"height:33px\" aria-hidden=\"true\" class=\"wp-block-spacer\"><\/div>\n\n\n\n<div class=\"inherit-container-width is-layout-constrained wp-block-group alignwide\"><div class=\"wp-block-group__inner-container\">\n<div class=\"wp-block-jetpack-layout-grid alignfull column1-desktop-grid__span-3 column1-desktop-grid__row-1 column2-desktop-grid__span-3 column2-desktop-grid__start-4 column2-desktop-grid__row-1 column3-desktop-grid__span-3 column3-desktop-grid__start-7 column3-desktop-grid__row-1 column4-desktop-grid__span-3 column4-desktop-grid__start-10 column4-desktop-grid__row-1 column1-tablet-grid__span-4 column1-tablet-grid__row-1 column2-tablet-grid__span-4 column2-tablet-grid__start-5 column2-tablet-grid__row-1 column3-tablet-grid__span-4 column3-tablet-grid__row-2 column4-tablet-grid__span-4 column4-tablet-grid__start-5 column4-tablet-grid__row-2 column1-mobile-grid__span-4 column1-mobile-grid__row-1 column2-mobile-grid__span-4 column2-mobile-grid__row-2 column3-mobile-grid__span-4 column3-mobile-grid__row-3 column4-mobile-grid__span-4 column4-mobile-grid__row-4 wp-block-jetpack-layout-gutter__medium\">\n<div class=\"wp-block-jetpack-layout-grid-column wp-block-jetpack-layout-grid__padding-none is-vertically-aligned-top\">\n<h6 class=\"has-text-align-center\" id=\"informacion-institucional\"><strong>INFORMACI\u00d3N INSTITUCIONAL<\/strong><\/h6>\n\n\n\n<p><strong>Tel\u00e9fono:<\/strong>&nbsp;+54 (0266) 4520300<\/p>\n\n\n\n<p class=\"wp-elements-e6ca50e8000ea0ddd7ca28e37e89d93a has-link-color\" style=\"font-size:15px\"><strong>Direcci\u00f3n:<\/strong>&nbsp;Ej\u00e9rcito de Los Andes 950, D5700HHW.<br>San Luis, Argentina <br><strong>\u00bfC\u00f3mo llegar?<\/strong><br><a href=\"https:\/\/goo.gl\/maps\/JfpaQGqv7zH2\" target=\"_blank\" rel=\"noopener\">Ver ubicaci\u00f3n en Google Maps<\/a><\/p>\n<\/div>\n\n\n\n<div class=\"wp-block-jetpack-layout-grid-column wp-block-jetpack-layout-grid__padding-none is-vertically-aligned-top\">\n<h6 class=\"has-text-align-center\" id=\"contactos-frecuentes\"><strong>CONTACTOS FRECUENTES<\/strong><\/h6>\n\n\n\n<p class=\"wp-elements-b1aa7a71407969e91e35537b3b790954 has-link-color\" style=\"font-size:15px\"><strong>Consultas Acad\u00e9micas:<\/strong><br><a href=\"mailto:secretar\u00eda.academica.fchumanas@gmail.com\">secretar\u00eda.academica.fchumanas@gmail.com<\/a><\/p>\n\n\n\n<p class=\"wp-elements-c03ba341c07bfc69611de1a9f7cb7103 has-link-color\"><strong><span style=\"font-size: 1em; font-family: var(--font-base, 'Noto Sans', -apple-system, BlinkMacSystemFont, 'Segoe UI', 'Roboto', 'Oxygen', 'Ubuntu', 'Cantarell', 'Fira Sans', 'Droid Sans', 'Helvetica Neue', sans-serif);\">\u00c1rea de Prensa FCH:<\/span><\/strong> <br>Mail: <a href=\"mailto:prensahumanas@gmail.com\" target=\"_blank\" rel=\"noopener\">prensahumanas@gmail.com<\/a><\/p>\n<\/div>\n\n\n\n<div class=\"wp-block-jetpack-layout-grid-column wp-block-jetpack-layout-grid__padding-none is-vertically-aligned-top\">\n<h6 class=\"has-text-align-center\"><strong>REDES SOCIALES<\/strong><\/h6>\n\n\n\n<div style=\"height:39px\" aria-hidden=\"true\" class=\"wp-block-spacer\"><\/div>\n\n\n\n<figure class=\"wp-block-image aligncenter size-large is-resized\"><a href=\"https:\/\/www.facebook.com\/FacultaddeCienciasHumanasUNSL\"><img decoding=\"async\" loading=\"lazy\" src=\"https:\/\/humanas.unsl.edu.ar\/wp-content\/uploads\/2025\/04\/2.png\" alt=\"\" width=\"50\" height=\"50\"\/><\/a><\/figure>\n\n\n\n<figure class=\"wp-block-image aligncenter size-large is-resized\"><a href=\"https:\/\/www.instagram.com\/fchunsl\/\"><img decoding=\"async\" loading=\"lazy\" src=\"https:\/\/humanas.unsl.edu.ar\/wp-content\/uploads\/2025\/04\/3.png\" alt=\"\" width=\"50\" height=\"50\"\/><\/a><\/figure>\n\n\n\n<figure class=\"wp-block-image aligncenter size-large is-resized\"><a href=\"https:\/\/www.youtube.com\/user\/FCHumanas\/featured\"><img decoding=\"async\" loading=\"lazy\" src=\"https:\/\/humanas.unsl.edu.ar\/wp-content\/uploads\/2025\/04\/4.png\" alt=\"\" width=\"50\" height=\"50\"\/><\/a><\/figure>\n<\/div>\n\n\n\n<div class=\"wp-block-jetpack-layout-grid-column wp-block-jetpack-layout-grid__padding-none is-vertically-aligned-top\">\n<h6 class=\"has-text-align-center\" id=\"mapa-del-sitio\"><strong>MAPA DEL SITIO<\/strong><\/h6>\n\n\n\n<p class=\"wp-elements-1397c35b9e2e918621157f30b7193635 has-link-color has-small-font-size\"><a href=\"https:\/\/humanas.unsl.edu.ar\/index.php\/institucional\/\"><strong>INSTITUCIONAL<\/strong><\/a><\/p>\n\n\n\n<p class=\"wp-elements-0bd3ffa8a883f0b13e6f56164c78a984 has-link-color has-small-font-size\"><strong><a href=\"https:\/\/humanas.unsl.edu.ar\/index.php\/inicio\/carreras\/\" data-type=\"page\" data-id=\"43\">CARRERAS<\/a><\/strong><\/p>\n\n\n\n<p class=\"wp-elements-e08edd761a82e37945c35feca7f941e7 has-link-color has-small-font-size\"><a href=\"https:\/\/humanas.unsl.edu.ar\/index.php\/ingreso\/\"><strong>INGRESO<\/strong><\/a><\/p>\n\n\n\n<p class=\"wp-elements-0f48f5cfddf8f1cb3cc2fc334698f944 has-link-color has-small-font-size\"><strong><a href=\"https:\/\/humanas.unsl.edu.ar\/index.php\/docentes-2\/\">DOCENTES<\/a><\/strong><\/p>\n\n\n\n<p class=\"wp-elements-798f5ae66e960f6a3984ba7e89bbb54f has-link-color has-small-font-size\"><a href=\"https:\/\/humanas.unsl.edu.ar\/index.php\/estudiantes\/\"><strong>ESTUDIANTES<\/strong><\/a><\/p>\n\n\n\n<p class=\"wp-elements-59cdf5b53d24ae7687d9ce067dc9ebd6 has-link-color has-small-font-size\"><a href=\"http:\/\/www.unsl.edu.ar\/\" target=\"_blank\" rel=\"noreferrer noopener\"><strong>UNSL<\/strong><\/a><\/p>\n\n\n\n<p class=\"wp-elements-fb03084c20f509df7c9c2962bde465ce has-link-color has-small-font-size\"><strong><a href=\"https:\/\/humanas.unsl.edu.ar\/index.php\/noticias\/\" data-type=\"page\" data-id=\"186\">NOTICIAS<\/a><\/strong><\/p>\n<\/div>\n<\/div>\n<\/div><\/div>\n","protected":false},"excerpt":{"rendered":"<p>Inicio \/ Carreras de Posgrado \/ Maestr\u00eda en Comunicaci\u00f3n Institucional Maestr\u00eda en Comunicaci\u00f3n Institucional La Maestr\u00eda Profesional en Comunicaci\u00f3n Institucional brinda herramientas te\u00f3rico-metodol\u00f3gicas para intervenir desde la comunicaci\u00f3n en las organizaciones. La carrera es de dictado presencial y su duraci\u00f3n es de 4 cuatrimestres, m\u00e1s trabajo final.&nbsp; Tiene como objetivos:&nbsp; &#8211; lograr una adecuada interrelaci\u00f3n &hellip;<\/p>\n<p class=\"read-more\"> <a class=\"\" href=\"https:\/\/humanas.unsl.edu.ar\/index.php\/inicio\/carreras\/carreras-de-posgrado\/maestria-en-comunicacion-institucional\/\"> <span class=\"screen-reader-text\">Maestr\u00eda en Comunicaci\u00f3n Institucional<\/span> Leer m\u00e1s &raquo;<\/a><\/p>\n","protected":false},"author":2,"featured_media":0,"parent":799,"menu_order":7,"comment_status":"closed","ping_status":"closed","template":"","meta":{"site-sidebar-layout":"default","site-content-layout":"","ast-site-content-layout":"default","site-content-style":"default","site-sidebar-style":"default","ast-global-header-display":"","ast-banner-title-visibility":"","ast-main-header-display":"","ast-hfb-above-header-display":"","ast-hfb-below-header-display":"","ast-hfb-mobile-header-display":"","site-post-title":"disabled","ast-breadcrumbs-content":"","ast-featured-img":"","footer-sml-layout":"","theme-transparent-header-meta":"","adv-header-id-meta":"","stick-header-meta":"","header-above-stick-meta":"","header-main-stick-meta":"","header-below-stick-meta":"","astra-migrate-meta-layouts":"set","ast-page-background-enabled":"default","ast-page-background-meta":{"desktop":{"background-color":"var(--ast-global-color-4)","background-image":"","background-repeat":"repeat","background-position":"center center","background-size":"auto","background-attachment":"scroll","background-type":"","background-media":"","overlay-type":"","overlay-color":"","overlay-gradient":""},"tablet":{"background-color":"","background-image":"","background-repeat":"repeat","background-position":"center center","background-size":"auto","background-attachment":"scroll","background-type":"","background-media":"","overlay-type":"","overlay-color":"","overlay-gradient":""},"mobile":{"background-color":"","background-image":"","background-repeat":"repeat","background-position":"center center","background-size":"auto","background-attachment":"scroll","background-type":"","background-media":"","overlay-type":"","overlay-color":"","overlay-gradient":""}},"ast-content-background-meta":{"desktop":{"background-color":"var(--ast-global-color-5)","background-image":"","background-repeat":"repeat","background-position":"center center","background-size":"auto","background-attachment":"scroll","background-type":"","background-media":"","overlay-type":"","overlay-color":"","overlay-gradient":""},"tablet":{"background-color":"var(--ast-global-color-5)","background-image":"","background-repeat":"repeat","background-position":"center center","background-size":"auto","background-attachment":"scroll","background-type":"","background-media":"","overlay-type":"","overlay-color":"","overlay-gradient":""},"mobile":{"background-color":"var(--ast-global-color-5)","background-image":"","background-repeat":"repeat","background-position":"center center","background-size":"auto","background-attachment":"scroll","background-type":"","background-media":"","overlay-type":"","overlay-color":"","overlay-gradient":""}}},"_links":{"self":[{"href":"https:\/\/humanas.unsl.edu.ar\/index.php\/wp-json\/wp\/v2\/pages\/3080"}],"collection":[{"href":"https:\/\/humanas.unsl.edu.ar\/index.php\/wp-json\/wp\/v2\/pages"}],"about":[{"href":"https:\/\/humanas.unsl.edu.ar\/index.php\/wp-json\/wp\/v2\/types\/page"}],"author":[{"embeddable":true,"href":"https:\/\/humanas.unsl.edu.ar\/index.php\/wp-json\/wp\/v2\/users\/2"}],"replies":[{"embeddable":true,"href":"https:\/\/humanas.unsl.edu.ar\/index.php\/wp-json\/wp\/v2\/comments?post=3080"}],"version-history":[{"count":47,"href":"https:\/\/humanas.unsl.edu.ar\/index.php\/wp-json\/wp\/v2\/pages\/3080\/revisions"}],"predecessor-version":[{"id":13662,"href":"https:\/\/humanas.unsl.edu.ar\/index.php\/wp-json\/wp\/v2\/pages\/3080\/revisions\/13662"}],"up":[{"embeddable":true,"href":"https:\/\/humanas.unsl.edu.ar\/index.php\/wp-json\/wp\/v2\/pages\/799"}],"wp:attachment":[{"href":"https:\/\/humanas.unsl.edu.ar\/index.php\/wp-json\/wp\/v2\/media?parent=3080"}],"curies":[{"name":"wp","href":"https:\/\/api.w.org\/{rel}","templated":true}]}}