{"id":3083,"date":"2022-07-02T17:04:26","date_gmt":"2022-07-02T20:04:26","guid":{"rendered":"https:\/\/humanas.unsl.edu.ar\/?page_id=3083"},"modified":"2026-02-20T15:40:32","modified_gmt":"2026-02-20T18:40:32","slug":"doctorado-en-educacion","status":"publish","type":"page","link":"https:\/\/humanas.unsl.edu.ar\/index.php\/inicio\/carreras\/carreras-de-posgrado\/doctorado-en-educacion\/","title":{"rendered":"Doctorado en Educaci\u00f3n"},"content":{"rendered":"\n<div style=\"height:14px\" aria-hidden=\"true\" class=\"wp-block-spacer\"><\/div>\n\n\n\n<h6 class=\"wp-elements-c334c11b7dae364f6d2244374db051b0 alignwide has-background has-link-color\" id=\"inicio\" style=\"background-color:#fde2cb;line-height:1.5\"><a href=\"https:\/\/humanas.unsl.edu.ar\/\" data-type=\"page\" data-id=\"264\">Inicio<\/a> \/ <a href=\"https:\/\/humanas.unsl.edu.ar\/index.php\/carreras\/carreras-de-posgrado\/\" data-type=\"page\" data-id=\"799\">Carreras de Posgrado<\/a> \/ Doctorado en Educaci\u00f3n<\/h6>\n\n\n\n<div style=\"height:22px\" aria-hidden=\"true\" class=\"wp-block-spacer\"><\/div>\n\n\n\n<div class=\"is-content-justification-center is-layout-flex wp-container-1 wp-block-buttons\">\n<div class=\"wp-block-button has-custom-width wp-block-button__width-50\"><a class=\"wp-block-button__link has-ast-global-color-5-color has-text-color has-background wp-element-button\" href=\"http:\/\/posgrado.unsl.edu.ar\/\" style=\"border-radius:7px;background-color:#ed6f03\">Posgrado UNSL<\/a><\/div>\n<\/div>\n\n\n\n<div style=\"height:27px\" aria-hidden=\"true\" class=\"wp-block-spacer\"><\/div>\n\n\n\n<div class=\"is-layout-flex wp-container-4 wp-block-columns alignwide are-vertically-aligned-top\">\n<div class=\"is-layout-flow wp-block-column is-vertically-aligned-top\" style=\"flex-basis:66.66%\">\n<h4 class=\"alignfull has-text-color has-background\" id=\"bienvenidx-a-la-facultad-de-ciencias-humanas\" style=\"color:#ffffff;background-color:#ed6f03;letter-spacing:0px;line-height:1.5\"><strong>Doctorado en Educaci\u00f3n<\/strong><\/h4>\n\n\n\n<blockquote class=\"wp-block-quote\">\n<p>Consideramos a la Educaci\u00f3n como acontecimiento complejo que nos hace devenir humanos, un camino para conquistar la libertad y construir colectivamente la liberaci\u00f3n, un lugar donde se concreta la transmisi\u00f3n de una cultura capaz de filiar a una herencia com\u00fan; como tiempo\/espacio es donde se juega el aprendizaje de la alteridad, la constituci\u00f3n de las identidades individuales y colectivas. Por ello resulta necesario ofrecer instancias para una formaci\u00f3n s\u00f3lida de investigadores en que puedan interrogar cr\u00edticamente los hechos educativos y reconocer las formaciones hist\u00f3ricas del pensamiento pedag\u00f3gico.<\/p>\n\n\n\n<p>El <strong>Doctorado en Educaci\u00f3n<\/strong> tiene como prop\u00f3sitos formar profesionales capaces de contribuir al desarrollo de la educaci\u00f3n a trav\u00e9s de la investigaci\u00f3n, desde la honestidad intelectual, responsabilidad ciudadana, capacidad reflexiva y mirada cr\u00edtica de la realidad. Al mismo tiempo, incentivar la creatividad de quienes participan para la producci\u00f3n de aportes originales al campo educativo.<\/p>\n\n\n\n<p>El Doctorado tiene una estructura de Plan de Estudios Personalizada para responder a los intereses y necesidades de quienes deseen abrazar estudios de posgrado, lo cual favorece la autonom\u00eda de las y los profesionales.&nbsp;<\/p>\n\n\n\n<p>Est\u00e1 destinado a profesionales que tengan t\u00edtulos de Educaci\u00f3n Superior, no menor a cuatro a\u00f1os, y experiencia acreditada en investigaci\u00f3n y docencia en el campo educativo.<\/p>\n<\/blockquote>\n\n\n\n<h5 class=\"alignfull has-luminous-vivid-amber-background-color has-text-color has-background\" id=\"bienvenidx-a-la-facultad-de-ciencias-humanas\" style=\"color:#ffffff;letter-spacing:0px;line-height:1.5\">Plan de Estudios y reglamentaciones<\/h5>\n\n\n\n<blockquote class=\"wp-block-quote\">\n<p class=\"wp-elements-43c4e00699d6a32e7eacce34ff427a3b has-link-color\"><a href=\"https:\/\/humanas.unsl.edu.ar\/wp-content\/uploads\/2024\/07\/OCD-001-2013.pdf\"><strong>OCD &#8211; 001\/2013<\/strong><\/a>. Creaci\u00f3n Doctorado en Educaci\u00f3n. Plan de estudios.<\/p>\n\n\n\n<p class=\"wp-elements-0226dad42be097c04484121f06f1bb2a has-link-color\"><a href=\"http:\/\/digesto.unsl.edu.ar\/docs\/201305\/20130515105507_14419.pdf\"><strong>OCS &#8211; 025\/2013<\/strong><\/a>. Homologaci\u00f3n de Creaci\u00f3n Carrera Doctorado en Educaci\u00f3n. Consejo Superior.<\/p>\n\n\n\n<p class=\"wp-elements-ea58a48520d4e15e90bc7e44661735a5 has-link-color\"><strong><a href=\"https:\/\/humanas.unsl.edu.ar\/wp-content\/uploads\/2024\/06\/Res-122-23-Cat-A-Doc-en-Educ.pdf\">RME &#8211; CONEAU &#8211; 122\/2023<\/a><\/strong> &#8211; Reconocimiento y Categor\u00eda &#8220;A&#8221; a la Carrera de posgrado Doctorado en Educaci\u00f3n.<\/p>\n<\/blockquote>\n\n\n\n<p><\/p>\n\n\n\n<h5 class=\"alignfull has-text-color has-background\" id=\"documentacion-requerida-para-el-ingreso-a-la-fch\" style=\"color:#ffffff;background-color:#f18c12;letter-spacing:0px;line-height:1.5\">Documentaci\u00f3n requerida para la inscripci\u00f3n<\/h5>\n\n\n\n<blockquote class=\"wp-block-quote\">\n<p><strong><a href=\"https:\/\/humanas.unsl.edu.ar\/wp-content\/uploads\/2024\/07\/dee_instructivo_ingreso.pdf\">Instructivo para acceder al Doctorado en Educaci\u00f3n<\/a><\/strong><\/p>\n\n\n\n<p><a href=\"https:\/\/humanas.unsl.edu.ar\/wp-content\/uploads\/2024\/06\/ficha_inscripcion_ddo_educacion.pdf\">Formulario de inscripci\u00f3n<\/a>.<\/p>\n<\/blockquote>\n\n\n\n<h4 class=\"alignfull has-white-color has-text-color has-background\" id=\"documentacion-requerida-para-el-ingreso-a-la-fch\" style=\"background-color:#f8b719;letter-spacing:0px;line-height:1\">Aranceles<\/h4>\n\n\n\n<p class=\"has-text-align-center\"><strong>Aranceles 2025 (Actualizado a marzo\/2025)<\/strong><\/p>\n\n\n\n<figure class=\"wp-block-table is-style-stripes\"><table><tbody><tr><td>Tipo de Alumno\/Cursante<\/td><td>Arancel Anual<\/td><\/tr><tr><td>Docentes de la Facultad de Ciencias Humanas (UNSL)<\/td><td>Sin costo<\/td><\/tr><tr><td>Egresados de la Facultad de Ciencias Humanas (UNSL)<\/td><td>$ 50000 (a pagar en tres cuotas)<\/td><\/tr><tr><td>Egresados, docentes y\/o profesionales de universidades p\u00fablicas y\/o instituciones educativas p\u00fablicas de Nivel Superior<\/td><td>$ 100000 (a pagar en tres cuotas)<\/td><\/tr><tr><td>Egresados, docentes y\/o profesionales de universidades privadas y\/o instituciones&nbsp; educativas privadas de Nivel Superior<\/td><td>$ 200.000 (a pagar en tres cuotas)<\/td><\/tr><tr><td>Egresados y profesionales de universidades extranjeras <\/td><td>El equivalente a 1000 d\u00f3lares (a pagar en tres cuotas)<\/td><\/tr><\/tbody><\/table><\/figure>\n<\/div>\n\n\n\n<div class=\"is-layout-flow wp-block-column is-vertically-aligned-top\" style=\"flex-basis:33.33%\">\n<h4 class=\"has-text-align-center has-white-color has-luminous-vivid-orange-background-color has-text-color has-background\" style=\"line-height:1.5\">Contactos<\/h4>\n\n\n\n<p><\/p>\n\n\n\n<p class=\"has-text-align-center\"><strong>Doctorado en Educaci\u00f3n<\/strong><br>Mail: <a href=\"mailto:posgradoch@gmail.com\"><\/a><a rel=\"noreferrer noopener\" href=\"mailto:doctoradoeneducacionunsl@gmail.com\" target=\"_blank\">doctoradoeneducacionunsl@gmail.com<\/a><\/p>\n\n\n\n<div style=\"height:26px\" aria-hidden=\"true\" class=\"wp-block-spacer\"><\/div>\n\n\n\n<p class=\"has-text-align-center\">Director de la Carrera:<br><strong>Dr. Ram\u00f3n Sanz Ferramola<\/strong> (UNSL)<br>Co-Directora:<br><strong>Dra. Ana Ramona Domeniconi<\/strong> (UNSL)<\/p>\n\n\n\n<p class=\"has-text-align-center\">Coordinadora Acad\u00e9mico-administrativa:<br><strong>Esp. Carina Perretti Matera<\/strong><\/p>\n\n\n\n<div style=\"height:26px\" aria-hidden=\"true\" class=\"wp-block-spacer\"><\/div>\n\n\n\n<p class=\"has-text-align-center has-small-font-size\"><strong>Comit\u00e9 acad\u00e9mico:<\/strong><br>Dra. Silvia BALDIVIESO. (UNSL)<br>Dr. Gabriel Alexandro ROSALES. (UNSL)<br>Dra. Estela Mar\u00eda MIRANDA. (UNC)<br>Dra. Adriana BONO. (UNRC)<br>Dra. Liliana Judith GUZM\u00c1N. (UNSL)<br>Dr. Emmanuel GINESTRA. (UNSL)<br><\/p>\n\n\n\n<div style=\"height:26px\" aria-hidden=\"true\" class=\"wp-block-spacer\"><\/div>\n\n\n\n<p class=\"has-text-align-center\"><strong>SECRETAR\u00cdA DE POSGRADO<br>Dra. Mar\u00eda Celeste Rom\u00e1<\/strong> <br>Sede: Secretar\u00eda de Posgrado Facultad de Ciencias Humanas<br>Edificio Rectorado. 1\u00ba Piso &#8211; Sector &#8220;B&#8221;<br>Tel\u00e9fonos: 2664 520300 Int. 5328<br>Mail:&nbsp;<a href=\"mailto:posgradoch@gmail.com\">posgradoch@gmail.com<\/a><\/p>\n\n\n\n<div style=\"height:26px\" aria-hidden=\"true\" class=\"wp-block-spacer\"><\/div>\n\n\n\n<figure class=\"wp-block-image aligncenter size-full\"><a href=\"https:\/\/fchportaldigital.unsl.edu.ar\/\"><img decoding=\"async\" loading=\"lazy\" width=\"150\" height=\"150\" src=\"https:\/\/humanas.unsl.edu.ar\/wp-content\/uploads\/2025\/04\/logo-portal-digital-150x150-1.png\" alt=\"Portal Digital de la FCH\" class=\"wp-image-12570\"\/><\/a><\/figure>\n<\/div>\n<\/div>\n\n\n\n<div style=\"height:20px\" aria-hidden=\"true\" class=\"wp-block-spacer\"><\/div>\n\n\n\n<div class=\"inherit-container-width is-layout-constrained wp-block-group alignfull\"><div class=\"wp-block-group__inner-container\">\n<div class=\"wp-block-cover alignfull is-light\" style=\"min-height:267px\"><span aria-hidden=\"true\" class=\"wp-block-cover__background has-background-dim-100 has-background-dim\" style=\"background-color:#d9d9d9\"><\/span><div class=\"wp-block-cover__inner-container\">\n<p class=\"has-text-align-center has-ast-global-color-8-color has-text-color has-medium-font-size\" style=\"font-style:normal;font-weight:700;line-height:1\"><strong>Pol\u00edticas de inclusi\u00f3n, g\u00e9nero y cuidado integral<\/strong><\/p>\n\n\n\n<div class=\"is-layout-flex wp-container-9 wp-block-columns alignfull\">\n<div class=\"is-layout-flow wp-block-column\">\n<figure class=\"wp-block-image size-full\"><a href=\"https:\/\/www.unsl.edu.ar\/index.php\/menu\/eti\"><img decoding=\"async\" loading=\"lazy\" width=\"480\" height=\"120\" src=\"https:\/\/humanas.unsl.edu.ar\/wp-content\/uploads\/2026\/02\/banner_protocolo_violencia_500x120-480x120-1.png\" alt=\"\" class=\"wp-image-14467\" srcset=\"https:\/\/humanas.unsl.edu.ar\/wp-content\/uploads\/2026\/02\/banner_protocolo_violencia_500x120-480x120-1.png 480w, https:\/\/humanas.unsl.edu.ar\/wp-content\/uploads\/2026\/02\/banner_protocolo_violencia_500x120-480x120-1-300x75.png 300w\" sizes=\"(max-width: 480px) 100vw, 480px\" \/><\/a><\/figure>\n<\/div>\n\n\n\n<div class=\"is-layout-flow wp-block-column\">\n<figure class=\"wp-block-image aligncenter size-full\"><a href=\"http:\/\/www.prevencionenadicciones.unsl.edu.ar\/\"><img decoding=\"async\" loading=\"lazy\" width=\"500\" height=\"120\" src=\"https:\/\/humanas.unsl.edu.ar\/wp-content\/uploads\/2026\/02\/banner_programa_adicciones_500x120.png\" alt=\"\" class=\"wp-image-14461\" srcset=\"https:\/\/humanas.unsl.edu.ar\/wp-content\/uploads\/2026\/02\/banner_programa_adicciones_500x120.png 500w, https:\/\/humanas.unsl.edu.ar\/wp-content\/uploads\/2026\/02\/banner_programa_adicciones_500x120-300x72.png 300w\" sizes=\"(max-width: 500px) 100vw, 500px\" \/><\/a><\/figure>\n<\/div>\n\n\n\n<div class=\"is-layout-flow wp-block-column has-ast-global-color-3-color has-text-color\">\n<figure class=\"wp-block-image aligncenter size-full is-style-default\"><a href=\"https:\/\/universidadydiscapacidad.unsl.edu.ar\/\"><img decoding=\"async\" loading=\"lazy\" width=\"500\" height=\"120\" src=\"https:\/\/humanas.unsl.edu.ar\/wp-content\/uploads\/2026\/02\/banner_programa_discapacidad_500x120.png\" alt=\"\" class=\"wp-image-14462\" srcset=\"https:\/\/humanas.unsl.edu.ar\/wp-content\/uploads\/2026\/02\/banner_programa_discapacidad_500x120.png 500w, https:\/\/humanas.unsl.edu.ar\/wp-content\/uploads\/2026\/02\/banner_programa_discapacidad_500x120-300x72.png 300w\" sizes=\"(max-width: 500px) 100vw, 500px\" \/><\/a><\/figure>\n<\/div>\n\n\n\n<div class=\"is-layout-flow wp-block-column has-ast-global-color-3-color has-text-color\">\n<figure class=\"wp-block-image aligncenter size-full is-style-default\"><a href=\"https:\/\/humanas.unsl.edu.ar\/index.php\/inicio\/accesibilidad\/\"><img decoding=\"async\" loading=\"lazy\" width=\"500\" height=\"120\" src=\"https:\/\/humanas.unsl.edu.ar\/wp-content\/uploads\/2026\/02\/banner_programa_accesibilidad_fch_500x120.png\" alt=\"\" class=\"wp-image-14460\" srcset=\"https:\/\/humanas.unsl.edu.ar\/wp-content\/uploads\/2026\/02\/banner_programa_accesibilidad_fch_500x120.png 500w, https:\/\/humanas.unsl.edu.ar\/wp-content\/uploads\/2026\/02\/banner_programa_accesibilidad_fch_500x120-300x72.png 300w\" sizes=\"(max-width: 500px) 100vw, 500px\" \/><\/a><\/figure>\n<\/div>\n<\/div>\n<\/div><\/div>\n<\/div><\/div>\n\n\n\n<div style=\"height:20px\" aria-hidden=\"true\" class=\"wp-block-spacer\"><\/div>\n\n\n\n<div class=\"inherit-container-width is-layout-constrained wp-block-group alignfull\"><div class=\"wp-block-group__inner-container\">\n<div class=\"wp-block-jetpack-layout-grid alignfull column1-desktop-grid__span-3 column1-desktop-grid__row-1 column2-desktop-grid__span-3 column2-desktop-grid__start-4 column2-desktop-grid__row-1 column3-desktop-grid__span-3 column3-desktop-grid__start-7 column3-desktop-grid__row-1 column4-desktop-grid__span-3 column4-desktop-grid__start-10 column4-desktop-grid__row-1 column1-tablet-grid__span-4 column1-tablet-grid__row-1 column2-tablet-grid__span-4 column2-tablet-grid__start-5 column2-tablet-grid__row-1 column3-tablet-grid__span-4 column3-tablet-grid__row-2 column4-tablet-grid__span-4 column4-tablet-grid__start-5 column4-tablet-grid__row-2 column1-mobile-grid__span-4 column1-mobile-grid__row-1 column2-mobile-grid__span-4 column2-mobile-grid__row-2 column3-mobile-grid__span-4 column3-mobile-grid__row-3 column4-mobile-grid__span-4 column4-mobile-grid__row-4 wp-block-jetpack-layout-gutter__medium\">\n<div class=\"wp-block-jetpack-layout-grid-column wp-block-jetpack-layout-grid__padding-none is-vertically-aligned-top\">\n<h6 id=\"informacion-institucional\"><strong>INFORMACI\u00d3N INSTITUCIONAL<\/strong><\/h6>\n\n\n\n<p><strong>Tel\u00e9fono:<\/strong>&nbsp;+54 (0266) 4520300<\/p>\n\n\n\n<p><strong>Direcci\u00f3n:<\/strong>&nbsp;Ej\u00e9rcito de Los Andes 950, D5700HHW.<br>San Luis, Argentina <br><strong>\u00bfC\u00f3mo llegar?<\/strong><br><a href=\"https:\/\/goo.gl\/maps\/JfpaQGqv7zH2\" target=\"_blank\" rel=\"noopener\">Ver ubicaci\u00f3n en Google Maps<\/a><\/p>\n<\/div>\n\n\n\n<div class=\"wp-block-jetpack-layout-grid-column wp-block-jetpack-layout-grid__padding-none is-vertically-aligned-top\">\n<h6 id=\"contactos-frecuentes\"><strong>CONTACTOS FRECUENTES<\/strong><\/h6>\n\n\n\n<p><strong>Consultas Acad\u00e9micas:<\/strong><br><a href=\"http:\/\/secretar\u00eda.academica.fchumanas@gmail.com\">secretar\u00eda.academica.fchumanas@gmail.com<\/a><\/p>\n\n\n\n<p><strong><span style=\"font-size: 1em; font-family: var(--font-base, 'Noto Sans', -apple-system, BlinkMacSystemFont, 'Segoe UI', 'Roboto', 'Oxygen', 'Ubuntu', 'Cantarell', 'Fira Sans', 'Droid Sans', 'Helvetica Neue', sans-serif);\">\u00c1rea de Prensa FCH:<\/span><\/strong> <br>Mail: <a href=\"mailto:prensahumanas@gmail.com\" target=\"_blank\" rel=\"noopener\">prensahumanas@gmail.com<\/a><\/p>\n<\/div>\n\n\n\n<div class=\"wp-block-jetpack-layout-grid-column wp-block-jetpack-layout-grid__padding-none is-vertically-aligned-top\">\n<h6><strong>REDES SOCIALES<\/strong><\/h6>\n\n\n\n<figure class=\"wp-block-image size-full is-resized\"><a href=\"https:\/\/www.facebook.com\/FacultaddeCienciasHumanasUNSL\"><img decoding=\"async\" loading=\"lazy\" src=\"https:\/\/humanas.unsl.edu.ar\/wp-content\/uploads\/2022\/05\/2.png\" alt=\"\" class=\"wp-image-2234\" width=\"54\" height=\"54\"\/><\/a><\/figure>\n\n\n\n<figure class=\"wp-block-image size-full is-resized\"><a href=\"https:\/\/www.instagram.com\/fchunsl\/\"><img decoding=\"async\" loading=\"lazy\" src=\"https:\/\/humanas.unsl.edu.ar\/wp-content\/uploads\/2022\/05\/3.png\" alt=\"\" class=\"wp-image-2235\" width=\"60\" height=\"60\"\/><\/a><\/figure>\n\n\n\n<figure class=\"wp-block-image size-full is-resized\"><a href=\"https:\/\/www.youtube.com\/user\/FCHumanas\/featured\"><img decoding=\"async\" loading=\"lazy\" src=\"https:\/\/humanas.unsl.edu.ar\/wp-content\/uploads\/2022\/05\/4.png\" alt=\"\" class=\"wp-image-2236\" width=\"65\" height=\"65\"\/><\/a><\/figure>\n<\/div>\n\n\n\n<div class=\"wp-block-jetpack-layout-grid-column wp-block-jetpack-layout-grid__padding-none is-vertically-aligned-top\">\n<h6 id=\"mapa-del-sitio\"><strong>MAPA DEL SITIO<\/strong><\/h6>\n\n\n\n<p class=\"has-small-font-size\"><a href=\"https:\/\/humanas.unsl.edu.ar\/index.php\/institucional\/\"><strong>INSTITUCIONAL<\/strong><\/a><\/p>\n\n\n\n<p class=\"has-small-font-size\"><a href=\"https:\/\/humanasunsl.wordpress.com\/carreras\/\"><strong>CARRERAS<\/strong><\/a><\/p>\n\n\n\n<p class=\"has-small-font-size\"><a href=\"https:\/\/humanas.unsl.edu.ar\/index.php\/ingreso\/\"><strong>INGRESO<\/strong><\/a><\/p>\n\n\n\n<p class=\"has-small-font-size\"><a href=\"https:\/\/humanas.unsl.edu.ar\/index.php\/docentes-2\/\"><strong>DOCENTES<\/strong><\/a><\/p>\n\n\n\n<p class=\"has-small-font-size\"><a href=\"https:\/\/humanas.unsl.edu.ar\/index.php\/estudiantes\/\"><strong>ESTUDIANTES<\/strong><\/a><\/p>\n\n\n\n<p class=\"has-small-font-size\"><a href=\"http:\/\/www.unsl.edu.ar\/\" target=\"_blank\" rel=\"noreferrer noopener\"><strong>UNSL<\/strong><\/a><\/p>\n\n\n\n<p class=\"has-small-font-size\"><strong><a href=\"https:\/\/humanas.unsl.edu.ar\/index.php\/noticias\/\" data-type=\"page\" data-id=\"186\">NOTICIAS<\/a><\/strong><\/p>\n<\/div>\n<\/div>\n<\/div><\/div>\n","protected":false},"excerpt":{"rendered":"<p>Inicio \/ Carreras de Posgrado \/ Doctorado en Educaci\u00f3n Doctorado en Educaci\u00f3n Consideramos a la Educaci\u00f3n como acontecimiento complejo que nos hace devenir humanos, un camino para conquistar la libertad y construir colectivamente la liberaci\u00f3n, un lugar donde se concreta la transmisi\u00f3n de una cultura capaz de filiar a una herencia com\u00fan; como tiempo\/espacio es &hellip;<\/p>\n<p class=\"read-more\"> <a class=\"\" href=\"https:\/\/humanas.unsl.edu.ar\/index.php\/inicio\/carreras\/carreras-de-posgrado\/doctorado-en-educacion\/\"> <span class=\"screen-reader-text\">Doctorado en Educaci\u00f3n<\/span> Leer m\u00e1s &raquo;<\/a><\/p>\n","protected":false},"author":2,"featured_media":0,"parent":799,"menu_order":8,"comment_status":"closed","ping_status":"closed","template":"","meta":{"site-sidebar-layout":"default","site-content-layout":"","ast-site-content-layout":"default","site-content-style":"default","site-sidebar-style":"default","ast-global-header-display":"","ast-banner-title-visibility":"","ast-main-header-display":"","ast-hfb-above-header-display":"","ast-hfb-below-header-display":"","ast-hfb-mobile-header-display":"","site-post-title":"disabled","ast-breadcrumbs-content":"","ast-featured-img":"","footer-sml-layout":"","theme-transparent-header-meta":"","adv-header-id-meta":"","stick-header-meta":"","header-above-stick-meta":"","header-main-stick-meta":"","header-below-stick-meta":"","astra-migrate-meta-layouts":"set","ast-page-background-enabled":"default","ast-page-background-meta":{"desktop":{"background-color":"var(--ast-global-color-4)","background-image":"","background-repeat":"repeat","background-position":"center center","background-size":"auto","background-attachment":"scroll","background-type":"","background-media":"","overlay-type":"","overlay-color":"","overlay-gradient":""},"tablet":{"background-color":"","background-image":"","background-repeat":"repeat","background-position":"center center","background-size":"auto","background-attachment":"scroll","background-type":"","background-media":"","overlay-type":"","overlay-color":"","overlay-gradient":""},"mobile":{"background-color":"","background-image":"","background-repeat":"repeat","background-position":"center center","background-size":"auto","background-attachment":"scroll","background-type":"","background-media":"","overlay-type":"","overlay-color":"","overlay-gradient":""}},"ast-content-background-meta":{"desktop":{"background-color":"var(--ast-global-color-5)","background-image":"","background-repeat":"repeat","background-position":"center center","background-size":"auto","background-attachment":"scroll","background-type":"","background-media":"","overlay-type":"","overlay-color":"","overlay-gradient":""},"tablet":{"background-color":"var(--ast-global-color-5)","background-image":"","background-repeat":"repeat","background-position":"center center","background-size":"auto","background-attachment":"scroll","background-type":"","background-media":"","overlay-type":"","overlay-color":"","overlay-gradient":""},"mobile":{"background-color":"var(--ast-global-color-5)","background-image":"","background-repeat":"repeat","background-position":"center center","background-size":"auto","background-attachment":"scroll","background-type":"","background-media":"","overlay-type":"","overlay-color":"","overlay-gradient":""}}},"_links":{"self":[{"href":"https:\/\/humanas.unsl.edu.ar\/index.php\/wp-json\/wp\/v2\/pages\/3083"}],"collection":[{"href":"https:\/\/humanas.unsl.edu.ar\/index.php\/wp-json\/wp\/v2\/pages"}],"about":[{"href":"https:\/\/humanas.unsl.edu.ar\/index.php\/wp-json\/wp\/v2\/types\/page"}],"author":[{"embeddable":true,"href":"https:\/\/humanas.unsl.edu.ar\/index.php\/wp-json\/wp\/v2\/users\/2"}],"replies":[{"embeddable":true,"href":"https:\/\/humanas.unsl.edu.ar\/index.php\/wp-json\/wp\/v2\/comments?post=3083"}],"version-history":[{"count":55,"href":"https:\/\/humanas.unsl.edu.ar\/index.php\/wp-json\/wp\/v2\/pages\/3083\/revisions"}],"predecessor-version":[{"id":14459,"href":"https:\/\/humanas.unsl.edu.ar\/index.php\/wp-json\/wp\/v2\/pages\/3083\/revisions\/14459"}],"up":[{"embeddable":true,"href":"https:\/\/humanas.unsl.edu.ar\/index.php\/wp-json\/wp\/v2\/pages\/799"}],"wp:attachment":[{"href":"https:\/\/humanas.unsl.edu.ar\/index.php\/wp-json\/wp\/v2\/media?parent=3083"}],"curies":[{"name":"wp","href":"https:\/\/api.w.org\/{rel}","templated":true}]}}