{"id":3129,"date":"2022-07-05T08:59:48","date_gmt":"2022-07-05T11:59:48","guid":{"rendered":"https:\/\/humanas.unsl.edu.ar\/?page_id=3129"},"modified":"2024-09-23T17:23:40","modified_gmt":"2024-09-23T20:23:40","slug":"proyectos-de-extension","status":"publish","type":"page","link":"https:\/\/humanas.unsl.edu.ar\/index.php\/inicio\/institucional\/decanato\/secretarias\/extension\/proyectos-de-extension\/","title":{"rendered":"Proyectos de Extensi\u00f3n"},"content":{"rendered":"\n<div style=\"height:25px\" aria-hidden=\"true\" class=\"wp-block-spacer\"><\/div>\n\n\n\n<h6 class=\"wp-elements-da4a958303724f2a0ca5862886d53c1d alignwide has-ast-global-color-3-color has-text-color has-background has-link-color\" id=\"inicio\" style=\"background-color:#fde2cb;line-height:1.5\"><a href=\"https:\/\/humanas.unsl.edu.ar\/\" data-type=\"page\" data-id=\"264\">Inicio<\/a> \/ <a href=\"https:\/\/humanas.unsl.edu.ar\/index.php\/inicio\/institucional\/decanato\/secretarias\/extension\/\" data-type=\"page\" data-id=\"1225\">Secretar\u00eda de Extensi\u00f3n<\/a> \/ Proyectos de Extensi\u00f3n Actuales<\/h6>\n\n\n\n<div style=\"height:25px\" aria-hidden=\"true\" class=\"wp-block-spacer\"><\/div>\n\n\n\n<div class=\"is-layout-flex wp-container-9 wp-block-columns\">\n<div class=\"is-layout-flow wp-block-column\">\n<div class=\"is-content-justification-center is-layout-flex wp-container-1 wp-block-buttons\">\n<div class=\"wp-block-button has-custom-width wp-block-button__width-100 has-custom-font-size has-small-font-size\"><a class=\"wp-block-button__link has-white-color has-luminous-vivid-orange-background-color has-text-color has-background wp-element-button\" href=\"https:\/\/humanas.unsl.edu.ar\/index.php\/pagina-de-inicio\/institucional\/decanato\/secretarias\/extension\/reglamentaciones-de-extension\/\" style=\"border-radius:7px\">Reglamentaciones<\/a><\/div>\n<\/div>\n<\/div>\n\n\n\n<div class=\"is-layout-flow wp-block-column\">\n<div class=\"is-content-justification-center is-layout-flex wp-container-3 wp-block-buttons\">\n<div class=\"wp-block-button has-custom-width wp-block-button__width-100 has-custom-font-size has-small-font-size\"><a class=\"wp-block-button__link has-white-color has-luminous-vivid-orange-background-color has-text-color has-background wp-element-button\" href=\"https:\/\/humanas.unsl.edu.ar\/index.php\/inicio\/consultas-y-tramites\/\" style=\"border-radius:7px\">Consultas y Tr\u00e1mites<\/a><\/div>\n<\/div>\n<\/div>\n\n\n\n<div class=\"is-layout-flow wp-block-column is-vertically-aligned-top\">\n<div class=\"is-content-justification-center is-layout-flex wp-container-5 wp-block-buttons\">\n<div class=\"wp-block-button has-custom-width wp-block-button__width-100 has-custom-font-size has-small-font-size\"><a class=\"wp-block-button__link has-white-color has-luminous-vivid-orange-background-color has-text-color has-background wp-element-button\" href=\"https:\/\/humanas.unsl.edu.ar\/index.php\/ingreso\/becas\/\" style=\"border-radius:7px\">Becas y Pasant\u00edas<\/a><\/div>\n<\/div>\n<\/div>\n\n\n\n<div class=\"is-layout-flow wp-block-column\">\n<div class=\"is-layout-flex wp-block-buttons\">\n<div class=\"wp-block-button has-custom-width wp-block-button__width-100 has-custom-font-size has-small-font-size\"><a class=\"wp-block-button__link has-white-color has-luminous-vivid-orange-background-color has-text-color has-background wp-element-button\" href=\"https:\/\/humanas.unsl.edu.ar\/index.php\/pagina-de-inicio\/institucional\/decanato\/secretarias\/extension\/contenidos\/\" style=\"border-radius:7px\">Contenidos<\/a><\/div>\n<\/div>\n<\/div>\n<\/div>\n\n\n\n<div style=\"height:17px\" aria-hidden=\"true\" class=\"wp-block-spacer\"><\/div>\n\n\n\n<div class=\"is-layout-flex wp-container-16 wp-block-columns alignwide\">\n<div class=\"is-layout-flow wp-block-column\" style=\"flex-basis:66.66%\">\n<h4 class=\"has-white-color has-text-color has-background\" style=\"background-color:#ed6f03;line-height:1.5\">Proyectos de Extensi\u00f3n de Inter\u00e9s Social (PEIS)<\/h4>\n\n\n\n<h5 class=\"wp-elements-f936ba3d4f47a61248f468e006325bd6 has-luminous-vivid-orange-color has-white-background-color has-text-color has-background has-link-color\" style=\"line-height:0\"><strong>Convocatoria 2024 &#8211; 2025<\/strong><br><\/h5>\n\n\n\n<div class=\"is-layout-flex wp-container-11 wp-block-columns\">\n<div class=\"is-layout-flow wp-block-column\" style=\"flex-basis:100%\">\n<blockquote class=\"wp-block-quote\">\n<p>* <strong><em>Acompa\u00f1amiento en trayectorias educativas en nivel secundario<\/em><\/strong>, a cargo de Romina Gaud\u00edn.<\/p>\n\n\n\n<p>* <strong><em>Sostenimiento de trabajo articulado entre el Archivo del Orgullo San Luis y la Universidad Nacional de San Luis<\/em><\/strong>, a cargo de Cristian Revecco Chilla.<\/p>\n\n\n\n<p><strong>* <em>De ESI s\u00ed se&nbsp;habla<\/em><\/strong>, a cargo de Elizabeth Mu\u00f1oz Zan\u00f3n.<\/p>\n\n\n\n<p>* <strong><em>Pedagog\u00eda de las ruralidades en los territorios: actores y pr\u00e1cticas sentipensantes inclusoras<\/em><\/strong>, a cargo de Marcello Vitarelli.<\/p>\n\n\n\n<p><strong><em>* Intervenir para visibilizar,<\/em><\/strong> a cargo de Mar\u00eda Valeria Furgiuele.<\/p>\n\n\n\n<p><strong><em>* Pedagog\u00eda de las diferencias<\/em><\/strong>, a cargo de Sandra Catalini.<\/p>\n<\/blockquote>\n<\/div>\n<\/div>\n\n\n\n<h5 class=\"wp-elements-e880b998197930efa4d83c50b2221658 has-luminous-vivid-orange-color has-white-background-color has-text-color has-background has-link-color\" style=\"line-height:0\"><strong>Convocatoria 2023 &#8211; 2024<\/strong><\/h5>\n\n\n\n<blockquote class=\"wp-block-quote\">\n<p class=\"wp-elements-f8772db7ff2d68a2adb06f8ba1708c97 has-link-color\"><strong><a href=\"https:\/\/humanas.unsl.edu.ar\/wp-content\/uploads\/2024\/09\/RCS_242_23_PEIS.pdf\">RCD &#8211; 242\/23<\/a><\/strong><\/p>\n\n\n\n<p>* <em><strong>Pedagog\u00eda hospitalaria: el derecho de ni\u00f1os, ni\u00f1as y adolescentes de jugar y aprender en el hospital<\/strong>, <\/em>a cargo de Virginia Mariojouls y Valeria Hardoy.<\/p>\n\n\n\n<p><em>* <strong>Derecho a un futuro: experiencias colectivas con la comunidad de A.P.A.D.I.S para la plena inclusi\u00f3n<\/strong>, <\/em>a cargo de Gabriela Luciano.<\/p>\n\n\n\n<p><em>* <strong>Podcast a cielo abierto<\/strong>, <\/em>a cargo de Bernardo Gabriel Sacchi y Analia Ivana Orozco.<\/p>\n\n\n\n<p><\/p>\n<\/blockquote>\n\n\n\n<div style=\"height:40px\" aria-hidden=\"true\" class=\"wp-block-spacer\"><\/div>\n<\/div>\n\n\n\n<div class=\"is-layout-flow wp-block-column\" style=\"flex-basis:33.33%\">\n<ul>\n<li><a href=\"https:\/\/humanas.unsl.edu.ar\/index.php\/institucional\/decanato\/secretarias-fch\/secretaria-de-extension\/proyectos-de-extension\/\" data-type=\"page\" data-id=\"3129\">Proyectos de Extensi\u00f3n Actuales<\/a><\/li>\n\n\n\n<li><a href=\"https:\/\/humanas.unsl.edu.ar\/index.php\/institucional\/decanato\/secretarias-fch\/secretaria-de-extension\/proyectos-de-extension-anteriores\/\" data-type=\"page\" data-id=\"3232\">Proyectos de Extensi\u00f3n Anteriores<\/a><\/li>\n\n\n\n<li><a href=\"https:\/\/humanas.unsl.edu.ar\/index.php\/institucional\/decanato\/secretarias-fch\/secretaria-de-extension\/informes-finales-resoluciones\/\" data-type=\"page\" data-id=\"4025\">Informes Finales &#8211; Resoluciones<\/a><\/li>\n\n\n\n<li><a href=\"http:\/\/www.neu.unsl.edu.ar\/wp-content\/uploads\/2022\/06\/Entre-lazos-n%C2%B01.pdf\">Entre-Lazos. Revista de Extensi\u00f3n UNSL<\/a><\/li>\n\n\n\n<li><a href=\"http:\/\/digesto.unsl.edu.ar\/docs\/202211\/20221130121123_31810.pdf\">Comisi\u00f3n Asesora de Extensi\u00f3n<\/a><\/li>\n<\/ul>\n\n\n\n<div style=\"height:48px\" aria-hidden=\"true\" class=\"wp-block-spacer\"><\/div>\n\n\n\n<p class=\"has-text-align-center\" style=\"line-height:1.4\"><strong>Secretar\u00eda de Extensi\u00f3n<br>Facultad de Ciencias Humanas<\/strong><br>Edificio Rectorado- 1\u00ba Piso. Ala &#8220;B&#8221;<br>Tel\u00e9fonos: 2664-4520300 int. 5347<br>Mail de Contacto:<br><a href=\"mailto:extensionhumanasfch@gmail.com\">extensionhumanasfch@gmail.com<\/a>  <\/p>\n\n\n\n<div style=\"height:40px\" aria-hidden=\"true\" class=\"wp-block-spacer\"><\/div>\n\n\n\n<div class=\"is-layout-flex wp-container-14 wp-block-columns\">\n<div class=\"is-layout-flow wp-block-column\">\n<figure class=\"wp-block-image aligncenter size-full is-resized\"><a href=\"https:\/\/humanas.unsl.edu.ar\/index.php\/noticias-fch\/\"><img decoding=\"async\" loading=\"lazy\" src=\"https:\/\/humanas.unsl.edu.ar\/wp-content\/uploads\/2022\/06\/1.png\" alt=\"\" class=\"wp-image-2994\" width=\"85\" height=\"85\"\/><\/a><\/figure>\n<\/div>\n<\/div>\n<\/div>\n<\/div>\n\n\n\n<div style=\"height:24px\" aria-hidden=\"true\" class=\"wp-block-spacer\"><\/div>\n\n\n\n<h4 class=\"has-white-color has-text-color has-background\" style=\"background-color:#f59e17\">Espacios de vinculaci\u00f3n con la comunidad<\/h4>\n\n\n\n<div style=\"height:20px\" aria-hidden=\"true\" class=\"wp-block-spacer\"><\/div>\n\n\n\n<div class=\"is-layout-flex wp-container-20 wp-block-columns alignwide\">\n<div class=\"is-layout-flow wp-block-column\">\n<div style=\"height:60px\" aria-hidden=\"true\" class=\"wp-block-spacer\"><\/div>\n\n\n\n<figure class=\"wp-block-image aligncenter size-full is-resized\"><a href=\"https:\/\/humanas.unsl.edu.ar\/index.php\/inicio\/institucional\/decanato\/secretarias\/extension\/centro-de-practicas-pedagogicas-socio-comunitarias\/\"><img decoding=\"async\" loading=\"lazy\" src=\"https:\/\/humanas.unsl.edu.ar\/wp-content\/uploads\/2025\/08\/5588c6_18e8f0259bd343aea44aad723fbbd336_mv2_d_2817_1992_s_2.webp\" alt=\"\" class=\"wp-image-13189\" width=\"144\" height=\"102\" srcset=\"https:\/\/humanas.unsl.edu.ar\/wp-content\/uploads\/2025\/08\/5588c6_18e8f0259bd343aea44aad723fbbd336_mv2_d_2817_1992_s_2.webp 575w, https:\/\/humanas.unsl.edu.ar\/wp-content\/uploads\/2025\/08\/5588c6_18e8f0259bd343aea44aad723fbbd336_mv2_d_2817_1992_s_2-300x212.webp 300w\" sizes=\"(max-width: 144px) 100vw, 144px\" \/><\/a><figcaption class=\"wp-element-caption\"><strong>Centro de Pr\u00e1cticas Pedag\u00f3gicas y Socio Comunitarias<\/strong><\/figcaption><\/figure>\n<\/div>\n\n\n\n<div class=\"is-layout-flow wp-block-column\">\n<div style=\"height:35px\" aria-hidden=\"true\" class=\"wp-block-spacer\"><\/div>\n\n\n\n<figure class=\"wp-block-image aligncenter size-full is-resized\"><a href=\"https:\/\/humanas.unsl.edu.ar\/index.php\/institucional\/decanato\/secretarias\/extension\/cediflij\/\"><img decoding=\"async\" loading=\"lazy\" src=\"https:\/\/humanas.unsl.edu.ar\/wp-content\/uploads\/2022\/04\/ceddiflij.webp\" alt=\"\" class=\"wp-image-2004\" width=\"168\" height=\"168\"\/><\/a><figcaption class=\"wp-element-caption\"><strong>Centro de Literatura Infantil y Juvenil<\/strong><\/figcaption><\/figure>\n<\/div>\n\n\n\n<div class=\"is-layout-flow wp-block-column\">\n<div style=\"height:35px\" aria-hidden=\"true\" class=\"wp-block-spacer\"><\/div>\n\n\n\n<figure class=\"wp-block-image aligncenter size-full\"><a href=\"https:\/\/humanas.unsl.edu.ar\/index.php\/inicio\/institucional\/decanato\/secretarias\/extension\/programa-adultos-mayores\/\"><img decoding=\"async\" loading=\"lazy\" width=\"150\" height=\"150\" src=\"https:\/\/humanas.unsl.edu.ar\/wp-content\/uploads\/2026\/02\/Logo-con-circulo-dibujado-a-mano-S-fondo-wc-150x150-1.png\" alt=\"\" class=\"wp-image-14473\"\/><\/a><figcaption class=\"wp-element-caption\"><strong>Programa <strong>Adultos Mayores (FCH &#8211; FAPSI)<\/strong><\/strong><\/figcaption><\/figure>\n<\/div>\n<\/div>\n\n\n\n<div class=\"is-layout-flex wp-container-24 wp-block-columns alignwide\">\n<div class=\"is-layout-flow wp-block-column\">\n<div style=\"height:61px\" aria-hidden=\"true\" class=\"wp-block-spacer\"><\/div>\n\n\n\n<figure class=\"wp-block-image aligncenter size-full is-resized\"><a href=\"https:\/\/humanas.unsl.edu.ar\/index.php\/institucional\/decanato\/secretarias\/extension\/ilen\/\"><img decoding=\"async\" loading=\"lazy\" src=\"https:\/\/humanas.unsl.edu.ar\/wp-content\/uploads\/2022\/07\/logo_ilen_wp.png\" alt=\"Instituto de Lenguas\" class=\"wp-image-3194\" width=\"194\" height=\"101\" srcset=\"https:\/\/humanas.unsl.edu.ar\/wp-content\/uploads\/2022\/07\/logo_ilen_wp.png 740w, https:\/\/humanas.unsl.edu.ar\/wp-content\/uploads\/2022\/07\/logo_ilen_wp-300x156.png 300w, https:\/\/humanas.unsl.edu.ar\/wp-content\/uploads\/2022\/07\/logo_ilen_wp-480x250.png 480w\" sizes=\"(max-width: 194px) 100vw, 194px\" \/><\/a><figcaption class=\"wp-element-caption\"><strong>Instituto de Lenguas<\/strong><\/figcaption><\/figure>\n<\/div>\n\n\n\n<div class=\"is-layout-flow wp-block-column\">\n<div style=\"height:35px\" aria-hidden=\"true\" class=\"wp-block-spacer\"><\/div>\n\n\n\n<figure class=\"wp-block-image aligncenter size-full\"><a href=\"https:\/\/humanas.unsl.edu.ar\/index.php\/inicio\/institucional\/decanato\/secretarias\/extension\/servicio-integral-de-la-voz\/\"><img decoding=\"async\" loading=\"lazy\" width=\"150\" height=\"150\" src=\"https:\/\/humanas.unsl.edu.ar\/wp-content\/uploads\/2025\/08\/LOGO-SI-VOZ-A-COLOR-PNG-150x150-1.png\" alt=\"\" class=\"wp-image-13191\"\/><\/a><figcaption class=\"wp-element-caption\"><strong>Servicio Integral de Voz<\/strong><\/figcaption><\/figure>\n<\/div>\n\n\n\n<div class=\"is-layout-flow wp-block-column\">\n<div style=\"height:35px\" aria-hidden=\"true\" class=\"wp-block-spacer\"><\/div>\n\n\n\n<figure class=\"wp-block-image aligncenter size-full is-resized\"><a href=\"https:\/\/humanas.unsl.edu.ar\/index.php\/institucional\/decanato\/secretarias\/extension\/museo-de-la-radio-y-la-comunicacion\/\"><img decoding=\"async\" loading=\"lazy\" src=\"https:\/\/humanas.unsl.edu.ar\/wp-content\/uploads\/2022\/08\/logo_museo.jpg\" alt=\"\" class=\"wp-image-3240\" width=\"129\" height=\"160\" srcset=\"https:\/\/humanas.unsl.edu.ar\/wp-content\/uploads\/2022\/08\/logo_museo.jpg 391w, https:\/\/humanas.unsl.edu.ar\/wp-content\/uploads\/2022\/08\/logo_museo-241x300.jpg 241w\" sizes=\"(max-width: 129px) 100vw, 129px\" \/><\/a><figcaption class=\"wp-element-caption\"><strong>Museo de la Radio y la Comunicaci\u00f3n<\/strong><\/figcaption><\/figure>\n<\/div>\n<\/div>\n\n\n\n<div style=\"height:20px\" aria-hidden=\"true\" class=\"wp-block-spacer\"><\/div>\n\n\n\n<div style=\"height:18px\" aria-hidden=\"true\" class=\"wp-block-spacer\"><\/div>\n\n\n\n<div style=\"height:21px\" aria-hidden=\"true\" class=\"wp-block-spacer\"><\/div>\n\n\n\n<div class=\"inherit-container-width is-layout-constrained wp-block-group alignfull\"><div class=\"wp-block-group__inner-container\">\n<div class=\"wp-block-cover alignfull is-light\" style=\"min-height:267px\"><span aria-hidden=\"true\" class=\"wp-block-cover__background has-background-dim-100 has-background-dim\" style=\"background-color:#d9d9d9\"><\/span><div class=\"wp-block-cover__inner-container\">\n<p class=\"has-text-align-center has-ast-global-color-8-color has-text-color has-medium-font-size\" style=\"font-style:normal;font-weight:700;line-height:1\"><strong>Pol\u00edticas de inclusi\u00f3n, g\u00e9nero y cuidado integral<\/strong><\/p>\n\n\n\n<div class=\"is-layout-flex wp-container-29 wp-block-columns alignfull\">\n<div class=\"is-layout-flow wp-block-column\">\n<figure class=\"wp-block-image size-full\"><a href=\"https:\/\/www.unsl.edu.ar\/index.php\/menu\/eti\"><img decoding=\"async\" loading=\"lazy\" width=\"480\" height=\"120\" src=\"https:\/\/humanas.unsl.edu.ar\/wp-content\/uploads\/2026\/02\/banner_protocolo_violencia_500x120-480x120-1.png\" alt=\"\" class=\"wp-image-14467\" srcset=\"https:\/\/humanas.unsl.edu.ar\/wp-content\/uploads\/2026\/02\/banner_protocolo_violencia_500x120-480x120-1.png 480w, https:\/\/humanas.unsl.edu.ar\/wp-content\/uploads\/2026\/02\/banner_protocolo_violencia_500x120-480x120-1-300x75.png 300w\" sizes=\"(max-width: 480px) 100vw, 480px\" \/><\/a><\/figure>\n<\/div>\n\n\n\n<div class=\"is-layout-flow wp-block-column\">\n<figure class=\"wp-block-image aligncenter size-full\"><a href=\"http:\/\/www.prevencionenadicciones.unsl.edu.ar\/\"><img decoding=\"async\" loading=\"lazy\" width=\"500\" height=\"120\" src=\"https:\/\/humanas.unsl.edu.ar\/wp-content\/uploads\/2026\/02\/banner_programa_adicciones_500x120.png\" alt=\"\" class=\"wp-image-14461\" srcset=\"https:\/\/humanas.unsl.edu.ar\/wp-content\/uploads\/2026\/02\/banner_programa_adicciones_500x120.png 500w, https:\/\/humanas.unsl.edu.ar\/wp-content\/uploads\/2026\/02\/banner_programa_adicciones_500x120-300x72.png 300w\" sizes=\"(max-width: 500px) 100vw, 500px\" \/><\/a><\/figure>\n<\/div>\n\n\n\n<div class=\"is-layout-flow wp-block-column has-ast-global-color-3-color has-text-color\">\n<figure class=\"wp-block-image aligncenter size-full is-style-default\"><a href=\"https:\/\/universidadydiscapacidad.unsl.edu.ar\/\"><img decoding=\"async\" loading=\"lazy\" width=\"500\" height=\"120\" src=\"https:\/\/humanas.unsl.edu.ar\/wp-content\/uploads\/2026\/02\/banner_programa_discapacidad_500x120.png\" alt=\"\" class=\"wp-image-14462\" srcset=\"https:\/\/humanas.unsl.edu.ar\/wp-content\/uploads\/2026\/02\/banner_programa_discapacidad_500x120.png 500w, https:\/\/humanas.unsl.edu.ar\/wp-content\/uploads\/2026\/02\/banner_programa_discapacidad_500x120-300x72.png 300w\" sizes=\"(max-width: 500px) 100vw, 500px\" \/><\/a><\/figure>\n<\/div>\n\n\n\n<div class=\"is-layout-flow wp-block-column has-ast-global-color-3-color has-text-color\">\n<figure class=\"wp-block-image aligncenter size-full is-style-default\"><a href=\"https:\/\/humanas.unsl.edu.ar\/index.php\/inicio\/accesibilidad\/\"><img decoding=\"async\" loading=\"lazy\" width=\"500\" height=\"120\" src=\"https:\/\/humanas.unsl.edu.ar\/wp-content\/uploads\/2026\/02\/banner_programa_accesibilidad_fch_500x120.png\" alt=\"\" class=\"wp-image-14460\" srcset=\"https:\/\/humanas.unsl.edu.ar\/wp-content\/uploads\/2026\/02\/banner_programa_accesibilidad_fch_500x120.png 500w, https:\/\/humanas.unsl.edu.ar\/wp-content\/uploads\/2026\/02\/banner_programa_accesibilidad_fch_500x120-300x72.png 300w\" sizes=\"(max-width: 500px) 100vw, 500px\" \/><\/a><\/figure>\n<\/div>\n<\/div>\n<\/div><\/div>\n<\/div><\/div>\n\n\n\n<div style=\"height:22px\" aria-hidden=\"true\" class=\"wp-block-spacer\"><\/div>\n\n\n","protected":false},"excerpt":{"rendered":"<p>Inicio \/ Secretar\u00eda de Extensi\u00f3n \/ Proyectos de Extensi\u00f3n Actuales Proyectos de Extensi\u00f3n de Inter\u00e9s Social (PEIS) Convocatoria 2024 &#8211; 2025 * Acompa\u00f1amiento en trayectorias educativas en nivel secundario, a cargo de Romina Gaud\u00edn. * Sostenimiento de trabajo articulado entre el Archivo del Orgullo San Luis y la Universidad Nacional de San Luis, a cargo &hellip;<\/p>\n<p class=\"read-more\"> <a class=\"\" href=\"https:\/\/humanas.unsl.edu.ar\/index.php\/inicio\/institucional\/decanato\/secretarias\/extension\/proyectos-de-extension\/\"> <span class=\"screen-reader-text\">Proyectos de Extensi\u00f3n<\/span> Leer m\u00e1s &raquo;<\/a><\/p>\n","protected":false},"author":2,"featured_media":0,"parent":1225,"menu_order":2,"comment_status":"closed","ping_status":"closed","template":"","meta":{"site-sidebar-layout":"default","site-content-layout":"","ast-site-content-layout":"default","site-content-style":"default","site-sidebar-style":"default","ast-global-header-display":"","ast-banner-title-visibility":"","ast-main-header-display":"","ast-hfb-above-header-display":"","ast-hfb-below-header-display":"","ast-hfb-mobile-header-display":"","site-post-title":"","ast-breadcrumbs-content":"","ast-featured-img":"","footer-sml-layout":"","theme-transparent-header-meta":"","adv-header-id-meta":"","stick-header-meta":"","header-above-stick-meta":"","header-main-stick-meta":"","header-below-stick-meta":"","astra-migrate-meta-layouts":"set","ast-page-background-enabled":"default","ast-page-background-meta":{"desktop":{"background-color":"var(--ast-global-color-4)","background-image":"","background-repeat":"repeat","background-position":"center center","background-size":"auto","background-attachment":"scroll","background-type":"","background-media":"","overlay-type":"","overlay-color":"","overlay-gradient":""},"tablet":{"background-color":"","background-image":"","background-repeat":"repeat","background-position":"center center","background-size":"auto","background-attachment":"scroll","background-type":"","background-media":"","overlay-type":"","overlay-color":"","overlay-gradient":""},"mobile":{"background-color":"","background-image":"","background-repeat":"repeat","background-position":"center center","background-size":"auto","background-attachment":"scroll","background-type":"","background-media":"","overlay-type":"","overlay-color":"","overlay-gradient":""}},"ast-content-background-meta":{"desktop":{"background-color":"var(--ast-global-color-5)","background-image":"","background-repeat":"repeat","background-position":"center center","background-size":"auto","background-attachment":"scroll","background-type":"","background-media":"","overlay-type":"","overlay-color":"","overlay-gradient":""},"tablet":{"background-color":"var(--ast-global-color-5)","background-image":"","background-repeat":"repeat","background-position":"center center","background-size":"auto","background-attachment":"scroll","background-type":"","background-media":"","overlay-type":"","overlay-color":"","overlay-gradient":""},"mobile":{"background-color":"var(--ast-global-color-5)","background-image":"","background-repeat":"repeat","background-position":"center center","background-size":"auto","background-attachment":"scroll","background-type":"","background-media":"","overlay-type":"","overlay-color":"","overlay-gradient":""}}},"_links":{"self":[{"href":"https:\/\/humanas.unsl.edu.ar\/index.php\/wp-json\/wp\/v2\/pages\/3129"}],"collection":[{"href":"https:\/\/humanas.unsl.edu.ar\/index.php\/wp-json\/wp\/v2\/pages"}],"about":[{"href":"https:\/\/humanas.unsl.edu.ar\/index.php\/wp-json\/wp\/v2\/types\/page"}],"author":[{"embeddable":true,"href":"https:\/\/humanas.unsl.edu.ar\/index.php\/wp-json\/wp\/v2\/users\/2"}],"replies":[{"embeddable":true,"href":"https:\/\/humanas.unsl.edu.ar\/index.php\/wp-json\/wp\/v2\/comments?post=3129"}],"version-history":[{"count":63,"href":"https:\/\/humanas.unsl.edu.ar\/index.php\/wp-json\/wp\/v2\/pages\/3129\/revisions"}],"predecessor-version":[{"id":10919,"href":"https:\/\/humanas.unsl.edu.ar\/index.php\/wp-json\/wp\/v2\/pages\/3129\/revisions\/10919"}],"up":[{"embeddable":true,"href":"https:\/\/humanas.unsl.edu.ar\/index.php\/wp-json\/wp\/v2\/pages\/1225"}],"wp:attachment":[{"href":"https:\/\/humanas.unsl.edu.ar\/index.php\/wp-json\/wp\/v2\/media?parent=3129"}],"curies":[{"name":"wp","href":"https:\/\/api.w.org\/{rel}","templated":true}]}}