{"id":3915,"date":"2022-10-17T12:33:41","date_gmt":"2022-10-17T15:33:41","guid":{"rendered":"https:\/\/humanas.unsl.edu.ar\/?page_id=3915"},"modified":"2025-08-13T20:57:32","modified_gmt":"2025-08-13T23:57:32","slug":"museo-de-la-radio-y-la-comunicacion","status":"publish","type":"page","link":"https:\/\/humanas.unsl.edu.ar\/index.php\/inicio\/institucional\/decanato\/secretarias\/extension\/museo-de-la-radio-y-la-comunicacion\/","title":{"rendered":"Museo de la Radio y la Comunicaci\u00f3n"},"content":{"rendered":"\n<div style=\"height:25px\" aria-hidden=\"true\" class=\"wp-block-spacer\"><\/div>\n\n\n\n<h6 class=\"wp-elements-4ae3dce5502fd2defb83077ab40b8c03 alignwide has-ast-global-color-3-color has-text-color has-background has-link-color\" id=\"inicio\" style=\"background-color:#fde2cb;line-height:1.5\"><a href=\"https:\/\/humanas.unsl.edu.ar\/\" data-type=\"page\" data-id=\"264\">Inicio<\/a> \/ <a href=\"https:\/\/humanas.unsl.edu.ar\/index.php\/inicio\/institucional\/decanato\/secretarias\/extension\/\" data-type=\"page\" data-id=\"1225\">Secretar\u00eda de Extensi\u00f3n<\/a> \/ Museo de la Radio y la Comunicaci\u00f3n<\/h6>\n\n\n\n<div style=\"height:25px\" aria-hidden=\"true\" class=\"wp-block-spacer\"><\/div>\n\n\n\n<div class=\"is-layout-flex wp-container-7 wp-block-columns\">\n<div class=\"is-layout-flow wp-block-column\">\n<div class=\"is-content-justification-center is-layout-flex wp-container-1 wp-block-buttons\">\n<div class=\"wp-block-button has-custom-width wp-block-button__width-100 has-custom-font-size has-small-font-size\"><a class=\"wp-block-button__link has-white-color has-luminous-vivid-orange-background-color has-text-color has-background wp-element-button\" href=\"https:\/\/humanas.unsl.edu.ar\/index.php\/institucional\/decanato\/secretarias-fch\/secretaria-de-extension\/\">Reglamentaciones<\/a><\/div>\n<\/div>\n<\/div>\n\n\n\n<div class=\"is-layout-flow wp-block-column\">\n<div class=\"is-content-justification-center is-layout-flex wp-container-3 wp-block-buttons\">\n<div class=\"wp-block-button has-custom-width wp-block-button__width-100 has-custom-font-size has-small-font-size\"><a class=\"wp-block-button__link has-white-color has-luminous-vivid-orange-background-color has-text-color has-background wp-element-button\" href=\"https:\/\/humanas.unsl.edu.ar\/index.php\/pagina-de-inicio\/consultas-y-tramites\/\">Consultas y Tr\u00e1mites<\/a><\/div>\n<\/div>\n<\/div>\n\n\n\n<div class=\"is-layout-flow wp-block-column is-vertically-aligned-top\">\n<div class=\"is-content-justification-center is-layout-flex wp-container-5 wp-block-buttons\">\n<div class=\"wp-block-button has-custom-width wp-block-button__width-100 has-custom-font-size has-small-font-size\"><a class=\"wp-block-button__link has-white-color has-luminous-vivid-orange-background-color has-text-color has-background wp-element-button\" href=\"https:\/\/humanas.unsl.edu.ar\/index.php\/ingreso\/becas\/\">Becas y Pasant\u00edas<\/a><\/div>\n<\/div>\n<\/div>\n<\/div>\n\n\n\n<div style=\"height:17px\" aria-hidden=\"true\" class=\"wp-block-spacer\"><\/div>\n\n\n\n<div class=\"is-layout-flex wp-container-12 wp-block-columns alignwide\">\n<div class=\"is-layout-flow wp-block-column\" style=\"flex-basis:66.66%\">\n<h4 class=\"has-white-color has-text-color has-background\" style=\"background-color:#ed6f03;line-height:1.5\">Museo de la Radio y la Comunicaci\u00f3n<\/h4>\n\n\n\n<blockquote class=\"wp-block-quote\">\n<p><em><strong><u>Coordinaci\u00f3n:<\/u><\/strong><br><strong>Prof. Cecilia Racca &#8211; Graduado Marcelo Ib\u00e1\u00f1ez<\/strong><\/em><\/p>\n\n\n\n<p><em>Considerando la importancia del resguardo del patrimonio de los medios de comunicaci\u00f3n tradicionales en la Provincia de San Luis, el 2 de diciembre de 2011 el Consejo Directivo de la Facultad de Ciencias Humanas (UNSL) aprob\u00f3, mediante la Ordenanza 011\/2011, la creaci\u00f3n del <strong>\u201cPrimer Museo de la Radio y la Comunicaci\u00f3n\u201d<\/strong>, dependiente de la Secretar\u00eda de Extensi\u00f3n Universitaria de la Facultad.&nbsp;<br>Esta propuesta in\u00e9dita cont\u00f3 con el aval de diferentes \u00e1reas de la Facultad, alumnos, docentes, nodocentes, graduados, y profesionales de la radio de San Luis, quienes junto a otros integrantes de la comunidad acercaron propuestas, experiencias y elementos de inter\u00e9s para la formaci\u00f3n de este espacio de la memoria y el aprendizaje.<br>Actualmente, su muestra se exhibe en el Centro Cultural Municipal \u201cJos\u00e9 La V\u00eda\u201d, patrimonio cultural arquitect\u00f3nico referente de la historia moderna de la ciudad.<br>Las actuales miradas sobre los museos plantean un \u00e1mbito de resguardo patrimonial, donde el paso del tiempo no implique la desaparici\u00f3n del acervo cultural de los pueblos, posibilitando la interrogaci\u00f3n del pasado, en b\u00fasqueda de las relaciones con los contextos actuales y el devenir hist\u00f3rico, cultural y social de los pueblos.<\/em><\/p>\n\n\n\n<p><em><strong>Objetivos:<\/strong><br>El MURAC tiene como objetivo principal la preservaci\u00f3n y documentaci\u00f3n del acervo cultural radiof\u00f3nico de la ciudad, a partir de recuperar el patrimonio tangible e intangible en relaci\u00f3n a la radio y la comunicaci\u00f3n.<br>Al ser un Museo enmarcado en la universidad p\u00fablica, junto a la finalidad de preservaci\u00f3n, impulsa acciones de formaci\u00f3n, investigaci\u00f3n y socializaci\u00f3n de conocimiento con la comunidad sobre el rico caudal hist\u00f3rico-cultural que conlleva desde hace m\u00e1s de 90 a\u00f1os la radio en Argentina y desde la d\u00e9cada del 40 en la provincia de San Luis.<\/em><\/p>\n<\/blockquote>\n\n\n\n<p class=\"has-text-align-center\" style=\"line-height:1.4\"><strong>Museo de la Radio y la Comunicaci\u00f3n<\/strong><br>Horario de visita: Lunes a viernes de 9.00 hs a 20.00 hs<br>Centro Cultural&nbsp;Municipal Jos\u00e9 La V\u00eda- (Ex Estaci\u00f3n de Tren)<br>Av. Lafinur e Illia &#8211; San Luis capital<br>E-mail: <a rel=\"noreferrer noopener\" href=\"mailto:muracfchunsl@gmail.com\" target=\"_blank\">muracfchunsl@gmail.com<\/a>  <br>Instagram: <a href=\"https:\/\/instagram.com\/muraco.unsl?igshid=OTJlNzQ0NWM=\">@muraco.unsl<\/a><\/p>\n<\/div>\n\n\n\n<div class=\"is-layout-flow wp-block-column\" style=\"flex-basis:33.33%\">\n<ul>\n<li><a href=\"https:\/\/humanas.unsl.edu.ar\/index.php\/institucional\/decanato\/secretarias-fch\/secretaria-de-extension\/proyectos-de-extension\/\" data-type=\"page\" data-id=\"3129\">Proyectos de Extensi\u00f3n<\/a><\/li>\n\n\n\n<li><a href=\"https:\/\/humanas.unsl.edu.ar\/index.php\/institucional\/decanato\/secretarias-fch\/secretaria-de-extension\/proyectos-de-extension-anteriores\/\" data-type=\"page\" data-id=\"3232\">Proyectos de Extensi\u00f3n Anteriores<\/a><\/li>\n\n\n\n<li><a href=\"https:\/\/humanas.unsl.edu.ar\/index.php\/institucional\/decanato\/secretarias-fch\/secretaria-de-extension\/informes-finales-resoluciones\/\">Informes Finales &#8211; Resoluciones<\/a><\/li>\n\n\n\n<li><a href=\"http:\/\/www.neu.unsl.edu.ar\/wp-content\/uploads\/2022\/06\/Entre-lazos-n%C2%B01.pdf\">Entre-Lazos. Revista de Extensi\u00f3n UNSL<\/a>.<\/li>\n<\/ul>\n\n\n\n<div style=\"height:48px\" aria-hidden=\"true\" class=\"wp-block-spacer\"><\/div>\n\n\n\n<p class=\"has-text-align-center\" style=\"line-height:1.4\"><strong>Secretar\u00eda de Extensi\u00f3n<br>Facultad de Ciencias Humanas<\/strong><br>Edificio Rectorado- 1\u00ba Piso. Ala &#8220;B&#8221;<br>Tel\u00e9fonos: 2664-4520300 int. 5347<br>Mail de Contacto:<br><a href=\"mailto:extensionhumanasfch@gmail.com\">extensionhumanasfch@gmail.com<\/a>  <\/p>\n\n\n\n<div style=\"height:40px\" aria-hidden=\"true\" class=\"wp-block-spacer\"><\/div>\n\n\n\n<div class=\"is-layout-flex wp-container-10 wp-block-columns\">\n<div class=\"is-layout-flow wp-block-column\">\n<figure class=\"wp-block-image aligncenter size-full is-resized\"><a href=\"https:\/\/humanas.unsl.edu.ar\/index.php\/noticias-fch\/\"><img decoding=\"async\" loading=\"lazy\" src=\"https:\/\/humanas.unsl.edu.ar\/wp-content\/uploads\/2022\/06\/1.png\" alt=\"\" class=\"wp-image-2994\" width=\"85\" height=\"85\"\/><\/a><\/figure>\n<\/div>\n<\/div>\n<\/div>\n<\/div>\n\n\n\n<div style=\"height:21px\" aria-hidden=\"true\" class=\"wp-block-spacer\"><\/div>\n\n\n\n<h4 class=\"has-white-color has-text-color has-background\" style=\"background-color:#f59e17\">Espacios de vinculaci\u00f3n con la comunidad<\/h4>\n\n\n\n<div style=\"height:20px\" aria-hidden=\"true\" class=\"wp-block-spacer\"><\/div>\n\n\n\n<div class=\"is-layout-flex wp-container-16 wp-block-columns alignwide\">\n<div class=\"is-layout-flow wp-block-column\">\n<div style=\"height:60px\" aria-hidden=\"true\" class=\"wp-block-spacer\"><\/div>\n\n\n\n<figure class=\"wp-block-image aligncenter size-full is-resized\"><a href=\"https:\/\/humanas.unsl.edu.ar\/index.php\/inicio\/institucional\/decanato\/secretarias\/extension\/centro-de-practicas-pedagogicas-socio-comunitarias\/\"><img decoding=\"async\" loading=\"lazy\" src=\"https:\/\/humanas.unsl.edu.ar\/wp-content\/uploads\/2025\/08\/5588c6_18e8f0259bd343aea44aad723fbbd336_mv2_d_2817_1992_s_2.webp\" alt=\"\" class=\"wp-image-13189\" width=\"144\" height=\"102\" srcset=\"https:\/\/humanas.unsl.edu.ar\/wp-content\/uploads\/2025\/08\/5588c6_18e8f0259bd343aea44aad723fbbd336_mv2_d_2817_1992_s_2.webp 575w, https:\/\/humanas.unsl.edu.ar\/wp-content\/uploads\/2025\/08\/5588c6_18e8f0259bd343aea44aad723fbbd336_mv2_d_2817_1992_s_2-300x212.webp 300w\" sizes=\"(max-width: 144px) 100vw, 144px\" \/><\/a><figcaption class=\"wp-element-caption\"><strong>Centro de Pr\u00e1cticas Pedag\u00f3gicas y Socio Comunitarias<\/strong><\/figcaption><\/figure>\n<\/div>\n\n\n\n<div class=\"is-layout-flow wp-block-column\">\n<div style=\"height:35px\" aria-hidden=\"true\" class=\"wp-block-spacer\"><\/div>\n\n\n\n<figure class=\"wp-block-image aligncenter size-full is-resized\"><a href=\"https:\/\/humanas.unsl.edu.ar\/index.php\/institucional\/decanato\/secretarias\/extension\/cediflij\/\"><img decoding=\"async\" loading=\"lazy\" src=\"https:\/\/humanas.unsl.edu.ar\/wp-content\/uploads\/2022\/04\/ceddiflij.webp\" alt=\"\" class=\"wp-image-2004\" width=\"168\" height=\"168\"\/><\/a><figcaption class=\"wp-element-caption\"><strong>Centro de Literatura Infantil y Juvenil<\/strong><\/figcaption><\/figure>\n<\/div>\n\n\n\n<div class=\"is-layout-flow wp-block-column\">\n<div style=\"height:35px\" aria-hidden=\"true\" class=\"wp-block-spacer\"><\/div>\n\n\n\n<figure class=\"wp-block-image aligncenter size-full\"><a href=\"https:\/\/humanas.unsl.edu.ar\/index.php\/inicio\/institucional\/decanato\/secretarias\/extension\/programa-adultos-mayores\/\"><img decoding=\"async\" loading=\"lazy\" width=\"150\" height=\"150\" src=\"https:\/\/humanas.unsl.edu.ar\/wp-content\/uploads\/2026\/02\/Logo-con-circulo-dibujado-a-mano-S-fondo-wc-150x150-1.png\" alt=\"\" class=\"wp-image-14473\"\/><\/a><figcaption class=\"wp-element-caption\"><strong>Programa <strong>Adultos Mayores (FCH &#8211; FAPSI)<\/strong><\/strong><\/figcaption><\/figure>\n<\/div>\n<\/div>\n\n\n\n<div class=\"is-layout-flex wp-container-20 wp-block-columns alignwide\">\n<div class=\"is-layout-flow wp-block-column\">\n<div style=\"height:61px\" aria-hidden=\"true\" class=\"wp-block-spacer\"><\/div>\n\n\n\n<figure class=\"wp-block-image aligncenter size-full is-resized\"><a href=\"https:\/\/humanas.unsl.edu.ar\/index.php\/institucional\/decanato\/secretarias\/extension\/ilen\/\"><img decoding=\"async\" loading=\"lazy\" src=\"https:\/\/humanas.unsl.edu.ar\/wp-content\/uploads\/2022\/07\/logo_ilen_wp.png\" alt=\"Instituto de Lenguas\" class=\"wp-image-3194\" width=\"194\" height=\"101\" srcset=\"https:\/\/humanas.unsl.edu.ar\/wp-content\/uploads\/2022\/07\/logo_ilen_wp.png 740w, https:\/\/humanas.unsl.edu.ar\/wp-content\/uploads\/2022\/07\/logo_ilen_wp-300x156.png 300w, https:\/\/humanas.unsl.edu.ar\/wp-content\/uploads\/2022\/07\/logo_ilen_wp-480x250.png 480w\" sizes=\"(max-width: 194px) 100vw, 194px\" \/><\/a><figcaption class=\"wp-element-caption\"><strong>Instituto de Lenguas<\/strong><\/figcaption><\/figure>\n<\/div>\n\n\n\n<div class=\"is-layout-flow wp-block-column\">\n<div style=\"height:35px\" aria-hidden=\"true\" class=\"wp-block-spacer\"><\/div>\n\n\n\n<figure class=\"wp-block-image aligncenter size-full\"><a href=\"https:\/\/humanas.unsl.edu.ar\/index.php\/inicio\/institucional\/decanato\/secretarias\/extension\/servicio-integral-de-la-voz\/\"><img decoding=\"async\" loading=\"lazy\" width=\"150\" height=\"150\" src=\"https:\/\/humanas.unsl.edu.ar\/wp-content\/uploads\/2025\/08\/LOGO-SI-VOZ-A-COLOR-PNG-150x150-1.png\" alt=\"\" class=\"wp-image-13191\"\/><\/a><figcaption class=\"wp-element-caption\"><strong>Servicio Integral de Voz<\/strong><\/figcaption><\/figure>\n<\/div>\n\n\n\n<div class=\"is-layout-flow wp-block-column\">\n<div style=\"height:35px\" aria-hidden=\"true\" class=\"wp-block-spacer\"><\/div>\n\n\n\n<figure class=\"wp-block-image aligncenter size-full is-resized\"><a href=\"https:\/\/humanas.unsl.edu.ar\/index.php\/institucional\/decanato\/secretarias\/extension\/museo-de-la-radio-y-la-comunicacion\/\"><img decoding=\"async\" loading=\"lazy\" src=\"https:\/\/humanas.unsl.edu.ar\/wp-content\/uploads\/2022\/08\/logo_museo.jpg\" alt=\"\" class=\"wp-image-3240\" width=\"129\" height=\"160\" srcset=\"https:\/\/humanas.unsl.edu.ar\/wp-content\/uploads\/2022\/08\/logo_museo.jpg 391w, https:\/\/humanas.unsl.edu.ar\/wp-content\/uploads\/2022\/08\/logo_museo-241x300.jpg 241w\" sizes=\"(max-width: 129px) 100vw, 129px\" \/><\/a><figcaption class=\"wp-element-caption\"><strong>Museo de la Radio y la Comunicaci\u00f3n<\/strong><\/figcaption><\/figure>\n<\/div>\n<\/div>\n\n\n\n<div style=\"height:20px\" aria-hidden=\"true\" class=\"wp-block-spacer\"><\/div>\n\n\n\n<div style=\"height:18px\" aria-hidden=\"true\" class=\"wp-block-spacer\"><\/div>\n\n\n\n<div style=\"height:21px\" aria-hidden=\"true\" class=\"wp-block-spacer\"><\/div>\n\n\n\n<div style=\"height:20px\" aria-hidden=\"true\" class=\"wp-block-spacer\"><\/div>\n\n\n\n<div class=\"wp-block-jetpack-layout-grid alignfull column1-desktop-grid__span-3 column1-desktop-grid__row-1 column2-desktop-grid__span-3 column2-desktop-grid__start-4 column2-desktop-grid__row-1 column3-desktop-grid__span-3 column3-desktop-grid__start-7 column3-desktop-grid__row-1 column4-desktop-grid__span-3 column4-desktop-grid__start-10 column4-desktop-grid__row-1 column1-tablet-grid__span-4 column1-tablet-grid__row-1 column2-tablet-grid__span-4 column2-tablet-grid__start-5 column2-tablet-grid__row-1 column3-tablet-grid__span-4 column3-tablet-grid__row-2 column4-tablet-grid__span-4 column4-tablet-grid__start-5 column4-tablet-grid__row-2 column1-mobile-grid__span-4 column1-mobile-grid__row-1 column2-mobile-grid__span-4 column2-mobile-grid__row-2 column3-mobile-grid__span-4 column3-mobile-grid__row-3 column4-mobile-grid__span-4 column4-mobile-grid__row-4 wp-block-jetpack-layout-gutter__medium\">\n<div class=\"wp-block-jetpack-layout-grid-column wp-block-jetpack-layout-grid__padding-none is-vertically-aligned-top\">\n<h6 id=\"informacion-institucional\"><strong>INFORMACI\u00d3N INSTITUCIONAL<\/strong><\/h6>\n\n\n\n<p><strong>Tel\u00e9fono:<\/strong>&nbsp;+54 (0266) 4520300<\/p>\n\n\n\n<p><strong>Direcci\u00f3n:<\/strong>&nbsp;Ej\u00e9rcito de Los Andes 950, D5700HHW.<br>San Luis, Argentina <br><strong>\u00bfC\u00f3mo llegar?<\/strong><br><a href=\"https:\/\/goo.gl\/maps\/JfpaQGqv7zH2\" target=\"_blank\" rel=\"noopener\">Ver ubicaci\u00f3n en Google Maps<\/a><\/p>\n<\/div>\n\n\n\n<div class=\"wp-block-jetpack-layout-grid-column wp-block-jetpack-layout-grid__padding-none is-vertically-aligned-top\">\n<h6 id=\"contactos-frecuentes\"><strong>CONTACTOS FRECUENTES<\/strong><\/h6>\n\n\n\n<p><strong>Consultas Acad\u00e9micas:<\/strong><br><a href=\"http:\/\/secretar\u00eda.academica.fchumanas@gmail.com\">secretar\u00eda.academica.fchumanas@gmail.com<\/a><\/p>\n\n\n\n<p><strong><span style=\"font-size: 1em; font-family: var(--font-base, 'Noto Sans', -apple-system, BlinkMacSystemFont, 'Segoe UI', 'Roboto', 'Oxygen', 'Ubuntu', 'Cantarell', 'Fira Sans', 'Droid Sans', 'Helvetica Neue', sans-serif);\">\u00c1rea de Prensa FCH:<\/span><\/strong> <br>Mail: <a href=\"mailto:prensahumanas@gmail.com\" target=\"_blank\" rel=\"noopener\">prensahumanas@gmail.com<\/a><\/p>\n<\/div>\n\n\n\n<div class=\"wp-block-jetpack-layout-grid-column wp-block-jetpack-layout-grid__padding-none is-vertically-aligned-top\">\n<h6><strong>REDES SOCIALES<\/strong><\/h6>\n\n\n\n<figure class=\"wp-block-image size-full is-resized\"><a href=\"https:\/\/www.facebook.com\/FacultaddeCienciasHumanasUNSL\"><img decoding=\"async\" loading=\"lazy\" src=\"https:\/\/humanas.unsl.edu.ar\/wp-content\/uploads\/2022\/05\/2.png\" alt=\"\" class=\"wp-image-2234\" width=\"54\" height=\"54\"\/><\/a><\/figure>\n\n\n\n<figure class=\"wp-block-image size-full is-resized\"><a href=\"https:\/\/www.instagram.com\/fchunsl\/\"><img decoding=\"async\" loading=\"lazy\" src=\"https:\/\/humanas.unsl.edu.ar\/wp-content\/uploads\/2022\/05\/3.png\" alt=\"\" class=\"wp-image-2235\" width=\"60\" height=\"60\"\/><\/a><\/figure>\n\n\n\n<figure class=\"wp-block-image size-full is-resized\"><a href=\"https:\/\/www.youtube.com\/user\/FCHumanas\/featured\"><img decoding=\"async\" loading=\"lazy\" src=\"https:\/\/humanas.unsl.edu.ar\/wp-content\/uploads\/2022\/05\/4.png\" alt=\"\" class=\"wp-image-2236\" width=\"65\" height=\"65\"\/><\/a><\/figure>\n<\/div>\n\n\n\n<div class=\"wp-block-jetpack-layout-grid-column wp-block-jetpack-layout-grid__padding-none is-vertically-aligned-top\">\n<h6 id=\"mapa-del-sitio\"><strong>MAPA DEL SITIO<\/strong><\/h6>\n\n\n\n<p class=\"has-small-font-size\"><a href=\"https:\/\/humanas.unsl.edu.ar\/index.php\/institucional\/\"><strong>INSTITUCIONAL<\/strong><\/a><\/p>\n\n\n\n<p class=\"has-small-font-size\"><a href=\"https:\/\/humanasunsl.wordpress.com\/carreras\/\"><strong>CARRERAS<\/strong><\/a><\/p>\n\n\n\n<p class=\"has-small-font-size\"><a href=\"https:\/\/humanas.unsl.edu.ar\/index.php\/ingreso\/\"><strong>INGRESO<\/strong><\/a><\/p>\n\n\n\n<p class=\"has-small-font-size\"><a href=\"https:\/\/humanas.unsl.edu.ar\/index.php\/docentes-2\/\"><strong>DOCENTES<\/strong><\/a><\/p>\n\n\n\n<p class=\"has-small-font-size\"><a href=\"https:\/\/humanas.unsl.edu.ar\/index.php\/estudiantes\/\"><strong>ESTUDIANTES<\/strong><\/a><\/p>\n\n\n\n<p class=\"has-small-font-size\"><a href=\"http:\/\/www.unsl.edu.ar\/\" target=\"_blank\" rel=\"noreferrer noopener\"><strong>UNSL<\/strong><\/a><\/p>\n\n\n\n<p class=\"has-small-font-size\"><strong><a href=\"https:\/\/humanas.unsl.edu.ar\/index.php\/noticias\/\" data-type=\"page\" data-id=\"186\">NOTICIAS<\/a><\/strong><\/p>\n<\/div>\n<\/div>\n","protected":false},"excerpt":{"rendered":"<p>Inicio \/ Secretar\u00eda de Extensi\u00f3n \/ Museo de la Radio y la Comunicaci\u00f3n Museo de la Radio y la Comunicaci\u00f3n Coordinaci\u00f3n:Prof. Cecilia Racca &#8211; Graduado Marcelo Ib\u00e1\u00f1ez Considerando la importancia del resguardo del patrimonio de los medios de comunicaci\u00f3n tradicionales en la Provincia de San Luis, el 2 de diciembre de 2011 el Consejo Directivo &hellip;<\/p>\n<p class=\"read-more\"> <a class=\"\" href=\"https:\/\/humanas.unsl.edu.ar\/index.php\/inicio\/institucional\/decanato\/secretarias\/extension\/museo-de-la-radio-y-la-comunicacion\/\"> <span class=\"screen-reader-text\">Museo de la Radio y la Comunicaci\u00f3n<\/span> Leer m\u00e1s &raquo;<\/a><\/p>\n","protected":false},"author":1,"featured_media":0,"parent":1225,"menu_order":6,"comment_status":"closed","ping_status":"closed","template":"","meta":{"site-sidebar-layout":"default","site-content-layout":"","ast-site-content-layout":"default","site-content-style":"default","site-sidebar-style":"default","ast-global-header-display":"","ast-banner-title-visibility":"","ast-main-header-display":"","ast-hfb-above-header-display":"","ast-hfb-below-header-display":"","ast-hfb-mobile-header-display":"","site-post-title":"","ast-breadcrumbs-content":"","ast-featured-img":"","footer-sml-layout":"","theme-transparent-header-meta":"","adv-header-id-meta":"","stick-header-meta":"","header-above-stick-meta":"","header-main-stick-meta":"","header-below-stick-meta":"","astra-migrate-meta-layouts":"set","ast-page-background-enabled":"default","ast-page-background-meta":{"desktop":{"background-color":"var(--ast-global-color-4)","background-image":"","background-repeat":"repeat","background-position":"center center","background-size":"auto","background-attachment":"scroll","background-type":"","background-media":"","overlay-type":"","overlay-color":"","overlay-gradient":""},"tablet":{"background-color":"","background-image":"","background-repeat":"repeat","background-position":"center center","background-size":"auto","background-attachment":"scroll","background-type":"","background-media":"","overlay-type":"","overlay-color":"","overlay-gradient":""},"mobile":{"background-color":"","background-image":"","background-repeat":"repeat","background-position":"center center","background-size":"auto","background-attachment":"scroll","background-type":"","background-media":"","overlay-type":"","overlay-color":"","overlay-gradient":""}},"ast-content-background-meta":{"desktop":{"background-color":"var(--ast-global-color-5)","background-image":"","background-repeat":"repeat","background-position":"center center","background-size":"auto","background-attachment":"scroll","background-type":"","background-media":"","overlay-type":"","overlay-color":"","overlay-gradient":""},"tablet":{"background-color":"var(--ast-global-color-5)","background-image":"","background-repeat":"repeat","background-position":"center center","background-size":"auto","background-attachment":"scroll","background-type":"","background-media":"","overlay-type":"","overlay-color":"","overlay-gradient":""},"mobile":{"background-color":"var(--ast-global-color-5)","background-image":"","background-repeat":"repeat","background-position":"center center","background-size":"auto","background-attachment":"scroll","background-type":"","background-media":"","overlay-type":"","overlay-color":"","overlay-gradient":""}}},"_links":{"self":[{"href":"https:\/\/humanas.unsl.edu.ar\/index.php\/wp-json\/wp\/v2\/pages\/3915"}],"collection":[{"href":"https:\/\/humanas.unsl.edu.ar\/index.php\/wp-json\/wp\/v2\/pages"}],"about":[{"href":"https:\/\/humanas.unsl.edu.ar\/index.php\/wp-json\/wp\/v2\/types\/page"}],"author":[{"embeddable":true,"href":"https:\/\/humanas.unsl.edu.ar\/index.php\/wp-json\/wp\/v2\/users\/1"}],"replies":[{"embeddable":true,"href":"https:\/\/humanas.unsl.edu.ar\/index.php\/wp-json\/wp\/v2\/comments?post=3915"}],"version-history":[{"count":17,"href":"https:\/\/humanas.unsl.edu.ar\/index.php\/wp-json\/wp\/v2\/pages\/3915\/revisions"}],"predecessor-version":[{"id":13195,"href":"https:\/\/humanas.unsl.edu.ar\/index.php\/wp-json\/wp\/v2\/pages\/3915\/revisions\/13195"}],"up":[{"embeddable":true,"href":"https:\/\/humanas.unsl.edu.ar\/index.php\/wp-json\/wp\/v2\/pages\/1225"}],"wp:attachment":[{"href":"https:\/\/humanas.unsl.edu.ar\/index.php\/wp-json\/wp\/v2\/media?parent=3915"}],"curies":[{"name":"wp","href":"https:\/\/api.w.org\/{rel}","templated":true}]}}