{"id":4167,"date":"2023-06-04T12:20:24","date_gmt":"2023-06-04T15:20:24","guid":{"rendered":"https:\/\/humanas.unsl.edu.ar\/?page_id=4167"},"modified":"2025-12-26T19:51:24","modified_gmt":"2025-12-26T22:51:24","slug":"noticias-fch-unsl","status":"publish","type":"page","link":"https:\/\/humanas.unsl.edu.ar\/index.php\/noticias-fch\/noticias-fch-unsl\/","title":{"rendered":"NOTICIAS FCH \/ UNSL"},"content":{"rendered":"\t\t<div data-elementor-type=\"wp-page\" data-elementor-id=\"4167\" class=\"elementor elementor-4167\">\n\t\t\t\t\t\t\t\t\t<section class=\"elementor-section elementor-top-section elementor-element elementor-element-81c9745 elementor-section-full_width elementor-section-stretched elementor-section-height-default elementor-section-height-default\" data-id=\"81c9745\" data-element_type=\"section\" data-settings=\"{&quot;stretch_section&quot;:&quot;section-stretched&quot;}\">\n\t\t\t\t\t\t<div class=\"elementor-container elementor-column-gap-no\">\n\t\t\t\t\t<div class=\"elementor-column elementor-col-50 elementor-top-column elementor-element elementor-element-f16e13d\" data-id=\"f16e13d\" data-element_type=\"column\">\n\t\t\t<div class=\"elementor-widget-wrap elementor-element-populated\">\n\t\t\t\t\t\t\t\t<section class=\"elementor-section elementor-inner-section elementor-element elementor-element-d9ff006 elementor-section-full_width elementor-section-height-default elementor-section-height-default\" data-id=\"d9ff006\" data-element_type=\"section\">\n\t\t\t\t\t\t<div class=\"elementor-container elementor-column-gap-no\">\n\t\t\t\t\t<div class=\"elementor-column elementor-col-100 elementor-inner-column elementor-element elementor-element-b1ec55e\" data-id=\"b1ec55e\" data-element_type=\"column\">\n\t\t\t<div class=\"elementor-widget-wrap\">\n\t\t\t\t\t\t\t\t\t<\/div>\n\t\t<\/div>\n\t\t\t\t\t\t\t<\/div>\n\t\t<\/section>\n\t\t\t\t<div class=\"elementor-element elementor-element-5f8e3f5 elementor-widget elementor-widget-shortcode\" data-id=\"5f8e3f5\" data-element_type=\"widget\" data-widget_type=\"shortcode.default\">\n\t\t\t\t<div class=\"elementor-widget-container\">\n\t\t\t\t\t<div class=\"elementor-shortcode\"><\/div>\n\t\t\t\t<\/div>\n\t\t\t\t<\/div>\n\t\t\t\t\t<\/div>\n\t\t<\/div>\n\t\t\t\t<div class=\"elementor-column elementor-col-50 elementor-top-column elementor-element elementor-element-7c246ec\" data-id=\"7c246ec\" data-element_type=\"column\">\n\t\t\t<div class=\"elementor-widget-wrap elementor-element-populated\">\n\t\t\t\t\t\t\t\t<div class=\"elementor-element elementor-element-6214ca7 elementor-widget elementor-widget-heading\" data-id=\"6214ca7\" data-element_type=\"widget\" data-widget_type=\"heading.default\">\n\t\t\t\t<div class=\"elementor-widget-container\">\n\t\t\t<style>\/*! elementor - v3.6.7 - 03-07-2022 *\/\n.elementor-heading-title{padding:0;margin:0;line-height:1}.elementor-widget-heading .elementor-heading-title[class*=elementor-size-]>a{color:inherit;font-size:inherit;line-height:inherit}.elementor-widget-heading .elementor-heading-title.elementor-size-small{font-size:15px}.elementor-widget-heading .elementor-heading-title.elementor-size-medium{font-size:19px}.elementor-widget-heading .elementor-heading-title.elementor-size-large{font-size:29px}.elementor-widget-heading .elementor-heading-title.elementor-size-xl{font-size:39px}.elementor-widget-heading .elementor-heading-title.elementor-size-xxl{font-size:59px}<\/style><h5 class=\"elementor-heading-title elementor-size-default\">Noticias UNSL<\/h5>\t\t<\/div>\n\t\t\t\t<\/div>\n\t\t\t\t<div class=\"elementor-element elementor-element-deef2f9 elementor-widget__width-initial elementor-widget elementor-widget-wp-widget-rss\" data-id=\"deef2f9\" data-element_type=\"widget\" data-widget_type=\"wp-widget-rss.default\">\n\t\t\t\t<div class=\"elementor-widget-container\">\n\t\t\t<h5><a class=\"rsswidget rss-widget-feed\" href=\"https:\/\/noticias.unsl.edu.ar\/\"><img decoding=\"async\" class=\"rss-widget-icon\" style=\"border:0\" width=\"14\" height=\"14\" src=\"https:\/\/humanas.unsl.edu.ar\/wp-includes\/images\/rss.png\" alt=\"RSS\" loading=\"lazy\" \/><\/a> <a class=\"rsswidget rss-widget-title\" href=\"https:\/\/noticias.unsl.edu.ar\/\">Rss<\/a><\/h5><nav aria-label=\"Rss\"><ul><li><a class='rsswidget' href='https:\/\/noticias.unsl.edu.ar\/06\/09\/2017\/nuevo-calzado-para-el-personal-de-vigilancia-de-la-universidad\/#comment-13'>Comentario en Nuevo calzado para el personal de vigilancia de la Universidad por Entregaron uniformes al personal de Servicios Generales \u2013 Secretar\u00eda de Infraestructura y Servicios<\/a><\/li><li><a class='rsswidget' href='https:\/\/noticias.unsl.edu.ar\/06\/10\/2017\/convocatoria-a-proyectos-de-extension-de-interes-social\/#comment-12'>Comentario en Convocatoria a Proyectos de Extensi\u00f3n de Inter\u00e9s Social por CONVOCATORIA PROYECTOS DE EXTENSI\u00d3N DE INTER\u00c9S SOCIAL UNSL<\/a><\/li><li><a class='rsswidget' href='https:\/\/noticias.unsl.edu.ar\/02\/10\/2017\/se-promocionaran-las-carreras-en-el-evento-unsl-siempre-cerca\/#comment-11'>Comentario en Promocionar\u00e1n las carreras en el evento \u00abUNSL Siempre Cerca\u00bb por JORNADA PROMOCION DE CARRERAS<\/a><\/li><li><a class='rsswidget' href='https:\/\/noticias.unsl.edu.ar\/06\/09\/2017\/ingreso-2018-el-15-de-septiembre-abren-las-preinscripciones-on-line\/#comment-10'>Comentario en Ingreso 2018: Abren las preinscripciones on-line por Informaci\u00f3n para ingresantes 2018!<\/a><\/li><\/ul><\/nav>\t\t<\/div>\n\t\t\t\t<\/div>\n\t\t\t\t\t<\/div>\n\t\t<\/div>\n\t\t\t\t\t\t\t<\/div>\n\t\t<\/section>\n\t\t\t\t<section class=\"elementor-section elementor-top-section elementor-element elementor-element-6d49396 elementor-section-stretched elementor-section-boxed elementor-section-height-default elementor-section-height-default\" data-id=\"6d49396\" data-element_type=\"section\" data-settings=\"{&quot;stretch_section&quot;:&quot;section-stretched&quot;}\">\n\t\t\t\t\t\t<div class=\"elementor-container elementor-column-gap-default\">\n\t\t\t\t\t<div class=\"elementor-column elementor-col-100 elementor-top-column elementor-element elementor-element-44c0097\" data-id=\"44c0097\" data-element_type=\"column\">\n\t\t\t<div class=\"elementor-widget-wrap elementor-element-populated\">\n\t\t\t\t\t\t\t\t<section class=\"elementor-section elementor-inner-section elementor-element elementor-element-1070ffb elementor-section-full_width elementor-section-height-default elementor-section-height-default\" data-id=\"1070ffb\" data-element_type=\"section\">\n\t\t\t\t\t\t<div class=\"elementor-container elementor-column-gap-no\">\n\t\t\t\t\t<div class=\"elementor-column elementor-col-100 elementor-inner-column elementor-element elementor-element-0b56067\" data-id=\"0b56067\" data-element_type=\"column\">\n\t\t\t<div class=\"elementor-widget-wrap elementor-element-populated\">\n\t\t\t\t\t\t\t\t<div class=\"elementor-element elementor-element-5c3b908 elementor-grid-3 elementor-grid-tablet-2 elementor-grid-mobile-1 elementor-posts--align-left elementor-widget elementor-widget-blogmentor_blog_posts\" data-id=\"5c3b908\" data-element_type=\"widget\" data-settings=\"{&quot;post_card_row_gap&quot;:{&quot;unit&quot;:&quot;px&quot;,&quot;size&quot;:0,&quot;sizes&quot;:[]},&quot;bm_grid_columns&quot;:&quot;3&quot;,&quot;bm_grid_columns_tablet&quot;:&quot;2&quot;,&quot;bm_grid_columns_mobile&quot;:&quot;1&quot;,&quot;post_card_grid_gap&quot;:{&quot;unit&quot;:&quot;px&quot;,&quot;size&quot;:10,&quot;sizes&quot;:[]}}\" data-widget_type=\"blogmentor_blog_posts.default\">\n\t\t\t\t<div class=\"elementor-widget-container\">\n\t\t\t\t\t\n\t\t\t\t\t\t\t\t<div class=\"bm-blog-posts-wrapper\" >\n\t\t\t\t\t\t\t<div class=\"bm-blog-posts bm-display-grid elementor-grid elementor-grid-3\" >\n\t\t\t\t    <article id=\"post-14610\" class=\"item bm_layout post-14610 post type-post status-publish format-standard has-post-thumbnail hentry category-academicas category-docente tag-docentes tag-educacion\">\n\t\t<div class=\"bm-blog-post-image entry-post-image\">\n\t\t\t<div class=\"bm-post-image clearfix bm-hover-effect bm-hover-effect-opacity\">\n\t\t\t\t<img width=\"480\" height=\"250\" src=\"https:\/\/humanas.unsl.edu.ar\/wp-content\/uploads\/2026\/04\/revalorizacion-de-los-titulos-de-la-fch-en-la-junta-de-clasificacion-docente-480x250.jpg\" class=\"attachment-bm-post-medium size-bm-post-medium wp-post-image\" alt=\"\" decoding=\"async\" loading=\"lazy\" \/>\t\t\t<\/div>\n\t\t<\/div>\n        <div class=\"bm-blog-post-content bm_content_box\">\n            <span class=\"entry-post-title bm_title\"><a href=\"https:\/\/humanas.unsl.edu.ar\/index.php\/2026\/04\/09\/la-facultad-de-ciencias-humanas-informa-la-entrada-en-vigencia-de-un-nuevo-regimen-de-valoracion-docente\/\" rel=\"bookmark\">La Facultad de Ciencias Humanas informa la entrada en vigencia de un nuevo r\u00e9gimen de valoraci\u00f3n docente<\/a><\/span>            <div class=\"bm-blog-post-meta entry-post-meta bm_meta\">\n                <span class=\"posted-on\"><i class=\"fa fa-clock\" aria-hidden=\"true\"><\/i><a href=\"https:\/\/humanas.unsl.edu.ar\/index.php\/2026\/04\/09\/la-facultad-de-ciencias-humanas-informa-la-entrada-en-vigencia-de-un-nuevo-regimen-de-valoracion-docente\/\" rel=\"bookmark\">abril 9, 2026<\/a><\/span><span class=\"cat-links\"><i class=\"fa fa-list-alt\" aria-hidden=\"true\"><\/i>\n<span class=\"screen-reader-text\">Posted in<\/span><a href=\"https:\/\/humanas.unsl.edu.ar\/index.php\/category\/academicas\/\" rel=\"category tag\">Acad\u00e9micas<\/a>, <a href=\"https:\/\/humanas.unsl.edu.ar\/index.php\/category\/docente\/\" rel=\"category tag\">Docente<\/a><\/span>            <\/div>\n            <div class=\"entry-post-content bm_content\">\n                El Decreto N\u00b0 981-ME-2026 establece una actualizaci\u00f3n integral que revaloriza los t\u00edtulos de grado y posgrado en el sistema educativo <div><a href=\"https:\/\/humanas.unsl.edu.ar\/index.php\/2026\/04\/09\/la-facultad-de-ciencias-humanas-informa-la-entrada-en-vigencia-de-un-nuevo-regimen-de-valoracion-docente\/\" rel=\"bookmark\" class=\"bm-read-more entry-read-more\">Leer mas \u00bb\u00bb<\/a><div>            <\/div>\n        <\/div>\n    <\/article>\n    <article id=\"post-14595\" class=\"item bm_layout post-14595 post type-post status-publish format-standard has-post-thumbnail hentry category-academicas category-docente category-estudiantes category-sociedad tag-carrera tag-posgrado\">\n\t\t<div class=\"bm-blog-post-image entry-post-image\">\n\t\t\t<div class=\"bm-post-image clearfix bm-hover-effect bm-hover-effect-opacity\">\n\t\t\t\t<img width=\"480\" height=\"250\" src=\"https:\/\/humanas.unsl.edu.ar\/wp-content\/uploads\/2026\/02\/afiche_autismo-740x380-1-480x250.jpg\" class=\"attachment-bm-post-medium size-bm-post-medium wp-post-image\" alt=\"\" decoding=\"async\" loading=\"lazy\" srcset=\"https:\/\/humanas.unsl.edu.ar\/wp-content\/uploads\/2026\/02\/afiche_autismo-740x380-1-480x250.jpg 480w, https:\/\/humanas.unsl.edu.ar\/wp-content\/uploads\/2026\/02\/afiche_autismo-740x380-1-300x157.jpg 300w, https:\/\/humanas.unsl.edu.ar\/wp-content\/uploads\/2026\/02\/afiche_autismo-740x380-1.jpg 734w\" sizes=\"(max-width: 480px) 100vw, 480px\" \/>\t\t\t<\/div>\n\t\t<\/div>\n        <div class=\"bm-blog-post-content bm_content_box\">\n            <span class=\"entry-post-title bm_title\"><a href=\"https:\/\/humanas.unsl.edu.ar\/index.php\/2026\/02\/26\/autismo-y-educacion-inclusiva-diplomatura\/\" rel=\"bookmark\">Autismo y Educaci\u00f3n Inclusiva. Diplomatura<\/a><\/span>            <div class=\"bm-blog-post-meta entry-post-meta bm_meta\">\n                <span class=\"posted-on\"><i class=\"fa fa-clock\" aria-hidden=\"true\"><\/i><a href=\"https:\/\/humanas.unsl.edu.ar\/index.php\/2026\/02\/26\/autismo-y-educacion-inclusiva-diplomatura\/\" rel=\"bookmark\">febrero 26, 2026<\/a><\/span><span class=\"cat-links\"><i class=\"fa fa-list-alt\" aria-hidden=\"true\"><\/i>\n<span class=\"screen-reader-text\">Posted in<\/span><a href=\"https:\/\/humanas.unsl.edu.ar\/index.php\/category\/academicas\/\" rel=\"category tag\">Acad\u00e9micas<\/a>, <a href=\"https:\/\/humanas.unsl.edu.ar\/index.php\/category\/docente\/\" rel=\"category tag\">Docente<\/a>, <a href=\"https:\/\/humanas.unsl.edu.ar\/index.php\/category\/estudiantes\/\" rel=\"category tag\">Estudiantes<\/a>, <a href=\"https:\/\/humanas.unsl.edu.ar\/index.php\/category\/sociedad\/\" rel=\"category tag\">Sociedad<\/a><\/span>            <\/div>\n            <div class=\"entry-post-content bm_content\">\n                            <\/div>\n        <\/div>\n    <\/article>\n    <article id=\"post-14590\" class=\"item bm_layout post-14590 post type-post status-publish format-standard has-post-thumbnail hentry category-academicas category-docente category-sociedad tag-carrera tag-posgrado\">\n\t\t<div class=\"bm-blog-post-image entry-post-image\">\n\t\t\t<div class=\"bm-post-image clearfix bm-hover-effect bm-hover-effect-opacity\">\n\t\t\t\t<img width=\"480\" height=\"250\" src=\"https:\/\/humanas.unsl.edu.ar\/wp-content\/uploads\/2026\/02\/banner_carreras_posgrado-740x380-1-480x250.jpg\" class=\"attachment-bm-post-medium size-bm-post-medium wp-post-image\" alt=\"\" decoding=\"async\" loading=\"lazy\" \/>\t\t\t<\/div>\n\t\t<\/div>\n        <div class=\"bm-blog-post-content bm_content_box\">\n            <span class=\"entry-post-title bm_title\"><a href=\"https:\/\/humanas.unsl.edu.ar\/index.php\/2026\/02\/26\/carreras-posgrado-fch\/\" rel=\"bookmark\">carreras posgrado FCH<\/a><\/span>            <div class=\"bm-blog-post-meta entry-post-meta bm_meta\">\n                <span class=\"posted-on\"><i class=\"fa fa-clock\" aria-hidden=\"true\"><\/i><a href=\"https:\/\/humanas.unsl.edu.ar\/index.php\/2026\/02\/26\/carreras-posgrado-fch\/\" rel=\"bookmark\">febrero 26, 2026<\/a><\/span><span class=\"cat-links\"><i class=\"fa fa-list-alt\" aria-hidden=\"true\"><\/i>\n<span class=\"screen-reader-text\">Posted in<\/span><a href=\"https:\/\/humanas.unsl.edu.ar\/index.php\/category\/academicas\/\" rel=\"category tag\">Acad\u00e9micas<\/a>, <a href=\"https:\/\/humanas.unsl.edu.ar\/index.php\/category\/docente\/\" rel=\"category tag\">Docente<\/a>, <a href=\"https:\/\/humanas.unsl.edu.ar\/index.php\/category\/sociedad\/\" rel=\"category tag\">Sociedad<\/a><\/span>            <\/div>\n            <div class=\"entry-post-content bm_content\">\n                            <\/div>\n        <\/div>\n    <\/article>\n    <article id=\"post-14586\" class=\"item bm_layout post-14586 post type-post status-publish format-standard has-post-thumbnail hentry category-academicas category-curso-posgrado category-institucional category-sociedad tag-posgrado\">\n\t\t<div class=\"bm-blog-post-image entry-post-image\">\n\t\t\t<div class=\"bm-post-image clearfix bm-hover-effect bm-hover-effect-opacity\">\n\t\t\t\t<img width=\"480\" height=\"250\" src=\"https:\/\/humanas.unsl.edu.ar\/wp-content\/uploads\/2026\/02\/afiche_curso_posgrado-740x380-1-480x250.jpg\" class=\"attachment-bm-post-medium size-bm-post-medium wp-post-image\" alt=\"\" decoding=\"async\" loading=\"lazy\" \/>\t\t\t<\/div>\n\t\t<\/div>\n        <div class=\"bm-blog-post-content bm_content_box\">\n            <span class=\"entry-post-title bm_title\"><a href=\"https:\/\/humanas.unsl.edu.ar\/index.php\/2026\/02\/26\/14586\/\" rel=\"bookmark\">Teor\u00eda Social Cl\u00e1sica- Seveso.<\/a><\/span>            <div class=\"bm-blog-post-meta entry-post-meta bm_meta\">\n                <span class=\"posted-on\"><i class=\"fa fa-clock\" aria-hidden=\"true\"><\/i><a href=\"https:\/\/humanas.unsl.edu.ar\/index.php\/2026\/02\/26\/14586\/\" rel=\"bookmark\">febrero 26, 2026<\/a><\/span><span class=\"cat-links\"><i class=\"fa fa-list-alt\" aria-hidden=\"true\"><\/i>\n<span class=\"screen-reader-text\">Posted in<\/span><a href=\"https:\/\/humanas.unsl.edu.ar\/index.php\/category\/academicas\/\" rel=\"category tag\">Acad\u00e9micas<\/a>, <a href=\"https:\/\/humanas.unsl.edu.ar\/index.php\/category\/academicas\/curso-posgrado\/\" rel=\"category tag\">Cursos Posgrado<\/a>, <a href=\"https:\/\/humanas.unsl.edu.ar\/index.php\/category\/institucional\/\" rel=\"category tag\">Institucional<\/a>, <a href=\"https:\/\/humanas.unsl.edu.ar\/index.php\/category\/sociedad\/\" rel=\"category tag\">Sociedad<\/a><\/span>            <\/div>\n            <div class=\"entry-post-content bm_content\">\n                            <\/div>\n        <\/div>\n    <\/article>\n    <article id=\"post-14583\" class=\"item bm_layout post-14583 post type-post status-publish format-standard has-post-thumbnail hentry category-academicas category-estudiantes category-institucional category-sociedad tag-carrera tag-posgrado\">\n\t\t<div class=\"bm-blog-post-image entry-post-image\">\n\t\t\t<div class=\"bm-post-image clearfix bm-hover-effect bm-hover-effect-opacity\">\n\t\t\t\t<img width=\"480\" height=\"250\" src=\"https:\/\/humanas.unsl.edu.ar\/wp-content\/uploads\/2026\/02\/afiche_carrera_epgee-740x380-1-480x250.jpg\" class=\"attachment-bm-post-medium size-bm-post-medium wp-post-image\" alt=\"\" decoding=\"async\" loading=\"lazy\" \/>\t\t\t<\/div>\n\t\t<\/div>\n        <div class=\"bm-blog-post-content bm_content_box\">\n            <span class=\"entry-post-title bm_title\"><a href=\"https:\/\/humanas.unsl.edu.ar\/index.php\/2026\/02\/26\/carrera-de-posgrado\/\" rel=\"bookmark\">carrera de posgrado<\/a><\/span>            <div class=\"bm-blog-post-meta entry-post-meta bm_meta\">\n                <span class=\"posted-on\"><i class=\"fa fa-clock\" aria-hidden=\"true\"><\/i><a href=\"https:\/\/humanas.unsl.edu.ar\/index.php\/2026\/02\/26\/carrera-de-posgrado\/\" rel=\"bookmark\">febrero 26, 2026<\/a><\/span><span class=\"cat-links\"><i class=\"fa fa-list-alt\" aria-hidden=\"true\"><\/i>\n<span class=\"screen-reader-text\">Posted in<\/span><a href=\"https:\/\/humanas.unsl.edu.ar\/index.php\/category\/academicas\/\" rel=\"category tag\">Acad\u00e9micas<\/a>, <a href=\"https:\/\/humanas.unsl.edu.ar\/index.php\/category\/estudiantes\/\" rel=\"category tag\">Estudiantes<\/a>, <a href=\"https:\/\/humanas.unsl.edu.ar\/index.php\/category\/institucional\/\" rel=\"category tag\">Institucional<\/a>, <a href=\"https:\/\/humanas.unsl.edu.ar\/index.php\/category\/sociedad\/\" rel=\"category tag\">Sociedad<\/a><\/span>            <\/div>\n            <div class=\"entry-post-content bm_content\">\n                            <\/div>\n        <\/div>\n    <\/article>\n    <article id=\"post-14580\" class=\"item bm_layout post-14580 post type-post status-publish format-standard has-post-thumbnail hentry category-institucional category-sociedad tag-proyectos\">\n\t\t<div class=\"bm-blog-post-image entry-post-image\">\n\t\t\t<div class=\"bm-post-image clearfix bm-hover-effect bm-hover-effect-opacity\">\n\t\t\t\t<img width=\"480\" height=\"250\" src=\"https:\/\/humanas.unsl.edu.ar\/wp-content\/uploads\/2026\/02\/banner_proyectos_extension-740x380-1-480x250.jpg\" class=\"attachment-bm-post-medium size-bm-post-medium wp-post-image\" alt=\"\" decoding=\"async\" loading=\"lazy\" \/>\t\t\t<\/div>\n\t\t<\/div>\n        <div class=\"bm-blog-post-content bm_content_box\">\n            <span class=\"entry-post-title bm_title\"><a href=\"https:\/\/humanas.unsl.edu.ar\/index.php\/2026\/02\/26\/proyectos-de-extension-de-interes-social\/\" rel=\"bookmark\">Proyectos de Extensi\u00f3n de inter\u00e9s social<\/a><\/span>            <div class=\"bm-blog-post-meta entry-post-meta bm_meta\">\n                <span class=\"posted-on\"><i class=\"fa fa-clock\" aria-hidden=\"true\"><\/i><a href=\"https:\/\/humanas.unsl.edu.ar\/index.php\/2026\/02\/26\/proyectos-de-extension-de-interes-social\/\" rel=\"bookmark\">febrero 26, 2026<\/a><\/span><span class=\"cat-links\"><i class=\"fa fa-list-alt\" aria-hidden=\"true\"><\/i>\n<span class=\"screen-reader-text\">Posted in<\/span><a href=\"https:\/\/humanas.unsl.edu.ar\/index.php\/category\/institucional\/\" rel=\"category tag\">Institucional<\/a>, <a href=\"https:\/\/humanas.unsl.edu.ar\/index.php\/category\/sociedad\/\" rel=\"category tag\">Sociedad<\/a><\/span>            <\/div>\n            <div class=\"entry-post-content bm_content\">\n                            <\/div>\n        <\/div>\n    <\/article>\n\t\t\t\t<\/div><\/div>\n\t\t\t\t\t\t\t<div class=\"bm-pagination pagination_style_1\">\n\t\t\t\t<span aria-current=\"page\" class=\"page-numbers current\">1<\/span>\n<a class=\"page-numbers\" href=\"https:\/\/humanas.unsl.edu.ar\/index.php\/wp-json\/wp\/v2\/pages\/4167\/page\/2\/\">2<\/a>\n<span class=\"page-numbers dots\">&hellip;<\/span>\n<a class=\"page-numbers\" href=\"https:\/\/humanas.unsl.edu.ar\/index.php\/wp-json\/wp\/v2\/pages\/4167\/page\/112\/\">112<\/a>\n<a class=\"page-numbers\" href=\"https:\/\/humanas.unsl.edu.ar\/index.php\/wp-json\/wp\/v2\/pages\/4167\/page\/113\/\">113<\/a>\n<a class=\"next page-numbers\" href=\"https:\/\/humanas.unsl.edu.ar\/index.php\/wp-json\/wp\/v2\/pages\/4167\/page\/2\/\"> <i><\/i><\/a>\t\t\t<\/div>\n\t\t\t\t<\/div>\n\t\t\t\t<\/div>\n\t\t\t\t\t<\/div>\n\t\t<\/div>\n\t\t\t\t\t\t\t<\/div>\n\t\t<\/section>\n\t\t\t\t\t<\/div>\n\t\t<\/div>\n\t\t\t\t\t\t\t<\/div>\n\t\t<\/section>\n\t\t\t\t\t\t\t<\/div>\n\t\t","protected":false},"excerpt":{"rendered":"<p>Noticias UNSL concurso-director\/a-iifch diciembre 22, 2025 Posted inCiencia, Institucional CONCURSO P\u00daBLICO Y ABIERTO PARA EL CARGO DE DIRECTOR\/A DEL IICHS-UNSL.\u00a0La Facultad de Ciencias Humanas de la Universidad Nacional de Leer mas \u00bb\u00bb consejo-directivo-17\/12 diciembre 17, 2025 Posted inInstitucional, Sociedad CONSEJO DIRECTIVO FACULTAD DE CIENCIAS HUMANASORDEN DEL D\u00cdA SESI\u00d3N ORDINARIA mi\u00e9rcoles 17 de diciembre. 9hsI.- Informe &hellip;<\/p>\n<p class=\"read-more\"> <a class=\"\" href=\"https:\/\/humanas.unsl.edu.ar\/index.php\/2026\/02\/26\/proyectos-de-extension-de-interes-social\/\"> <span class=\"screen-reader-text\">Proyectos de Extensi\u00f3n de inter\u00e9s social<\/span> Leer m\u00e1s &raquo;<\/a><\/p>\n","protected":false},"author":1,"featured_media":0,"parent":2348,"menu_order":3,"comment_status":"closed","ping_status":"closed","template":"","meta":{"site-sidebar-layout":"no-sidebar","site-content-layout":"page-builder","ast-site-content-layout":"full-width-container","site-content-style":"unboxed","site-sidebar-style":"unboxed","ast-global-header-display":"","ast-banner-title-visibility":"","ast-main-header-display":"","ast-hfb-above-header-display":"","ast-hfb-below-header-display":"","ast-hfb-mobile-header-display":"","site-post-title":"disabled","ast-breadcrumbs-content":"","ast-featured-img":"","footer-sml-layout":"","theme-transparent-header-meta":"","adv-header-id-meta":"","stick-header-meta":"","header-above-stick-meta":"","header-main-stick-meta":"","header-below-stick-meta":"","astra-migrate-meta-layouts":"set","ast-page-background-enabled":"default","ast-page-background-meta":{"desktop":{"background-color":"var(--ast-global-color-4)","background-image":"","background-repeat":"repeat","background-position":"center center","background-size":"auto","background-attachment":"scroll","background-type":"","background-media":"","overlay-type":"","overlay-color":"","overlay-gradient":""},"tablet":{"background-color":"","background-image":"","background-repeat":"repeat","background-position":"center center","background-size":"auto","background-attachment":"scroll","background-type":"","background-media":"","overlay-type":"","overlay-color":"","overlay-gradient":""},"mobile":{"background-color":"","background-image":"","background-repeat":"repeat","background-position":"center center","background-size":"auto","background-attachment":"scroll","background-type":"","background-media":"","overlay-type":"","overlay-color":"","overlay-gradient":""}},"ast-content-background-meta":{"desktop":{"background-color":"var(--ast-global-color-5)","background-image":"","background-repeat":"repeat","background-position":"center center","background-size":"auto","background-attachment":"scroll","background-type":"","background-media":"","overlay-type":"","overlay-color":"","overlay-gradient":""},"tablet":{"background-color":"var(--ast-global-color-5)","background-image":"","background-repeat":"repeat","background-position":"center center","background-size":"auto","background-attachment":"scroll","background-type":"","background-media":"","overlay-type":"","overlay-color":"","overlay-gradient":""},"mobile":{"background-color":"var(--ast-global-color-5)","background-image":"","background-repeat":"repeat","background-position":"center center","background-size":"auto","background-attachment":"scroll","background-type":"","background-media":"","overlay-type":"","overlay-color":"","overlay-gradient":""}}},"_links":{"self":[{"href":"https:\/\/humanas.unsl.edu.ar\/index.php\/wp-json\/wp\/v2\/pages\/4167"}],"collection":[{"href":"https:\/\/humanas.unsl.edu.ar\/index.php\/wp-json\/wp\/v2\/pages"}],"about":[{"href":"https:\/\/humanas.unsl.edu.ar\/index.php\/wp-json\/wp\/v2\/types\/page"}],"author":[{"embeddable":true,"href":"https:\/\/humanas.unsl.edu.ar\/index.php\/wp-json\/wp\/v2\/users\/1"}],"replies":[{"embeddable":true,"href":"https:\/\/humanas.unsl.edu.ar\/index.php\/wp-json\/wp\/v2\/comments?post=4167"}],"version-history":[{"count":14,"href":"https:\/\/humanas.unsl.edu.ar\/index.php\/wp-json\/wp\/v2\/pages\/4167\/revisions"}],"predecessor-version":[{"id":14424,"href":"https:\/\/humanas.unsl.edu.ar\/index.php\/wp-json\/wp\/v2\/pages\/4167\/revisions\/14424"}],"up":[{"embeddable":true,"href":"https:\/\/humanas.unsl.edu.ar\/index.php\/wp-json\/wp\/v2\/pages\/2348"}],"wp:attachment":[{"href":"https:\/\/humanas.unsl.edu.ar\/index.php\/wp-json\/wp\/v2\/media?parent=4167"}],"curies":[{"name":"wp","href":"https:\/\/api.w.org\/{rel}","templated":true}]}}