{"id":4372,"date":"2022-11-07T23:37:19","date_gmt":"2022-11-08T02:37:19","guid":{"rendered":"https:\/\/humanas.unsl.edu.ar\/?page_id=4372"},"modified":"2023-11-21T08:06:58","modified_gmt":"2023-11-21T11:06:58","slug":"cursos-posgrado","status":"publish","type":"page","link":"https:\/\/humanas.unsl.edu.ar\/index.php\/inicio\/institucional\/decanato\/secretarias\/posgrado\/cursos-posgrado\/","title":{"rendered":"Cursos de Posgrado"},"content":{"rendered":"\t\t<div data-elementor-type=\"wp-page\" data-elementor-id=\"4372\" class=\"elementor elementor-4372\">\n\t\t\t\t\t\t\t\t\t<section class=\"elementor-section elementor-top-section elementor-element elementor-element-33f0625a elementor-section-boxed elementor-section-height-default elementor-section-height-default\" data-id=\"33f0625a\" data-element_type=\"section\">\n\t\t\t\t\t\t<div class=\"elementor-container elementor-column-gap-default\">\n\t\t\t\t\t<div class=\"elementor-column elementor-col-100 elementor-top-column elementor-element elementor-element-7107c34e\" data-id=\"7107c34e\" data-element_type=\"column\">\n\t\t\t<div class=\"elementor-widget-wrap elementor-element-populated\">\n\t\t\t\t\t\t\t\t<div class=\"elementor-element elementor-element-1437179e elementor-widget elementor-widget-text-editor\" data-id=\"1437179e\" data-element_type=\"widget\" data-widget_type=\"text-editor.default\">\n\t\t\t\t<div class=\"elementor-widget-container\">\n\t\t\t<style>\/*! elementor - v3.6.7 - 03-07-2022 *\/\n.elementor-widget-text-editor.elementor-drop-cap-view-stacked .elementor-drop-cap{background-color:#818a91;color:#fff}.elementor-widget-text-editor.elementor-drop-cap-view-framed .elementor-drop-cap{color:#818a91;border:3px solid;background-color:transparent}.elementor-widget-text-editor:not(.elementor-drop-cap-view-default) .elementor-drop-cap{margin-top:8px}.elementor-widget-text-editor:not(.elementor-drop-cap-view-default) .elementor-drop-cap-letter{width:1em;height:1em}.elementor-widget-text-editor .elementor-drop-cap{float:left;text-align:center;line-height:1;font-size:50px}.elementor-widget-text-editor .elementor-drop-cap-letter{display:inline-block}<\/style>\t\t\t\t<p><!-- wp:preformatted {\"backgroundColor\":\"luminous-vivid-orange\"} --><\/p>\n<h1><em>CURSOS DE POSGRADO<\/em><\/h1>\n<p><!-- \/wp:preformatted --><\/p>\t\t\t\t\t\t<\/div>\n\t\t\t\t<\/div>\n\t\t\t\t\t<\/div>\n\t\t<\/div>\n\t\t\t\t\t\t\t<\/div>\n\t\t<\/section>\n\t\t\t\t<section class=\"elementor-section elementor-top-section elementor-element elementor-element-c4725f5 elementor-section-boxed elementor-section-height-default elementor-section-height-default\" data-id=\"c4725f5\" data-element_type=\"section\">\n\t\t\t\t\t\t<div class=\"elementor-container elementor-column-gap-extended\">\n\t\t\t\t\t<div class=\"elementor-column elementor-col-100 elementor-top-column elementor-element elementor-element-381d9b0\" data-id=\"381d9b0\" data-element_type=\"column\">\n\t\t\t<div class=\"elementor-widget-wrap elementor-element-populated\">\n\t\t\t\t\t\t\t\t<div class=\"elementor-element elementor-element-cb22cf2 elementor-grid-3 elementor-grid-tablet-2 elementor-grid-mobile-1 elementor-posts--thumbnail-top elementor-posts--show-avatar elementor-card-shadow-yes elementor-posts__hover-gradient elementor-widget elementor-widget-posts\" data-id=\"cb22cf2\" data-element_type=\"widget\" data-settings=\"{&quot;pagination_type&quot;:&quot;prev_next&quot;,&quot;cards_columns&quot;:&quot;3&quot;,&quot;cards_columns_tablet&quot;:&quot;2&quot;,&quot;cards_columns_mobile&quot;:&quot;1&quot;,&quot;cards_row_gap&quot;:{&quot;unit&quot;:&quot;px&quot;,&quot;size&quot;:35,&quot;sizes&quot;:[]},&quot;cards_row_gap_tablet&quot;:{&quot;unit&quot;:&quot;px&quot;,&quot;size&quot;:&quot;&quot;,&quot;sizes&quot;:[]},&quot;cards_row_gap_mobile&quot;:{&quot;unit&quot;:&quot;px&quot;,&quot;size&quot;:&quot;&quot;,&quot;sizes&quot;:[]}}\" data-widget_type=\"posts.cards\">\n\t\t\t\t<div class=\"elementor-widget-container\">\n\t\t\t<link rel=\"stylesheet\" href=\"https:\/\/humavz.unsl.edu.ar\/sitio\/wp-content\/plugins\/elementor-pro\/assets\/css\/widget-posts.min.css\">\t\t<div class=\"elementor-posts-container elementor-posts elementor-posts--skin-cards elementor-grid\">\n\t\t\t\t<article class=\"elementor-post elementor-grid-item post-14586 post type-post status-publish format-standard has-post-thumbnail hentry category-academicas category-curso-posgrado category-institucional category-sociedad tag-posgrado\">\n\t\t\t<div class=\"elementor-post__card\">\n\t\t\t\t<a class=\"elementor-post__thumbnail__link\" href=\"https:\/\/humanas.unsl.edu.ar\/index.php\/2026\/02\/26\/14586\/\" ><div class=\"elementor-post__thumbnail\"><img width=\"300\" height=\"186\" src=\"https:\/\/humanas.unsl.edu.ar\/wp-content\/uploads\/2026\/02\/afiche_curso_posgrado-740x380-1-300x186.jpg\" class=\"attachment-medium size-medium\" alt=\"\" decoding=\"async\" loading=\"lazy\" srcset=\"https:\/\/humanas.unsl.edu.ar\/wp-content\/uploads\/2026\/02\/afiche_curso_posgrado-740x380-1-300x186.jpg 300w, https:\/\/humanas.unsl.edu.ar\/wp-content\/uploads\/2026\/02\/afiche_curso_posgrado-740x380-1.jpg 619w\" sizes=\"(max-width: 300px) 100vw, 300px\" \/><\/div><\/a>\n\t\t\t\t<div class=\"elementor-post__badge\">Acad\u00e9micas<\/div>\n\t\t\t\t<div class=\"elementor-post__avatar\">\n\t\t\t<img alt='Administrador' src='https:\/\/secure.gravatar.com\/avatar\/a44ce8737cd828752d59fae5b367103c?s=128&#038;d=mm&#038;r=g' srcset='https:\/\/secure.gravatar.com\/avatar\/a44ce8737cd828752d59fae5b367103c?s=256&#038;d=mm&#038;r=g 2x' class='avatar avatar-128 photo' height='128' width='128' loading='lazy' decoding='async'\/>\t\t<\/div>\n\t\t\t\t<div class=\"elementor-post__text\">\n\t\t\t\t<h3 class=\"elementor-post__title\">\n\t\t\t<a href=\"https:\/\/humanas.unsl.edu.ar\/index.php\/2026\/02\/26\/14586\/\" >\n\t\t\t\tTeor\u00eda Social Cl\u00e1sica- Seveso.\t\t\t<\/a>\n\t\t<\/h3>\n\t\t\t\t<div class=\"elementor-post__excerpt\">\n\t\t\t\t\t<\/div>\n\t\t\n\t\t<a class=\"elementor-post__read-more\" href=\"https:\/\/humanas.unsl.edu.ar\/index.php\/2026\/02\/26\/14586\/\" >\n\t\t\tRead More \u00bb\t\t<\/a>\n\n\t\t\t\t<\/div>\n\t\t\t\t<div class=\"elementor-post__meta-data\">\n\t\t\t\t\t<span class=\"elementor-post-date\">\n\t\t\t26 febrero, 2026\t\t<\/span>\n\t\t\t\t<span class=\"elementor-post-avatar\">\n\t\t\tNo hay comentarios\t\t<\/span>\n\t\t\t\t<\/div>\n\t\t\t\t\t<\/div>\n\t\t<\/article>\n\t\t\t\t<article class=\"elementor-post elementor-grid-item post-13625 post type-post status-publish format-standard has-post-thumbnail hentry category-agenda category-curso-posgrado tag-posgrado\">\n\t\t\t<div class=\"elementor-post__card\">\n\t\t\t\t<a class=\"elementor-post__thumbnail__link\" href=\"https:\/\/humanas.unsl.edu.ar\/index.php\/2025\/10\/01\/curso-posgrado-4\/\" ><div class=\"elementor-post__thumbnail\"><img width=\"300\" height=\"154\" src=\"https:\/\/humanas.unsl.edu.ar\/wp-content\/uploads\/2025\/10\/curso_posgrado_etica-740x380-1-300x154.jpeg\" class=\"attachment-medium size-medium\" alt=\"\" decoding=\"async\" loading=\"lazy\" srcset=\"https:\/\/humanas.unsl.edu.ar\/wp-content\/uploads\/2025\/10\/curso_posgrado_etica-740x380-1-300x154.jpeg 300w, https:\/\/humanas.unsl.edu.ar\/wp-content\/uploads\/2025\/10\/curso_posgrado_etica-740x380-1.jpeg 749w\" sizes=\"(max-width: 300px) 100vw, 300px\" \/><\/div><\/a>\n\t\t\t\t<div class=\"elementor-post__badge\">Agenda<\/div>\n\t\t\t\t<div class=\"elementor-post__avatar\">\n\t\t\t<img alt='Administrador' src='https:\/\/secure.gravatar.com\/avatar\/a44ce8737cd828752d59fae5b367103c?s=128&#038;d=mm&#038;r=g' srcset='https:\/\/secure.gravatar.com\/avatar\/a44ce8737cd828752d59fae5b367103c?s=256&#038;d=mm&#038;r=g 2x' class='avatar avatar-128 photo' height='128' width='128' loading='lazy' decoding='async'\/>\t\t<\/div>\n\t\t\t\t<div class=\"elementor-post__text\">\n\t\t\t\t<h3 class=\"elementor-post__title\">\n\t\t\t<a href=\"https:\/\/humanas.unsl.edu.ar\/index.php\/2025\/10\/01\/curso-posgrado-4\/\" >\n\t\t\t\tCurso Posgrado\t\t\t<\/a>\n\t\t<\/h3>\n\t\t\t\t<div class=\"elementor-post__excerpt\">\n\t\t\t<p>Curso de Posgrado \u00c9TICA DEL CUIDADO: PERSPECTIVAS SOBRE FORMACI\u00d3N Y SUBJETIVACI\u00d3N Fecha de comienzo: 9\/10\/25 Duraci\u00f3n: 40 hs El curso aborda la \u00e9tica del cuidado<\/p>\n\t\t<\/div>\n\t\t\n\t\t<a class=\"elementor-post__read-more\" href=\"https:\/\/humanas.unsl.edu.ar\/index.php\/2025\/10\/01\/curso-posgrado-4\/\" >\n\t\t\tRead More \u00bb\t\t<\/a>\n\n\t\t\t\t<\/div>\n\t\t\t\t<div class=\"elementor-post__meta-data\">\n\t\t\t\t\t<span class=\"elementor-post-date\">\n\t\t\t1 octubre, 2025\t\t<\/span>\n\t\t\t\t<span class=\"elementor-post-avatar\">\n\t\t\tNo hay comentarios\t\t<\/span>\n\t\t\t\t<\/div>\n\t\t\t\t\t<\/div>\n\t\t<\/article>\n\t\t\t\t<article class=\"elementor-post elementor-grid-item post-13419 post type-post status-publish format-standard has-post-thumbnail hentry category-agenda category-curso-posgrado tag-posgrado\">\n\t\t\t<div class=\"elementor-post__card\">\n\t\t\t\t<a class=\"elementor-post__thumbnail__link\" href=\"https:\/\/humanas.unsl.edu.ar\/index.php\/2025\/09\/10\/propuesta-cursos-de-posgrado\/\" ><div class=\"elementor-post__thumbnail\"><img width=\"300\" height=\"157\" src=\"https:\/\/humanas.unsl.edu.ar\/wp-content\/uploads\/2024\/10\/logo_curso_posgrado-740x380_nuevo-300x157.png\" class=\"attachment-medium size-medium\" alt=\"\" decoding=\"async\" loading=\"lazy\" srcset=\"https:\/\/humanas.unsl.edu.ar\/wp-content\/uploads\/2024\/10\/logo_curso_posgrado-740x380_nuevo-300x157.png 300w, https:\/\/humanas.unsl.edu.ar\/wp-content\/uploads\/2024\/10\/logo_curso_posgrado-740x380_nuevo-1024x536.png 1024w, https:\/\/humanas.unsl.edu.ar\/wp-content\/uploads\/2024\/10\/logo_curso_posgrado-740x380_nuevo-768x402.png 768w, https:\/\/humanas.unsl.edu.ar\/wp-content\/uploads\/2024\/10\/logo_curso_posgrado-740x380_nuevo-480x250.png 480w, https:\/\/humanas.unsl.edu.ar\/wp-content\/uploads\/2024\/10\/logo_curso_posgrado-740x380_nuevo.png 1080w\" sizes=\"(max-width: 300px) 100vw, 300px\" \/><\/div><\/a>\n\t\t\t\t<div class=\"elementor-post__badge\">Agenda<\/div>\n\t\t\t\t<div class=\"elementor-post__avatar\">\n\t\t\t<img alt='Administrador' src='https:\/\/secure.gravatar.com\/avatar\/a44ce8737cd828752d59fae5b367103c?s=128&#038;d=mm&#038;r=g' srcset='https:\/\/secure.gravatar.com\/avatar\/a44ce8737cd828752d59fae5b367103c?s=256&#038;d=mm&#038;r=g 2x' class='avatar avatar-128 photo' height='128' width='128' loading='lazy' decoding='async'\/>\t\t<\/div>\n\t\t\t\t<div class=\"elementor-post__text\">\n\t\t\t\t<h3 class=\"elementor-post__title\">\n\t\t\t<a href=\"https:\/\/humanas.unsl.edu.ar\/index.php\/2025\/09\/10\/propuesta-cursos-de-posgrado\/\" >\n\t\t\t\tPropuesta Cursos de Posgrado\t\t\t<\/a>\n\t\t<\/h3>\n\t\t\t\t<div class=\"elementor-post__excerpt\">\n\t\t\t<p>PROPUESTAS DE CURSOS DE POSGRADOFACULTAD DE CIENCIAS HUMANAS &#8211; UNSL(Setiembre- octubre 2025)<\/p>\n\t\t<\/div>\n\t\t\n\t\t<a class=\"elementor-post__read-more\" href=\"https:\/\/humanas.unsl.edu.ar\/index.php\/2025\/09\/10\/propuesta-cursos-de-posgrado\/\" >\n\t\t\tRead More \u00bb\t\t<\/a>\n\n\t\t\t\t<\/div>\n\t\t\t\t<div class=\"elementor-post__meta-data\">\n\t\t\t\t\t<span class=\"elementor-post-date\">\n\t\t\t10 septiembre, 2025\t\t<\/span>\n\t\t\t\t<span class=\"elementor-post-avatar\">\n\t\t\tNo hay comentarios\t\t<\/span>\n\t\t\t\t<\/div>\n\t\t\t\t\t<\/div>\n\t\t<\/article>\n\t\t\t\t<article class=\"elementor-post elementor-grid-item post-13398 post type-post status-publish format-standard has-post-thumbnail hentry category-agenda category-curso-posgrado tag-investigacion tag-posgrado\">\n\t\t\t<div class=\"elementor-post__card\">\n\t\t\t\t<a class=\"elementor-post__thumbnail__link\" href=\"https:\/\/humanas.unsl.edu.ar\/index.php\/2025\/09\/02\/curso-de-posgrado-12\/\" ><div class=\"elementor-post__thumbnail\"><img width=\"300\" height=\"159\" src=\"https:\/\/humanas.unsl.edu.ar\/wp-content\/uploads\/2025\/09\/afiche_posgrdo_investigacion_comunicacion-740x380-1-300x159.jpeg\" class=\"attachment-medium size-medium\" alt=\"\" decoding=\"async\" loading=\"lazy\" srcset=\"https:\/\/humanas.unsl.edu.ar\/wp-content\/uploads\/2025\/09\/afiche_posgrdo_investigacion_comunicacion-740x380-1-300x159.jpeg 300w, https:\/\/humanas.unsl.edu.ar\/wp-content\/uploads\/2025\/09\/afiche_posgrdo_investigacion_comunicacion-740x380-1.jpeg 734w\" sizes=\"(max-width: 300px) 100vw, 300px\" \/><\/div><\/a>\n\t\t\t\t<div class=\"elementor-post__badge\">Agenda<\/div>\n\t\t\t\t<div class=\"elementor-post__avatar\">\n\t\t\t<img alt='Administrador' src='https:\/\/secure.gravatar.com\/avatar\/a44ce8737cd828752d59fae5b367103c?s=128&#038;d=mm&#038;r=g' srcset='https:\/\/secure.gravatar.com\/avatar\/a44ce8737cd828752d59fae5b367103c?s=256&#038;d=mm&#038;r=g 2x' class='avatar avatar-128 photo' height='128' width='128' loading='lazy' decoding='async'\/>\t\t<\/div>\n\t\t\t\t<div class=\"elementor-post__text\">\n\t\t\t\t<h3 class=\"elementor-post__title\">\n\t\t\t<a href=\"https:\/\/humanas.unsl.edu.ar\/index.php\/2025\/09\/02\/curso-de-posgrado-12\/\" >\n\t\t\t\tcurso de posgrado\t\t\t<\/a>\n\t\t<\/h3>\n\t\t\t\t<div class=\"elementor-post__excerpt\">\n\t\t\t<p>Curso de Posgrado \u201cInvestigaci\u00f3n en Comunicaci\u00f3n. Trayectorias y tendencias de un campo con aplicaciones acad\u00e9micas y profesionalizantes\u201d A cargo de la Dra. Claudia Kenbel (UNRC).<\/p>\n\t\t<\/div>\n\t\t\n\t\t<a class=\"elementor-post__read-more\" href=\"https:\/\/humanas.unsl.edu.ar\/index.php\/2025\/09\/02\/curso-de-posgrado-12\/\" >\n\t\t\tRead More \u00bb\t\t<\/a>\n\n\t\t\t\t<\/div>\n\t\t\t\t<div class=\"elementor-post__meta-data\">\n\t\t\t\t\t<span class=\"elementor-post-date\">\n\t\t\t2 septiembre, 2025\t\t<\/span>\n\t\t\t\t<span class=\"elementor-post-avatar\">\n\t\t\tNo hay comentarios\t\t<\/span>\n\t\t\t\t<\/div>\n\t\t\t\t\t<\/div>\n\t\t<\/article>\n\t\t\t\t<article class=\"elementor-post elementor-grid-item post-13395 post type-post status-publish format-standard has-post-thumbnail hentry category-agenda category-curso-posgrado tag-docentes tag-posgrado\">\n\t\t\t<div class=\"elementor-post__card\">\n\t\t\t\t<a class=\"elementor-post__thumbnail__link\" href=\"https:\/\/humanas.unsl.edu.ar\/index.php\/2025\/09\/02\/cursos-de-posgrado-6\/\" ><div class=\"elementor-post__thumbnail\"><img width=\"300\" height=\"157\" src=\"https:\/\/humanas.unsl.edu.ar\/wp-content\/uploads\/2024\/10\/logo_curso_posgrado-740x380_nuevo-300x157.png\" class=\"attachment-medium size-medium\" alt=\"\" decoding=\"async\" loading=\"lazy\" srcset=\"https:\/\/humanas.unsl.edu.ar\/wp-content\/uploads\/2024\/10\/logo_curso_posgrado-740x380_nuevo-300x157.png 300w, https:\/\/humanas.unsl.edu.ar\/wp-content\/uploads\/2024\/10\/logo_curso_posgrado-740x380_nuevo-1024x536.png 1024w, https:\/\/humanas.unsl.edu.ar\/wp-content\/uploads\/2024\/10\/logo_curso_posgrado-740x380_nuevo-768x402.png 768w, https:\/\/humanas.unsl.edu.ar\/wp-content\/uploads\/2024\/10\/logo_curso_posgrado-740x380_nuevo-480x250.png 480w, https:\/\/humanas.unsl.edu.ar\/wp-content\/uploads\/2024\/10\/logo_curso_posgrado-740x380_nuevo.png 1080w\" sizes=\"(max-width: 300px) 100vw, 300px\" \/><\/div><\/a>\n\t\t\t\t<div class=\"elementor-post__badge\">Agenda<\/div>\n\t\t\t\t<div class=\"elementor-post__avatar\">\n\t\t\t<img alt='Administrador' src='https:\/\/secure.gravatar.com\/avatar\/a44ce8737cd828752d59fae5b367103c?s=128&#038;d=mm&#038;r=g' srcset='https:\/\/secure.gravatar.com\/avatar\/a44ce8737cd828752d59fae5b367103c?s=256&#038;d=mm&#038;r=g 2x' class='avatar avatar-128 photo' height='128' width='128' loading='lazy' decoding='async'\/>\t\t<\/div>\n\t\t\t\t<div class=\"elementor-post__text\">\n\t\t\t\t<h3 class=\"elementor-post__title\">\n\t\t\t<a href=\"https:\/\/humanas.unsl.edu.ar\/index.php\/2025\/09\/02\/cursos-de-posgrado-6\/\" >\n\t\t\t\tcursos de posgrado\t\t\t<\/a>\n\t\t<\/h3>\n\t\t\t\t<div class=\"elementor-post__excerpt\">\n\t\t\t\t\t<\/div>\n\t\t\n\t\t<a class=\"elementor-post__read-more\" href=\"https:\/\/humanas.unsl.edu.ar\/index.php\/2025\/09\/02\/cursos-de-posgrado-6\/\" >\n\t\t\tRead More \u00bb\t\t<\/a>\n\n\t\t\t\t<\/div>\n\t\t\t\t<div class=\"elementor-post__meta-data\">\n\t\t\t\t\t<span class=\"elementor-post-date\">\n\t\t\t2 septiembre, 2025\t\t<\/span>\n\t\t\t\t<span class=\"elementor-post-avatar\">\n\t\t\tNo hay comentarios\t\t<\/span>\n\t\t\t\t<\/div>\n\t\t\t\t\t<\/div>\n\t\t<\/article>\n\t\t\t\t<article class=\"elementor-post elementor-grid-item post-13389 post type-post status-publish format-standard has-post-thumbnail hentry category-agenda category-curso-posgrado tag-derechos-humanos tag-maestria tag-posgrado\">\n\t\t\t<div class=\"elementor-post__card\">\n\t\t\t\t<a class=\"elementor-post__thumbnail__link\" href=\"https:\/\/humanas.unsl.edu.ar\/index.php\/2025\/09\/01\/curso-posgrado-3\/\" ><div class=\"elementor-post__thumbnail\"><img width=\"300\" height=\"171\" src=\"https:\/\/humanas.unsl.edu.ar\/wp-content\/uploads\/2025\/09\/afiche_curso_posgrado_maestria_dhyc-740x380-1-300x171.jpeg\" class=\"attachment-medium size-medium\" alt=\"\" decoding=\"async\" loading=\"lazy\" srcset=\"https:\/\/humanas.unsl.edu.ar\/wp-content\/uploads\/2025\/09\/afiche_curso_posgrado_maestria_dhyc-740x380-1-300x171.jpeg 300w, https:\/\/humanas.unsl.edu.ar\/wp-content\/uploads\/2025\/09\/afiche_curso_posgrado_maestria_dhyc-740x380-1.jpeg 677w\" sizes=\"(max-width: 300px) 100vw, 300px\" \/><\/div><\/a>\n\t\t\t\t<div class=\"elementor-post__badge\">Agenda<\/div>\n\t\t\t\t<div class=\"elementor-post__avatar\">\n\t\t\t<img alt='Administrador' src='https:\/\/secure.gravatar.com\/avatar\/a44ce8737cd828752d59fae5b367103c?s=128&#038;d=mm&#038;r=g' srcset='https:\/\/secure.gravatar.com\/avatar\/a44ce8737cd828752d59fae5b367103c?s=256&#038;d=mm&#038;r=g 2x' class='avatar avatar-128 photo' height='128' width='128' loading='lazy' decoding='async'\/>\t\t<\/div>\n\t\t\t\t<div class=\"elementor-post__text\">\n\t\t\t\t<h3 class=\"elementor-post__title\">\n\t\t\t<a href=\"https:\/\/humanas.unsl.edu.ar\/index.php\/2025\/09\/01\/curso-posgrado-3\/\" >\n\t\t\t\tcurso posgrado\t\t\t<\/a>\n\t\t<\/h3>\n\t\t\t\t<div class=\"elementor-post__excerpt\">\n\t\t\t<p>Curso de posgrado &#8220;Apuntes para pensar la transici\u00f3n y la emancipaci\u00f3n en Nuestramerica. Recorridos y experiencias del Centro de Pensamiento Cr\u00edtico Pedro Paz&#8221; Inicia: 12\/09\/2025<\/p>\n\t\t<\/div>\n\t\t\n\t\t<a class=\"elementor-post__read-more\" href=\"https:\/\/humanas.unsl.edu.ar\/index.php\/2025\/09\/01\/curso-posgrado-3\/\" >\n\t\t\tRead More \u00bb\t\t<\/a>\n\n\t\t\t\t<\/div>\n\t\t\t\t<div class=\"elementor-post__meta-data\">\n\t\t\t\t\t<span class=\"elementor-post-date\">\n\t\t\t1 septiembre, 2025\t\t<\/span>\n\t\t\t\t<span class=\"elementor-post-avatar\">\n\t\t\tNo hay comentarios\t\t<\/span>\n\t\t\t\t<\/div>\n\t\t\t\t\t<\/div>\n\t\t<\/article>\n\t\t\t\t<\/div>\n\n\n\t\t\n\t\t\t\t<div class=\"e-load-more-anchor\" data-page=\"1\" data-max-page=\"10\" data-next-page=\"https:\/\/humanas.unsl.edu.ar\/index.php\/wp-json\/wp\/v2\/pages\/4372\/page\/2\/\"><\/div>\n\t\t\t\t<nav class=\"elementor-pagination\" role=\"navigation\" aria-label=\"Pagination\">\n\t\t\t<span class=\"page-numbers prev\">&laquo; Previous<\/span>\n<a class=\"page-numbers next\" href=\"https:\/\/humanas.unsl.edu.ar\/index.php\/wp-json\/wp\/v2\/pages\/4372\/page\/2\/\">Next &raquo;<\/a>\t\t<\/nav>\n\t\t\t\t<\/div>\n\t\t\t\t<\/div>\n\t\t\t\t\t<\/div>\n\t\t<\/div>\n\t\t\t\t\t\t\t<\/div>\n\t\t<\/section>\n\t\t\t\t\t\t\t<\/div>\n\t\t","protected":false},"excerpt":{"rendered":"<p>CURSOS DE POSGRADO<\/p>\n","protected":false},"author":1,"featured_media":0,"parent":3529,"menu_order":6,"comment_status":"closed","ping_status":"closed","template":"","meta":{"site-sidebar-layout":"default","site-content-layout":"","ast-site-content-layout":"default","site-content-style":"default","site-sidebar-style":"default","ast-global-header-display":"","ast-banner-title-visibility":"","ast-main-header-display":"","ast-hfb-above-header-display":"","ast-hfb-below-header-display":"","ast-hfb-mobile-header-display":"","site-post-title":"disabled","ast-breadcrumbs-content":"","ast-featured-img":"","footer-sml-layout":"","theme-transparent-header-meta":"","adv-header-id-meta":"","stick-header-meta":"","header-above-stick-meta":"","header-main-stick-meta":"","header-below-stick-meta":"","astra-migrate-meta-layouts":"set","ast-page-background-enabled":"default","ast-page-background-meta":{"desktop":{"background-color":"var(--ast-global-color-4)","background-image":"","background-repeat":"repeat","background-position":"center center","background-size":"auto","background-attachment":"scroll","background-type":"","background-media":"","overlay-type":"","overlay-color":"","overlay-gradient":""},"tablet":{"background-color":"","background-image":"","background-repeat":"repeat","background-position":"center center","background-size":"auto","background-attachment":"scroll","background-type":"","background-media":"","overlay-type":"","overlay-color":"","overlay-gradient":""},"mobile":{"background-color":"","background-image":"","background-repeat":"repeat","background-position":"center center","background-size":"auto","background-attachment":"scroll","background-type":"","background-media":"","overlay-type":"","overlay-color":"","overlay-gradient":""}},"ast-content-background-meta":{"desktop":{"background-color":"var(--ast-global-color-5)","background-image":"","background-repeat":"repeat","background-position":"center center","background-size":"auto","background-attachment":"scroll","background-type":"","background-media":"","overlay-type":"","overlay-color":"","overlay-gradient":""},"tablet":{"background-color":"var(--ast-global-color-5)","background-image":"","background-repeat":"repeat","background-position":"center center","background-size":"auto","background-attachment":"scroll","background-type":"","background-media":"","overlay-type":"","overlay-color":"","overlay-gradient":""},"mobile":{"background-color":"var(--ast-global-color-5)","background-image":"","background-repeat":"repeat","background-position":"center center","background-size":"auto","background-attachment":"scroll","background-type":"","background-media":"","overlay-type":"","overlay-color":"","overlay-gradient":""}}},"_links":{"self":[{"href":"https:\/\/humanas.unsl.edu.ar\/index.php\/wp-json\/wp\/v2\/pages\/4372"}],"collection":[{"href":"https:\/\/humanas.unsl.edu.ar\/index.php\/wp-json\/wp\/v2\/pages"}],"about":[{"href":"https:\/\/humanas.unsl.edu.ar\/index.php\/wp-json\/wp\/v2\/types\/page"}],"author":[{"embeddable":true,"href":"https:\/\/humanas.unsl.edu.ar\/index.php\/wp-json\/wp\/v2\/users\/1"}],"replies":[{"embeddable":true,"href":"https:\/\/humanas.unsl.edu.ar\/index.php\/wp-json\/wp\/v2\/comments?post=4372"}],"version-history":[{"count":22,"href":"https:\/\/humanas.unsl.edu.ar\/index.php\/wp-json\/wp\/v2\/pages\/4372\/revisions"}],"predecessor-version":[{"id":13544,"href":"https:\/\/humanas.unsl.edu.ar\/index.php\/wp-json\/wp\/v2\/pages\/4372\/revisions\/13544"}],"up":[{"embeddable":true,"href":"https:\/\/humanas.unsl.edu.ar\/index.php\/wp-json\/wp\/v2\/pages\/3529"}],"wp:attachment":[{"href":"https:\/\/humanas.unsl.edu.ar\/index.php\/wp-json\/wp\/v2\/media?parent=4372"}],"curies":[{"name":"wp","href":"https:\/\/api.w.org\/{rel}","templated":true}]}}