{"id":520,"date":"2021-10-23T19:47:32","date_gmt":"2021-10-23T22:47:32","guid":{"rendered":"https:\/\/humanasunsl.wordpress.com\/?page_id=520"},"modified":"2026-02-23T17:29:55","modified_gmt":"2026-02-23T20:29:55","slug":"depto-artes","status":"publish","type":"page","link":"https:\/\/humanas.unsl.edu.ar\/index.php\/inicio\/institucional\/unidades-academicas\/depto-artes\/","title":{"rendered":"Departamento de Artes"},"content":{"rendered":"\n<div style=\"height:25px\" aria-hidden=\"true\" class=\"wp-block-spacer\"><\/div>\n\n\n\n<h6 class=\"wp-elements-50949fc342096b4ce96f4c4ceaa7d42d alignwide has-ast-global-color-3-color has-text-color has-background has-link-color\" style=\"background-color:#fde2cb;line-height:1.5\"><a href=\"https:\/\/humanas.unsl.edu.ar\/\" data-type=\"page\" data-id=\"264\">Inicio<\/a> \/ <a href=\"https:\/\/humanas.unsl.edu.ar\/index.php\/institucional\/\" data-type=\"page\" data-id=\"41\">Institucional<\/a> \/ <a href=\"https:\/\/humanas.unsl.edu.ar\/index.php\/institucional\/unidades-academicas\/\" data-type=\"page\" data-id=\"270\">Unidades Acad\u00e9micas<\/a> \/ Departamento de Artes <\/h6>\n\n\n\n<div style=\"height:25px\" aria-hidden=\"true\" class=\"wp-block-spacer\"><\/div>\n\n\n\n<div class=\"is-horizontal is-content-justification-center is-layout-flex wp-container-1 wp-block-buttons alignfull\">\n<div class=\"wp-block-button has-custom-width wp-block-button__width-25 has-custom-font-size is-style-fill has-small-font-size\"><a class=\"wp-block-button__link has-white-color has-text-color has-background wp-element-button\" href=\"https:\/\/humanas.unsl.edu.ar\/index.php\/pagina-de-inicio\/informacion-institucional\/\" style=\"border-radius:4px;background-color:#ed6f03\">Informaci\u00f3n Institucional<\/a><\/div>\n<\/div>\n\n\n\n<div style=\"height:17px\" aria-hidden=\"true\" class=\"wp-block-spacer\"><\/div>\n\n\n\n<div class=\"is-layout-flex wp-container-6 wp-block-columns alignwide\">\n<div class=\"is-layout-flow wp-block-column\" style=\"flex-basis:66.66%\">\n<h5 class=\"alignwide has-text-color has-background\" style=\"color:#ffffff;background-color:#ed6f03;line-height:1.5\"><strong>Autoridades 2025-2028<\/strong><\/h5>\n\n\n\n<blockquote class=\"wp-block-quote\">\n<p><strong>Director: Prof. Gustavo Torres<\/strong><\/p>\n\n\n\n<p><strong>Vice Directora: Lic. Celeste Vassallo<\/strong><\/p>\n<\/blockquote>\n\n\n\n<h5 class=\"alignwide has-luminous-vivid-amber-background-color has-text-color has-background\" style=\"color:#ffffff;line-height:1.5\">Consejo Departamental:<\/h5>\n\n\n\n<blockquote class=\"wp-block-quote\">\n<p><strong>Consejo normalizador<\/strong><\/p>\n\n\n\n<p><strong>Profesores Titulares<\/strong><\/p>\n\n\n\n<p>Celeste Vassallo<\/p>\n\n\n\n<p>Guillermo Anzulovich<\/p>\n\n\n\n<p>Leonardo Marchese<\/p>\n\n\n\n<p><strong>Profesores Suplentes<\/strong><\/p>\n\n\n\n<p>Daniel Milone<\/p>\n\n\n\n<p>Gabriela Rizzi<\/p>\n\n\n\n<p>Gustavo Torres<\/p>\n\n\n\n<p>Sergio L\u00f3pez<\/p>\n\n\n\n<p><strong>Auxiliares Titulares<\/strong><\/p>\n\n\n\n<p>Alejandro Montiel<\/p>\n\n\n\n<p>Ana Britos<\/p>\n\n\n\n<p><strong>Auxiliares Suplentes<\/strong><\/p>\n\n\n\n<p>Dar\u00edo Matta<\/p>\n\n\n\n<p>F\u00e1tima Aguilera<\/p>\n\n\n\n<p>Mauro Espinosa<\/p>\n\n\n\n<p><strong>Alumnos Titulares<\/strong><\/p>\n\n\n\n<p>Roc\u00edo Leyro<\/p>\n\n\n\n<p>Victoria Salama<\/p>\n\n\n\n<p><strong>Alumnos Suplentes<\/strong><\/p>\n\n\n\n<p>M\u00e1ximo Baez<\/p>\n\n\n\n<p>Lucas Rodr\u00edguez<\/p>\n<\/blockquote>\n\n\n\n<h5 class=\"alignwide has-text-color has-background\" style=\"color:#ffffff;background-color:#f18c12;line-height:1.5\">Coordinaci\u00f3n de Carreras:<\/h5>\n\n\n\n<blockquote class=\"wp-block-quote\">\n<p><strong>Profesorado Universitario en M\u00fasica Popular Latinoamericana:<\/strong><br>Prof. Leonardo Marchese<\/p>\n\n\n\n<p><strong>Tecnicatura Universitario en Producci\u00f3n Musical<\/strong><br>Prof. Guillermo Anzulovich<\/p>\n<\/blockquote>\n\n\n\n<h5 class=\"alignwide has-luminous-vivid-amber-background-color has-text-color has-background\" style=\"color:#ffffff;line-height:1.5\">\u00c1reas del Departamento de Artes<\/h5>\n\n\n\n<blockquote class=\"wp-block-quote\">\n<p><strong>\u00c1rea 12 &#8211; M\u00fasica<\/strong><\/p>\n\n\n\n<p><span style=\"font-size: 1rem; font-weight: inherit; color: var(--ast-global-color-3); background-color: var(--ast-global-color-5);\">Coordinador:<\/span> Gustavo Torres<br><a href=\"mailto:gustavodatorres@gmail.com\">gustavodatorres@gmail.com<\/a><\/p>\n<\/blockquote>\n\n\n\n<blockquote class=\"wp-block-quote\">\n<p><strong>\u00c1rea 13 &#8211; Literatura <\/strong><br>Coordinadora: Celeste Vasallo<br><a href=\"mailto:cele4k@gmail.com\">cele4k@gmail.com<\/a><\/p>\n<\/blockquote>\n<\/div>\n\n\n\n<div class=\"is-layout-flow wp-block-column\" style=\"flex-basis:33.33%\">\n<h4 class=\"alignwide has-text-align-center has-white-color has-text-color has-background\" style=\"background-color:#f8b719;line-height:1.5\">Contactos<\/h4>\n\n\n\n<div style=\"height:26px\" aria-hidden=\"true\" class=\"wp-block-spacer\"><\/div>\n\n\n\n<p class=\"has-text-align-center\" style=\"line-height:1.4\"><strong>Departamento de Artes<\/strong><br>Edificio IV Bloque &#8211;  2\u00b0 Piso &#8211; Anexo<br>Tel\u00e9fono Int.  <br><a href=\"mailto:departesfch@gmail.com\">departesfch@gmail.com<\/a><\/p>\n\n\n\n<div style=\"height:33px\" aria-hidden=\"true\" class=\"wp-block-spacer\"><\/div>\n\n\n\n<figure class=\"wp-block-image aligncenter size-full is-resized\"><a href=\"https:\/\/portdigitalfch.unsl.edu.ar\/\" target=\"_blank\" rel=\"acceso a publicaciones portal digital FCH noopener\"><img decoding=\"async\" loading=\"lazy\" src=\"https:\/\/humanas.unsl.edu.ar\/wp-content\/uploads\/2022\/10\/icono-portal-digital.png\" alt=\"\" class=\"wp-image-3997\" width=\"99\" height=\"99\" srcset=\"https:\/\/humanas.unsl.edu.ar\/wp-content\/uploads\/2022\/10\/icono-portal-digital.png 278w, https:\/\/humanas.unsl.edu.ar\/wp-content\/uploads\/2022\/10\/icono-portal-digital-150x150.png 150w, https:\/\/humanas.unsl.edu.ar\/wp-content\/uploads\/2022\/10\/icono-portal-digital-250x250.png 250w\" sizes=\"(max-width: 99px) 100vw, 99px\" \/><\/a><\/figure>\n\n\n\n<div style=\"height:93px\" aria-hidden=\"true\" class=\"wp-block-spacer\"><\/div>\n\n\n\n<div class=\"is-layout-flex wp-container-4 wp-block-columns\">\n<div class=\"is-layout-flow wp-block-column\">\n<figure class=\"wp-block-image aligncenter size-full is-resized\"><a href=\"https:\/\/humanas.unsl.edu.ar\/index.php\/noticias-fch\/\"><img decoding=\"async\" loading=\"lazy\" src=\"https:\/\/humanas.unsl.edu.ar\/wp-content\/uploads\/2022\/06\/1.png\" alt=\"\" class=\"wp-image-2994\" width=\"85\" height=\"85\"\/><\/a><\/figure>\n<\/div>\n<\/div>\n<\/div>\n<\/div>\n\n\n\n<div class=\"inherit-container-width is-layout-constrained wp-block-group alignfull\"><div class=\"wp-block-group__inner-container\">\n<div class=\"inherit-container-width is-layout-constrained wp-block-group alignfull\"><div class=\"wp-block-group__inner-container\">\n<div class=\"inherit-container-width is-layout-constrained wp-block-group alignfull\"><div class=\"wp-block-group__inner-container\">\n<div class=\"wp-block-cover alignfull is-light\" style=\"min-height:267px\"><span aria-hidden=\"true\" class=\"wp-block-cover__background has-background-dim-100 has-background-dim\" style=\"background-color:#d9d9d9\"><\/span><div class=\"wp-block-cover__inner-container\">\n<p class=\"has-text-align-center has-ast-global-color-8-color has-text-color has-medium-font-size\" style=\"font-style:normal;font-weight:700;line-height:1\"><strong>Pol\u00edticas de inclusi\u00f3n, g\u00e9nero y cuidado integral<\/strong><\/p>\n\n\n\n<div class=\"is-layout-flex wp-container-11 wp-block-columns alignfull\">\n<div class=\"is-layout-flow wp-block-column\">\n<figure class=\"wp-block-image size-full\"><a href=\"https:\/\/www.unsl.edu.ar\/index.php\/menu\/eti\"><img decoding=\"async\" loading=\"lazy\" width=\"480\" height=\"120\" src=\"https:\/\/humanas.unsl.edu.ar\/wp-content\/uploads\/2026\/02\/banner_protocolo_violencia_500x120-480x120-1.png\" alt=\"\" class=\"wp-image-14467\" srcset=\"https:\/\/humanas.unsl.edu.ar\/wp-content\/uploads\/2026\/02\/banner_protocolo_violencia_500x120-480x120-1.png 480w, https:\/\/humanas.unsl.edu.ar\/wp-content\/uploads\/2026\/02\/banner_protocolo_violencia_500x120-480x120-1-300x75.png 300w\" sizes=\"(max-width: 480px) 100vw, 480px\" \/><\/a><\/figure>\n<\/div>\n\n\n\n<div class=\"is-layout-flow wp-block-column\">\n<figure class=\"wp-block-image aligncenter size-full\"><a href=\"http:\/\/www.prevencionenadicciones.unsl.edu.ar\/\"><img decoding=\"async\" loading=\"lazy\" width=\"500\" height=\"120\" src=\"https:\/\/humanas.unsl.edu.ar\/wp-content\/uploads\/2026\/02\/banner_programa_adicciones_500x120.png\" alt=\"\" class=\"wp-image-14461\" srcset=\"https:\/\/humanas.unsl.edu.ar\/wp-content\/uploads\/2026\/02\/banner_programa_adicciones_500x120.png 500w, https:\/\/humanas.unsl.edu.ar\/wp-content\/uploads\/2026\/02\/banner_programa_adicciones_500x120-300x72.png 300w\" sizes=\"(max-width: 500px) 100vw, 500px\" \/><\/a><\/figure>\n<\/div>\n\n\n\n<div class=\"is-layout-flow wp-block-column has-ast-global-color-3-color has-text-color\">\n<figure class=\"wp-block-image aligncenter size-full is-style-default\"><a href=\"https:\/\/universidadydiscapacidad.unsl.edu.ar\/\"><img decoding=\"async\" loading=\"lazy\" width=\"500\" height=\"120\" src=\"https:\/\/humanas.unsl.edu.ar\/wp-content\/uploads\/2026\/02\/banner_programa_discapacidad_500x120.png\" alt=\"\" class=\"wp-image-14462\" srcset=\"https:\/\/humanas.unsl.edu.ar\/wp-content\/uploads\/2026\/02\/banner_programa_discapacidad_500x120.png 500w, https:\/\/humanas.unsl.edu.ar\/wp-content\/uploads\/2026\/02\/banner_programa_discapacidad_500x120-300x72.png 300w\" sizes=\"(max-width: 500px) 100vw, 500px\" \/><\/a><\/figure>\n<\/div>\n\n\n\n<div class=\"is-layout-flow wp-block-column has-ast-global-color-3-color has-text-color\">\n<figure class=\"wp-block-image aligncenter size-full is-style-default\"><a href=\"https:\/\/humanas.unsl.edu.ar\/index.php\/inicio\/accesibilidad\/\"><img decoding=\"async\" loading=\"lazy\" width=\"500\" height=\"120\" src=\"https:\/\/humanas.unsl.edu.ar\/wp-content\/uploads\/2026\/02\/banner_programa_accesibilidad_fch_500x120.png\" alt=\"\" class=\"wp-image-14460\" srcset=\"https:\/\/humanas.unsl.edu.ar\/wp-content\/uploads\/2026\/02\/banner_programa_accesibilidad_fch_500x120.png 500w, https:\/\/humanas.unsl.edu.ar\/wp-content\/uploads\/2026\/02\/banner_programa_accesibilidad_fch_500x120-300x72.png 300w\" sizes=\"(max-width: 500px) 100vw, 500px\" \/><\/a><\/figure>\n<\/div>\n<\/div>\n<\/div><\/div>\n<\/div><\/div>\n\n\n\n<div class=\"inherit-container-width is-layout-constrained wp-block-group alignwide\"><div class=\"wp-block-group__inner-container\">\n<div class=\"wp-block-jetpack-layout-grid alignfull column1-desktop-grid__span-3 column1-desktop-grid__row-1 column2-desktop-grid__span-3 column2-desktop-grid__start-4 column2-desktop-grid__row-1 column3-desktop-grid__span-3 column3-desktop-grid__start-7 column3-desktop-grid__row-1 column4-desktop-grid__span-3 column4-desktop-grid__start-10 column4-desktop-grid__row-1 column1-tablet-grid__span-4 column1-tablet-grid__row-1 column2-tablet-grid__span-4 column2-tablet-grid__start-5 column2-tablet-grid__row-1 column3-tablet-grid__span-4 column3-tablet-grid__row-2 column4-tablet-grid__span-4 column4-tablet-grid__start-5 column4-tablet-grid__row-2 column1-mobile-grid__span-4 column1-mobile-grid__row-1 column2-mobile-grid__span-4 column2-mobile-grid__row-2 column3-mobile-grid__span-4 column3-mobile-grid__row-3 column4-mobile-grid__span-4 column4-mobile-grid__row-4 wp-block-jetpack-layout-gutter__medium\">\n<div class=\"wp-block-jetpack-layout-grid-column wp-block-jetpack-layout-grid__padding-none is-vertically-aligned-top\">\n<h6 class=\"has-text-align-center\" id=\"informacion-institucional\"><strong>INFORMACI\u00d3N INSTITUCIONAL<\/strong><\/h6>\n\n\n\n<p><strong>Tel\u00e9fono:<\/strong>&nbsp;+54 (0266) 4520300<\/p>\n\n\n\n<p class=\"wp-elements-e6ca50e8000ea0ddd7ca28e37e89d93a has-link-color\" style=\"font-size:15px\"><strong>Direcci\u00f3n:<\/strong>&nbsp;Ej\u00e9rcito de Los Andes 950, D5700HHW.<br>San Luis, Argentina <br><strong>\u00bfC\u00f3mo llegar?<\/strong><br><a href=\"https:\/\/goo.gl\/maps\/JfpaQGqv7zH2\" target=\"_blank\" rel=\"noopener\">Ver ubicaci\u00f3n en Google Maps<\/a><\/p>\n<\/div>\n\n\n\n<div class=\"wp-block-jetpack-layout-grid-column wp-block-jetpack-layout-grid__padding-none is-vertically-aligned-top\">\n<h6 class=\"has-text-align-center\" id=\"contactos-frecuentes\"><strong>CONTACTOS FRECUENTES<\/strong><\/h6>\n\n\n\n<p class=\"wp-elements-b1aa7a71407969e91e35537b3b790954 has-link-color\" style=\"font-size:15px\"><strong>Consultas Acad\u00e9micas:<\/strong><br><a href=\"mailto:secretar\u00eda.academica.fchumanas@gmail.com\">secretar\u00eda.academica.fchumanas@gmail.com<\/a><\/p>\n\n\n\n<p class=\"wp-elements-c03ba341c07bfc69611de1a9f7cb7103 has-link-color\"><strong><span style=\"font-size: 1em; font-family: var(--font-base, 'Noto Sans', -apple-system, BlinkMacSystemFont, 'Segoe UI', 'Roboto', 'Oxygen', 'Ubuntu', 'Cantarell', 'Fira Sans', 'Droid Sans', 'Helvetica Neue', sans-serif);\">\u00c1rea de Prensa FCH:<\/span><\/strong> <br>Mail: <a href=\"mailto:prensahumanas@gmail.com\" target=\"_blank\" rel=\"noopener\">prensahumanas@gmail.com<\/a><\/p>\n<\/div>\n\n\n\n<div class=\"wp-block-jetpack-layout-grid-column wp-block-jetpack-layout-grid__padding-none is-vertically-aligned-top\">\n<h6 class=\"has-text-align-center\"><strong>REDES SOCIALES<\/strong><\/h6>\n\n\n\n<div style=\"height:39px\" aria-hidden=\"true\" class=\"wp-block-spacer\"><\/div>\n\n\n\n<figure class=\"wp-block-image aligncenter size-large is-resized\"><a href=\"https:\/\/www.facebook.com\/FacultaddeCienciasHumanasUNSL\"><img decoding=\"async\" loading=\"lazy\" src=\"https:\/\/humanas.unsl.edu.ar\/wp-content\/uploads\/2025\/04\/2.png\" alt=\"\" width=\"50\" height=\"50\"\/><\/a><\/figure>\n\n\n\n<figure class=\"wp-block-image aligncenter size-large is-resized\"><a href=\"https:\/\/www.instagram.com\/fchunsl\/\"><img decoding=\"async\" loading=\"lazy\" src=\"https:\/\/humanas.unsl.edu.ar\/wp-content\/uploads\/2025\/04\/3.png\" alt=\"\" width=\"50\" height=\"50\"\/><\/a><\/figure>\n\n\n\n<figure class=\"wp-block-image aligncenter size-large is-resized\"><a href=\"https:\/\/www.youtube.com\/user\/FCHumanas\/featured\"><img decoding=\"async\" loading=\"lazy\" src=\"https:\/\/humanas.unsl.edu.ar\/wp-content\/uploads\/2025\/04\/4.png\" alt=\"\" width=\"50\" height=\"50\"\/><\/a><\/figure>\n<\/div>\n\n\n\n<div class=\"wp-block-jetpack-layout-grid-column wp-block-jetpack-layout-grid__padding-none is-vertically-aligned-top\">\n<h6 class=\"has-text-align-center\" id=\"mapa-del-sitio\"><strong>MAPA DEL SITIO<\/strong><\/h6>\n\n\n\n<p class=\"wp-elements-1397c35b9e2e918621157f30b7193635 has-link-color has-small-font-size\"><a href=\"https:\/\/humanas.unsl.edu.ar\/index.php\/institucional\/\"><strong>INSTITUCIONAL<\/strong><\/a><\/p>\n\n\n\n<p class=\"wp-elements-0bd3ffa8a883f0b13e6f56164c78a984 has-link-color has-small-font-size\"><strong><a href=\"https:\/\/humanas.unsl.edu.ar\/index.php\/inicio\/carreras\/\" data-type=\"page\" data-id=\"43\">CARRERAS<\/a><\/strong><\/p>\n\n\n\n<p class=\"wp-elements-e08edd761a82e37945c35feca7f941e7 has-link-color has-small-font-size\"><a href=\"https:\/\/humanas.unsl.edu.ar\/index.php\/ingreso\/\"><strong>INGRESO<\/strong><\/a><\/p>\n\n\n\n<p class=\"wp-elements-0f48f5cfddf8f1cb3cc2fc334698f944 has-link-color has-small-font-size\"><strong><a href=\"https:\/\/humanas.unsl.edu.ar\/index.php\/docentes-2\/\">DOCENTES<\/a><\/strong><\/p>\n\n\n\n<p class=\"wp-elements-798f5ae66e960f6a3984ba7e89bbb54f has-link-color has-small-font-size\"><a href=\"https:\/\/humanas.unsl.edu.ar\/index.php\/estudiantes\/\"><strong>ESTUDIANTES<\/strong><\/a><\/p>\n\n\n\n<p class=\"wp-elements-59cdf5b53d24ae7687d9ce067dc9ebd6 has-link-color has-small-font-size\"><a href=\"http:\/\/www.unsl.edu.ar\/\" target=\"_blank\" rel=\"noreferrer noopener\"><strong>UNSL<\/strong><\/a><\/p>\n\n\n\n<p class=\"wp-elements-fb03084c20f509df7c9c2962bde465ce has-link-color has-small-font-size\"><strong><a href=\"https:\/\/humanas.unsl.edu.ar\/index.php\/noticias\/\" data-type=\"page\" data-id=\"186\">NOTICIAS<\/a><\/strong><\/p>\n<\/div>\n<\/div>\n<\/div><\/div>\n<\/div><\/div>\n<\/div><\/div>\n","protected":false},"excerpt":{"rendered":"<p>Inicio \/ Institucional \/ Unidades Acad\u00e9micas \/ Departamento de Artes Autoridades 2025-2028 Director: Prof. Gustavo Torres Vice Directora: Lic. Celeste Vassallo Consejo Departamental: Consejo normalizador Profesores Titulares Celeste Vassallo Guillermo Anzulovich Leonardo Marchese Profesores Suplentes Daniel Milone Gabriela Rizzi Gustavo Torres Sergio L\u00f3pez Auxiliares Titulares Alejandro Montiel Ana Britos Auxiliares Suplentes Dar\u00edo Matta F\u00e1tima Aguilera &hellip;<\/p>\n<p class=\"read-more\"> <a class=\"\" href=\"https:\/\/humanas.unsl.edu.ar\/index.php\/inicio\/institucional\/unidades-academicas\/depto-artes\/\"> <span class=\"screen-reader-text\">Departamento de Artes<\/span> Leer m\u00e1s &raquo;<\/a><\/p>\n","protected":false},"author":2,"featured_media":0,"parent":270,"menu_order":3,"comment_status":"closed","ping_status":"closed","template":"","meta":{"site-sidebar-layout":"default","site-content-layout":"","ast-site-content-layout":"default","site-content-style":"default","site-sidebar-style":"default","ast-global-header-display":"","ast-banner-title-visibility":"","ast-main-header-display":"","ast-hfb-above-header-display":"","ast-hfb-below-header-display":"","ast-hfb-mobile-header-display":"","site-post-title":"disabled","ast-breadcrumbs-content":"","ast-featured-img":"","footer-sml-layout":"","theme-transparent-header-meta":"","adv-header-id-meta":"","stick-header-meta":"","header-above-stick-meta":"","header-main-stick-meta":"","header-below-stick-meta":"","astra-migrate-meta-layouts":"set","ast-page-background-enabled":"default","ast-page-background-meta":{"desktop":{"background-color":"var(--ast-global-color-4)","background-image":"","background-repeat":"repeat","background-position":"center center","background-size":"auto","background-attachment":"scroll","background-type":"","background-media":"","overlay-type":"","overlay-color":"","overlay-gradient":""},"tablet":{"background-color":"","background-image":"","background-repeat":"repeat","background-position":"center center","background-size":"auto","background-attachment":"scroll","background-type":"","background-media":"","overlay-type":"","overlay-color":"","overlay-gradient":""},"mobile":{"background-color":"","background-image":"","background-repeat":"repeat","background-position":"center center","background-size":"auto","background-attachment":"scroll","background-type":"","background-media":"","overlay-type":"","overlay-color":"","overlay-gradient":""}},"ast-content-background-meta":{"desktop":{"background-color":"var(--ast-global-color-5)","background-image":"","background-repeat":"repeat","background-position":"center center","background-size":"auto","background-attachment":"scroll","background-type":"","background-media":"","overlay-type":"","overlay-color":"","overlay-gradient":""},"tablet":{"background-color":"var(--ast-global-color-5)","background-image":"","background-repeat":"repeat","background-position":"center center","background-size":"auto","background-attachment":"scroll","background-type":"","background-media":"","overlay-type":"","overlay-color":"","overlay-gradient":""},"mobile":{"background-color":"var(--ast-global-color-5)","background-image":"","background-repeat":"repeat","background-position":"center center","background-size":"auto","background-attachment":"scroll","background-type":"","background-media":"","overlay-type":"","overlay-color":"","overlay-gradient":""}}},"_links":{"self":[{"href":"https:\/\/humanas.unsl.edu.ar\/index.php\/wp-json\/wp\/v2\/pages\/520"}],"collection":[{"href":"https:\/\/humanas.unsl.edu.ar\/index.php\/wp-json\/wp\/v2\/pages"}],"about":[{"href":"https:\/\/humanas.unsl.edu.ar\/index.php\/wp-json\/wp\/v2\/types\/page"}],"author":[{"embeddable":true,"href":"https:\/\/humanas.unsl.edu.ar\/index.php\/wp-json\/wp\/v2\/users\/2"}],"replies":[{"embeddable":true,"href":"https:\/\/humanas.unsl.edu.ar\/index.php\/wp-json\/wp\/v2\/comments?post=520"}],"version-history":[{"count":48,"href":"https:\/\/humanas.unsl.edu.ar\/index.php\/wp-json\/wp\/v2\/pages\/520\/revisions"}],"predecessor-version":[{"id":14485,"href":"https:\/\/humanas.unsl.edu.ar\/index.php\/wp-json\/wp\/v2\/pages\/520\/revisions\/14485"}],"up":[{"embeddable":true,"href":"https:\/\/humanas.unsl.edu.ar\/index.php\/wp-json\/wp\/v2\/pages\/270"}],"wp:attachment":[{"href":"https:\/\/humanas.unsl.edu.ar\/index.php\/wp-json\/wp\/v2\/media?parent=520"}],"curies":[{"name":"wp","href":"https:\/\/api.w.org\/{rel}","templated":true}]}}