{"id":5908,"date":"2023-04-17T09:23:06","date_gmt":"2023-04-17T12:23:06","guid":{"rendered":"https:\/\/humanas.unsl.edu.ar\/?page_id=5908"},"modified":"2023-11-17T16:32:45","modified_gmt":"2023-11-17T19:32:45","slug":"historia","status":"publish","type":"page","link":"https:\/\/humanas.unsl.edu.ar\/index.php\/inicio\/institucional\/historia\/","title":{"rendered":"Historia"},"content":{"rendered":"\n<div style=\"height:25px\" aria-hidden=\"true\" class=\"wp-block-spacer\"><\/div>\n\n\n\n<h6 class=\"wp-elements-1a4732499ad2f3cee38095a4b3b9a0bb alignwide has-ast-global-color-3-color has-text-color has-background has-link-color\" id=\"inicio\" style=\"background-color:#fde2cb;line-height:1.5\"><a href=\"https:\/\/humanasunsl.wordpress.com\/\">I<\/a><a href=\"https:\/\/humanas.unsl.edu.ar\/\" data-type=\"page\" data-id=\"264\">nicio<\/a> \/ <a href=\"https:\/\/humanas.unsl.edu.ar\/index.php\/pagina-de-inicio\/institucional\/\" data-type=\"page\" data-id=\"41\">Institucional<\/a> \/ Historia<\/h6>\n\n\n\n<div style=\"height:25px\" aria-hidden=\"true\" class=\"wp-block-spacer\"><\/div>\n\n\n\n<div class=\"is-layout-flex wp-container-3 wp-block-columns alignwide are-vertically-aligned-top\">\n<div class=\"is-layout-flow wp-block-column is-vertically-aligned-top\" style=\"flex-basis:66.66%\">\n<h4 class=\"alignfull has-luminous-vivid-orange-background-color has-text-color has-background\" id=\"informacion-institucional\" style=\"color:#ffffff;letter-spacing:0px;line-height:1.5\">Historia de la Facultad de Ciencias Humanas<\/h4>\n\n\n\n<div style=\"height:11px\" aria-hidden=\"true\" class=\"wp-block-spacer\"><\/div>\n\n\n\n<p class=\"has-text-align-justify\" style=\"font-style:italic;font-weight:200\">Algunas de las carreras que se dictan en la Facultad de Ciencias Humanas tienen su origen en la misma creaci\u00f3n de la Universidad Nacional de Cuyo.<\/p>\n\n\n\n<p class=\"has-text-align-justify\" style=\"font-style:italic;font-weight:200\">Esta fue fundada como una casa de estudios regional abarcando un \u00e1rea geogr\u00e1fica que comprend\u00eda las tres provincias cuyanas (Mendoza, San Juan y San Luis).<\/p>\n\n\n\n<p style=\"font-style:italic;font-weight:200\">En 1940 se crea en San Luis el Instituto del Profesorado que otorgaba el t\u00edtulo de Profesor en Ciencias F\u00edsico-Qu\u00edmica, Matem\u00e1ticas.<\/p>\n\n\n\n<p class=\"has-text-align-justify\" style=\"font-style:italic;font-weight:200\">En 1941 y a instancias del Prof. Juan Jos\u00e9 Ar\u00e9valo, a la saz\u00f3n Director de la Escuela Normal Juan P. Pringles\u009d que ya hab\u00eda sido transferida a la UNC, se ampl\u00eda la ense\u00f1anza hacia disciplinas filos\u00f3ficas y pedag\u00f3gicas. Este destacado docente, como muchos otros pioneros de nuestra Universidad, era egresado de la Universidad Nacional de La Plata, donde particip\u00f3 en los primeros momentos del movimiento reformista y en 1944 fue electo Presidente de su Guatemala natal.<\/p>\n\n\n\n<p style=\"font-style:italic;font-weight:200\">A fines de 1946 se transforma el Instituto del Profesorado en Facultad de Ciencias de la Educaci\u00f3n con una estructura que se mantuvo durante varios a\u00f1os.<\/p>\n\n\n\n<p style=\"font-style:italic;font-weight:200\">En 1948 y a instancias de qui\u00e9n fuera uno de los fundadores de nuestra Facultad y un destacado impulsor de la psicolog\u00eda en el pa\u00eds, el Prof. Pl\u00e1cido Alberto Horas se crea el Instituto de Investigaciones Pedag\u00f3gicas.<\/p>\n\n\n\n<p style=\"font-style:italic;font-weight:200\">En 1958 se modifican los planes de estudios y se crean nuevas carreras, entre ellas psicolog\u00eda en reemplazo de filosof\u00eda (esta disciplina ya ten\u00eda una Facultad espec\u00edfica en la UNC de la cual pertenec\u00edamos). En ese momento se le impone el nombre de Facultad de Ciencias de la cual depend\u00edan 4 Escuelas una era la de Pedagog\u00eda y Psicolog\u00eda. Al aprobarse nuevos Estatutos en la UNC (1969) la Facultad de Ciencias se desdobla en dos Facultades: de Ciencias F\u00edsico-Qu\u00edmica, Matem\u00e1ticas y la de Pedagog\u00eda y Psicolog\u00eda.<\/p>\n\n\n\n<p style=\"font-style:italic;font-weight:200\">Finalizando el gobierno militar, 1973, y con la firma del Gral. A. Lanusse se firma, el 10 de mayo de ese a\u00f1o, el decreto de creaci\u00f3n de la UNIVERSIDAD NACIONAL DE SAN LUIS.<\/p>\n\n\n\n<p style=\"font-style:italic;font-weight:200\">La estructura acad\u00e9mica inicial de esta nueva universidad fue Departamental correspondi\u00e9ndole cinco departamentos a San Luis y tres a Villa Mercedes. Entre los primeros estaban el de Pedagog\u00eda y el de Psicolog\u00eda. 1976, a\u00f1o nefasto y muy mal recordado, los militares interventores entienden que la estructura acad\u00e9mica adoptada es subversiva y que por lo tanto lo conveniente es volver al r\u00e9gimen de Facultades.<\/p>\n\n\n\n<p style=\"font-style:italic;font-weight:200\">En nuestro caso se vuelve a la Facultad de Ciencias de la Educaci\u00f3n con las carreras ya existentes (Profesorado de Educaci\u00f3n Especial y Profesorado de Educaci\u00f3n Inicial (Preprimaria) y las Licenciaturas y Profesorados en Ciencias de la Educaci\u00f3n y Psicolog\u00eda con la novedad de los Doctorados que se pod\u00edan realizar previo a una serie de requisitos en dichas disciplinas.<\/p>\n\n\n\n<p style=\"font-style:italic;font-weight:200\">Se incorpor\u00f3 Fonoaudiolog\u00eda, que comenz\u00f3 siendo una carrera de las denominadas cortas\u009d (3 a\u00f1os y medio de duraci\u00f3n) y que luego de una importante intervenci\u00f3n de las egresadas y de los alumnos se transform\u00f3 en Licenciatura, carrera de cinco a\u00f1os que como tal les permit\u00eda a sus egresados aspirar al Doctorado y\/o a la carrera de investigador del CONICET y de otros organismos de Ciencia y T\u00e9cnica.<\/p>\n\n\n\n<p style=\"font-style:italic;font-weight:200\">Algo similar sucedi\u00f3 con las carreras de Periodismo y Locuci\u00f3n que si bien fueron creadas como tales (y en el caso de Locuci\u00f3n por convenio con el ISER, Instituto Superior de Ense\u00f1anza Radiof\u00f3nica) terminaron articulando, previo estudio y adecuaci\u00f3n de planes manteniendo el t\u00edtulo pero consider\u00e1ndolo intermedio para la carrera principal de Licenciatura en Ciencias de la Comunicaci\u00f3n.<\/p>\n\n\n\n<p style=\"font-style:italic;font-weight:200\">A causa de la variedad de disciplinas y carreras que se dictaban y al no ser todas de car\u00e1cter docente o pedag\u00f3gicas, el Consejo Superior de la UNSL resolvi\u00f3 a pedido de nuestra Facultad imponerle el nombre de FACULTAD DE CIENCIAS HUMANAS que es el que mantiene y como se la conoce hasta el presente. <\/p>\n\n\n\n<div style=\"height:23px\" aria-hidden=\"true\" class=\"wp-block-spacer\"><\/div>\n<\/div>\n\n\n\n<div class=\"is-layout-flow wp-block-column is-vertically-aligned-top\" style=\"flex-basis:30%\">\n<h4 class=\"has-text-color has-background\" style=\"color:#ffffff;background-color:#f8b719;font-size:28px;font-style:normal;font-weight:300;line-height:1.5\"><\/h4>\n\n\n\n<div style=\"height:31px\" aria-hidden=\"true\" class=\"wp-block-spacer\"><\/div>\n\n\n\n<figure class=\"wp-block-image size-full\"><a href=\"https:\/\/humanas.unsl.edu.ar\/index.php\/institucional\/decanato\/\"><img decoding=\"async\" loading=\"lazy\" width=\"600\" height=\"250\" src=\"https:\/\/humanas.unsl.edu.ar\/wp-content\/uploads\/2022\/04\/1-1.png\" alt=\"Decanto\" class=\"wp-image-168\" srcset=\"https:\/\/humanas.unsl.edu.ar\/wp-content\/uploads\/2022\/04\/1-1.png 600w, https:\/\/humanas.unsl.edu.ar\/wp-content\/uploads\/2022\/04\/1-1-300x125.png 300w\" sizes=\"(max-width: 600px) 100vw, 600px\" \/><\/a><\/figure>\n\n\n\n<hr class=\"wp-block-separator has-css-opacity is-style-dots\"\/>\n\n\n\n<figure class=\"wp-block-image aligncenter size-large\"><a href=\"https:\/\/humanas.unsl.edu.ar\/index.php\/institucional\/unidades-academicas\/\"><img decoding=\"async\" src=\"https:\/\/humanas.unsl.edu.ar\/wp-content\/uploads\/2022\/04\/2-1.png?w=600\" alt=\"\"\/><\/a><\/figure>\n<\/div>\n<\/div>\n\n\n\n<h5 class=\"alignwide has-text-color has-background\" id=\"sobre-la-fch\" style=\"color:#ffffff;background-color:#f18c12;letter-spacing:0px;line-height:1\">Sobre la FCH<\/h5>\n\n\n\n<div class=\"is-layout-flex wp-container-7 wp-block-columns\">\n<div class=\"is-layout-flow wp-block-column\">\n<figure class=\"wp-block-image aligncenter size-large\"><a href=\"https:\/\/humanas.unsl.edu.ar\/index.php\/pagina-de-inicio\/institucional\/historia\/\"><img decoding=\"async\" src=\"https:\/\/humanas.unsl.edu.ar\/wp-content\/uploads\/2022\/04\/9-1.png?w=560\" alt=\"\"\/><\/a><\/figure>\n<\/div>\n\n\n\n<div class=\"is-layout-flow wp-block-column\">\n<figure class=\"wp-block-image aligncenter size-large\"><a href=\"http:\/\/www.unsl.edu.ar\/index.php\/menu\/institucional\/pdi#gsc.tab=0\"><img decoding=\"async\" src=\"https:\/\/humanas.unsl.edu.ar\/wp-content\/uploads\/2022\/04\/10-1.png?w=560\" alt=\"\"\/><\/a><\/figure>\n<\/div>\n\n\n\n<div class=\"is-layout-flow wp-block-column\">\n<figure class=\"wp-block-image aligncenter size-large\"><a href=\"https:\/\/humanas.unsl.edu.ar\/index.php\/institucional\/comunicacion-institucional\/\" target=\"_self\" rel=\"acceso comunicaci\u00f3n institucional noopener\"><img decoding=\"async\" src=\"https:\/\/humanas.unsl.edu.ar\/wp-content\/uploads\/2022\/04\/16-1.png?w=560\" alt=\"\"\/><\/a><\/figure>\n<\/div>\n<\/div>\n\n\n\n<div class=\"inherit-container-width is-layout-constrained wp-block-group alignfull\"><div class=\"wp-block-group__inner-container\">\n<div class=\"wp-block-cover alignfull is-light\" style=\"min-height:267px\"><span aria-hidden=\"true\" class=\"wp-block-cover__background has-background-dim-100 has-background-dim\" style=\"background-color:#d9d9d9\"><\/span><div class=\"wp-block-cover__inner-container\">\n<p class=\"has-text-align-center has-ast-global-color-8-color has-text-color has-medium-font-size\" style=\"font-style:normal;font-weight:700;line-height:1\"><strong>Pol\u00edticas de inclusi\u00f3n, g\u00e9nero y cuidado integral<\/strong><\/p>\n\n\n\n<div class=\"is-layout-flex wp-container-12 wp-block-columns alignfull\">\n<div class=\"is-layout-flow wp-block-column\">\n<figure class=\"wp-block-image size-full\"><a href=\"https:\/\/www.unsl.edu.ar\/index.php\/menu\/eti\"><img decoding=\"async\" loading=\"lazy\" width=\"480\" height=\"120\" src=\"https:\/\/humanas.unsl.edu.ar\/wp-content\/uploads\/2026\/02\/banner_protocolo_violencia_500x120-480x120-1.png\" alt=\"\" class=\"wp-image-14467\" srcset=\"https:\/\/humanas.unsl.edu.ar\/wp-content\/uploads\/2026\/02\/banner_protocolo_violencia_500x120-480x120-1.png 480w, https:\/\/humanas.unsl.edu.ar\/wp-content\/uploads\/2026\/02\/banner_protocolo_violencia_500x120-480x120-1-300x75.png 300w\" sizes=\"(max-width: 480px) 100vw, 480px\" \/><\/a><\/figure>\n<\/div>\n\n\n\n<div class=\"is-layout-flow wp-block-column\">\n<figure class=\"wp-block-image aligncenter size-full\"><a href=\"http:\/\/www.prevencionenadicciones.unsl.edu.ar\/\"><img decoding=\"async\" loading=\"lazy\" width=\"500\" height=\"120\" src=\"https:\/\/humanas.unsl.edu.ar\/wp-content\/uploads\/2026\/02\/banner_programa_adicciones_500x120.png\" alt=\"\" class=\"wp-image-14461\" srcset=\"https:\/\/humanas.unsl.edu.ar\/wp-content\/uploads\/2026\/02\/banner_programa_adicciones_500x120.png 500w, https:\/\/humanas.unsl.edu.ar\/wp-content\/uploads\/2026\/02\/banner_programa_adicciones_500x120-300x72.png 300w\" sizes=\"(max-width: 500px) 100vw, 500px\" \/><\/a><\/figure>\n<\/div>\n\n\n\n<div class=\"is-layout-flow wp-block-column has-ast-global-color-3-color has-text-color\">\n<figure class=\"wp-block-image aligncenter size-full is-style-default\"><a href=\"https:\/\/universidadydiscapacidad.unsl.edu.ar\/\"><img decoding=\"async\" loading=\"lazy\" width=\"500\" height=\"120\" src=\"https:\/\/humanas.unsl.edu.ar\/wp-content\/uploads\/2026\/02\/banner_programa_discapacidad_500x120.png\" alt=\"\" class=\"wp-image-14462\" srcset=\"https:\/\/humanas.unsl.edu.ar\/wp-content\/uploads\/2026\/02\/banner_programa_discapacidad_500x120.png 500w, https:\/\/humanas.unsl.edu.ar\/wp-content\/uploads\/2026\/02\/banner_programa_discapacidad_500x120-300x72.png 300w\" sizes=\"(max-width: 500px) 100vw, 500px\" \/><\/a><\/figure>\n<\/div>\n\n\n\n<div class=\"is-layout-flow wp-block-column has-ast-global-color-3-color has-text-color\">\n<figure class=\"wp-block-image aligncenter size-full is-style-default\"><a href=\"https:\/\/humanas.unsl.edu.ar\/index.php\/inicio\/accesibilidad\/\"><img decoding=\"async\" loading=\"lazy\" width=\"500\" height=\"120\" src=\"https:\/\/humanas.unsl.edu.ar\/wp-content\/uploads\/2026\/02\/banner_programa_accesibilidad_fch_500x120.png\" alt=\"\" class=\"wp-image-14460\" srcset=\"https:\/\/humanas.unsl.edu.ar\/wp-content\/uploads\/2026\/02\/banner_programa_accesibilidad_fch_500x120.png 500w, https:\/\/humanas.unsl.edu.ar\/wp-content\/uploads\/2026\/02\/banner_programa_accesibilidad_fch_500x120-300x72.png 300w\" sizes=\"(max-width: 500px) 100vw, 500px\" \/><\/a><\/figure>\n<\/div>\n<\/div>\n<\/div><\/div>\n<\/div><\/div>\n\n\n\n<div class=\"inherit-container-width is-layout-constrained wp-block-group alignwide\"><div class=\"wp-block-group__inner-container\">\n<div class=\"wp-block-jetpack-layout-grid alignfull column1-desktop-grid__span-3 column1-desktop-grid__row-1 column2-desktop-grid__span-3 column2-desktop-grid__start-4 column2-desktop-grid__row-1 column3-desktop-grid__span-3 column3-desktop-grid__start-7 column3-desktop-grid__row-1 column4-desktop-grid__span-3 column4-desktop-grid__start-10 column4-desktop-grid__row-1 column1-tablet-grid__span-4 column1-tablet-grid__row-1 column2-tablet-grid__span-4 column2-tablet-grid__start-5 column2-tablet-grid__row-1 column3-tablet-grid__span-4 column3-tablet-grid__row-2 column4-tablet-grid__span-4 column4-tablet-grid__start-5 column4-tablet-grid__row-2 column1-mobile-grid__span-4 column1-mobile-grid__row-1 column2-mobile-grid__span-4 column2-mobile-grid__row-2 column3-mobile-grid__span-4 column3-mobile-grid__row-3 column4-mobile-grid__span-4 column4-mobile-grid__row-4 wp-block-jetpack-layout-gutter__medium\">\n<div class=\"wp-block-jetpack-layout-grid-column wp-block-jetpack-layout-grid__padding-none is-vertically-aligned-top\">\n<h6 class=\"has-text-align-center\" id=\"informacion-institucional\"><strong>INFORMACI\u00d3N INSTITUCIONAL<\/strong><\/h6>\n\n\n\n<p><strong>Tel\u00e9fono:<\/strong>&nbsp;+54 (0266) 4520300<\/p>\n\n\n\n<p class=\"wp-elements-e6ca50e8000ea0ddd7ca28e37e89d93a has-link-color\" style=\"font-size:15px\"><strong>Direcci\u00f3n:<\/strong>&nbsp;Ej\u00e9rcito de Los Andes 950, D5700HHW.<br>San Luis, Argentina <br><strong>\u00bfC\u00f3mo llegar?<\/strong><br><a href=\"https:\/\/goo.gl\/maps\/JfpaQGqv7zH2\" target=\"_blank\" rel=\"noopener\">Ver ubicaci\u00f3n en Google Maps<\/a><\/p>\n<\/div>\n\n\n\n<div class=\"wp-block-jetpack-layout-grid-column wp-block-jetpack-layout-grid__padding-none is-vertically-aligned-top\">\n<h6 class=\"has-text-align-center\" id=\"contactos-frecuentes\"><strong>CONTACTOS FRECUENTES<\/strong><\/h6>\n\n\n\n<p class=\"wp-elements-b1aa7a71407969e91e35537b3b790954 has-link-color\" style=\"font-size:15px\"><strong>Consultas Acad\u00e9micas:<\/strong><br><a href=\"mailto:secretar\u00eda.academica.fchumanas@gmail.com\">secretar\u00eda.academica.fchumanas@gmail.com<\/a><\/p>\n\n\n\n<p class=\"wp-elements-c03ba341c07bfc69611de1a9f7cb7103 has-link-color\"><strong><span style=\"font-size: 1em; font-family: var(--font-base, 'Noto Sans', -apple-system, BlinkMacSystemFont, 'Segoe UI', 'Roboto', 'Oxygen', 'Ubuntu', 'Cantarell', 'Fira Sans', 'Droid Sans', 'Helvetica Neue', sans-serif);\">\u00c1rea de Prensa FCH:<\/span><\/strong> <br>Mail: <a href=\"mailto:prensahumanas@gmail.com\" target=\"_blank\" rel=\"noopener\">prensahumanas@gmail.com<\/a><\/p>\n<\/div>\n\n\n\n<div class=\"wp-block-jetpack-layout-grid-column wp-block-jetpack-layout-grid__padding-none is-vertically-aligned-top\">\n<h6 class=\"has-text-align-center\"><strong>REDES SOCIALES<\/strong><\/h6>\n\n\n\n<div style=\"height:39px\" aria-hidden=\"true\" class=\"wp-block-spacer\"><\/div>\n\n\n\n<figure class=\"wp-block-image aligncenter size-large is-resized\"><a href=\"https:\/\/www.facebook.com\/FacultaddeCienciasHumanasUNSL\"><img decoding=\"async\" loading=\"lazy\" src=\"https:\/\/humanas.unsl.edu.ar\/wp-content\/uploads\/2025\/04\/2.png\" alt=\"\" width=\"50\" height=\"50\"\/><\/a><\/figure>\n\n\n\n<figure class=\"wp-block-image aligncenter size-large is-resized\"><a href=\"https:\/\/www.instagram.com\/fchunsl\/\"><img decoding=\"async\" loading=\"lazy\" src=\"https:\/\/humanas.unsl.edu.ar\/wp-content\/uploads\/2025\/04\/3.png\" alt=\"\" width=\"50\" height=\"50\"\/><\/a><\/figure>\n\n\n\n<figure class=\"wp-block-image aligncenter size-large is-resized\"><a href=\"https:\/\/www.youtube.com\/user\/FCHumanas\/featured\"><img decoding=\"async\" loading=\"lazy\" src=\"https:\/\/humanas.unsl.edu.ar\/wp-content\/uploads\/2025\/04\/4.png\" alt=\"\" width=\"50\" height=\"50\"\/><\/a><\/figure>\n<\/div>\n\n\n\n<div class=\"wp-block-jetpack-layout-grid-column wp-block-jetpack-layout-grid__padding-none is-vertically-aligned-top\">\n<h6 class=\"has-text-align-center\" id=\"mapa-del-sitio\"><strong>MAPA DEL SITIO<\/strong><\/h6>\n\n\n\n<p class=\"wp-elements-1397c35b9e2e918621157f30b7193635 has-link-color has-small-font-size\"><a href=\"https:\/\/humanas.unsl.edu.ar\/index.php\/institucional\/\"><strong>INSTITUCIONAL<\/strong><\/a><\/p>\n\n\n\n<p class=\"wp-elements-0bd3ffa8a883f0b13e6f56164c78a984 has-link-color has-small-font-size\"><strong><a href=\"https:\/\/humanas.unsl.edu.ar\/index.php\/inicio\/carreras\/\" data-type=\"page\" data-id=\"43\">CARRERAS<\/a><\/strong><\/p>\n\n\n\n<p class=\"wp-elements-e08edd761a82e37945c35feca7f941e7 has-link-color has-small-font-size\"><a href=\"https:\/\/humanas.unsl.edu.ar\/index.php\/ingreso\/\"><strong>INGRESO<\/strong><\/a><\/p>\n\n\n\n<p class=\"wp-elements-0f48f5cfddf8f1cb3cc2fc334698f944 has-link-color has-small-font-size\"><strong><a href=\"https:\/\/humanas.unsl.edu.ar\/index.php\/docentes-2\/\">DOCENTES<\/a><\/strong><\/p>\n\n\n\n<p class=\"wp-elements-798f5ae66e960f6a3984ba7e89bbb54f has-link-color has-small-font-size\"><a href=\"https:\/\/humanas.unsl.edu.ar\/index.php\/estudiantes\/\"><strong>ESTUDIANTES<\/strong><\/a><\/p>\n\n\n\n<p class=\"wp-elements-59cdf5b53d24ae7687d9ce067dc9ebd6 has-link-color has-small-font-size\"><a href=\"http:\/\/www.unsl.edu.ar\/\" target=\"_blank\" rel=\"noreferrer noopener\"><strong>UNSL<\/strong><\/a><\/p>\n\n\n\n<p class=\"wp-elements-fb03084c20f509df7c9c2962bde465ce has-link-color has-small-font-size\"><strong><a href=\"https:\/\/humanas.unsl.edu.ar\/index.php\/noticias\/\" data-type=\"page\" data-id=\"186\">NOTICIAS<\/a><\/strong><\/p>\n<\/div>\n<\/div>\n<\/div><\/div>\n","protected":false},"excerpt":{"rendered":"<p>Inicio \/ Institucional \/ Historia Historia de la Facultad de Ciencias Humanas Algunas de las carreras que se dictan en la Facultad de Ciencias Humanas tienen su origen en la misma creaci\u00f3n de la Universidad Nacional de Cuyo. Esta fue fundada como una casa de estudios regional abarcando un \u00e1rea geogr\u00e1fica que comprend\u00eda las tres &hellip;<\/p>\n<p class=\"read-more\"> <a class=\"\" href=\"https:\/\/humanas.unsl.edu.ar\/index.php\/inicio\/institucional\/historia\/\"> <span class=\"screen-reader-text\">Historia<\/span> Leer m\u00e1s &raquo;<\/a><\/p>\n","protected":false},"author":1,"featured_media":0,"parent":41,"menu_order":4,"comment_status":"closed","ping_status":"closed","template":"","meta":{"site-sidebar-layout":"default","site-content-layout":"","ast-site-content-layout":"default","site-content-style":"default","site-sidebar-style":"default","ast-global-header-display":"","ast-banner-title-visibility":"","ast-main-header-display":"","ast-hfb-above-header-display":"","ast-hfb-below-header-display":"","ast-hfb-mobile-header-display":"","site-post-title":"","ast-breadcrumbs-content":"","ast-featured-img":"","footer-sml-layout":"","theme-transparent-header-meta":"","adv-header-id-meta":"","stick-header-meta":"","header-above-stick-meta":"","header-main-stick-meta":"","header-below-stick-meta":"","astra-migrate-meta-layouts":"set","ast-page-background-enabled":"default","ast-page-background-meta":{"desktop":{"background-color":"var(--ast-global-color-4)","background-image":"","background-repeat":"repeat","background-position":"center center","background-size":"auto","background-attachment":"scroll","background-type":"","background-media":"","overlay-type":"","overlay-color":"","overlay-gradient":""},"tablet":{"background-color":"","background-image":"","background-repeat":"repeat","background-position":"center center","background-size":"auto","background-attachment":"scroll","background-type":"","background-media":"","overlay-type":"","overlay-color":"","overlay-gradient":""},"mobile":{"background-color":"","background-image":"","background-repeat":"repeat","background-position":"center center","background-size":"auto","background-attachment":"scroll","background-type":"","background-media":"","overlay-type":"","overlay-color":"","overlay-gradient":""}},"ast-content-background-meta":{"desktop":{"background-color":"var(--ast-global-color-5)","background-image":"","background-repeat":"repeat","background-position":"center center","background-size":"auto","background-attachment":"scroll","background-type":"","background-media":"","overlay-type":"","overlay-color":"","overlay-gradient":""},"tablet":{"background-color":"var(--ast-global-color-5)","background-image":"","background-repeat":"repeat","background-position":"center center","background-size":"auto","background-attachment":"scroll","background-type":"","background-media":"","overlay-type":"","overlay-color":"","overlay-gradient":""},"mobile":{"background-color":"var(--ast-global-color-5)","background-image":"","background-repeat":"repeat","background-position":"center center","background-size":"auto","background-attachment":"scroll","background-type":"","background-media":"","overlay-type":"","overlay-color":"","overlay-gradient":""}}},"_links":{"self":[{"href":"https:\/\/humanas.unsl.edu.ar\/index.php\/wp-json\/wp\/v2\/pages\/5908"}],"collection":[{"href":"https:\/\/humanas.unsl.edu.ar\/index.php\/wp-json\/wp\/v2\/pages"}],"about":[{"href":"https:\/\/humanas.unsl.edu.ar\/index.php\/wp-json\/wp\/v2\/types\/page"}],"author":[{"embeddable":true,"href":"https:\/\/humanas.unsl.edu.ar\/index.php\/wp-json\/wp\/v2\/users\/1"}],"replies":[{"embeddable":true,"href":"https:\/\/humanas.unsl.edu.ar\/index.php\/wp-json\/wp\/v2\/comments?post=5908"}],"version-history":[{"count":9,"href":"https:\/\/humanas.unsl.edu.ar\/index.php\/wp-json\/wp\/v2\/pages\/5908\/revisions"}],"predecessor-version":[{"id":8479,"href":"https:\/\/humanas.unsl.edu.ar\/index.php\/wp-json\/wp\/v2\/pages\/5908\/revisions\/8479"}],"up":[{"embeddable":true,"href":"https:\/\/humanas.unsl.edu.ar\/index.php\/wp-json\/wp\/v2\/pages\/41"}],"wp:attachment":[{"href":"https:\/\/humanas.unsl.edu.ar\/index.php\/wp-json\/wp\/v2\/media?parent=5908"}],"curies":[{"name":"wp","href":"https:\/\/api.w.org\/{rel}","templated":true}]}}