{"id":7225,"date":"2023-07-07T20:09:48","date_gmt":"2023-07-07T23:09:48","guid":{"rendered":"https:\/\/humanas.unsl.edu.ar\/?page_id=7225"},"modified":"2025-12-20T14:45:30","modified_gmt":"2025-12-20T17:45:30","slug":"iichs-reglamentaciones","status":"publish","type":"page","link":"https:\/\/humanas.unsl.edu.ar\/index.php\/inicio\/institucional\/decanato\/secretarias\/cyt\/iichs-unsl\/iichs-reglamentaciones\/","title":{"rendered":"Iichs &#8211; reglamentaciones"},"content":{"rendered":"\n<div style=\"height:25px\" aria-hidden=\"true\" class=\"wp-block-spacer\"><\/div>\n\n\n\n<h6 class=\"wp-elements-816a5f0ba18c92c0160b0cb28f2ece70 alignwide has-ast-global-color-3-color has-text-color has-background has-link-color\" style=\"background-color:#fde2cb;line-height:1.5\"><a href=\"https:\/\/humanas.unsl.edu.ar\/\" data-type=\"page\" data-id=\"264\">Inicio<\/a> \/ <a href=\"https:\/\/humanas.unsl.edu.ar\/index.php\/pagina-de-inicio\/institucional\/decanato\/secretarias-fch\/secretaria-de-ciencia-y-tecnologia\/iichs-unsl\/\" data-type=\"page\" data-id=\"3333\">Instituto de Investigaciones en Ciencias Sociales y Humanas<\/a> \/ Reglamentaciones<\/h6>\n\n\n\n<div style=\"height:25px\" aria-hidden=\"true\" class=\"wp-block-spacer\"><\/div>\n\n\n\n<div class=\"is-layout-flex wp-container-9 wp-block-columns alignwide\">\n<div class=\"is-layout-flow wp-block-column\" style=\"flex-basis:100%\">\n<div class=\"is-layout-flex wp-container-7 wp-block-columns\">\n<div class=\"is-layout-flow wp-block-column\" style=\"flex-basis:66.66%\">\n<h4 class=\"alignfull has-text-color has-background\" id=\"bienvenidx-a-la-facultad-de-ciencias-humanas\" style=\"color:#ffffff;background-color:#ed6f03;letter-spacing:0px;line-height:1.5\">Iichys &#8211; Reglamentaciones<\/h4>\n\n\n\n<blockquote class=\"wp-block-quote\">\n<p class=\"wp-elements-a62d07ad763fd338c353d0c1bd963e02 has-text-align-justify has-ast-global-color-0-color has-text-color has-link-color\" style=\"font-size:16px;line-height:1.5\"><strong><a href=\"http:\/\/digesto.unsl.edu.ar\/wrapper.php?op=202112\/20211222093912_10234.pdf\">OCD &#8211; 07\/21<\/a><\/strong> \u2013 Creaci\u00f3n del Instituto de Investigaciones en Ciencias Humanas y Sociales de la UNSL.<br><strong><a href=\"http:\/\/digesto.unsl.edu.ar\/wrapper.php?op=202112\/20211229100938_1104.pdf\">OCS &#8211; 61\/21<\/a><\/strong><a href=\"http:\/\/digesto.unsl.edu.ar\/wrapper.php?op=200610\/20061005085613_20815.pdf\"> <\/a>\u2013 Aval creaci\u00f3n del IICHYS-UNSL.<br><strong><a href=\"http:\/\/digesto.unsl.edu.ar\/wrapper.php?op=202205\/20220530112256_23042.pdf\">RCD &#8211; 76\/22<\/a><\/strong> \u2013 Protocolo de la Comisi\u00f3n Normalizadora.<br><strong><a href=\"http:\/\/digesto.unsl.edu.ar\/wrapper.php?op=202207\/20220727130120_2043.pdf\">RCD &#8211; 126\/22<\/a> &#8211; <\/strong>Aprobaci\u00f3n del Reglamento Interno.<br><strong><a href=\"http:\/\/digesto.unsl.edu.ar\/wrapper.php?op=202209\/20220915094003_6127.pdf\">RCD &#8211; 172\/22<\/a> &#8211; <\/strong>Conformaci\u00f3n del Consejo Directivo provisorio, Director y Vice Directora Normalizadora.<br><strong><a href=\"http:\/\/digesto.unsl.edu.ar\/docs\/202307\/20230731134022_26725.pdf\">RCD &#8211; 139\/23<\/a> &#8211; <\/strong>Reglamento de Funcionamiento del Consejo Directivo del Instituto de Investigaciones en Ciencias Humanas y Sociales (IICHS-UNSL).<br><strong><a href=\"http:\/\/digesto.unsl.edu.ar\/docs\/202310\/20231020101557_8321.pdf\">RCD &#8211; 289\/23<\/a><\/strong>. Reglamento de Ingreso y Permanencia del Instituto de Investigaciones en Ciencias Humanas y Sociales de la Facultad de Ciencias Humanas (IICHS-UNSL) contenido en el ANEXO I de la presente disposici\u00f3n.<br><strong><a href=\"https:\/\/humanas.unsl.edu.ar\/wp-content\/uploads\/2025\/06\/OCD_3_2025.pdf\">OCD &#8211; 03\/25<\/a><\/strong>. Aprobar el Reglamento Electoral del Instituto de Investigaciones en Ciencias Humanas y Sociales de la Universidad Nacional de San Luis (IICHS-UNSL). Contiene Anexos I, II, III, IV y V.<br><a href=\"https:\/\/humanas.unsl.edu.ar\/wp-content\/uploads\/2025\/11\/RCD_292_2025.pdf\"><strong>RCD &#8211; 292\/2025<\/strong><\/a>.  Aprobar el Reglamento de Concurso para el cargo de Director\/a del Instituto de Investigaciones en Ciencias Humanas y Sociales de la Universidad Nacional de San Luis (IICHS-UNSL), contenido en el Anexo a la presente disposici\u00f3n.<br><strong><a href=\"https:\/\/humanas.unsl.edu.ar\/wp-content\/uploads\/2025\/12\/RCD-413-25.pdf\">RCD &#8211; 413\/2025<\/a><\/strong>. Aprobar el Llamado a Concurso, p\u00fablico y abierto, para ocupar el Cargo de Director\/a del Instituto de Investigaciones en Ciencias Humanas y Sociales de la Universidad Nacional de San Luis (IICHS-UNSL).<\/p>\n<\/blockquote>\n<\/div>\n\n\n\n<div class=\"is-layout-flow wp-block-column\" style=\"flex-basis:33.33%\">\n<ul>\n<li><a href=\"https:\/\/humanas.unsl.edu.ar\/index.php\/pagina-de-inicio\/institucional\/decanato\/secretarias-fch\/secretaria-de-ciencia-y-tecnologia\/iichs-unsl\/iichs-historia\/\" data-type=\"page\" data-id=\"6626\">Historia<\/a><\/li>\n\n\n\n<li><a href=\"https:\/\/humanas.unsl.edu.ar\/index.php\/pagina-de-inicio\/institucional\/decanato\/secretarias-fch\/secretaria-de-ciencia-y-tecnologia\/iichs-unsl\/iichs-consejo-normalizador\/\" data-type=\"page\" data-id=\"6634\">Autoridades<\/a><\/li>\n\n\n\n<li><a href=\"https:\/\/humanas.unsl.edu.ar\/index.php\/pagina-de-inicio\/institucional\/decanato\/secretarias-fch\/secretaria-de-ciencia-y-tecnologia\/iichs-unsl\/iichs-lineas-de-trabajo\/\" data-type=\"page\" data-id=\"6639\">L\u00edneas de trabajo<\/a><\/li>\n\n\n\n<li><a href=\"https:\/\/humanas.unsl.edu.ar\/index.php\/pagina-de-inicio\/institucional\/decanato\/secretarias-fch\/secretaria-de-ciencia-y-tecnologia\/iichs-unsl\/iichs-integrantes\/\" data-type=\"page\" data-id=\"6651\">Integrantes del IICHS<\/a><\/li>\n\n\n\n<li><a href=\"https:\/\/humanas.unsl.edu.ar\/index.php\/pagina-de-inicio\/institucional\/decanato\/secretarias-fch\/secretaria-de-ciencia-y-tecnologia\/iichs-unsl\/iichs-postulaciones\/\" data-type=\"page\" data-id=\"6656\">Postulaciones para Ingreso<\/a><\/li>\n<\/ul>\n\n\n\n<div style=\"height:30px\" aria-hidden=\"true\" class=\"wp-block-spacer\"><\/div>\n\n\n\n<p class=\"has-text-align-center\"><strong>Secretar\u00eda Ciencia y T\u00e9cnica<\/strong><br>Edificio Rectorado. 1\u00ba Piso \u2013 Sector \u201cB\u201d<br>Tel\u00e9fonos: 2664-520300 int. 5247<br>Mail:&nbsp;<a href=\"mailto:cyt.fch@gmail.com\">cyt.fch@gmail.com<\/a><\/p>\n\n\n\n<div style=\"height:30px\" aria-hidden=\"true\" class=\"wp-block-spacer\"><\/div>\n\n\n\n<div class=\"is-layout-flex wp-container-3 wp-block-columns are-vertically-aligned-top\">\n<div class=\"is-layout-flow wp-block-column is-vertically-aligned-top\">\n<figure class=\"wp-block-image aligncenter size-full is-resized\"><a href=\"https:\/\/fchportaldigital.unsl.edu.ar\/\"><img decoding=\"async\" loading=\"lazy\" src=\"https:\/\/humanas.unsl.edu.ar\/wp-content\/uploads\/2022\/10\/icono-portal-digital.png\" alt=\"\" class=\"wp-image-3997\" width=\"107\" height=\"107\" srcset=\"https:\/\/humanas.unsl.edu.ar\/wp-content\/uploads\/2022\/10\/icono-portal-digital.png 278w, https:\/\/humanas.unsl.edu.ar\/wp-content\/uploads\/2022\/10\/icono-portal-digital-150x150.png 150w, https:\/\/humanas.unsl.edu.ar\/wp-content\/uploads\/2022\/10\/icono-portal-digital-250x250.png 250w\" sizes=\"(max-width: 107px) 100vw, 107px\" \/><\/a><\/figure>\n<\/div>\n<\/div>\n\n\n\n<div style=\"height:30px\" aria-hidden=\"true\" class=\"wp-block-spacer\"><\/div>\n\n\n\n<div class=\"is-layout-flex wp-container-5 wp-block-columns\">\n<div class=\"is-layout-flow wp-block-column\">\n<figure class=\"wp-block-image aligncenter size-full is-resized\"><a href=\"https:\/\/humanas.unsl.edu.ar\/index.php\/noticias-fch\/\"><img decoding=\"async\" loading=\"lazy\" src=\"https:\/\/humanas.unsl.edu.ar\/wp-content\/uploads\/2022\/06\/1.png\" alt=\"\" class=\"wp-image-2994\" width=\"85\" height=\"85\"\/><\/a><\/figure>\n<\/div>\n<\/div>\n<\/div>\n<\/div>\n<\/div>\n<\/div>\n\n\n\n<div style=\"height:26px\" aria-hidden=\"true\" class=\"wp-block-spacer\"><\/div>\n\n\n\n<div class=\"inherit-container-width is-layout-constrained wp-block-group alignfull\"><div class=\"wp-block-group__inner-container\">\n<div class=\"wp-block-cover alignfull is-light\" style=\"min-height:267px\"><span aria-hidden=\"true\" class=\"wp-block-cover__background has-background-dim-100 has-background-dim\" style=\"background-color:#d9d9d9\"><\/span><div class=\"wp-block-cover__inner-container\">\n<p class=\"has-text-align-center has-ast-global-color-8-color has-text-color has-medium-font-size\" style=\"font-style:normal;font-weight:700;line-height:1\"><strong>Pol\u00edticas de inclusi\u00f3n, g\u00e9nero y cuidado integral<\/strong><\/p>\n\n\n\n<div class=\"is-layout-flex wp-container-14 wp-block-columns alignfull\">\n<div class=\"is-layout-flow wp-block-column\">\n<figure class=\"wp-block-image size-full\"><a href=\"https:\/\/www.unsl.edu.ar\/index.php\/menu\/eti\"><img decoding=\"async\" loading=\"lazy\" width=\"480\" height=\"120\" src=\"https:\/\/humanas.unsl.edu.ar\/wp-content\/uploads\/2026\/02\/banner_protocolo_violencia_500x120-480x120-1.png\" alt=\"\" class=\"wp-image-14467\" srcset=\"https:\/\/humanas.unsl.edu.ar\/wp-content\/uploads\/2026\/02\/banner_protocolo_violencia_500x120-480x120-1.png 480w, https:\/\/humanas.unsl.edu.ar\/wp-content\/uploads\/2026\/02\/banner_protocolo_violencia_500x120-480x120-1-300x75.png 300w\" sizes=\"(max-width: 480px) 100vw, 480px\" \/><\/a><\/figure>\n<\/div>\n\n\n\n<div class=\"is-layout-flow wp-block-column\">\n<figure class=\"wp-block-image aligncenter size-full\"><a href=\"http:\/\/www.prevencionenadicciones.unsl.edu.ar\/\"><img decoding=\"async\" loading=\"lazy\" width=\"500\" height=\"120\" src=\"https:\/\/humanas.unsl.edu.ar\/wp-content\/uploads\/2026\/02\/banner_programa_adicciones_500x120.png\" alt=\"\" class=\"wp-image-14461\" srcset=\"https:\/\/humanas.unsl.edu.ar\/wp-content\/uploads\/2026\/02\/banner_programa_adicciones_500x120.png 500w, https:\/\/humanas.unsl.edu.ar\/wp-content\/uploads\/2026\/02\/banner_programa_adicciones_500x120-300x72.png 300w\" sizes=\"(max-width: 500px) 100vw, 500px\" \/><\/a><\/figure>\n<\/div>\n\n\n\n<div class=\"is-layout-flow wp-block-column has-ast-global-color-3-color has-text-color\">\n<figure class=\"wp-block-image aligncenter size-full is-style-default\"><a href=\"https:\/\/universidadydiscapacidad.unsl.edu.ar\/\"><img decoding=\"async\" loading=\"lazy\" width=\"500\" height=\"120\" src=\"https:\/\/humanas.unsl.edu.ar\/wp-content\/uploads\/2026\/02\/banner_programa_discapacidad_500x120.png\" alt=\"\" class=\"wp-image-14462\" srcset=\"https:\/\/humanas.unsl.edu.ar\/wp-content\/uploads\/2026\/02\/banner_programa_discapacidad_500x120.png 500w, https:\/\/humanas.unsl.edu.ar\/wp-content\/uploads\/2026\/02\/banner_programa_discapacidad_500x120-300x72.png 300w\" sizes=\"(max-width: 500px) 100vw, 500px\" \/><\/a><\/figure>\n<\/div>\n\n\n\n<div class=\"is-layout-flow wp-block-column has-ast-global-color-3-color has-text-color\">\n<figure class=\"wp-block-image aligncenter size-full is-style-default\"><a href=\"https:\/\/humanas.unsl.edu.ar\/index.php\/inicio\/accesibilidad\/\"><img decoding=\"async\" loading=\"lazy\" width=\"500\" height=\"120\" src=\"https:\/\/humanas.unsl.edu.ar\/wp-content\/uploads\/2026\/02\/banner_programa_accesibilidad_fch_500x120.png\" alt=\"\" class=\"wp-image-14460\" srcset=\"https:\/\/humanas.unsl.edu.ar\/wp-content\/uploads\/2026\/02\/banner_programa_accesibilidad_fch_500x120.png 500w, https:\/\/humanas.unsl.edu.ar\/wp-content\/uploads\/2026\/02\/banner_programa_accesibilidad_fch_500x120-300x72.png 300w\" sizes=\"(max-width: 500px) 100vw, 500px\" \/><\/a><\/figure>\n<\/div>\n<\/div>\n<\/div><\/div>\n<\/div><\/div>\n\n\n\n<div style=\"height:28px\" aria-hidden=\"true\" class=\"wp-block-spacer\"><\/div>\n\n\n\n<div class=\"inherit-container-width is-layout-constrained wp-block-group alignwide\"><div class=\"wp-block-group__inner-container\">\n<div class=\"wp-block-jetpack-layout-grid alignfull column1-desktop-grid__span-3 column1-desktop-grid__row-1 column2-desktop-grid__span-3 column2-desktop-grid__start-4 column2-desktop-grid__row-1 column3-desktop-grid__span-3 column3-desktop-grid__start-7 column3-desktop-grid__row-1 column4-desktop-grid__span-3 column4-desktop-grid__start-10 column4-desktop-grid__row-1 column1-tablet-grid__span-4 column1-tablet-grid__row-1 column2-tablet-grid__span-4 column2-tablet-grid__start-5 column2-tablet-grid__row-1 column3-tablet-grid__span-4 column3-tablet-grid__row-2 column4-tablet-grid__span-4 column4-tablet-grid__start-5 column4-tablet-grid__row-2 column1-mobile-grid__span-4 column1-mobile-grid__row-1 column2-mobile-grid__span-4 column2-mobile-grid__row-2 column3-mobile-grid__span-4 column3-mobile-grid__row-3 column4-mobile-grid__span-4 column4-mobile-grid__row-4 wp-block-jetpack-layout-gutter__medium\">\n<div class=\"wp-block-jetpack-layout-grid-column wp-block-jetpack-layout-grid__padding-none is-vertically-aligned-top\">\n<h6 class=\"has-text-align-center\" id=\"informacion-institucional\"><strong>INFORMACI\u00d3N INSTITUCIONAL<\/strong><\/h6>\n\n\n\n<p><strong>Tel\u00e9fono:<\/strong>&nbsp;+54 (0266) 4520300<\/p>\n\n\n\n<p class=\"wp-elements-e6ca50e8000ea0ddd7ca28e37e89d93a has-link-color\" style=\"font-size:15px\"><strong>Direcci\u00f3n:<\/strong>&nbsp;Ej\u00e9rcito de Los Andes 950, D5700HHW.<br>San Luis, Argentina <br><strong>\u00bfC\u00f3mo llegar?<\/strong><br><a href=\"https:\/\/goo.gl\/maps\/JfpaQGqv7zH2\" target=\"_blank\" rel=\"noopener\">Ver ubicaci\u00f3n en Google Maps<\/a><\/p>\n<\/div>\n\n\n\n<div class=\"wp-block-jetpack-layout-grid-column wp-block-jetpack-layout-grid__padding-none is-vertically-aligned-top\">\n<h6 class=\"has-text-align-center\" id=\"contactos-frecuentes\"><strong>CONTACTOS FRECUENTES<\/strong><\/h6>\n\n\n\n<p class=\"wp-elements-b1aa7a71407969e91e35537b3b790954 has-link-color\" style=\"font-size:15px\"><strong>Consultas Acad\u00e9micas:<\/strong><br><a href=\"mailto:secretar\u00eda.academica.fchumanas@gmail.com\">secretar\u00eda.academica.fchumanas@gmail.com<\/a><\/p>\n\n\n\n<p class=\"wp-elements-c03ba341c07bfc69611de1a9f7cb7103 has-link-color\"><strong><span style=\"font-size: 1em; font-family: var(--font-base, 'Noto Sans', -apple-system, BlinkMacSystemFont, 'Segoe UI', 'Roboto', 'Oxygen', 'Ubuntu', 'Cantarell', 'Fira Sans', 'Droid Sans', 'Helvetica Neue', sans-serif);\">\u00c1rea de Prensa FCH:<\/span><\/strong> <br>Mail: <a href=\"mailto:prensahumanas@gmail.com\" target=\"_blank\" rel=\"noopener\">prensahumanas@gmail.com<\/a><\/p>\n<\/div>\n\n\n\n<div class=\"wp-block-jetpack-layout-grid-column wp-block-jetpack-layout-grid__padding-none is-vertically-aligned-top\">\n<h6 class=\"has-text-align-center\"><strong>REDES SOCIALES<\/strong><\/h6>\n\n\n\n<div style=\"height:39px\" aria-hidden=\"true\" class=\"wp-block-spacer\"><\/div>\n\n\n\n<figure class=\"wp-block-image aligncenter size-large is-resized\"><a href=\"https:\/\/www.facebook.com\/FacultaddeCienciasHumanasUNSL\"><img decoding=\"async\" loading=\"lazy\" src=\"https:\/\/humanas.unsl.edu.ar\/wp-content\/uploads\/2025\/04\/2.png\" alt=\"\" width=\"50\" height=\"50\"\/><\/a><\/figure>\n\n\n\n<figure class=\"wp-block-image aligncenter size-large is-resized\"><a href=\"https:\/\/www.instagram.com\/fchunsl\/\"><img decoding=\"async\" loading=\"lazy\" src=\"https:\/\/humanas.unsl.edu.ar\/wp-content\/uploads\/2025\/04\/3.png\" alt=\"\" width=\"50\" height=\"50\"\/><\/a><\/figure>\n\n\n\n<figure class=\"wp-block-image aligncenter size-large is-resized\"><a href=\"https:\/\/www.youtube.com\/user\/FCHumanas\/featured\"><img decoding=\"async\" loading=\"lazy\" src=\"https:\/\/humanas.unsl.edu.ar\/wp-content\/uploads\/2025\/04\/4.png\" alt=\"\" width=\"50\" height=\"50\"\/><\/a><\/figure>\n<\/div>\n\n\n\n<div class=\"wp-block-jetpack-layout-grid-column wp-block-jetpack-layout-grid__padding-none is-vertically-aligned-top\">\n<h6 class=\"has-text-align-center\" id=\"mapa-del-sitio\"><strong>MAPA DEL SITIO<\/strong><\/h6>\n\n\n\n<p class=\"wp-elements-1397c35b9e2e918621157f30b7193635 has-link-color has-small-font-size\"><a href=\"https:\/\/humanas.unsl.edu.ar\/index.php\/institucional\/\"><strong>INSTITUCIONAL<\/strong><\/a><\/p>\n\n\n\n<p class=\"wp-elements-0bd3ffa8a883f0b13e6f56164c78a984 has-link-color has-small-font-size\"><strong><a href=\"https:\/\/humanas.unsl.edu.ar\/index.php\/inicio\/carreras\/\" data-type=\"page\" data-id=\"43\">CARRERAS<\/a><\/strong><\/p>\n\n\n\n<p class=\"wp-elements-e08edd761a82e37945c35feca7f941e7 has-link-color has-small-font-size\"><a href=\"https:\/\/humanas.unsl.edu.ar\/index.php\/ingreso\/\"><strong>INGRESO<\/strong><\/a><\/p>\n\n\n\n<p class=\"wp-elements-0f48f5cfddf8f1cb3cc2fc334698f944 has-link-color has-small-font-size\"><strong><a href=\"https:\/\/humanas.unsl.edu.ar\/index.php\/docentes-2\/\">DOCENTES<\/a><\/strong><\/p>\n\n\n\n<p class=\"wp-elements-798f5ae66e960f6a3984ba7e89bbb54f has-link-color has-small-font-size\"><a href=\"https:\/\/humanas.unsl.edu.ar\/index.php\/estudiantes\/\"><strong>ESTUDIANTES<\/strong><\/a><\/p>\n\n\n\n<p class=\"wp-elements-59cdf5b53d24ae7687d9ce067dc9ebd6 has-link-color has-small-font-size\"><a href=\"http:\/\/www.unsl.edu.ar\/\" target=\"_blank\" rel=\"noreferrer noopener\"><strong>UNSL<\/strong><\/a><\/p>\n\n\n\n<p class=\"wp-elements-fb03084c20f509df7c9c2962bde465ce has-link-color has-small-font-size\"><strong><a href=\"https:\/\/humanas.unsl.edu.ar\/index.php\/noticias\/\" data-type=\"page\" data-id=\"186\">NOTICIAS<\/a><\/strong><\/p>\n<\/div>\n<\/div>\n<\/div><\/div>\n","protected":false},"excerpt":{"rendered":"<p>Inicio \/ Instituto de Investigaciones en Ciencias Sociales y Humanas \/ Reglamentaciones Iichys &#8211; Reglamentaciones OCD &#8211; 07\/21 \u2013 Creaci\u00f3n del Instituto de Investigaciones en Ciencias Humanas y Sociales de la UNSL.OCS &#8211; 61\/21 \u2013 Aval creaci\u00f3n del IICHYS-UNSL.RCD &#8211; 76\/22 \u2013 Protocolo de la Comisi\u00f3n Normalizadora.RCD &#8211; 126\/22 &#8211; Aprobaci\u00f3n del Reglamento Interno.RCD &#8211; &hellip;<\/p>\n<p class=\"read-more\"> <a class=\"\" href=\"https:\/\/humanas.unsl.edu.ar\/index.php\/inicio\/institucional\/decanato\/secretarias\/cyt\/iichs-unsl\/iichs-reglamentaciones\/\"> <span class=\"screen-reader-text\">Iichs &#8211; reglamentaciones<\/span> Leer m\u00e1s &raquo;<\/a><\/p>\n","protected":false},"author":1,"featured_media":0,"parent":3333,"menu_order":6,"comment_status":"closed","ping_status":"closed","template":"","meta":{"site-sidebar-layout":"default","site-content-layout":"","ast-site-content-layout":"default","site-content-style":"default","site-sidebar-style":"default","ast-global-header-display":"","ast-banner-title-visibility":"","ast-main-header-display":"","ast-hfb-above-header-display":"","ast-hfb-below-header-display":"","ast-hfb-mobile-header-display":"","site-post-title":"","ast-breadcrumbs-content":"","ast-featured-img":"","footer-sml-layout":"","theme-transparent-header-meta":"","adv-header-id-meta":"","stick-header-meta":"","header-above-stick-meta":"","header-main-stick-meta":"","header-below-stick-meta":"","astra-migrate-meta-layouts":"set","ast-page-background-enabled":"default","ast-page-background-meta":{"desktop":{"background-color":"var(--ast-global-color-4)","background-image":"","background-repeat":"repeat","background-position":"center center","background-size":"auto","background-attachment":"scroll","background-type":"","background-media":"","overlay-type":"","overlay-color":"","overlay-gradient":""},"tablet":{"background-color":"","background-image":"","background-repeat":"repeat","background-position":"center center","background-size":"auto","background-attachment":"scroll","background-type":"","background-media":"","overlay-type":"","overlay-color":"","overlay-gradient":""},"mobile":{"background-color":"","background-image":"","background-repeat":"repeat","background-position":"center center","background-size":"auto","background-attachment":"scroll","background-type":"","background-media":"","overlay-type":"","overlay-color":"","overlay-gradient":""}},"ast-content-background-meta":{"desktop":{"background-color":"var(--ast-global-color-5)","background-image":"","background-repeat":"repeat","background-position":"center center","background-size":"auto","background-attachment":"scroll","background-type":"","background-media":"","overlay-type":"","overlay-color":"","overlay-gradient":""},"tablet":{"background-color":"var(--ast-global-color-5)","background-image":"","background-repeat":"repeat","background-position":"center center","background-size":"auto","background-attachment":"scroll","background-type":"","background-media":"","overlay-type":"","overlay-color":"","overlay-gradient":""},"mobile":{"background-color":"var(--ast-global-color-5)","background-image":"","background-repeat":"repeat","background-position":"center center","background-size":"auto","background-attachment":"scroll","background-type":"","background-media":"","overlay-type":"","overlay-color":"","overlay-gradient":""}}},"_links":{"self":[{"href":"https:\/\/humanas.unsl.edu.ar\/index.php\/wp-json\/wp\/v2\/pages\/7225"}],"collection":[{"href":"https:\/\/humanas.unsl.edu.ar\/index.php\/wp-json\/wp\/v2\/pages"}],"about":[{"href":"https:\/\/humanas.unsl.edu.ar\/index.php\/wp-json\/wp\/v2\/types\/page"}],"author":[{"embeddable":true,"href":"https:\/\/humanas.unsl.edu.ar\/index.php\/wp-json\/wp\/v2\/users\/1"}],"replies":[{"embeddable":true,"href":"https:\/\/humanas.unsl.edu.ar\/index.php\/wp-json\/wp\/v2\/comments?post=7225"}],"version-history":[{"count":19,"href":"https:\/\/humanas.unsl.edu.ar\/index.php\/wp-json\/wp\/v2\/pages\/7225\/revisions"}],"predecessor-version":[{"id":14337,"href":"https:\/\/humanas.unsl.edu.ar\/index.php\/wp-json\/wp\/v2\/pages\/7225\/revisions\/14337"}],"up":[{"embeddable":true,"href":"https:\/\/humanas.unsl.edu.ar\/index.php\/wp-json\/wp\/v2\/pages\/3333"}],"wp:attachment":[{"href":"https:\/\/humanas.unsl.edu.ar\/index.php\/wp-json\/wp\/v2\/media?parent=7225"}],"curies":[{"name":"wp","href":"https:\/\/api.w.org\/{rel}","templated":true}]}}