{"id":7249,"date":"2023-07-07T20:44:20","date_gmt":"2023-07-07T23:44:20","guid":{"rendered":"https:\/\/humanas.unsl.edu.ar\/?page_id=7249"},"modified":"2023-12-27T20:12:02","modified_gmt":"2023-12-27T23:12:02","slug":"iichs-saberes-populares","status":"publish","type":"page","link":"https:\/\/humanas.unsl.edu.ar\/index.php\/inicio\/institucional\/decanato\/secretarias\/cyt\/iichs-unsl\/iichs-lineas-de-trabajo\/iichs-saberes-populares\/","title":{"rendered":"Iichs &#8211; saberes populares"},"content":{"rendered":"\n<div style=\"height:25px\" aria-hidden=\"true\" class=\"wp-block-spacer\"><\/div>\n\n\n\n<h6 class=\"wp-elements-d3f884945de8027b4b72a44f1e9a8530 alignwide has-ast-global-color-3-color has-text-color has-background has-link-color\" style=\"background-color:#fde2cb;line-height:1.5\"><a href=\"https:\/\/humanas.unsl.edu.ar\/\" data-type=\"page\" data-id=\"264\">Inicio<\/a> \/ <a href=\"https:\/\/humanas.unsl.edu.ar\/index.php\/inicio\/institucional\/decanato\/secretarias\/cyt\/iichs-unsl\/\" data-type=\"page\" data-id=\"3333\">Instituto de Investigaciones en Ciencias Sociales y Humanas<\/a> \/ <a href=\"https:\/\/humanas.unsl.edu.ar\/index.php\/inicio\/institucional\/decanato\/secretarias\/cyt\/iichs-unsl\/iichs-lineas-de-trabajo\/\" data-type=\"page\" data-id=\"6639\">L\u00edneas de Trabajo<\/a> \/ Saberes populares, cient\u00edficos y tecnol\u00f3gicos <\/h6>\n\n\n\n<div style=\"height:25px\" aria-hidden=\"true\" class=\"wp-block-spacer\"><\/div>\n\n\n\n<div class=\"is-layout-flex wp-container-9 wp-block-columns alignwide\">\n<div class=\"is-layout-flow wp-block-column\" style=\"flex-basis:100%\">\n<div class=\"is-layout-flex wp-container-7 wp-block-columns\">\n<div class=\"is-layout-flow wp-block-column\" style=\"flex-basis:66.66%\">\n<h4 class=\"alignfull has-text-color has-background\" id=\"bienvenidx-a-la-facultad-de-ciencias-humanas\" style=\"color:#ffffff;background-color:#ed6f03;letter-spacing:0px;line-height:1.5\">Instituto de Investigaci\u00f3n en Ciencias Humanas y Sociales (IICHS-UNSL)<\/h4>\n\n\n\n<blockquote class=\"wp-block-quote\">\n<p style=\"font-size:17px\"><strong>Saberes populares, cient\u00edficos y tecnol\u00f3gicos: producci\u00f3n, recepci\u00f3n y reflexi\u00f3n<\/strong><\/p>\n\n\n\n<p style=\"font-size:16px\">Esta l\u00ednea de trabajo invita a abordar problemas acerca de la producci\u00f3n, recepci\u00f3n y reflexi\u00f3n de saberes populares, cient\u00edficos y tecnol\u00f3gicos.&nbsp; Se propician&nbsp; cruces interdisciplinarios, en los que pueden confluir disciplinas tales como sociolog\u00eda del conocimiento cient\u00edfico \/ sociolog\u00eda de la ciencia, antropolog\u00eda de la ciencia, historia de las ciencias, historia de las t\u00e9cnicas y de la tecnolog\u00eda, epistemolog\u00eda \/ filosof\u00eda de la ciencia, filosof\u00eda de la tecnolog\u00eda, etc.; o campos tales como estudios sociales de la ciencia y la tecnolog\u00eda,&nbsp; historiograf\u00eda de la ciencia, etc. Asimismo, se promueven abordajes con alcances transdisciplinarios, incluyendo a pr\u00e1cticas y agentes tanto acad\u00e9micos como extra-acad\u00e9micos. Todo ello desde diversas perspectivas: decoloniales, poscoloniales, feministas, epistemolog\u00edas de estilos hist\u00f3ricos o anal\u00edticos, etc. Se ponderan abordajes situados en Argentina y Nuestra Am\u00e9rica.<\/p>\n<\/blockquote>\n<\/div>\n\n\n\n<div class=\"is-layout-flow wp-block-column\" style=\"flex-basis:33.33%\">\n<ul>\n<li><a href=\"https:\/\/humanas.unsl.edu.ar\/index.php\/inicio\/institucional\/decanato\/secretarias\/cyt\/iichs-unsl\/iichs-historia\/\" data-type=\"page\" data-id=\"6626\">Historia<\/a><\/li>\n\n\n\n<li><a href=\"https:\/\/humanas.unsl.edu.ar\/index.php\/inicio\/institucional\/decanato\/secretarias\/cyt\/iichs-unsl\/iichs-consejo-normalizador\/\" data-type=\"page\" data-id=\"6634\">Autoridades<\/a><\/li>\n\n\n\n<li><a href=\"https:\/\/humanas.unsl.edu.ar\/index.php\/noticias-fch\/inicio\/institucional\/decanato\/secretarias\/cyt\/iichs-unsl\/iichs-integrantes\/\" data-type=\"page\" data-id=\"6651\">Integrantes del IICHS<\/a><\/li>\n\n\n\n<li><a href=\"https:\/\/humanas.unsl.edu.ar\/index.php\/noticias-fch\/inicio\/institucional\/decanato\/secretarias\/cyt\/iichs-unsl\/iichs-postulaciones\/\" data-type=\"page\" data-id=\"6656\">Postulaciones para Ingreso<\/a><\/li>\n\n\n\n<li><a href=\"https:\/\/humanas.unsl.edu.ar\/index.php\/inicio\/institucional\/decanato\/secretarias\/cyt\/iichs-unsl\/iichs-reglamentaciones\/\" data-type=\"page\" data-id=\"7225\">Reglamentaciones<\/a><\/li>\n<\/ul>\n\n\n\n<div style=\"height:30px\" aria-hidden=\"true\" class=\"wp-block-spacer\"><\/div>\n\n\n\n<p class=\"has-text-align-center\"><strong>Secretar\u00eda Ciencia y T\u00e9cnica<\/strong><br>Edificio Rectorado. 1\u00ba Piso \u2013 Sector \u201cB\u201d<br>Tel\u00e9fonos: 2664-520300 int. 5247<br>Mail:&nbsp;<a href=\"mailto:cyt.fch@gmail.com\">cyt.fch@gmail.com<\/a><\/p>\n\n\n\n<div style=\"height:30px\" aria-hidden=\"true\" class=\"wp-block-spacer\"><\/div>\n\n\n\n<div class=\"is-layout-flex wp-container-3 wp-block-columns are-vertically-aligned-top\">\n<div class=\"is-layout-flow wp-block-column is-vertically-aligned-top\">\n<figure class=\"wp-block-image aligncenter size-full is-resized\"><a href=\"https:\/\/fchportaldigital.unsl.edu.ar\/\"><img decoding=\"async\" loading=\"lazy\" src=\"https:\/\/humanas.unsl.edu.ar\/wp-content\/uploads\/2022\/10\/icono-portal-digital.png\" alt=\"\" class=\"wp-image-3997\" width=\"107\" height=\"107\" srcset=\"https:\/\/humanas.unsl.edu.ar\/wp-content\/uploads\/2022\/10\/icono-portal-digital.png 278w, https:\/\/humanas.unsl.edu.ar\/wp-content\/uploads\/2022\/10\/icono-portal-digital-150x150.png 150w, https:\/\/humanas.unsl.edu.ar\/wp-content\/uploads\/2022\/10\/icono-portal-digital-250x250.png 250w\" sizes=\"(max-width: 107px) 100vw, 107px\" \/><\/a><\/figure>\n<\/div>\n<\/div>\n\n\n\n<div style=\"height:30px\" aria-hidden=\"true\" class=\"wp-block-spacer\"><\/div>\n\n\n\n<div class=\"is-layout-flex wp-container-5 wp-block-columns\">\n<div class=\"is-layout-flow wp-block-column\">\n<figure class=\"wp-block-image aligncenter size-full is-resized\"><a href=\"https:\/\/humanas.unsl.edu.ar\/index.php\/noticias-fch\/\"><img decoding=\"async\" loading=\"lazy\" src=\"https:\/\/humanas.unsl.edu.ar\/wp-content\/uploads\/2022\/06\/1.png\" alt=\"\" class=\"wp-image-2994\" width=\"85\" height=\"85\"\/><\/a><\/figure>\n<\/div>\n<\/div>\n<\/div>\n<\/div>\n<\/div>\n<\/div>\n\n\n\n<div style=\"height:26px\" aria-hidden=\"true\" class=\"wp-block-spacer\"><\/div>\n\n\n\n<div class=\"inherit-container-width is-layout-constrained wp-block-group alignfull\"><div class=\"wp-block-group__inner-container\">\n<div class=\"wp-block-cover alignfull is-light\" style=\"min-height:267px\"><span aria-hidden=\"true\" class=\"wp-block-cover__background has-background-dim-100 has-background-dim\" style=\"background-color:#d9d9d9\"><\/span><div class=\"wp-block-cover__inner-container\">\n<p class=\"has-text-align-center has-ast-global-color-8-color has-text-color has-medium-font-size\" style=\"font-style:normal;font-weight:700;line-height:1\"><strong>Pol\u00edticas de inclusi\u00f3n, g\u00e9nero y cuidado integral<\/strong><\/p>\n\n\n\n<div class=\"is-layout-flex wp-container-14 wp-block-columns alignfull\">\n<div class=\"is-layout-flow wp-block-column\">\n<figure class=\"wp-block-image size-full\"><a href=\"https:\/\/www.unsl.edu.ar\/index.php\/menu\/eti\"><img decoding=\"async\" loading=\"lazy\" width=\"480\" height=\"120\" src=\"https:\/\/humanas.unsl.edu.ar\/wp-content\/uploads\/2026\/02\/banner_protocolo_violencia_500x120-480x120-1.png\" alt=\"\" class=\"wp-image-14467\" srcset=\"https:\/\/humanas.unsl.edu.ar\/wp-content\/uploads\/2026\/02\/banner_protocolo_violencia_500x120-480x120-1.png 480w, https:\/\/humanas.unsl.edu.ar\/wp-content\/uploads\/2026\/02\/banner_protocolo_violencia_500x120-480x120-1-300x75.png 300w\" sizes=\"(max-width: 480px) 100vw, 480px\" \/><\/a><\/figure>\n<\/div>\n\n\n\n<div class=\"is-layout-flow wp-block-column\">\n<figure class=\"wp-block-image aligncenter size-full\"><a href=\"http:\/\/www.prevencionenadicciones.unsl.edu.ar\/\"><img decoding=\"async\" loading=\"lazy\" width=\"500\" height=\"120\" src=\"https:\/\/humanas.unsl.edu.ar\/wp-content\/uploads\/2026\/02\/banner_programa_adicciones_500x120.png\" alt=\"\" class=\"wp-image-14461\" srcset=\"https:\/\/humanas.unsl.edu.ar\/wp-content\/uploads\/2026\/02\/banner_programa_adicciones_500x120.png 500w, https:\/\/humanas.unsl.edu.ar\/wp-content\/uploads\/2026\/02\/banner_programa_adicciones_500x120-300x72.png 300w\" sizes=\"(max-width: 500px) 100vw, 500px\" \/><\/a><\/figure>\n<\/div>\n\n\n\n<div class=\"is-layout-flow wp-block-column has-ast-global-color-3-color has-text-color\">\n<figure class=\"wp-block-image aligncenter size-full is-style-default\"><a href=\"https:\/\/universidadydiscapacidad.unsl.edu.ar\/\"><img decoding=\"async\" loading=\"lazy\" width=\"500\" height=\"120\" src=\"https:\/\/humanas.unsl.edu.ar\/wp-content\/uploads\/2026\/02\/banner_programa_discapacidad_500x120.png\" alt=\"\" class=\"wp-image-14462\" srcset=\"https:\/\/humanas.unsl.edu.ar\/wp-content\/uploads\/2026\/02\/banner_programa_discapacidad_500x120.png 500w, https:\/\/humanas.unsl.edu.ar\/wp-content\/uploads\/2026\/02\/banner_programa_discapacidad_500x120-300x72.png 300w\" sizes=\"(max-width: 500px) 100vw, 500px\" \/><\/a><\/figure>\n<\/div>\n\n\n\n<div class=\"is-layout-flow wp-block-column has-ast-global-color-3-color has-text-color\">\n<figure class=\"wp-block-image aligncenter size-full is-style-default\"><a href=\"https:\/\/humanas.unsl.edu.ar\/index.php\/inicio\/accesibilidad\/\"><img decoding=\"async\" loading=\"lazy\" width=\"500\" height=\"120\" src=\"https:\/\/humanas.unsl.edu.ar\/wp-content\/uploads\/2026\/02\/banner_programa_accesibilidad_fch_500x120.png\" alt=\"\" class=\"wp-image-14460\" srcset=\"https:\/\/humanas.unsl.edu.ar\/wp-content\/uploads\/2026\/02\/banner_programa_accesibilidad_fch_500x120.png 500w, https:\/\/humanas.unsl.edu.ar\/wp-content\/uploads\/2026\/02\/banner_programa_accesibilidad_fch_500x120-300x72.png 300w\" sizes=\"(max-width: 500px) 100vw, 500px\" \/><\/a><\/figure>\n<\/div>\n<\/div>\n<\/div><\/div>\n<\/div><\/div>\n\n\n\n<div style=\"height:26px\" aria-hidden=\"true\" class=\"wp-block-spacer\"><\/div>\n\n\n","protected":false},"excerpt":{"rendered":"<p>Inicio \/ Instituto de Investigaciones en Ciencias Sociales y Humanas \/ L\u00edneas de Trabajo \/ Saberes populares, cient\u00edficos y tecnol\u00f3gicos Instituto de Investigaci\u00f3n en Ciencias Humanas y Sociales (IICHS-UNSL) Saberes populares, cient\u00edficos y tecnol\u00f3gicos: producci\u00f3n, recepci\u00f3n y reflexi\u00f3n Esta l\u00ednea de trabajo invita a abordar problemas acerca de la producci\u00f3n, recepci\u00f3n y reflexi\u00f3n de saberes &hellip;<\/p>\n<p class=\"read-more\"> <a class=\"\" href=\"https:\/\/humanas.unsl.edu.ar\/index.php\/inicio\/institucional\/decanato\/secretarias\/cyt\/iichs-unsl\/iichs-lineas-de-trabajo\/iichs-saberes-populares\/\"> <span class=\"screen-reader-text\">Iichs &#8211; saberes populares<\/span> Leer m\u00e1s &raquo;<\/a><\/p>\n","protected":false},"author":1,"featured_media":0,"parent":6639,"menu_order":8,"comment_status":"closed","ping_status":"closed","template":"","meta":{"site-sidebar-layout":"default","site-content-layout":"","ast-site-content-layout":"default","site-content-style":"default","site-sidebar-style":"default","ast-global-header-display":"","ast-banner-title-visibility":"","ast-main-header-display":"","ast-hfb-above-header-display":"","ast-hfb-below-header-display":"","ast-hfb-mobile-header-display":"","site-post-title":"","ast-breadcrumbs-content":"","ast-featured-img":"","footer-sml-layout":"","theme-transparent-header-meta":"","adv-header-id-meta":"","stick-header-meta":"","header-above-stick-meta":"","header-main-stick-meta":"","header-below-stick-meta":"","astra-migrate-meta-layouts":"set","ast-page-background-enabled":"default","ast-page-background-meta":{"desktop":{"background-color":"var(--ast-global-color-4)","background-image":"","background-repeat":"repeat","background-position":"center center","background-size":"auto","background-attachment":"scroll","background-type":"","background-media":"","overlay-type":"","overlay-color":"","overlay-gradient":""},"tablet":{"background-color":"","background-image":"","background-repeat":"repeat","background-position":"center center","background-size":"auto","background-attachment":"scroll","background-type":"","background-media":"","overlay-type":"","overlay-color":"","overlay-gradient":""},"mobile":{"background-color":"","background-image":"","background-repeat":"repeat","background-position":"center center","background-size":"auto","background-attachment":"scroll","background-type":"","background-media":"","overlay-type":"","overlay-color":"","overlay-gradient":""}},"ast-content-background-meta":{"desktop":{"background-color":"var(--ast-global-color-5)","background-image":"","background-repeat":"repeat","background-position":"center center","background-size":"auto","background-attachment":"scroll","background-type":"","background-media":"","overlay-type":"","overlay-color":"","overlay-gradient":""},"tablet":{"background-color":"var(--ast-global-color-5)","background-image":"","background-repeat":"repeat","background-position":"center center","background-size":"auto","background-attachment":"scroll","background-type":"","background-media":"","overlay-type":"","overlay-color":"","overlay-gradient":""},"mobile":{"background-color":"var(--ast-global-color-5)","background-image":"","background-repeat":"repeat","background-position":"center center","background-size":"auto","background-attachment":"scroll","background-type":"","background-media":"","overlay-type":"","overlay-color":"","overlay-gradient":""}}},"_links":{"self":[{"href":"https:\/\/humanas.unsl.edu.ar\/index.php\/wp-json\/wp\/v2\/pages\/7249"}],"collection":[{"href":"https:\/\/humanas.unsl.edu.ar\/index.php\/wp-json\/wp\/v2\/pages"}],"about":[{"href":"https:\/\/humanas.unsl.edu.ar\/index.php\/wp-json\/wp\/v2\/types\/page"}],"author":[{"embeddable":true,"href":"https:\/\/humanas.unsl.edu.ar\/index.php\/wp-json\/wp\/v2\/users\/1"}],"replies":[{"embeddable":true,"href":"https:\/\/humanas.unsl.edu.ar\/index.php\/wp-json\/wp\/v2\/comments?post=7249"}],"version-history":[{"count":8,"href":"https:\/\/humanas.unsl.edu.ar\/index.php\/wp-json\/wp\/v2\/pages\/7249\/revisions"}],"predecessor-version":[{"id":8941,"href":"https:\/\/humanas.unsl.edu.ar\/index.php\/wp-json\/wp\/v2\/pages\/7249\/revisions\/8941"}],"up":[{"embeddable":true,"href":"https:\/\/humanas.unsl.edu.ar\/index.php\/wp-json\/wp\/v2\/pages\/6639"}],"wp:attachment":[{"href":"https:\/\/humanas.unsl.edu.ar\/index.php\/wp-json\/wp\/v2\/media?parent=7249"}],"curies":[{"name":"wp","href":"https:\/\/api.w.org\/{rel}","templated":true}]}}