{"id":8809,"date":"2023-12-21T20:48:24","date_gmt":"2023-12-21T23:48:24","guid":{"rendered":"https:\/\/humanas.unsl.edu.ar\/?page_id=8809"},"modified":"2023-12-31T15:17:02","modified_gmt":"2023-12-31T18:17:02","slug":"recfice-catedras","status":"publish","type":"page","link":"https:\/\/humanas.unsl.edu.ar\/index.php\/inicio\/institucional\/decanato\/secretarias\/cyt\/recfice\/recfice-catedras\/","title":{"rendered":"recfice-catedras-integrantes"},"content":{"rendered":"\n<div style=\"height:25px\" aria-hidden=\"true\" class=\"wp-block-spacer\"><\/div>\n\n\n\n<h6 class=\"wp-elements-aebbc10a91956b8e6c12b1420fcd8fae alignwide has-ast-global-color-3-color has-text-color has-background has-link-color\" style=\"background-color:#fde2cb;line-height:1.5\"><a href=\"https:\/\/humanas.unsl.edu.ar\/\" data-type=\"page\" data-id=\"264\">Inicio<\/a> \/ <a href=\"https:\/\/humanas.unsl.edu.ar\/index.php\/pagina-de-inicio\/institucional\/decanato\/secretarias-fch\/secretaria-de-cyt\/recfice\/\" data-type=\"page\" data-id=\"8753\">Recife<\/a> \/ C\u00e1tedras Integrantes<\/h6>\n\n\n\n<div style=\"height:25px\" aria-hidden=\"true\" class=\"wp-block-spacer\"><\/div>\n\n\n\n<div class=\"is-layout-flex wp-container-5 wp-block-columns alignwide\">\n<div class=\"is-layout-constrained wp-container-4 wp-block-column is-vertically-aligned-center\">\n<div class=\"is-layout-flex wp-container-3 wp-block-columns\">\n<div class=\"is-layout-flow wp-block-column\" style=\"flex-basis:70%\">\n<h5 class=\"has-white-color has-luminous-vivid-orange-background-color has-text-color has-background\"><strong>RECFICE<\/strong>. <strong>C\u00c1TEDRAS INTEGRANTES.<\/strong><\/h5>\n\n\n\n<blockquote class=\"wp-block-quote\">\n<p>Red de Espacios Curriculares de Formaci\u00f3n en Investigaci\u00f3n de Carreras de Educaci\u00f3n en Universidades Nacionales.<\/p>\n<\/blockquote>\n\n\n\n<p><\/p>\n\n\n\n<blockquote class=\"wp-block-quote has-text-align-left\">\n<h4 class=\"has-text-align-center has-white-color has-luminous-vivid-amber-background-color has-text-color has-background\"><strong>Espacios Curriculares e Integrantes<\/strong><\/h4>\n\n\n\n<p><\/p>\n\n\n\n<p class=\"has-white-color has-luminous-vivid-orange-background-color has-text-color has-background\" style=\"font-size:16px\"><strong>C\u00e1tedras: Investigaci\u00f3n educativa I &#8211; Investigaci\u00f3n educativa II<\/strong>.<br>Carreras: Profesorado y Licenciatura en Ciencias de la Educaci\u00f3n<br>Facultad de Filosof\u00eda y Letras.<br>Universidad Nacional de Buenas Aires <br>Representante:<\/p>\n\n\n\n<p class=\"has-white-color has-luminous-vivid-amber-background-color has-text-color has-background\" style=\"font-size:16px\"><strong>C\u00e1tedras: M\u00e9todos y t\u00e9cnicas de Investigaci\u00f3n &#8211; Metodolog\u00eda de la Investigaci\u00f3n Social y Educativa &#8211; Taller de Elaboraci\u00f3n de Trabajo Final<\/strong>.<br>Carreras: Profesorado y Licenciatura en Ciencias de la Educaci\u00f3n<br>Facultad de Humanidades<br>Universidad Nacional de Catamarca <br>Representante:<\/p>\n\n\n\n<p class=\"has-white-color has-luminous-vivid-orange-background-color has-text-color has-background\" style=\"font-size:16px\"><strong>C\u00e1tedras: Metodolog\u00eda de la Investigaci\u00f3n I y II.<\/strong><br>Carreras: Profesorado y Licenciatura en Ciencias de la Educaci\u00f3n<br>Facultad de Ciencias Humanas<br>Universidad Nacional del Centro. UNICEN <br>Representante:<\/p>\n\n\n\n<p class=\"has-white-color has-luminous-vivid-amber-background-color has-text-color has-background\" style=\"font-size:16px\"><strong>C\u00e1tedras: Metodolog\u00eda de la Investigaci\u00f3n Social y Educativa.<\/strong><br>Carrera:<br>Facultad de Ciencias de la Educaci\u00f3n<br>Universidad Nacional del Comahue. <br>Representante:<\/p>\n\n\n\n<p class=\"has-white-color has-luminous-vivid-orange-background-color has-text-color has-background\" style=\"font-size:16px\"><strong>C\u00e1tedras: Metodolog\u00eda de la Investigaci\u00f3n educativa &#8211; Estad\u00edstica y sistemas de informaci\u00f3n educativa &#8211; Problem\u00e1ticas y Enfoques de la Investigaci\u00f3n Educativa.<\/strong><br>Carreras: Profesorado y Licenciatura en Ciencias de la Educaci\u00f3n.<br>Facultad de Filosof\u00eda y Humanidades<br>Universidad Nacional de C\u00f3rdoba. <br>Representante: Dra. Marcela C\u00e1rmen Pacheco<\/p>\n\n\n\n<p class=\"has-white-color has-luminous-vivid-amber-background-color has-text-color has-background\" style=\"font-size:16px\"><strong>C\u00e1tedras: Metodolog\u00eda de la Investigaci\u00f3n Educativa II <\/strong>(plan viejo\/ \u00faltimo a\u00f1o 2023)<strong> &#8211; Investigaci\u00f3n Educativa I <\/strong>(plan nuevo a partir del 2024)<strong> &#8211; Metodolog\u00eda de la Investigaci\u00f3n.<\/strong><br>Carrera: <br>Universidad Nacional de Cuyo. <br>Representante:<\/p>\n\n\n\n<p class=\"has-white-color has-luminous-vivid-orange-background-color has-text-color has-background\" style=\"font-size:16px\"><strong>C\u00e1tedras: Investigaci\u00f3n en Educaci\u00f3n I &#8211; Investigaci\u00f3n en Educaci\u00f3n II.<\/strong><br>Profesorado y Licenciatura en Ciencias de la Educaci\u00f3n.<br>Facultad de Ciencias de la Educaci\u00f3n.<br>Universidad Nacional de Entre Rios<br>Representante: <\/p>\n\n\n\n<p class=\"has-white-color has-luminous-vivid-amber-background-color has-text-color has-background\" style=\"font-size:16px\"><strong>C\u00e1tedra: Metodolog\u00eda de la Investigaci\u00f3n Socio Educativa II.<\/strong><br>Carrera: <br>Facultad de Ciencias Humanas<br>Universidad Nacional de La Pampa<br>Representante: <\/p>\n\n\n\n<p class=\"has-white-color has-luminous-vivid-orange-background-color has-text-color has-background\" style=\"font-size:16px\"><strong>C\u00e1tedra: <\/strong><br>Profesorado y Licenciatura en Ciencias de la Educaci\u00f3n.<br>Facultad de Humanidades y Ciencias de la Educaci\u00f3n<br>Universidad Nacional de La Plata<br>Representante:<\/p>\n\n\n\n<p class=\"has-white-color has-luminous-vivid-amber-background-color has-text-color has-background\" style=\"font-size:16px\"><strong>C\u00e1tedras: Metodolog\u00eda II &#8211; Metodolog\u00eda de la investigaci\u00f3n y Elementos de Estad\u00edstica Educativa.<\/strong><br>Profesorado y Licenciatura en Ciencias de la Educaci\u00f3n.<br>Depto de Educaci\u00f3n.<br>Universidad Nacional de Luj\u00e1n<br>Representante: Mgter. Mar\u00eda Ana Gonz\u00e1lez.<\/p>\n\n\n\n<p class=\"has-white-color has-luminous-vivid-orange-background-color has-text-color has-background\" style=\"font-size:16px\"><strong>C\u00e1tedra: Seminario de Investigaci\u00f3n<\/strong>.<br>Licenciatura y Profesorado en Ciencias de la Educaci\u00f3n<br>Facultad de Humanidades<br>Universidad Nacional de Mar del Plata. <br>Representante:<\/p>\n\n\n\n<p class=\"has-white-color has-luminous-vivid-amber-background-color has-text-color has-background\" style=\"font-size:16px\"><strong>C\u00e1tedras: Investigaci\u00f3n Educativa II &#8211; Teor\u00edas y M\u00e9todos de investigaci\u00f3n.<\/strong><br>Licenciatura y Profesorado en Ciencias de la Educaci\u00f3n.<br>Facultad de Humanidades<br>Universidad Nacional del Nordeste<br>Representantes: Prof. Ana Mar\u00eda D&#8217;Andrea y Prof. Cyntia Itat\u00ed N\u00fa\u00f1ez.<\/p>\n\n\n\n<p class=\"has-white-color has-luminous-vivid-orange-background-color has-text-color has-background\" style=\"font-size:16px\"><strong>C\u00e1tedras: Ciencia, Universidad y Sociedad &#8211;  An\u00e1lisis y Producci\u00f3n del Discurso &#8211;  Metodolog\u00eda de la Investigaci\u00f3n Educativa.<\/strong><br>Profesorado Universitario en Ciencias de la Educaci\u00f3n<br>Escuela de Educaci\u00f3n<br>Universidad Nacional de la Patagonia Austral<br>Representantes: <\/p>\n\n\n\n<p class=\"has-white-color has-luminous-vivid-amber-background-color has-text-color has-background\" style=\"font-size:16px\"><strong>C\u00e1tedras: M\u00e9todos y T\u00e9cnicas de Investigaci\u00f3n &#8211; Investigaci\u00f3n y An\u00e1lisis de la Pr\u00e1ctica.<\/strong><br>Licenciatura en Educaci\u00f3n<br>Departamento de Ciencias Sociales<br>Universidad Nacional Quilmes<br>Representantes: <\/p>\n\n\n\n<p class=\"has-white-color has-luminous-vivid-orange-background-color has-text-color has-background\" style=\"font-size:16px\"><strong>C\u00e1tedras: Investigaci\u00f3n Educativa &#8211; Metodolog\u00eda de la investigaci\u00f3n social y educativa<\/strong>.<br>Profesorado y Licenciatura en Ciencias de la Educaci\u00f3n.<br>Facultad de Humanidades<br>Universidad Nacional de Salta<br>Representantes: Prof. Fabiana L\u00f3pez.<\/p>\n\n\n\n<p class=\"has-white-color has-luminous-vivid-amber-background-color has-text-color has-background\" style=\"font-size:16px\"><strong>C\u00e1tedra: Metodolog\u00eda de la Investigaci\u00f3n II<\/strong>.<br>Profesorado y Licenciatura en Ciencias de la Educaci\u00f3n.<br>Facultad de Filosof\u00eda, Humanidades y Artes<br>Universidad Nacional de San Juan<br>Representante: Esp. Cecilia Anah\u00ed Manchineli.<\/p>\n\n\n\n<p class=\"has-white-color has-luminous-vivid-orange-background-color has-text-color has-background\" style=\"font-size:16px\"><strong>C\u00e1tedras: Investigaci\u00f3n educativa I &#8211; Investigaci\u00f3n educativa II &#8211; Nivel IV la praxis investigativa &#8211; Taller de tesis.<\/strong><br>Profesorado y Licenciatura en Ciencias de la Educaci\u00f3n<br>Facultad de Ciencias Humanas<br>Universidad Nacional de San Luis<br>Representantes: Prof. Antonella Maldonado Berlo, Prof. Mar\u00eda Constanza Vald\u00e9z y Lorena Di Lorenzo. <\/p>\n\n\n\n<p class=\"has-white-color has-luminous-vivid-amber-background-color has-text-color has-background\" style=\"font-size:16px\"><strong>C\u00e1tedra: Investigaci\u00f3n Educativa.<\/strong><br>Profesorado y Licenciatura en Ciencias de la Educaci\u00f3n<br>Escuela de Humanidades<br>Universidad Nacional de San Miguel<br>Representantes: <\/p>\n\n\n\n<p class=\"has-white-color has-luminous-vivid-orange-background-color has-text-color has-background\" style=\"font-size:16px\"><strong>C\u00e1tedras: Metodolog\u00eda de la Investigaci\u00f3n Cualitativa en Educaci\u00f3n &#8211; La Pr\u00e1ctica Docente Como Objeto de Investigaci\u00f3n.<\/strong><br>Carrera:<br>Facultad: <br>Universidad Nacional de San Rafael<br>Representante: <\/p>\n\n\n\n<p class=\"has-white-color has-luminous-vivid-amber-background-color has-text-color has-background\" style=\"font-size:16px\"><strong>C\u00e1tedras: Taller Integrador V: Pr\u00e1ctica de la Investigaci\u00f3n Educativa &#8211;  Elaboraci\u00f3n de Tesina &#8211;  Investigaci\u00f3n Educativa I &#8211; Investigaci\u00f3n educativa II.<\/strong><br>Licenciatura en Ciencias de la Educaci\u00f3n<br>Departamento Ciencias de la Educaci\u00f3n.<br>Universidad Nacional del Sur<br>Representante: Dra. Ver\u00f3nica Walker.<\/p>\n\n\n\n<p class=\"has-white-color has-luminous-vivid-orange-background-color has-text-color has-background\" style=\"font-size:16px\"><strong>C\u00e1tedras: Investigaci\u00f3n Educativa I &#8211; Investigaci\u00f3n Educativa II &#8211; Taller de Dise\u00f1o &#8211;  Elaboraci\u00f3n de Tesina.<\/strong><br>Facultad Filosof\u00eda y Letras<br>Universidad Nacional de Tucum\u00e1n<br>Representantes: LIc. Claudia Adriana Ferreiro<\/p>\n\n\n\n<p class=\"has-white-color has-luminous-vivid-amber-background-color has-text-color has-background\" style=\"font-size:16px\"><strong>C\u00e1tedra: Metodolog\u00eda de Investigaci\u00f3n Pedag\u00f3gica.<\/strong><br>Carrera: Licenciatura en Ciencias de la Educaci\u00f3n<br>Instituto Acad\u00e9mico Pedag\u00f3gico de Ciencias Humanas<br>Universidad Nacional de Villa Mar\u00eda<br>Representantes:<\/p>\n\n\n\n<p><\/p>\n\n\n\n<h4 class=\"has-text-align-center has-white-color has-luminous-vivid-orange-background-color has-text-color has-background\">M<strong>apa visual de la distribuci\u00f3n de c\u00e1tedras en el pa\u00eds<\/strong><\/h4>\n\n\n\n<p class=\"has-text-align-center\"><iframe loading=\"lazy\" src=\"https:\/\/www.google.com\/maps\/d\/embed?mid=1Gk9wrfr59Ao043LhWWdkNqxiPfxSNto&amp;ehbc=2E312F\" width=\"640\" height=\"480\"><\/iframe><\/p>\n<\/blockquote>\n\n\n\n<div style=\"height:52px\" aria-hidden=\"true\" class=\"wp-block-spacer\"><\/div>\n<\/div>\n\n\n\n<div class=\"is-layout-flow wp-block-column is-vertically-aligned-top\" style=\"flex-basis:30%\">\n<p><\/p>\n\n\n\n<ul>\n<li><a href=\"https:\/\/humanas.unsl.edu.ar\/index.php\/pagina-de-inicio\/institucional\/decanato\/secretarias-fch\/secretaria-de-cyt\/recfice\/recfice-institucional\/\" data-type=\"page\" data-id=\"8806\">Institucional<\/a><\/li>\n\n\n\n<li><a href=\"https:\/\/humanas.unsl.edu.ar\/index.php\/pagina-de-inicio\/institucional\/decanato\/secretarias-fch\/secretaria-de-cyt\/recfice\/recfice-documentos\/\" data-type=\"page\" data-id=\"8814\">Documentos<\/a><\/li>\n\n\n\n<li><a href=\"https:\/\/humanas.unsl.edu.ar\/index.php\/recfice-actividades\/\" data-type=\"page\" data-id=\"8838\">Actividades \/ Eventos<\/a><\/li>\n\n\n\n<li><a href=\"https:\/\/humanas.unsl.edu.ar\/index.php\/recfice-publicaciones\/\" data-type=\"page\" data-id=\"8996\">Publicaciones<\/a><\/li>\n<\/ul>\n\n\n\n<div style=\"height:24px\" aria-hidden=\"true\" class=\"wp-block-spacer\"><\/div>\n\n\n\n<p class=\"has-text-align-center\"><strong>Secretar\u00eda Ciencia y T\u00e9cnica<\/strong><br>Edificio Rectorado. 1\u00ba Piso \u2013 Sector \u201cB\u201d<br>Tel\u00e9fonos: 2664-520300 int. 5247<br>Mail:&nbsp;<a href=\"mailto:cyt.fch@gmail.com\">cyt.fch<\/a>@admfch<\/p>\n\n\n\n<div style=\"height:36px\" aria-hidden=\"true\" class=\"wp-block-spacer\"><\/div>\n\n\n\n<figure class=\"wp-block-image aligncenter size-full is-resized\"><img decoding=\"async\" loading=\"lazy\" src=\"https:\/\/humanas.unsl.edu.ar\/wp-content\/uploads\/2022\/10\/icono-portal-digital.png\" alt=\"\" class=\"wp-image-3997\" width=\"138\" height=\"138\" srcset=\"https:\/\/humanas.unsl.edu.ar\/wp-content\/uploads\/2022\/10\/icono-portal-digital.png 278w, https:\/\/humanas.unsl.edu.ar\/wp-content\/uploads\/2022\/10\/icono-portal-digital-150x150.png 150w, https:\/\/humanas.unsl.edu.ar\/wp-content\/uploads\/2022\/10\/icono-portal-digital-250x250.png 250w\" sizes=\"(max-width: 138px) 100vw, 138px\" \/><\/figure>\n\n\n\n<div style=\"height:32px\" aria-hidden=\"true\" class=\"wp-block-spacer\"><\/div>\n\n\n\n<figure class=\"wp-block-image aligncenter size-full\"><img decoding=\"async\" loading=\"lazy\" width=\"100\" height=\"100\" src=\"https:\/\/humanas.unsl.edu.ar\/wp-content\/uploads\/2022\/06\/1.png\" alt=\"\" class=\"wp-image-2994\"\/><\/figure>\n<\/div>\n<\/div>\n<\/div>\n<\/div>\n\n\n\n<div style=\"height:26px\" aria-hidden=\"true\" class=\"wp-block-spacer\"><\/div>\n\n\n\n<div class=\"inherit-container-width is-layout-constrained wp-block-group alignfull\"><div class=\"wp-block-group__inner-container\">\n<div class=\"wp-block-cover alignfull is-light\" style=\"min-height:267px\"><span aria-hidden=\"true\" class=\"wp-block-cover__background has-background-dim-100 has-background-dim\" style=\"background-color:#d9d9d9\"><\/span><div class=\"wp-block-cover__inner-container\">\n<p class=\"has-text-align-center has-ast-global-color-8-color has-text-color has-medium-font-size\" style=\"font-style:normal;font-weight:700;line-height:1\"><strong>Pol\u00edticas de inclusi\u00f3n, g\u00e9nero y cuidado integral<\/strong><\/p>\n\n\n\n<div class=\"is-layout-flex wp-container-10 wp-block-columns alignfull\">\n<div class=\"is-layout-flow wp-block-column\">\n<figure class=\"wp-block-image size-full\"><a href=\"https:\/\/www.unsl.edu.ar\/index.php\/menu\/eti\"><img decoding=\"async\" loading=\"lazy\" width=\"480\" height=\"120\" src=\"https:\/\/humanas.unsl.edu.ar\/wp-content\/uploads\/2026\/02\/banner_protocolo_violencia_500x120-480x120-1.png\" alt=\"\" class=\"wp-image-14467\" srcset=\"https:\/\/humanas.unsl.edu.ar\/wp-content\/uploads\/2026\/02\/banner_protocolo_violencia_500x120-480x120-1.png 480w, https:\/\/humanas.unsl.edu.ar\/wp-content\/uploads\/2026\/02\/banner_protocolo_violencia_500x120-480x120-1-300x75.png 300w\" sizes=\"(max-width: 480px) 100vw, 480px\" \/><\/a><\/figure>\n<\/div>\n\n\n\n<div class=\"is-layout-flow wp-block-column\">\n<figure class=\"wp-block-image aligncenter size-full\"><a href=\"http:\/\/www.prevencionenadicciones.unsl.edu.ar\/\"><img decoding=\"async\" loading=\"lazy\" width=\"500\" height=\"120\" src=\"https:\/\/humanas.unsl.edu.ar\/wp-content\/uploads\/2026\/02\/banner_programa_adicciones_500x120.png\" alt=\"\" class=\"wp-image-14461\" srcset=\"https:\/\/humanas.unsl.edu.ar\/wp-content\/uploads\/2026\/02\/banner_programa_adicciones_500x120.png 500w, https:\/\/humanas.unsl.edu.ar\/wp-content\/uploads\/2026\/02\/banner_programa_adicciones_500x120-300x72.png 300w\" sizes=\"(max-width: 500px) 100vw, 500px\" \/><\/a><\/figure>\n<\/div>\n\n\n\n<div class=\"is-layout-flow wp-block-column has-ast-global-color-3-color has-text-color\">\n<figure class=\"wp-block-image aligncenter size-full is-style-default\"><a href=\"https:\/\/universidadydiscapacidad.unsl.edu.ar\/\"><img decoding=\"async\" loading=\"lazy\" width=\"500\" height=\"120\" src=\"https:\/\/humanas.unsl.edu.ar\/wp-content\/uploads\/2026\/02\/banner_programa_discapacidad_500x120.png\" alt=\"\" class=\"wp-image-14462\" srcset=\"https:\/\/humanas.unsl.edu.ar\/wp-content\/uploads\/2026\/02\/banner_programa_discapacidad_500x120.png 500w, https:\/\/humanas.unsl.edu.ar\/wp-content\/uploads\/2026\/02\/banner_programa_discapacidad_500x120-300x72.png 300w\" sizes=\"(max-width: 500px) 100vw, 500px\" \/><\/a><\/figure>\n<\/div>\n\n\n\n<div class=\"is-layout-flow wp-block-column has-ast-global-color-3-color has-text-color\">\n<figure class=\"wp-block-image aligncenter size-full is-style-default\"><a href=\"https:\/\/humanas.unsl.edu.ar\/index.php\/inicio\/accesibilidad\/\"><img decoding=\"async\" loading=\"lazy\" width=\"500\" height=\"120\" src=\"https:\/\/humanas.unsl.edu.ar\/wp-content\/uploads\/2026\/02\/banner_programa_accesibilidad_fch_500x120.png\" alt=\"\" class=\"wp-image-14460\" srcset=\"https:\/\/humanas.unsl.edu.ar\/wp-content\/uploads\/2026\/02\/banner_programa_accesibilidad_fch_500x120.png 500w, https:\/\/humanas.unsl.edu.ar\/wp-content\/uploads\/2026\/02\/banner_programa_accesibilidad_fch_500x120-300x72.png 300w\" sizes=\"(max-width: 500px) 100vw, 500px\" \/><\/a><\/figure>\n<\/div>\n<\/div>\n<\/div><\/div>\n<\/div><\/div>\n\n\n\n<div class=\"wp-block-jetpack-layout-grid alignfull column1-desktop-grid__span-3 column1-desktop-grid__row-1 column2-desktop-grid__span-3 column2-desktop-grid__start-4 column2-desktop-grid__row-1 column3-desktop-grid__span-3 column3-desktop-grid__start-7 column3-desktop-grid__row-1 column4-desktop-grid__span-3 column4-desktop-grid__start-10 column4-desktop-grid__row-1 column1-tablet-grid__span-4 column1-tablet-grid__row-1 column2-tablet-grid__span-4 column2-tablet-grid__start-5 column2-tablet-grid__row-1 column3-tablet-grid__span-4 column3-tablet-grid__row-2 column4-tablet-grid__span-4 column4-tablet-grid__start-5 column4-tablet-grid__row-2 column1-mobile-grid__span-4 column1-mobile-grid__row-1 column2-mobile-grid__span-4 column2-mobile-grid__row-2 column3-mobile-grid__span-4 column3-mobile-grid__row-3 column4-mobile-grid__span-4 column4-mobile-grid__row-4 wp-block-jetpack-layout-gutter__medium\">\n<div class=\"wp-block-jetpack-layout-grid-column wp-block-jetpack-layout-grid__padding-none is-vertically-aligned-top\">\n<h6 id=\"informacion-institucional\"><strong>INFORMACI\u00d3N INSTITUCIONAL<\/strong><\/h6>\n\n\n\n<p><strong>Tel\u00e9fono:<\/strong>&nbsp;+54 (0266) 4520300<\/p>\n\n\n\n<p><strong>Direcci\u00f3n:<\/strong>&nbsp;Ej\u00e9rcito de Los Andes 950, D5700HHW.<br>San Luis, Argentina <br><strong>\u00bfC\u00f3mo llegar?<\/strong><br><a href=\"https:\/\/goo.gl\/maps\/JfpaQGqv7zH2\" target=\"_blank\" rel=\"noopener\">Ver ubicaci\u00f3n en Google Maps<\/a><\/p>\n<\/div>\n\n\n\n<div class=\"wp-block-jetpack-layout-grid-column wp-block-jetpack-layout-grid__padding-none is-vertically-aligned-top\">\n<h6 id=\"contactos-frecuentes\"><strong>CONTACTOS FRECUENTES<\/strong><\/h6>\n\n\n\n<p><strong>Consultas Acad\u00e9micas:<\/strong><br><a href=\"http:\/\/secretar\u00eda.academica.fchumanas@gmail.com\">secretar\u00eda.academica.fchumanas@gmail.com<\/a><\/p>\n\n\n\n<p><strong><span style=\"font-size: 1em; font-family: var(--font-base, 'Noto Sans', -apple-system, BlinkMacSystemFont, 'Segoe UI', 'Roboto', 'Oxygen', 'Ubuntu', 'Cantarell', 'Fira Sans', 'Droid Sans', 'Helvetica Neue', sans-serif);\">\u00c1rea de Prensa FCH:<\/span><\/strong> <br>Mail: <a href=\"mailto:prensahumanas@gmail.com\" target=\"_blank\" rel=\"noopener\">prensahumanas@gmail.com<\/a><\/p>\n<\/div>\n\n\n\n<div class=\"wp-block-jetpack-layout-grid-column wp-block-jetpack-layout-grid__padding-none is-vertically-aligned-top\">\n<h6><strong>REDES SOCIALES<\/strong><\/h6>\n\n\n\n<figure class=\"wp-block-image size-full is-resized\"><a href=\"https:\/\/www.facebook.com\/FacultaddeCienciasHumanasUNSL\"><img decoding=\"async\" loading=\"lazy\" src=\"https:\/\/humanas.unsl.edu.ar\/wp-content\/uploads\/2022\/05\/2.png\" alt=\"\" class=\"wp-image-2234\" width=\"54\" height=\"54\"\/><\/a><\/figure>\n\n\n\n<figure class=\"wp-block-image size-full is-resized\"><a href=\"https:\/\/www.instagram.com\/fchunsl\/\"><img decoding=\"async\" loading=\"lazy\" src=\"https:\/\/humanas.unsl.edu.ar\/wp-content\/uploads\/2022\/05\/3.png\" alt=\"\" class=\"wp-image-2235\" width=\"60\" height=\"60\"\/><\/a><\/figure>\n\n\n\n<figure class=\"wp-block-image size-full is-resized\"><a href=\"https:\/\/www.youtube.com\/user\/FCHumanas\/featured\"><img decoding=\"async\" loading=\"lazy\" src=\"https:\/\/humanas.unsl.edu.ar\/wp-content\/uploads\/2022\/05\/4.png\" alt=\"\" class=\"wp-image-2236\" width=\"65\" height=\"65\"\/><\/a><\/figure>\n<\/div>\n\n\n\n<div class=\"wp-block-jetpack-layout-grid-column wp-block-jetpack-layout-grid__padding-none is-vertically-aligned-top\">\n<h6 id=\"mapa-del-sitio\"><strong>MAPA DEL SITIO<\/strong><\/h6>\n\n\n\n<p class=\"has-small-font-size\"><a href=\"https:\/\/humanas.unsl.edu.ar\/index.php\/institucional\/\"><strong>INSTITUCIONAL<\/strong><\/a><\/p>\n\n\n\n<p class=\"has-small-font-size\"><a href=\"https:\/\/humanasunsl.wordpress.com\/carreras\/\"><strong>CARRERAS<\/strong><\/a><\/p>\n\n\n\n<p class=\"has-small-font-size\"><a href=\"https:\/\/humanas.unsl.edu.ar\/index.php\/ingreso\/\"><strong>INGRESO<\/strong><\/a><\/p>\n\n\n\n<p class=\"has-small-font-size\"><a href=\"https:\/\/humanas.unsl.edu.ar\/index.php\/docentes-2\/\"><strong>DOCENTES<\/strong><\/a><\/p>\n\n\n\n<p class=\"has-small-font-size\"><a href=\"https:\/\/humanas.unsl.edu.ar\/index.php\/estudiantes\/\"><strong>ESTUDIANTES<\/strong><\/a><\/p>\n\n\n\n<p class=\"has-small-font-size\"><a href=\"http:\/\/www.unsl.edu.ar\/\" target=\"_blank\" rel=\"noreferrer noopener\"><strong>UNSL<\/strong><\/a><\/p>\n\n\n\n<p class=\"has-small-font-size\"><strong><a href=\"https:\/\/humanas.unsl.edu.ar\/index.php\/noticias\/\" data-type=\"page\" data-id=\"186\">NOTICIAS<\/a><\/strong><\/p>\n<\/div>\n<\/div>\n","protected":false},"excerpt":{"rendered":"<p>Inicio \/ Recife \/ C\u00e1tedras Integrantes RECFICE. C\u00c1TEDRAS INTEGRANTES. Red de Espacios Curriculares de Formaci\u00f3n en Investigaci\u00f3n de Carreras de Educaci\u00f3n en Universidades Nacionales. Espacios Curriculares e Integrantes C\u00e1tedras: Investigaci\u00f3n educativa I &#8211; Investigaci\u00f3n educativa II.Carreras: Profesorado y Licenciatura en Ciencias de la Educaci\u00f3nFacultad de Filosof\u00eda y Letras.Universidad Nacional de Buenas Aires Representante: C\u00e1tedras: M\u00e9todos &hellip;<\/p>\n<p class=\"read-more\"> <a class=\"\" href=\"https:\/\/humanas.unsl.edu.ar\/index.php\/inicio\/institucional\/decanato\/secretarias\/cyt\/recfice\/recfice-catedras\/\"> <span class=\"screen-reader-text\">recfice-catedras-integrantes<\/span> Leer m\u00e1s &raquo;<\/a><\/p>\n","protected":false},"author":1,"featured_media":0,"parent":8753,"menu_order":2,"comment_status":"closed","ping_status":"closed","template":"","meta":{"site-sidebar-layout":"default","site-content-layout":"","ast-site-content-layout":"default","site-content-style":"default","site-sidebar-style":"default","ast-global-header-display":"","ast-banner-title-visibility":"","ast-main-header-display":"","ast-hfb-above-header-display":"","ast-hfb-below-header-display":"","ast-hfb-mobile-header-display":"","site-post-title":"","ast-breadcrumbs-content":"","ast-featured-img":"","footer-sml-layout":"","theme-transparent-header-meta":"","adv-header-id-meta":"","stick-header-meta":"","header-above-stick-meta":"","header-main-stick-meta":"","header-below-stick-meta":"","astra-migrate-meta-layouts":"set","ast-page-background-enabled":"default","ast-page-background-meta":{"desktop":{"background-color":"var(--ast-global-color-4)","background-image":"","background-repeat":"repeat","background-position":"center center","background-size":"auto","background-attachment":"scroll","background-type":"","background-media":"","overlay-type":"","overlay-color":"","overlay-gradient":""},"tablet":{"background-color":"","background-image":"","background-repeat":"repeat","background-position":"center center","background-size":"auto","background-attachment":"scroll","background-type":"","background-media":"","overlay-type":"","overlay-color":"","overlay-gradient":""},"mobile":{"background-color":"","background-image":"","background-repeat":"repeat","background-position":"center center","background-size":"auto","background-attachment":"scroll","background-type":"","background-media":"","overlay-type":"","overlay-color":"","overlay-gradient":""}},"ast-content-background-meta":{"desktop":{"background-color":"var(--ast-global-color-5)","background-image":"","background-repeat":"repeat","background-position":"center center","background-size":"auto","background-attachment":"scroll","background-type":"","background-media":"","overlay-type":"","overlay-color":"","overlay-gradient":""},"tablet":{"background-color":"var(--ast-global-color-5)","background-image":"","background-repeat":"repeat","background-position":"center center","background-size":"auto","background-attachment":"scroll","background-type":"","background-media":"","overlay-type":"","overlay-color":"","overlay-gradient":""},"mobile":{"background-color":"var(--ast-global-color-5)","background-image":"","background-repeat":"repeat","background-position":"center center","background-size":"auto","background-attachment":"scroll","background-type":"","background-media":"","overlay-type":"","overlay-color":"","overlay-gradient":""}}},"_links":{"self":[{"href":"https:\/\/humanas.unsl.edu.ar\/index.php\/wp-json\/wp\/v2\/pages\/8809"}],"collection":[{"href":"https:\/\/humanas.unsl.edu.ar\/index.php\/wp-json\/wp\/v2\/pages"}],"about":[{"href":"https:\/\/humanas.unsl.edu.ar\/index.php\/wp-json\/wp\/v2\/types\/page"}],"author":[{"embeddable":true,"href":"https:\/\/humanas.unsl.edu.ar\/index.php\/wp-json\/wp\/v2\/users\/1"}],"replies":[{"embeddable":true,"href":"https:\/\/humanas.unsl.edu.ar\/index.php\/wp-json\/wp\/v2\/comments?post=8809"}],"version-history":[{"count":41,"href":"https:\/\/humanas.unsl.edu.ar\/index.php\/wp-json\/wp\/v2\/pages\/8809\/revisions"}],"predecessor-version":[{"id":9016,"href":"https:\/\/humanas.unsl.edu.ar\/index.php\/wp-json\/wp\/v2\/pages\/8809\/revisions\/9016"}],"up":[{"embeddable":true,"href":"https:\/\/humanas.unsl.edu.ar\/index.php\/wp-json\/wp\/v2\/pages\/8753"}],"wp:attachment":[{"href":"https:\/\/humanas.unsl.edu.ar\/index.php\/wp-json\/wp\/v2\/media?parent=8809"}],"curies":[{"name":"wp","href":"https:\/\/api.w.org\/{rel}","templated":true}]}}