{"id":8814,"date":"2023-12-21T20:54:33","date_gmt":"2023-12-21T23:54:33","guid":{"rendered":"https:\/\/humanas.unsl.edu.ar\/?page_id=8814"},"modified":"2025-12-27T13:28:20","modified_gmt":"2025-12-27T16:28:20","slug":"recfice-documentos","status":"publish","type":"page","link":"https:\/\/humanas.unsl.edu.ar\/index.php\/inicio\/institucional\/decanato\/secretarias\/cyt\/recfice\/recfice-documentos\/","title":{"rendered":"recfice &#8211; documentos"},"content":{"rendered":"\n<div style=\"height:25px\" aria-hidden=\"true\" class=\"wp-block-spacer\"><\/div>\n\n\n\n<h6 class=\"wp-elements-5c20cc3445958e9176d661f7f2c68fdc alignwide has-ast-global-color-3-color has-text-color has-background has-link-color\" style=\"background-color:#fde2cb;line-height:1.5\"><a href=\"https:\/\/humanas.unsl.edu.ar\/\" data-type=\"page\" data-id=\"264\">Inicio<\/a> \/ <a href=\"https:\/\/humanas.unsl.edu.ar\/index.php\/pagina-de-inicio\/institucional\/decanato\/secretarias-fch\/secretaria-de-cyt\/recfice\/\" data-type=\"page\" data-id=\"8753\">Recife<\/a> \/ Documentos<\/h6>\n\n\n\n<div style=\"height:25px\" aria-hidden=\"true\" class=\"wp-block-spacer\"><\/div>\n\n\n\n<div class=\"is-layout-flex wp-container-5 wp-block-columns alignwide\">\n<div class=\"is-layout-constrained wp-container-4 wp-block-column is-vertically-aligned-center\">\n<div class=\"is-layout-flex wp-container-3 wp-block-columns\">\n<div class=\"is-layout-flow wp-block-column\" style=\"flex-basis:70%\">\n<h5 class=\"has-white-color has-luminous-vivid-orange-background-color has-text-color has-background\"><strong>RECFICE<\/strong>. DOCUMENTOS<\/h5>\n\n\n\n<div style=\"height:23px\" aria-hidden=\"true\" class=\"wp-block-spacer\"><\/div>\n\n\n\n<h5 class=\"has-text-align-left has-ast-global-color-5-color has-luminous-vivid-amber-background-color has-text-color has-background\"><strong>Documento Fundacional<\/strong><\/h5>\n\n\n\n<blockquote class=\"wp-block-quote\">\n<p>Red de Espacios Curriculares de Formaci\u00f3n en Investigaci\u00f3n de Carreras de Educaci\u00f3n en Universidades Nacionales.<\/p>\n\n\n\n<p><a href=\"https:\/\/humanas.unsl.edu.ar\/wp-content\/uploads\/2025\/05\/recfice_acta_constitucion.pdf\"><img decoding=\"async\" loading=\"lazy\" width=\"20\" height=\"22\" class=\"wp-image-10277\" style=\"width: 20px;\" src=\"https:\/\/humanas.unsl.edu.ar\/wp-content\/uploads\/2024\/07\/gif_pdf-e1682429369964.jpg\" alt=\"\"><\/a> &#8211; Acta Fundacional de RECFICE<\/p>\n\n\n\n<p><a href=\"https:\/\/humanas.unsl.edu.ar\/wp-content\/uploads\/2025\/05\/recfice_documento_fundacional.pdf\"><img decoding=\"async\" loading=\"lazy\" width=\"20\" height=\"22\" class=\"wp-image-10277\" style=\"width: 20px;\" src=\"https:\/\/humanas.unsl.edu.ar\/wp-content\/uploads\/2024\/07\/gif_pdf-e1682429369964.jpg\" alt=\"\"><\/a> &#8211; Documento Fundacional de RECFICE<\/p>\n\n\n\n<p><a href=\"https:\/\/humanas.unsl.edu.ar\/wp-content\/uploads\/2025\/05\/recfice_acta_renovacion_equipo.pdf\"><img decoding=\"async\" loading=\"lazy\" width=\"20\" height=\"22\" class=\"wp-image-10277\" style=\"width: 20px;\" src=\"https:\/\/humanas.unsl.edu.ar\/wp-content\/uploads\/2024\/07\/gif_pdf-e1682429369964.jpg\" alt=\"\"><\/a> &#8211; Acta Autoridades 2024\/2026.<\/p>\n\n\n\n<p><\/p>\n<\/blockquote>\n\n\n\n<h5 class=\"has-text-align-left has-ast-global-color-5-color has-luminous-vivid-orange-background-color has-text-color has-background\"><strong>Avales Institucionales<\/strong><\/h5>\n\n\n\n<blockquote class=\"wp-block-quote\">\n<p>Han enviado avales institucionales las siguientes universidades:<\/p>\n<\/blockquote>\n\n\n\n<blockquote class=\"wp-block-quote\">\n<p style=\"font-size:14px\"><img decoding=\"async\" class=\"wp-image-8776\" style=\"width: 20px;\" src=\"https:\/\/humanas.unsl.edu.ar\/wp-content\/uploads\/2023\/12\/icono_recfice_150x150.png\" alt=\"\"> <strong>Universidad Nacional de Buenas Aires. Facultad de Filosof\u00eda y Letras<\/strong>.<br>           <a href=\"http:\/\/fchumanas.unsl.edu.ar\/archivospdf\/recfice\/aval_recfice_uba_fce.pdf\">Aval acad\u00e9mico<\/a>. <br>           Representante: <\/p>\n<\/blockquote>\n\n\n\n<blockquote class=\"wp-block-quote\">\n<p style=\"font-size:14px\"><img decoding=\"async\" class=\"wp-image-8776\" style=\"width: 20px;\" src=\"https:\/\/humanas.unsl.edu.ar\/wp-content\/uploads\/2023\/12\/icono_recfice_150x150.png\" alt=\"\"> <strong>Universidad Nacional de C\u00f3rdoba. Facultad de Filosof\u00eda y Humanidades.<\/strong><br>          <a href=\"http:\/\/fchumanas.unsl.edu.ar\/archivospdf\/recfice\/aval_recfice_unc_ffyh.pdf\">Aval acad\u00e9mico<\/a>.<br>          Representante: <strong>Dra. Marcela C\u00e1rmen Pacheco<\/strong>.<\/p>\n<\/blockquote>\n\n\n\n<blockquote class=\"wp-block-quote\">\n<p style=\"font-size:14px\"><img decoding=\"async\" class=\"wp-image-8776\" style=\"width: 20px;\" src=\"https:\/\/humanas.unsl.edu.ar\/wp-content\/uploads\/2023\/12\/icono_recfice_150x150.png\" alt=\"\"> <strong>Universidad Nacional de Cuyo. Facultad de Educaci\u00f3n.<\/strong><br>          Aval acad\u00e9mico.<br>          Representante: <\/p>\n<\/blockquote>\n\n\n\n<blockquote class=\"wp-block-quote\">\n<p style=\"font-size:14px\"><img decoding=\"async\" class=\"wp-image-8776\" style=\"width: 20px;\" src=\"https:\/\/humanas.unsl.edu.ar\/wp-content\/uploads\/2023\/12\/icono_recfice_150x150.png\" alt=\"\"> <strong>Universidad Nacional de Luj\u00e1n. Depto de Educaci\u00f3n.<\/strong><br>          <a href=\"http:\/\/fchumanas.unsl.edu.ar\/archivospdf\/recfice\/aval_recfice_unlujan_deducacion.pdf\">Aval acad\u00e9mico<\/a>.<br>          Representante: <strong>Mgter. Mar\u00eda Ana Gonz\u00e1lez.<\/strong><\/p>\n<\/blockquote>\n\n\n\n<blockquote class=\"wp-block-quote\">\n<p style=\"font-size:14px\"><img decoding=\"async\" class=\"wp-image-8776\" style=\"width: 20px;\" src=\"https:\/\/humanas.unsl.edu.ar\/wp-content\/uploads\/2023\/12\/icono_recfice_150x150.png\" alt=\"\"> <strong>Universidad Nacional de Mar del Plata. Facultad de Humanidades<\/strong>.<br>          <a href=\"http:\/\/fchumanas.unsl.edu.ar\/archivospdf\/recfice\/aval_recfice_unmp_fh.pdf\">Aval acad\u00e9mico<\/a>.<br>          Representante: Grupo GIESE. C\u00e1tedra de Teor\u00eda de la Educaci\u00f3n. Dpto.Cs. Educaci\u00f3n.<\/p>\n<\/blockquote>\n\n\n\n<blockquote class=\"wp-block-quote\">\n<p style=\"font-size:14px\"><img decoding=\"async\" class=\"wp-image-8776\" style=\"width: 20px;\" src=\"https:\/\/humanas.unsl.edu.ar\/wp-content\/uploads\/2023\/12\/icono_recfice_150x150.png\" alt=\"\"> <strong>Universidad Nacional del Nordeste. Facultad de Humanidades<\/strong>.<br><a href=\"http:\/\/fchumanas.unsl.edu.ar\/archivospdf\/recfice\/aval_recfice_unne_fh.pdf\">Aval acad\u00e9mico<\/a>.<br>          Representantes: Prof. Ana Mar\u00eda D&#8217;Andrea y Prof. Cyntia Itat\u00ed N\u00fa\u00f1ez.<\/p>\n<\/blockquote>\n\n\n\n<blockquote class=\"wp-block-quote\">\n<p style=\"font-size:14px\"><img decoding=\"async\" class=\"wp-image-8776\" style=\"width: 20px;\" src=\"https:\/\/humanas.unsl.edu.ar\/wp-content\/uploads\/2023\/12\/icono_recfice_150x150.png\" alt=\"\"> <strong>Universidad Nacional de Salta. Facultad de Humanidades<\/strong>.<br>          <a href=\"http:\/\/fchumanas.unsl.edu.ar\/archivospdf\/recfice\/aval_recfice_unsa_fh.pdf\">Aval acad\u00e9mico<\/a>.<br>          Representantes: Prof. Fabiana L\u00f3pez.<\/p>\n<\/blockquote>\n\n\n\n<blockquote class=\"wp-block-quote\">\n<p style=\"font-size:14px\"><img decoding=\"async\" class=\"wp-image-8776\" style=\"width: 20px;\" src=\"https:\/\/humanas.unsl.edu.ar\/wp-content\/uploads\/2023\/12\/icono_recfice_150x150.png\" alt=\"\"> <strong>Universidad Nacional del Sur. Departamento Ciencias de la Educaci\u00f3n<\/strong>.<br><a href=\"http:\/\/fchumanas.unsl.edu.ar\/archivospdf\/recfice\/aval_recfice_uns_depto_educacion.pdf\">Aval acad\u00e9mico<\/a>.<br>          Representantes: Dra. Ver\u00f3nica Walker.<\/p>\n<\/blockquote>\n\n\n\n<blockquote class=\"wp-block-quote\">\n<p style=\"font-size:14px\"><img decoding=\"async\" class=\"wp-image-8776\" style=\"width: 20px;\" src=\"https:\/\/humanas.unsl.edu.ar\/wp-content\/uploads\/2023\/12\/icono_recfice_150x150.png\" alt=\"\"> <strong>Universidad Nacional de San Juan. Facultad de Filosof\u00eda, Humanidades y Artes<\/strong>.<br>          <a href=\"http:\/\/fchumanas.unsl.edu.ar\/archivospdf\/recfice\/aval_recfice_unsj_ffhya.pdf\">Aval acad\u00e9mico<\/a>.<br>          Representante: Esp. Cecilia Anah\u00ed Manchineli.<\/p>\n<\/blockquote>\n\n\n\n<blockquote class=\"wp-block-quote\">\n<p style=\"font-size:14px\"><img decoding=\"async\" class=\"wp-image-8776\" style=\"width: 20px;\" src=\"https:\/\/humanas.unsl.edu.ar\/wp-content\/uploads\/2023\/12\/icono_recfice_150x150.png\" alt=\"\"> <strong>Universidad Nacional de Tucum\u00e1n. Facultad Filosof\u00eda y Letras. <\/strong><br>          <a href=\"http:\/\/fchumanas.unsl.edu.ar\/archivospdf\/recfice\/aval_recfice_untu_ffyletras.pdf\">Aval acad\u00e9mico<\/a>.<br>          Representantes: LIc. Claudia Adriana Ferreiro<\/p>\n<\/blockquote>\n<\/div>\n\n\n\n<div class=\"is-layout-flow wp-block-column is-vertically-aligned-top\" style=\"flex-basis:30%\">\n<p><\/p>\n\n\n\n<ul>\n<li><a href=\"https:\/\/humanas.unsl.edu.ar\/index.php\/pagina-de-inicio\/institucional\/decanato\/secretarias-fch\/secretaria-de-cyt\/recfice\/recfice-institucional\/\" data-type=\"page\" data-id=\"8806\">Institucional<\/a><\/li>\n\n\n\n<li><a href=\"https:\/\/humanas.unsl.edu.ar\/index.php\/inicio\/institucional\/decanato\/secretarias\/cyt\/recfice\/recfice-catedras\/\" data-type=\"page\" data-id=\"8809\">C\u00e1tedras Integrantes<\/a><\/li>\n\n\n\n<li><a href=\"https:\/\/humanas.unsl.edu.ar\/index.php\/recfice-actividades\/\" data-type=\"page\" data-id=\"8838\">Actividades<\/a><\/li>\n\n\n\n<li><a href=\"https:\/\/humanas.unsl.edu.ar\/index.php\/recfice-publicaciones\/\" data-type=\"page\" data-id=\"8996\">Publicaciones<\/a><\/li>\n<\/ul>\n\n\n\n<div style=\"height:24px\" aria-hidden=\"true\" class=\"wp-block-spacer\"><\/div>\n\n\n\n<p class=\"has-text-align-center\"><strong>Secretar\u00eda Ciencia y T\u00e9cnica<\/strong><br>Edificio Rectorado. 1\u00ba Piso \u2013 Sector \u201cB\u201d<br>Tel\u00e9fonos: 2664-520300 int. 5247<br>Mail:&nbsp;<a href=\"mailto:cyt.fch@gmail.com\">cyt.fch@gmail.com<\/a><\/p>\n\n\n\n<div style=\"height:36px\" aria-hidden=\"true\" class=\"wp-block-spacer\"><\/div>\n\n\n\n<figure class=\"wp-block-image aligncenter size-full is-resized\"><img decoding=\"async\" loading=\"lazy\" src=\"https:\/\/humanas.unsl.edu.ar\/wp-content\/uploads\/2022\/10\/icono-portal-digital.png\" alt=\"\" class=\"wp-image-3997\" width=\"138\" height=\"138\" srcset=\"https:\/\/humanas.unsl.edu.ar\/wp-content\/uploads\/2022\/10\/icono-portal-digital.png 278w, https:\/\/humanas.unsl.edu.ar\/wp-content\/uploads\/2022\/10\/icono-portal-digital-150x150.png 150w, https:\/\/humanas.unsl.edu.ar\/wp-content\/uploads\/2022\/10\/icono-portal-digital-250x250.png 250w\" sizes=\"(max-width: 138px) 100vw, 138px\" \/><\/figure>\n\n\n\n<div style=\"height:32px\" aria-hidden=\"true\" class=\"wp-block-spacer\"><\/div>\n\n\n\n<figure class=\"wp-block-image aligncenter size-full\"><img decoding=\"async\" loading=\"lazy\" width=\"100\" height=\"100\" src=\"https:\/\/humanas.unsl.edu.ar\/wp-content\/uploads\/2022\/06\/1.png\" alt=\"\" class=\"wp-image-2994\"\/><\/figure>\n<\/div>\n<\/div>\n<\/div>\n<\/div>\n\n\n\n<div style=\"height:26px\" aria-hidden=\"true\" class=\"wp-block-spacer\"><\/div>\n\n\n\n<div class=\"inherit-container-width is-layout-constrained wp-block-group alignfull\"><div class=\"wp-block-group__inner-container\">\n<div class=\"wp-block-cover alignfull is-light\" style=\"min-height:267px\"><span aria-hidden=\"true\" class=\"wp-block-cover__background has-background-dim-100 has-background-dim\" style=\"background-color:#d9d9d9\"><\/span><div class=\"wp-block-cover__inner-container\">\n<p class=\"has-text-align-center has-ast-global-color-8-color has-text-color has-medium-font-size\" style=\"font-style:normal;font-weight:700;line-height:1\"><strong>Pol\u00edticas de inclusi\u00f3n, g\u00e9nero y cuidado integral<\/strong><\/p>\n\n\n\n<div class=\"is-layout-flex wp-container-10 wp-block-columns alignfull\">\n<div class=\"is-layout-flow wp-block-column\">\n<figure class=\"wp-block-image size-full\"><a href=\"https:\/\/www.unsl.edu.ar\/index.php\/menu\/eti\"><img decoding=\"async\" loading=\"lazy\" width=\"480\" height=\"120\" src=\"https:\/\/humanas.unsl.edu.ar\/wp-content\/uploads\/2026\/02\/banner_protocolo_violencia_500x120-480x120-1.png\" alt=\"\" class=\"wp-image-14467\" srcset=\"https:\/\/humanas.unsl.edu.ar\/wp-content\/uploads\/2026\/02\/banner_protocolo_violencia_500x120-480x120-1.png 480w, https:\/\/humanas.unsl.edu.ar\/wp-content\/uploads\/2026\/02\/banner_protocolo_violencia_500x120-480x120-1-300x75.png 300w\" sizes=\"(max-width: 480px) 100vw, 480px\" \/><\/a><\/figure>\n<\/div>\n\n\n\n<div class=\"is-layout-flow wp-block-column\">\n<figure class=\"wp-block-image aligncenter size-full\"><a href=\"http:\/\/www.prevencionenadicciones.unsl.edu.ar\/\"><img decoding=\"async\" loading=\"lazy\" width=\"500\" height=\"120\" src=\"https:\/\/humanas.unsl.edu.ar\/wp-content\/uploads\/2026\/02\/banner_programa_adicciones_500x120.png\" alt=\"\" class=\"wp-image-14461\" srcset=\"https:\/\/humanas.unsl.edu.ar\/wp-content\/uploads\/2026\/02\/banner_programa_adicciones_500x120.png 500w, https:\/\/humanas.unsl.edu.ar\/wp-content\/uploads\/2026\/02\/banner_programa_adicciones_500x120-300x72.png 300w\" sizes=\"(max-width: 500px) 100vw, 500px\" \/><\/a><\/figure>\n<\/div>\n\n\n\n<div class=\"is-layout-flow wp-block-column has-ast-global-color-3-color has-text-color\">\n<figure class=\"wp-block-image aligncenter size-full is-style-default\"><a href=\"https:\/\/universidadydiscapacidad.unsl.edu.ar\/\"><img decoding=\"async\" loading=\"lazy\" width=\"500\" height=\"120\" src=\"https:\/\/humanas.unsl.edu.ar\/wp-content\/uploads\/2026\/02\/banner_programa_discapacidad_500x120.png\" alt=\"\" class=\"wp-image-14462\" srcset=\"https:\/\/humanas.unsl.edu.ar\/wp-content\/uploads\/2026\/02\/banner_programa_discapacidad_500x120.png 500w, https:\/\/humanas.unsl.edu.ar\/wp-content\/uploads\/2026\/02\/banner_programa_discapacidad_500x120-300x72.png 300w\" sizes=\"(max-width: 500px) 100vw, 500px\" \/><\/a><\/figure>\n<\/div>\n\n\n\n<div class=\"is-layout-flow wp-block-column has-ast-global-color-3-color has-text-color\">\n<figure class=\"wp-block-image aligncenter size-full is-style-default\"><a href=\"https:\/\/humanas.unsl.edu.ar\/index.php\/inicio\/accesibilidad\/\"><img decoding=\"async\" loading=\"lazy\" width=\"500\" height=\"120\" src=\"https:\/\/humanas.unsl.edu.ar\/wp-content\/uploads\/2026\/02\/banner_programa_accesibilidad_fch_500x120.png\" alt=\"\" class=\"wp-image-14460\" srcset=\"https:\/\/humanas.unsl.edu.ar\/wp-content\/uploads\/2026\/02\/banner_programa_accesibilidad_fch_500x120.png 500w, https:\/\/humanas.unsl.edu.ar\/wp-content\/uploads\/2026\/02\/banner_programa_accesibilidad_fch_500x120-300x72.png 300w\" sizes=\"(max-width: 500px) 100vw, 500px\" \/><\/a><\/figure>\n<\/div>\n<\/div>\n<\/div><\/div>\n<\/div><\/div>\n\n\n\n<div class=\"wp-block-jetpack-layout-grid alignfull column1-desktop-grid__span-3 column1-desktop-grid__row-1 column2-desktop-grid__span-3 column2-desktop-grid__start-4 column2-desktop-grid__row-1 column3-desktop-grid__span-3 column3-desktop-grid__start-7 column3-desktop-grid__row-1 column4-desktop-grid__span-3 column4-desktop-grid__start-10 column4-desktop-grid__row-1 column1-tablet-grid__span-4 column1-tablet-grid__row-1 column2-tablet-grid__span-4 column2-tablet-grid__start-5 column2-tablet-grid__row-1 column3-tablet-grid__span-4 column3-tablet-grid__row-2 column4-tablet-grid__span-4 column4-tablet-grid__start-5 column4-tablet-grid__row-2 column1-mobile-grid__span-4 column1-mobile-grid__row-1 column2-mobile-grid__span-4 column2-mobile-grid__row-2 column3-mobile-grid__span-4 column3-mobile-grid__row-3 column4-mobile-grid__span-4 column4-mobile-grid__row-4 wp-block-jetpack-layout-gutter__medium\">\n<div class=\"wp-block-jetpack-layout-grid-column wp-block-jetpack-layout-grid__padding-none is-vertically-aligned-top\">\n<h6 id=\"informacion-institucional\"><strong>INFORMACI\u00d3N INSTITUCIONAL<\/strong><\/h6>\n\n\n\n<p><strong>Tel\u00e9fono:<\/strong>&nbsp;+54 (0266) 4520300<\/p>\n\n\n\n<p><strong>Direcci\u00f3n:<\/strong>&nbsp;Ej\u00e9rcito de Los Andes 950, D5700HHW.<br>San Luis, Argentina <br><strong>\u00bfC\u00f3mo llegar?<\/strong><br><a href=\"https:\/\/goo.gl\/maps\/JfpaQGqv7zH2\" target=\"_blank\" rel=\"noopener\">Ver ubicaci\u00f3n en Google Maps<\/a><\/p>\n<\/div>\n\n\n\n<div class=\"wp-block-jetpack-layout-grid-column wp-block-jetpack-layout-grid__padding-none is-vertically-aligned-top\">\n<h6 id=\"contactos-frecuentes\"><strong>CONTACTOS FRECUENTES<\/strong><\/h6>\n\n\n\n<p><strong>Consultas Acad\u00e9micas:<\/strong><br><a href=\"http:\/\/secretar\u00eda.academica.fchumanas@gmail.com\">secretar\u00eda.academica.fchumanas@gmail.com<\/a><\/p>\n\n\n\n<p><strong><span style=\"font-size: 1em; font-family: var(--font-base, 'Noto Sans', -apple-system, BlinkMacSystemFont, 'Segoe UI', 'Roboto', 'Oxygen', 'Ubuntu', 'Cantarell', 'Fira Sans', 'Droid Sans', 'Helvetica Neue', sans-serif);\">\u00c1rea de Prensa FCH:<\/span><\/strong> <br>Mail: <a href=\"mailto:prensahumanas@gmail.com\" target=\"_blank\" rel=\"noopener\">prensahumanas@gmail.com<\/a><\/p>\n<\/div>\n\n\n\n<div class=\"wp-block-jetpack-layout-grid-column wp-block-jetpack-layout-grid__padding-none is-vertically-aligned-top\">\n<h6><strong>REDES SOCIALES<\/strong><\/h6>\n\n\n\n<figure class=\"wp-block-image size-full is-resized\"><a href=\"https:\/\/www.facebook.com\/FacultaddeCienciasHumanasUNSL\"><img decoding=\"async\" loading=\"lazy\" src=\"https:\/\/humanas.unsl.edu.ar\/wp-content\/uploads\/2022\/05\/2.png\" alt=\"\" class=\"wp-image-2234\" width=\"54\" height=\"54\"\/><\/a><\/figure>\n\n\n\n<figure class=\"wp-block-image size-full is-resized\"><a href=\"https:\/\/www.instagram.com\/fchunsl\/\"><img decoding=\"async\" loading=\"lazy\" src=\"https:\/\/humanas.unsl.edu.ar\/wp-content\/uploads\/2022\/05\/3.png\" alt=\"\" class=\"wp-image-2235\" width=\"60\" height=\"60\"\/><\/a><\/figure>\n\n\n\n<figure class=\"wp-block-image size-full is-resized\"><a href=\"https:\/\/www.youtube.com\/user\/FCHumanas\/featured\"><img decoding=\"async\" loading=\"lazy\" src=\"https:\/\/humanas.unsl.edu.ar\/wp-content\/uploads\/2022\/05\/4.png\" alt=\"\" class=\"wp-image-2236\" width=\"65\" height=\"65\"\/><\/a><\/figure>\n<\/div>\n\n\n\n<div class=\"wp-block-jetpack-layout-grid-column wp-block-jetpack-layout-grid__padding-none is-vertically-aligned-top\">\n<h6 id=\"mapa-del-sitio\"><strong>MAPA DEL SITIO<\/strong><\/h6>\n\n\n\n<p class=\"has-small-font-size\"><a href=\"https:\/\/humanas.unsl.edu.ar\/index.php\/institucional\/\"><strong>INSTITUCIONAL<\/strong><\/a><\/p>\n\n\n\n<p class=\"has-small-font-size\"><a href=\"https:\/\/humanasunsl.wordpress.com\/carreras\/\"><strong>CARRERAS<\/strong><\/a><\/p>\n\n\n\n<p class=\"has-small-font-size\"><a href=\"https:\/\/humanas.unsl.edu.ar\/index.php\/ingreso\/\"><strong>INGRESO<\/strong><\/a><\/p>\n\n\n\n<p class=\"has-small-font-size\"><a href=\"https:\/\/humanas.unsl.edu.ar\/index.php\/docentes-2\/\"><strong>DOCENTES<\/strong><\/a><\/p>\n\n\n\n<p class=\"has-small-font-size\"><a href=\"https:\/\/humanas.unsl.edu.ar\/index.php\/estudiantes\/\"><strong>ESTUDIANTES<\/strong><\/a><\/p>\n\n\n\n<p class=\"has-small-font-size\"><a href=\"http:\/\/www.unsl.edu.ar\/\" target=\"_blank\" rel=\"noreferrer noopener\"><strong>UNSL<\/strong><\/a><\/p>\n\n\n\n<p class=\"has-small-font-size\"><strong><a href=\"https:\/\/humanas.unsl.edu.ar\/index.php\/noticias\/\" data-type=\"page\" data-id=\"186\">NOTICIAS<\/a><\/strong><\/p>\n<\/div>\n<\/div>\n","protected":false},"excerpt":{"rendered":"<p>Inicio \/ Recife \/ Documentos RECFICE. DOCUMENTOS Documento Fundacional Red de Espacios Curriculares de Formaci\u00f3n en Investigaci\u00f3n de Carreras de Educaci\u00f3n en Universidades Nacionales. &#8211; Acta Fundacional de RECFICE &#8211; Documento Fundacional de RECFICE &#8211; Acta Autoridades 2024\/2026. Avales Institucionales Han enviado avales institucionales las siguientes universidades: Universidad Nacional de Buenas Aires. Facultad de Filosof\u00eda &hellip;<\/p>\n<p class=\"read-more\"> <a class=\"\" href=\"https:\/\/humanas.unsl.edu.ar\/index.php\/inicio\/institucional\/decanato\/secretarias\/cyt\/recfice\/recfice-documentos\/\"> <span class=\"screen-reader-text\">recfice &#8211; documentos<\/span> Leer m\u00e1s &raquo;<\/a><\/p>\n","protected":false},"author":1,"featured_media":0,"parent":8753,"menu_order":4,"comment_status":"closed","ping_status":"closed","template":"","meta":{"site-sidebar-layout":"default","site-content-layout":"","ast-site-content-layout":"default","site-content-style":"default","site-sidebar-style":"default","ast-global-header-display":"","ast-banner-title-visibility":"","ast-main-header-display":"","ast-hfb-above-header-display":"","ast-hfb-below-header-display":"","ast-hfb-mobile-header-display":"","site-post-title":"","ast-breadcrumbs-content":"","ast-featured-img":"","footer-sml-layout":"","theme-transparent-header-meta":"","adv-header-id-meta":"","stick-header-meta":"","header-above-stick-meta":"","header-main-stick-meta":"","header-below-stick-meta":"","astra-migrate-meta-layouts":"set","ast-page-background-enabled":"default","ast-page-background-meta":{"desktop":{"background-color":"var(--ast-global-color-4)","background-image":"","background-repeat":"repeat","background-position":"center center","background-size":"auto","background-attachment":"scroll","background-type":"","background-media":"","overlay-type":"","overlay-color":"","overlay-gradient":""},"tablet":{"background-color":"","background-image":"","background-repeat":"repeat","background-position":"center center","background-size":"auto","background-attachment":"scroll","background-type":"","background-media":"","overlay-type":"","overlay-color":"","overlay-gradient":""},"mobile":{"background-color":"","background-image":"","background-repeat":"repeat","background-position":"center center","background-size":"auto","background-attachment":"scroll","background-type":"","background-media":"","overlay-type":"","overlay-color":"","overlay-gradient":""}},"ast-content-background-meta":{"desktop":{"background-color":"var(--ast-global-color-5)","background-image":"","background-repeat":"repeat","background-position":"center center","background-size":"auto","background-attachment":"scroll","background-type":"","background-media":"","overlay-type":"","overlay-color":"","overlay-gradient":""},"tablet":{"background-color":"var(--ast-global-color-5)","background-image":"","background-repeat":"repeat","background-position":"center center","background-size":"auto","background-attachment":"scroll","background-type":"","background-media":"","overlay-type":"","overlay-color":"","overlay-gradient":""},"mobile":{"background-color":"var(--ast-global-color-5)","background-image":"","background-repeat":"repeat","background-position":"center center","background-size":"auto","background-attachment":"scroll","background-type":"","background-media":"","overlay-type":"","overlay-color":"","overlay-gradient":""}}},"_links":{"self":[{"href":"https:\/\/humanas.unsl.edu.ar\/index.php\/wp-json\/wp\/v2\/pages\/8814"}],"collection":[{"href":"https:\/\/humanas.unsl.edu.ar\/index.php\/wp-json\/wp\/v2\/pages"}],"about":[{"href":"https:\/\/humanas.unsl.edu.ar\/index.php\/wp-json\/wp\/v2\/types\/page"}],"author":[{"embeddable":true,"href":"https:\/\/humanas.unsl.edu.ar\/index.php\/wp-json\/wp\/v2\/users\/1"}],"replies":[{"embeddable":true,"href":"https:\/\/humanas.unsl.edu.ar\/index.php\/wp-json\/wp\/v2\/comments?post=8814"}],"version-history":[{"count":13,"href":"https:\/\/humanas.unsl.edu.ar\/index.php\/wp-json\/wp\/v2\/pages\/8814\/revisions"}],"predecessor-version":[{"id":14426,"href":"https:\/\/humanas.unsl.edu.ar\/index.php\/wp-json\/wp\/v2\/pages\/8814\/revisions\/14426"}],"up":[{"embeddable":true,"href":"https:\/\/humanas.unsl.edu.ar\/index.php\/wp-json\/wp\/v2\/pages\/8753"}],"wp:attachment":[{"href":"https:\/\/humanas.unsl.edu.ar\/index.php\/wp-json\/wp\/v2\/media?parent=8814"}],"curies":[{"name":"wp","href":"https:\/\/api.w.org\/{rel}","templated":true}]}}