{"id":9109,"date":"2024-02-23T16:56:50","date_gmt":"2024-02-23T19:56:50","guid":{"rendered":"https:\/\/humanas.unsl.edu.ar\/?page_id=9109"},"modified":"2025-11-20T19:31:14","modified_gmt":"2025-11-20T22:31:14","slug":"concursos","status":"publish","type":"page","link":"https:\/\/humanas.unsl.edu.ar\/index.php\/inicio\/institucional\/informacion-institucional\/concursos\/","title":{"rendered":"Concursos"},"content":{"rendered":"\n<div style=\"height:20px\" aria-hidden=\"true\" class=\"wp-block-spacer\"><\/div>\n\n\n\n<h6 class=\"wp-elements-80bd07788f0963eee7b981ce5660dcb8 alignwide has-background has-link-color\" id=\"inicio\" style=\"background-color:#fde2cb;line-height:1.5\"><a href=\"https:\/\/humanas.unsl.edu.ar\/\" data-type=\"page\" data-id=\"264\">Inicio<\/a> \/ Concursos<\/h6>\n\n\n\n<div style=\"height:20px\" aria-hidden=\"true\" class=\"wp-block-spacer\"><\/div>\n\n\n\n<div class=\"is-layout-flex wp-container-3 wp-block-columns alignwide\">\n<div class=\"is-layout-flow wp-block-column\" style=\"flex-basis:66.66%\">\n<h4 class=\"has-white-color has-text-color has-background\" style=\"background-color:#ed6f03;line-height:1.5\">Departamento de Concursos<\/h4>\n\n\n\n<blockquote class=\"wp-block-quote is-style-default\">\n<p>Desde la web de la Facultad de Ciencias Humanas se puede descargar y consultar\u00a0el reglamento de concursos docentes, el listado de cargos a concursar, historial de archivos de concursos, la solicitud de inscripci\u00f3n, como as\u00ed tambi\u00e9n la reglamentaci\u00f3n sobre carrera docente vigente en la Facultad.<\/p>\n<\/blockquote>\n\n\n\n<p class=\"has-white-color has-luminous-vivid-amber-background-color has-text-color has-background\"><strong>Requisitos para la Inscripci\u00f3n a Concurso Docente y Cobertura Vacante Docente.<\/strong><\/p>\n\n\n\n<blockquote class=\"wp-block-quote\">\n<p style=\"font-size:16px\">La solicitud de inscripci\u00f3n se realiza a trav\u00e9s del env\u00edo de un correo electr\u00f3nico al Departamento de Mesa de Entradas de la FCH (E-mail: <a href=\"mailto:mesadeentradasfch@gmail.com\">mesadeentradasfch@gmail.com<\/a>) conteniendo la siguiente informaci\u00f3n:<br><br>El correo electr\u00f3nico de inscripci\u00f3n debe contener <strong>2 (dos) archivos adjuntos en formato PDF<\/strong>, con la informaci\u00f3n firmada de manera electr\u00f3nica o digital y dispuesta en el siguiente orden:<br> <br>1\u00b0 archivo PDF con el Ficha de Inscripci\u00f3n correspondiente que obra en el <a href=\"http:\/\/digesto.unsl.edu.ar\/wrapper.php?op=202402\/20240226110028_14901.pdf\"><strong>Anexo I &#8211; Ord. OCD &#8211; 01\/2024<\/strong><\/a> y el Curriculum vitae del aspirante debidamente firmado.<br><br>2\u00b0 Archivo PDF con el indice y las probanzas ordenadas de acuerdo a lo indicado en las ordenanzas de Consejo Superior N\u00b0 <a href=\"http:\/\/digesto.unsl.edu.ar\/docs\/202303\/20230313144813_15914.pdf\"><strong>OCS-13\/2023<\/strong><\/a> o la Ordenanza N\u00b0 <a href=\"http:\/\/digesto.unsl.edu.ar\/docs\/200606\/20060626091521_18824.pdf\"><strong>OCS-15\/1997<\/strong><\/a> seg\u00fan corresponda.<\/p>\n\n\n\n<p class=\"has-white-color has-luminous-vivid-amber-background-color has-text-color has-background has-small-font-size\">Requisitos para la presentaci\u00f3n de archivos PDF. Deber\u00e1n ser archivos preferentemente no superiores de 25 MegaBytes. En el caso de los archivos que presentan escaneos de probanzas, deber\u00e1n estar en blanco y negro o escla de grices con resoluci\u00f3n media .<\/p>\n<\/blockquote>\n\n\n\n<p class=\"has-white-color has-luminous-vivid-orange-background-color has-text-color has-background\"><strong>Fichas de Inscripci\u00f3n y modelos de curriculum vitae seg\u00fan Inscripci\u00f3n a Concurso Docente, Cobertura de Vacante Docente \u00f3 Auxiliares de Segunda<\/strong>.<\/p>\n\n\n\n<blockquote class=\"wp-block-quote\">\n<p class=\"wp-elements-2656e1758d3e7f35b3e91f52bc157192 has-link-color\" style=\"font-size:16px\"><a href=\"https:\/\/humanas.unsl.edu.ar\/wp-content\/uploads\/2024\/05\/Anexi-1_1_24-5-6.pdf\"><img decoding=\"async\" loading=\"lazy\" width=\"20\" height=\"22\" class=\"wp-image-6056\" style=\"width: 20px;\" src=\"https:\/\/humanas.unsl.edu.ar\/wp-content\/uploads\/2023\/04\/gif_pdf-e1682429369964.jpg\" alt=\"\"><\/a>  <a href=\"https:\/\/humanas.unsl.edu.ar\/wp-content\/uploads\/2024\/05\/Anexi-1_1_24-5-6.docx\"><img decoding=\"async\" loading=\"lazy\" width=\"20\" height=\"19\" class=\"wp-image-6064\" style=\"width: 20px;\" src=\"https:\/\/humanas.unsl.edu.ar\/wp-content\/uploads\/2023\/04\/gif_word4-gif-e1682429452897.jpg\" alt=\"\"><\/a> &#8211; Ficha de Inscripci\u00f3n. La misma para inscribirse en <strong>Concurso Docente<\/strong> \u00f3 para inscribirse a <strong>Cobertura de Vacante Docente<\/strong>. Seg\u00fan <a href=\"http:\/\/digesto.unsl.edu.ar\/wrapper.php?op=202402\/20240226110028_14901.pdf\"><strong>Anexo I &#8211; Ord. OCD &#8211; 01\/2024<\/strong><\/a>.<\/p>\n\n\n\n<p class=\"wp-elements-9f3664b3fc260ef5b9bac4ddecbc0313 has-link-color\" style=\"font-size:16px\"><a href=\"https:\/\/humanas.unsl.edu.ar\/wp-content\/uploads\/2023\/10\/cvitae_concurso_cargos_docente_efectivo.pdf\"><img decoding=\"async\" loading=\"lazy\" width=\"20\" height=\"22\" class=\"wp-image-6056\" style=\"width: 20px;\" src=\"https:\/\/humanas.unsl.edu.ar\/wp-content\/uploads\/2023\/04\/gif_pdf-e1682429369964.jpg\" alt=\"\"><\/a>  <a href=\"https:\/\/humanas.unsl.edu.ar\/wp-content\/uploads\/2023\/10\/cvitae_concurso_cargos_docente_efectivo.docx\"><img decoding=\"async\" loading=\"lazy\" width=\"20\" height=\"19\" class=\"wp-image-6064\" style=\"width: 20px;\" src=\"https:\/\/humanas.unsl.edu.ar\/wp-content\/uploads\/2023\/04\/gif_word4-gif-e1682429452897.jpg\" alt=\"\"><\/a>  &#8211; Modelo de Curriculum Vitae para&nbsp;inscripci\u00f3n a un <strong>Concurso Docente<\/strong>.(Aux. 1ra, Jefe de Trabajos Pr\u00e1cticos y Profesores) con car\u00e1cter efectivo. Seg\u00fan <a href=\"http:\/\/digesto.unsl.edu.ar\/docs\/200606\/20060626091521_18824.pdf\"><strong>Ord. OCS &#8211; 15\/1997<\/strong><\/a>.<\/p>\n\n\n\n<p class=\"wp-elements-808c0699741a572984872ee1ce28ea42 has-link-color\" style=\"font-size:16px\"><a href=\"https:\/\/humanas.unsl.edu.ar\/wp-content\/uploads\/2024\/02\/cvitae_cobertura_vacante_docente_anexo_ii_ocs_13_2023.pdf\"><img decoding=\"async\" loading=\"lazy\" width=\"20\" height=\"22\" class=\"wp-image-6056\" style=\"width: 20px;\" src=\"https:\/\/humanas.unsl.edu.ar\/wp-content\/uploads\/2023\/04\/gif_pdf-e1682429369964.jpg\" alt=\"\"><\/a>  <a href=\"https:\/\/humanas.unsl.edu.ar\/wp-content\/uploads\/2024\/02\/cvitae_cobertura_vacante_docente_anexo_ii_ocs_13_2023.docx\"><img decoding=\"async\" loading=\"lazy\" width=\"20\" height=\"19\" class=\"wp-image-6064\" style=\"width: 20px;\" src=\"https:\/\/humanas.unsl.edu.ar\/wp-content\/uploads\/2023\/04\/gif_word4-gif-e1682429452897.jpg\" alt=\"\"><\/a>  &#8211; Modelo de Curriculum Vitae para&nbsp;inscripci\u00f3n a una <strong>Cobertura Vacante  Docente<\/strong> (cargos temporarios). Seg\u00fan Ord. <a href=\"http:\/\/digesto.unsl.edu.ar\/docs\/202303\/20230313144813_15914.pdf\"><strong>OCS &#8211; 13\/2023<\/strong><\/a>. Anexo II.<br><br><a href=\"https:\/\/humanas.unsl.edu.ar\/wp-content\/uploads\/2023\/10\/cvitae_concurso_cargo_docente_auxiliar_segunda_interino.pdf\"><img decoding=\"async\" loading=\"lazy\" width=\"20\" height=\"22\" class=\"wp-image-6056\" style=\"width: 20px;\" src=\"https:\/\/humanas.unsl.edu.ar\/wp-content\/uploads\/2023\/04\/gif_pdf-e1682429369964.jpg\" alt=\"\"><\/a>  <a href=\"https:\/\/humanas.unsl.edu.ar\/wp-content\/uploads\/2023\/10\/cvitae_concurso_cargo_docente_auxiliar_segunda_interino.docx\"><img decoding=\"async\" loading=\"lazy\" width=\"20\" height=\"19\" class=\"wp-image-6064\" style=\"width: 20px;\" src=\"https:\/\/humanas.unsl.edu.ar\/wp-content\/uploads\/2023\/04\/gif_word4-gif-e1682429452897.jpg\" alt=\"\"><\/a> &#8211;  Modelo de Curriculum Vitae para&nbsp;<strong>Cargos Auxiliares de Segunda<\/strong>. <strong><a href=\"http:\/\/digesto.unsl.edu.ar\/docs\/201602\/20160217083837_15783.pdf\">OCD &#8211; 08\/2015<\/a><\/strong>.<\/p>\n\n\n\n<p><\/p>\n<\/blockquote>\n<\/div>\n\n\n\n<div class=\"is-layout-flow wp-block-column\" style=\"flex-basis:33.33%\">\n<ul>\n<li><a href=\"http:\/\/digesto.unsl.edu.ar\/dig-v20.html\">Digesto Administrativo<\/a><\/li>\n\n\n\n<li><a href=\"https:\/\/humanas.unsl.edu.ar\/index.php\/inicio\/institucional\/informacion-institucional\/concursos\/concursos-reglamentaciones\/\" data-type=\"page\" data-id=\"9129\">Reglamentaci\u00f3n<\/a><\/li>\n\n\n\n<li><a href=\"https:\/\/humanas.unsl.edu.ar\/index.php\/institucional\/decanato\/consejo-directivo\/\" data-type=\"page\" data-id=\"578\">Consejo Directivo<\/a><\/li>\n<\/ul>\n\n\n\n<div style=\"height:16px\" aria-hidden=\"true\" class=\"wp-block-spacer\"><\/div>\n\n\n\n<div style=\"height:32px\" aria-hidden=\"true\" class=\"wp-block-spacer\"><\/div>\n\n\n\n<figure class=\"wp-block-image aligncenter size-full is-resized\"><a href=\"http:\/\/digesto.unsl.edu.ar\/Template_DS.php3?var_que=fch,conc\"><img decoding=\"async\" loading=\"lazy\" src=\"https:\/\/humanas.unsl.edu.ar\/wp-content\/uploads\/2023\/05\/logo_concurso_vigentes.png\" alt=\"\" class=\"wp-image-6690\" width=\"200\" height=\"199\" srcset=\"https:\/\/humanas.unsl.edu.ar\/wp-content\/uploads\/2023\/05\/logo_concurso_vigentes.png 200w, https:\/\/humanas.unsl.edu.ar\/wp-content\/uploads\/2023\/05\/logo_concurso_vigentes-150x150.png 150w\" sizes=\"(max-width: 200px) 100vw, 200px\" \/><\/a><\/figure>\n\n\n\n<div style=\"height:36px\" aria-hidden=\"true\" class=\"wp-block-spacer\"><\/div>\n\n\n\n<p class=\"has-text-align-center\"><strong>Departamento de Concursos<br>Facultad de Ciencias Humanas<\/strong> <br>Edificio Rectorado. 1\u00ba Piso &#8211; Sector &#8220;B&#8221;<br>Tel\u00e9fono: (0266)-4520300 Int.  5217. <br><a href=\"concuhum@unsl.edu.ar\">concuhum@unsl.edu.ar<\/a>  <br>De Lunes a Viernes de 8.30 hs a 12.00 hs.<\/p>\n\n\n\n<p class=\"has-text-align-center\"> <\/p>\n<\/div>\n<\/div>\n\n\n\n<div class=\"is-layout-flex wp-container-9 wp-block-columns are-vertically-aligned-top\">\n<div class=\"is-layout-flow wp-block-column is-vertically-aligned-top\">\n<figure class=\"wp-block-image aligncenter size-full\"><a href=\"http:\/\/www.unsl.edu.ar\/P\/web%20guia%20ubicacion\/guia.html\"><img decoding=\"async\" loading=\"lazy\" width=\"80\" height=\"80\" src=\"https:\/\/humanas.unsl.edu.ar\/wp-content\/uploads\/2022\/04\/1-4-2.png\" alt=\"\" class=\"wp-image-1928\"\/><\/a><figcaption class=\"wp-element-caption\"><a href=\"http:\/\/www.unsl.edu.ar\/P\/web%20guia%20ubicacion\/guia.html\" target=\"_blank\" rel=\"noreferrer noopener\">Ubicaci\u00f3n de personas<\/a><\/figcaption><\/figure>\n<\/div>\n\n\n\n<div class=\"is-layout-flow wp-block-column is-vertically-aligned-top\">\n<figure class=\"wp-block-image aligncenter size-full\"><a href=\"http:\/\/www.unsl.edu.ar\/P\/web%20guia%20ubicacion\/guia01.html\"><img decoding=\"async\" loading=\"lazy\" width=\"80\" height=\"80\" src=\"https:\/\/humanas.unsl.edu.ar\/wp-content\/uploads\/2022\/04\/2-4-1.png\" alt=\"\" class=\"wp-image-1944\"\/><\/a><figcaption class=\"wp-element-caption\"><a href=\"http:\/\/www.unsl.edu.ar\/P\/web%20guia%20ubicacion\/guia01.html\" target=\"_blank\" rel=\"noreferrer noopener\">Ubicaci\u00f3n de oficinas <\/a><\/figcaption><\/figure>\n<\/div>\n\n\n\n<div class=\"is-layout-flow wp-block-column is-vertically-aligned-top\">\n<figure class=\"wp-block-image aligncenter size-full is-resized is-style-rounded\"><a href=\"https:\/\/humanas.unsl.edu.ar\/index.php\/inicio\/institucional\/informacion-institucional\/contactos-fch\/\"><img decoding=\"async\" loading=\"lazy\" src=\"https:\/\/humanas.unsl.edu.ar\/wp-content\/uploads\/2022\/04\/3-1-2.png\" alt=\"\" class=\"wp-image-1957\" width=\"90\" height=\"90\"\/><\/a><figcaption class=\"wp-element-caption\"><a href=\"https:\/\/humanas.unsl.edu.ar\/index.php\/inicio\/institucional\/informacion-institucional\/contactos-fch\/\" data-type=\"page\" data-id=\"9171\">Contactos FCH<\/a><\/figcaption><\/figure>\n<\/div>\n\n\n\n<div class=\"is-layout-flow wp-block-column is-vertically-aligned-top\">\n<figure class=\"wp-block-image aligncenter size-full\"><img decoding=\"async\" loading=\"lazy\" width=\"80\" height=\"80\" src=\"https:\/\/humanas.unsl.edu.ar\/wp-content\/uploads\/2022\/04\/4-1-1.png\" alt=\"\" class=\"wp-image-1967\"\/><figcaption class=\"wp-element-caption\"><a href=\"http:\/\/dgti.unsl.edu.ar\/guia-telefono\/\" target=\"_blank\" rel=\"noreferrer noopener\">Gu\u00eda telef\u00f3nica UNSL<\/a><\/figcaption><\/figure>\n<\/div>\n\n\n\n<div class=\"is-layout-flow wp-block-column is-vertically-aligned-top\">\n<figure class=\"wp-block-image aligncenter size-full\"><a href=\"http:\/\/www.unsl.edu.ar\/assets\/doc\/mapa-sede-san-luis.pdf\"><img decoding=\"async\" loading=\"lazy\" width=\"80\" height=\"80\" src=\"https:\/\/humanas.unsl.edu.ar\/wp-content\/uploads\/2022\/04\/5-1.png\" alt=\"\" class=\"wp-image-1973\"\/><\/a><figcaption class=\"wp-element-caption\"><a href=\"http:\/\/www.unsl.edu.ar\/assets\/doc\/mapa-sede-san-luis.pdf\" target=\"_blank\" rel=\"noreferrer noopener\">Mapa de la UNSL<\/a><\/figcaption><\/figure>\n<\/div>\n<\/div>\n\n\n\n<div class=\"inherit-container-width is-layout-constrained wp-block-group alignfull\"><div class=\"wp-block-group__inner-container\">\n<div class=\"wp-block-cover alignfull is-light\" style=\"min-height:267px\"><span aria-hidden=\"true\" class=\"wp-block-cover__background has-background-dim-100 has-background-dim\" style=\"background-color:#d9d9d9\"><\/span><div class=\"wp-block-cover__inner-container\">\n<p class=\"has-text-align-center has-ast-global-color-8-color has-text-color has-medium-font-size\" style=\"font-style:normal;font-weight:700;line-height:1\"><strong>Pol\u00edticas de inclusi\u00f3n, g\u00e9nero y cuidado integral<\/strong><\/p>\n\n\n\n<div class=\"is-layout-flex wp-container-14 wp-block-columns alignfull\">\n<div class=\"is-layout-flow wp-block-column\">\n<figure class=\"wp-block-image size-full\"><a href=\"https:\/\/www.unsl.edu.ar\/index.php\/menu\/eti\"><img decoding=\"async\" loading=\"lazy\" width=\"480\" height=\"120\" src=\"https:\/\/humanas.unsl.edu.ar\/wp-content\/uploads\/2026\/02\/banner_protocolo_violencia_500x120-480x120-1.png\" alt=\"\" class=\"wp-image-14467\" srcset=\"https:\/\/humanas.unsl.edu.ar\/wp-content\/uploads\/2026\/02\/banner_protocolo_violencia_500x120-480x120-1.png 480w, https:\/\/humanas.unsl.edu.ar\/wp-content\/uploads\/2026\/02\/banner_protocolo_violencia_500x120-480x120-1-300x75.png 300w\" sizes=\"(max-width: 480px) 100vw, 480px\" \/><\/a><\/figure>\n<\/div>\n\n\n\n<div class=\"is-layout-flow wp-block-column\">\n<figure class=\"wp-block-image aligncenter size-full\"><a href=\"http:\/\/www.prevencionenadicciones.unsl.edu.ar\/\"><img decoding=\"async\" loading=\"lazy\" width=\"500\" height=\"120\" src=\"https:\/\/humanas.unsl.edu.ar\/wp-content\/uploads\/2026\/02\/banner_programa_adicciones_500x120.png\" alt=\"\" class=\"wp-image-14461\" srcset=\"https:\/\/humanas.unsl.edu.ar\/wp-content\/uploads\/2026\/02\/banner_programa_adicciones_500x120.png 500w, https:\/\/humanas.unsl.edu.ar\/wp-content\/uploads\/2026\/02\/banner_programa_adicciones_500x120-300x72.png 300w\" sizes=\"(max-width: 500px) 100vw, 500px\" \/><\/a><\/figure>\n<\/div>\n\n\n\n<div class=\"is-layout-flow wp-block-column has-ast-global-color-3-color has-text-color\">\n<figure class=\"wp-block-image aligncenter size-full is-style-default\"><a href=\"https:\/\/universidadydiscapacidad.unsl.edu.ar\/\"><img decoding=\"async\" loading=\"lazy\" width=\"500\" height=\"120\" src=\"https:\/\/humanas.unsl.edu.ar\/wp-content\/uploads\/2026\/02\/banner_programa_discapacidad_500x120.png\" alt=\"\" class=\"wp-image-14462\" srcset=\"https:\/\/humanas.unsl.edu.ar\/wp-content\/uploads\/2026\/02\/banner_programa_discapacidad_500x120.png 500w, https:\/\/humanas.unsl.edu.ar\/wp-content\/uploads\/2026\/02\/banner_programa_discapacidad_500x120-300x72.png 300w\" sizes=\"(max-width: 500px) 100vw, 500px\" \/><\/a><\/figure>\n<\/div>\n\n\n\n<div class=\"is-layout-flow wp-block-column has-ast-global-color-3-color has-text-color\">\n<figure class=\"wp-block-image aligncenter size-full is-style-default\"><a href=\"https:\/\/humanas.unsl.edu.ar\/index.php\/inicio\/accesibilidad\/\"><img decoding=\"async\" loading=\"lazy\" width=\"500\" height=\"120\" src=\"https:\/\/humanas.unsl.edu.ar\/wp-content\/uploads\/2026\/02\/banner_programa_accesibilidad_fch_500x120.png\" alt=\"\" class=\"wp-image-14460\" srcset=\"https:\/\/humanas.unsl.edu.ar\/wp-content\/uploads\/2026\/02\/banner_programa_accesibilidad_fch_500x120.png 500w, https:\/\/humanas.unsl.edu.ar\/wp-content\/uploads\/2026\/02\/banner_programa_accesibilidad_fch_500x120-300x72.png 300w\" sizes=\"(max-width: 500px) 100vw, 500px\" \/><\/a><\/figure>\n<\/div>\n<\/div>\n<\/div><\/div>\n<\/div><\/div>\n\n\n\n<div class=\"inherit-container-width is-layout-constrained wp-block-group alignwide\"><div class=\"wp-block-group__inner-container\">\n<div class=\"wp-block-jetpack-layout-grid alignfull column1-desktop-grid__span-3 column1-desktop-grid__row-1 column2-desktop-grid__span-3 column2-desktop-grid__start-4 column2-desktop-grid__row-1 column3-desktop-grid__span-3 column3-desktop-grid__start-7 column3-desktop-grid__row-1 column4-desktop-grid__span-3 column4-desktop-grid__start-10 column4-desktop-grid__row-1 column1-tablet-grid__span-4 column1-tablet-grid__row-1 column2-tablet-grid__span-4 column2-tablet-grid__start-5 column2-tablet-grid__row-1 column3-tablet-grid__span-4 column3-tablet-grid__row-2 column4-tablet-grid__span-4 column4-tablet-grid__start-5 column4-tablet-grid__row-2 column1-mobile-grid__span-4 column1-mobile-grid__row-1 column2-mobile-grid__span-4 column2-mobile-grid__row-2 column3-mobile-grid__span-4 column3-mobile-grid__row-3 column4-mobile-grid__span-4 column4-mobile-grid__row-4 wp-block-jetpack-layout-gutter__medium\">\n<div class=\"wp-block-jetpack-layout-grid-column wp-block-jetpack-layout-grid__padding-none is-vertically-aligned-top\">\n<h6 class=\"has-text-align-center\" id=\"informacion-institucional\"><strong>INFORMACI\u00d3N INSTITUCIONAL<\/strong><\/h6>\n\n\n\n<p><strong>Tel\u00e9fono:<\/strong>&nbsp;+54 (0266) 4520300<\/p>\n\n\n\n<p class=\"wp-elements-e6ca50e8000ea0ddd7ca28e37e89d93a has-link-color\" style=\"font-size:15px\"><strong>Direcci\u00f3n:<\/strong>&nbsp;Ej\u00e9rcito de Los Andes 950, D5700HHW.<br>San Luis, Argentina <br><strong>\u00bfC\u00f3mo llegar?<\/strong><br><a href=\"https:\/\/goo.gl\/maps\/JfpaQGqv7zH2\" target=\"_blank\" rel=\"noopener\">Ver ubicaci\u00f3n en Google Maps<\/a><\/p>\n<\/div>\n\n\n\n<div class=\"wp-block-jetpack-layout-grid-column wp-block-jetpack-layout-grid__padding-none is-vertically-aligned-top\">\n<h6 class=\"has-text-align-center\" id=\"contactos-frecuentes\"><strong>CONTACTOS FRECUENTES<\/strong><\/h6>\n\n\n\n<p class=\"wp-elements-b1aa7a71407969e91e35537b3b790954 has-link-color\" style=\"font-size:15px\"><strong>Consultas Acad\u00e9micas:<\/strong><br><a href=\"mailto:secretar\u00eda.academica.fchumanas@gmail.com\">secretar\u00eda.academica.fchumanas@gmail.com<\/a><\/p>\n\n\n\n<p class=\"wp-elements-c03ba341c07bfc69611de1a9f7cb7103 has-link-color\"><strong><span style=\"font-size: 1em; font-family: var(--font-base, 'Noto Sans', -apple-system, BlinkMacSystemFont, 'Segoe UI', 'Roboto', 'Oxygen', 'Ubuntu', 'Cantarell', 'Fira Sans', 'Droid Sans', 'Helvetica Neue', sans-serif);\">\u00c1rea de Prensa FCH:<\/span><\/strong> <br>Mail: <a href=\"mailto:prensahumanas@gmail.com\" target=\"_blank\" rel=\"noopener\">prensahumanas@gmail.com<\/a><\/p>\n<\/div>\n\n\n\n<div class=\"wp-block-jetpack-layout-grid-column wp-block-jetpack-layout-grid__padding-none is-vertically-aligned-top\">\n<h6 class=\"has-text-align-center\"><strong>REDES SOCIALES<\/strong><\/h6>\n\n\n\n<div style=\"height:39px\" aria-hidden=\"true\" class=\"wp-block-spacer\"><\/div>\n\n\n\n<figure class=\"wp-block-image aligncenter size-large is-resized\"><a href=\"https:\/\/www.facebook.com\/FacultaddeCienciasHumanasUNSL\"><img decoding=\"async\" loading=\"lazy\" src=\"https:\/\/humanas.unsl.edu.ar\/wp-content\/uploads\/2025\/04\/2.png\" alt=\"\" width=\"50\" height=\"50\"\/><\/a><\/figure>\n\n\n\n<figure class=\"wp-block-image aligncenter size-large is-resized\"><a href=\"https:\/\/www.instagram.com\/fchunsl\/\"><img decoding=\"async\" loading=\"lazy\" src=\"https:\/\/humanas.unsl.edu.ar\/wp-content\/uploads\/2025\/04\/3.png\" alt=\"\" width=\"50\" height=\"50\"\/><\/a><\/figure>\n\n\n\n<figure class=\"wp-block-image aligncenter size-large is-resized\"><a href=\"https:\/\/www.youtube.com\/user\/FCHumanas\/featured\"><img decoding=\"async\" loading=\"lazy\" src=\"https:\/\/humanas.unsl.edu.ar\/wp-content\/uploads\/2025\/04\/4.png\" alt=\"\" width=\"50\" height=\"50\"\/><\/a><\/figure>\n<\/div>\n\n\n\n<div class=\"wp-block-jetpack-layout-grid-column wp-block-jetpack-layout-grid__padding-none is-vertically-aligned-top\">\n<h6 class=\"has-text-align-center\" id=\"mapa-del-sitio\"><strong>MAPA DEL SITIO<\/strong><\/h6>\n\n\n\n<p class=\"wp-elements-1397c35b9e2e918621157f30b7193635 has-link-color has-small-font-size\"><a href=\"https:\/\/humanas.unsl.edu.ar\/index.php\/institucional\/\"><strong>INSTITUCIONAL<\/strong><\/a><\/p>\n\n\n\n<p class=\"wp-elements-0bd3ffa8a883f0b13e6f56164c78a984 has-link-color has-small-font-size\"><strong><a href=\"https:\/\/humanas.unsl.edu.ar\/index.php\/inicio\/carreras\/\" data-type=\"page\" data-id=\"43\">CARRERAS<\/a><\/strong><\/p>\n\n\n\n<p class=\"wp-elements-e08edd761a82e37945c35feca7f941e7 has-link-color has-small-font-size\"><a href=\"https:\/\/humanas.unsl.edu.ar\/index.php\/ingreso\/\"><strong>INGRESO<\/strong><\/a><\/p>\n\n\n\n<p class=\"wp-elements-0f48f5cfddf8f1cb3cc2fc334698f944 has-link-color has-small-font-size\"><strong><a href=\"https:\/\/humanas.unsl.edu.ar\/index.php\/docentes-2\/\">DOCENTES<\/a><\/strong><\/p>\n\n\n\n<p class=\"wp-elements-798f5ae66e960f6a3984ba7e89bbb54f has-link-color has-small-font-size\"><a href=\"https:\/\/humanas.unsl.edu.ar\/index.php\/estudiantes\/\"><strong>ESTUDIANTES<\/strong><\/a><\/p>\n\n\n\n<p class=\"wp-elements-59cdf5b53d24ae7687d9ce067dc9ebd6 has-link-color has-small-font-size\"><a href=\"http:\/\/www.unsl.edu.ar\/\" target=\"_blank\" rel=\"noreferrer noopener\"><strong>UNSL<\/strong><\/a><\/p>\n\n\n\n<p class=\"wp-elements-fb03084c20f509df7c9c2962bde465ce has-link-color has-small-font-size\"><strong><a href=\"https:\/\/humanas.unsl.edu.ar\/index.php\/noticias\/\" data-type=\"page\" data-id=\"186\">NOTICIAS<\/a><\/strong><\/p>\n<\/div>\n<\/div>\n<\/div><\/div>\n","protected":false},"excerpt":{"rendered":"<p>Inicio \/ Concursos Departamento de Concursos Desde la web de la Facultad de Ciencias Humanas se puede descargar y consultar\u00a0el reglamento de concursos docentes, el listado de cargos a concursar, historial de archivos de concursos, la solicitud de inscripci\u00f3n, como as\u00ed tambi\u00e9n la reglamentaci\u00f3n sobre carrera docente vigente en la Facultad. Requisitos para la Inscripci\u00f3n &hellip;<\/p>\n<p class=\"read-more\"> <a class=\"\" href=\"https:\/\/humanas.unsl.edu.ar\/index.php\/inicio\/institucional\/informacion-institucional\/concursos\/\"> <span class=\"screen-reader-text\">Concursos<\/span> Leer m\u00e1s &raquo;<\/a><\/p>\n","protected":false},"author":1,"featured_media":0,"parent":1462,"menu_order":4,"comment_status":"closed","ping_status":"closed","template":"","meta":{"site-sidebar-layout":"default","site-content-layout":"","ast-site-content-layout":"default","site-content-style":"default","site-sidebar-style":"default","ast-global-header-display":"","ast-banner-title-visibility":"","ast-main-header-display":"","ast-hfb-above-header-display":"","ast-hfb-below-header-display":"","ast-hfb-mobile-header-display":"","site-post-title":"","ast-breadcrumbs-content":"","ast-featured-img":"","footer-sml-layout":"","theme-transparent-header-meta":"","adv-header-id-meta":"","stick-header-meta":"","header-above-stick-meta":"","header-main-stick-meta":"","header-below-stick-meta":"","astra-migrate-meta-layouts":"set","ast-page-background-enabled":"default","ast-page-background-meta":{"desktop":{"background-color":"var(--ast-global-color-4)","background-image":"","background-repeat":"repeat","background-position":"center center","background-size":"auto","background-attachment":"scroll","background-type":"","background-media":"","overlay-type":"","overlay-color":"","overlay-gradient":""},"tablet":{"background-color":"","background-image":"","background-repeat":"repeat","background-position":"center center","background-size":"auto","background-attachment":"scroll","background-type":"","background-media":"","overlay-type":"","overlay-color":"","overlay-gradient":""},"mobile":{"background-color":"","background-image":"","background-repeat":"repeat","background-position":"center center","background-size":"auto","background-attachment":"scroll","background-type":"","background-media":"","overlay-type":"","overlay-color":"","overlay-gradient":""}},"ast-content-background-meta":{"desktop":{"background-color":"var(--ast-global-color-5)","background-image":"","background-repeat":"repeat","background-position":"center center","background-size":"auto","background-attachment":"scroll","background-type":"","background-media":"","overlay-type":"","overlay-color":"","overlay-gradient":""},"tablet":{"background-color":"var(--ast-global-color-5)","background-image":"","background-repeat":"repeat","background-position":"center center","background-size":"auto","background-attachment":"scroll","background-type":"","background-media":"","overlay-type":"","overlay-color":"","overlay-gradient":""},"mobile":{"background-color":"var(--ast-global-color-5)","background-image":"","background-repeat":"repeat","background-position":"center center","background-size":"auto","background-attachment":"scroll","background-type":"","background-media":"","overlay-type":"","overlay-color":"","overlay-gradient":""}}},"_links":{"self":[{"href":"https:\/\/humanas.unsl.edu.ar\/index.php\/wp-json\/wp\/v2\/pages\/9109"}],"collection":[{"href":"https:\/\/humanas.unsl.edu.ar\/index.php\/wp-json\/wp\/v2\/pages"}],"about":[{"href":"https:\/\/humanas.unsl.edu.ar\/index.php\/wp-json\/wp\/v2\/types\/page"}],"author":[{"embeddable":true,"href":"https:\/\/humanas.unsl.edu.ar\/index.php\/wp-json\/wp\/v2\/users\/1"}],"replies":[{"embeddable":true,"href":"https:\/\/humanas.unsl.edu.ar\/index.php\/wp-json\/wp\/v2\/comments?post=9109"}],"version-history":[{"count":29,"href":"https:\/\/humanas.unsl.edu.ar\/index.php\/wp-json\/wp\/v2\/pages\/9109\/revisions"}],"predecessor-version":[{"id":14127,"href":"https:\/\/humanas.unsl.edu.ar\/index.php\/wp-json\/wp\/v2\/pages\/9109\/revisions\/14127"}],"up":[{"embeddable":true,"href":"https:\/\/humanas.unsl.edu.ar\/index.php\/wp-json\/wp\/v2\/pages\/1462"}],"wp:attachment":[{"href":"https:\/\/humanas.unsl.edu.ar\/index.php\/wp-json\/wp\/v2\/media?parent=9109"}],"curies":[{"name":"wp","href":"https:\/\/api.w.org\/{rel}","templated":true}]}}