{"id":951,"date":"2021-10-26T22:24:21","date_gmt":"2021-10-27T01:24:21","guid":{"rendered":"https:\/\/humanasunsl.wordpress.com\/?page_id=951"},"modified":"2026-03-17T16:16:48","modified_gmt":"2026-03-17T19:16:48","slug":"becas","status":"publish","type":"page","link":"https:\/\/humanas.unsl.edu.ar\/index.php\/inicio\/becas\/","title":{"rendered":"Becas"},"content":{"rendered":"\n<div style=\"height:26px\" aria-hidden=\"true\" class=\"wp-block-spacer\"><\/div>\n\n\n\n<h5 class=\"wp-elements-4473fc61241812e37fd5976d221060f5 alignwide has-background has-link-color\" id=\"inicio-ingreso\" style=\"background-color:#fde2cb;line-height:0\"><a href=\"https:\/\/humanas.unsl.edu.ar\/\" data-type=\"page\" data-id=\"264\">Inicio<\/a><\/h5>\n\n\n\n<div style=\"height:26px\" aria-hidden=\"true\" class=\"wp-block-spacer\"><\/div>\n\n\n\n<div class=\"is-layout-flex wp-container-4 wp-block-columns alignwide\">\n<div class=\"is-layout-flow wp-block-column\">\n<h5 class=\"has-white-color has-text-color has-background\" id=\"becas-fch\" style=\"background-color:#ed6f03;line-height:1\">Becas y Pasant\u00edas FCH<\/h5>\n\n\n\n<ul>\n<li><a href=\"https:\/\/humanas.unsl.edu.ar\/index.php\/pagina-de-inicio\/institucional\/decanato\/secretarias-fch\/secretaria-academica\/reglamentacion-secretaria-academica\/#ancla-becas\" data-type=\"page\" data-id=\"5141\">Pasant\u00edas en Docencia<\/a><\/li>\n\n\n\n<li><a href=\"https:\/\/humanas.unsl.edu.ar\/index.php\/pagina-de-inicio\/institucional\/decanato\/secretarias-fch\/secretaria-academica\/reglamentacion-secretaria-academica\/#ancla-becas\" data-type=\"page\" data-id=\"5141\">Becas de Inicio a la Docencia<\/a><\/li>\n\n\n\n<li><a href=\"https:\/\/humanas.unsl.edu.ar\/index.php\/pagina-de-inicio\/institucional\/decanato\/secretarias-fch\/secretaria-de-ciencia-y-tecnologia\/reglamentaciones-de-ciencia-y-tecnica\/#ancla1\" data-type=\"page\" data-id=\"5297\">Pasant\u00edas de Investigaci\u00f3n<\/a><\/li>\n\n\n\n<li><a rel=\"noreferrer noopener\" href=\"http:\/\/digesto.unsl.edu.ar\/docs\/201803\/20180328122358_18221.pdf\" target=\"_blank\">Becas de Inicio Investigaci\u00f3n y Extensi\u00f3n<\/a><\/li>\n\n\n\n<li><a href=\"https:\/\/humanas.unsl.edu.ar\/index.php\/pagina-de-inicio\/institucional\/decanato\/secretarias-fch\/secretaria-de-extension\/reglamentaciones-de-extension\/#ancla1\">Pasant\u00edas de Extensi\u00f3n<\/a><\/li>\n\n\n\n<li><a href=\"https:\/\/humanas.unsl.edu.ar\/wp-content\/uploads\/2024\/07\/OCD-06-2015.pdf\">Becas de Perfeccionamiento Docente<\/a><\/li>\n\n\n\n<li><a href=\"https:\/\/humanas.unsl.edu.ar\/index.php\/pagina-de-inicio\/consultas-y-tramites\/tramites-para-estudiantes\/\">Becas de Finalizaci\u00f3n de carreras de grado<\/a><\/li>\n\n\n\n<li><a href=\"https:\/\/humanas.unsl.edu.ar\/index.php\/pagina-de-inicio\/institucional\/decanato\/secretarias-fch\/secretaria-posgrado\/reglamentaciones-de-posgrado\/#ancla_pos\">Becas Posgrado Internas \/ externas<\/a><\/li>\n\n\n\n<li><a href=\"https:\/\/humanas.unsl.edu.ar\/wp-content\/uploads\/2024\/02\/Anexo-I-Becas-Culminacion.pdf\">Becas Culminaci\u00f3n Carreras de Profesorados (2024)<\/a><\/li>\n\n\n\n<li><a href=\"https:\/\/humanas.unsl.edu.ar\/index.php\/2025\/10\/29\/becas-estudiantes\/\">Becas estudiantes tutores de pares<\/a><\/li>\n<\/ul>\n<\/div>\n\n\n\n<div class=\"is-layout-flow wp-block-column\">\n<h5 class=\"has-text-color has-background\" id=\"becas-unsl\" style=\"color:#ffffff;background-color:#f18c12;line-height:1\">Becas UNSL<\/h5>\n\n\n\n<ul>\n<li><a href=\"http:\/\/becas.unsl.edu.ar\/\">Bec<\/a><a rel=\"noreferrer noopener\" href=\"http:\/\/becas.unsl.edu.ar\/\" target=\"_blank\">as UNSL<\/a><\/li>\n\n\n\n<li><a rel=\"noreferrer noopener\" href=\"http:\/\/scyt.unsl.edu.ar\/\" target=\"_blank\">Becas CyT UNSL<\/a><\/li>\n\n\n\n<li><a rel=\"noreferrer noopener\" href=\"http:\/\/seu.unsl.edu.ar\/index.php\/menu\/becas\" target=\"_blank\">Becas Extensi\u00f3n UNSL<\/a><\/li>\n\n\n\n<li><a href=\"http:\/\/becas.unsl.edu.ar\/becas\/pages\/becascreer\" target=\"_blank\" rel=\"noreferrer noopener\">CREER<\/a><\/li>\n\n\n\n<li><a href=\"http:\/\/saebu.unsl.edu.ar\/\">Ayuda Econ\u00f3mica<\/a><\/li>\n\n\n\n<li>Contraprestaci\u00f3n de servicios<\/li>\n\n\n\n<li><a href=\"http:\/\/saebu.unsl.edu.ar\/\" target=\"_blank\" rel=\"noreferrer noopener\">Comedor<\/a><\/li>\n\n\n\n<li><a href=\"http:\/\/saebu.unsl.edu.ar\/\" target=\"_blank\" rel=\"noreferrer noopener\">Residencia Estudiantil<\/a><\/li>\n\n\n\n<li>Cuidados Infantiles<\/li>\n\n\n\n<li>Integral<\/li>\n\n\n\n<li>Transporte Interurbano y Media Distancia<\/li>\n<\/ul>\n<\/div>\n\n\n\n<div class=\"is-layout-flow wp-block-column\">\n<h5 class=\"has-white-color has-text-color has-background\" id=\"becas-progresar\" style=\"background-color:#f8b719;line-height:1\">Becas Nacionales<\/h5>\n\n\n\n<ul>\n<li><a rel=\"noreferrer noopener\" href=\"https:\/\/www.argentina.gob.ar\/educacion\/progresar\" target=\"_blank\">Becas Progresar<\/a><\/li>\n\n\n\n<li><a href=\"https:\/\/evc.cin.edu.ar\/\" target=\"_blank\" rel=\"noreferrer noopener\">Becas EVC-CIN<\/a> (vocaciones cient\u00edficas)<\/li>\n\n\n\n<li><a rel=\"noopener\" href=\"https:\/\/www.argentina.gob.ar\/becasprogresar\/educacionsuperior\" target=\"_blank\">Educaci\u00f3n Superior<\/a>  <\/li>\n\n\n\n<li><a rel=\"noopener\" href=\"https:\/\/www.argentina.gob.ar\/becasprogresar\/formaciondocente\" target=\"_blank\">Formaci\u00f3n docente<\/a>   <\/li>\n\n\n\n<li><a href=\"https:\/\/www.argentina.gob.ar\/educacion\/cursos-capacitaciones\">Formaci\u00f3n profesional<\/a>   <\/li>\n\n\n\n<li><a rel=\"noopener\" href=\"https:\/\/www.argentina.gob.ar\/becasprogresar\/educacionobligatoria\" target=\"_blank\">Educaci\u00f3n obligatoria<\/a>  <\/li>\n<\/ul>\n<\/div>\n<\/div>\n\n\n\n<div class=\"is-layout-flex wp-container-8 wp-block-columns alignwide are-vertically-aligned-center\">\n<div class=\"is-layout-flow wp-block-column is-vertically-aligned-center\">\n<div class=\"is-vertical is-content-justification-center is-layout-flex wp-container-5 wp-block-buttons alignwide\">\n<div class=\"wp-block-button is-style-fill\"><a class=\"wp-block-button__link has-background-color has-text-color has-background wp-element-button\" href=\"https:\/\/humanas.unsl.edu.ar\/index.php\/pagina-de-inicio\/consultas-y-tramites\/\" style=\"border-radius:6px;background-color:#ed6f03\">Formularios y tr\u00e1mites<\/a><\/div>\n<\/div>\n<\/div>\n\n\n\n<div class=\"is-layout-flow wp-block-column is-vertically-aligned-center\">\n<figure class=\"wp-block-image aligncenter size-full\"><img decoding=\"async\" loading=\"lazy\" width=\"100\" height=\"100\" src=\"https:\/\/humanas.unsl.edu.ar\/wp-content\/uploads\/2022\/06\/1.png\" alt=\"\" class=\"wp-image-2994\"\/><figcaption class=\"wp-element-caption\"><strong><a href=\"https:\/\/humanas.unsl.edu.ar\/index.php\/noticias-fch\/\">Info FCH<\/a><\/strong><\/figcaption><\/figure>\n<\/div>\n<\/div>\n\n\n\n<div class=\"inherit-container-width is-layout-constrained wp-block-group alignwide\"><div class=\"wp-block-group__inner-container\">\n<div class=\"is-layout-flex wp-container-21 wp-block-columns alignfull\">\n<div class=\"is-layout-flow wp-block-column is-vertically-aligned-top\">\n<figure class=\"wp-block-image aligncenter size-full is-resized\"><a href=\"maito:areaingh@gmail.com\"><img decoding=\"async\" loading=\"lazy\" src=\"https:\/\/humanas.unsl.edu.ar\/wp-content\/uploads\/2022\/04\/3-1-2.png\" alt=\"\" class=\"wp-image-1957\" width=\"81\" height=\"81\"\/><\/a><\/figure>\n\n\n\n<div class=\"is-layout-flex wp-container-10 wp-block-columns\">\n<div class=\"is-layout-flow wp-block-column\">\n<p class=\"has-text-align-center\"><a href=\"maito:areaingh@gmail.com\"><strong>Mail del \u00c1rea de Ingreso<\/strong><\/a><\/p>\n<\/div>\n<\/div>\n<\/div>\n\n\n\n<div class=\"is-layout-flow wp-block-column is-vertically-aligned-center\">\n<figure class=\"wp-block-image aligncenter size-full is-resized\"><a href=\"https:\/\/www.instagram.com\/ingresohumanas\/?hl=es\"><img decoding=\"async\" loading=\"lazy\" src=\"https:\/\/humanas.unsl.edu.ar\/wp-content\/uploads\/2022\/10\/3-150x150-1.png\" alt=\"\" class=\"wp-image-12565\" width=\"65\" height=\"65\"\/><\/a><\/figure>\n\n\n\n<div class=\"is-layout-flex wp-container-13 wp-block-columns\">\n<div class=\"is-layout-flow wp-block-column\">\n<p class=\"has-text-align-center\"><strong><a href=\"https:\/\/www.instagram.com\/ingresohumanas\/?hl=es\">@ingresohumanas<\/a><\/strong><\/p>\n<\/div>\n<\/div>\n<\/div>\n\n\n\n<div class=\"is-layout-flow wp-block-column is-vertically-aligned-top\">\n<figure class=\"wp-block-image aligncenter size-full is-resized\"><img decoding=\"async\" loading=\"lazy\" src=\"https:\/\/humanas.unsl.edu.ar\/wp-content\/uploads\/2022\/04\/4-1-1.png\" alt=\"\" class=\"wp-image-1967\" width=\"80\" height=\"80\"\/><\/figure>\n\n\n\n<div class=\"is-layout-flex wp-container-16 wp-block-columns\">\n<div class=\"is-layout-flow wp-block-column\">\n<p class=\"has-text-align-center\"><strong>Tel: 2664-5203300 Int: 5234<\/strong><\/p>\n<\/div>\n<\/div>\n<\/div>\n\n\n\n<div class=\"is-layout-flow wp-block-column\">\n<figure class=\"wp-block-image aligncenter size-full\"><a href=\"http:\/\/www.unsl.edu.ar\/assets\/doc\/mapa-sede-san-luis.pdf\"><img decoding=\"async\" loading=\"lazy\" width=\"80\" height=\"80\" src=\"https:\/\/humanas.unsl.edu.ar\/wp-content\/uploads\/2022\/04\/5-1.png\" alt=\"\" class=\"wp-image-1973\"\/><\/a><\/figure>\n\n\n\n<div class=\"is-layout-flex wp-container-19 wp-block-columns\">\n<div class=\"is-layout-flow wp-block-column\">\n<p class=\"has-text-align-center\"><strong><a href=\"http:\/\/www.unsl.edu.ar\/assets\/doc\/mapa-sede-san-luis.pdf\">Rectorado<em> <\/em>1\u00b0 Piso Ala &#8220;B&#8221;<\/a><\/strong><\/p>\n<\/div>\n<\/div>\n<\/div>\n<\/div>\n<\/div><\/div>\n\n\n\n<div class=\"inherit-container-width is-layout-constrained wp-block-group alignfull\"><div class=\"wp-block-group__inner-container\">\n<div class=\"wp-block-cover alignfull is-light\" style=\"min-height:267px\"><span aria-hidden=\"true\" class=\"wp-block-cover__background has-background-dim-100 has-background-dim\" style=\"background-color:#d9d9d9\"><\/span><div class=\"wp-block-cover__inner-container\">\n<p class=\"has-text-align-center has-ast-global-color-8-color has-text-color has-medium-font-size\" style=\"font-style:normal;font-weight:700;line-height:1\"><strong>Pol\u00edticas de inclusi\u00f3n, g\u00e9nero y cuidado integral<\/strong><\/p>\n\n\n\n<div class=\"is-layout-flex wp-container-27 wp-block-columns alignfull\">\n<div class=\"is-layout-flow wp-block-column\">\n<figure class=\"wp-block-image size-full\"><a href=\"https:\/\/www.unsl.edu.ar\/index.php\/menu\/eti\"><img decoding=\"async\" loading=\"lazy\" width=\"480\" height=\"120\" src=\"https:\/\/humanas.unsl.edu.ar\/wp-content\/uploads\/2026\/02\/banner_protocolo_violencia_500x120-480x120-1.png\" alt=\"\" class=\"wp-image-14467\" srcset=\"https:\/\/humanas.unsl.edu.ar\/wp-content\/uploads\/2026\/02\/banner_protocolo_violencia_500x120-480x120-1.png 480w, https:\/\/humanas.unsl.edu.ar\/wp-content\/uploads\/2026\/02\/banner_protocolo_violencia_500x120-480x120-1-300x75.png 300w\" sizes=\"(max-width: 480px) 100vw, 480px\" \/><\/a><\/figure>\n<\/div>\n\n\n\n<div class=\"is-layout-flow wp-block-column\">\n<figure class=\"wp-block-image aligncenter size-full\"><a href=\"http:\/\/www.prevencionenadicciones.unsl.edu.ar\/\"><img decoding=\"async\" loading=\"lazy\" width=\"500\" height=\"120\" src=\"https:\/\/humanas.unsl.edu.ar\/wp-content\/uploads\/2026\/02\/banner_programa_adicciones_500x120.png\" alt=\"\" class=\"wp-image-14461\" srcset=\"https:\/\/humanas.unsl.edu.ar\/wp-content\/uploads\/2026\/02\/banner_programa_adicciones_500x120.png 500w, https:\/\/humanas.unsl.edu.ar\/wp-content\/uploads\/2026\/02\/banner_programa_adicciones_500x120-300x72.png 300w\" sizes=\"(max-width: 500px) 100vw, 500px\" \/><\/a><\/figure>\n<\/div>\n\n\n\n<div class=\"is-layout-flow wp-block-column has-ast-global-color-3-color has-text-color\">\n<figure class=\"wp-block-image aligncenter size-full is-style-default\"><a href=\"https:\/\/universidadydiscapacidad.unsl.edu.ar\/\"><img decoding=\"async\" loading=\"lazy\" width=\"500\" height=\"120\" src=\"https:\/\/humanas.unsl.edu.ar\/wp-content\/uploads\/2026\/02\/banner_programa_discapacidad_500x120.png\" alt=\"\" class=\"wp-image-14462\" srcset=\"https:\/\/humanas.unsl.edu.ar\/wp-content\/uploads\/2026\/02\/banner_programa_discapacidad_500x120.png 500w, https:\/\/humanas.unsl.edu.ar\/wp-content\/uploads\/2026\/02\/banner_programa_discapacidad_500x120-300x72.png 300w\" sizes=\"(max-width: 500px) 100vw, 500px\" \/><\/a><\/figure>\n<\/div>\n\n\n\n<div class=\"is-layout-flow wp-block-column has-ast-global-color-3-color has-text-color\">\n<figure class=\"wp-block-image aligncenter size-full is-style-default\"><a href=\"https:\/\/humanas.unsl.edu.ar\/index.php\/inicio\/accesibilidad\/\"><img decoding=\"async\" loading=\"lazy\" width=\"500\" height=\"120\" src=\"https:\/\/humanas.unsl.edu.ar\/wp-content\/uploads\/2026\/02\/banner_programa_accesibilidad_fch_500x120.png\" alt=\"\" class=\"wp-image-14460\" srcset=\"https:\/\/humanas.unsl.edu.ar\/wp-content\/uploads\/2026\/02\/banner_programa_accesibilidad_fch_500x120.png 500w, https:\/\/humanas.unsl.edu.ar\/wp-content\/uploads\/2026\/02\/banner_programa_accesibilidad_fch_500x120-300x72.png 300w\" sizes=\"(max-width: 500px) 100vw, 500px\" \/><\/a><\/figure>\n<\/div>\n<\/div>\n<\/div><\/div>\n<\/div><\/div>\n\n\n\n<div class=\"wp-block-jetpack-layout-grid alignfull column1-desktop-grid__span-3 column1-desktop-grid__row-1 column2-desktop-grid__span-3 column2-desktop-grid__start-4 column2-desktop-grid__row-1 column3-desktop-grid__span-3 column3-desktop-grid__start-7 column3-desktop-grid__row-1 column4-desktop-grid__span-3 column4-desktop-grid__start-10 column4-desktop-grid__row-1 column1-tablet-grid__span-4 column1-tablet-grid__row-1 column2-tablet-grid__span-4 column2-tablet-grid__start-5 column2-tablet-grid__row-1 column3-tablet-grid__span-4 column3-tablet-grid__row-2 column4-tablet-grid__span-4 column4-tablet-grid__start-5 column4-tablet-grid__row-2 column1-mobile-grid__span-4 column1-mobile-grid__row-1 column2-mobile-grid__span-4 column2-mobile-grid__row-2 column3-mobile-grid__span-4 column3-mobile-grid__row-3 column4-mobile-grid__span-4 column4-mobile-grid__row-4 wp-block-jetpack-layout-gutter__medium\">\n<div class=\"wp-block-jetpack-layout-grid-column wp-block-jetpack-layout-grid__padding-none is-vertically-aligned-top\">\n<h6 id=\"informacion-institucional\"><strong>INFORMACI\u00d3N INSTITUCIONAL<\/strong><\/h6>\n\n\n\n<p><strong>Tel\u00e9fono:<\/strong>&nbsp;+54 (0266) 4520300<\/p>\n\n\n\n<p><strong>Direcci\u00f3n:<\/strong>&nbsp;Ej\u00e9rcito de Los Andes 950, D5700HHW.<br>San Luis, Argentina <br><strong>\u00bfC\u00f3mo llegar?<\/strong><br><a href=\"https:\/\/goo.gl\/maps\/JfpaQGqv7zH2\" target=\"_blank\" rel=\"noopener\">Ver ubicaci\u00f3n en Google Maps<\/a><\/p>\n<\/div>\n\n\n\n<div class=\"wp-block-jetpack-layout-grid-column wp-block-jetpack-layout-grid__padding-none is-vertically-aligned-top\">\n<h6 id=\"contactos-frecuentes\"><strong>CONTACTOS FRECUENTES<\/strong><\/h6>\n\n\n\n<p><strong>Consultas Acad\u00e9micas:<\/strong><br><a href=\"http:\/\/secretar\u00eda.academica.fchumanas@gmail.com\">secretar\u00eda.academica.fchumanas@gmail.com<\/a><\/p>\n\n\n\n<p><strong><span style=\"font-size: 1em; font-family: var(--font-base, 'Noto Sans', -apple-system, BlinkMacSystemFont, 'Segoe UI', 'Roboto', 'Oxygen', 'Ubuntu', 'Cantarell', 'Fira Sans', 'Droid Sans', 'Helvetica Neue', sans-serif);\">\u00c1rea de Prensa FCH:<\/span><\/strong> <br>Mail: <a href=\"mailto:prensahumanas@gmail.com\" target=\"_blank\" rel=\"noopener\">prensahumanas@gmail.com<\/a><\/p>\n<\/div>\n\n\n\n<div class=\"wp-block-jetpack-layout-grid-column wp-block-jetpack-layout-grid__padding-none is-vertically-aligned-top\">\n<h6><strong>REDES SOCIALES<\/strong><\/h6>\n\n\n\n<figure class=\"wp-block-image size-full is-resized\"><a href=\"https:\/\/www.facebook.com\/FacultaddeCienciasHumanasUNSL\"><img decoding=\"async\" loading=\"lazy\" src=\"https:\/\/humanas.unsl.edu.ar\/wp-content\/uploads\/2022\/05\/2.png\" alt=\"\" class=\"wp-image-2234\" width=\"54\" height=\"54\"\/><\/a><\/figure>\n\n\n\n<figure class=\"wp-block-image size-full is-resized\"><a href=\"https:\/\/www.instagram.com\/fchunsl\/\"><img decoding=\"async\" loading=\"lazy\" src=\"https:\/\/humanas.unsl.edu.ar\/wp-content\/uploads\/2022\/05\/3.png\" alt=\"\" class=\"wp-image-2235\" width=\"60\" height=\"60\"\/><\/a><\/figure>\n\n\n\n<figure class=\"wp-block-image size-full is-resized\"><a href=\"https:\/\/www.youtube.com\/user\/FCHumanas\/featured\"><img decoding=\"async\" loading=\"lazy\" src=\"https:\/\/humanas.unsl.edu.ar\/wp-content\/uploads\/2022\/05\/4.png\" alt=\"\" class=\"wp-image-2236\" width=\"65\" height=\"65\"\/><\/a><\/figure>\n<\/div>\n\n\n\n<div class=\"wp-block-jetpack-layout-grid-column wp-block-jetpack-layout-grid__padding-none is-vertically-aligned-top\">\n<h6 id=\"mapa-del-sitio\"><strong>MAPA DEL SITIO<\/strong><\/h6>\n\n\n\n<p class=\"has-small-font-size\"><a href=\"https:\/\/humanas.unsl.edu.ar\/index.php\/institucional\/\"><strong>INSTITUCIONAL<\/strong><\/a><\/p>\n\n\n\n<p class=\"has-small-font-size\"><a href=\"https:\/\/humanasunsl.wordpress.com\/carreras\/\"><strong>CARRERAS<\/strong><\/a><\/p>\n\n\n\n<p class=\"has-small-font-size\"><a href=\"https:\/\/humanas.unsl.edu.ar\/index.php\/ingreso\/\"><strong>INGRESO<\/strong><\/a><\/p>\n\n\n\n<p class=\"has-small-font-size\"><a href=\"https:\/\/humanas.unsl.edu.ar\/index.php\/docentes-2\/\"><strong>DOCENTES<\/strong><\/a><\/p>\n\n\n\n<p class=\"has-small-font-size\"><a href=\"https:\/\/humanas.unsl.edu.ar\/index.php\/estudiantes\/\"><strong>ESTUDIANTES<\/strong><\/a><\/p>\n\n\n\n<p class=\"has-small-font-size\"><a href=\"http:\/\/www.unsl.edu.ar\/\" target=\"_blank\" rel=\"noreferrer noopener\"><strong>UNSL<\/strong><\/a><\/p>\n\n\n\n<p class=\"has-small-font-size\"><strong><a href=\"https:\/\/humanas.unsl.edu.ar\/index.php\/noticias\/\" data-type=\"page\" data-id=\"186\">NOTICIAS<\/a><\/strong><\/p>\n<\/div>\n<\/div>\n","protected":false},"excerpt":{"rendered":"<p>Inicio Becas y Pasant\u00edas FCH Becas UNSL Becas Nacionales INFORMACI\u00d3N INSTITUCIONAL Tel\u00e9fono:&nbsp;+54 (0266) 4520300 Direcci\u00f3n:&nbsp;Ej\u00e9rcito de Los Andes 950, D5700HHW.San Luis, Argentina \u00bfC\u00f3mo llegar?Ver ubicaci\u00f3n en Google Maps CONTACTOS FRECUENTES Consultas Acad\u00e9micas:secretar\u00eda.academica.fchumanas@gmail.com \u00c1rea de Prensa FCH: Mail: prensahumanas@gmail.com REDES SOCIALES MAPA DEL SITIO INSTITUCIONAL CARRERAS INGRESO DOCENTES ESTUDIANTES UNSL NOTICIAS<\/p>\n","protected":false},"author":2,"featured_media":0,"parent":264,"menu_order":15,"comment_status":"closed","ping_status":"closed","template":"","meta":{"site-sidebar-layout":"default","site-content-layout":"","ast-site-content-layout":"default","site-content-style":"default","site-sidebar-style":"default","ast-global-header-display":"","ast-banner-title-visibility":"","ast-main-header-display":"","ast-hfb-above-header-display":"","ast-hfb-below-header-display":"","ast-hfb-mobile-header-display":"","site-post-title":"disabled","ast-breadcrumbs-content":"","ast-featured-img":"","footer-sml-layout":"","theme-transparent-header-meta":"","adv-header-id-meta":"","stick-header-meta":"","header-above-stick-meta":"","header-main-stick-meta":"","header-below-stick-meta":"","astra-migrate-meta-layouts":"set","ast-page-background-enabled":"default","ast-page-background-meta":{"desktop":{"background-color":"var(--ast-global-color-4)","background-image":"","background-repeat":"repeat","background-position":"center center","background-size":"auto","background-attachment":"scroll","background-type":"","background-media":"","overlay-type":"","overlay-color":"","overlay-gradient":""},"tablet":{"background-color":"","background-image":"","background-repeat":"repeat","background-position":"center center","background-size":"auto","background-attachment":"scroll","background-type":"","background-media":"","overlay-type":"","overlay-color":"","overlay-gradient":""},"mobile":{"background-color":"","background-image":"","background-repeat":"repeat","background-position":"center center","background-size":"auto","background-attachment":"scroll","background-type":"","background-media":"","overlay-type":"","overlay-color":"","overlay-gradient":""}},"ast-content-background-meta":{"desktop":{"background-color":"var(--ast-global-color-5)","background-image":"","background-repeat":"repeat","background-position":"center center","background-size":"auto","background-attachment":"scroll","background-type":"","background-media":"","overlay-type":"","overlay-color":"","overlay-gradient":""},"tablet":{"background-color":"var(--ast-global-color-5)","background-image":"","background-repeat":"repeat","background-position":"center center","background-size":"auto","background-attachment":"scroll","background-type":"","background-media":"","overlay-type":"","overlay-color":"","overlay-gradient":""},"mobile":{"background-color":"var(--ast-global-color-5)","background-image":"","background-repeat":"repeat","background-position":"center center","background-size":"auto","background-attachment":"scroll","background-type":"","background-media":"","overlay-type":"","overlay-color":"","overlay-gradient":""}}},"_links":{"self":[{"href":"https:\/\/humanas.unsl.edu.ar\/index.php\/wp-json\/wp\/v2\/pages\/951"}],"collection":[{"href":"https:\/\/humanas.unsl.edu.ar\/index.php\/wp-json\/wp\/v2\/pages"}],"about":[{"href":"https:\/\/humanas.unsl.edu.ar\/index.php\/wp-json\/wp\/v2\/types\/page"}],"author":[{"embeddable":true,"href":"https:\/\/humanas.unsl.edu.ar\/index.php\/wp-json\/wp\/v2\/users\/2"}],"replies":[{"embeddable":true,"href":"https:\/\/humanas.unsl.edu.ar\/index.php\/wp-json\/wp\/v2\/comments?post=951"}],"version-history":[{"count":50,"href":"https:\/\/humanas.unsl.edu.ar\/index.php\/wp-json\/wp\/v2\/pages\/951\/revisions"}],"predecessor-version":[{"id":14602,"href":"https:\/\/humanas.unsl.edu.ar\/index.php\/wp-json\/wp\/v2\/pages\/951\/revisions\/14602"}],"up":[{"embeddable":true,"href":"https:\/\/humanas.unsl.edu.ar\/index.php\/wp-json\/wp\/v2\/pages\/264"}],"wp:attachment":[{"href":"https:\/\/humanas.unsl.edu.ar\/index.php\/wp-json\/wp\/v2\/media?parent=951"}],"curies":[{"name":"wp","href":"https:\/\/api.w.org\/{rel}","templated":true}]}}