{"id":9805,"date":"2024-06-24T16:36:13","date_gmt":"2024-06-24T19:36:13","guid":{"rendered":"https:\/\/humanas.unsl.edu.ar\/?page_id=9805"},"modified":"2024-06-24T17:03:39","modified_gmt":"2024-06-24T20:03:39","slug":"siu-guarani-3","status":"publish","type":"page","link":"https:\/\/humanas.unsl.edu.ar\/index.php\/inicio\/institucional\/decanato\/secretarias\/academica\/siu-guarani-3\/","title":{"rendered":"Siu Guarani 3"},"content":{"rendered":"\n<div style=\"height:25px\" aria-hidden=\"true\" class=\"wp-block-spacer\"><\/div>\n\n\n\n<h6 class=\"wp-elements-ab519e897b3505439ed4f5e24b3c18c3 alignwide has-ast-global-color-3-color has-text-color has-background has-link-color\" id=\"inicio\" style=\"background-color:#fde2cb;line-height:1.5\"><a href=\"https:\/\/humanas.unsl.edu.ar\/\" data-type=\"page\" data-id=\"264\">Inicio<\/a> \/ <a href=\"https:\/\/humanas.unsl.edu.ar\/index.php\/pagina-de-inicio\/institucional\/decanato\/secretarias-fch\/secretaria-academica\/\" data-type=\"page\" data-id=\"3851\">Secretar\u00eda Acad\u00e9mica<\/a> \/ Aulero<\/h6>\n\n\n\n<div style=\"height:25px\" aria-hidden=\"true\" class=\"wp-block-spacer\"><\/div>\n\n\n\n<div class=\"is-layout-flex wp-container-5 wp-block-columns\">\n<div class=\"is-layout-flow wp-block-column\">\n<div class=\"is-content-justification-center is-layout-flex wp-container-1 wp-block-buttons\">\n<div class=\"wp-block-button has-custom-width wp-block-button__width-100 has-custom-font-size is-style-fill has-small-font-size\"><a class=\"wp-block-button__link has-white-color has-luminous-vivid-orange-background-color has-text-color has-background wp-element-button\" href=\"https:\/\/humanas.unsl.edu.ar\/index.php\/pagina-de-inicio\/consultas-y-tramites\/\">Consultas y tr\u00e1mites<\/a><\/div>\n<\/div>\n<\/div>\n\n\n\n<div class=\"is-layout-flow wp-block-column is-vertically-aligned-top\">\n<div class=\"is-content-justification-left is-layout-flex wp-container-3 wp-block-buttons\">\n<div class=\"wp-block-button has-custom-width wp-block-button__width-100 has-custom-font-size has-small-font-size\"><a class=\"wp-block-button__link has-white-color has-luminous-vivid-orange-background-color has-text-color has-background wp-element-button\" href=\"https:\/\/humanas.unsl.edu.ar\/index.php\/ingreso\/becas-7\/\">    Becas     <\/a><\/div>\n<\/div>\n<\/div>\n<\/div>\n\n\n\n<div style=\"height:17px\" aria-hidden=\"true\" class=\"wp-block-spacer\"><\/div>\n\n\n\n<div class=\"is-layout-flex wp-container-11 wp-block-columns alignwide\">\n<div class=\"is-layout-flow wp-block-column\" style=\"flex-basis:66.66%\">\n<h3 class=\"has-text-color has-background\" id=\"normativas-generales\" style=\"color:#ffffff;background-color:#ed6f03;line-height:1.5\"><strong>Siu Guaran\u00ed 3 en la FCH.<\/strong><\/h3>\n\n\n\n<div style=\"height:60px\" aria-hidden=\"true\" class=\"wp-block-spacer\"><\/div>\n\n\n\n<h4 class=\"wp-elements-948a535c511a412b4070e6ee315f6ae2 has-text-align-center has-white-color has-luminous-vivid-amber-background-color has-text-color has-background has-link-color has-medium-font-size\"><strong>ATENCI\u00d3N ESTUDIANTES Y DOCENTES!!!<\/strong><\/h4>\n\n\n\n<div style=\"height:60px\" aria-hidden=\"true\" class=\"wp-block-spacer\"><\/div>\n\n\n\n<p class=\"has-text-align-center has-medium-font-size\"><strong>Se ha implementado un nuevo Sistemas de Alumnos (SIU GUARAN\u00cd 3) en la FCH.<\/strong><\/p>\n\n\n\n<p class=\"wp-elements-ec752b659f920d19a4feff7adaba9284 has-text-align-center has-link-color has-medium-font-size\">Link de acceso:  <a href=\"https:\/\/g3.unsl.edu.ar\/g3\/\"><strong>https:\/\/g3.unsl.edu.ar\/g3\/<\/strong><\/a><\/p>\n\n\n\n<div style=\"height:60px\" aria-hidden=\"true\" class=\"wp-block-spacer\"><\/div>\n\n\n\n<p class=\"has-text-align-center\"><\/p>\n\n\n\n<h2 class=\"wp-elements-11d8638f93138c99694d889cdbef6cfc has-text-align-center has-ast-global-color-7-color has-luminous-vivid-amber-background-color has-text-color has-background has-link-color has-medium-font-size\"><strong>Al mismo tiempo ponemos a disposici\u00f3n de todos los docentes el instructivo de uso:<\/strong> <a href=\"https:\/\/humanas.unsl.edu.ar\/wp-content\/uploads\/2024\/06\/manual_siu_gurarani_3_docentes.pdf\"><strong>Tutorial Siu Guaran\u00ed 3<\/strong><\/a><\/h2>\n\n\n\n<p><\/p>\n\n\n\n<div style=\"height:56px\" aria-hidden=\"true\" class=\"wp-block-spacer\"><\/div>\n\n\n\n<h6 class=\"has-text-align-center\">M\u00e1s informaci\u00f3n:&nbsp;<br><a rel=\"noreferrer noopener\" href=\"mailto:secretariageneralfchumanas@gmail.com\" target=\"_blank\">secretaria.academica.fchumanas@gmail.com<\/a> <\/h6>\n<\/div>\n\n\n\n<div class=\"is-layout-flow wp-block-column\" style=\"flex-basis:33.33%\">\n<div style=\"height:26px\" aria-hidden=\"true\" class=\"wp-block-spacer\"><\/div>\n\n\n\n<ul>\n<li><a href=\"https:\/\/humanas.unsl.edu.ar\/index.php\/ingreso\/\" data-type=\"page\" data-id=\"44\">Ingreso 2023<\/a><\/li>\n\n\n\n<li><a href=\"https:\/\/humanas.unsl.edu.ar\/index.php\/docentes-2\/\" data-type=\"page\" data-id=\"130\">Docentes<\/a><\/li>\n\n\n\n<li><a href=\"https:\/\/humanas.unsl.edu.ar\/index.php\/estudiantes\/\" data-type=\"page\" data-id=\"131\">Estudiantes<\/a><\/li>\n\n\n\n<li><a href=\"https:\/\/humanas.unsl.edu.ar\/index.php\/pagina-de-inicio\/consultas-y-tramites\/tramites-para-graduadxs\/\" data-type=\"page\" data-id=\"2441\">Graduados<\/a><\/li>\n<\/ul>\n\n\n\n<div style=\"height:42px\" aria-hidden=\"true\" class=\"wp-block-spacer\"><\/div>\n\n\n\n<p class=\"has-text-align-center\"><strong>Secretar\u00eda Acad\u00e9mica<br>Facultad de Ciencias Humanas<\/strong><br>Edificio Rectorado. 1\u00ba Piso &#8211; Sector &#8220;B&#8221;<br>Tel\u00e9fonos: 266-4420833 \u00f3 266-4520300 int. 5319<br>Mail Secretar\u00eda General: &nbsp;<a href=\"mailto:secretaria.academica.fchumanas@gmail.com\">secretaria.academica.fchumanas@gmail.com<\/a>  <br><\/p>\n\n\n\n<div style=\"height:32px\" aria-hidden=\"true\" class=\"wp-block-spacer\"><\/div>\n\n\n\n<div class=\"is-layout-flex wp-container-8 wp-block-columns\">\n<div class=\"is-layout-flow wp-block-column\">\n<figure class=\"wp-block-image aligncenter size-full is-resized\"><a href=\"https:\/\/humanas.unsl.edu.ar\/index.php\/noticias-fch\/\"><img decoding=\"async\" loading=\"lazy\" src=\"https:\/\/humanas.unsl.edu.ar\/wp-content\/uploads\/2022\/06\/1.png\" alt=\"\" class=\"wp-image-2994\" width=\"85\" height=\"85\"\/><\/a><\/figure>\n<\/div>\n<\/div>\n<\/div>\n\n\n\n<div class=\"is-layout-flow wp-block-column\"><\/div>\n<\/div>\n\n\n\n<div style=\"height:12px\" aria-hidden=\"true\" class=\"wp-block-spacer\"><\/div>\n\n\n\n<div class=\"is-layout-flex wp-container-17 wp-block-columns are-vertically-aligned-top\">\n<div class=\"is-layout-flow wp-block-column is-vertically-aligned-top\">\n<figure class=\"wp-block-image aligncenter size-full\"><a href=\"http:\/\/www.unsl.edu.ar\/P\/web%20guia%20ubicacion\/guia.html\"><img decoding=\"async\" loading=\"lazy\" width=\"80\" height=\"80\" src=\"https:\/\/humanas.unsl.edu.ar\/wp-content\/uploads\/2022\/04\/1-4-2.png\" alt=\"\" class=\"wp-image-1928\"\/><\/a><figcaption class=\"wp-element-caption\"><a href=\"http:\/\/www.unsl.edu.ar\/P\/web%20guia%20ubicacion\/guia.html\" target=\"_blank\" rel=\"noreferrer noopener\">Ubicaci\u00f3n de personas<\/a><\/figcaption><\/figure>\n<\/div>\n\n\n\n<div class=\"is-layout-flow wp-block-column is-vertically-aligned-top\">\n<figure class=\"wp-block-image aligncenter size-full\"><a href=\"http:\/\/www.unsl.edu.ar\/P\/web%20guia%20ubicacion\/guia01.html\"><img decoding=\"async\" loading=\"lazy\" width=\"80\" height=\"80\" src=\"https:\/\/humanas.unsl.edu.ar\/wp-content\/uploads\/2022\/04\/2-4-1.png\" alt=\"\" class=\"wp-image-1944\"\/><\/a><figcaption class=\"wp-element-caption\"><a href=\"http:\/\/www.unsl.edu.ar\/P\/web%20guia%20ubicacion\/guia01.html\" target=\"_blank\" rel=\"noreferrer noopener\">Ubicaci\u00f3n de oficinas <\/a><\/figcaption><\/figure>\n<\/div>\n\n\n\n<div class=\"is-layout-flow wp-block-column is-vertically-aligned-top\">\n<figure class=\"wp-block-image aligncenter size-full is-resized is-style-rounded\"><a href=\"https:\/\/humanas.unsl.edu.ar\/index.php\/inicio\/institucional\/informacion-institucional\/contactos-fch\/\"><img decoding=\"async\" loading=\"lazy\" src=\"https:\/\/humanas.unsl.edu.ar\/wp-content\/uploads\/2022\/04\/3-1-2.png\" alt=\"\" class=\"wp-image-1957\" width=\"90\" height=\"90\"\/><\/a><figcaption class=\"wp-element-caption\"><a href=\"https:\/\/humanas.unsl.edu.ar\/index.php\/inicio\/institucional\/informacion-institucional\/contactos-fch\/\" data-type=\"page\" data-id=\"9171\">Contactos FCH<\/a><\/figcaption><\/figure>\n<\/div>\n\n\n\n<div class=\"is-layout-flow wp-block-column is-vertically-aligned-top\">\n<figure class=\"wp-block-image aligncenter size-full\"><img decoding=\"async\" loading=\"lazy\" width=\"80\" height=\"80\" src=\"https:\/\/humanas.unsl.edu.ar\/wp-content\/uploads\/2022\/04\/4-1-1.png\" alt=\"\" class=\"wp-image-1967\"\/><figcaption class=\"wp-element-caption\"><a href=\"http:\/\/dgti.unsl.edu.ar\/guia-telefono\/\" target=\"_blank\" rel=\"noreferrer noopener\">Gu\u00eda telef\u00f3nica UNSL<\/a><\/figcaption><\/figure>\n<\/div>\n\n\n\n<div class=\"is-layout-flow wp-block-column is-vertically-aligned-top\">\n<figure class=\"wp-block-image aligncenter size-full\"><a href=\"http:\/\/www.unsl.edu.ar\/assets\/doc\/mapa-sede-san-luis.pdf\"><img decoding=\"async\" loading=\"lazy\" width=\"80\" height=\"80\" src=\"https:\/\/humanas.unsl.edu.ar\/wp-content\/uploads\/2022\/04\/5-1.png\" alt=\"\" class=\"wp-image-1973\"\/><\/a><figcaption class=\"wp-element-caption\"><a href=\"http:\/\/www.unsl.edu.ar\/assets\/doc\/mapa-sede-san-luis.pdf\" target=\"_blank\" rel=\"noreferrer noopener\">Mapa de la UNSL<\/a><\/figcaption><\/figure>\n<\/div>\n<\/div>\n\n\n\n<div class=\"inherit-container-width is-layout-constrained wp-block-group alignfull\"><div class=\"wp-block-group__inner-container\">\n<div class=\"inherit-container-width is-layout-constrained wp-block-group alignfull\"><div class=\"wp-block-group__inner-container\">\n<div class=\"wp-block-cover alignfull is-light\" style=\"min-height:267px\"><span aria-hidden=\"true\" class=\"wp-block-cover__background has-background-dim-100 has-background-dim\" style=\"background-color:#d9d9d9\"><\/span><div class=\"wp-block-cover__inner-container\">\n<p class=\"has-text-align-center has-ast-global-color-8-color has-text-color has-medium-font-size\" style=\"font-style:normal;font-weight:700;line-height:1\"><strong>Pol\u00edticas de inclusi\u00f3n, g\u00e9nero y cuidado integral<\/strong><\/p>\n\n\n\n<div class=\"is-layout-flex wp-container-22 wp-block-columns alignfull\">\n<div class=\"is-layout-flow wp-block-column\">\n<figure class=\"wp-block-image size-full\"><a href=\"https:\/\/www.unsl.edu.ar\/index.php\/menu\/eti\"><img decoding=\"async\" loading=\"lazy\" width=\"480\" height=\"120\" src=\"https:\/\/humanas.unsl.edu.ar\/wp-content\/uploads\/2026\/02\/banner_protocolo_violencia_500x120-480x120-1.png\" alt=\"\" class=\"wp-image-14467\" srcset=\"https:\/\/humanas.unsl.edu.ar\/wp-content\/uploads\/2026\/02\/banner_protocolo_violencia_500x120-480x120-1.png 480w, https:\/\/humanas.unsl.edu.ar\/wp-content\/uploads\/2026\/02\/banner_protocolo_violencia_500x120-480x120-1-300x75.png 300w\" sizes=\"(max-width: 480px) 100vw, 480px\" \/><\/a><\/figure>\n<\/div>\n\n\n\n<div class=\"is-layout-flow wp-block-column\">\n<figure class=\"wp-block-image aligncenter size-full\"><a href=\"http:\/\/www.prevencionenadicciones.unsl.edu.ar\/\"><img decoding=\"async\" loading=\"lazy\" width=\"500\" height=\"120\" src=\"https:\/\/humanas.unsl.edu.ar\/wp-content\/uploads\/2026\/02\/banner_programa_adicciones_500x120.png\" alt=\"\" class=\"wp-image-14461\" srcset=\"https:\/\/humanas.unsl.edu.ar\/wp-content\/uploads\/2026\/02\/banner_programa_adicciones_500x120.png 500w, https:\/\/humanas.unsl.edu.ar\/wp-content\/uploads\/2026\/02\/banner_programa_adicciones_500x120-300x72.png 300w\" sizes=\"(max-width: 500px) 100vw, 500px\" \/><\/a><\/figure>\n<\/div>\n\n\n\n<div class=\"is-layout-flow wp-block-column has-ast-global-color-3-color has-text-color\">\n<figure class=\"wp-block-image aligncenter size-full is-style-default\"><a href=\"https:\/\/universidadydiscapacidad.unsl.edu.ar\/\"><img decoding=\"async\" loading=\"lazy\" width=\"500\" height=\"120\" src=\"https:\/\/humanas.unsl.edu.ar\/wp-content\/uploads\/2026\/02\/banner_programa_discapacidad_500x120.png\" alt=\"\" class=\"wp-image-14462\" srcset=\"https:\/\/humanas.unsl.edu.ar\/wp-content\/uploads\/2026\/02\/banner_programa_discapacidad_500x120.png 500w, https:\/\/humanas.unsl.edu.ar\/wp-content\/uploads\/2026\/02\/banner_programa_discapacidad_500x120-300x72.png 300w\" sizes=\"(max-width: 500px) 100vw, 500px\" \/><\/a><\/figure>\n<\/div>\n\n\n\n<div class=\"is-layout-flow wp-block-column has-ast-global-color-3-color has-text-color\">\n<figure class=\"wp-block-image aligncenter size-full is-style-default\"><a href=\"https:\/\/humanas.unsl.edu.ar\/index.php\/inicio\/accesibilidad\/\"><img decoding=\"async\" loading=\"lazy\" width=\"500\" height=\"120\" src=\"https:\/\/humanas.unsl.edu.ar\/wp-content\/uploads\/2026\/02\/banner_programa_accesibilidad_fch_500x120.png\" alt=\"\" class=\"wp-image-14460\" srcset=\"https:\/\/humanas.unsl.edu.ar\/wp-content\/uploads\/2026\/02\/banner_programa_accesibilidad_fch_500x120.png 500w, https:\/\/humanas.unsl.edu.ar\/wp-content\/uploads\/2026\/02\/banner_programa_accesibilidad_fch_500x120-300x72.png 300w\" sizes=\"(max-width: 500px) 100vw, 500px\" \/><\/a><\/figure>\n<\/div>\n<\/div>\n<\/div><\/div>\n<\/div><\/div>\n<\/div><\/div>\n\n\n","protected":false},"excerpt":{"rendered":"<p>Inicio \/ Secretar\u00eda Acad\u00e9mica \/ Aulero Siu Guaran\u00ed 3 en la FCH. ATENCI\u00d3N ESTUDIANTES Y DOCENTES!!! Se ha implementado un nuevo Sistemas de Alumnos (SIU GUARAN\u00cd 3) en la FCH. Link de acceso: https:\/\/g3.unsl.edu.ar\/g3\/ Al mismo tiempo ponemos a disposici\u00f3n de todos los docentes el instructivo de uso: Tutorial Siu Guaran\u00ed 3 M\u00e1s informaci\u00f3n:&nbsp;secretaria.academica.fchumanas@gmail.com Secretar\u00eda &hellip;<\/p>\n<p class=\"read-more\"> <a class=\"\" href=\"https:\/\/humanas.unsl.edu.ar\/index.php\/inicio\/institucional\/decanato\/secretarias\/academica\/siu-guarani-3\/\"> <span class=\"screen-reader-text\">Siu Guarani 3<\/span> Leer m\u00e1s &raquo;<\/a><\/p>\n","protected":false},"author":1,"featured_media":0,"parent":3851,"menu_order":5,"comment_status":"closed","ping_status":"closed","template":"","meta":{"site-sidebar-layout":"default","site-content-layout":"","ast-site-content-layout":"default","site-content-style":"default","site-sidebar-style":"default","ast-global-header-display":"","ast-banner-title-visibility":"","ast-main-header-display":"","ast-hfb-above-header-display":"","ast-hfb-below-header-display":"","ast-hfb-mobile-header-display":"","site-post-title":"","ast-breadcrumbs-content":"","ast-featured-img":"","footer-sml-layout":"","theme-transparent-header-meta":"","adv-header-id-meta":"","stick-header-meta":"","header-above-stick-meta":"","header-main-stick-meta":"","header-below-stick-meta":"","astra-migrate-meta-layouts":"set","ast-page-background-enabled":"default","ast-page-background-meta":{"desktop":{"background-color":"var(--ast-global-color-4)","background-image":"","background-repeat":"repeat","background-position":"center center","background-size":"auto","background-attachment":"scroll","background-type":"","background-media":"","overlay-type":"","overlay-color":"","overlay-gradient":""},"tablet":{"background-color":"","background-image":"","background-repeat":"repeat","background-position":"center center","background-size":"auto","background-attachment":"scroll","background-type":"","background-media":"","overlay-type":"","overlay-color":"","overlay-gradient":""},"mobile":{"background-color":"","background-image":"","background-repeat":"repeat","background-position":"center center","background-size":"auto","background-attachment":"scroll","background-type":"","background-media":"","overlay-type":"","overlay-color":"","overlay-gradient":""}},"ast-content-background-meta":{"desktop":{"background-color":"var(--ast-global-color-5)","background-image":"","background-repeat":"repeat","background-position":"center center","background-size":"auto","background-attachment":"scroll","background-type":"","background-media":"","overlay-type":"","overlay-color":"","overlay-gradient":""},"tablet":{"background-color":"var(--ast-global-color-5)","background-image":"","background-repeat":"repeat","background-position":"center center","background-size":"auto","background-attachment":"scroll","background-type":"","background-media":"","overlay-type":"","overlay-color":"","overlay-gradient":""},"mobile":{"background-color":"var(--ast-global-color-5)","background-image":"","background-repeat":"repeat","background-position":"center center","background-size":"auto","background-attachment":"scroll","background-type":"","background-media":"","overlay-type":"","overlay-color":"","overlay-gradient":""}}},"_links":{"self":[{"href":"https:\/\/humanas.unsl.edu.ar\/index.php\/wp-json\/wp\/v2\/pages\/9805"}],"collection":[{"href":"https:\/\/humanas.unsl.edu.ar\/index.php\/wp-json\/wp\/v2\/pages"}],"about":[{"href":"https:\/\/humanas.unsl.edu.ar\/index.php\/wp-json\/wp\/v2\/types\/page"}],"author":[{"embeddable":true,"href":"https:\/\/humanas.unsl.edu.ar\/index.php\/wp-json\/wp\/v2\/users\/1"}],"replies":[{"embeddable":true,"href":"https:\/\/humanas.unsl.edu.ar\/index.php\/wp-json\/wp\/v2\/comments?post=9805"}],"version-history":[{"count":4,"href":"https:\/\/humanas.unsl.edu.ar\/index.php\/wp-json\/wp\/v2\/pages\/9805\/revisions"}],"predecessor-version":[{"id":9817,"href":"https:\/\/humanas.unsl.edu.ar\/index.php\/wp-json\/wp\/v2\/pages\/9805\/revisions\/9817"}],"up":[{"embeddable":true,"href":"https:\/\/humanas.unsl.edu.ar\/index.php\/wp-json\/wp\/v2\/pages\/3851"}],"wp:attachment":[{"href":"https:\/\/humanas.unsl.edu.ar\/index.php\/wp-json\/wp\/v2\/media?parent=9805"}],"curies":[{"name":"wp","href":"https:\/\/api.w.org\/{rel}","templated":true}]}}