{"id":9818,"date":"2024-06-25T15:13:16","date_gmt":"2024-06-25T18:13:16","guid":{"rendered":"https:\/\/humanas.unsl.edu.ar\/?page_id=9818"},"modified":"2024-11-27T16:39:56","modified_gmt":"2024-11-27T19:39:56","slug":"redestrado","status":"publish","type":"page","link":"https:\/\/humanas.unsl.edu.ar\/index.php\/inicio\/redestrado\/","title":{"rendered":"redestrado"},"content":{"rendered":"\n<figure class=\"wp-block-image size-full\"><img decoding=\"async\" loading=\"lazy\" width=\"1343\" height=\"400\" src=\"https:\/\/humanas.unsl.edu.ar\/wp-content\/uploads\/2024\/06\/banner_estrado_web.png\" alt=\"\" class=\"wp-image-9819\" srcset=\"https:\/\/humanas.unsl.edu.ar\/wp-content\/uploads\/2024\/06\/banner_estrado_web.png 1343w, https:\/\/humanas.unsl.edu.ar\/wp-content\/uploads\/2024\/06\/banner_estrado_web-300x89.png 300w, https:\/\/humanas.unsl.edu.ar\/wp-content\/uploads\/2024\/06\/banner_estrado_web-1024x305.png 1024w, https:\/\/humanas.unsl.edu.ar\/wp-content\/uploads\/2024\/06\/banner_estrado_web-768x229.png 768w\" sizes=\"(max-width: 1343px) 100vw, 1343px\" \/><\/figure>\n\n\n\n<hr class=\"wp-block-separator has-text-color has-luminous-vivid-orange-color has-alpha-channel-opacity has-luminous-vivid-orange-background-color has-background is-style-wide\"\/>\n\n\n\n<h4 class=\"has-white-color has-luminous-vivid-orange-background-color has-text-color has-background\"><strong>Presentaci\u00f3n<\/strong><\/h4>\n\n\n\n<div class=\"is-layout-flex wp-container-5 wp-block-columns alignwide\" style=\"border-style:none;border-width:0px;padding-top:var(--wp--preset--spacing--20);padding-right:var(--wp--preset--spacing--20);padding-bottom:var(--wp--preset--spacing--20);padding-left:var(--wp--preset--spacing--20)\">\n<div class=\"is-content-justification-center is-layout-constrained wp-container-1 wp-block-column has-ast-global-color-5-background-color has-background\" style=\"border-style:none;border-width:0px;flex-basis:90%\">\n<figure class=\"wp-block-image aligncenter size-full is-resized has-custom-border\"><img decoding=\"async\" loading=\"lazy\" src=\"https:\/\/humanas.unsl.edu.ar\/wp-content\/uploads\/2024\/06\/logo_red_estrado_otro.jpeg\" alt=\"\" class=\"wp-image-9830\" style=\"border-style:none;border-width:0px;border-radius:0px\" width=\"400\" height=\"222\" srcset=\"https:\/\/humanas.unsl.edu.ar\/wp-content\/uploads\/2024\/06\/logo_red_estrado_otro.jpeg 400w, https:\/\/humanas.unsl.edu.ar\/wp-content\/uploads\/2024\/06\/logo_red_estrado_otro-300x167.jpeg 300w\" sizes=\"(max-width: 400px) 100vw, 400px\" \/><\/figure>\n\n\n\n<h4 class=\"has-text-align-center\"><strong>VI SEMINARIO NACIONAL<\/strong><\/h4>\n\n\n\n<h4 class=\"has-text-align-center\">RED DE ESTUDIOS SOBRE TRABAJO DOCENTE<\/h4>\n\n\n\n<h5 class=\"has-text-align-center\"><strong>26 y 27 de Septiembre de 2024<\/strong> <\/h5>\n\n\n\n<h5 class=\"has-text-align-center\"><strong>SAN LUIS &#8211; ARGENTINA<\/strong><\/h5>\n\n\n\n<div style=\"height:122px\" aria-hidden=\"true\" class=\"wp-block-spacer\"><\/div>\n\n\n\n<p><\/p>\n\n\n\n<p><\/p>\n\n\n\n<h5 class=\"has-text-align-left\"><strong>Sobre la Red ESTRADO<\/strong><\/h5>\n\n\n\n<p class=\"has-text-align-justify\">La Red Latinoamericana de Estudios sobre el Trabajo Docente (Red Estrado) fue creada en 1999, por iniciativa del Grupo de Trabajo \u201cEducaci\u00f3n, Trabajo y Exclusi\u00f3n Social\u201d del Consejo Latinoamericano de Ciencias Sociales (CLACSO) como un espacio de di\u00e1logo entre investigadores, sindicatos, movimientos sociales y trabajadores de la Educaci\u00f3n.<\/p>\n\n\n\n<p class=\"has-text-align-justify\">Desde su creaci\u00f3n, la Red Estrado se ha consolidado como un importante productor y divulgador de conocimientos sobre la labor docente en la regi\u00f3n latinoamericana, coordinando investigadores vinculados a universidades y centros de investigaci\u00f3n, gremios y otros movimientos sociales que trabajan a favor de la valorizaci\u00f3n del trabajo docente. Actualmente, la Red est\u00e1 estructurada en 12 pa\u00edses de Am\u00e9rica Latina: Argentina, Brasil, Chile, Colombia, Costa Rica, Cuba, Ecuador, M\u00e9xico, Paraguay, Per\u00fa, Puerto Rico y Uruguay.<\/p>\n\n\n\n<p class=\"has-text-align-justify\">La Red Estrado organiza adem\u00e1s, seminarios nacionales e internacionales, debates sobre temas espec\u00edficos, as\u00ed como publicaciones de libros y otros materiales (actas de seminarios). Cada dos a\u00f1os promueve seminarios internacionales en diferentes pa\u00edses de Am\u00e9rica Latina: R\u00edo de Janeiro, Brasil (1999; 2006); Guadalajara, M\u00e9xico (2001); Belo Horizonte, Brasil (2002); Buenos Aires, Argentina (2003; 2005; 2008); Santiago, Chile (2012); Salvador, Brasil (2014); Lima, Per\u00fa (2010; 2018). La Plata, Argentina (2023). Estos seminarios, que re\u00fanen un promedio de 1.000 participantes de diferentes pa\u00edses latinoamericanos, son importantes espacios de debate sobre la condici\u00f3n de la ense\u00f1anza en el contexto latinoamericano.<\/p>\n\n\n\n<p><\/p>\n\n\n\n<blockquote class=\"wp-block-quote\">\n<p><\/p>\n\n\n\n<p><img decoding=\"async\" loading=\"lazy\" width=\"360\" height=\"301\" class=\"wp-image-9837\" style=\"width: 30px;\" src=\"https:\/\/humanas.unsl.edu.ar\/wp-content\/uploads\/2024\/06\/gif-lista8.png\" alt=\"\" srcset=\"https:\/\/humanas.unsl.edu.ar\/wp-content\/uploads\/2024\/06\/gif-lista8.png 360w, https:\/\/humanas.unsl.edu.ar\/wp-content\/uploads\/2024\/06\/gif-lista8-300x251.png 300w\" sizes=\"(max-width: 360px) 100vw, 360px\" \/> <strong><a href=\"https:\/\/estradosanluis2024.unsl.edu.ar\/index.php?page=presentacion2\">Sobre la realizaci\u00f3n del VI Seminario Nacional de la Red Estrado en San Luis<\/a><\/strong><\/p>\n\n\n\n<p><img decoding=\"async\" loading=\"lazy\" width=\"360\" height=\"301\" class=\"wp-image-9837\" style=\"width: 30px;\" src=\"https:\/\/humanas.unsl.edu.ar\/wp-content\/uploads\/2024\/06\/gif-lista8.png\" alt=\"\" srcset=\"https:\/\/humanas.unsl.edu.ar\/wp-content\/uploads\/2024\/06\/gif-lista8.png 360w, https:\/\/humanas.unsl.edu.ar\/wp-content\/uploads\/2024\/06\/gif-lista8-300x251.png 300w\" sizes=\"(max-width: 360px) 100vw, 360px\" \/> <strong><a href=\"https:\/\/estradosanluis2024.unsl.edu.ar\/index.php?page=presentacion3\">Sobre el posicionamiento adoptado en la actual coyuntura<\/a><\/strong><\/p>\n\n\n\n<p><img decoding=\"async\" loading=\"lazy\" width=\"360\" height=\"301\" class=\"wp-image-9837\" style=\"width: 30px;\" src=\"https:\/\/humanas.unsl.edu.ar\/wp-content\/uploads\/2024\/06\/gif-lista8.png\" alt=\"\" srcset=\"https:\/\/humanas.unsl.edu.ar\/wp-content\/uploads\/2024\/06\/gif-lista8.png 360w, https:\/\/humanas.unsl.edu.ar\/wp-content\/uploads\/2024\/06\/gif-lista8-300x251.png 300w\" sizes=\"(max-width: 360px) 100vw, 360px\" \/> <strong><a href=\"https:\/\/estradosanluis2024.unsl.edu.ar\/index.php?page=presentacion4\">Sobre los prop\u00f3sitos del VI Seminario<\/a><\/strong><\/p>\n<\/blockquote>\n\n\n\n<p><\/p>\n<\/div>\n\n\n\n<div class=\"is-layout-flow wp-block-column has-ast-global-color-6-background-color has-background\" style=\"flex-basis:30%\">\n<div class=\"is-content-justification-center is-layout-flex wp-container-2 wp-block-buttons\">\n<div class=\"wp-block-button has-custom-width wp-block-button__width-75 has-custom-font-size has-large-font-size\"><a class=\"wp-block-button__link has-ast-global-color-5-color has-vivid-red-background-color has-text-color has-background wp-element-button\" href=\"https:\/\/drive.google.com\/drive\/folders\/1_7sYjv8FCkM14TsBat29frqPoNHEgWhk\" style=\"border-radius:6px\" target=\"_blank\" rel=\"noreferrer noopener\"><strong>Certificados<\/strong><\/a><\/div>\n\n\n\n<div class=\"wp-block-button has-custom-width wp-block-button__width-75\"><a class=\"wp-block-button__link has-ast-global-color-5-color has-luminous-vivid-orange-background-color has-text-color has-background wp-element-button\" href=\"https:\/\/humanas.unsl.edu.ar\/index.php\/inicio\/educo\/\" style=\"border-radius:6px\"><strong>Inicio<\/strong><\/a><\/div>\n\n\n\n<div class=\"wp-block-button has-custom-width wp-block-button__width-75\"><a class=\"wp-block-button__link has-ast-global-color-5-color has-luminous-vivid-orange-background-color has-text-color has-background wp-element-button\" href=\"https:\/\/humanas.unsl.edu.ar\/index.php\/inicio\/educo\/educo-objetivos\/\" style=\"border-radius:6px\"><strong>Objetivos<\/strong><\/a><\/div>\n\n\n\n<div class=\"wp-block-button has-custom-width wp-block-button__width-75\"><a class=\"wp-block-button__link has-ast-global-color-5-color has-luminous-vivid-orange-background-color has-text-color has-background wp-element-button\" href=\"https:\/\/humanas.unsl.edu.ar\/index.php\/inicio\/educo\/educo-ejes-tematicos\/\" style=\"border-radius:6px\"><strong>Ejes Tem\u00e1ticos<\/strong><\/a><\/div>\n\n\n\n<div class=\"wp-block-button has-custom-width wp-block-button__width-75\"><a class=\"wp-block-button__link has-ast-global-color-5-color has-luminous-vivid-orange-background-color has-text-color has-background wp-element-button\" href=\"https:\/\/humanas.unsl.edu.ar\/index.php\/inicio\/educo\/educo-circulares\/\" style=\"border-radius:6px\"><strong>Circulares<\/strong><\/a><\/div>\n\n\n\n<div class=\"wp-block-button has-custom-width wp-block-button__width-75\"><a class=\"wp-block-button__link has-ast-global-color-5-color has-luminous-vivid-orange-background-color has-text-color has-background wp-element-button\" href=\"https:\/\/humanas.unsl.edu.ar\/index.php\/inicio\/educo\/educo-programa\/\" style=\"border-radius:6px\"><strong>Programa<\/strong><\/a><\/div>\n\n\n\n<div class=\"wp-block-button has-custom-width wp-block-button__width-75\"><a class=\"wp-block-button__link has-ast-global-color-5-color has-luminous-vivid-orange-background-color has-text-color has-background wp-element-button\" href=\"https:\/\/humanas.unsl.edu.ar\/index.php\/inicio\/educo\/educo-inscripcion\/\" style=\"border-radius:6px\"><strong>Inscripci\u00f3n<\/strong><\/a><\/div>\n\n\n\n<div class=\"wp-block-button has-custom-width wp-block-button__width-75\"><a class=\"wp-block-button__link has-ast-global-color-5-color has-luminous-vivid-orange-background-color has-text-color has-background wp-element-button\" href=\"https:\/\/humanas.unsl.edu.ar\/index.php\/inicio\/educo\/educo-aranceles\/\" style=\"border-radius:6px\"><strong>Aranceles<\/strong><\/a><\/div>\n<\/div>\n\n\n\n<div style=\"height:17px\" aria-hidden=\"true\" class=\"wp-block-spacer\"><\/div>\n\n\n\n<p class=\"wp-elements-e9fdf0b3d901793ba1e0edc081ab99b7 has-text-align-center has-link-color\"><strong><a href=\"https:\/\/humanas.unsl.edu.ar\/wp-content\/uploads\/2024\/09\/RES-No-274-SDCDyFP-2024.pdf\">Resoluci\u00f3n provincial<\/a><\/strong><\/p>\n\n\n\n<p><\/p>\n\n\n\n<div style=\"height:90px\" aria-hidden=\"true\" class=\"wp-block-spacer\"><\/div>\n\n\n\n<figure class=\"wp-block-image aligncenter size-full is-resized\"><img decoding=\"async\" loading=\"lazy\" src=\"https:\/\/humanas.unsl.edu.ar\/wp-content\/uploads\/2024\/06\/logo_red_estrado_2023.jpg\" alt=\"\" class=\"wp-image-9844\" width=\"137\" height=\"123\"\/><\/figure>\n\n\n\n<div style=\"height:20px\" aria-hidden=\"true\" class=\"wp-block-spacer\"><\/div>\n\n\n<form role=\"search\" method=\"get\" action=\"https:\/\/humanas.unsl.edu.ar\/\" class=\"wp-block-search__button-outside wp-block-search__text-button aligncenter wp-block-search\"><label for=\"wp-block-search__input-3\" class=\"wp-block-search__label\" >                             Buscar<\/label><div class=\"wp-block-search__inside-wrapper \"  style=\"width: 225px\"><input type=\"search\" id=\"wp-block-search__input-3\" class=\"wp-block-search__input wp-block-search__input\" name=\"s\" value=\"\" placeholder=\"ingreso\"  style=\"border-width: 0px;border-style: none;border-radius: 7px\" required \/><button type=\"submit\" class=\"wp-block-search__button has-background has-vivid-red-background-color wp-element-button\"  style=\"border-width: 0px;border-style: none;border-radius: 7px\" >Buscar<\/button><\/div><\/form>\n\n\n<div style=\"height:20px\" aria-hidden=\"true\" class=\"wp-block-spacer\"><\/div>\n<\/div>\n<\/div>\n\n\n\n<div style=\"height:28px\" aria-hidden=\"true\" class=\"wp-block-spacer\"><\/div>\n","protected":false},"excerpt":{"rendered":"<p>Presentaci\u00f3n VI SEMINARIO NACIONAL RED DE ESTUDIOS SOBRE TRABAJO DOCENTE 26 y 27 de Septiembre de 2024 SAN LUIS &#8211; ARGENTINA Sobre la Red ESTRADO La Red Latinoamericana de Estudios sobre el Trabajo Docente (Red Estrado) fue creada en 1999, por iniciativa del Grupo de Trabajo \u201cEducaci\u00f3n, Trabajo y Exclusi\u00f3n Social\u201d del Consejo Latinoamericano de &hellip;<\/p>\n<p class=\"read-more\"> <a class=\"\" href=\"https:\/\/humanas.unsl.edu.ar\/index.php\/inicio\/redestrado\/\"> <span class=\"screen-reader-text\">redestrado<\/span> Leer m\u00e1s &raquo;<\/a><\/p>\n","protected":false},"author":1,"featured_media":0,"parent":264,"menu_order":16,"comment_status":"closed","ping_status":"closed","template":"","meta":{"site-sidebar-layout":"default","site-content-layout":"","ast-site-content-layout":"default","site-content-style":"default","site-sidebar-style":"default","ast-global-header-display":"","ast-banner-title-visibility":"","ast-main-header-display":"","ast-hfb-above-header-display":"","ast-hfb-below-header-display":"","ast-hfb-mobile-header-display":"","site-post-title":"","ast-breadcrumbs-content":"","ast-featured-img":"","footer-sml-layout":"","theme-transparent-header-meta":"","adv-header-id-meta":"","stick-header-meta":"","header-above-stick-meta":"","header-main-stick-meta":"","header-below-stick-meta":"","astra-migrate-meta-layouts":"set","ast-page-background-enabled":"default","ast-page-background-meta":{"desktop":{"background-color":"var(--ast-global-color-4)","background-image":"","background-repeat":"repeat","background-position":"center center","background-size":"auto","background-attachment":"scroll","background-type":"","background-media":"","overlay-type":"","overlay-color":"","overlay-gradient":""},"tablet":{"background-color":"","background-image":"","background-repeat":"repeat","background-position":"center center","background-size":"auto","background-attachment":"scroll","background-type":"","background-media":"","overlay-type":"","overlay-color":"","overlay-gradient":""},"mobile":{"background-color":"","background-image":"","background-repeat":"repeat","background-position":"center center","background-size":"auto","background-attachment":"scroll","background-type":"","background-media":"","overlay-type":"","overlay-color":"","overlay-gradient":""}},"ast-content-background-meta":{"desktop":{"background-color":"var(--ast-global-color-5)","background-image":"","background-repeat":"repeat","background-position":"center center","background-size":"auto","background-attachment":"scroll","background-type":"","background-media":"","overlay-type":"","overlay-color":"","overlay-gradient":""},"tablet":{"background-color":"var(--ast-global-color-5)","background-image":"","background-repeat":"repeat","background-position":"center center","background-size":"auto","background-attachment":"scroll","background-type":"","background-media":"","overlay-type":"","overlay-color":"","overlay-gradient":""},"mobile":{"background-color":"var(--ast-global-color-5)","background-image":"","background-repeat":"repeat","background-position":"center center","background-size":"auto","background-attachment":"scroll","background-type":"","background-media":"","overlay-type":"","overlay-color":"","overlay-gradient":""}}},"_links":{"self":[{"href":"https:\/\/humanas.unsl.edu.ar\/index.php\/wp-json\/wp\/v2\/pages\/9818"}],"collection":[{"href":"https:\/\/humanas.unsl.edu.ar\/index.php\/wp-json\/wp\/v2\/pages"}],"about":[{"href":"https:\/\/humanas.unsl.edu.ar\/index.php\/wp-json\/wp\/v2\/types\/page"}],"author":[{"embeddable":true,"href":"https:\/\/humanas.unsl.edu.ar\/index.php\/wp-json\/wp\/v2\/users\/1"}],"replies":[{"embeddable":true,"href":"https:\/\/humanas.unsl.edu.ar\/index.php\/wp-json\/wp\/v2\/comments?post=9818"}],"version-history":[{"count":50,"href":"https:\/\/humanas.unsl.edu.ar\/index.php\/wp-json\/wp\/v2\/pages\/9818\/revisions"}],"predecessor-version":[{"id":11279,"href":"https:\/\/humanas.unsl.edu.ar\/index.php\/wp-json\/wp\/v2\/pages\/9818\/revisions\/11279"}],"up":[{"embeddable":true,"href":"https:\/\/humanas.unsl.edu.ar\/index.php\/wp-json\/wp\/v2\/pages\/264"}],"wp:attachment":[{"href":"https:\/\/humanas.unsl.edu.ar\/index.php\/wp-json\/wp\/v2\/media?parent=9818"}],"curies":[{"name":"wp","href":"https:\/\/api.w.org\/{rel}","templated":true}]}}