{"id":9868,"date":"2024-06-25T19:47:16","date_gmt":"2024-06-25T22:47:16","guid":{"rendered":"https:\/\/humanas.unsl.edu.ar\/?page_id=9868"},"modified":"2024-09-06T19:28:19","modified_gmt":"2024-09-06T22:28:19","slug":"redestrado-novedades","status":"publish","type":"page","link":"https:\/\/humanas.unsl.edu.ar\/index.php\/inicio\/redestrado\/redestrado-novedades\/","title":{"rendered":"redestrado-novedades"},"content":{"rendered":"\n<figure class=\"wp-block-image size-full\"><img decoding=\"async\" loading=\"lazy\" width=\"1343\" height=\"400\" src=\"https:\/\/humanas.unsl.edu.ar\/wp-content\/uploads\/2024\/06\/banner_estrado_web.png\" alt=\"\" class=\"wp-image-9819\" srcset=\"https:\/\/humanas.unsl.edu.ar\/wp-content\/uploads\/2024\/06\/banner_estrado_web.png 1343w, https:\/\/humanas.unsl.edu.ar\/wp-content\/uploads\/2024\/06\/banner_estrado_web-300x89.png 300w, https:\/\/humanas.unsl.edu.ar\/wp-content\/uploads\/2024\/06\/banner_estrado_web-1024x305.png 1024w, https:\/\/humanas.unsl.edu.ar\/wp-content\/uploads\/2024\/06\/banner_estrado_web-768x229.png 768w\" sizes=\"(max-width: 1343px) 100vw, 1343px\" \/><\/figure>\n\n\n\n<hr class=\"wp-block-separator has-text-color has-luminous-vivid-orange-color has-alpha-channel-opacity has-luminous-vivid-orange-background-color has-background is-style-wide\"\/>\n\n\n\n<h4 class=\"has-white-color has-luminous-vivid-orange-background-color has-text-color has-background\"><strong>Novedades<\/strong><\/h4>\n\n\n\n<div class=\"is-layout-flex wp-container-5 wp-block-columns alignwide\" style=\"border-style:none;border-width:0px;padding-top:var(--wp--preset--spacing--20);padding-right:var(--wp--preset--spacing--20);padding-bottom:var(--wp--preset--spacing--20);padding-left:var(--wp--preset--spacing--20)\">\n<div class=\"is-content-justification-center is-layout-constrained wp-container-1 wp-block-column has-ast-global-color-5-background-color has-background\" style=\"border-style:none;border-width:0px;flex-basis:90%\">\n<h4 class=\"has-white-color has-luminous-vivid-amber-background-color has-text-color has-background\">Formas de pago para extranjeros<\/h4>\n\n\n\n<p style=\"text-transform:none\"><strong>Formas de pago y facturaci\u00f3n para asistentes y expositores del exterior.<\/strong><\/p>\n\n\n\n<blockquote class=\"wp-block-quote\">\n<p style=\"text-transform:none\">Fundaci\u00f3n Universidad Nacional de San Luis<br>Ej\u00e9rcito de los Andes 950, PB. CP 5700 &#8211; San Luis<br>CUIT: 30-64873112-0<br>IVA: Exento<br>IIBB: 12-30-64873112-0<br>DATOS BANCARIOS:<br>Swift: BSCHARBA<br>Banco Santander (Sucursal N\u00b0 0282 \u2013 San Luis)<\/p>\n<\/blockquote>\n\n\n\n<blockquote class=\"wp-block-quote\">\n<p>Por favor enviar por e-mail a <a href=\"mailto:unsl.fundacion@gmail.com\">unsl.fundacion@gmail.com<\/a> el comprobante de pago y datos completos para facturar (1.Raz\u00f3n social y CUIT o Nombre de persona f\u00edsica y DNI,  Direcci\u00f3n, 3. Referencia de pago), caso contrario NO se anular\u00e1 la factura.<br>Gastos bancarios a cargo del cliente. Se recomienda efectuar el pago como \u201cTransferencia\u201d.<\/p>\n<\/blockquote>\n\n\n\n<p><\/p>\n\n\n\n<div style=\"height:16px\" aria-hidden=\"true\" class=\"wp-block-spacer\"><\/div>\n\n\n\n<h4 class=\"has-ast-global-color-5-color has-luminous-vivid-orange-background-color has-text-color has-background\"><strong>Pr\u00f3rroga para la presentaci\u00f3n de trabajos<\/strong><\/h4>\n\n\n\n<blockquote class=\"wp-block-quote\">\n<p class=\"has-medium-font-size\"><strong>La presentaci\u00f3n de trabajos est\u00e1 abierta hasta el 8 de julio.<\/strong><br>Pueden enviar sus consultas a <a href=\"mailto:redestradosanluis@gmail.com\"><strong>redestradosanluis@gmail.com<\/strong><\/a><\/p>\n<\/blockquote>\n\n\n\n<figure class=\"wp-block-image aligncenter size-large is-resized\"><a href=\"https:\/\/humanas.unsl.edu.ar\/wp-content\/uploads\/2024\/07\/afiche_novedades.png\"><img decoding=\"async\" loading=\"lazy\" src=\"https:\/\/humanas.unsl.edu.ar\/wp-content\/uploads\/2024\/07\/afiche_novedades-819x1024.png\" alt=\"\" class=\"wp-image-10052\" width=\"160\" height=\"200\" srcset=\"https:\/\/humanas.unsl.edu.ar\/wp-content\/uploads\/2024\/07\/afiche_novedades-819x1024.png 819w, https:\/\/humanas.unsl.edu.ar\/wp-content\/uploads\/2024\/07\/afiche_novedades-240x300.png 240w, https:\/\/humanas.unsl.edu.ar\/wp-content\/uploads\/2024\/07\/afiche_novedades-768x960.png 768w, https:\/\/humanas.unsl.edu.ar\/wp-content\/uploads\/2024\/07\/afiche_novedades.png 1080w\" sizes=\"(max-width: 160px) 100vw, 160px\" \/><\/a><\/figure>\n\n\n\n<p class=\"has-text-align-center\"><strong>Formulario de presentaci\u00f3n: <a href=\"https:\/\/forms.gle\/n9YrgKGQ3HhNYkCZA\">Trabajos Estrado 2024<\/a><\/strong><\/p>\n\n\n\n<div style=\"height:70px\" aria-hidden=\"true\" class=\"wp-block-spacer\"><\/div>\n\n\n\n<h4 class=\"has-white-color has-luminous-vivid-amber-background-color has-text-color has-background\"><strong>Alojamiento solidario<\/strong><\/h4>\n\n\n\n<blockquote class=\"wp-block-quote\">\n<p class=\"wp-elements-4b95e0aec7da5931b00be0adf709a24c has-text-align-justify has-link-color\">El Comit\u00e9 Organizador del VI Seminario Nacional de la Red ESTRADO promueve la participaci\u00f3n de las personas interesadas propiciando la vinculaci\u00f3n entre asistentes que requieren alojamiento y oferentes de los mismos, ya sea en forma gratuita o a bajo costo. Para anotarse, acceder al siguiente <a href=\"https:\/\/forms.gle\/S9R2WdDsRJ57syCN9\"><strong>formulario<\/strong><\/a><\/p>\n<\/blockquote>\n\n\n\n<figure class=\"wp-block-image aligncenter size-large is-resized\"><a href=\"https:\/\/humanas.unsl.edu.ar\/wp-content\/uploads\/2024\/07\/afiche_alojamiento_solidario.png\"><img decoding=\"async\" loading=\"lazy\" src=\"https:\/\/humanas.unsl.edu.ar\/wp-content\/uploads\/2024\/07\/afiche_alojamiento_solidario-819x1024.png\" alt=\"\" class=\"wp-image-10119\" width=\"160\" height=\"199\" srcset=\"https:\/\/humanas.unsl.edu.ar\/wp-content\/uploads\/2024\/07\/afiche_alojamiento_solidario-819x1024.png 819w, https:\/\/humanas.unsl.edu.ar\/wp-content\/uploads\/2024\/07\/afiche_alojamiento_solidario-240x300.png 240w, https:\/\/humanas.unsl.edu.ar\/wp-content\/uploads\/2024\/07\/afiche_alojamiento_solidario-768x960.png 768w, https:\/\/humanas.unsl.edu.ar\/wp-content\/uploads\/2024\/07\/afiche_alojamiento_solidario.png 1080w\" sizes=\"(max-width: 160px) 100vw, 160px\" \/><\/a><\/figure>\n\n\n\n<p><\/p>\n\n\n\n<div style=\"height:70px\" aria-hidden=\"true\" class=\"wp-block-spacer\"><\/div>\n\n\n\n<h4 class=\"has-white-color has-luminous-vivid-orange-background-color has-text-color has-background\"><strong>Presentaci\u00f3n de libros<\/strong><\/h4>\n\n\n\n<p>Se encuentra abierta la recepci\u00f3n de propuestas para la presentaci\u00f3n de libros en el Seminario de la Red Estrado.<br>Las propuestas se recibir\u00e1n por correo electr\u00f3nico a: <a href=\"mailto:redestradosanluis@gmail.com\">redestradosanluis@gmail.com<\/a><br>Con el asunto <strong>Presentaci\u00f3n de libro<\/strong><\/p>\n\n\n\n<p><\/p>\n\n\n\n<figure class=\"wp-block-image aligncenter size-large is-resized\"><a href=\"https:\/\/humanas.unsl.edu.ar\/wp-content\/uploads\/2024\/09\/afiche_redestreado_libros-edited.png\"><img decoding=\"async\" loading=\"lazy\" src=\"https:\/\/humanas.unsl.edu.ar\/wp-content\/uploads\/2024\/09\/afiche_redestreado_libros-edited.png\" alt=\"\" class=\"wp-image-10723\" width=\"160\" height=\"211\"\/><\/a><\/figure>\n<\/div>\n\n\n\n<div class=\"is-layout-flow wp-block-column has-ast-global-color-6-background-color has-background\" style=\"flex-basis:30%\">\n<div style=\"height:45px\" aria-hidden=\"true\" class=\"wp-block-spacer\"><\/div>\n\n\n\n<div class=\"is-content-justification-center is-layout-flex wp-container-2 wp-block-buttons\">\n<div class=\"wp-block-button has-custom-width wp-block-button__width-75 has-custom-font-size has-large-font-size\"><a class=\"wp-block-button__link has-ast-global-color-5-color has-vivid-red-background-color has-text-color has-background wp-element-button\" href=\"https:\/\/drive.google.com\/drive\/folders\/1_7sYjv8FCkM14TsBat29frqPoNHEgWhk\" style=\"border-radius:6px\" target=\"_blank\" rel=\"noreferrer noopener\"><strong>Certificados<\/strong><\/a><\/div>\n\n\n\n<div class=\"wp-block-button has-custom-width wp-block-button__width-75\"><a class=\"wp-block-button__link has-ast-global-color-5-color has-luminous-vivid-orange-background-color has-text-color has-background wp-element-button\" href=\"https:\/\/humanas.unsl.edu.ar\/index.php\/inicio\/educo\/\" style=\"border-radius:6px\"><strong>Inicio<\/strong><\/a><\/div>\n\n\n\n<div class=\"wp-block-button has-custom-width wp-block-button__width-75\"><a class=\"wp-block-button__link has-ast-global-color-5-color has-luminous-vivid-orange-background-color has-text-color has-background wp-element-button\" href=\"https:\/\/humanas.unsl.edu.ar\/index.php\/inicio\/educo\/educo-objetivos\/\" style=\"border-radius:6px\"><strong>Objetivos<\/strong><\/a><\/div>\n\n\n\n<div class=\"wp-block-button has-custom-width wp-block-button__width-75\"><a class=\"wp-block-button__link has-ast-global-color-5-color has-luminous-vivid-orange-background-color has-text-color has-background wp-element-button\" href=\"https:\/\/humanas.unsl.edu.ar\/index.php\/inicio\/educo\/educo-ejes-tematicos\/\" style=\"border-radius:6px\"><strong>Ejes Tem\u00e1ticos<\/strong><\/a><\/div>\n\n\n\n<div class=\"wp-block-button has-custom-width wp-block-button__width-75\"><a class=\"wp-block-button__link has-ast-global-color-5-color has-luminous-vivid-orange-background-color has-text-color has-background wp-element-button\" href=\"https:\/\/humanas.unsl.edu.ar\/index.php\/inicio\/educo\/educo-circulares\/\" style=\"border-radius:6px\"><strong>Circulares<\/strong><\/a><\/div>\n\n\n\n<div class=\"wp-block-button has-custom-width wp-block-button__width-75\"><a class=\"wp-block-button__link has-ast-global-color-5-color has-luminous-vivid-orange-background-color has-text-color has-background wp-element-button\" href=\"https:\/\/humanas.unsl.edu.ar\/index.php\/inicio\/educo\/educo-programa\/\" style=\"border-radius:6px\"><strong>Programa<\/strong><\/a><\/div>\n\n\n\n<div class=\"wp-block-button has-custom-width wp-block-button__width-75\"><a class=\"wp-block-button__link has-ast-global-color-5-color has-luminous-vivid-orange-background-color has-text-color has-background wp-element-button\" href=\"https:\/\/humanas.unsl.edu.ar\/index.php\/inicio\/educo\/educo-inscripcion\/\" style=\"border-radius:6px\"><strong>Inscripci\u00f3n<\/strong><\/a><\/div>\n\n\n\n<div class=\"wp-block-button has-custom-width wp-block-button__width-75\"><a class=\"wp-block-button__link has-ast-global-color-5-color has-luminous-vivid-orange-background-color has-text-color has-background wp-element-button\" href=\"https:\/\/humanas.unsl.edu.ar\/index.php\/inicio\/educo\/educo-aranceles\/\" style=\"border-radius:6px\"><strong>Aranceles<\/strong><\/a><\/div>\n<\/div>\n\n\n\n<div style=\"height:90px\" aria-hidden=\"true\" class=\"wp-block-spacer\"><\/div>\n\n\n\n<figure class=\"wp-block-image aligncenter size-full is-resized\"><img decoding=\"async\" loading=\"lazy\" src=\"https:\/\/humanas.unsl.edu.ar\/wp-content\/uploads\/2024\/06\/logo_red_estrado_2023.jpg\" alt=\"\" class=\"wp-image-9844\" width=\"137\" height=\"123\"\/><\/figure>\n\n\n\n<div style=\"height:20px\" aria-hidden=\"true\" class=\"wp-block-spacer\"><\/div>\n\n\n<form role=\"search\" method=\"get\" action=\"https:\/\/humanas.unsl.edu.ar\/\" class=\"wp-block-search__button-outside wp-block-search__text-button aligncenter wp-block-search\"><label for=\"wp-block-search__input-3\" class=\"wp-block-search__label\" >                             Buscar<\/label><div class=\"wp-block-search__inside-wrapper \"  style=\"width: 225px\"><input type=\"search\" id=\"wp-block-search__input-3\" class=\"wp-block-search__input wp-block-search__input\" name=\"s\" value=\"\" placeholder=\"ingreso\"  style=\"border-width: 0px;border-style: none;border-radius: 7px\" required \/><button type=\"submit\" class=\"wp-block-search__button has-background has-vivid-red-background-color wp-element-button\"  style=\"border-width: 0px;border-style: none;border-radius: 7px\" >Buscar<\/button><\/div><\/form>\n\n\n<div style=\"height:20px\" aria-hidden=\"true\" class=\"wp-block-spacer\"><\/div>\n<\/div>\n<\/div>\n\n\n\n<div style=\"height:28px\" aria-hidden=\"true\" class=\"wp-block-spacer\"><\/div>\n","protected":false},"excerpt":{"rendered":"<p>Novedades Formas de pago para extranjeros Formas de pago y facturaci\u00f3n para asistentes y expositores del exterior. Fundaci\u00f3n Universidad Nacional de San LuisEj\u00e9rcito de los Andes 950, PB. CP 5700 &#8211; San LuisCUIT: 30-64873112-0IVA: ExentoIIBB: 12-30-64873112-0DATOS BANCARIOS:Swift: BSCHARBABanco Santander (Sucursal N\u00b0 0282 \u2013 San Luis) Por favor enviar por e-mail a unsl.fundacion@gmail.com el comprobante de &hellip;<\/p>\n<p class=\"read-more\"> <a class=\"\" href=\"https:\/\/humanas.unsl.edu.ar\/index.php\/inicio\/redestrado\/redestrado-novedades\/\"> <span class=\"screen-reader-text\">redestrado-novedades<\/span> Leer m\u00e1s &raquo;<\/a><\/p>\n","protected":false},"author":1,"featured_media":0,"parent":9818,"menu_order":1,"comment_status":"closed","ping_status":"closed","template":"","meta":{"site-sidebar-layout":"default","site-content-layout":"","ast-site-content-layout":"default","site-content-style":"default","site-sidebar-style":"default","ast-global-header-display":"","ast-banner-title-visibility":"","ast-main-header-display":"","ast-hfb-above-header-display":"","ast-hfb-below-header-display":"","ast-hfb-mobile-header-display":"","site-post-title":"","ast-breadcrumbs-content":"","ast-featured-img":"","footer-sml-layout":"","theme-transparent-header-meta":"","adv-header-id-meta":"","stick-header-meta":"","header-above-stick-meta":"","header-main-stick-meta":"","header-below-stick-meta":"","astra-migrate-meta-layouts":"set","ast-page-background-enabled":"default","ast-page-background-meta":{"desktop":{"background-color":"var(--ast-global-color-4)","background-image":"","background-repeat":"repeat","background-position":"center center","background-size":"auto","background-attachment":"scroll","background-type":"","background-media":"","overlay-type":"","overlay-color":"","overlay-gradient":""},"tablet":{"background-color":"","background-image":"","background-repeat":"repeat","background-position":"center center","background-size":"auto","background-attachment":"scroll","background-type":"","background-media":"","overlay-type":"","overlay-color":"","overlay-gradient":""},"mobile":{"background-color":"","background-image":"","background-repeat":"repeat","background-position":"center center","background-size":"auto","background-attachment":"scroll","background-type":"","background-media":"","overlay-type":"","overlay-color":"","overlay-gradient":""}},"ast-content-background-meta":{"desktop":{"background-color":"var(--ast-global-color-5)","background-image":"","background-repeat":"repeat","background-position":"center center","background-size":"auto","background-attachment":"scroll","background-type":"","background-media":"","overlay-type":"","overlay-color":"","overlay-gradient":""},"tablet":{"background-color":"var(--ast-global-color-5)","background-image":"","background-repeat":"repeat","background-position":"center center","background-size":"auto","background-attachment":"scroll","background-type":"","background-media":"","overlay-type":"","overlay-color":"","overlay-gradient":""},"mobile":{"background-color":"var(--ast-global-color-5)","background-image":"","background-repeat":"repeat","background-position":"center center","background-size":"auto","background-attachment":"scroll","background-type":"","background-media":"","overlay-type":"","overlay-color":"","overlay-gradient":""}}},"_links":{"self":[{"href":"https:\/\/humanas.unsl.edu.ar\/index.php\/wp-json\/wp\/v2\/pages\/9868"}],"collection":[{"href":"https:\/\/humanas.unsl.edu.ar\/index.php\/wp-json\/wp\/v2\/pages"}],"about":[{"href":"https:\/\/humanas.unsl.edu.ar\/index.php\/wp-json\/wp\/v2\/types\/page"}],"author":[{"embeddable":true,"href":"https:\/\/humanas.unsl.edu.ar\/index.php\/wp-json\/wp\/v2\/users\/1"}],"replies":[{"embeddable":true,"href":"https:\/\/humanas.unsl.edu.ar\/index.php\/wp-json\/wp\/v2\/comments?post=9868"}],"version-history":[{"count":22,"href":"https:\/\/humanas.unsl.edu.ar\/index.php\/wp-json\/wp\/v2\/pages\/9868\/revisions"}],"predecessor-version":[{"id":10770,"href":"https:\/\/humanas.unsl.edu.ar\/index.php\/wp-json\/wp\/v2\/pages\/9868\/revisions\/10770"}],"up":[{"embeddable":true,"href":"https:\/\/humanas.unsl.edu.ar\/index.php\/wp-json\/wp\/v2\/pages\/9818"}],"wp:attachment":[{"href":"https:\/\/humanas.unsl.edu.ar\/index.php\/wp-json\/wp\/v2\/media?parent=9868"}],"curies":[{"name":"wp","href":"https:\/\/api.w.org\/{rel}","templated":true}]}}