{"id":9871,"date":"2024-06-25T19:49:40","date_gmt":"2024-06-25T22:49:40","guid":{"rendered":"https:\/\/humanas.unsl.edu.ar\/?page_id=9871"},"modified":"2024-09-06T19:28:32","modified_gmt":"2024-09-06T22:28:32","slug":"redestrado-participacion","status":"publish","type":"page","link":"https:\/\/humanas.unsl.edu.ar\/index.php\/inicio\/redestrado\/redestrado-participacion\/","title":{"rendered":"redestrado-participacion"},"content":{"rendered":"\n<figure class=\"wp-block-image size-full\"><img decoding=\"async\" loading=\"lazy\" width=\"1343\" height=\"400\" src=\"https:\/\/humanas.unsl.edu.ar\/wp-content\/uploads\/2024\/06\/banner_estrado_web.png\" alt=\"\" class=\"wp-image-9819\" srcset=\"https:\/\/humanas.unsl.edu.ar\/wp-content\/uploads\/2024\/06\/banner_estrado_web.png 1343w, https:\/\/humanas.unsl.edu.ar\/wp-content\/uploads\/2024\/06\/banner_estrado_web-300x89.png 300w, https:\/\/humanas.unsl.edu.ar\/wp-content\/uploads\/2024\/06\/banner_estrado_web-1024x305.png 1024w, https:\/\/humanas.unsl.edu.ar\/wp-content\/uploads\/2024\/06\/banner_estrado_web-768x229.png 768w\" sizes=\"(max-width: 1343px) 100vw, 1343px\" \/><\/figure>\n\n\n\n<hr class=\"wp-block-separator has-text-color has-luminous-vivid-orange-color has-alpha-channel-opacity has-luminous-vivid-orange-background-color has-background is-style-wide\"\/>\n\n\n\n<h4 class=\"has-white-color has-luminous-vivid-orange-background-color has-text-color has-background\"><strong>Participaci\u00f3n<\/strong><\/h4>\n\n\n\n<div class=\"is-layout-flex wp-container-5 wp-block-columns alignwide\" style=\"border-style:none;border-width:0px;padding-top:var(--wp--preset--spacing--20);padding-right:var(--wp--preset--spacing--20);padding-bottom:var(--wp--preset--spacing--20);padding-left:var(--wp--preset--spacing--20)\">\n<div class=\"is-content-justification-center is-layout-constrained wp-container-1 wp-block-column has-ast-global-color-5-background-color has-background\" style=\"border-style:none;border-width:0px;flex-basis:90%\">\n<h5 class=\"has-white-color has-luminous-vivid-amber-background-color has-text-color has-background\"><strong>MODALIDAD DE PARTICIPACI\u00d3N<\/strong><\/h5>\n\n\n\n<div style=\"height:32px\" aria-hidden=\"true\" class=\"wp-block-spacer\"><\/div>\n\n\n\n<p><strong>Sobre la programaci\u00f3n y modalidades de participaci\u00f3n<\/strong><\/p>\n\n\n\n<p class=\"has-text-align-justify\">La programaci\u00f3n del VI Seminario Nacional de la Red ESTRADO Formaci\u00f3n y&nbsp;Trabajo docente: tensiones y desaf\u00edos de una praxis pol\u00edtica en defensa de la educaci\u00f3n p\u00fablica en la ciudad de San Luis, contar\u00e1 con paneles centrales y tem\u00e1ticos, foros de debate, mesas de trabajos acad\u00e9micos y experiencias, presentaci\u00f3n de posters, exposiciones y eventos art\u00edsticos, espacios que propician el di\u00e1logo y la reflexi\u00f3n en torno de conocimientos, saberes y perspectivas sobre cuestiones de inter\u00e9s p\u00fablico en relaci\u00f3n al trabajo y a la formaci\u00f3n docente.&nbsp;<br>Podr\u00e1n inscribirse para la presentaci\u00f3n en el VI Seminario Nacional de la Red ESTRADO tres modalidades de comunicaciones:<\/p>\n\n\n\n<blockquote class=\"wp-block-quote\">\n<p>a. Trabajos acad\u00e9micos<\/p>\n\n\n\n<p>b. Relatos de experiencias<\/p>\n\n\n\n<p>c. P\u00f3sters<\/p>\n<\/blockquote>\n\n\n\n<p>M\u00e1ximo de presentaciones: 2 trabajos por autor\/a en cualquiera de las modalidades.<\/p>\n\n\n\n<p><\/p>\n\n\n\n<h5 class=\"has-white-color has-luminous-vivid-orange-background-color has-text-color has-background\"><strong>NORMAS PARA LA PRESENTACI\u00d3N DE LAS COMUNICACIONES<\/strong><\/h5>\n\n\n\n<p><strong>a. Presentaci\u00f3n de trabajo acad\u00e9mico<\/strong><\/p>\n\n\n\n<blockquote class=\"wp-block-quote\">\n<p>El trabajo acad\u00e9mico debe dar cuenta de una investigaci\u00f3n o reflexionar en profundidad sobre un tema de acuerdo con las convenciones acad\u00e9micas y con los ejes tem\u00e1ticos previstos para el seminario.<\/p>\n\n\n\n<p>Para postular un trabajo acad\u00e9mico se debe presentar un resumen con una extensi\u00f3n m\u00ednima de 4000 caracteres con espacios y m\u00e1xima de 7000 caracteres con espacios y tres palabras clave. Los res\u00famenes deben ser enviados en archivos realizados en Word, siguiendo las siguientes orientaciones: papel A4 (29,7 cm x 21 cm), m\u00e1rgenes de 3 cm, fuente Times New Roman cuerpo 12, interlineado de 1.5, alineamiento justificado. Las p\u00e1ginas deben estar numeradas en margen inferior derecho. El t\u00edtulo debe estar en may\u00fascula y en negrita, con alineamiento centralizado. Los nombres de las autoras y los autores deben aparecer a continuaci\u00f3n del t\u00edtulo del trabajo, alineados a la izquierda, acompa\u00f1ados solamente por la sigla de la instituci\u00f3n de origen y el email de cada autor o autora. Los res\u00famenes no deben contener notas al pie ni finales.<\/p>\n\n\n\n<p>Si el resumen es aprobado por el Comit\u00e9 Cient\u00edfico, puede presentar el trabajo en su versi\u00f3n para publicaci\u00f3n en los anales del seminario, en fecha posterior a la realizaci\u00f3n del evento.<\/p>\n<\/blockquote>\n\n\n\n<p><strong>b. Presentaci\u00f3n de relato de experiencia<\/strong><\/p>\n\n\n\n<blockquote class=\"wp-block-quote\">\n<p>Los trabajos presentados en esta modalidad deben dar cuenta de experiencias pedag\u00f3gicas que problematicen los procesos de producci\u00f3n de conocimientos \u201csobre\u201d y \u201cdesde\u201d el trabajo docente, llevados a cabo en cada contexto. Convocamos a aquellas experiencias pedag\u00f3gicas que, por su potencial y sus intenciones, se puedan considerar innovadoras y significativas para el trabajo y la formaci\u00f3n docente de acuerdo con los ejes tem\u00e1ticos previstos para el seminario.<\/p>\n\n\n\n<p>Para postular un relato de experiencia deber\u00e1 presentar un resumen con una extensi\u00f3n m\u00ednima de 4000 caracteres con espacios y m\u00e1xima de 7000 caracteres con espacios y tres palabras clave. Los res\u00famenes deben ser enviados en archivos realizados en Word, siguiendo las siguientes orientaciones: papel A4 (29,7 cm x 21 cm), m\u00e1rgenes de 3 cm, fuente Times New Roman cuerpo 12, interlineado de 1.5, alineamiento justificado. Las p\u00e1ginas deben estar numeradas en margen inferior derecho. El t\u00edtulo debe estar en may\u00fascula y en negrita, con alineamiento centralizado. Los nombres de las autoras y los autores deben aparecer a continuaci\u00f3n del t\u00edtulo del trabajo, alineados a la izquierda, acompa\u00f1ados solamente por la sigla de la instituci\u00f3n de origen y el email de cada autor o autora. Los res\u00famenes no deben contener notas al pie ni finales.<\/p>\n\n\n\n<p>Si el resumen es aprobado por el Comit\u00e9 Cient\u00edfico, puede presentar el trabajo en su versi\u00f3n para publicaci\u00f3n en los anales del seminario, en fecha posterior a la realizaci\u00f3n del evento.<\/p>\n<\/blockquote>\n\n\n\n<p><strong>c. Presentaci\u00f3n de p\u00f3ster<\/strong><\/p>\n\n\n\n<blockquote class=\"wp-block-quote\">\n<p>El p\u00f3ster deber\u00e1 comunicar una experiencia, dar cuenta de la implementaci\u00f3n de acciones y estrategias concretas o abordar investigaciones en proceso, de acuerdo con los ejes tem\u00e1ticos previstos para el seminario. El p\u00f3ster puede ser tambi\u00e9n la presentaci\u00f3n de un grupo de investigaci\u00f3n, un laboratorio o un proyecto de investigaci\u00f3n colectiva en desarrollo.<\/p>\n\n\n\n<p>El esquema con la descripci\u00f3n del p\u00f3ster tendr\u00e1 un m\u00e1ximo de 2.000 caracteres con espacio en letra Times New Roman 12. Los res\u00famenes deben ser enviados en archivos realizados en Word, siguiendo las siguientes orientaciones: Papel A4 (29,7 cm x 21 cm), m\u00e1rgenes de 3 cm, fuente Times New Rom\u00e1n cuerpo 12, interlineado de 1.5, alineamiento justificado. Las p\u00e1ginas deben estar numeradas en margen inferior derecho. El t\u00edtulo debe estar en may\u00fascula y en negrita, con alineamiento centralizado. Los nombres de las autoras y los autores deben aparecer a continuaci\u00f3n del t\u00edtulo del trabajo, alineados a la izquierda, acompa\u00f1ados solamente por la sigla de la instituci\u00f3n de origen y el email de cada autor y autora.<\/p>\n\n\n\n<p>El p\u00f3ster completo para presentaci\u00f3n en el evento puede tener formato de una filmina, un video, un ppt o en formato papel con una tipograf\u00eda f\u00e1cilmente legible y una dimensi\u00f3n que permita ver a un metro de distancia. En cualquier formato que se elija deber\u00e1 co la siguiente informaci\u00f3n:<\/p>\n\n\n\n<blockquote class=\"wp-block-quote\">\n<p>\u2022 Apellido y nombre de las y los autores. Instituci\u00f3n a la que pertenecen.<br>\u2022 Direcci\u00f3n de correo electr\u00f3nica de cada responsable<br>\u2022 Breve explicaci\u00f3n del objetivo del trabajo\/experiencia\/investigaci\u00f3n<br>\u2022 Desarrollo de la investigaci\u00f3n o experiencia profesional.<br>\u2022 Metodolog\u00eda aplicada.<br>\u2022 Resultados y conclusiones.<\/p>\n<\/blockquote>\n<\/blockquote>\n\n\n\n<blockquote class=\"wp-block-quote\">\n<p>Se recomienda incluir gr\u00e1ficos, figuras, ilustraciones, fotos, etc. que visualizan las ideas. Por lo menos un autor o autora debe estar presente en la sesi\u00f3n de presentaci\u00f3n para su exposici\u00f3n y posibles consultas.<\/p>\n<\/blockquote>\n\n\n\n<p><\/p>\n<\/div>\n\n\n\n<div class=\"is-layout-flow wp-block-column has-ast-global-color-6-background-color has-background\" style=\"flex-basis:30%\">\n<div style=\"height:45px\" aria-hidden=\"true\" class=\"wp-block-spacer\"><\/div>\n\n\n\n<div class=\"is-content-justification-center is-layout-flex wp-container-2 wp-block-buttons\">\n<div class=\"wp-block-button has-custom-width wp-block-button__width-75 has-custom-font-size has-large-font-size\"><a class=\"wp-block-button__link has-ast-global-color-5-color has-vivid-red-background-color has-text-color has-background wp-element-button\" href=\"https:\/\/drive.google.com\/drive\/folders\/1_7sYjv8FCkM14TsBat29frqPoNHEgWhk\" style=\"border-radius:6px\" target=\"_blank\" rel=\"noreferrer noopener\"><strong>Certificados<\/strong><\/a><\/div>\n\n\n\n<div class=\"wp-block-button has-custom-width wp-block-button__width-75\"><a class=\"wp-block-button__link has-ast-global-color-5-color has-luminous-vivid-orange-background-color has-text-color has-background wp-element-button\" href=\"https:\/\/humanas.unsl.edu.ar\/index.php\/inicio\/educo\/\" style=\"border-radius:6px\"><strong>Inicio<\/strong><\/a><\/div>\n\n\n\n<div class=\"wp-block-button has-custom-width wp-block-button__width-75\"><a class=\"wp-block-button__link has-ast-global-color-5-color has-luminous-vivid-orange-background-color has-text-color has-background wp-element-button\" href=\"https:\/\/humanas.unsl.edu.ar\/index.php\/inicio\/educo\/educo-objetivos\/\" style=\"border-radius:6px\"><strong>Objetivos<\/strong><\/a><\/div>\n\n\n\n<div class=\"wp-block-button has-custom-width wp-block-button__width-75\"><a class=\"wp-block-button__link has-ast-global-color-5-color has-luminous-vivid-orange-background-color has-text-color has-background wp-element-button\" href=\"https:\/\/humanas.unsl.edu.ar\/index.php\/inicio\/educo\/educo-ejes-tematicos\/\" style=\"border-radius:6px\"><strong>Ejes Tem\u00e1ticos<\/strong><\/a><\/div>\n\n\n\n<div class=\"wp-block-button has-custom-width wp-block-button__width-75\"><a class=\"wp-block-button__link has-ast-global-color-5-color has-luminous-vivid-orange-background-color has-text-color has-background wp-element-button\" href=\"https:\/\/humanas.unsl.edu.ar\/index.php\/inicio\/educo\/educo-circulares\/\" style=\"border-radius:6px\"><strong>Circulares<\/strong><\/a><\/div>\n\n\n\n<div class=\"wp-block-button has-custom-width wp-block-button__width-75\"><a class=\"wp-block-button__link has-ast-global-color-5-color has-luminous-vivid-orange-background-color has-text-color has-background wp-element-button\" href=\"https:\/\/humanas.unsl.edu.ar\/index.php\/inicio\/educo\/educo-programa\/\" style=\"border-radius:6px\"><strong>Programa<\/strong><\/a><\/div>\n\n\n\n<div class=\"wp-block-button has-custom-width wp-block-button__width-75\"><a class=\"wp-block-button__link has-ast-global-color-5-color has-luminous-vivid-orange-background-color has-text-color has-background wp-element-button\" href=\"https:\/\/humanas.unsl.edu.ar\/index.php\/inicio\/educo\/educo-inscripcion\/\" style=\"border-radius:6px\"><strong>Inscripci\u00f3n<\/strong><\/a><\/div>\n\n\n\n<div class=\"wp-block-button has-custom-width wp-block-button__width-75\"><a class=\"wp-block-button__link has-ast-global-color-5-color has-luminous-vivid-orange-background-color has-text-color has-background wp-element-button\" href=\"https:\/\/humanas.unsl.edu.ar\/index.php\/inicio\/educo\/educo-aranceles\/\" style=\"border-radius:6px\"><strong>Aranceles<\/strong><\/a><\/div>\n<\/div>\n\n\n\n<p><\/p>\n\n\n\n<div style=\"height:90px\" aria-hidden=\"true\" class=\"wp-block-spacer\"><\/div>\n\n\n\n<figure class=\"wp-block-image aligncenter size-full is-resized\"><img decoding=\"async\" loading=\"lazy\" src=\"https:\/\/humanas.unsl.edu.ar\/wp-content\/uploads\/2024\/06\/logo_red_estrado_2023.jpg\" alt=\"\" class=\"wp-image-9844\" width=\"137\" height=\"123\"\/><\/figure>\n\n\n\n<div style=\"height:20px\" aria-hidden=\"true\" class=\"wp-block-spacer\"><\/div>\n\n\n<form role=\"search\" method=\"get\" action=\"https:\/\/humanas.unsl.edu.ar\/\" class=\"wp-block-search__button-outside wp-block-search__text-button aligncenter wp-block-search\"><label for=\"wp-block-search__input-3\" class=\"wp-block-search__label\" >                             Buscar<\/label><div class=\"wp-block-search__inside-wrapper \"  style=\"width: 225px\"><input type=\"search\" id=\"wp-block-search__input-3\" class=\"wp-block-search__input wp-block-search__input\" name=\"s\" value=\"\" placeholder=\"ingreso\"  style=\"border-width: 0px;border-style: none;border-radius: 7px\" required \/><button type=\"submit\" class=\"wp-block-search__button has-background has-vivid-red-background-color wp-element-button\"  style=\"border-width: 0px;border-style: none;border-radius: 7px\" >Buscar<\/button><\/div><\/form>\n\n\n<div style=\"height:20px\" aria-hidden=\"true\" class=\"wp-block-spacer\"><\/div>\n<\/div>\n<\/div>\n\n\n\n<div style=\"height:28px\" aria-hidden=\"true\" class=\"wp-block-spacer\"><\/div>\n\n\n\n<div class=\"is-layout-flex wp-container-9 wp-block-columns alignwide are-vertically-aligned-top has-luminous-vivid-amber-background-color has-background\">\n<div class=\"is-layout-constrained wp-container-6 wp-block-column is-vertically-aligned-top has-luminous-vivid-amber-background-color has-background\" style=\"flex-basis:33%\">\n<h6 class=\"has-text-align-center\" id=\"informacion-institucional\"><strong>INFORMACI\u00d3N INSTITUCIONAL<\/strong><\/h6>\n\n\n\n<p><strong>Tel\u00e9fono:<\/strong>&nbsp;+54 (0266) 4520300<br><strong>Direcci\u00f3n:<\/strong>&nbsp;Ej\u00e9rcito de Los Andes 950, D5700HHW.<br>San Luis, Argentina <br><strong>\u00bfC\u00f3mo llegar?<\/strong><br><a rel=\"noopener\" href=\"https:\/\/goo.gl\/maps\/JfpaQGqv7zH2\" target=\"_self\">Ver ubicaci\u00f3n en Google Maps<\/a><\/p>\n<\/div>\n\n\n\n<div class=\"is-layout-flow wp-block-column is-vertically-aligned-top has-luminous-vivid-amber-background-color has-background\">\n<h6 class=\"has-text-align-center\" id=\"contactos-frecuentes\"><strong>CONTACTOS FRECUENTES<\/strong><\/h6>\n\n\n\n<p class=\"has-text-align-center\"><strong>Consultas Acad\u00e9micas:<\/strong><br><a href=\"http:\/\/secretar\u00eda.academica.fchumanas@gmail.com\">secretar\u00eda.academica.fchumanas<\/a>@admfchprensa<br><strong><span style=\"font-size: 1em; font-family: var(--font-base, 'Noto Sans', -apple-system, BlinkMacSystemFont, 'Segoe UI', 'Roboto', 'Oxygen', 'Ubuntu', 'Cantarell', 'Fira Sans', 'Droid Sans', 'Helvetica Neue', sans-serif);\">\u00c1rea de Prensa FCH:<\/span><\/strong> <br>Mail: <a rel=\"noopener\" href=\"mailto:prensahumanas@gmail.com\" target=\"_self\">prensahumanas@gmail.com<\/a><\/p>\n<\/div>\n\n\n\n<div class=\"is-layout-flow wp-block-column is-vertically-aligned-top\">\n<p class=\"has-text-align-center\"><strong>REDES SOCIALES<\/strong><\/p>\n\n\n\n<figure class=\"wp-block-image aligncenter size-full is-resized\"><img decoding=\"async\" loading=\"lazy\" src=\"https:\/\/humanas.unsl.edu.ar\/wp-content\/uploads\/2022\/05\/2.png\" alt=\"\" class=\"wp-image-2234\" width=\"51\" height=\"51\"\/><\/figure>\n\n\n\n<figure class=\"wp-block-image aligncenter size-full is-resized\"><img decoding=\"async\" loading=\"lazy\" src=\"https:\/\/humanas.unsl.edu.ar\/wp-content\/uploads\/2022\/05\/3.png\" alt=\"\" class=\"wp-image-2235\" width=\"51\" height=\"51\"\/><\/figure>\n\n\n\n<figure class=\"wp-block-image aligncenter size-full is-resized\"><img decoding=\"async\" loading=\"lazy\" src=\"https:\/\/humanas.unsl.edu.ar\/wp-content\/uploads\/2022\/06\/4.png\" alt=\"\" class=\"wp-image-2992\" width=\"73\" height=\"73\"\/><\/figure>\n<\/div>\n<\/div>\n\n\n\n<div style=\"height:20px\" aria-hidden=\"true\" class=\"wp-block-spacer\"><\/div>\n\n\n\n<p><\/p>\n","protected":false},"excerpt":{"rendered":"<p>Participaci\u00f3n MODALIDAD DE PARTICIPACI\u00d3N Sobre la programaci\u00f3n y modalidades de participaci\u00f3n La programaci\u00f3n del VI Seminario Nacional de la Red ESTRADO Formaci\u00f3n y&nbsp;Trabajo docente: tensiones y desaf\u00edos de una praxis pol\u00edtica en defensa de la educaci\u00f3n p\u00fablica en la ciudad de San Luis, contar\u00e1 con paneles centrales y tem\u00e1ticos, foros de debate, mesas de trabajos &hellip;<\/p>\n<p class=\"read-more\"> <a class=\"\" href=\"https:\/\/humanas.unsl.edu.ar\/index.php\/inicio\/redestrado\/redestrado-participacion\/\"> <span class=\"screen-reader-text\">redestrado-participacion<\/span> Leer m\u00e1s &raquo;<\/a><\/p>\n","protected":false},"author":1,"featured_media":0,"parent":9818,"menu_order":2,"comment_status":"closed","ping_status":"closed","template":"","meta":{"site-sidebar-layout":"default","site-content-layout":"","ast-site-content-layout":"default","site-content-style":"default","site-sidebar-style":"default","ast-global-header-display":"","ast-banner-title-visibility":"","ast-main-header-display":"","ast-hfb-above-header-display":"","ast-hfb-below-header-display":"","ast-hfb-mobile-header-display":"","site-post-title":"","ast-breadcrumbs-content":"","ast-featured-img":"","footer-sml-layout":"","theme-transparent-header-meta":"","adv-header-id-meta":"","stick-header-meta":"","header-above-stick-meta":"","header-main-stick-meta":"","header-below-stick-meta":"","astra-migrate-meta-layouts":"set","ast-page-background-enabled":"default","ast-page-background-meta":{"desktop":{"background-color":"var(--ast-global-color-4)","background-image":"","background-repeat":"repeat","background-position":"center center","background-size":"auto","background-attachment":"scroll","background-type":"","background-media":"","overlay-type":"","overlay-color":"","overlay-gradient":""},"tablet":{"background-color":"","background-image":"","background-repeat":"repeat","background-position":"center center","background-size":"auto","background-attachment":"scroll","background-type":"","background-media":"","overlay-type":"","overlay-color":"","overlay-gradient":""},"mobile":{"background-color":"","background-image":"","background-repeat":"repeat","background-position":"center center","background-size":"auto","background-attachment":"scroll","background-type":"","background-media":"","overlay-type":"","overlay-color":"","overlay-gradient":""}},"ast-content-background-meta":{"desktop":{"background-color":"var(--ast-global-color-5)","background-image":"","background-repeat":"repeat","background-position":"center center","background-size":"auto","background-attachment":"scroll","background-type":"","background-media":"","overlay-type":"","overlay-color":"","overlay-gradient":""},"tablet":{"background-color":"var(--ast-global-color-5)","background-image":"","background-repeat":"repeat","background-position":"center center","background-size":"auto","background-attachment":"scroll","background-type":"","background-media":"","overlay-type":"","overlay-color":"","overlay-gradient":""},"mobile":{"background-color":"var(--ast-global-color-5)","background-image":"","background-repeat":"repeat","background-position":"center center","background-size":"auto","background-attachment":"scroll","background-type":"","background-media":"","overlay-type":"","overlay-color":"","overlay-gradient":""}}},"_links":{"self":[{"href":"https:\/\/humanas.unsl.edu.ar\/index.php\/wp-json\/wp\/v2\/pages\/9871"}],"collection":[{"href":"https:\/\/humanas.unsl.edu.ar\/index.php\/wp-json\/wp\/v2\/pages"}],"about":[{"href":"https:\/\/humanas.unsl.edu.ar\/index.php\/wp-json\/wp\/v2\/types\/page"}],"author":[{"embeddable":true,"href":"https:\/\/humanas.unsl.edu.ar\/index.php\/wp-json\/wp\/v2\/users\/1"}],"replies":[{"embeddable":true,"href":"https:\/\/humanas.unsl.edu.ar\/index.php\/wp-json\/wp\/v2\/comments?post=9871"}],"version-history":[{"count":7,"href":"https:\/\/humanas.unsl.edu.ar\/index.php\/wp-json\/wp\/v2\/pages\/9871\/revisions"}],"predecessor-version":[{"id":10771,"href":"https:\/\/humanas.unsl.edu.ar\/index.php\/wp-json\/wp\/v2\/pages\/9871\/revisions\/10771"}],"up":[{"embeddable":true,"href":"https:\/\/humanas.unsl.edu.ar\/index.php\/wp-json\/wp\/v2\/pages\/9818"}],"wp:attachment":[{"href":"https:\/\/humanas.unsl.edu.ar\/index.php\/wp-json\/wp\/v2\/media?parent=9871"}],"curies":[{"name":"wp","href":"https:\/\/api.w.org\/{rel}","templated":true}]}}